{"id":15406,"date":"2025-10-27T17:40:18","date_gmt":"2025-10-27T16:40:18","guid":{"rendered":"http:\/\/www.si-hu.eu\/2127\/?page_id=15406"},"modified":"2025-10-27T17:57:09","modified_gmt":"2025-10-27T16:57:09","slug":"p2_crossdest_hirek","status":"publish","type":"page","link":"http:\/\/www.si-hu.eu\/2127\/hu\/p2_crossdest_hirek\/","title":{"rendered":"P2_CROSSDEST_h\u00edrek"},"content":{"rendered":"<p><div class=\"fusion-fullwidth fullwidth-box fusion-builder-row-1 fusion-flex-container hundred-percent-fullwidth non-hundred-percent-height-scrolling\" style=\"background-color: rgba(255,255,255,0);background-position: center center;background-repeat: no-repeat;border-width: 0px 0px px 0px;border-color:#ffffff;border-style:solid;\" ><div class=\"fusion-builder-row fusion-row fusion-flex-align-items-flex-start\" style=\"width:104% !important;max-width:104% !important;margin-left: calc(-4% \/ 2 );margin-right: calc(-4% \/ 2 );\"><div class=\"fusion-layout-column fusion_builder_column fusion-builder-column-0 fusion_builder_column_1_3 1_3 fusion-flex-column fusion-column-inner-bg-wrapper fusion-column-liftup-border\"><div class=\"fusion-column-wrapper fusion-flex-justify-content-flex-start fusion-content-layout-column\" style=\"border-radius:10px 10px 10px 10px;overflow:hidden;padding: 0px 0px 0px 0px;\"><style type=\"text\/css\">@media only screen and (max-width:1024px) {.fusion-title.fusion-title-1{margin-top:-30px!important; margin-right:-30px!important;margin-bottom:-30px!important;margin-left:-30px!important;}}@media only screen and (max-width:640px) {.fusion-title.fusion-title-1{margin-top:10px!important; margin-right:0px!important;margin-bottom:10px!important; margin-left:0px!important;}}<\/style><div class=\"fusion-title title fusion-title-1 fusion-sep-none fusion-title-center fusion-title-text fusion-title-size-five\" style=\"text-shadow:5px ;;margin-top:-30px;margin-right:-30px;margin-bottom:-30px;margin-left:-30px;\"><h5 class=\"title-heading-center awb-gradient-text\" style=\"margin:0;color:#79ad38;\"><h4>PROJEKT<\/h4><\/h5><\/div><\/div><span class=\"fusion-column-inner-bg hover-type-liftup\"><a class=\"fusion-column-anchor\" href=\"http:\/\/www.si-hu.eu\/2127\/hu\/p2_crossdest_a-projektrol\/\"><span class=\"fusion-column-inner-bg-image\" style=\"background-position:left top;background-repeat:no-repeat;-webkit-background-size:cover;-moz-background-size:cover;-o-background-size:cover;background-size:cover;border-radius:10px 10px 10px 10px;box-shadow:5px 10px 0px #79ad38;;\"><\/span><\/a><\/span><style type=\"text\/css\">.fusion-body .fusion-builder-column-0{width:33.333333333333% !important;margin-top : -40px;margin-bottom : 20px;}.fusion-builder-column-0 > .fusion-column-wrapper {padding-top : 0px !important;padding-right : 0px !important;margin-right : 2.88%;padding-bottom : 0px !important;padding-left : 0px !important;margin-left : 1;}.fusion-flex-container .fusion-row .fusion-builder-column-0 > .fusion-column-inner-bg { margin-right:2.88%;margin-left:1; }@media only screen and (max-width:1024px) {.fusion-body .fusion-builder-column-0{width:33.333333333333% !important;order : 0;}.fusion-builder-column-0 > .fusion-column-wrapper {margin-right : 2.88%;margin-left : 1;}.fusion-flex-container .fusion-row .fusion-builder-column-0 > .fusion-column-inner-bg { margin-right:2.88%;margin-left:1; }}@media only screen and (max-width:640px) {.fusion-body .fusion-builder-column-0{width:100% !important;order : 0;}.fusion-builder-column-0 > .fusion-column-wrapper {margin-right : 1.92%;margin-left : 1.92%;}.fusion-flex-container .fusion-row .fusion-builder-column-0 > .fusion-column-inner-bg { margin-right:1.92%;margin-left:1.92%; }}.fusion-builder-column-0 .hover-type-liftup:before{border-radius:10px 10px 10px 10px;}<\/style><\/div><div class=\"fusion-layout-column fusion_builder_column fusion-builder-column-1 fusion_builder_column_1_3 1_3 fusion-flex-column fusion-column-inner-bg-wrapper fusion-column-liftup-border\"><div class=\"fusion-column-wrapper fusion-flex-justify-content-flex-start fusion-content-layout-column\" style=\"border-radius:10px 10px 10px 10px;overflow:hidden;padding: 0px 0px 0px 0px;\"><style type=\"text\/css\">@media only screen and (max-width:1024px) {.fusion-title.fusion-title-2{margin-top:-30px!important; margin-right:-30px!important;margin-bottom:-30px!important;margin-left:-30px!important;}}@media only screen and (max-width:640px) {.fusion-title.fusion-title-2{margin-top:10px!important; margin-right:0px!important;margin-bottom:10px!important; margin-left:0px!important;}}<\/style><div class=\"fusion-title title fusion-title-2 fusion-sep-none fusion-title-center fusion-title-text fusion-title-size-five\" style=\"text-shadow:5px ;;margin-top:-30px;margin-right:-30px;margin-bottom:-30px;margin-left:-30px;\"><h5 class=\"title-heading-center awb-gradient-text\" style=\"margin:0;color:#79ad38;\"><h4>H\u00cdREK<\/h4><\/h5><\/div><\/div><span class=\"fusion-column-inner-bg hover-type-liftup\"><span class=\"fusion-column-anchor\"><span class=\"fusion-column-inner-bg-image\" style=\"background-position:left top;background-repeat:no-repeat;-webkit-background-size:cover;-moz-background-size:cover;-o-background-size:cover;background-size:cover;border-radius:10px 10px 10px 10px;box-shadow:5px 10px 0px #79ad38;;\"><\/span><\/span><\/span><style type=\"text\/css\">.fusion-body .fusion-builder-column-1{width:33.333333333333% !important;margin-top : -40px;margin-bottom : 20px;}.fusion-builder-column-1 > .fusion-column-wrapper {padding-top : 0px !important;padding-right : 0px !important;margin-right : 2.88%;padding-bottom : 0px !important;padding-left : 0px !important;margin-left : 1;}.fusion-flex-container .fusion-row .fusion-builder-column-1 > .fusion-column-inner-bg { margin-right:2.88%;margin-left:1; }@media only screen and (max-width:1024px) {.fusion-body .fusion-builder-column-1{width:33.333333333333% !important;order : 0;}.fusion-builder-column-1 > .fusion-column-wrapper {margin-right : 2.88%;margin-left : 1;}.fusion-flex-container .fusion-row .fusion-builder-column-1 > .fusion-column-inner-bg { margin-right:2.88%;margin-left:1; }}@media only screen and (max-width:640px) {.fusion-body .fusion-builder-column-1{width:100% !important;order : 0;}.fusion-builder-column-1 > .fusion-column-wrapper {margin-right : 1.92%;margin-left : 1.92%;}.fusion-flex-container .fusion-row .fusion-builder-column-1 > .fusion-column-inner-bg { margin-right:1.92%;margin-left:1.92%; }}.fusion-builder-column-1 .hover-type-liftup:before{border-radius:10px 10px 10px 10px;}<\/style><\/div><div class=\"fusion-layout-column fusion_builder_column fusion-builder-column-2 fusion_builder_column_1_3 1_3 fusion-flex-column fusion-column-inner-bg-wrapper fusion-column-liftup-border\"><div class=\"fusion-column-wrapper fusion-flex-justify-content-flex-start fusion-content-layout-column\" style=\"border-radius:10px 10px 10px 10px;overflow:hidden;padding: 0px 0px 0px 0px;\"><style type=\"text\/css\">@media only screen and (max-width:1024px) {.fusion-title.fusion-title-3{margin-top:-30px!important; margin-right:-30px!important;margin-bottom:-30px!important;margin-left:-30px!important;}}@media only screen and (max-width:640px) {.fusion-title.fusion-title-3{margin-top:10px!important; margin-right:0px!important;margin-bottom:10px!important; margin-left:0px!important;}}<\/style><div class=\"fusion-title title fusion-title-3 fusion-sep-none fusion-title-center fusion-title-text fusion-title-size-five\" style=\"text-shadow:5px #ffffff;;margin-top:-30px;margin-right:-30px;margin-bottom:-30px;margin-left:-30px;\"><h5 class=\"title-heading-center awb-gradient-text\" style=\"margin:0;color:#79ad38;\"><h4>GAL\u00c9RIA<\/h4><\/h5><\/div><\/div><span class=\"fusion-column-inner-bg hover-type-liftup\"><a class=\"fusion-column-anchor\" href=\"http:\/\/www.si-hu.eu\/2127\/hu\/p2_crossdest_galeria\/\"><span class=\"fusion-column-inner-bg-image\" style=\"background-position:left top;background-repeat:no-repeat;-webkit-background-size:cover;-moz-background-size:cover;-o-background-size:cover;background-size:cover;border-radius:10px 10px 10px 10px;box-shadow:5px 10px 0px #79ad38;;\"><\/span><\/a><\/span><style type=\"text\/css\">.fusion-body .fusion-builder-column-2{width:33.333333333333% !important;margin-top : -40px;margin-bottom : 20px;}.fusion-builder-column-2 > .fusion-column-wrapper {padding-top : 0px !important;padding-right : 0px !important;margin-right : 2.88%;padding-bottom : 0px !important;padding-left : 0px !important;margin-left : 1;}.fusion-flex-container .fusion-row .fusion-builder-column-2 > .fusion-column-inner-bg { margin-right:2.88%;margin-left:1; }@media only screen and (max-width:1024px) {.fusion-body .fusion-builder-column-2{width:33.333333333333% !important;order : 0;}.fusion-builder-column-2 > .fusion-column-wrapper {margin-right : 2.88%;margin-left : 1;}.fusion-flex-container .fusion-row .fusion-builder-column-2 > .fusion-column-inner-bg { margin-right:2.88%;margin-left:1; }}@media only screen and (max-width:640px) {.fusion-body .fusion-builder-column-2{width:100% !important;order : 0;}.fusion-builder-column-2 > .fusion-column-wrapper {margin-right : 1.92%;margin-left : 1.92%;}.fusion-flex-container .fusion-row .fusion-builder-column-2 > .fusion-column-inner-bg { margin-right:1.92%;margin-left:1.92%; }}.fusion-builder-column-2 .hover-type-liftup:before{border-radius:10px 10px 10px 10px;}<\/style><\/div><div class=\"fusion-layout-column fusion_builder_column fusion-builder-column-3 fusion_builder_column_1_1 1_1 fusion-flex-column\"><div class=\"fusion-column-wrapper fusion-flex-justify-content-flex-start fusion-content-layout-column\" style=\"background-position:left top;background-repeat:no-repeat;-webkit-background-size:cover;-moz-background-size:cover;-o-background-size:cover;background-size:cover;padding: 0px 0px 0px 0px;\"><div style=\"text-align:right;\"><span class=\" fusion-imageframe imageframe-none imageframe-1 hover-type-none\" style=\"margin-top:-500px;\"><a href=\"http:\/\/www.si-hu.eu\/2127\/wp-content\/uploads\/sites\/14\/2025\/10\/CROSSDEST-Project-logo-Slovenia-Hungary_bilingual_color-500x258.jpg\" class=\"fusion-lightbox\" data-rel=\"iLightbox[1c520a7c94c31503517]\" data-title=\"CROSSDEST Project logo Slovenia-Hungary_bilingual_color\" title=\"CROSSDEST Project logo Slovenia-Hungary_bilingual_color\"><img width=\"500\" height=\"258\" src=\"http:\/\/www.si-hu.eu\/2127\/wp-content\/uploads\/sites\/14\/2025\/10\/CROSSDEST-Project-logo-Slovenia-Hungary_bilingual_color-500x258.jpg\" class=\"img-responsive wp-image-15366\" srcset=\"http:\/\/www.si-hu.eu\/2127\/wp-content\/uploads\/sites\/14\/2025\/10\/CROSSDEST-Project-logo-Slovenia-Hungary_bilingual_color-200x103.jpg 200w, http:\/\/www.si-hu.eu\/2127\/wp-content\/uploads\/sites\/14\/2025\/10\/CROSSDEST-Project-logo-Slovenia-Hungary_bilingual_color-400x206.jpg 400w, http:\/\/www.si-hu.eu\/2127\/wp-content\/uploads\/sites\/14\/2025\/10\/CROSSDEST-Project-logo-Slovenia-Hungary_bilingual_color-600x310.jpg 600w, http:\/\/www.si-hu.eu\/2127\/wp-content\/uploads\/sites\/14\/2025\/10\/CROSSDEST-Project-logo-Slovenia-Hungary_bilingual_color-800x413.jpg 800w, http:\/\/www.si-hu.eu\/2127\/wp-content\/uploads\/sites\/14\/2025\/10\/CROSSDEST-Project-logo-Slovenia-Hungary_bilingual_color-1200x619.jpg 1200w\" sizes=\"(max-width: 640px) 100vw, 1200px\" \/><\/a><\/span><\/div><div ><style type=\"text\/css\">.fusion-button.button-1 {border-radius:4px;}<\/style><a class=\"fusion-button button-flat fusion-button-default-size button-default button-1 fusion-button-default-span fusion-button-default-type\" target=\"_self\" href=\"http:\/\/www.si-hu.eu\/2127\/hu\/p2_crossdest_home\/\"><span class=\"fusion-button-text\">CROSSDEST &#8211; f\u0151oldal<\/span><\/a><\/div><\/div><style type=\"text\/css\">.fusion-body .fusion-builder-column-3{width:100% !important;margin-top : 0px;margin-bottom : 20px;}.fusion-builder-column-3 > .fusion-column-wrapper {padding-top : 0px !important;padding-right : 0px !important;margin-right : 1.92%;padding-bottom : 0px !important;padding-left : 0px !important;margin-left : 1.92%;}@media only screen and (max-width:1024px) {.fusion-body .fusion-builder-column-3{width:100% !important;order : 0;}.fusion-builder-column-3 > .fusion-column-wrapper {margin-right : 1.92%;margin-left : 1.92%;}}@media only screen and (max-width:640px) {.fusion-body .fusion-builder-column-3{width:100% !important;order : 0;}.fusion-builder-column-3 > .fusion-column-wrapper {margin-right : 1.92%;margin-left : 1.92%;}}<\/style><\/div><\/div><style type=\"text\/css\">.fusion-body .fusion-flex-container.fusion-builder-row-1{ padding-top : ;margin-top : 0px;padding-right : 0px;padding-bottom : ;margin-bottom : 0px;padding-left : 0px;}<\/style><\/div><div class=\"fusion-fullwidth fullwidth-box fusion-builder-row-2 fusion-flex-container nonhundred-percent-fullwidth non-hundred-percent-height-scrolling\" style=\"background-color: rgba(255,255,255,0);background-position: center center;background-repeat: no-repeat;border-width: 0px 0px 0px 0px;border-color:#e2e2e2;border-style:solid;\" ><div class=\"fusion-builder-row fusion-row fusion-flex-align-items-flex-start\" style=\"max-width:1248px;margin-left: calc(-4% \/ 2 );margin-right: calc(-4% \/ 2 );\"><div class=\"fusion-layout-column fusion_builder_column fusion-builder-column-4 fusion_builder_column_1_1 1_1 fusion-flex-column\"><div class=\"fusion-column-wrapper fusion-flex-justify-content-flex-start fusion-content-layout-column\" style=\"background-position:left top;background-repeat:no-repeat;-webkit-background-size:cover;-moz-background-size:cover;-o-background-size:cover;background-size:cover;padding: 0px 0px 0px 0px;\"><div class=\"fusion-blog-shortcode fusion-blog-shortcode-1 fusion-blog-archive fusion-blog-layout-medium-alternate fusion-blog-pagination .fusion-recent-posts .recent-posts-content .entry-title{ font-size:20px; }\"><div class=\"fusion-posts-container fusion-posts-container-pagination fusion-blog-rollover\" data-pages=\"1\"><article id=\"blog-1-post-15343\" class=\"fusion-post-medium-alternate post-15343 post type-post status-publish format-standard has-post-thumbnail hentry category-project-news-hu category-project-news-hu-hu category-project-news_crossdest_hu\">\n<div class=\"fusion-date-and-formats\"><div class=\"fusion-date-box updated\"><span class=\"fusion-date\">27<\/span><span class=\"fusion-month-year\">10, 2025<\/span><\/div><div class=\"fusion-format-box\"><i class=\"awb-icon-pen\" aria-hidden=\"true\"><\/i><\/div><\/div>\t<style type=\"text\/css\">\n\t\t\n\t\t\n\t\t\n\t\t\n\t\t\t<\/style>\n\n\n\t\t\t<div class=\"fusion-flexslider flexslider fusion-flexslider-loading fusion-post-slideshow\" style=\"\">\n\t\t<ul class=\"slides\">\n\t\t\t\n\t\t\t\t\t\t\t\t\t\t\t\t\t\t<li><div  class=\"fusion-image-wrapper fusion-image-size-fixed\" aria-haspopup=\"true\">\n\t\t\t\t  <img width=\"320\" height=\"202\" src=\"http:\/\/www.si-hu.eu\/2127\/wp-content\/uploads\/sites\/14\/2025\/10\/CROSSDEST-SIHU-320x202.png\" class=\"attachment-blog-medium size-blog-medium wp-post-image\" alt=\"\" srcset=\"http:\/\/www.si-hu.eu\/2127\/wp-content\/uploads\/sites\/14\/2025\/10\/CROSSDEST-SIHU-320x202.png 320w, http:\/\/www.si-hu.eu\/2127\/wp-content\/uploads\/sites\/14\/2025\/10\/CROSSDEST-SIHU-700x441.png 700w\" sizes=\"(max-width: 320px) 100vw, 320px\" \/><div class=\"fusion-rollover\">\n\t<div class=\"fusion-rollover-content\">\n\n\t\t\t\t\t\t\t\t\t\t\t\t\t\t<a class=\"fusion-rollover-link\" href=\"http:\/\/www.si-hu.eu\/2127\/hu\/2025\/10\/27\/ujabb-lepesek-a-fenntarthato-turizmus-fele-merfoldkovek-a-crossdest-projektben\/\">\u00dajabb l\u00e9p\u00e9sek a fenntarthat\u00f3 turizmus fel\u00e9 \u2013 m\u00e9rf\u00f6ldk\u00f6vek a CROSSDEST projektben<\/a>\n\t\t\t\n\t\t\t\t\t\t\t\t\t\t\t\t\t\t\n\t\t\t\t\t\t\t\t\n\t\t\t\t\t\t\t\t\t\t\t\t\t<div class=\"fusion-rollover-sep\"><\/div>\n\t\t\t\t\n\t\t\t\t\t\t\t\t\t\t\t\t\t\t\t\t\t\t<a class=\"fusion-rollover-gallery\" href=\"http:\/\/www.si-hu.eu\/2127\/wp-content\/uploads\/sites\/14\/2025\/10\/CROSSDEST-SIHU.png\" data-id=\"15343\" data-rel=\"iLightbox[gallery]\" data-title=\"CROSSDEST SIHU\" data-caption=\"\">\n\t\t\t\t\t\tGallery\t\t\t\t\t<\/a>\n\t\t\t\t\t\t\t\t\t\t\t\t\t\t\n\t\t\n\t\t\t\t\t\t\t\t\t\t\t\t<h4 class=\"fusion-rollover-title\">\n\t\t\t\t\t<a class=\"fusion-rollover-title-link\" href=\"http:\/\/www.si-hu.eu\/2127\/hu\/2025\/10\/27\/ujabb-lepesek-a-fenntarthato-turizmus-fele-merfoldkovek-a-crossdest-projektben\/\">\n\t\t\t\t\t\t\u00dajabb l\u00e9p\u00e9sek a fenntarthat\u00f3 turizmus fel\u00e9 \u2013 m\u00e9rf\u00f6ldk\u00f6vek a CROSSDEST projektben\t\t\t\t\t<\/a>\n\t\t\t\t<\/h4>\n\t\t\t\n\t\t\t\t\t\t\t\t\t\t<div class=\"fusion-rollover-categories\"><a href=\"http:\/\/www.si-hu.eu\/2127\/hu\/category\/project-news-hu\/\" rel=\"tag\">Project news HU<\/a>, <a href=\"http:\/\/www.si-hu.eu\/2127\/hu\/category\/project-news-hu-hu\/\" rel=\"tag\">Project News HU<\/a>, <a href=\"http:\/\/www.si-hu.eu\/2127\/hu\/category\/project-news_crossdest_hu\/\" rel=\"tag\">Project news_CROSSDEST_HU<\/a><\/div>\t\t\t\t\t\n\t\t\n\t\t\t\t\t\t<a class=\"fusion-link-wrapper\" href=\"http:\/\/www.si-hu.eu\/2127\/hu\/2025\/10\/27\/ujabb-lepesek-a-fenntarthato-turizmus-fele-merfoldkovek-a-crossdest-projektben\/\" aria-label=\"\u00dajabb l\u00e9p\u00e9sek a fenntarthat\u00f3 turizmus fel\u00e9 \u2013 m\u00e9rf\u00f6ldk\u00f6vek a CROSSDEST projektben\"><\/a>\n\t<\/div>\n<\/div>\n<\/div>\n<\/li>\n\t\t\t\n\t\t\t\n\t\t\t\t\t\t\t\t\t\t\t\t\t\t\t\t\t\t\t\t\t\t\t\t\t\t\t\t\t\t\t\t\t\t\t\t\t\t\t\t\t\t\t\t\t\t\t\t\t\t\t\t\t\t\t\t\t\t\t\t\t\t\t\t\t\t\t\t<\/ul>\n\t<\/div>\n\t<div class=\"fusion-post-content post-content\"><h2 class=\"blog-shortcode-post-title entry-title\">\u00dajabb l\u00e9p\u00e9sek a fenntarthat\u00f3 turizmus fel\u00e9 \u2013 m\u00e9rf\u00f6ldk\u00f6vek a CROSSDEST projektben<\/h2><p class=\"fusion-single-line-meta\"><span class=\"vcard\" style=\"display: none;\"><span class=\"fn\"><a href=\"http:\/\/www.si-hu.eu\/2127\/hu\/author\/gomag\/\" title=\"gomag bejegyz\u00e9se\" rel=\"author\">gomag<\/a><\/span><\/span><span class=\"updated\" style=\"display:none;\">2025-10-27T13:19:17+01:00<\/span><span>27. okt\u00f3ber, 2025<\/span><span class=\"fusion-inline-sep\">|<\/span>Categories: <a href=\"http:\/\/www.si-hu.eu\/2127\/hu\/category\/project-news-hu\/\" rel=\"category tag\">Project news HU<\/a>, <a href=\"http:\/\/www.si-hu.eu\/2127\/hu\/category\/project-news-hu-hu\/\" rel=\"category tag\">Project News HU<\/a>, <a href=\"http:\/\/www.si-hu.eu\/2127\/hu\/category\/project-news_crossdest_hu\/\" rel=\"category tag\">Project news_CROSSDEST_HU<\/a><span class=\"fusion-inline-sep\">|<\/span><span class=\"fusion-comments\"><a href=\"http:\/\/www.si-hu.eu\/2127\/hu\/2025\/10\/27\/ujabb-lepesek-a-fenntarthato-turizmus-fele-merfoldkovek-a-crossdest-projektben\/#respond\">0 Comments<\/a><\/span><\/p><div class=\"fusion-post-content-container\"><p>A CROSSDEST Interreg projekt c\u00e9lja, hogy a t\u00e9rs\u00e9g desztin\u00e1ci\u00f3i nemzetk\u00f6zi szinten is elismert fenntarthat\u00f3s\u00e1gi min\u0151s\u00edt\u00e9seket szerezzenek, mik\u00f6zben a helyi szolg\u00e1ltat\u00f3k \u00e9s attrakci\u00f3k is fejl\u0151dnek a z\u00f6ld \u00e9s hozz\u00e1f\u00e9rhet\u0151 turizmus ir\u00e1ny\u00e1ba. <\/p><\/div><\/div><div class=\"fusion-clearfix\"><\/div><div class=\"fusion-meta-info\"><div class=\"fusion-alignright\"><a class=\"fusion-read-more\" href=\"http:\/\/www.si-hu.eu\/2127\/hu\/2025\/10\/27\/ujabb-lepesek-a-fenntarthato-turizmus-fele-merfoldkovek-a-crossdest-projektben\/\" aria-label=\"More on \u00dajabb l\u00e9p\u00e9sek a fenntarthat\u00f3 turizmus fel\u00e9 \u2013 m\u00e9rf\u00f6ldk\u00f6vek a CROSSDEST projektben\">Read More<\/a><\/div><\/div><\/article>\n<article id=\"blog-1-post-11645\" class=\"fusion-post-medium-alternate post-11645 post type-post status-publish format-standard has-post-thumbnail hentry category-project-news-hu category-project-news-hu-hu category-project-news_crossdest_hu\">\n<div class=\"fusion-date-and-formats\"><div class=\"fusion-date-box updated\"><span class=\"fusion-date\">24<\/span><span class=\"fusion-month-year\">01, 2025<\/span><\/div><div class=\"fusion-format-box\"><i class=\"awb-icon-pen\" aria-hidden=\"true\"><\/i><\/div><\/div>\t<style type=\"text\/css\">\n\t\t\n\t\t\n\t\t\n\t\t\n\t\t\t<\/style>\n\n\n\t\t\t<div class=\"fusion-flexslider flexslider fusion-flexslider-loading fusion-post-slideshow\" style=\"\">\n\t\t<ul class=\"slides\">\n\t\t\t\n\t\t\t\t\t\t\t\t\t\t\t\t\t\t<li><div  class=\"fusion-image-wrapper fusion-image-size-fixed\" aria-haspopup=\"true\">\n\t\t\t\t  <img width=\"320\" height=\"202\" src=\"http:\/\/www.si-hu.eu\/2127\/wp-content\/uploads\/sites\/14\/2025\/01\/CD-cover-SIHU-320x202.png\" class=\"attachment-blog-medium size-blog-medium wp-post-image\" alt=\"\" srcset=\"http:\/\/www.si-hu.eu\/2127\/wp-content\/uploads\/sites\/14\/2025\/01\/CD-cover-SIHU-320x202.png 320w, http:\/\/www.si-hu.eu\/2127\/wp-content\/uploads\/sites\/14\/2025\/01\/CD-cover-SIHU-700x441.png 700w\" sizes=\"(max-width: 320px) 100vw, 320px\" \/><div class=\"fusion-rollover\">\n\t<div class=\"fusion-rollover-content\">\n\n\t\t\t\t\t\t\t\t\t\t\t\t\t\t<a class=\"fusion-rollover-link\" href=\"http:\/\/www.si-hu.eu\/2127\/hu\/2025\/01\/24\/fenntarthato-turizmusfejlesztes-a-szloven-magyar-hatar-menti-regioban\/\">Fenntarthat\u00f3 turizmusfejleszt\u00e9s a szlov\u00e9n-magyar hat\u00e1r menti r\u00e9gi\u00f3ban<\/a>\n\t\t\t\n\t\t\t\t\t\t\t\t\t\t\t\t\t\t\n\t\t\t\t\t\t\t\t\n\t\t\t\t\t\t\t\t\t\t\t\t\t<div class=\"fusion-rollover-sep\"><\/div>\n\t\t\t\t\n\t\t\t\t\t\t\t\t\t\t\t\t\t\t\t\t\t\t<a class=\"fusion-rollover-gallery\" href=\"http:\/\/www.si-hu.eu\/2127\/wp-content\/uploads\/sites\/14\/2025\/01\/CD-cover-SIHU.png\" data-id=\"11645\" data-rel=\"iLightbox[gallery]\" data-title=\"CD cover SIHU\" data-caption=\"\">\n\t\t\t\t\t\tGallery\t\t\t\t\t<\/a>\n\t\t\t\t\t\t\t\t\t\t\t\t\t\t\n\t\t\n\t\t\t\t\t\t\t\t\t\t\t\t<h4 class=\"fusion-rollover-title\">\n\t\t\t\t\t<a class=\"fusion-rollover-title-link\" href=\"http:\/\/www.si-hu.eu\/2127\/hu\/2025\/01\/24\/fenntarthato-turizmusfejlesztes-a-szloven-magyar-hatar-menti-regioban\/\">\n\t\t\t\t\t\tFenntarthat\u00f3 turizmusfejleszt\u00e9s a szlov\u00e9n-magyar hat\u00e1r menti r\u00e9gi\u00f3ban\t\t\t\t\t<\/a>\n\t\t\t\t<\/h4>\n\t\t\t\n\t\t\t\t\t\t\t\t\t\t<div class=\"fusion-rollover-categories\"><a href=\"http:\/\/www.si-hu.eu\/2127\/hu\/category\/project-news-hu\/\" rel=\"tag\">Project news HU<\/a>, <a href=\"http:\/\/www.si-hu.eu\/2127\/hu\/category\/project-news-hu-hu\/\" rel=\"tag\">Project News HU<\/a>, <a href=\"http:\/\/www.si-hu.eu\/2127\/hu\/category\/project-news_crossdest_hu\/\" rel=\"tag\">Project news_CROSSDEST_HU<\/a><\/div>\t\t\t\t\t\n\t\t\n\t\t\t\t\t\t<a class=\"fusion-link-wrapper\" href=\"http:\/\/www.si-hu.eu\/2127\/hu\/2025\/01\/24\/fenntarthato-turizmusfejlesztes-a-szloven-magyar-hatar-menti-regioban\/\" aria-label=\"Fenntarthat\u00f3 turizmusfejleszt\u00e9s a szlov\u00e9n-magyar hat\u00e1r menti r\u00e9gi\u00f3ban\"><\/a>\n\t<\/div>\n<\/div>\n<\/div>\n<\/li>\n\t\t\t\n\t\t\t\n\t\t\t\t\t\t\t\t\t\t\t\t\t\t\t\t\t\t\t\t\t\t\t\t\t\t\t\t\t\t\t\t\t\t\t\t\t\t\t\t\t\t\t\t\t\t\t\t\t\t\t\t\t\t\t\t\t\t\t\t\t\t\t\t\t\t\t\t<\/ul>\n\t<\/div>\n\t<div class=\"fusion-post-content post-content\"><h2 class=\"blog-shortcode-post-title entry-title\">Fenntarthat\u00f3 turizmusfejleszt\u00e9s a szlov\u00e9n-magyar hat\u00e1r menti r\u00e9gi\u00f3ban<\/h2><p class=\"fusion-single-line-meta\"><span class=\"vcard\" style=\"display: none;\"><span class=\"fn\"><a href=\"http:\/\/www.si-hu.eu\/2127\/hu\/author\/gomag\/\" title=\"gomag bejegyz\u00e9se\" rel=\"author\">gomag<\/a><\/span><\/span><span class=\"updated\" style=\"display:none;\">2025-10-27T17:36:12+01:00<\/span><span>24. janu\u00e1r, 2025<\/span><span class=\"fusion-inline-sep\">|<\/span>Categories: <a href=\"http:\/\/www.si-hu.eu\/2127\/hu\/category\/project-news-hu\/\" rel=\"category tag\">Project news HU<\/a>, <a href=\"http:\/\/www.si-hu.eu\/2127\/hu\/category\/project-news-hu-hu\/\" rel=\"category tag\">Project News HU<\/a>, <a href=\"http:\/\/www.si-hu.eu\/2127\/hu\/category\/project-news_crossdest_hu\/\" rel=\"category tag\">Project news_CROSSDEST_HU<\/a><span class=\"fusion-inline-sep\">|<\/span><span class=\"fusion-comments\"><a href=\"http:\/\/www.si-hu.eu\/2127\/hu\/2025\/01\/24\/fenntarthato-turizmusfejlesztes-a-szloven-magyar-hatar-menti-regioban\/#respond\">0 Comments<\/a><\/span><\/p><div class=\"fusion-post-content-container\"><p>40 v\u00e1llalkoz\u00e1s, 20 attrakci\u00f3 \u00e9s 4 desztin\u00e1ci\u00f3 fenntarthat\u00f3 turisztikai fejleszt\u00e9se val\u00f3sul meg a CROSSDEST c\u00edm\u0171 projekt keret\u00e9ben a k\u00f6vetkez\u0151 k\u00f6zel k\u00e9t \u00e9v sor\u00e1n. <\/p><\/div><\/div><div class=\"fusion-clearfix\"><\/div><div class=\"fusion-meta-info\"><div class=\"fusion-alignright\"><a class=\"fusion-read-more\" href=\"http:\/\/www.si-hu.eu\/2127\/hu\/2025\/01\/24\/fenntarthato-turizmusfejlesztes-a-szloven-magyar-hatar-menti-regioban\/\" aria-label=\"More on Fenntarthat\u00f3 turizmusfejleszt\u00e9s a szlov\u00e9n-magyar hat\u00e1r menti r\u00e9gi\u00f3ban\">Read More<\/a><\/div><\/div><\/article>\n<\/div><\/div><\/div><style type=\"text\/css\">.fusion-body .fusion-builder-column-4{width:100% !important;margin-top : 0px;margin-bottom : 20px;}.fusion-builder-column-4 > .fusion-column-wrapper {padding-top : 0px !important;padding-right : 0px !important;margin-right : 1.92%;padding-bottom : 0px !important;padding-left : 0px !important;margin-left : 1.92%;}@media only screen and (max-width:1024px) {.fusion-body .fusion-builder-column-4{width:100% !important;order : 0;}.fusion-builder-column-4 > .fusion-column-wrapper {margin-right : 1.92%;margin-left : 1.92%;}}@media only screen and (max-width:640px) {.fusion-body .fusion-builder-column-4{width:100% !important;order : 0;}.fusion-builder-column-4 > .fusion-column-wrapper {margin-right : 1.92%;margin-left : 1.92%;}}<\/style><\/div><\/div><style type=\"text\/css\">.fusion-body .fusion-flex-container.fusion-builder-row-2{ padding-top : 0px;margin-top : 0px;padding-right : 0px;padding-bottom : 0px;margin-bottom : 0px;padding-left : 0px;}<\/style><\/div><\/p>\n","protected":false},"excerpt":{"rendered":"","protected":false},"author":117,"featured_media":0,"parent":0,"menu_order":0,"comment_status":"closed","ping_status":"closed","template":"","meta":{"ngg_post_thumbnail":0},"_links":{"self":[{"href":"http:\/\/www.si-hu.eu\/2127\/hu\/wp-json\/wp\/v2\/pages\/15406"}],"collection":[{"href":"http:\/\/www.si-hu.eu\/2127\/hu\/wp-json\/wp\/v2\/pages"}],"about":[{"href":"http:\/\/www.si-hu.eu\/2127\/hu\/wp-json\/wp\/v2\/types\/page"}],"author":[{"embeddable":true,"href":"http:\/\/www.si-hu.eu\/2127\/hu\/wp-json\/wp\/v2\/users\/117"}],"replies":[{"embeddable":true,"href":"http:\/\/www.si-hu.eu\/2127\/hu\/wp-json\/wp\/v2\/comments?post=15406"}],"version-history":[{"count":3,"href":"http:\/\/www.si-hu.eu\/2127\/hu\/wp-json\/wp\/v2\/pages\/15406\/revisions"}],"predecessor-version":[{"id":15415,"href":"http:\/\/www.si-hu.eu\/2127\/hu\/wp-json\/wp\/v2\/pages\/15406\/revisions\/15415"}],"wp:attachment":[{"href":"http:\/\/www.si-hu.eu\/2127\/hu\/wp-json\/wp\/v2\/media?parent=15406"}],"curies":[{"name":"wp","href":"https:\/\/api.w.org\/{rel}","templated":true}]}}