{"id":4298,"date":"2019-02-27T11:55:44","date_gmt":"2019-02-27T11:55:44","guid":{"rendered":"http:\/\/www.si-hu.eu\/2127\/organizational-structure\/"},"modified":"2023-03-02T09:58:25","modified_gmt":"2023-03-02T08:58:25","slug":"organizational-structure","status":"publish","type":"page","link":"http:\/\/www.si-hu.eu\/2127\/hu\/organizational-structure\/","title":{"rendered":"Organizational Structure"},"content":{"rendered":"<div class=\"fusion-fullwidth fullwidth-box fusion-builder-row-1 fusion-flex-container nonhundred-percent-fullwidth non-hundred-percent-height-scrolling\" style=\"background-color: rgba(255,255,255,0);background-position: center center;background-repeat: no-repeat;border-width: 0px 0px 0px 0px;border-color:#e2e2e2;border-style:solid;\" ><div class=\"fusion-builder-row fusion-row fusion-flex-align-items-flex-start\" style=\"max-width:calc( 1200px + 0px );margin-left: calc(-0px \/ 2 );margin-right: calc(-0px \/ 2 );\"><div class=\"fusion-layout-column fusion_builder_column fusion-builder-column-0 fusion_builder_column_1_1 1_1 fusion-flex-column\"><div class=\"fusion-column-wrapper fusion-flex-justify-content-flex-start fusion-content-layout-column\" style=\"background-position:left top;background-repeat:no-repeat;-webkit-background-size:cover;-moz-background-size:cover;-o-background-size:cover;background-size:cover;padding: 0px 0px 0px 0px;\"><style type=\"text\/css\">@media only screen and (max-width:1024px) {.fusion-title.fusion-title-1{margin-top:10px!important; margin-right:0px!important;margin-bottom:15px!important;margin-left:0px!important;}}@media only screen and (max-width:640px) {.fusion-title.fusion-title-1{margin-top:10px!important; margin-right:0px!important;margin-bottom:10px!important; margin-left:0px!important;}}<\/style><div class=\"fusion-title title fusion-title-1 fusion-sep-none fusion-title-center fusion-title-text fusion-title-size-two\" style=\"margin-top:10px;margin-right:0px;margin-bottom:15px;margin-left:0px;\"><h2 class=\"title-heading-center\" style=\"margin:0;\">A Szlov\u00e9nia-Magyarorsz\u00e1g Interreg Program programir\u00e1ny\u00edt\u00e1si strukt\u00far\u00e1ja<\/h2><\/div><div class=\"fusion-separator fusion-full-width-sep\" style=\"align-self: center;margin-left: auto;margin-right: auto;width:100%;\"><div class=\"fusion-separator-border sep-single sep-solid\" style=\"border-color:#e2e2e2;border-top-width:1px;\"><\/div><\/div><div style=\"text-align:center;\"><div class=\"imageframe-liftup\"><span class=\" fusion-imageframe imageframe-none imageframe-1\"><img width=\"709\" height=\"417\" title=\"Posnetek zaslona 2023-03-01 141216\" src=\"http:\/\/www.si-hu.eu\/2127\/wp-content\/uploads\/sites\/14\/2023\/03\/Posnetek-zaslona-2023-03-01-141216.png\" class=\"img-responsive wp-image-5578\" srcset=\"http:\/\/www.si-hu.eu\/2127\/wp-content\/uploads\/sites\/14\/2023\/03\/Posnetek-zaslona-2023-03-01-141216-200x118.png 200w, http:\/\/www.si-hu.eu\/2127\/wp-content\/uploads\/sites\/14\/2023\/03\/Posnetek-zaslona-2023-03-01-141216-400x235.png 400w, http:\/\/www.si-hu.eu\/2127\/wp-content\/uploads\/sites\/14\/2023\/03\/Posnetek-zaslona-2023-03-01-141216-600x353.png 600w, http:\/\/www.si-hu.eu\/2127\/wp-content\/uploads\/sites\/14\/2023\/03\/Posnetek-zaslona-2023-03-01-141216.png 709w\" sizes=\"(max-width: 640px) 100vw, 709px\" \/><\/span><\/div><\/div><\/div><style type=\"text\/css\">.fusion-body .fusion-builder-column-0{width:100% !important;margin-top : 0px;margin-bottom : 20px;}.fusion-builder-column-0 > .fusion-column-wrapper {padding-top : 0px !important;padding-right : 0px !important;margin-right : 0px;padding-bottom : 0px !important;padding-left : 0px !important;margin-left : 0px;}@media only screen and (max-width:1024px) {.fusion-body .fusion-builder-column-0{width:100% !important;}.fusion-builder-column-0 > .fusion-column-wrapper {margin-right : 0px;margin-left : 0px;}}@media only screen and (max-width:640px) {.fusion-body .fusion-builder-column-0{width:100% !important;}.fusion-builder-column-0 > .fusion-column-wrapper {margin-right : 0px;margin-left : 0px;}}<\/style><\/div><\/div><style type=\"text\/css\">.fusion-body .fusion-flex-container.fusion-builder-row-1{ padding-top : 40px;margin-top : 0px;padding-right : 24px;padding-bottom : 60px;margin-bottom : 0px;padding-left : 24px;}<\/style><\/div>\n","protected":false},"excerpt":{"rendered":"","protected":false},"author":6,"featured_media":0,"parent":0,"menu_order":0,"comment_status":"closed","ping_status":"closed","template":"100-width.php","meta":{"ngg_post_thumbnail":0},"_links":{"self":[{"href":"http:\/\/www.si-hu.eu\/2127\/hu\/wp-json\/wp\/v2\/pages\/4298"}],"collection":[{"href":"http:\/\/www.si-hu.eu\/2127\/hu\/wp-json\/wp\/v2\/pages"}],"about":[{"href":"http:\/\/www.si-hu.eu\/2127\/hu\/wp-json\/wp\/v2\/types\/page"}],"author":[{"embeddable":true,"href":"http:\/\/www.si-hu.eu\/2127\/hu\/wp-json\/wp\/v2\/users\/6"}],"replies":[{"embeddable":true,"href":"http:\/\/www.si-hu.eu\/2127\/hu\/wp-json\/wp\/v2\/comments?post=4298"}],"version-history":[{"count":3,"href":"http:\/\/www.si-hu.eu\/2127\/hu\/wp-json\/wp\/v2\/pages\/4298\/revisions"}],"predecessor-version":[{"id":5582,"href":"http:\/\/www.si-hu.eu\/2127\/hu\/wp-json\/wp\/v2\/pages\/4298\/revisions\/5582"}],"wp:attachment":[{"href":"http:\/\/www.si-hu.eu\/2127\/hu\/wp-json\/wp\/v2\/media?parent=4298"}],"curies":[{"name":"wp","href":"https:\/\/api.w.org\/{rel}","templated":true}]}}