{"id":13767,"date":"2025-09-03T12:18:35","date_gmt":"2025-09-03T10:18:35","guid":{"rendered":"http:\/\/www.si-hu.eu\/2127\/?page_id=13767"},"modified":"2025-09-03T12:18:35","modified_gmt":"2025-09-03T10:18:35","slug":"prijava-na-dan-interreg-sodelovanja-2025-regisztracio-az-interreg-egyuttmukodes-napja-2025-esemenyre-si","status":"publish","type":"page","link":"http:\/\/www.si-hu.eu\/2127\/sl\/prijava-na-dan-interreg-sodelovanja-2025-regisztracio-az-interreg-egyuttmukodes-napja-2025-esemenyre-si\/","title":{"rendered":"Prijava na Dan Interreg sodelovanja 2025 \/ Regisztr\u00e1ci\u00f3 az Interreg Egy\u00fcttm\u0171k\u00f6d\u00e9s Napja 2025 esem\u00e9nyre \/ SI"},"content":{"rendered":"<noscript class=\"ninja-forms-noscript-message\">\n\tNotice: JavaScript is required for this content.<\/noscript>\n<p class=\"MsoNormal\" style=\"margin-bottom:0cm;line-height:normal\"><b>Registracija ni ve\u010d mo\u017ena. \/&nbsp;A regisztr\u00e1ci\u00f3\nlez\u00e1rult.<\/b><o:p><\/o:p><\/p>\n","protected":false},"excerpt":{"rendered":"","protected":false},"author":19,"featured_media":0,"parent":0,"menu_order":0,"comment_status":"closed","ping_status":"closed","template":"","meta":{"ngg_post_thumbnail":0},"_links":{"self":[{"href":"http:\/\/www.si-hu.eu\/2127\/sl\/wp-json\/wp\/v2\/pages\/13767"}],"collection":[{"href":"http:\/\/www.si-hu.eu\/2127\/sl\/wp-json\/wp\/v2\/pages"}],"about":[{"href":"http:\/\/www.si-hu.eu\/2127\/sl\/wp-json\/wp\/v2\/types\/page"}],"author":[{"embeddable":true,"href":"http:\/\/www.si-hu.eu\/2127\/sl\/wp-json\/wp\/v2\/users\/19"}],"replies":[{"embeddable":true,"href":"http:\/\/www.si-hu.eu\/2127\/sl\/wp-json\/wp\/v2\/comments?post=13767"}],"version-history":[{"count":1,"href":"http:\/\/www.si-hu.eu\/2127\/sl\/wp-json\/wp\/v2\/pages\/13767\/revisions"}],"predecessor-version":[{"id":13768,"href":"http:\/\/www.si-hu.eu\/2127\/sl\/wp-json\/wp\/v2\/pages\/13767\/revisions\/13768"}],"wp:attachment":[{"href":"http:\/\/www.si-hu.eu\/2127\/sl\/wp-json\/wp\/v2\/media?parent=13767"}],"curies":[{"name":"wp","href":"https:\/\/api.w.org\/{rel}","templated":true}]}}