{"id":13769,"date":"2025-09-03T12:35:48","date_gmt":"2025-09-03T10:35:48","guid":{"rendered":"http:\/\/www.si-hu.eu\/2127\/?page_id=13769"},"modified":"2025-09-03T12:35:48","modified_gmt":"2025-09-03T10:35:48","slug":"prijava-na-dan-interreg-sodelovanja-2025-regisztracio-az-interreg-egyuttmukodes-napja-2025-esemenyre-hu","status":"publish","type":"page","link":"http:\/\/www.si-hu.eu\/2127\/sl\/prijava-na-dan-interreg-sodelovanja-2025-regisztracio-az-interreg-egyuttmukodes-napja-2025-esemenyre-hu\/","title":{"rendered":"Prijava na Dan Interreg sodelovanja 2025 \/ Regisztr\u00e1ci\u00f3 az Interreg Egy\u00fcttm\u0171k\u00f6d\u00e9s Napja 2025 esem\u00e9nyre \/ HU"},"content":{"rendered":"<noscript class=\"ninja-forms-noscript-message\">\n\tNotice: JavaScript is required for this content.<\/noscript>\n<div id=\"nf-form-16-cont\" class=\"nf-form-cont\" aria-live=\"polite\" aria-labelledby=\"nf-form-title-16\" aria-describedby=\"nf-form-errors-16\" role=\"form\">\n\n    <div class=\"nf-loading-spinner\"><\/div>\n\n<\/div>\n        <!-- TODO: Move to Template File. -->\n        <script>var formDisplay=1;var nfForms=nfForms||[];var form=[];form.id='16';form.settings={\"objectType\":\"Form Setting\",\"editActive\":true,\"title\":\"Prijava na Dan Interreg sodelovanja 2025 - Regisztr\\u00e1ci\\u00f3 az Interreg Egy\\u00fcttm\\u0171k\\u00f6d\\u00e9s Napja 2025 esem\\u00e9nyre (HU)\",\"show_title\":1,\"allow_public_link\":0,\"embed_form\":\"\",\"clear_complete\":1,\"hide_complete\":1,\"default_label_pos\":\"above\",\"wrapper_class\":\"\",\"element_class\":\"\",\"form_title_heading_level\":\"3\",\"key\":\"\",\"add_submit\":0,\"currency\":\"\",\"unique_field_error\":\"A form with this value has already been submitted.\",\"logged_in\":false,\"not_logged_in_msg\":\"\",\"sub_limit_msg\":\"<p class=\\\"MsoNormal\\\" style=\\\"margin-bottom:0cm;line-height:normal\\\"><b>Registracija ni ve\\u010d mo\\u017ena. \\\/&nbsp;A regisztr\\u00e1ci\\u00f3\\nlez\\u00e1rult.<\\\/b><o:p><\\\/o:p><\\\/p>\",\"calculations\":[],\"formContentData\":[\"ime_keresztnev_1756895125680\",\"priimek_vezeteknev_1756895152348\",\"starost_eletkor_1756895171931\",\"drzava_orszag_1756895185971\",\"mesto_telepueles_1756895206449\",\"e-posta_e-mail-cim_1756895222503\",\"telefonska_st_telefonszam_1756895235332\",\"nacin_prevoza_utazas_modja_1756895263925\",\"kosilo_ebed_1756895352122\",\"ali_se_strinjate_da_bodo_vasi_kontaktni_podatki_ime_priimek_in_e-postni_naslov_na_voljo_drugim_udelezencem_dogodka_hozzajarul_ahhoz_hogy_szemelyes_adatait_nev_es_e-mailcim_megosszuk_a_rendezveny_toebbi_resztvevojevel_1756895415201\",\"prijavite_se_regisztracio_elkueldese_1756895535806\"],\"sub_limit_number\":\"48\",\"drawerDisabled\":false,\"ninjaForms\":\"Ninja Forms\",\"changeEmailErrorMsg\":\"Please enter a valid email address!\",\"changeDateErrorMsg\":\"Please enter a valid date!\",\"confirmFieldErrorMsg\":\"These fields must match!\",\"fieldNumberNumMinError\":\"Number Min Error\",\"fieldNumberNumMaxError\":\"Number Max Error\",\"fieldNumberIncrementBy\":\"Please increment by \",\"fieldTextareaRTEInsertLink\":\"Insert Link\",\"fieldTextareaRTEInsertMedia\":\"Insert Media\",\"fieldTextareaRTESelectAFile\":\"Select a file\",\"formErrorsCorrectErrors\":\"Please correct errors before submitting this form.\",\"formHoneypot\":\"If you are a human seeing this field, please leave it empty.\",\"validateRequiredField\":\"This is a required field.\",\"honeypotHoneypotError\":\"Honeypot Error\",\"fileUploadOldCodeFileUploadInProgress\":\"File Upload in Progress.\",\"fileUploadOldCodeFileUpload\":\"FILE UPLOAD\",\"currencySymbol\":false,\"fieldsMarkedRequired\":\"Fields marked with an <span class=\\\"ninja-forms-req-symbol\\\">*<\\\/span> are required\",\"thousands_sep\":\".\",\"decimal_point\":\",\",\"siteLocale\":\"sl_SI\",\"dateFormat\":\"m\\\/d\\\/Y\",\"startOfWeek\":\"1\",\"of\":\"of\",\"previousMonth\":\"Previous Month\",\"nextMonth\":\"Next Month\",\"months\":[\"January\",\"February\",\"March\",\"April\",\"May\",\"June\",\"July\",\"August\",\"September\",\"October\",\"November\",\"December\"],\"monthsShort\":[\"Jan\",\"Feb\",\"Mar\",\"Apr\",\"May\",\"Jun\",\"Jul\",\"Aug\",\"Sep\",\"Oct\",\"Nov\",\"Dec\"],\"weekdays\":[\"Sunday\",\"Monday\",\"Tuesday\",\"Wednesday\",\"Thursday\",\"Friday\",\"Saturday\"],\"weekdaysShort\":[\"Sun\",\"Mon\",\"Tue\",\"Wed\",\"Thu\",\"Fri\",\"Sat\"],\"weekdaysMin\":[\"Su\",\"Mo\",\"Tu\",\"We\",\"Th\",\"Fr\",\"Sa\"],\"recaptchaConsentMissing\":\"reCapctha validation couldn&#039;t load.\",\"recaptchaMissingCookie\":\"reCaptcha v3 validation couldn&#039;t load the cookie needed to submit the form.\",\"recaptchaConsentEvent\":\"Accept reCaptcha cookies before sending the form.\",\"currency_symbol\":\"\",\"beforeForm\":\"\",\"beforeFields\":\"\",\"afterFields\":\"\",\"afterForm\":\"\"};form.fields=[{\"objectType\":\"Field\",\"objectDomain\":\"fields\",\"editActive\":false,\"order\":999,\"idAttribute\":\"id\",\"type\":\"textbox\",\"label\":\"Ime \\\/ Keresztn\\u00e9v \",\"key\":\"ime_keresztnev_1756895125680\",\"label_pos\":\"above\",\"required\":1,\"default\":\"\",\"placeholder\":\"\",\"container_class\":\"\",\"element_class\":\"\",\"input_limit\":\"\",\"input_limit_type\":\"characters\",\"input_limit_msg\":\"Character(s) left\",\"manual_key\":false,\"admin_label\":\"\",\"help_text\":\"\",\"mask\":\"\",\"custom_mask\":\"\",\"custom_name_attribute\":\"\",\"personally_identifiable\":\"\",\"value\":\"\",\"drawerDisabled\":false,\"id\":179,\"beforeField\":\"\",\"afterField\":\"\",\"parentType\":\"textbox\",\"element_templates\":[\"textbox\",\"input\"],\"old_classname\":\"\",\"wrap_template\":\"wrap\"},{\"objectType\":\"Field\",\"objectDomain\":\"fields\",\"editActive\":false,\"order\":999,\"idAttribute\":\"id\",\"type\":\"textbox\",\"label\":\"Priimek \\\/ Vezet\\u00e9kn\\u00e9v \",\"key\":\"priimek_vezeteknev_1756895152348\",\"label_pos\":\"above\",\"required\":1,\"default\":\"\",\"placeholder\":\"\",\"container_class\":\"\",\"element_class\":\"\",\"input_limit\":\"\",\"input_limit_type\":\"characters\",\"input_limit_msg\":\"Character(s) left\",\"manual_key\":false,\"admin_label\":\"\",\"help_text\":\"\",\"mask\":\"\",\"custom_mask\":\"\",\"custom_name_attribute\":\"\",\"personally_identifiable\":\"\",\"value\":\"\",\"drawerDisabled\":false,\"id\":180,\"beforeField\":\"\",\"afterField\":\"\",\"parentType\":\"textbox\",\"element_templates\":[\"textbox\",\"input\"],\"old_classname\":\"\",\"wrap_template\":\"wrap\"},{\"objectType\":\"Field\",\"objectDomain\":\"fields\",\"editActive\":false,\"order\":999,\"idAttribute\":\"id\",\"type\":\"textbox\",\"label\":\"Starost \\\/ \\u00c9letkor \",\"key\":\"starost_eletkor_1756895171931\",\"label_pos\":\"above\",\"required\":0,\"default\":\"\",\"placeholder\":\"\",\"container_class\":\"\",\"element_class\":\"\",\"input_limit\":\"\",\"input_limit_type\":\"characters\",\"input_limit_msg\":\"Character(s) left\",\"manual_key\":false,\"admin_label\":\"\",\"help_text\":\"\",\"mask\":\"\",\"custom_mask\":\"\",\"custom_name_attribute\":\"\",\"personally_identifiable\":\"\",\"value\":\"\",\"drawerDisabled\":false,\"id\":181,\"beforeField\":\"\",\"afterField\":\"\",\"parentType\":\"textbox\",\"element_templates\":[\"textbox\",\"input\"],\"old_classname\":\"\",\"wrap_template\":\"wrap\"},{\"objectType\":\"Field\",\"objectDomain\":\"fields\",\"editActive\":false,\"order\":999,\"idAttribute\":\"id\",\"type\":\"textbox\",\"label\":\"Dr\\u017eava \\\/ Orsz\\u00e1g \",\"key\":\"drzava_orszag_1756895185971\",\"label_pos\":\"above\",\"required\":1,\"default\":\"\",\"placeholder\":\"\",\"container_class\":\"\",\"element_class\":\"\",\"input_limit\":\"\",\"input_limit_type\":\"characters\",\"input_limit_msg\":\"Character(s) left\",\"manual_key\":false,\"admin_label\":\"\",\"help_text\":\"\",\"mask\":\"\",\"custom_mask\":\"\",\"custom_name_attribute\":\"\",\"personally_identifiable\":\"\",\"value\":\"\",\"drawerDisabled\":false,\"id\":182,\"beforeField\":\"\",\"afterField\":\"\",\"parentType\":\"textbox\",\"element_templates\":[\"textbox\",\"input\"],\"old_classname\":\"\",\"wrap_template\":\"wrap\"},{\"objectType\":\"Field\",\"objectDomain\":\"fields\",\"editActive\":false,\"order\":999,\"idAttribute\":\"id\",\"type\":\"textbox\",\"label\":\"Mesto \\\/ Telep\\u00fcl\\u00e9s\",\"key\":\"mesto_telepueles_1756895206449\",\"label_pos\":\"above\",\"required\":1,\"default\":\"\",\"placeholder\":\"\",\"container_class\":\"\",\"element_class\":\"\",\"input_limit\":\"\",\"input_limit_type\":\"characters\",\"input_limit_msg\":\"Character(s) left\",\"manual_key\":false,\"admin_label\":\"\",\"help_text\":\"\",\"mask\":\"\",\"custom_mask\":\"\",\"custom_name_attribute\":\"\",\"personally_identifiable\":\"\",\"value\":\"\",\"drawerDisabled\":false,\"id\":183,\"beforeField\":\"\",\"afterField\":\"\",\"parentType\":\"textbox\",\"element_templates\":[\"textbox\",\"input\"],\"old_classname\":\"\",\"wrap_template\":\"wrap\"},{\"objectType\":\"Field\",\"objectDomain\":\"fields\",\"editActive\":false,\"order\":999,\"idAttribute\":\"id\",\"type\":\"textbox\",\"label\":\"E-po\\u0161ta \\\/ E-mail-c\\u00edm \",\"key\":\"e-posta_e-mail-cim_1756895222503\",\"label_pos\":\"above\",\"required\":1,\"default\":\"\",\"placeholder\":\"\",\"container_class\":\"\",\"element_class\":\"\",\"input_limit\":\"\",\"input_limit_type\":\"characters\",\"input_limit_msg\":\"Character(s) left\",\"manual_key\":false,\"admin_label\":\"\",\"help_text\":\"\",\"mask\":\"\",\"custom_mask\":\"\",\"custom_name_attribute\":\"\",\"personally_identifiable\":\"\",\"value\":\"\",\"drawerDisabled\":false,\"id\":184,\"beforeField\":\"\",\"afterField\":\"\",\"parentType\":\"textbox\",\"element_templates\":[\"textbox\",\"input\"],\"old_classname\":\"\",\"wrap_template\":\"wrap\"},{\"objectType\":\"Field\",\"objectDomain\":\"fields\",\"editActive\":false,\"order\":999,\"idAttribute\":\"id\",\"type\":\"textbox\",\"label\":\"Telefonska \\u0161t. \\\/ Telefonsz\\u00e1m \",\"key\":\"telefonska_st_telefonszam_1756895235332\",\"label_pos\":\"above\",\"required\":1,\"default\":\"\",\"placeholder\":\"\",\"container_class\":\"\",\"element_class\":\"\",\"input_limit\":\"\",\"input_limit_type\":\"characters\",\"input_limit_msg\":\"Character(s) left\",\"manual_key\":false,\"admin_label\":\"\",\"help_text\":\"\",\"mask\":\"\",\"custom_mask\":\"\",\"custom_name_attribute\":\"\",\"personally_identifiable\":\"\",\"value\":\"\",\"drawerDisabled\":false,\"id\":185,\"beforeField\":\"\",\"afterField\":\"\",\"parentType\":\"textbox\",\"element_templates\":[\"textbox\",\"input\"],\"old_classname\":\"\",\"wrap_template\":\"wrap\"},{\"objectType\":\"Field\",\"objectDomain\":\"fields\",\"editActive\":false,\"order\":999,\"idAttribute\":\"id\",\"type\":\"listselect\",\"label\":\"Na\\u010din prevoza \\\/ Utaz\\u00e1s m\\u00f3dja \",\"key\":\"nacin_prevoza_utazas_modja_1756895263925\",\"label_pos\":\"above\",\"required\":1,\"options\":[{\"errors\":[],\"max_options\":0,\"label\":\"Szombathelyen (MMIK parkol\\u00f3), indul\\u00e1s 7:30-kor\",\"value\":\"szombathelyen-mmik-parkolo-indulas-7-30-kor\",\"calc\":\"\",\"selected\":0,\"order\":0,\"settingModel\":{\"settings\":false,\"hide_merge_tags\":false,\"error\":false,\"name\":\"options\",\"type\":\"option-repeater\",\"label\":\"Options <a href=\\\"#\\\" class=\\\"nf-add-new\\\">Add New<\\\/a> <a href=\\\"#\\\" class=\\\"extra nf-open-import-tooltip\\\"><i class=\\\"fa fa-sign-in\\\" aria-hidden=\\\"true\\\"><\\\/i> Import<\\\/a>\",\"width\":\"full\",\"group\":\"\",\"value\":[{\"label\":\"One\",\"value\":\"one\",\"calc\":\"\",\"selected\":0,\"order\":0},{\"label\":\"Two\",\"value\":\"two\",\"calc\":\"\",\"selected\":0,\"order\":1},{\"label\":\"Three\",\"value\":\"three\",\"calc\":\"\",\"selected\":0,\"order\":2}],\"columns\":{\"label\":{\"header\":\"Label\",\"default\":\"\"},\"value\":{\"header\":\"Value\",\"default\":\"\"},\"calc\":{\"header\":\"Calc Value\",\"default\":\"\"},\"selected\":{\"header\":\"<span class=\\\"dashicons dashicons-yes\\\"><\\\/span>\",\"default\":0}}}},{\"errors\":[],\"max_options\":0,\"label\":\"Zalaegerszegen (Zala Pl\\u00e1za-J\\u00e9gcsarnok-Sportcsarnok parkol\\u00f3), indul\\u00e1s 8:30-kor\",\"value\":\"zalaegerszegen-zala-plaza-jegcsarnok-sportcsarnok-parkolo-indulas-8-30-kor\",\"calc\":\"\",\"selected\":0,\"order\":1,\"settingModel\":{\"settings\":false,\"hide_merge_tags\":false,\"error\":false,\"name\":\"options\",\"type\":\"option-repeater\",\"label\":\"Options <a href=\\\"#\\\" class=\\\"nf-add-new\\\">Add New<\\\/a> <a href=\\\"#\\\" class=\\\"extra nf-open-import-tooltip\\\"><i class=\\\"fa fa-sign-in\\\" aria-hidden=\\\"true\\\"><\\\/i> Import<\\\/a>\",\"width\":\"full\",\"group\":\"\",\"value\":[{\"label\":\"One\",\"value\":\"one\",\"calc\":\"\",\"selected\":0,\"order\":0},{\"label\":\"Two\",\"value\":\"two\",\"calc\":\"\",\"selected\":0,\"order\":1},{\"label\":\"Three\",\"value\":\"three\",\"calc\":\"\",\"selected\":0,\"order\":2}],\"columns\":{\"label\":{\"header\":\"Label\",\"default\":\"\"},\"value\":{\"header\":\"Value\",\"default\":\"\"},\"calc\":{\"header\":\"Calc Value\",\"default\":\"\"},\"selected\":{\"header\":\"<span class=\\\"dashicons dashicons-yes\\\"><\\\/span>\",\"default\":0}}}},{\"errors\":[],\"max_options\":0,\"order\":2,\"new\":false,\"options\":[],\"label\":\"\\u0150riszentp\\u00e9teren (Aut\\u00f3busz-\\u00e1llom\\u00e1s), indul\\u00e1s 9:15-kor\",\"value\":\"oriszentpeteren-autobusz-allomas-indulas-9-15-kor\",\"calc\":\"\",\"selected\":0,\"settingModel\":{\"settings\":false,\"hide_merge_tags\":false,\"error\":false,\"name\":\"options\",\"type\":\"option-repeater\",\"label\":\"Options <a href=\\\"#\\\" class=\\\"nf-add-new\\\">Add New<\\\/a> <a href=\\\"#\\\" class=\\\"extra nf-open-import-tooltip\\\"><i class=\\\"fa fa-sign-in\\\" aria-hidden=\\\"true\\\"><\\\/i> Import<\\\/a>\",\"width\":\"full\",\"group\":\"\",\"value\":[{\"label\":\"One\",\"value\":\"one\",\"calc\":\"\",\"selected\":0,\"order\":0},{\"label\":\"Two\",\"value\":\"two\",\"calc\":\"\",\"selected\":0,\"order\":1},{\"label\":\"Three\",\"value\":\"three\",\"calc\":\"\",\"selected\":0,\"order\":2}],\"columns\":{\"label\":{\"header\":\"Label\",\"default\":\"\"},\"value\":{\"header\":\"Value\",\"default\":\"\"},\"calc\":{\"header\":\"Calc Value\",\"default\":\"\"},\"selected\":{\"header\":\"<span class=\\\"dashicons dashicons-yes\\\"><\\\/span>\",\"default\":0}}}}],\"container_class\":\"\",\"element_class\":\"\",\"admin_label\":\"\",\"help_text\":\"\",\"desc_text\":\"<p><span style=\\\"font-size:11.0pt;line-height:107%;\\nfont-family:&quot;Calibri&quot;,sans-serif;mso-ascii-theme-font:minor-latin;mso-fareast-font-family:\\n&quot;Times New Roman&quot;;mso-hansi-theme-font:minor-latin;mso-bidi-theme-font:minor-latin;\\ncolor:#3D4045;mso-ansi-language:HU;mso-fareast-language:HU;mso-bidi-language:\\nAR-SA\\\">Prosimo ozna\\u010dite, vstopno postajo (samo en odgovor je mo\\u017een), kjer se\\nnam \\u017eelite pridru\\u017eiti. &nbsp;\\\/ K\\u00e9rj\\u00fck, jel\\u00f6lje\\nmeg, hol k\\u00edv\\u00e1n csatlakozni a buszhoz (csak 1 v\\u00e1lasz jel\\u00f6lhet\\u0151 meg). &nbsp;<\\\/span><\\\/p>\",\"drawerDisabled\":false,\"id\":186,\"beforeField\":\"\",\"afterField\":\"\",\"value\":\"\",\"parentType\":\"list\",\"element_templates\":[\"listselect\",\"input\"],\"old_classname\":\"list-select\",\"wrap_template\":\"wrap\"},{\"objectType\":\"Field\",\"objectDomain\":\"fields\",\"editActive\":false,\"order\":999,\"idAttribute\":\"id\",\"type\":\"listselect\",\"label\":\"Kosilo \\\/ Eb\\u00e9d \",\"key\":\"kosilo_ebed_1756895352122\",\"label_pos\":\"above\",\"required\":1,\"options\":[{\"errors\":[],\"max_options\":0,\"label\":\"Mesni meni \\\/ Norm\\u00e1l men\\u00fc\",\"value\":\"mesni-meni-normal-menue\",\"calc\":\"\",\"selected\":0,\"order\":0,\"settingModel\":{\"settings\":false,\"hide_merge_tags\":false,\"error\":false,\"name\":\"options\",\"type\":\"option-repeater\",\"label\":\"Options <a href=\\\"#\\\" class=\\\"nf-add-new\\\">Add New<\\\/a> <a href=\\\"#\\\" class=\\\"extra nf-open-import-tooltip\\\"><i class=\\\"fa fa-sign-in\\\" aria-hidden=\\\"true\\\"><\\\/i> Import<\\\/a>\",\"width\":\"full\",\"group\":\"\",\"value\":[{\"label\":\"One\",\"value\":\"one\",\"calc\":\"\",\"selected\":0,\"order\":0},{\"label\":\"Two\",\"value\":\"two\",\"calc\":\"\",\"selected\":0,\"order\":1},{\"label\":\"Three\",\"value\":\"three\",\"calc\":\"\",\"selected\":0,\"order\":2}],\"columns\":{\"label\":{\"header\":\"Label\",\"default\":\"\"},\"value\":{\"header\":\"Value\",\"default\":\"\"},\"calc\":{\"header\":\"Calc Value\",\"default\":\"\"},\"selected\":{\"header\":\"<span class=\\\"dashicons dashicons-yes\\\"><\\\/span>\",\"default\":0}}}},{\"errors\":[],\"max_options\":0,\"label\":\"Vegetarijanski meni \\\/ Veget\\u00e1ri\\u00e1nus men\\u00fc\",\"value\":\"vegetarijanski-meni-vegetarianus-menue\",\"calc\":\"\",\"selected\":0,\"order\":1,\"settingModel\":{\"settings\":false,\"hide_merge_tags\":false,\"error\":false,\"name\":\"options\",\"type\":\"option-repeater\",\"label\":\"Options <a href=\\\"#\\\" class=\\\"nf-add-new\\\">Add New<\\\/a> <a href=\\\"#\\\" class=\\\"extra nf-open-import-tooltip\\\"><i class=\\\"fa fa-sign-in\\\" aria-hidden=\\\"true\\\"><\\\/i> Import<\\\/a>\",\"width\":\"full\",\"group\":\"\",\"value\":[{\"label\":\"One\",\"value\":\"one\",\"calc\":\"\",\"selected\":0,\"order\":0},{\"label\":\"Two\",\"value\":\"two\",\"calc\":\"\",\"selected\":0,\"order\":1},{\"label\":\"Three\",\"value\":\"three\",\"calc\":\"\",\"selected\":0,\"order\":2}],\"columns\":{\"label\":{\"header\":\"Label\",\"default\":\"\"},\"value\":{\"header\":\"Value\",\"default\":\"\"},\"calc\":{\"header\":\"Calc Value\",\"default\":\"\"},\"selected\":{\"header\":\"<span class=\\\"dashicons dashicons-yes\\\"><\\\/span>\",\"default\":0}}}}],\"container_class\":\"\",\"element_class\":\"\",\"admin_label\":\"\",\"help_text\":\"\",\"desc_text\":\"<p class=\\\"MsoNormal\\\">Izberite \\u017eeljeno opcijo menija \\\/ K\\u00e9rj\\u00fck v\\u00e1lasszon a men\\u00fck\\nk\\u00f6z\\u00fcl.&nbsp;<o:p><\\\/o:p><\\\/p>\",\"drawerDisabled\":false,\"id\":187,\"beforeField\":\"\",\"afterField\":\"\",\"value\":\"\",\"parentType\":\"list\",\"element_templates\":[\"listselect\",\"input\"],\"old_classname\":\"list-select\",\"wrap_template\":\"wrap\"},{\"objectType\":\"Field\",\"objectDomain\":\"fields\",\"editActive\":false,\"order\":999,\"idAttribute\":\"id\",\"type\":\"listselect\",\"label\":\"Ali se strinjate, da bodo va\\u0161i kontaktni podatki (ime, priimek in e-po\\u0161tni naslov) na voljo drugim udele\\u017eencem dogodka? \\\/ Hozz\\u00e1j\\u00e1rul ahhoz, hogy szem\\u00e9lyes adatait (n\\u00e9v \\u00e9s e-mailc\\u00edm) megosszuk a rendezv\\u00e9ny t\\u00f6bbi r\\u00e9sztvev\\u0151j\\u00e9vel?\",\"key\":\"ali_se_strinjate_da_bodo_vasi_kontaktni_podatki_ime_priimek_in_e-postni_naslov_na_voljo_drugim_udelezencem_dogodka_hozzajarul_ahhoz_hogy_szemelyes_adatait_nev_es_e-mailcim_megosszuk_a_rendezveny_toebbi_resztvevojevel_1756895415201\",\"label_pos\":\"above\",\"required\":1,\"options\":[{\"errors\":[],\"max_options\":0,\"label\":\"Ja, se strinjam. \\\/ Igen, hozz\\u00e1j\\u00e1rulok.\",\"value\":\"ja-se-strinjam-igen-hozzajarulok\",\"calc\":\"\",\"selected\":0,\"order\":0,\"settingModel\":{\"settings\":false,\"hide_merge_tags\":false,\"error\":false,\"name\":\"options\",\"type\":\"option-repeater\",\"label\":\"Options <a href=\\\"#\\\" class=\\\"nf-add-new\\\">Add New<\\\/a> <a href=\\\"#\\\" class=\\\"extra nf-open-import-tooltip\\\"><i class=\\\"fa fa-sign-in\\\" aria-hidden=\\\"true\\\"><\\\/i> Import<\\\/a>\",\"width\":\"full\",\"group\":\"\",\"value\":[{\"label\":\"One\",\"value\":\"one\",\"calc\":\"\",\"selected\":0,\"order\":0},{\"label\":\"Two\",\"value\":\"two\",\"calc\":\"\",\"selected\":0,\"order\":1},{\"label\":\"Three\",\"value\":\"three\",\"calc\":\"\",\"selected\":0,\"order\":2}],\"columns\":{\"label\":{\"header\":\"Label\",\"default\":\"\"},\"value\":{\"header\":\"Value\",\"default\":\"\"},\"calc\":{\"header\":\"Calc Value\",\"default\":\"\"},\"selected\":{\"header\":\"<span class=\\\"dashicons dashicons-yes\\\"><\\\/span>\",\"default\":0}}}},{\"errors\":[],\"max_options\":0,\"label\":\"Ne, zavra\\u010dam. \\\/ Nem, nem j\\u00e1rulok hozz\\u00e1.\",\"value\":\"ne-zavracam-nem-nem-jarulok-hozza\",\"calc\":\"\",\"selected\":0,\"order\":1,\"settingModel\":{\"settings\":false,\"hide_merge_tags\":false,\"error\":false,\"name\":\"options\",\"type\":\"option-repeater\",\"label\":\"Options <a href=\\\"#\\\" class=\\\"nf-add-new\\\">Add New<\\\/a> <a href=\\\"#\\\" class=\\\"extra nf-open-import-tooltip\\\"><i class=\\\"fa fa-sign-in\\\" aria-hidden=\\\"true\\\"><\\\/i> Import<\\\/a>\",\"width\":\"full\",\"group\":\"\",\"value\":[{\"label\":\"One\",\"value\":\"one\",\"calc\":\"\",\"selected\":0,\"order\":0},{\"label\":\"Two\",\"value\":\"two\",\"calc\":\"\",\"selected\":0,\"order\":1},{\"label\":\"Three\",\"value\":\"three\",\"calc\":\"\",\"selected\":0,\"order\":2}],\"columns\":{\"label\":{\"header\":\"Label\",\"default\":\"\"},\"value\":{\"header\":\"Value\",\"default\":\"\"},\"calc\":{\"header\":\"Calc Value\",\"default\":\"\"},\"selected\":{\"header\":\"<span class=\\\"dashicons dashicons-yes\\\"><\\\/span>\",\"default\":0}}}}],\"container_class\":\"\",\"element_class\":\"\",\"admin_label\":\"\",\"help_text\":\"\",\"desc_text\":\"<p class=\\\"MsoNormal\\\">To vpra\\u0161anje se nana\\u0161a na po\\u0161iljanje follow-up informacij (lista prisotnosti dogodka, povezava do galerije slik itd.). Zavrnitev tega dovoljenja ne prepre\\u010duje, da bi se udele\\u017eili dogodka. \\u010ce imate kakr\\u0161na koli vpra\\u0161anja ali potrebujete dodatna pojasnila, nam pi\\u0161ite na si-hu.mkrr@gov.si. \\\/ Erre a rendezv\\u00e9ny lebonyol\\u00edt\\u00e1s\\u00e1nak ut\\u00e1nk\\u00f6vet\\u00e9si inform\\u00e1ci\\u00f3ir\\u00f3l (jelenl\\u00e9ti \\u00edv, link a fot\\u00f3gal\\u00e9ri\\u00e1hoz, stb.) val\\u00f3 t\\u00e1j\\u00e9koztat\\u00e1s miatt van sz\\u00fcks\\u00e9g\\u00fcnk. Amennyiben \\u00d6n ehhez nem k\\u00edv\\u00e1n hozz\\u00e1j\\u00e1rulni, az nem akad\\u00e1lyozza \\u00d6nt abban, hogy rendezv\\u00e9ny\\u00fcnk\\u00f6n r\\u00e9szt vegyen. Amennyiben a t\\u00e9m\\u00e1val kapcsolatban b\\u00e1rmilyen k\\u00e9rd\\u00e9se van, vagy tov\\u00e1bbi t\\u00e1j\\u00e9koztat\\u00e1st szeretne, k\\u00e9rj\\u00fck, jelezze azt a si-hu.mkrr@gov.si e-mailc\\u00edmen.<\\\/p><p class=\\\"MsoNormal\\\">Opomba: Interreg program Slovenija-Mad\\u017earska uporablja posnetke dogodkov na spletni strani programa, kot tudi na Facebook strani in publikacijah programa. Posnetki, na katerih ste lahko prikazani, se uporabljajo samo za ponazoritev dogodka in za namene poro\\u010danja. \\\/ Fontos: az Interreg Szlov\\u00e9nia-Magyarorsz\\u00e1g Program a rendezv\\u00e9ny sor\\u00e1n k\\u00e9sz\\u00edtett fot\\u00f3kat a honlapj\\u00e1n, Facebook oldal\\u00e1n \\u00e9s tov\\u00e1bbi programpublik\\u00e1ci\\u00f3k keret\\u00e9ben felhaszn\\u00e1lja. A k\\u00e9peket, amelyeken \\u00d6n is szerepelhet, a Program csup\\u00e1n a rendezv\\u00e9nyt k\\u00f6vet\\u0151 t\\u00e1j\\u00e9koztat\\u00e1si \\u00e9s ahhoz kapcsol\\u00f3d\\u00f3 jelent\\u00e9st\\u00e9teli c\\u00e9lokra haszn\\u00e1lja fel.&nbsp;<\\\/p><p class=\\\"MsoNormal\\\">Udele\\u017eba na dogodku je na lastno odgovornost.&nbsp; V kolikor se nam boste pridru\\u017eili in pri tem zapeljali \\u010dez mejo, ne pozabite na veljavni osebni dokument (osebna, potni list). Ne pozabite, da je v Sloveniji uradna veljavna valuta evro (EUR), in na Mad\\u017earskem forint (HUF). Prosimo, poskrbite, da boste oble\\u010deni dogodku primerno. \\\/ Az esem\\u00e9nyen minden r\\u00e9sztvev\\u0151 saj\\u00e1t felel\\u0151ss\\u00e9g\\u00e9re vesz r\\u00e9szt. K\\u00e9rj\\u00fck, az esetleges hat\\u00e1rellen\\u0151rz\\u00e9sekre val\\u00f3 tekintettel sz\\u00edveskedjen \\u00e9rv\\u00e9nyes, szem\\u00e9lyazonoss\\u00e1g\\u00e1t igazol\\u00f3 dokumentumot (szem\\u00e9lyi igazolv\\u00e1ny, \\u00fatlev\\u00e9l) mag\\u00e1val hozni. Ne feledje, hogy Szlov\\u00e9ni\\u00e1ban a hivatalos p\\u00e9nznem az eur\\u00f3 (EUR), Magyarorsz\\u00e1gon pedig a forint (HUF). K\\u00e9rj\\u00fck, gondoskodjon arr\\u00f3l, hogy \\u00f6lt\\u00f6zete megfelel\\u0151 legyen a rendezv\\u00e9nyhez.<\\\/p>\",\"drawerDisabled\":false,\"id\":188,\"beforeField\":\"\",\"afterField\":\"\",\"value\":\"\",\"parentType\":\"list\",\"element_templates\":[\"listselect\",\"input\"],\"old_classname\":\"list-select\",\"wrap_template\":\"wrap\"},{\"objectType\":\"Field\",\"objectDomain\":\"fields\",\"editActive\":false,\"order\":999,\"idAttribute\":\"id\",\"type\":\"submit\",\"label\":\"Prijavite se! \\\/ Regisztr\\u00e1ci\\u00f3 elk\\u00fcld\\u00e9se\",\"processing_label\":\"Processing\",\"container_class\":\"\",\"element_class\":\"\",\"key\":\"prijavite_se_regisztracio_elkueldese_1756895535806\",\"drawerDisabled\":false,\"id\":189,\"beforeField\":\"\",\"afterField\":\"\",\"value\":\"\",\"label_pos\":\"above\",\"parentType\":\"textbox\",\"element_templates\":[\"submit\",\"button\",\"input\"],\"old_classname\":\"\",\"wrap_template\":\"wrap-no-label\"}];nfForms.push(form);<\/script>\n        \n","protected":false},"excerpt":{"rendered":"","protected":false},"author":19,"featured_media":0,"parent":0,"menu_order":0,"comment_status":"closed","ping_status":"closed","template":"","meta":{"ngg_post_thumbnail":0},"_links":{"self":[{"href":"http:\/\/www.si-hu.eu\/2127\/sl\/wp-json\/wp\/v2\/pages\/13769"}],"collection":[{"href":"http:\/\/www.si-hu.eu\/2127\/sl\/wp-json\/wp\/v2\/pages"}],"about":[{"href":"http:\/\/www.si-hu.eu\/2127\/sl\/wp-json\/wp\/v2\/types\/page"}],"author":[{"embeddable":true,"href":"http:\/\/www.si-hu.eu\/2127\/sl\/wp-json\/wp\/v2\/users\/19"}],"replies":[{"embeddable":true,"href":"http:\/\/www.si-hu.eu\/2127\/sl\/wp-json\/wp\/v2\/comments?post=13769"}],"version-history":[{"count":1,"href":"http:\/\/www.si-hu.eu\/2127\/sl\/wp-json\/wp\/v2\/pages\/13769\/revisions"}],"predecessor-version":[{"id":13770,"href":"http:\/\/www.si-hu.eu\/2127\/sl\/wp-json\/wp\/v2\/pages\/13769\/revisions\/13770"}],"wp:attachment":[{"href":"http:\/\/www.si-hu.eu\/2127\/sl\/wp-json\/wp\/v2\/media?parent=13769"}],"curies":[{"name":"wp","href":"https:\/\/api.w.org\/{rel}","templated":true}]}}