{"id":17449,"date":"2026-02-26T15:49:30","date_gmt":"2026-02-26T14:49:30","guid":{"rendered":"http:\/\/www.si-hu.eu\/2127\/?page_id=17449"},"modified":"2026-02-26T16:18:23","modified_gmt":"2026-02-26T15:18:23","slug":"p2_gucimo_novice","status":"publish","type":"page","link":"http:\/\/www.si-hu.eu\/2127\/sl\/p2_gucimo_novice\/","title":{"rendered":"P2_GU\u010cIMO_Novice"},"content":{"rendered":"<p><div class=\"fusion-fullwidth fullwidth-box fusion-builder-row-1 fusion-flex-container hundred-percent-fullwidth non-hundred-percent-height-scrolling\" style=\"background-color: rgba(255,255,255,0);background-position: center center;background-repeat: no-repeat;border-width: 0px 0px px 0px;border-color:#ffffff;border-style:solid;\" ><div class=\"fusion-builder-row fusion-row fusion-flex-align-items-flex-start\" style=\"width:104% !important;max-width:104% !important;margin-left: calc(-4% \/ 2 );margin-right: calc(-4% \/ 2 );\"><div class=\"fusion-layout-column fusion_builder_column fusion-builder-column-0 fusion_builder_column_1_3 1_3 fusion-flex-column fusion-column-inner-bg-wrapper fusion-column-liftup-border\"><div class=\"fusion-column-wrapper fusion-flex-justify-content-flex-start fusion-content-layout-column\" style=\"border-radius:10px 10px 10px 10px;overflow:hidden;padding: 0px 0px 0px 0px;\"><style type=\"text\/css\">@media only screen and (max-width:1024px) {.fusion-title.fusion-title-1{margin-top:-30px!important; margin-right:-30px!important;margin-bottom:-30px!important;margin-left:-30px!important;}}@media only screen and (max-width:640px) {.fusion-title.fusion-title-1{margin-top:10px!important; margin-right:0px!important;margin-bottom:10px!important; margin-left:0px!important;}}<\/style><div class=\"fusion-title title fusion-title-1 fusion-sep-none fusion-title-center fusion-title-text fusion-title-size-five\" style=\"text-shadow:5px ;;margin-top:-30px;margin-right:-30px;margin-bottom:-30px;margin-left:-30px;\"><h5 class=\"title-heading-center awb-gradient-text\" style=\"margin:0;color:#79ad38;\"><h4>PROJEKT<\/h4><\/h5><\/div><\/div><span class=\"fusion-column-inner-bg hover-type-liftup\"><a class=\"fusion-column-anchor\" href=\"http:\/\/www.si-hu.eu\/2127\/sl\/p2_gucimo_o-projektu\/\"><span class=\"fusion-column-inner-bg-image\" style=\"background-position:left top;background-repeat:no-repeat;-webkit-background-size:cover;-moz-background-size:cover;-o-background-size:cover;background-size:cover;border-radius:10px 10px 10px 10px;box-shadow:5px 10px 0px #79ad38;;\"><\/span><\/a><\/span><style type=\"text\/css\">.fusion-body .fusion-builder-column-0{width:33.333333333333% !important;margin-top : -40px;margin-bottom : 20px;}.fusion-builder-column-0 > .fusion-column-wrapper {padding-top : 0px !important;padding-right : 0px !important;margin-right : 2.88%;padding-bottom : 0px !important;padding-left : 0px !important;margin-left : 1;}.fusion-flex-container .fusion-row .fusion-builder-column-0 > .fusion-column-inner-bg { margin-right:2.88%;margin-left:1; }@media only screen and (max-width:1024px) {.fusion-body .fusion-builder-column-0{width:33.333333333333% !important;order : 0;}.fusion-builder-column-0 > .fusion-column-wrapper {margin-right : 2.88%;margin-left : 1;}.fusion-flex-container .fusion-row .fusion-builder-column-0 > .fusion-column-inner-bg { margin-right:2.88%;margin-left:1; }}@media only screen and (max-width:640px) {.fusion-body .fusion-builder-column-0{width:100% !important;order : 0;}.fusion-builder-column-0 > .fusion-column-wrapper {margin-right : 1.92%;margin-left : 1.92%;}.fusion-flex-container .fusion-row .fusion-builder-column-0 > .fusion-column-inner-bg { margin-right:1.92%;margin-left:1.92%; }}.fusion-builder-column-0 .hover-type-liftup:before{border-radius:10px 10px 10px 10px;}<\/style><\/div><div class=\"fusion-layout-column fusion_builder_column fusion-builder-column-1 fusion_builder_column_1_3 1_3 fusion-flex-column fusion-column-inner-bg-wrapper fusion-column-liftup-border\"><div class=\"fusion-column-wrapper fusion-flex-justify-content-flex-start fusion-content-layout-column\" style=\"border-radius:10px 10px 10px 10px;overflow:hidden;padding: 0px 0px 0px 0px;\"><style type=\"text\/css\">@media only screen and (max-width:1024px) {.fusion-title.fusion-title-2{margin-top:-30px!important; margin-right:-30px!important;margin-bottom:-30px!important;margin-left:-30px!important;}}@media only screen and (max-width:640px) {.fusion-title.fusion-title-2{margin-top:10px!important; margin-right:0px!important;margin-bottom:10px!important; margin-left:0px!important;}}<\/style><div class=\"fusion-title title fusion-title-2 fusion-sep-none fusion-title-center fusion-title-text fusion-title-size-five\" style=\"text-shadow:5px ;;margin-top:-30px;margin-right:-30px;margin-bottom:-30px;margin-left:-30px;\"><h5 class=\"title-heading-center awb-gradient-text\" style=\"margin:0;color:#79ad38;\"><h4>NOVICE<\/h4><\/h5><\/div><\/div><span class=\"fusion-column-inner-bg hover-type-liftup\"><span class=\"fusion-column-anchor\"><span class=\"fusion-column-inner-bg-image\" style=\"background-position:left top;background-repeat:no-repeat;-webkit-background-size:cover;-moz-background-size:cover;-o-background-size:cover;background-size:cover;border-radius:10px 10px 10px 10px;box-shadow:5px 10px 0px #79ad38;;\"><\/span><\/span><\/span><style type=\"text\/css\">.fusion-body .fusion-builder-column-1{width:33.333333333333% !important;margin-top : -40px;margin-bottom : 20px;}.fusion-builder-column-1 > .fusion-column-wrapper {padding-top : 0px !important;padding-right : 0px !important;margin-right : 2.88%;padding-bottom : 0px !important;padding-left : 0px !important;margin-left : 1;}.fusion-flex-container .fusion-row .fusion-builder-column-1 > .fusion-column-inner-bg { margin-right:2.88%;margin-left:1; }@media only screen and (max-width:1024px) {.fusion-body .fusion-builder-column-1{width:33.333333333333% !important;order : 0;}.fusion-builder-column-1 > .fusion-column-wrapper {margin-right : 2.88%;margin-left : 1;}.fusion-flex-container .fusion-row .fusion-builder-column-1 > .fusion-column-inner-bg { margin-right:2.88%;margin-left:1; }}@media only screen and (max-width:640px) {.fusion-body .fusion-builder-column-1{width:100% !important;order : 0;}.fusion-builder-column-1 > .fusion-column-wrapper {margin-right : 1.92%;margin-left : 1.92%;}.fusion-flex-container .fusion-row .fusion-builder-column-1 > .fusion-column-inner-bg { margin-right:1.92%;margin-left:1.92%; }}.fusion-builder-column-1 .hover-type-liftup:before{border-radius:10px 10px 10px 10px;}<\/style><\/div><div class=\"fusion-layout-column fusion_builder_column fusion-builder-column-2 fusion_builder_column_1_3 1_3 fusion-flex-column fusion-column-inner-bg-wrapper fusion-column-liftup-border\"><div class=\"fusion-column-wrapper fusion-flex-justify-content-flex-start fusion-content-layout-column\" style=\"border-radius:10px 10px 10px 10px;overflow:hidden;padding: 0px 0px 0px 0px;\"><style type=\"text\/css\">@media only screen and (max-width:1024px) {.fusion-title.fusion-title-3{margin-top:-30px!important; margin-right:-30px!important;margin-bottom:-30px!important;margin-left:-30px!important;}}@media only screen and (max-width:640px) {.fusion-title.fusion-title-3{margin-top:10px!important; margin-right:0px!important;margin-bottom:10px!important; margin-left:0px!important;}}<\/style><div class=\"fusion-title title fusion-title-3 fusion-sep-none fusion-title-center fusion-title-text fusion-title-size-five\" style=\"text-shadow:5px #ffffff;;margin-top:-30px;margin-right:-30px;margin-bottom:-30px;margin-left:-30px;\"><h5 class=\"title-heading-center awb-gradient-text\" style=\"margin:0;color:#79ad38;\"><h4>GALERIJA<\/h4><\/h5><\/div><\/div><span class=\"fusion-column-inner-bg hover-type-liftup\"><a class=\"fusion-column-anchor\" href=\"http:\/\/www.si-hu.eu\/2127\/sl\/p2_gucimo_galerija\/\"><span class=\"fusion-column-inner-bg-image\" style=\"background-position:left top;background-repeat:no-repeat;-webkit-background-size:cover;-moz-background-size:cover;-o-background-size:cover;background-size:cover;border-radius:10px 10px 10px 10px;box-shadow:5px 10px 0px #79ad38;;\"><\/span><\/a><\/span><style type=\"text\/css\">.fusion-body .fusion-builder-column-2{width:33.333333333333% !important;margin-top : -40px;margin-bottom : 20px;}.fusion-builder-column-2 > .fusion-column-wrapper {padding-top : 0px !important;padding-right : 0px !important;margin-right : 2.88%;padding-bottom : 0px !important;padding-left : 0px !important;margin-left : 1;}.fusion-flex-container .fusion-row .fusion-builder-column-2 > .fusion-column-inner-bg { margin-right:2.88%;margin-left:1; }@media only screen and (max-width:1024px) {.fusion-body .fusion-builder-column-2{width:33.333333333333% !important;order : 0;}.fusion-builder-column-2 > .fusion-column-wrapper {margin-right : 2.88%;margin-left : 1;}.fusion-flex-container .fusion-row .fusion-builder-column-2 > .fusion-column-inner-bg { margin-right:2.88%;margin-left:1; }}@media only screen and (max-width:640px) {.fusion-body .fusion-builder-column-2{width:100% !important;order : 0;}.fusion-builder-column-2 > .fusion-column-wrapper {margin-right : 1.92%;margin-left : 1.92%;}.fusion-flex-container .fusion-row .fusion-builder-column-2 > .fusion-column-inner-bg { margin-right:1.92%;margin-left:1.92%; }}.fusion-builder-column-2 .hover-type-liftup:before{border-radius:10px 10px 10px 10px;}<\/style><\/div><div class=\"fusion-layout-column fusion_builder_column fusion-builder-column-3 fusion_builder_column_1_1 1_1 fusion-flex-column\"><div class=\"fusion-column-wrapper fusion-flex-justify-content-flex-start fusion-content-layout-column\" style=\"background-position:left top;background-repeat:no-repeat;-webkit-background-size:cover;-moz-background-size:cover;-o-background-size:cover;background-size:cover;padding: 0px 0px 0px 0px;\"><div style=\"text-align:right;\"><span class=\" fusion-imageframe imageframe-none imageframe-1 hover-type-none\" style=\"margin-top:-500px;\"><a href=\"http:\/\/www.si-hu.eu\/2127\/wp-content\/uploads\/sites\/14\/2025\/12\/GUCIMO-Project-logo-Slovenia-Hungary_bilingual_color-500x258.jpg\" class=\"fusion-lightbox\" data-rel=\"iLightbox[d7a9307b23422294556]\" data-title=\"GU\u010cIMO Project logo Slovenia-Hungary_bilingual_color\" title=\"GU\u010cIMO Project logo Slovenia-Hungary_bilingual_color\"><img width=\"500\" height=\"258\" src=\"http:\/\/www.si-hu.eu\/2127\/wp-content\/uploads\/sites\/14\/2025\/12\/GUCIMO-Project-logo-Slovenia-Hungary_bilingual_color-500x258.jpg\" class=\"img-responsive wp-image-16350\" srcset=\"http:\/\/www.si-hu.eu\/2127\/wp-content\/uploads\/sites\/14\/2025\/12\/GUCIMO-Project-logo-Slovenia-Hungary_bilingual_color-200x103.jpg 200w, http:\/\/www.si-hu.eu\/2127\/wp-content\/uploads\/sites\/14\/2025\/12\/GUCIMO-Project-logo-Slovenia-Hungary_bilingual_color-400x206.jpg 400w, http:\/\/www.si-hu.eu\/2127\/wp-content\/uploads\/sites\/14\/2025\/12\/GUCIMO-Project-logo-Slovenia-Hungary_bilingual_color-600x310.jpg 600w, http:\/\/www.si-hu.eu\/2127\/wp-content\/uploads\/sites\/14\/2025\/12\/GUCIMO-Project-logo-Slovenia-Hungary_bilingual_color-800x413.jpg 800w, http:\/\/www.si-hu.eu\/2127\/wp-content\/uploads\/sites\/14\/2025\/12\/GUCIMO-Project-logo-Slovenia-Hungary_bilingual_color-1200x619.jpg 1200w\" sizes=\"(max-width: 640px) 100vw, 1200px\" \/><\/a><\/span><\/div><div ><style type=\"text\/css\">.fusion-button.button-1 {border-radius:4px;}<\/style><a class=\"fusion-button button-flat fusion-button-default-size button-default button-1 fusion-button-default-span fusion-button-default-type\" target=\"_self\" href=\"http:\/\/www.si-hu.eu\/2127\/sl\/p2_gucimo_domov\/\"><span class=\"fusion-button-text\">GU\u010cIMO &#8211; domov<\/span><\/a><\/div><\/div><style type=\"text\/css\">.fusion-body .fusion-builder-column-3{width:100% !important;margin-top : 0px;margin-bottom : 20px;}.fusion-builder-column-3 > .fusion-column-wrapper {padding-top : 0px !important;padding-right : 0px !important;margin-right : 1.92%;padding-bottom : 0px !important;padding-left : 0px !important;margin-left : 1.92%;}@media only screen and (max-width:1024px) {.fusion-body .fusion-builder-column-3{width:100% !important;order : 0;}.fusion-builder-column-3 > .fusion-column-wrapper {margin-right : 1.92%;margin-left : 1.92%;}}@media only screen and (max-width:640px) {.fusion-body .fusion-builder-column-3{width:100% !important;order : 0;}.fusion-builder-column-3 > .fusion-column-wrapper {margin-right : 1.92%;margin-left : 1.92%;}}<\/style><\/div><\/div><style type=\"text\/css\">.fusion-body .fusion-flex-container.fusion-builder-row-1{ padding-top : ;margin-top : 0px;padding-right : 0px;padding-bottom : ;margin-bottom : 0px;padding-left : 0px;}<\/style><\/div><div class=\"fusion-fullwidth fullwidth-box fusion-builder-row-2 fusion-flex-container nonhundred-percent-fullwidth non-hundred-percent-height-scrolling\" style=\"background-color: rgba(255,255,255,0);background-position: center center;background-repeat: no-repeat;border-width: 0px 0px 0px 0px;border-color:#e2e2e2;border-style:solid;\" ><div class=\"fusion-builder-row fusion-row fusion-flex-align-items-flex-start\" style=\"max-width:1248px;margin-left: calc(-4% \/ 2 );margin-right: calc(-4% \/ 2 );\"><div class=\"fusion-layout-column fusion_builder_column fusion-builder-column-4 fusion_builder_column_1_1 1_1 fusion-flex-column\"><div class=\"fusion-column-wrapper fusion-flex-justify-content-flex-start fusion-content-layout-column\" style=\"background-position:left top;background-repeat:no-repeat;-webkit-background-size:cover;-moz-background-size:cover;-o-background-size:cover;background-size:cover;padding: 0px 0px 0px 0px;\"><div class=\"fusion-blog-shortcode fusion-blog-shortcode-1 fusion-blog-archive fusion-blog-layout-medium-alternate fusion-blog-pagination .fusion-recent-posts .recent-posts-content .entry-title{ font-size:20px; }\"><div class=\"fusion-posts-container fusion-posts-container-pagination fusion-blog-rollover\" data-pages=\"1\"><article id=\"blog-1-post-17545\" class=\"fusion-post-medium-alternate post-17545 post type-post status-publish format-standard has-post-thumbnail hentry category-project-news_cultivine_si category-projektne-novice-sl\">\n<div class=\"fusion-date-and-formats\"><div class=\"fusion-date-box updated\"><span class=\"fusion-date\">3<\/span><span class=\"fusion-month-year\">03, 2026<\/span><\/div><div class=\"fusion-format-box\"><i class=\"awb-icon-pen\" aria-hidden=\"true\"><\/i><\/div><\/div>\t<style type=\"text\/css\">\n\t\t\n\t\t\n\t\t\n\t\t\n\t\t\t<\/style>\n\n\n\t\t\t<div class=\"fusion-flexslider flexslider fusion-flexslider-loading fusion-post-slideshow\" style=\"\">\n\t\t<ul class=\"slides\">\n\t\t\t\n\t\t\t\t\t\t\t\t\t\t\t\t\t\t<li><div  class=\"fusion-image-wrapper fusion-image-size-fixed\" aria-haspopup=\"true\">\n\t\t\t\t  <img width=\"320\" height=\"202\" src=\"http:\/\/www.si-hu.eu\/2127\/wp-content\/uploads\/sites\/14\/2026\/03\/CULTIVINE-SIHU-Networking-Meetings--320x202.png\" class=\"attachment-blog-medium size-blog-medium wp-post-image\" alt=\"\" srcset=\"http:\/\/www.si-hu.eu\/2127\/wp-content\/uploads\/sites\/14\/2026\/03\/CULTIVINE-SIHU-Networking-Meetings--320x202.png 320w, http:\/\/www.si-hu.eu\/2127\/wp-content\/uploads\/sites\/14\/2026\/03\/CULTIVINE-SIHU-Networking-Meetings--700x441.png 700w\" sizes=\"(max-width: 320px) 100vw, 320px\" \/><div class=\"fusion-rollover\">\n\t<div class=\"fusion-rollover-content\">\n\n\t\t\t\t\t\t\t\t\t\t\t\t\t\t<a class=\"fusion-rollover-link\" href=\"http:\/\/www.si-hu.eu\/2127\/sl\/2026\/03\/03\/dve-povezovalni-srecanji-krepita-cezmejno-sodelovanje-v-okviru-projekta-cultivine\/\">Dve povezovalni sre\u010danji krepita \u010dezmejno sodelovanje v okviru projekta CULTIVINE<\/a>\n\t\t\t\n\t\t\t\t\t\t\t\t\t\t\t\t\t\t\n\t\t\t\t\t\t\t\t\n\t\t\t\t\t\t\t\t\t\t\t\t\t<div class=\"fusion-rollover-sep\"><\/div>\n\t\t\t\t\n\t\t\t\t\t\t\t\t\t\t\t\t\t\t\t\t\t\t<a class=\"fusion-rollover-gallery\" href=\"http:\/\/www.si-hu.eu\/2127\/wp-content\/uploads\/sites\/14\/2026\/03\/CULTIVINE-SIHU-Networking-Meetings-.png\" data-id=\"17545\" data-rel=\"iLightbox[gallery]\" data-title=\"CULTIVINE SIHU Networking Meetings\" data-caption=\"\">\n\t\t\t\t\t\tGallery\t\t\t\t\t<\/a>\n\t\t\t\t\t\t\t\t\t\t\t\t\t\t\n\t\t\n\t\t\t\t\t\t\t\t\t\t\t\t<h4 class=\"fusion-rollover-title\">\n\t\t\t\t\t<a class=\"fusion-rollover-title-link\" href=\"http:\/\/www.si-hu.eu\/2127\/sl\/2026\/03\/03\/dve-povezovalni-srecanji-krepita-cezmejno-sodelovanje-v-okviru-projekta-cultivine\/\">\n\t\t\t\t\t\tDve povezovalni sre\u010danji krepita \u010dezmejno sodelovanje v okviru projekta CULTIVINE\t\t\t\t\t<\/a>\n\t\t\t\t<\/h4>\n\t\t\t\n\t\t\t\t\t\t\t\t\t\t<div class=\"fusion-rollover-categories\"><a href=\"http:\/\/www.si-hu.eu\/2127\/sl\/category\/project-news_cultivine_si\/\" rel=\"tag\">Project news_CULTIVINE_SI<\/a>, <a href=\"http:\/\/www.si-hu.eu\/2127\/sl\/category\/projektne-novice-sl\/\" rel=\"tag\">Projektne novice<\/a><\/div>\t\t\t\t\t\n\t\t\n\t\t\t\t\t\t<a class=\"fusion-link-wrapper\" href=\"http:\/\/www.si-hu.eu\/2127\/sl\/2026\/03\/03\/dve-povezovalni-srecanji-krepita-cezmejno-sodelovanje-v-okviru-projekta-cultivine\/\" aria-label=\"Dve povezovalni sre\u010danji krepita \u010dezmejno sodelovanje v okviru projekta CULTIVINE\"><\/a>\n\t<\/div>\n<\/div>\n<\/div>\n<\/li>\n\t\t\t\n\t\t\t\n\t\t\t\t\t\t\t\t\t\t\t\t\t\t\t\t\t\t\t\t\t\t\t\t\t\t\t\t\t\t\t\t\t\t\t\t\t\t\t\t\t\t\t\t\t\t\t\t\t\t\t\t\t\t\t\t\t\t\t\t\t\t\t\t\t\t\t\t<\/ul>\n\t<\/div>\n\t<div class=\"fusion-post-content post-content\"><h2 class=\"blog-shortcode-post-title entry-title\">Dve povezovalni sre\u010danji krepita \u010dezmejno sodelovanje v okviru projekta CULTIVINE<\/h2><p class=\"fusion-single-line-meta\"><span class=\"vcard\" style=\"display: none;\"><span class=\"fn\"><a href=\"http:\/\/www.si-hu.eu\/2127\/sl\/author\/gomag\/\" title=\"Prispevki od gomag\" rel=\"author\">gomag<\/a><\/span><\/span><span class=\"updated\" style=\"display:none;\">2026-03-03T13:17:34+01:00<\/span><span>3. marca, 2026<\/span><span class=\"fusion-inline-sep\">|<\/span>Categories: <a href=\"http:\/\/www.si-hu.eu\/2127\/sl\/category\/project-news_cultivine_si\/\" rel=\"category tag\">Project news_CULTIVINE_SI<\/a>, <a href=\"http:\/\/www.si-hu.eu\/2127\/sl\/category\/projektne-novice-sl\/\" rel=\"category tag\">Projektne novice<\/a><span class=\"fusion-inline-sep\">|<\/span><span class=\"fusion-comments\"><a href=\"http:\/\/www.si-hu.eu\/2127\/sl\/2026\/03\/03\/dve-povezovalni-srecanji-krepita-cezmejno-sodelovanje-v-okviru-projekta-cultivine\/#respond\">0 Comments<\/a><\/span><\/p><div class=\"fusion-post-content-container\"><p>V februarju 2026 sta v sklopu projekta CULTIVINE, potekali dve pomembni povezovalni sre\u010danji. Dogodka sta bila organizirana 13. februarja v Lov\u00e1sziju (\u017dupanija Zala, Mad\u017earska) ter 18. februarja v Ljutomeru (Pomurje, Slovenija) in sta zdru\u017eila klju\u010dne dele\u017enike z obeh strani meje.<\/p><\/div><\/div><div class=\"fusion-clearfix\"><\/div><div class=\"fusion-meta-info\"><div class=\"fusion-alignright\"><a class=\"fusion-read-more\" href=\"http:\/\/www.si-hu.eu\/2127\/sl\/2026\/03\/03\/dve-povezovalni-srecanji-krepita-cezmejno-sodelovanje-v-okviru-projekta-cultivine\/\" aria-label=\"More on Dve povezovalni sre\u010danji krepita \u010dezmejno sodelovanje v okviru projekta CULTIVINE\">Read More<\/a><\/div><\/div><\/article>\n<article id=\"blog-1-post-17459\" class=\"fusion-post-medium-alternate post-17459 post type-post status-publish format-standard has-post-thumbnail hentry category-project-news_gucimo_si category-projektne-novice-sl\">\n<div class=\"fusion-date-and-formats\"><div class=\"fusion-date-box updated\"><span class=\"fusion-date\">26<\/span><span class=\"fusion-month-year\">02, 2026<\/span><\/div><div class=\"fusion-format-box\"><i class=\"awb-icon-pen\" aria-hidden=\"true\"><\/i><\/div><\/div>\t<style type=\"text\/css\">\n\t\t\n\t\t\n\t\t\n\t\t\n\t\t\t<\/style>\n\n\n\t\t\t<div class=\"fusion-flexslider flexslider fusion-flexslider-loading fusion-post-slideshow\" style=\"\">\n\t\t<ul class=\"slides\">\n\t\t\t\n\t\t\t\t\t\t\t\t\t\t\t\t\t\t<li><div  class=\"fusion-image-wrapper fusion-image-size-fixed\" aria-haspopup=\"true\">\n\t\t\t\t  <img width=\"320\" height=\"202\" src=\"http:\/\/www.si-hu.eu\/2127\/wp-content\/uploads\/sites\/14\/2026\/02\/GUCIMO-featured-image-320x202.png\" class=\"attachment-blog-medium size-blog-medium wp-post-image\" alt=\"\" srcset=\"http:\/\/www.si-hu.eu\/2127\/wp-content\/uploads\/sites\/14\/2026\/02\/GUCIMO-featured-image-320x202.png 320w, http:\/\/www.si-hu.eu\/2127\/wp-content\/uploads\/sites\/14\/2026\/02\/GUCIMO-featured-image-700x441.png 700w\" sizes=\"(max-width: 320px) 100vw, 320px\" \/><div class=\"fusion-rollover\">\n\t<div class=\"fusion-rollover-content\">\n\n\t\t\t\t\t\t\t\t\t\t\t\t\t\t<a class=\"fusion-rollover-link\" href=\"http:\/\/www.si-hu.eu\/2127\/sl\/2026\/02\/26\/uspesno-izveden-kick-off-sestanek-projekta-gucimo\/\">Uspe\u0161no izveden kick-off sestanek projekta GU\u010cIMO<\/a>\n\t\t\t\n\t\t\t\t\t\t\t\t\t\t\t\t\t\t\n\t\t\t\t\t\t\t\t\n\t\t\t\t\t\t\t\t\t\t\t\t\t<div class=\"fusion-rollover-sep\"><\/div>\n\t\t\t\t\n\t\t\t\t\t\t\t\t\t\t\t\t\t\t\t\t\t\t<a class=\"fusion-rollover-gallery\" href=\"http:\/\/www.si-hu.eu\/2127\/wp-content\/uploads\/sites\/14\/2026\/02\/GUCIMO-featured-image.png\" data-id=\"17459\" data-rel=\"iLightbox[gallery]\" data-title=\"GU\u010cIMO featured image\" data-caption=\"\">\n\t\t\t\t\t\tGallery\t\t\t\t\t<\/a>\n\t\t\t\t\t\t\t\t\t\t\t\t\t\t\n\t\t\n\t\t\t\t\t\t\t\t\t\t\t\t<h4 class=\"fusion-rollover-title\">\n\t\t\t\t\t<a class=\"fusion-rollover-title-link\" href=\"http:\/\/www.si-hu.eu\/2127\/sl\/2026\/02\/26\/uspesno-izveden-kick-off-sestanek-projekta-gucimo\/\">\n\t\t\t\t\t\tUspe\u0161no izveden kick-off sestanek projekta GU\u010cIMO\t\t\t\t\t<\/a>\n\t\t\t\t<\/h4>\n\t\t\t\n\t\t\t\t\t\t\t\t\t\t<div class=\"fusion-rollover-categories\"><a href=\"http:\/\/www.si-hu.eu\/2127\/sl\/category\/project-news_gucimo_si\/\" rel=\"tag\">Project news_GU\u010cIMO_SI<\/a>, <a href=\"http:\/\/www.si-hu.eu\/2127\/sl\/category\/projektne-novice-sl\/\" rel=\"tag\">Projektne novice<\/a><\/div>\t\t\t\t\t\n\t\t\n\t\t\t\t\t\t<a class=\"fusion-link-wrapper\" href=\"http:\/\/www.si-hu.eu\/2127\/sl\/2026\/02\/26\/uspesno-izveden-kick-off-sestanek-projekta-gucimo\/\" aria-label=\"Uspe\u0161no izveden kick-off sestanek projekta GU\u010cIMO\"><\/a>\n\t<\/div>\n<\/div>\n<\/div>\n<\/li>\n\t\t\t\n\t\t\t\n\t\t\t\t\t\t\t\t\t\t\t\t\t\t\t\t\t\t\t\t\t\t\t\t\t\t\t\t\t\t\t\t\t\t\t\t\t\t\t\t\t\t\t\t\t\t\t\t\t\t\t\t\t\t\t\t\t\t\t\t\t\t\t\t\t\t\t\t<\/ul>\n\t<\/div>\n\t<div class=\"fusion-post-content post-content\"><h2 class=\"blog-shortcode-post-title entry-title\">Uspe\u0161no izveden kick-off sestanek projekta GU\u010cIMO<\/h2><p class=\"fusion-single-line-meta\"><span class=\"vcard\" style=\"display: none;\"><span class=\"fn\"><a href=\"http:\/\/www.si-hu.eu\/2127\/sl\/author\/gomag\/\" title=\"Prispevki od gomag\" rel=\"author\">gomag<\/a><\/span><\/span><span class=\"updated\" style=\"display:none;\">2026-02-26T16:44:28+01:00<\/span><span>26. februarja, 2026<\/span><span class=\"fusion-inline-sep\">|<\/span>Categories: <a href=\"http:\/\/www.si-hu.eu\/2127\/sl\/category\/project-news_gucimo_si\/\" rel=\"category tag\">Project news_GU\u010cIMO_SI<\/a>, <a href=\"http:\/\/www.si-hu.eu\/2127\/sl\/category\/projektne-novice-sl\/\" rel=\"category tag\">Projektne novice<\/a><span class=\"fusion-inline-sep\">|<\/span><span class=\"fusion-comments\"><a href=\"http:\/\/www.si-hu.eu\/2127\/sl\/2026\/02\/26\/uspesno-izveden-kick-off-sestanek-projekta-gucimo\/#respond\">0 Comments<\/a><\/span><\/p><div class=\"fusion-post-content-container\"><p>V sredo, 28. januarja 2026, je v prostorih Razvojnega zavoda Puconci v Bodoncih potekal prvi delovni \u2013 kick-off sestanek \u010dezmejnega projekta GU\u010cIMO. <\/p><\/div><\/div><div class=\"fusion-clearfix\"><\/div><div class=\"fusion-meta-info\"><div class=\"fusion-alignright\"><a class=\"fusion-read-more\" href=\"http:\/\/www.si-hu.eu\/2127\/sl\/2026\/02\/26\/uspesno-izveden-kick-off-sestanek-projekta-gucimo\/\" aria-label=\"More on Uspe\u0161no izveden kick-off sestanek projekta GU\u010cIMO\">Read More<\/a><\/div><\/div><\/article>\n<\/div><\/div><\/div><style type=\"text\/css\">.fusion-body .fusion-builder-column-4{width:100% !important;margin-top : 0px;margin-bottom : 20px;}.fusion-builder-column-4 > .fusion-column-wrapper {padding-top : 0px !important;padding-right : 0px !important;margin-right : 1.92%;padding-bottom : 0px !important;padding-left : 0px !important;margin-left : 1.92%;}@media only screen and (max-width:1024px) {.fusion-body .fusion-builder-column-4{width:100% !important;order : 0;}.fusion-builder-column-4 > .fusion-column-wrapper {margin-right : 1.92%;margin-left : 1.92%;}}@media only screen and (max-width:640px) {.fusion-body .fusion-builder-column-4{width:100% !important;order : 0;}.fusion-builder-column-4 > .fusion-column-wrapper {margin-right : 1.92%;margin-left : 1.92%;}}<\/style><\/div><\/div><style type=\"text\/css\">.fusion-body .fusion-flex-container.fusion-builder-row-2{ padding-top : 0px;margin-top : 0px;padding-right : 0px;padding-bottom : 0px;margin-bottom : 0px;padding-left : 0px;}<\/style><\/div><\/p>\n","protected":false},"excerpt":{"rendered":"","protected":false},"author":131,"featured_media":0,"parent":0,"menu_order":0,"comment_status":"closed","ping_status":"closed","template":"","meta":{"ngg_post_thumbnail":0},"_links":{"self":[{"href":"http:\/\/www.si-hu.eu\/2127\/sl\/wp-json\/wp\/v2\/pages\/17449"}],"collection":[{"href":"http:\/\/www.si-hu.eu\/2127\/sl\/wp-json\/wp\/v2\/pages"}],"about":[{"href":"http:\/\/www.si-hu.eu\/2127\/sl\/wp-json\/wp\/v2\/types\/page"}],"author":[{"embeddable":true,"href":"http:\/\/www.si-hu.eu\/2127\/sl\/wp-json\/wp\/v2\/users\/131"}],"replies":[{"embeddable":true,"href":"http:\/\/www.si-hu.eu\/2127\/sl\/wp-json\/wp\/v2\/comments?post=17449"}],"version-history":[{"count":2,"href":"http:\/\/www.si-hu.eu\/2127\/sl\/wp-json\/wp\/v2\/pages\/17449\/revisions"}],"predecessor-version":[{"id":17455,"href":"http:\/\/www.si-hu.eu\/2127\/sl\/wp-json\/wp\/v2\/pages\/17449\/revisions\/17455"}],"wp:attachment":[{"href":"http:\/\/www.si-hu.eu\/2127\/sl\/wp-json\/wp\/v2\/media?parent=17449"}],"curies":[{"name":"wp","href":"https:\/\/api.w.org\/{rel}","templated":true}]}}