{"id":4160,"date":"2019-02-27T12:12:28","date_gmt":"2019-02-27T11:12:28","guid":{"rendered":"http:\/\/www.si-hu.eu\/2127\/mc-meetings\/"},"modified":"2025-07-15T10:05:40","modified_gmt":"2025-07-15T08:05:40","slug":"mc-meetings","status":"publish","type":"page","link":"http:\/\/www.si-hu.eu\/2127\/sl\/mc-meetings\/","title":{"rendered":"Seje Odbora za spremljanje"},"content":{"rendered":"<p><div class=\"fusion-fullwidth fullwidth-box fusion-builder-row-1 fusion-flex-container nonhundred-percent-fullwidth non-hundred-percent-height-scrolling\" style=\"background-color: rgba(255,255,255,0);background-position: center center;background-repeat: no-repeat;border-width: 0px 0px 0px 0px;border-color:#e2e2e2;border-style:solid;\" ><div class=\"fusion-builder-row fusion-row fusion-flex-align-items-flex-start\" style=\"max-width:1248px;margin-left: calc(-4% \/ 2 );margin-right: calc(-4% \/ 2 );\"><div class=\"fusion-layout-column fusion_builder_column fusion-builder-column-0 fusion_builder_column_2_3 2_3 fusion-flex-column\"><div class=\"fusion-column-wrapper fusion-flex-justify-content-flex-start fusion-content-layout-column\" style=\"background-position:left top;background-repeat:no-repeat;-webkit-background-size:cover;-moz-background-size:cover;-o-background-size:cover;background-size:cover;padding: 0px 0px 0px 0px;\"><style type=\"text\/css\">@media only screen and (max-width:1024px) {.fusion-title.fusion-title-1{margin-top:10px!important; margin-right:0px!important;margin-bottom:15px!important;margin-left:0px!important;}}@media only screen and (max-width:640px) {.fusion-title.fusion-title-1{margin-top:10px!important; margin-right:0px!important;margin-bottom:10px!important; margin-left:0px!important;}}<\/style><div class=\"fusion-title title fusion-title-1 fusion-sep-none fusion-title-text fusion-title-size-two\" style=\"margin-top:10px;margin-right:0px;margin-bottom:15px;margin-left:0px;\"><h2 class=\"title-heading-left\" style=\"margin:0;\">Odbor za spremljanje<\/h2><\/div><div class=\"fusion-separator fusion-full-width-sep\" style=\"align-self: center;margin-left: auto;margin-right: auto;width:100%;\"><div class=\"fusion-separator-border sep-single sep-solid\" style=\"border-color:#e2e2e2;border-top-width:1px;\"><\/div><\/div><div class=\"fusion-text fusion-text-1\" style=\"margin-top:30px;\"><p>Odbor za spremljanje Interreg Programa Slovenija-Mad\u017earska v obdobju 2021-2027 je bil ustanovljen 26. januarja 2023 in je sestavljen iz predstavnikov obeh dr\u017eav \u010dlanic, Slovenije in Mad\u017earske. Sestava Odbora za spremljanje je bila dolo\u010dena na osnovi medsebojnega sporazuma programskih partnerjev, ki zastopajo dr\u017eavi \u010dlanici.<\/p>\n<p>Odbor za spremljanje usmerja program, zagotovi kakovost in u\u010dinkovitost njegovega izvajanja in odlo\u010da o odobritvi oziroma zavrnitvi projektov za sofinanciranje. Hkrati je prevzel naloge in obveznosti za Program sodelovanja Interreg V-A Slovenija-Mad\u017earska za obdobje 2014-2020.&nbsp;<\/p>\n<p>Zasedanja OzS bodo potekala izmeni\u010dno v obeh dr\u017eavah \u010dlanicah. OzS zaseda vsaj enkrat letno in pregleda izvajanje programa in napredek pri doseganju&nbsp;njegovih ciljev. Podrobno&nbsp;preu\u010di vsa vpra\u0161anja, ki vplivajo na izvajanje programa in sprejme odlo\u010ditve o kakr\u0161nih koli spremembah programa, ki jih predlaga Organ upravljanja ali OzS s svojim predlogom.<\/p>\n<\/div><\/div><style type=\"text\/css\">.fusion-body .fusion-builder-column-0{width:66.666666666667% !important;margin-top : 0px;margin-bottom : 20px;}.fusion-builder-column-0 > .fusion-column-wrapper {padding-top : 0px !important;padding-right : 0px !important;margin-right : 2.88%;padding-bottom : 0px !important;padding-left : 0px !important;margin-left : 2.88%;}@media only screen and (max-width:1024px) {.fusion-body .fusion-builder-column-0{width:66.666666666667% !important;order : 0;}.fusion-builder-column-0 > .fusion-column-wrapper {margin-right : 2.88%;margin-left : 2.88%;}}@media only screen and (max-width:640px) {.fusion-body .fusion-builder-column-0{width:100% !important;order : 0;}.fusion-builder-column-0 > .fusion-column-wrapper {margin-right : 1.92%;margin-left : 1.92%;}}<\/style><\/div><div class=\"fusion-layout-column fusion_builder_column fusion-builder-column-1 fusion_builder_column_1_3 1_3 fusion-flex-column\"><div class=\"fusion-column-wrapper fusion-flex-justify-content-flex-start fusion-content-layout-column\" style=\"background-position:left top;background-repeat:no-repeat;-webkit-background-size:cover;-moz-background-size:cover;-o-background-size:cover;background-size:cover;padding: 0px 0px 0px 0px;\"><style type=\"text\/css\">@media only screen and (max-width:1024px) {.fusion-title.fusion-title-2{margin-top:10px!important; margin-right:0px!important;margin-bottom:15px!important;margin-left:0px!important;}}@media only screen and (max-width:640px) {.fusion-title.fusion-title-2{margin-top:10px!important; margin-right:0px!important;margin-bottom:10px!important; margin-left:0px!important;}}<\/style><div class=\"fusion-title title fusion-title-2 fusion-sep-none fusion-title-text fusion-title-size-three\" style=\"margin-top:10px;margin-right:0px;margin-bottom:15px;margin-left:0px;\"><h3 class=\"title-heading-left\" style=\"margin:0;\"><strong>\u010clani Odbora za spremljanje<\/strong><\/h3><\/div><ul class=\"fusion-checklist fusion-checklist-1\" style=\"font-size:16px;line-height:27.2px;\"><li class=\"fusion-li-item\"><span style=\"background-color:#79ad38;font-size:14.08px;height:27.2px;width:27.2px;margin-right:11.2px;\" class=\"icon-wrapper circle-yes\"><i class=\"fusion-li-icon classic-check-solid\" style=\"color:79AD38;\" aria-hidden=\"true\"><\/i><\/span><div class=\"fusion-li-item-content\" style=\"margin-left:38.4px;\">\n<p>Za seznam \u010dlanov Odbora za spremljanje, prosim obi\u0161\u010dite&nbsp;<a href=\"http:\/\/www.si-hu.eu\/2127\/sl\/clani-odbora-za-spremljanje\/\" target=\"_blank\" rel=\"noopener\">Odbor za spremljanje<\/a>.<\/p>\n<\/div><\/li><\/ul><div class=\"fusion-separator fusion-full-width-sep\" style=\"align-self: center;margin-left: auto;margin-right: auto;margin-top:30px;width:100%;\"><div class=\"fusion-separator-border sep-single sep-solid\" style=\"border-color:#e2e2e2;border-top-width:1px;\"><\/div><\/div><style type=\"text\/css\">@media only screen and (max-width:1024px) {.fusion-title.fusion-title-3{margin-top:10px!important; margin-right:0px!important;margin-bottom:15px!important;margin-left:0px!important;}}@media only screen and (max-width:640px) {.fusion-title.fusion-title-3{margin-top:10px!important; margin-right:0px!important;margin-bottom:10px!important; margin-left:0px!important;}}<\/style><div class=\"fusion-title title fusion-title-3 fusion-sep-none fusion-title-text fusion-title-size-three\" style=\"margin-top:10px;margin-right:0px;margin-bottom:15px;margin-left:0px;\"><h3 class=\"title-heading-left\" style=\"margin:0;\"><strong>Poslovnik Odbora za spremljanje<\/strong><\/h3><\/div><div class=\"fusion-text fusion-text-2\"><p>Prosim oglejte si Poslovnik Odbora za spremljanje.<\/p>\n<\/div><div class=\"fusion-text fusion-text-3\"><p><strong><a href=\"http:\/\/www.si-hu.eu\/2127\/wp-content\/uploads\/sites\/14\/2023\/10\/Rules-of-Procedure-MC-IP_SI-HU_V2.pdf\">Poslovnik Odbora za spremljanje (V2)<\/a> v veljavi<\/strong><\/p>\n<p><a href=\"http:\/\/www.si-hu.eu\/2127\/wp-content\/uploads\/sites\/14\/2023\/04\/Rules-of-Procedure_IP_SI-HU_V1.pdf\">Poslovnik Odbora za spremljanje (V1)<\/a> razveljavljena<\/p>\n<\/div><\/div><style type=\"text\/css\">.fusion-body .fusion-builder-column-1{width:33.333333333333% !important;margin-top : 0px;margin-bottom : 20px;}.fusion-builder-column-1 > .fusion-column-wrapper {padding-top : 0px !important;padding-right : 0px !important;margin-right : 5.76%;padding-bottom : 0px !important;padding-left : 0px !important;margin-left : 5.76%;}@media only screen and (max-width:1024px) {.fusion-body .fusion-builder-column-1{width:33.333333333333% !important;order : 0;}.fusion-builder-column-1 > .fusion-column-wrapper {margin-right : 5.76%;margin-left : 5.76%;}}@media only screen and (max-width:640px) {.fusion-body .fusion-builder-column-1{width:100% !important;order : 0;}.fusion-builder-column-1 > .fusion-column-wrapper {margin-right : 1.92%;margin-left : 1.92%;}}<\/style><\/div><\/div><style type=\"text\/css\">.fusion-body .fusion-flex-container.fusion-builder-row-1{ padding-top : 0px;margin-top : 0px;padding-right : 0px;padding-bottom : 0px;margin-bottom : 0px;padding-left : 0px;}<\/style><\/div><div class=\"fusion-fullwidth fullwidth-box fusion-builder-row-2 fusion-flex-container nonhundred-percent-fullwidth non-hundred-percent-height-scrolling\" style=\"background-color: rgba(255,255,255,0);background-position: center center;background-repeat: no-repeat;border-width: 0px 0px 0px 0px;border-color:#e2e2e2;border-style:solid;\" ><div class=\"fusion-builder-row fusion-row fusion-flex-align-items-flex-start\" style=\"max-width:1248px;margin-left: calc(-4% \/ 2 );margin-right: calc(-4% \/ 2 );\"><div class=\"fusion-layout-column fusion_builder_column fusion-builder-column-2 fusion_builder_column_1_1 1_1 fusion-flex-column\"><div class=\"fusion-column-wrapper fusion-flex-justify-content-flex-start fusion-content-layout-column\" style=\"background-position:left top;background-repeat:no-repeat;-webkit-background-size:cover;-moz-background-size:cover;-o-background-size:cover;background-size:cover;padding: 0px 0px 0px 0px;\"><style type=\"text\/css\">.fusion-accordian  #accordion-4160-1 .panel-title a .fa-fusion-box{ color: #ffffff;}.fusion-accordian  #accordion-4160-1 .panel-title a .fa-fusion-box:before{ font-size: 16px; width: 16px;}.fusion-accordian  #accordion-4160-1 .fa-fusion-box { background-color: #212934;border-color: #212934;}.fusion-accordian  #accordion-4160-1 .panel-title a:hover, #accordion-4160-1 .fusion-toggle-boxed-mode:hover .panel-title a { color: #65bc7b;}.fusion-accordian  #accordion-4160-1 .panel-title .active .fa-fusion-box,.fusion-accordian  #accordion-4160-1 .panel-title a:hover .fa-fusion-box { background-color: #65bc7b!important;border-color: #65bc7b!important;}<\/style><div class=\"accordian fusion-accordian\"><div class=\"panel-group\" id=\"accordion-4160-1\"><div class=\"fusion-panel panel-default\"><div class=\"panel-heading\"><h4 class=\"panel-title toggle\"><a aria-expanded=\"false\" aria-controls=\"28bbbc64568eb29ed\" role=\"button\" data-toggle=\"collapse\" data-parent=\"#accordion-4160-1\" data-target=\"#28bbbc64568eb29ed\" href=\"#28bbbc64568eb29ed\"><span class=\"fusion-toggle-icon-wrapper\" aria-hidden=\"true\"><i class=\"fa-fusion-box\" aria-hidden=\"true\"><\/i><\/span><span class=\"fusion-toggle-heading\">1. zasedanje Odbora za spremljanje (26. januar 2023)<\/span><\/a><\/h4><\/div><div id=\"28bbbc64568eb29ed\" class=\"panel-collapse collapse \"><div class=\"panel-body toggle-content fusion-clearfix\">\n<p><img class=\" wp-image-6500 aligncenter\" src=\"http:\/\/www.si-hu.eu\/2127\/wp-content\/uploads\/sites\/14\/2023\/04\/MC01-500x267.jpg\" alt=\"\" width=\"1098\" height=\"587\" srcset=\"http:\/\/www.si-hu.eu\/2127\/wp-content\/uploads\/sites\/14\/2023\/04\/MC01-200x107.jpg 200w, http:\/\/www.si-hu.eu\/2127\/wp-content\/uploads\/sites\/14\/2023\/04\/MC01-400x214.jpg 400w, http:\/\/www.si-hu.eu\/2127\/wp-content\/uploads\/sites\/14\/2023\/04\/MC01-500x267.jpg 500w, http:\/\/www.si-hu.eu\/2127\/wp-content\/uploads\/sites\/14\/2023\/04\/MC01-600x321.jpg 600w, http:\/\/www.si-hu.eu\/2127\/wp-content\/uploads\/sites\/14\/2023\/04\/MC01-768x411.jpg 768w, http:\/\/www.si-hu.eu\/2127\/wp-content\/uploads\/sites\/14\/2023\/04\/MC01-800x428.jpg 800w, http:\/\/www.si-hu.eu\/2127\/wp-content\/uploads\/sites\/14\/2023\/04\/MC01-1024x548.jpg 1024w, http:\/\/www.si-hu.eu\/2127\/wp-content\/uploads\/sites\/14\/2023\/04\/MC01-1200x642.jpg 1200w, http:\/\/www.si-hu.eu\/2127\/wp-content\/uploads\/sites\/14\/2023\/04\/MC01-1536x822.jpg 1536w\" sizes=\"(max-width: 1098px) 100vw, 1098px\" \/><\/p>\n<p>Prvo, ustanovno zasedanje Odbora za spremljanje (OzS) Programa Interreg Slovenija-Mad\u017earska 2021-2027 je potekalo <strong>26. januarja 2023 na Pohorju v Sloveniji<\/strong>. \u010clani odbora so potrdili Poslovnik OzS in Javni razpis za standardne projekte.<\/p>\n<p><strong><a href=\"http:\/\/www.si-hu.eu\/2127\/wp-content\/uploads\/sites\/14\/2023\/05\/Sklepi-MC01.pdf\">Sklepi so na voljo v prilo\u017eenem dokumentu.<\/a><\/strong><\/p>\n<\/div><\/div><\/div><div class=\"fusion-panel panel-default\"><div class=\"panel-heading\"><h4 class=\"panel-title toggle\"><a aria-expanded=\"false\" aria-controls=\"15b031bd7fa531623\" role=\"button\" data-toggle=\"collapse\" data-parent=\"#accordion-4160-1\" data-target=\"#15b031bd7fa531623\" href=\"#15b031bd7fa531623\"><span class=\"fusion-toggle-icon-wrapper\" aria-hidden=\"true\"><i class=\"fa-fusion-box\" aria-hidden=\"true\"><\/i><\/span><span class=\"fusion-toggle-heading\">2. seja Odbora za spremljanje programa (11. \u2013 12. september 2023)<\/span><\/a><\/h4><\/div><div id=\"15b031bd7fa531623\" class=\"panel-collapse collapse \"><div class=\"panel-body toggle-content fusion-clearfix\">\n<p><img class=\"alignnone wp-image-7853\" src=\"http:\/\/www.si-hu.eu\/2127\/wp-content\/uploads\/sites\/14\/2023\/10\/IMG_20230912_132312-500x327.jpg\" alt=\"\" width=\"706\" height=\"462\" srcset=\"http:\/\/www.si-hu.eu\/2127\/wp-content\/uploads\/sites\/14\/2023\/10\/IMG_20230912_132312-200x131.jpg 200w, http:\/\/www.si-hu.eu\/2127\/wp-content\/uploads\/sites\/14\/2023\/10\/IMG_20230912_132312-400x261.jpg 400w, http:\/\/www.si-hu.eu\/2127\/wp-content\/uploads\/sites\/14\/2023\/10\/IMG_20230912_132312-500x327.jpg 500w, http:\/\/www.si-hu.eu\/2127\/wp-content\/uploads\/sites\/14\/2023\/10\/IMG_20230912_132312-600x392.jpg 600w, http:\/\/www.si-hu.eu\/2127\/wp-content\/uploads\/sites\/14\/2023\/10\/IMG_20230912_132312-768x502.jpg 768w, http:\/\/www.si-hu.eu\/2127\/wp-content\/uploads\/sites\/14\/2023\/10\/IMG_20230912_132312-800x523.jpg 800w, http:\/\/www.si-hu.eu\/2127\/wp-content\/uploads\/sites\/14\/2023\/10\/IMG_20230912_132312-1024x669.jpg 1024w, http:\/\/www.si-hu.eu\/2127\/wp-content\/uploads\/sites\/14\/2023\/10\/IMG_20230912_132312-1200x784.jpg 1200w, http:\/\/www.si-hu.eu\/2127\/wp-content\/uploads\/sites\/14\/2023\/10\/IMG_20230912_132312-1536x1004.jpg 1536w\" sizes=\"(max-width: 706px) 100vw, 706px\" \/><\/p>\n<p>Druga seja Odbora za spremljanje programa Interreg Slovenija-Mad\u017earska 2021-2027 je potekala <strong>11. in 12. septembra 2023 v Zalakarosu na Mad\u017earskem<\/strong>. \u010clani Odbora za spremljanje so potrdili Na\u010drt vrednotenja za IP SI-HU 2021-2027, odobrili 11 standardnih projektov v okviru prvega roka za oddajo, se seznanili s spremembo aneksa 1 k Poslovniku in se dogovorili, da je 2. rok za oddajo projektnih predlogov za standardne projekte 19. januar 2024 opoldne.<\/p>\n<p><a href=\"http:\/\/www.si-hu.eu\/2127\/wp-content\/uploads\/sites\/14\/2023\/10\/Sklepi-MC02.pdf\"><strong>Sklepi 2. seje Odbora za spremljanje.<\/strong><\/a><\/p>\n<\/div><\/div><\/div><div class=\"fusion-panel panel-default\"><div class=\"panel-heading\"><h4 class=\"panel-title toggle\"><a aria-expanded=\"false\" aria-controls=\"9f3583e424e3de069\" role=\"button\" data-toggle=\"collapse\" data-parent=\"#accordion-4160-1\" data-target=\"#9f3583e424e3de069\" href=\"#9f3583e424e3de069\"><span class=\"fusion-toggle-icon-wrapper\" aria-hidden=\"true\"><i class=\"fa-fusion-box\" aria-hidden=\"true\"><\/i><\/span><span class=\"fusion-toggle-heading\">3. seja Odbora za spremljanje programa (23. november 2023)<\/span><\/a><\/h4><\/div><div id=\"9f3583e424e3de069\" class=\"panel-collapse collapse \"><div class=\"panel-body toggle-content fusion-clearfix\">\n<p><img class=\"size-medium wp-image-8387\" src=\"http:\/\/www.si-hu.eu\/2127\/wp-content\/uploads\/sites\/14\/2024\/01\/MC03-500x487.jpg\" alt=\"\" width=\"500\" height=\"487\" srcset=\"http:\/\/www.si-hu.eu\/2127\/wp-content\/uploads\/sites\/14\/2024\/01\/MC03-200x195.jpg 200w, http:\/\/www.si-hu.eu\/2127\/wp-content\/uploads\/sites\/14\/2024\/01\/MC03-400x389.jpg 400w, http:\/\/www.si-hu.eu\/2127\/wp-content\/uploads\/sites\/14\/2024\/01\/MC03-500x487.jpg 500w, http:\/\/www.si-hu.eu\/2127\/wp-content\/uploads\/sites\/14\/2024\/01\/MC03-600x584.jpg 600w, http:\/\/www.si-hu.eu\/2127\/wp-content\/uploads\/sites\/14\/2024\/01\/MC03-768x748.jpg 768w, http:\/\/www.si-hu.eu\/2127\/wp-content\/uploads\/sites\/14\/2024\/01\/MC03-800x779.jpg 800w, http:\/\/www.si-hu.eu\/2127\/wp-content\/uploads\/sites\/14\/2024\/01\/MC03-1024x997.jpg 1024w, http:\/\/www.si-hu.eu\/2127\/wp-content\/uploads\/sites\/14\/2024\/01\/MC03-1200x1168.jpg 1200w, http:\/\/www.si-hu.eu\/2127\/wp-content\/uploads\/sites\/14\/2024\/01\/MC03-1536x1495.jpg 1536w\" sizes=\"(max-width: 500px) 100vw, 500px\" \/><\/p>\n<p>Tretja seja Odbora za spremljanje programa Interreg Slovenija-Mad\u017earska 2021-2027 je potekala <strong>23. novembra 2023 v Moravskih Toplicah v Sloveniji<\/strong>. \u010clani Odbora so bili sezanjeni s potekom&nbsp; zaklju\u010devanja programskega obdobja 2014-2020 in potekom izvajanja programa za obdobje 2021-2027, odobrili 11 projektov manj\u0161ih vrednosti, v okviru prvega roka za oddajo in se dogovorili, da bo 2. rok za oddajo proketov manj\u0161ih vrednosti v mesecu oktobru 2024. To\u010den datum roka bo dolo\u010den na naslednji seji odbora in objavljeno na spletni strain, vsaj dva meseca pred iztekom roka za oddajo.<\/p>\n<p><strong><a href=\"http:\/\/www.si-hu.eu\/2127\/wp-content\/uploads\/sites\/14\/2024\/01\/Sklepi-MC03.pdf\">Sklepi 3. seje odbora za spremljanje.<\/a><\/strong><\/p>\n<\/div><\/div><\/div><div class=\"fusion-panel panel-default\"><div class=\"panel-heading\"><h4 class=\"panel-title toggle\"><a aria-expanded=\"false\" aria-controls=\"eec42f9bbcd7b9fbe\" role=\"button\" data-toggle=\"collapse\" data-parent=\"#accordion-4160-1\" data-target=\"#eec42f9bbcd7b9fbe\" href=\"#eec42f9bbcd7b9fbe\"><span class=\"fusion-toggle-icon-wrapper\" aria-hidden=\"true\"><i class=\"fa-fusion-box\" aria-hidden=\"true\"><\/i><\/span><span class=\"fusion-toggle-heading\">4. seja Odbora za spremljanje programa (17. in 18. junij 2024)<\/span><\/a><\/h4><\/div><div id=\"eec42f9bbcd7b9fbe\" class=\"panel-collapse collapse \"><div class=\"panel-body toggle-content fusion-clearfix\">\n<p><img class=\"alignnone size-medium wp-image-10486\" src=\"http:\/\/www.si-hu.eu\/2127\/wp-content\/uploads\/sites\/14\/2024\/09\/MC04-meeting-500x419.png\" alt=\"\" width=\"500\" height=\"419\" srcset=\"http:\/\/www.si-hu.eu\/2127\/wp-content\/uploads\/sites\/14\/2024\/09\/MC04-meeting-200x168.png 200w, http:\/\/www.si-hu.eu\/2127\/wp-content\/uploads\/sites\/14\/2024\/09\/MC04-meeting-400x335.png 400w, http:\/\/www.si-hu.eu\/2127\/wp-content\/uploads\/sites\/14\/2024\/09\/MC04-meeting-500x419.png 500w, http:\/\/www.si-hu.eu\/2127\/wp-content\/uploads\/sites\/14\/2024\/09\/MC04-meeting-600x503.png 600w, http:\/\/www.si-hu.eu\/2127\/wp-content\/uploads\/sites\/14\/2024\/09\/MC04-meeting-768x644.png 768w, http:\/\/www.si-hu.eu\/2127\/wp-content\/uploads\/sites\/14\/2024\/09\/MC04-meeting-800x671.png 800w, http:\/\/www.si-hu.eu\/2127\/wp-content\/uploads\/sites\/14\/2024\/09\/MC04-meeting.png 940w\" sizes=\"(max-width: 500px) 100vw, 500px\" \/><\/p>\n<p>\u010cetrta seja Odbora za spremljanje (OzS) programa Interreg Slovenija-Mad\u017earska 2021-2027 je potekala&nbsp;<strong>17. in 18. junija 2024 v K\u00f6rmendu na Mad\u017earskem<\/strong>. \u010clani odbora so bili sezanjeni s potekom&nbsp; zaklju\u010devanja programskega obdobja 2014-2020 in potekom izvajanja programa za obdobje 2021-2027, odobrili 4 standardne projekte, v okviru drugega roka za oddajo in se dogovorili, da je 2. rok za oddajo proketov manj\u0161ih vrednosti 22. januar 2025. Poleg tega so bili \u010dlani OzS seznanili s Komunikacijsko strategijo IP SI-HU 2021-2027 in potrdili Letni komunikacijski na\u010drt za leto 2024. Naslednji, 5. sestanek OzS bo predvidoma prvi teden februarja 2025 v Sloveniji.<\/p>\n<p><a href=\"http:\/\/www.si-hu.eu\/2127\/wp-content\/uploads\/sites\/14\/2024\/09\/SKLEPI-OzS-04.pdf\"><strong>Sklepi 4. seje odbora za spremljanje.<\/strong><\/a><\/p>\n<\/div><\/div><\/div><div class=\"fusion-panel panel-default\"><div class=\"panel-heading\"><h4 class=\"panel-title toggle\"><a aria-expanded=\"false\" aria-controls=\"020dd8612e10f9d8d\" role=\"button\" data-toggle=\"collapse\" data-parent=\"#accordion-4160-1\" data-target=\"#020dd8612e10f9d8d\" href=\"#020dd8612e10f9d8d\"><span class=\"fusion-toggle-icon-wrapper\" aria-hidden=\"true\"><i class=\"fa-fusion-box\" aria-hidden=\"true\"><\/i><\/span><span class=\"fusion-toggle-heading\">5. seja Odbora za spremljanje programa (11. in 12. februar 2025)<\/span><\/a><\/h4><\/div><div id=\"020dd8612e10f9d8d\" class=\"panel-collapse collapse \"><div class=\"panel-body toggle-content fusion-clearfix\">\n<p><img class=\"alignnone size-medium wp-image-12374\" src=\"http:\/\/www.si-hu.eu\/2127\/wp-content\/uploads\/sites\/14\/2025\/04\/MC05_SIHU-500x419.png\" alt=\"\" width=\"500\" height=\"419\" srcset=\"http:\/\/www.si-hu.eu\/2127\/wp-content\/uploads\/sites\/14\/2025\/04\/MC05_SIHU-200x168.png 200w, http:\/\/www.si-hu.eu\/2127\/wp-content\/uploads\/sites\/14\/2025\/04\/MC05_SIHU-400x335.png 400w, http:\/\/www.si-hu.eu\/2127\/wp-content\/uploads\/sites\/14\/2025\/04\/MC05_SIHU-500x419.png 500w, http:\/\/www.si-hu.eu\/2127\/wp-content\/uploads\/sites\/14\/2025\/04\/MC05_SIHU-600x503.png 600w, http:\/\/www.si-hu.eu\/2127\/wp-content\/uploads\/sites\/14\/2025\/04\/MC05_SIHU-768x644.png 768w, http:\/\/www.si-hu.eu\/2127\/wp-content\/uploads\/sites\/14\/2025\/04\/MC05_SIHU-800x671.png 800w, http:\/\/www.si-hu.eu\/2127\/wp-content\/uploads\/sites\/14\/2025\/04\/MC05_SIHU.png 940w\" sizes=\"(max-width: 500px) 100vw, 500px\" \/><\/p>\n<p>Peta seja Odbora za spremljanje (OzS) programa Interreg Slovenija-Mad\u017earska 2021-2027 je potekala&nbsp;<strong>11. in 12. februarja 2025 v Mariboru, v Sloveniji<\/strong>. \u010clani odbora so bili sezanjeni s potekom&nbsp;zaklju\u010devanja programskega obdobja 2014-2020 in potekom izvajanja programa za obdobje 2021-2027. Diskutirali so o osnutku Kon\u010dnega poro\u010dila o izvajanju Programa sodelovanja Interreg V-A Slovenija-Mad\u017earska 2014-2020 in odobrili 5 projektov manj\u0161ih vrednosti, v okviru drugega roka za oddajo. Poleg tega so \u010dlani OzS potrdili Letni komunikacijski na\u010drt za leto 2025 in na koncu obiskali projekt HBT- Horse based tourism, enega od bolj uspe\u0161nih projktov iz obdobja 2014-2020. Naslednji, 6. sestanek OzS bo predvidoma prvi teden junija 2025 na Mad\u017earskem.<\/p>\n<p><a href=\"http:\/\/www.si-hu.eu\/2127\/wp-content\/uploads\/sites\/14\/2025\/04\/SKLEPI-OzS-05.pdf\"><strong>Sklepi odbora za spremljanje.<\/strong><\/a><\/p>\n<\/div><\/div><\/div><div class=\"fusion-panel panel-default\"><div class=\"panel-heading\"><h4 class=\"panel-title toggle\"><a aria-expanded=\"false\" aria-controls=\"e6da40ff80683193d\" role=\"button\" data-toggle=\"collapse\" data-parent=\"#accordion-4160-1\" data-target=\"#e6da40ff80683193d\" href=\"#e6da40ff80683193d\"><span class=\"fusion-toggle-icon-wrapper\" aria-hidden=\"true\"><i class=\"fa-fusion-box\" aria-hidden=\"true\"><\/i><\/span><span class=\"fusion-toggle-heading\">6. seja Odbora za spremljanje programa (4. in 5. junij 2025)<\/span><\/a><\/h4><\/div><div id=\"e6da40ff80683193d\" class=\"panel-collapse collapse \"><div class=\"panel-body toggle-content fusion-clearfix\">\n<p><img class=\"alignnone size-medium wp-image-12851\" src=\"http:\/\/www.si-hu.eu\/2127\/wp-content\/uploads\/sites\/14\/2025\/06\/MC06-SIHU-500x419.png\" alt=\"\" width=\"500\" height=\"419\" srcset=\"http:\/\/www.si-hu.eu\/2127\/wp-content\/uploads\/sites\/14\/2025\/06\/MC06-SIHU-200x168.png 200w, http:\/\/www.si-hu.eu\/2127\/wp-content\/uploads\/sites\/14\/2025\/06\/MC06-SIHU-400x335.png 400w, http:\/\/www.si-hu.eu\/2127\/wp-content\/uploads\/sites\/14\/2025\/06\/MC06-SIHU-500x419.png 500w, http:\/\/www.si-hu.eu\/2127\/wp-content\/uploads\/sites\/14\/2025\/06\/MC06-SIHU-600x503.png 600w, http:\/\/www.si-hu.eu\/2127\/wp-content\/uploads\/sites\/14\/2025\/06\/MC06-SIHU-768x644.png 768w, http:\/\/www.si-hu.eu\/2127\/wp-content\/uploads\/sites\/14\/2025\/06\/MC06-SIHU-800x671.png 800w, http:\/\/www.si-hu.eu\/2127\/wp-content\/uploads\/sites\/14\/2025\/06\/MC06-SIHU.png 940w\" sizes=\"(max-width: 500px) 100vw, 500px\" \/><\/p>\n<p>\u0160esta seja Odbora za spremljanje (OzS) programa Interreg Slovenija-Mad\u017earska 2021-2027 je potekala&nbsp;<strong>4. in 5. junija 2025 v Lentiju, na Mad\u017earskem<\/strong>. \u010clani OzS so se seznanili s spremembami v \u010dlanstvu odbora in se seznanili s trenutnim stanjem Programa sodelovanja SI-HU 2014\u20132020. Seznanili so se s potekom izvajanja programa Interreg SI-HU 2021\u20132027, izbrali 9 (devet) novih standardnih projektov, predlo\u017eenih v okviru tretjega roka za oddajo, in odobrili zahtevke za spremembe projektov EXP Castles in PollenAct. Poleg tega so Strinjali so se, da se bo trenutni odprti javni razpis za standardne projekte zaklju\u010dil, nov odprti razpis za standardne projekte pa bo objavljen na spletni strani programa jeseni. Nazadnje so si ogledali dva uspe\u0161na projekta programskega obdobja 2014\u20132020, projekta GardEN in IronCurtainCycling. Naslednja 7. seja OzS bo predvidoma maja\/junija 2026 v Sloveniji.<\/p>\n<p><a href=\"http:\/\/www.si-hu.eu\/2127\/wp-content\/uploads\/sites\/14\/2025\/07\/SKLEPI-OzS-06.pdf\"><strong>Sklepi odbora za spremljanje.<\/strong><\/a><\/p>\n<\/div><\/div><\/div><\/div><\/div><\/div><style type=\"text\/css\">.fusion-body .fusion-builder-column-2{width:100% !important;margin-top : 0px;margin-bottom : 20px;}.fusion-builder-column-2 > .fusion-column-wrapper {padding-top : 0px !important;padding-right : 0px !important;margin-right : 1.92%;padding-bottom : 0px !important;padding-left : 0px !important;margin-left : 1.92%;}@media only screen and (max-width:1024px) {.fusion-body .fusion-builder-column-2{width:100% !important;order : 0;}.fusion-builder-column-2 > .fusion-column-wrapper {margin-right : 1.92%;margin-left : 1.92%;}}@media only screen and (max-width:640px) {.fusion-body .fusion-builder-column-2{width:100% !important;order : 0;}.fusion-builder-column-2 > .fusion-column-wrapper {margin-right : 1.92%;margin-left : 1.92%;}}<\/style><\/div><\/div><style type=\"text\/css\">.fusion-body .fusion-flex-container.fusion-builder-row-2{ padding-top : 0px;margin-top : 0px;padding-right : 0px;padding-bottom : 0px;margin-bottom : 0px;padding-left : 0px;}<\/style><\/div><\/p>\n","protected":false},"excerpt":{"rendered":"","protected":false},"author":6,"featured_media":0,"parent":0,"menu_order":0,"comment_status":"closed","ping_status":"closed","template":"100-width.php","meta":{"ngg_post_thumbnail":0},"_links":{"self":[{"href":"http:\/\/www.si-hu.eu\/2127\/sl\/wp-json\/wp\/v2\/pages\/4160"}],"collection":[{"href":"http:\/\/www.si-hu.eu\/2127\/sl\/wp-json\/wp\/v2\/pages"}],"about":[{"href":"http:\/\/www.si-hu.eu\/2127\/sl\/wp-json\/wp\/v2\/types\/page"}],"author":[{"embeddable":true,"href":"http:\/\/www.si-hu.eu\/2127\/sl\/wp-json\/wp\/v2\/users\/6"}],"replies":[{"embeddable":true,"href":"http:\/\/www.si-hu.eu\/2127\/sl\/wp-json\/wp\/v2\/comments?post=4160"}],"version-history":[{"count":39,"href":"http:\/\/www.si-hu.eu\/2127\/sl\/wp-json\/wp\/v2\/pages\/4160\/revisions"}],"predecessor-version":[{"id":13076,"href":"http:\/\/www.si-hu.eu\/2127\/sl\/wp-json\/wp\/v2\/pages\/4160\/revisions\/13076"}],"wp:attachment":[{"href":"http:\/\/www.si-hu.eu\/2127\/sl\/wp-json\/wp\/v2\/media?parent=4160"}],"curies":[{"name":"wp","href":"https:\/\/api.w.org\/{rel}","templated":true}]}}