{"id":10212,"date":"2024-08-19T11:00:06","date_gmt":"2024-08-19T09:00:06","guid":{"rendered":"http:\/\/www.si-hu.eu\/2127\/?page_id=10212"},"modified":"2024-08-19T11:00:06","modified_gmt":"2024-08-19T09:00:06","slug":"prijava-na-dan-interreg-sodelovanja-2024-regisztracio-az-interreg-egyuttmukodes-napja-2024-esemenyre","status":"publish","type":"page","link":"http:\/\/www.si-hu.eu\/2127\/prijava-na-dan-interreg-sodelovanja-2024-regisztracio-az-interreg-egyuttmukodes-napja-2024-esemenyre\/","title":{"rendered":"Prijava na Dan Interreg sodelovanja 2024 &#8211; Regisztr\u00e1ci\u00f3 az Interreg Egy\u00fcttm\u0171k\u00f6d\u00e9s Napja 2024 esem\u00e9nyre"},"content":{"rendered":"<table class=\"nf-table-display\">\n<tbody class=\"forms-collection\">\n<tr>\n<td><noscript class=\"ninja-forms-noscript-message\">\n\tNotice: JavaScript is required for this content.<\/noscript>\n<b>Registracija ni ve\u010d mo\u017ena. \/&nbsp;<span style=\"color: rgb(31, 78, 121);\">A regisztr\u00e1ci\u00f3 lez\u00e1rult.<\/span><\/b><\/td>\n<\/tr>\n<\/tbody>\n<\/table>\n","protected":false},"excerpt":{"rendered":"","protected":false},"author":7,"featured_media":0,"parent":0,"menu_order":0,"comment_status":"closed","ping_status":"closed","template":"","meta":{"ngg_post_thumbnail":0},"_links":{"self":[{"href":"http:\/\/www.si-hu.eu\/2127\/wp-json\/wp\/v2\/pages\/10212"}],"collection":[{"href":"http:\/\/www.si-hu.eu\/2127\/wp-json\/wp\/v2\/pages"}],"about":[{"href":"http:\/\/www.si-hu.eu\/2127\/wp-json\/wp\/v2\/types\/page"}],"author":[{"embeddable":true,"href":"http:\/\/www.si-hu.eu\/2127\/wp-json\/wp\/v2\/users\/7"}],"replies":[{"embeddable":true,"href":"http:\/\/www.si-hu.eu\/2127\/wp-json\/wp\/v2\/comments?post=10212"}],"version-history":[{"count":1,"href":"http:\/\/www.si-hu.eu\/2127\/wp-json\/wp\/v2\/pages\/10212\/revisions"}],"predecessor-version":[{"id":10213,"href":"http:\/\/www.si-hu.eu\/2127\/wp-json\/wp\/v2\/pages\/10212\/revisions\/10213"}],"wp:attachment":[{"href":"http:\/\/www.si-hu.eu\/2127\/wp-json\/wp\/v2\/media?parent=10212"}],"curies":[{"name":"wp","href":"https:\/\/api.w.org\/{rel}","templated":true}]}}