{"id":115,"date":"2015-10-03T14:46:19","date_gmt":"2015-10-03T13:46:19","guid":{"rendered":"http:\/\/84.39.218.252\/en2\/?page_id=115"},"modified":"2021-12-08T10:31:45","modified_gmt":"2021-12-08T08:31:45","slug":"national-authorities","status":"publish","type":"page","link":"http:\/\/www.si-hu.eu\/en2\/about-us\/national-authorities\/","title":{"rendered":"National Authorities"},"content":{"rendered":"<div id='layer_slider_1'  class='avia-layerslider main_color avia-shadow  avia-builder-el-0  el_before_av_one_full  avia-builder-el-first  container_wrap sidebar_right'  style='height: 151px;'  ><\/div><div id='after_layer_slider_1'  class='main_color av_default_container_wrap container_wrap sidebar_right'  ><div class='container av-section-cont-open' ><div class='template-page content  av-content-small alpha units'><div class='post-entry post-entry-type-page post-entry-115'><div class='entry-content-wrapper clearfix'>\n\n<style type=\"text\/css\" data-created_by=\"avia_inline_auto\" id=\"style-css-av-cjxdn-ff3e6a59714af5c59c11dc0993712cc6\">\n.flex_column.av-cjxdn-ff3e6a59714af5c59c11dc0993712cc6{\nborder-radius:0px 0px 0px 0px;\n-webkit-border-radius:0px 0px 0px 0px;\n-moz-border-radius:0px 0px 0px 0px;\n}\n<\/style>\n<div class='flex_column av-cjxdn-ff3e6a59714af5c59c11dc0993712cc6 av_one_full  avia-builder-el-1  el_after_av_layerslider  avia-builder-el-no-sibling  first flex_column_div av-zero-column-padding '   ><section  class='av_textblock_section av-7ry0r-9b5d5ba4c7d91d732acad560849b0946'  itemscope=\"itemscope\" itemtype=\"https:\/\/schema.org\/CreativeWork\" ><div class='avia_textblock'  itemprop=\"text\" ><h2><em><strong>NATIONAL AUTHORITIES (NA) <\/strong><\/em><\/h2>\n<p>The participating Member States as NAs are represented by:<\/p>\n<h3>SLOVENIA<\/h3>\n<div>&nbsp;<\/div>\n<h4><strong>Government Office of the Republic of Slovenia for Development and European Cohesion Policy<\/strong><\/h4>\n<p>European Territorial Cooperation and Financial Mechanism Division<br \/>\nEuropean Territorial Cooperation and Financial Mechanism Section<\/p>\n<p><strong>Contact person:<\/strong> <span style=\"color: #008000;\">Anton Pavlin<\/span><br \/>\nTel. + 386 (0)1 400 3421<br \/>\nKotnikova 5<br \/>\nSI-1000 Ljubljana<br \/>\ne-mail: anton.pavlin@gov.si<\/p>\n<h3><strong>HUNGARY<\/strong><\/h3>\n<p><strong>Ministry of Foreign Affairs and Trade <\/strong>(K\u00fclgazdas\u00e1gi \u00e9s K\u00fcl\u00fcgyminiszt\u00e9rium)<\/p>\n<p>Bem rakpart 47., 1027 Budapest<\/p>\n<p><strong>Contact person: Orsolya Judit Hal\u00e1szi<\/strong><\/p>\n<p>Tel: +36 (06) 1-458-1029<\/p>\n<p>e-mail: orsolya.halaszi@mfa.gov.hu<\/p>\n<p>Member States (NAs) retain the following main responsibilities:<\/p>\n<ul>\n<li>as National Authorities (NA) they nominate representatives of the MC and bear financial responsibilities<\/li>\n<li>as National Controllers they are responsible for the verification of expenditure of beneficiaries located in their territory,<\/li>\n<li>as members of the Group of Auditors they participate in audit activities and are responsible for audits carried out in their territory.<\/li>\n<\/ul>\n<\/div><\/section><\/div>\n","protected":false},"excerpt":{"rendered":"","protected":false},"author":3,"featured_media":0,"parent":103,"menu_order":0,"comment_status":"closed","ping_status":"closed","template":"","meta":{"ngg_post_thumbnail":0},"_links":{"self":[{"href":"http:\/\/www.si-hu.eu\/en2\/wp-json\/wp\/v2\/pages\/115"}],"collection":[{"href":"http:\/\/www.si-hu.eu\/en2\/wp-json\/wp\/v2\/pages"}],"about":[{"href":"http:\/\/www.si-hu.eu\/en2\/wp-json\/wp\/v2\/types\/page"}],"author":[{"embeddable":true,"href":"http:\/\/www.si-hu.eu\/en2\/wp-json\/wp\/v2\/users\/3"}],"replies":[{"embeddable":true,"href":"http:\/\/www.si-hu.eu\/en2\/wp-json\/wp\/v2\/comments?post=115"}],"version-history":[{"count":10,"href":"http:\/\/www.si-hu.eu\/en2\/wp-json\/wp\/v2\/pages\/115\/revisions"}],"predecessor-version":[{"id":6769,"href":"http:\/\/www.si-hu.eu\/en2\/wp-json\/wp\/v2\/pages\/115\/revisions\/6769"}],"up":[{"embeddable":true,"href":"http:\/\/www.si-hu.eu\/en2\/wp-json\/wp\/v2\/pages\/103"}],"wp:attachment":[{"href":"http:\/\/www.si-hu.eu\/en2\/wp-json\/wp\/v2\/media?parent=115"}],"curies":[{"name":"wp","href":"https:\/\/api.w.org\/{rel}","templated":true}]}}