{"id":119,"date":"2015-10-03T14:48:35","date_gmt":"2015-10-03T13:48:35","guid":{"rendered":"http:\/\/84.39.218.252\/en2\/?page_id=119"},"modified":"2021-12-08T10:57:06","modified_gmt":"2021-12-08T08:57:06","slug":"first-level-control","status":"publish","type":"page","link":"http:\/\/www.si-hu.eu\/en2\/about-us\/first-level-control\/","title":{"rendered":"First Level Control"},"content":{"rendered":"<div id='layer_slider_1'  class='avia-layerslider main_color avia-shadow  avia-builder-el-0  el_before_av_one_half  avia-builder-el-first  container_wrap sidebar_right'  style='height: 151px;'  ><\/div><div id='after_layer_slider_1'  class='main_color av_default_container_wrap container_wrap sidebar_right'  ><div class='container av-section-cont-open' ><div class='template-page content  av-content-small alpha units'><div class='post-entry post-entry-type-page post-entry-119'><div class='entry-content-wrapper clearfix'>\n\n<style type=\"text\/css\" data-created_by=\"avia_inline_auto\" id=\"style-css-av-1mcuhr-12af3eae5a249ebc16a0efdddc26ca3f\">\n.flex_column.av-1mcuhr-12af3eae5a249ebc16a0efdddc26ca3f{\nborder-radius:0px 0px 0px 0px;\n-webkit-border-radius:0px 0px 0px 0px;\n-moz-border-radius:0px 0px 0px 0px;\n}\n<\/style>\n<div class='flex_column av-1mcuhr-12af3eae5a249ebc16a0efdddc26ca3f av_one_half  avia-builder-el-1  el_after_av_layerslider  el_before_av_one_half  avia-builder-el-first  first flex_column_div av-zero-column-padding '   ><p>\n<style type=\"text\/css\" data-created_by=\"avia_inline_auto\" id=\"style-css-av-1g8gun-ce2eaab0482f439b0564070cac2d8ba5\">\n#top .av-special-heading.av-1g8gun-ce2eaab0482f439b0564070cac2d8ba5{\npadding-bottom:10px;\n}\nbody .av-special-heading.av-1g8gun-ce2eaab0482f439b0564070cac2d8ba5 .av-special-heading-tag .heading-char{\nfont-size:25px;\n}\n.av-special-heading.av-1g8gun-ce2eaab0482f439b0564070cac2d8ba5 .av-subheading{\nfont-size:15px;\n}\n<\/style>\n<div  class='av-special-heading av-1g8gun-ce2eaab0482f439b0564070cac2d8ba5 av-special-heading-h3  avia-builder-el-2  el_before_av_team_member  avia-builder-el-first '><h3 class='av-special-heading-tag'  itemprop=\"headline\"  >First Level Control in Slovenia<\/h3><div class=\"special-heading-border\"><div class=\"special-heading-inner-border\"><\/div><\/div><\/div><br \/>\n<section  class='avia-team-member av-1at24n-b9fa38423e69d473be2da32be5c8b1a5  avia-builder-el-3  el_after_av_heading  el_before_av_team_member '  itemscope=\"itemscope\" itemtype=\"https:\/\/schema.org\/Person\" ><h3 class='team-member-name '  itemprop=\"name\" >Ksenija Gori\u010dan<\/h3><div class='team-member-job-title '  itemprop=\"jobTitle\" >contact person<\/div><div class='team-member-description '  itemprop=\"description\" ><p>Government Office of the Republic of Slovenia for Development and European Cohesion Policy (GODC)<br \/>\nControl Division<br \/>\nObjective 2 Control Section<br \/>\nKotnikova 5<br \/>\n1000 Ljubljana<br \/>\nSlovenija<\/p>\n<p>Tel: +386 (0)1 400 3145<br \/>\nE-po\u0161ta: ksenija.gorican@gov.si<br \/>\nE-po\u0161ta: kontrola.si-hu.svrk@gov.si<br \/>\nwww.svrk.gov.si<\/p>\n<\/div><span class='hidden team-member-affiliation'  itemprop=\"affiliation\" >EN Interreg V-A Slovenia-Hungary<\/span><\/section><br \/>\n<section  class='avia-team-member av-15graf-42e090424e837f3133f17be7c4c6f403  avia-builder-el-4  el_after_av_team_member  avia-builder-el-last '  itemscope=\"itemscope\" itemtype=\"https:\/\/schema.org\/Person\" ><h3 class='team-member-name '  itemprop=\"name\" >Mateja Vegi\u010d<\/h3><div class='team-member-job-title '  itemprop=\"jobTitle\" >contact person<\/div><div class='team-member-description '  itemprop=\"description\" ><p>Government Office of the Republic of Slovenia for Development and European Cohesion Policy (GODC)<br \/>\nControl Division<br \/>\nObjective 2 Control Section<br \/>\nKotnikova 5<br \/>\n1000 Ljubljana<br \/>\nSlovenija<\/p>\n<p>Tel: +386 (0)1 400 3169<br \/>\nE-po\u0161ta: mateja.vegic@gov.si<br \/>\nE-po\u0161ta: kontrola.si-hu.svrk@gov.si<br \/>\nwww.svrk.gov.si<\/p>\n<\/div><span class='hidden team-member-affiliation'  itemprop=\"affiliation\" >EN Interreg V-A Slovenia-Hungary<\/span><\/section><\/p><\/div>\n<style type=\"text\/css\" data-created_by=\"avia_inline_auto\" id=\"style-css-av-y7dkf-c4f8cb7c65afc01ef256e397435d7525\">\n.flex_column.av-y7dkf-c4f8cb7c65afc01ef256e397435d7525{\nborder-radius:0px 0px 0px 0px;\n-webkit-border-radius:0px 0px 0px 0px;\n-moz-border-radius:0px 0px 0px 0px;\n}\n<\/style>\n<div class='flex_column av-y7dkf-c4f8cb7c65afc01ef256e397435d7525 av_one_half  avia-builder-el-5  el_after_av_one_half  el_before_av_one_full  flex_column_div av-zero-column-padding '   ><p>\n<style type=\"text\/css\" data-created_by=\"avia_inline_auto\" id=\"style-css-av-tiz2f-758277dd0335ed670f9f5aa005b5e917\">\n#top .av-special-heading.av-tiz2f-758277dd0335ed670f9f5aa005b5e917{\npadding-bottom:10px;\n}\nbody .av-special-heading.av-tiz2f-758277dd0335ed670f9f5aa005b5e917 .av-special-heading-tag .heading-char{\nfont-size:25px;\n}\n.av-special-heading.av-tiz2f-758277dd0335ed670f9f5aa005b5e917 .av-subheading{\nfont-size:15px;\n}\n<\/style>\n<div  class='av-special-heading av-tiz2f-758277dd0335ed670f9f5aa005b5e917 av-special-heading-h3  avia-builder-el-6  el_before_av_team_member  avia-builder-el-first '><h3 class='av-special-heading-tag'  itemprop=\"headline\"  >First Level Control in Hungary<\/h3><div class=\"special-heading-border\"><div class=\"special-heading-inner-border\"><\/div><\/div><\/div><br \/>\n<section  class='avia-team-member av-iih5b-6e5b496da2eb165ffd843a6db10fac56  avia-builder-el-7  el_after_av_heading  avia-builder-el-last '  itemscope=\"itemscope\" itemtype=\"https:\/\/schema.org\/Person\" ><div class='team-member-description '  itemprop=\"description\" ><p>Sz\u00e9chenyi Programiroda Tan\u00e1csad\u00f3 \u00e9s Szolg\u00e1ltat\u00f3 Nonprofit Kft.<\/p>\n<p>Pet\u0151fi S\u00e1ndor utca 24.<\/p>\n<p>HU-8900 Zalaegerszeg<\/p>\n<p>sihu_flc@szpi.hu<\/p>\n<\/div><span class='hidden team-member-affiliation'  itemprop=\"affiliation\" >EN Interreg V-A Slovenia-Hungary<\/span><\/section><\/p><\/div><\/p>\n\n<style type=\"text\/css\" data-created_by=\"avia_inline_auto\" id=\"style-css-av-1jvnz-2a66fc59285bbfc71aa2422857fa867c\">\n.flex_column.av-1jvnz-2a66fc59285bbfc71aa2422857fa867c{\nborder-radius:0px 0px 0px 0px;\n-webkit-border-radius:0px 0px 0px 0px;\n-moz-border-radius:0px 0px 0px 0px;\n}\n<\/style>\n<div class='flex_column av-1jvnz-2a66fc59285bbfc71aa2422857fa867c av_one_full  avia-builder-el-8  el_after_av_one_half  avia-builder-el-last  first flex_column_div av-zero-column-padding column-top-margin'   ><section  class='av_textblock_section av-a8bcn-7f83126c07b64fabd7fb8586cc3e2a89'  itemscope=\"itemscope\" itemtype=\"https:\/\/schema.org\/CreativeWork\" ><div class='avia_textblock'  itemprop=\"text\" ><p><strong><em>First<\/em><\/strong><strong><em> Level Control Bodies (FLC Bodies)<\/em><\/strong><\/p>\n<p>As regards the verifications of expenditures in relation to beneficiaries, both Member States designate the First Level Control Bodies at national level, as set out in Article 74 of the CPR and 23 (4) of the ETC regulation. NA\u2019s designate FLC bodies for their respective territory as stated in table 26 during designation procedure. FLC controllers will be responsible for carrying out verifications described in Article 125(4) of the CPR. Since the implementation arrangements at the level of the countries did not envisaged any organizational changes at the national level, the existing system of separate controls under cross-border cooperation programmes and programme under Investment for Growth and Jobs Goal will continue.<\/p>\n<p>The First Level Control Body in the GODC and in SZPO will be functionally independent from other authorities.<\/p>\n<p>MA shall satisfy itself that the expenditure of each beneficiary participating in an operation has been verified by a designated controller, while both Member State shall be responsible for verifications carried out on its territory. The responsible control body of each Member State checks the invoices or accounting documents of equivalent probative value submitted by the partner(s) and verifies the delivery of the products and services co-financed, the soundness of the expenditure declared, and the compliance of such expenditure and related (parts) of projects with relevant EU and national rules. Verification carried out by the control bodies comprises administrative and on-the-spot checks. The responsible control body of each Member State issues the declaration on validation of expenditure to the project partner according to the standard form of the programme.<\/p>\n<\/div><\/section><\/div>\n","protected":false},"excerpt":{"rendered":"","protected":false},"author":3,"featured_media":0,"parent":103,"menu_order":0,"comment_status":"closed","ping_status":"closed","template":"","meta":{"ngg_post_thumbnail":0},"_links":{"self":[{"href":"http:\/\/www.si-hu.eu\/en2\/wp-json\/wp\/v2\/pages\/119"}],"collection":[{"href":"http:\/\/www.si-hu.eu\/en2\/wp-json\/wp\/v2\/pages"}],"about":[{"href":"http:\/\/www.si-hu.eu\/en2\/wp-json\/wp\/v2\/types\/page"}],"author":[{"embeddable":true,"href":"http:\/\/www.si-hu.eu\/en2\/wp-json\/wp\/v2\/users\/3"}],"replies":[{"embeddable":true,"href":"http:\/\/www.si-hu.eu\/en2\/wp-json\/wp\/v2\/comments?post=119"}],"version-history":[{"count":7,"href":"http:\/\/www.si-hu.eu\/en2\/wp-json\/wp\/v2\/pages\/119\/revisions"}],"predecessor-version":[{"id":6772,"href":"http:\/\/www.si-hu.eu\/en2\/wp-json\/wp\/v2\/pages\/119\/revisions\/6772"}],"up":[{"embeddable":true,"href":"http:\/\/www.si-hu.eu\/en2\/wp-json\/wp\/v2\/pages\/103"}],"wp:attachment":[{"href":"http:\/\/www.si-hu.eu\/en2\/wp-json\/wp\/v2\/media?parent=119"}],"curies":[{"name":"wp","href":"https:\/\/api.w.org\/{rel}","templated":true}]}}