{"id":4208,"date":"2019-01-29T16:17:01","date_gmt":"2019-01-29T14:17:01","guid":{"rendered":"http:\/\/www.si-hu.eu\/en2\/?page_id=4208"},"modified":"2019-01-29T16:17:01","modified_gmt":"2019-01-29T14:17:01","slug":"green-exercise","status":"publish","type":"page","link":"http:\/\/www.si-hu.eu\/en2\/green-exercise\/","title":{"rendered":"Green Exercise"},"content":{"rendered":"\n<style type=\"text\/css\" data-created_by=\"avia_inline_auto\" id=\"style-css-av-av_two_third-6126cab7d8fab8d08143dd2dacdf673c\">\n.flex_column.av-av_two_third-6126cab7d8fab8d08143dd2dacdf673c{\nborder-radius:0px 0px 0px 0px;\n-webkit-border-radius:0px 0px 0px 0px;\n-moz-border-radius:0px 0px 0px 0px;\n}\n<\/style>\n<div class='flex_column av-av_two_third-6126cab7d8fab8d08143dd2dacdf673c av_two_third  avia-builder-el-0  el_before_av_one_third  avia-builder-el-first  first flex_column_div av-zero-column-padding '   ><section  class='av_textblock_section av-av_textblock-0366cc7376be6c9e82a3e9cc8987b64f'  itemscope=\"itemscope\" itemtype=\"https:\/\/schema.org\/CreativeWork\" ><div class='avia_textblock'  itemprop=\"text\" ><h1>Green Exercise<\/h1>\n<\/div><\/section><\/div>\n\n<style type=\"text\/css\" data-created_by=\"avia_inline_auto\" id=\"style-css-av-av_one_third-0aa7055fe62c3622faec82866afbaeb2\">\n.flex_column.av-av_one_third-0aa7055fe62c3622faec82866afbaeb2{\nborder-radius:0px 0px 0px 0px;\n-webkit-border-radius:0px 0px 0px 0px;\n-moz-border-radius:0px 0px 0px 0px;\n}\n<\/style>\n<div class='flex_column av-av_one_third-0aa7055fe62c3622faec82866afbaeb2 av_one_third  avia-builder-el-2  el_after_av_two_third  el_before_av_one_full  flex_column_div av-zero-column-padding '   ><style type=\"text\/css\" data-created_by=\"avia_inline_auto\" id=\"style-css-av-av_image-d21ef2ba17bd438a6825be2887cbe376\">\n.avia-image-container.av-av_image-d21ef2ba17bd438a6825be2887cbe376 .av-image-caption-overlay-center{\ncolor:#ffffff;\n}\n<\/style>\n<div  class='avia-image-container av-av_image-d21ef2ba17bd438a6825be2887cbe376 av-styling- avia-align-left  avia-builder-el-3  avia-builder-el-no-sibling '  itemprop=\"image\" itemscope=\"itemscope\" itemtype=\"https:\/\/schema.org\/ImageObject\" ><div class=\"avia-image-container-inner\"><div class=\"avia-image-overlay-wrap\"><img class='wp-image-4200 avia-img-lazy-loading-not-4200 avia_image' src=\"http:\/\/www.si-hu.eu\/en2\/wp-content\/uploads\/sites\/11\/2018\/10\/interreg_icon_enviroment_neg_RGB-1-80x80.jpg\" alt='' title=''  height=\"80\" width=\"80\"  itemprop=\"thumbnailUrl\" srcset=\"http:\/\/www.si-hu.eu\/en2\/wp-content\/uploads\/sites\/11\/2018\/10\/interreg_icon_enviroment_neg_RGB-1-80x80.jpg 80w, http:\/\/www.si-hu.eu\/en2\/wp-content\/uploads\/sites\/11\/2018\/10\/interreg_icon_enviroment_neg_RGB-1-300x300.jpg 300w, http:\/\/www.si-hu.eu\/en2\/wp-content\/uploads\/sites\/11\/2018\/10\/interreg_icon_enviroment_neg_RGB-1-768x768.jpg 768w, http:\/\/www.si-hu.eu\/en2\/wp-content\/uploads\/sites\/11\/2018\/10\/interreg_icon_enviroment_neg_RGB-1-1030x1030.jpg 1030w, http:\/\/www.si-hu.eu\/en2\/wp-content\/uploads\/sites\/11\/2018\/10\/interreg_icon_enviroment_neg_RGB-1-600x600.jpg 600w, http:\/\/www.si-hu.eu\/en2\/wp-content\/uploads\/sites\/11\/2018\/10\/interreg_icon_enviroment_neg_RGB-1-36x36.jpg 36w, http:\/\/www.si-hu.eu\/en2\/wp-content\/uploads\/sites\/11\/2018\/10\/interreg_icon_enviroment_neg_RGB-1-180x180.jpg 180w, http:\/\/www.si-hu.eu\/en2\/wp-content\/uploads\/sites\/11\/2018\/10\/interreg_icon_enviroment_neg_RGB-1-1500x1500.jpg 1500w, http:\/\/www.si-hu.eu\/en2\/wp-content\/uploads\/sites\/11\/2018\/10\/interreg_icon_enviroment_neg_RGB-1-705x705.jpg 705w, http:\/\/www.si-hu.eu\/en2\/wp-content\/uploads\/sites\/11\/2018\/10\/interreg_icon_enviroment_neg_RGB-1-120x120.jpg 120w, http:\/\/www.si-hu.eu\/en2\/wp-content\/uploads\/sites\/11\/2018\/10\/interreg_icon_enviroment_neg_RGB-1-450x450.jpg 450w\" sizes=\"(max-width: 80px) 100vw, 80px\" \/><\/div><\/div><\/div><\/div>\n\n<style type=\"text\/css\" data-created_by=\"avia_inline_auto\" id=\"style-css-av-av_one_full-6126cab7d8fab8d08143dd2dacdf673c\">\n.flex_column.av-av_one_full-6126cab7d8fab8d08143dd2dacdf673c{\nborder-radius:0px 0px 0px 0px;\n-webkit-border-radius:0px 0px 0px 0px;\n-moz-border-radius:0px 0px 0px 0px;\n}\n<\/style>\n<div class='flex_column av-av_one_full-6126cab7d8fab8d08143dd2dacdf673c av_one_full  avia-builder-el-4  el_after_av_one_third  el_before_av_two_third  first flex_column_div av-zero-column-padding column-top-margin'   ><div  class='hr av-av_hr-dcd2069817a0e3d34ae04cad8f3443c7 hr-default  avia-builder-el-5  avia-builder-el-no-sibling '><span class='hr-inner '><span class=\"hr-inner-style\"><\/span><\/span><\/div><\/div>\n\n<style type=\"text\/css\" data-created_by=\"avia_inline_auto\" id=\"style-css-av-av_two_third-6126cab7d8fab8d08143dd2dacdf673c\">\n.flex_column.av-av_two_third-6126cab7d8fab8d08143dd2dacdf673c{\nborder-radius:0px 0px 0px 0px;\n-webkit-border-radius:0px 0px 0px 0px;\n-moz-border-radius:0px 0px 0px 0px;\n}\n<\/style>\n<div class='flex_column av-av_two_third-6126cab7d8fab8d08143dd2dacdf673c av_two_third  avia-builder-el-6  el_after_av_one_full  el_before_av_one_third  first flex_column_div av-zero-column-padding column-top-margin'   ><section  class='av_textblock_section av-av_textblock-0366cc7376be6c9e82a3e9cc8987b64f'  itemscope=\"itemscope\" itemtype=\"https:\/\/schema.org\/CreativeWork\" ><div class='avia_textblock'  itemprop=\"text\" ><p><img loading=\"lazy\" class=\"alignleft size-full wp-image-3612\" src=\"http:\/\/www.si-hu.eu\/en2\/wp-content\/uploads\/sites\/11\/2018\/08\/GE_logo.jpg\" alt=\"\" width=\"244\" height=\"56\">The main goal of our project is a common cross-border promotion of extant touristic service related to cultural heritage and natural assets with an expansion towards emphasizing the importance of a healthy way of life, sustainable and environmentally friendly means of transport (especially cycling).<br \/>\nWe plan to establish recreational parks (Green Parks) on both sides of the border in nine different places in order to promote the following topics: natural environment, protected natural assets, sustainable land-use and means of transport, healthy way of life and exercise.<br \/>\nIn order to reach our goals we are going to link the extant cultural and ecotouristic elements with our project-planned developments with help of marked (hiking and cycling) routes. Besides that we are going to improve our visitor-places, touristic services, attractions to introduce natural values and folk traditions, furthermore we are going to establish a youth hostel for accommodation.<br \/>\nWith all these developments we are trying to elongate the stay of visitors in the project area.<br \/>\nWe are organizing cross-border educational training for cyclist guides with unified approaches and methodology carried out in Slovenian and Hungarian languages (lingual training, expanding knowledge of natural values and cultural heritage found along the marked routes, etc.).<br \/>\nDuring the implementation of the project workshop are going to be organized on both sides of the border in order to introduce the following topics: natural values, healthy way of life, traditions, etc.<br \/>\nDuring the implementation guided cycle tours for local inhabitants, stakeholders, service providers and tourists are going to be organized along the marked cycling routes.<br \/>\nMain outcomes:<\/p>\n<ul>\n<li>9 Green parks,&nbsp;<\/li>\n<li>5 tourist products,<\/li>\n<li>5 tourist packages,&nbsp;<\/li>\n<li>2 resting-places for cyclists,&nbsp;<\/li>\n<li>5 biking routes,&nbsp;<\/li>\n<li>joint training for cyclist guides,&nbsp;<\/li>\n<li>10 workshops,&nbsp;<\/li>\n<li>1 youth hostel,&nbsp;<\/li>\n<li>5 promotional cycling and hiking tours\n\n<div class=\"ngg-galleryoverview ngg-slideshow\"\n\t id=\"ngg-slideshow-1de1990c45ea08acbc4dab6e85083cb3-1585691670\"\n     data-gallery-id=\"1de1990c45ea08acbc4dab6e85083cb3\"\n     style=\"max-width: 600px; max-height: 400px;\">\n\n \t<div id=\"ngg-image-0\" class=\"ngg-gallery-slideshow-image\" style=\"height:400px\">\n\n        <a href=\"http:\/\/www.si-hu.eu\/en2\/wp-content\/uploads\/sites\/11\/nggallery\/green-exercise\/IMG_20170913_153223.jpg\"\n           title=\"\"\n           data-src=\"http:\/\/www.si-hu.eu\/en2\/wp-content\/uploads\/sites\/11\/nggallery\/green-exercise\/IMG_20170913_153223.jpg\"\n           data-thumbnail=\"http:\/\/www.si-hu.eu\/en2\/wp-content\/uploads\/sites\/11\/nggallery\/green-exercise\/thumbs\/thumbs_IMG_20170913_153223.jpg\"\n           data-image-id=\"381\"\n           data-title=\"IMG_20170913_153223\"\n           data-description=\"\"\n           class=\"ngg-fancybox\" rel=\"1de1990c45ea08acbc4dab6e85083cb3\">\n\n            <img data-image-id='381'\n                 title=\"\"\n                 alt=\"IMG_20170913_153223\"\n                 src=\"http:\/\/www.si-hu.eu\/en2\/wp-content\/uploads\/sites\/11\/nggallery\/green-exercise\/IMG_20170913_153223.jpg\"\n                 style=\"max-height: 380px;\"\/>\n        <\/a>\n\n        <\/div> \n<div id=\"ngg-image-1\" class=\"ngg-gallery-slideshow-image\" style=\"height:400px\">\n\n        <a href=\"http:\/\/www.si-hu.eu\/en2\/wp-content\/uploads\/sites\/11\/nggallery\/green-exercise\/IMG_20170913_153355.jpg\"\n           title=\"\"\n           data-src=\"http:\/\/www.si-hu.eu\/en2\/wp-content\/uploads\/sites\/11\/nggallery\/green-exercise\/IMG_20170913_153355.jpg\"\n           data-thumbnail=\"http:\/\/www.si-hu.eu\/en2\/wp-content\/uploads\/sites\/11\/nggallery\/green-exercise\/thumbs\/thumbs_IMG_20170913_153355.jpg\"\n           data-image-id=\"382\"\n           data-title=\"IMG_20170913_153355\"\n           data-description=\"\"\n           class=\"ngg-fancybox\" rel=\"1de1990c45ea08acbc4dab6e85083cb3\">\n\n            <img data-image-id='382'\n                 title=\"\"\n                 alt=\"IMG_20170913_153355\"\n                 src=\"http:\/\/www.si-hu.eu\/en2\/wp-content\/uploads\/sites\/11\/nggallery\/green-exercise\/IMG_20170913_153355.jpg\"\n                 style=\"max-height: 380px;\"\/>\n        <\/a>\n\n        <\/div> \n<div id=\"ngg-image-2\" class=\"ngg-gallery-slideshow-image\" style=\"height:400px\">\n\n        <a href=\"http:\/\/www.si-hu.eu\/en2\/wp-content\/uploads\/sites\/11\/nggallery\/green-exercise\/P1010310.JPG\"\n           title=\"\"\n           data-src=\"http:\/\/www.si-hu.eu\/en2\/wp-content\/uploads\/sites\/11\/nggallery\/green-exercise\/P1010310.JPG\"\n           data-thumbnail=\"http:\/\/www.si-hu.eu\/en2\/wp-content\/uploads\/sites\/11\/nggallery\/green-exercise\/thumbs\/thumbs_P1010310.JPG\"\n           data-image-id=\"383\"\n           data-title=\"P1010310\"\n           data-description=\"\"\n           class=\"ngg-fancybox\" rel=\"1de1990c45ea08acbc4dab6e85083cb3\">\n\n            <img data-image-id='383'\n                 title=\"\"\n                 alt=\"P1010310\"\n                 src=\"http:\/\/www.si-hu.eu\/en2\/wp-content\/uploads\/sites\/11\/nggallery\/green-exercise\/P1010310.JPG\"\n                 style=\"max-height: 380px;\"\/>\n        <\/a>\n\n        <\/div> \n<div id=\"ngg-image-3\" class=\"ngg-gallery-slideshow-image\" style=\"height:400px\">\n\n        <a href=\"http:\/\/www.si-hu.eu\/en2\/wp-content\/uploads\/sites\/11\/nggallery\/green-exercise\/P1010311.JPG\"\n           title=\"\"\n           data-src=\"http:\/\/www.si-hu.eu\/en2\/wp-content\/uploads\/sites\/11\/nggallery\/green-exercise\/P1010311.JPG\"\n           data-thumbnail=\"http:\/\/www.si-hu.eu\/en2\/wp-content\/uploads\/sites\/11\/nggallery\/green-exercise\/thumbs\/thumbs_P1010311.JPG\"\n           data-image-id=\"384\"\n           data-title=\"P1010311\"\n           data-description=\"\"\n           class=\"ngg-fancybox\" rel=\"1de1990c45ea08acbc4dab6e85083cb3\">\n\n            <img data-image-id='384'\n                 title=\"\"\n                 alt=\"P1010311\"\n                 src=\"http:\/\/www.si-hu.eu\/en2\/wp-content\/uploads\/sites\/11\/nggallery\/green-exercise\/P1010311.JPG\"\n                 style=\"max-height: 380px;\"\/>\n        <\/a>\n\n        <\/div> \n<div id=\"ngg-image-4\" class=\"ngg-gallery-slideshow-image\" style=\"height:400px\">\n\n        <a href=\"http:\/\/www.si-hu.eu\/en2\/wp-content\/uploads\/sites\/11\/nggallery\/green-exercise\/P1010318.JPG\"\n           title=\"\"\n           data-src=\"http:\/\/www.si-hu.eu\/en2\/wp-content\/uploads\/sites\/11\/nggallery\/green-exercise\/P1010318.JPG\"\n           data-thumbnail=\"http:\/\/www.si-hu.eu\/en2\/wp-content\/uploads\/sites\/11\/nggallery\/green-exercise\/thumbs\/thumbs_P1010318.JPG\"\n           data-image-id=\"385\"\n           data-title=\"P1010318\"\n           data-description=\"\"\n           class=\"ngg-fancybox\" rel=\"1de1990c45ea08acbc4dab6e85083cb3\">\n\n            <img data-image-id='385'\n                 title=\"\"\n                 alt=\"P1010318\"\n                 src=\"http:\/\/www.si-hu.eu\/en2\/wp-content\/uploads\/sites\/11\/nggallery\/green-exercise\/P1010318.JPG\"\n                 style=\"max-height: 380px;\"\/>\n        <\/a>\n\n        <\/div> \n<div id=\"ngg-image-5\" class=\"ngg-gallery-slideshow-image\" style=\"height:400px\">\n\n        <a href=\"http:\/\/www.si-hu.eu\/en2\/wp-content\/uploads\/sites\/11\/nggallery\/green-exercise\/P1010328.JPG\"\n           title=\"\"\n           data-src=\"http:\/\/www.si-hu.eu\/en2\/wp-content\/uploads\/sites\/11\/nggallery\/green-exercise\/P1010328.JPG\"\n           data-thumbnail=\"http:\/\/www.si-hu.eu\/en2\/wp-content\/uploads\/sites\/11\/nggallery\/green-exercise\/thumbs\/thumbs_P1010328.JPG\"\n           data-image-id=\"386\"\n           data-title=\"P1010328\"\n           data-description=\"\"\n           class=\"ngg-fancybox\" rel=\"1de1990c45ea08acbc4dab6e85083cb3\">\n\n            <img data-image-id='386'\n                 title=\"\"\n                 alt=\"P1010328\"\n                 src=\"http:\/\/www.si-hu.eu\/en2\/wp-content\/uploads\/sites\/11\/nggallery\/green-exercise\/P1010328.JPG\"\n                 style=\"max-height: 380px;\"\/>\n        <\/a>\n\n        <\/div> \n<div id=\"ngg-image-6\" class=\"ngg-gallery-slideshow-image\" style=\"height:400px\">\n\n        <a href=\"http:\/\/www.si-hu.eu\/en2\/wp-content\/uploads\/sites\/11\/nggallery\/green-exercise\/P1010353.JPG\"\n           title=\"\"\n           data-src=\"http:\/\/www.si-hu.eu\/en2\/wp-content\/uploads\/sites\/11\/nggallery\/green-exercise\/P1010353.JPG\"\n           data-thumbnail=\"http:\/\/www.si-hu.eu\/en2\/wp-content\/uploads\/sites\/11\/nggallery\/green-exercise\/thumbs\/thumbs_P1010353.JPG\"\n           data-image-id=\"387\"\n           data-title=\"P1010353\"\n           data-description=\"\"\n           class=\"ngg-fancybox\" rel=\"1de1990c45ea08acbc4dab6e85083cb3\">\n\n            <img data-image-id='387'\n                 title=\"\"\n                 alt=\"P1010353\"\n                 src=\"http:\/\/www.si-hu.eu\/en2\/wp-content\/uploads\/sites\/11\/nggallery\/green-exercise\/P1010353.JPG\"\n                 style=\"max-height: 380px;\"\/>\n        <\/a>\n\n        <\/div> \n<\/div>\n\n\n\n<\/li>\n<\/ul>\n<\/div><\/section><\/div>\n<style type=\"text\/css\" data-created_by=\"avia_inline_auto\" id=\"style-css-av-av_one_third-0aa7055fe62c3622faec82866afbaeb2\">\n.flex_column.av-av_one_third-0aa7055fe62c3622faec82866afbaeb2{\nborder-radius:0px 0px 0px 0px;\n-webkit-border-radius:0px 0px 0px 0px;\n-moz-border-radius:0px 0px 0px 0px;\n}\n<\/style>\n<div class='flex_column av-av_one_third-0aa7055fe62c3622faec82866afbaeb2 av_one_third  avia-builder-el-8  el_after_av_two_third  el_before_av_one_full  flex_column_div av-zero-column-padding column-top-margin'   ><p>\n<style type=\"text\/css\" data-created_by=\"avia_inline_auto\" id=\"style-css-av-av_iconlist-b06021e845c44cd35373f25493d26102\">\n#top .avia-icon-list-container.av-av_iconlist-b06021e845c44cd35373f25493d26102 .iconlist_icon{\ncolor:#83a846;\nfont-size:17px;\n}\n#top #wrap_all .avia-icon-list-container.av-av_iconlist-b06021e845c44cd35373f25493d26102 .av_iconlist_title{\nfont-size:17px;\ncolor:#83a846;\n}\n.avia-icon-list-container.av-av_iconlist-b06021e845c44cd35373f25493d26102 .iconlist_content{\nfont-size:13px;\ncolor:#000000;\n}\n<\/style>\n<div  class='avia-icon-list-container av-av_iconlist-b06021e845c44cd35373f25493d26102  avia-builder-el-9  el_before_av_font_icon  avia-builder-el-first '><ul class='avia-icon-list avia_animate_when_almost_visible avia-icon-list-left av-iconlist-small av-av_iconlist-b06021e845c44cd35373f25493d26102 avia-iconlist-animate'>\n<li><div class='iconlist_icon av-av_iconlist_item-833f174463257efb694bfdf62eddbb1b avia-font-entypo-fontello'><span class='iconlist-char' aria-hidden='true' data-av_icon='\ue82a' data-av_iconfont='entypo-fontello'><\/span><\/div><article class=\"article-icon-entry \"  itemscope=\"itemscope\" itemtype=\"https:\/\/schema.org\/CreativeWork\" ><div class=\"iconlist_content_wrap\"><header class=\"entry-content-header\"><div class='av_iconlist_title iconlist_title_small  av_inherit_color'  itemprop=\"headline\" >Priority axis 1<\/div><\/header><div class='iconlist_content av_inherit_color'  itemprop=\"text\" ><p><em>Investment priority 6c<\/em><\/p>\n<p>SO 1:&nbsp;To increase attractiveness through the diversification and cross-border integration of the sustainable touristic offer in the programme area, based on the protection of the elements of cultural and natural heritage<\/p>\n<\/div><\/div><footer class=\"entry-footer\"><\/footer><\/article><div class=\"iconlist-timeline\"><\/div><\/li>\n<li><div class='iconlist_icon av-av_iconlist_item-bf026ffc202a114c5fb61cd128e8d92d avia-font-entypo-fontello'><span class='iconlist-char' aria-hidden='true' data-av_icon='\ue85b' data-av_iconfont='entypo-fontello'><\/span><\/div><article class=\"article-icon-entry \"  itemscope=\"itemscope\" itemtype=\"https:\/\/schema.org\/CreativeWork\" ><div class=\"iconlist_content_wrap\"><header class=\"entry-content-header\"><div class='av_iconlist_title iconlist_title_small  av_inherit_color'  itemprop=\"headline\" >Project duration<\/div><\/header><div class='iconlist_content av_inherit_color'  itemprop=\"text\" ><p>01.08.2016 &#8211; 31.07.2019<\/p>\n<\/div><\/div><footer class=\"entry-footer\"><\/footer><\/article><div class=\"iconlist-timeline\"><\/div><\/li>\n<li><div class='iconlist_icon av-av_iconlist_item-68739a4e6a22d16c8a79eb28872b58e3 avia-font-entypo-fontello'><span class='iconlist-char' aria-hidden='true' data-av_icon='\ue8d3' data-av_iconfont='entypo-fontello'><\/span><\/div><article class=\"article-icon-entry \"  itemscope=\"itemscope\" itemtype=\"https:\/\/schema.org\/CreativeWork\" ><div class=\"iconlist_content_wrap\"><header class=\"entry-content-header\"><div class='av_iconlist_title iconlist_title_small  av_inherit_color'  itemprop=\"headline\" >Comitted ERDF co-financing<\/div><\/header><div class='iconlist_content av_inherit_color'  itemprop=\"text\" ><p>882.321,27 EUR<\/p>\n<\/div><\/div><footer class=\"entry-footer\"><\/footer><\/article><div class=\"iconlist-timeline\"><\/div><\/li>\n<li><div class='iconlist_icon av-av_iconlist_item-4516b216681c78ac7cfc2278c0e57820 avia-font-entypo-fontello'><span class='iconlist-char' aria-hidden='true' data-av_icon='\ue80b' data-av_iconfont='entypo-fontello'><\/span><\/div><article class=\"article-icon-entry \"  itemscope=\"itemscope\" itemtype=\"https:\/\/schema.org\/CreativeWork\" ><div class=\"iconlist_content_wrap\"><header class=\"entry-content-header\"><div class='av_iconlist_title iconlist_title_small  av_inherit_color'  itemprop=\"headline\" >Project partners<\/div><\/header><div class='iconlist_content av_inherit_color'  itemprop=\"text\" ><ul>\n<li>\u0150rs\u00e9gi Nemzeti Park Igazgat\u00f3s\u00e1g (Lead Partner)<\/li>\n<li>Javni zavod Krajinski Park Gori\u010dko<\/li>\n<li>Center za zdravje in razvoj Murska Sobota<\/li>\n<li>Ob\u010dina Moravske Toplice<\/li>\n<li>Ob\u010dina \u0160alovci<\/li>\n<li>Szlov\u00e9n Vid\u00e9k Gazdas\u00e1gfejleszt\u00e9si Szolg\u00e1ltat\u00f3 K\u00f6zhaszn\u00fa Nonprofit Kft.<\/li>\n<li>Szakonyfalu K\u00f6zs\u00e9g \u00d6nkorm\u00e1nyzata<\/li>\n<li>Als\u00f3sz\u00f6ln\u00f6k K\u00f6zs\u00e9g \u00d6nkorm\u00e1nyzata<\/li>\n<\/ul>\n<\/div><\/div><footer class=\"entry-footer\"><\/footer><\/article><div class=\"iconlist-timeline\"><\/div><\/li>\n<\/ul><\/div><br \/>\n\n<style type=\"text\/css\" data-created_by=\"avia_inline_auto\" id=\"style-css-av-av_font_icon-2029e31e22dc935816215da86e0fa6ae\">\n.av_font_icon.av-av_font_icon-2029e31e22dc935816215da86e0fa6ae{\ncolor:#b02b2c;\nborder-color:#b02b2c;\n}\n.av_font_icon.av-av_font_icon-2029e31e22dc935816215da86e0fa6ae .av-icon-char{\nfont-size:25px;\nline-height:25px;\nwidth:25px;\n}\n<\/style>\n<span  class='av_font_icon av-av_font_icon-2029e31e22dc935816215da86e0fa6ae avia_animate_when_visible av-icon-style-border avia-icon-pos-left avia-icon-animate'><a href='http:\/\/www.orseginemzetipark.hu\/hu\/info\/fejleszteseink\/folyamatban-levo-projektek\/green-exercise--aktiv-turisztikai-termekek-fejlesztese.html' target=\"_blank\" rel=\"noopener noreferrer\" class='av-icon-char' aria-hidden='true' data-av_icon='\ue821' data-av_iconfont='entypo-fontello'><\/a><\/span><br \/>\n\n<style type=\"text\/css\" data-created_by=\"avia_inline_auto\" id=\"style-css-av-av_font_icon-8bce42a2f10f3bb3956dd09a76b941a5\">\n.av_font_icon.av-av_font_icon-8bce42a2f10f3bb3956dd09a76b941a5{\ncolor:#1e7fe8;\nborder-color:#1e7fe8;\n}\n.av_font_icon.av-av_font_icon-8bce42a2f10f3bb3956dd09a76b941a5 .av-icon-char{\nfont-size:25px;\nline-height:25px;\nwidth:25px;\n}\n<\/style>\n<span  class='av_font_icon av-av_font_icon-8bce42a2f10f3bb3956dd09a76b941a5 avia_animate_when_visible av-icon-style-border avia-icon-pos-left avia-icon-animate'><a href='https:\/\/www.facebook.com\/greenexercisesihu18\/' target=\"_blank\" rel=\"noopener noreferrer\" class='av-icon-char' aria-hidden='true' data-av_icon='\ue8f5' data-av_iconfont='entypo-fontello'><\/a><\/span><\/p><\/div><\/p>\n\n<style type=\"text\/css\" data-created_by=\"avia_inline_auto\" id=\"style-css-av-av_one_full-6126cab7d8fab8d08143dd2dacdf673c\">\n.flex_column.av-av_one_full-6126cab7d8fab8d08143dd2dacdf673c{\nborder-radius:0px 0px 0px 0px;\n-webkit-border-radius:0px 0px 0px 0px;\n-moz-border-radius:0px 0px 0px 0px;\n}\n<\/style>\n<div class='flex_column av-av_one_full-6126cab7d8fab8d08143dd2dacdf673c av_one_full  avia-builder-el-12  el_after_av_one_third  avia-builder-el-last  first flex_column_div av-zero-column-padding column-top-margin'   ><div  class='av-social-sharing-box av-av_social_share-981f7761336080d54c04d7ac30ef78f7 av-social-sharing-box-default  avia-builder-el-13  avia-builder-el-no-sibling  av-social-sharing-box-fullwidth'><div class=\"av-share-box\"><h5 class='av-share-link-description av-no-toc '>Share this entry<\/h5><ul class=\"av-share-box-list noLightbox\"><li class='av-share-link av-social-link-facebook' ><a target=\"_blank\" aria-label=\"Share on Facebook\" href='https:\/\/www.facebook.com\/sharer.php?u=http:\/\/www.si-hu.eu\/en2\/green-exercise\/&#038;t=Green%20Exercise' aria-hidden='false' data-av_icon='\ue8f3' data-av_iconfont='entypo-fontello' title='' data-avia-related-tooltip='Share on Facebook' rel=\"noopener\"><span class='avia_hidden_link_text'>Share on Facebook<\/span><\/a><\/li><li class='av-share-link av-social-link-twitter' ><a target=\"_blank\" aria-label=\"Share on Twitter\" href='https:\/\/twitter.com\/share?text=Green%20Exercise&#038;url=http:\/\/www.si-hu.eu\/en2\/?p=4208' aria-hidden='false' data-av_icon='\ue8f1' data-av_iconfont='entypo-fontello' title='' data-avia-related-tooltip='Share on Twitter' rel=\"noopener\"><span class='avia_hidden_link_text'>Share on Twitter<\/span><\/a><\/li><li class='av-share-link av-social-link-pinterest' ><a target=\"_blank\" aria-label=\"Share on Pinterest\" href='https:\/\/pinterest.com\/pin\/create\/button\/?url=http%3A%2F%2Fwww.si-hu.eu%2Fen2%2Fgreen-exercise%2F&#038;description=Green%20Exercise&#038;media=' aria-hidden='false' data-av_icon='\ue8f8' data-av_iconfont='entypo-fontello' title='' data-avia-related-tooltip='Share on Pinterest' rel=\"noopener\"><span class='avia_hidden_link_text'>Share on Pinterest<\/span><\/a><\/li><li class='av-share-link av-social-link-linkedin' ><a target=\"_blank\" aria-label=\"Share on LinkedIn\" href='https:\/\/linkedin.com\/shareArticle?mini=true&#038;title=Green%20Exercise&#038;url=http:\/\/www.si-hu.eu\/en2\/green-exercise\/' aria-hidden='false' data-av_icon='\ue8fc' data-av_iconfont='entypo-fontello' title='' data-avia-related-tooltip='Share on LinkedIn' rel=\"noopener\"><span class='avia_hidden_link_text'>Share on LinkedIn<\/span><\/a><\/li><li class='av-share-link av-social-link-tumblr' ><a target=\"_blank\" aria-label=\"Share on Tumblr\" href='https:\/\/www.tumblr.com\/share\/link?url=http%3A%2F%2Fwww.si-hu.eu%2Fen2%2Fgreen-exercise%2F&#038;name=Green%20Exercise&#038;description=' aria-hidden='false' data-av_icon='\ue8fa' data-av_iconfont='entypo-fontello' title='' data-avia-related-tooltip='Share on Tumblr' rel=\"noopener\"><span class='avia_hidden_link_text'>Share on Tumblr<\/span><\/a><\/li><li class='av-share-link av-social-link-vk' ><a target=\"_blank\" aria-label=\"Share on Vk\" href='https:\/\/vk.com\/share.php?url=http:\/\/www.si-hu.eu\/en2\/green-exercise\/' aria-hidden='false' data-av_icon='\ue926' data-av_iconfont='entypo-fontello' title='' data-avia-related-tooltip='Share on Vk' rel=\"noopener\"><span class='avia_hidden_link_text'>Share on Vk<\/span><\/a><\/li><li class='av-share-link av-social-link-reddit' ><a target=\"_blank\" aria-label=\"Share on Reddit\" href='https:\/\/reddit.com\/submit?url=http:\/\/www.si-hu.eu\/en2\/green-exercise\/&#038;title=Green%20Exercise' aria-hidden='false' data-av_icon='\ue927' data-av_iconfont='entypo-fontello' title='' data-avia-related-tooltip='Share on Reddit' rel=\"noopener\"><span class='avia_hidden_link_text'>Share on Reddit<\/span><\/a><\/li><li class='av-share-link av-social-link-mail' ><a  aria-label=\"Share by Mail\" href='mailto:?subject=Green%20Exercise&#038;body=http:\/\/www.si-hu.eu\/en2\/green-exercise\/' aria-hidden='false' data-av_icon='\ue805' data-av_iconfont='entypo-fontello' title='' data-avia-related-tooltip='Share by Mail'><span class='avia_hidden_link_text'>Share by Mail<\/span><\/a><\/li><\/ul><\/div><\/div><\/div>\n","protected":false},"excerpt":{"rendered":"","protected":false},"author":80,"featured_media":0,"parent":0,"menu_order":0,"comment_status":"closed","ping_status":"closed","template":"","meta":{"ngg_post_thumbnail":0},"_links":{"self":[{"href":"http:\/\/www.si-hu.eu\/en2\/wp-json\/wp\/v2\/pages\/4208"}],"collection":[{"href":"http:\/\/www.si-hu.eu\/en2\/wp-json\/wp\/v2\/pages"}],"about":[{"href":"http:\/\/www.si-hu.eu\/en2\/wp-json\/wp\/v2\/types\/page"}],"author":[{"embeddable":true,"href":"http:\/\/www.si-hu.eu\/en2\/wp-json\/wp\/v2\/users\/80"}],"replies":[{"embeddable":true,"href":"http:\/\/www.si-hu.eu\/en2\/wp-json\/wp\/v2\/comments?post=4208"}],"version-history":[{"count":5,"href":"http:\/\/www.si-hu.eu\/en2\/wp-json\/wp\/v2\/pages\/4208\/revisions"}],"predecessor-version":[{"id":7293,"href":"http:\/\/www.si-hu.eu\/en2\/wp-json\/wp\/v2\/pages\/4208\/revisions\/7293"}],"wp:attachment":[{"href":"http:\/\/www.si-hu.eu\/en2\/wp-json\/wp\/v2\/media?parent=4208"}],"curies":[{"name":"wp","href":"https:\/\/api.w.org\/{rel}","templated":true}]}}