{"id":4227,"date":"2019-01-29T16:21:58","date_gmt":"2019-01-29T14:21:58","guid":{"rendered":"http:\/\/www.si-hu.eu\/en2\/?page_id=4227"},"modified":"2019-01-29T16:21:58","modified_gmt":"2019-01-29T14:21:58","slug":"tele-ka-land","status":"publish","type":"page","link":"http:\/\/www.si-hu.eu\/en2\/tele-ka-land\/","title":{"rendered":"TELE-KA-LAND"},"content":{"rendered":"\n<style type=\"text\/css\" data-created_by=\"avia_inline_auto\" id=\"style-css-av-av_two_third-6126cab7d8fab8d08143dd2dacdf673c\">\n.flex_column.av-av_two_third-6126cab7d8fab8d08143dd2dacdf673c{\nborder-radius:0px 0px 0px 0px;\n-webkit-border-radius:0px 0px 0px 0px;\n-moz-border-radius:0px 0px 0px 0px;\n}\n<\/style>\n<div class='flex_column av-av_two_third-6126cab7d8fab8d08143dd2dacdf673c av_two_third  avia-builder-el-0  el_before_av_one_third  avia-builder-el-first  first flex_column_div av-zero-column-padding '   ><section  class='av_textblock_section av-av_textblock-0366cc7376be6c9e82a3e9cc8987b64f'  itemscope=\"itemscope\" itemtype=\"https:\/\/schema.org\/CreativeWork\" ><div class='avia_textblock'  itemprop=\"text\" ><h1>TELE-KA-LAND<\/h1>\n<\/div><\/section><\/div>\n\n<style type=\"text\/css\" data-created_by=\"avia_inline_auto\" id=\"style-css-av-av_one_third-0aa7055fe62c3622faec82866afbaeb2\">\n.flex_column.av-av_one_third-0aa7055fe62c3622faec82866afbaeb2{\nborder-radius:0px 0px 0px 0px;\n-webkit-border-radius:0px 0px 0px 0px;\n-moz-border-radius:0px 0px 0px 0px;\n}\n<\/style>\n<div class='flex_column av-av_one_third-0aa7055fe62c3622faec82866afbaeb2 av_one_third  avia-builder-el-2  el_after_av_two_third  el_before_av_one_full  flex_column_div av-zero-column-padding '   ><style type=\"text\/css\" data-created_by=\"avia_inline_auto\" id=\"style-css-av-av_image-d21ef2ba17bd438a6825be2887cbe376\">\n.avia-image-container.av-av_image-d21ef2ba17bd438a6825be2887cbe376 .av-image-caption-overlay-center{\ncolor:#ffffff;\n}\n<\/style>\n<div  class='avia-image-container av-av_image-d21ef2ba17bd438a6825be2887cbe376 av-styling- avia-align-left  avia-builder-el-3  avia-builder-el-no-sibling '  itemprop=\"image\" itemscope=\"itemscope\" itemtype=\"https:\/\/schema.org\/ImageObject\" ><div class=\"avia-image-container-inner\"><div class=\"avia-image-overlay-wrap\"><img class='wp-image-4200 avia-img-lazy-loading-not-4200 avia_image' src=\"http:\/\/www.si-hu.eu\/en2\/wp-content\/uploads\/sites\/11\/2018\/10\/interreg_icon_enviroment_neg_RGB-1-80x80.jpg\" alt='' title=''  height=\"80\" width=\"80\"  itemprop=\"thumbnailUrl\" srcset=\"http:\/\/www.si-hu.eu\/en2\/wp-content\/uploads\/sites\/11\/2018\/10\/interreg_icon_enviroment_neg_RGB-1-80x80.jpg 80w, http:\/\/www.si-hu.eu\/en2\/wp-content\/uploads\/sites\/11\/2018\/10\/interreg_icon_enviroment_neg_RGB-1-300x300.jpg 300w, http:\/\/www.si-hu.eu\/en2\/wp-content\/uploads\/sites\/11\/2018\/10\/interreg_icon_enviroment_neg_RGB-1-768x768.jpg 768w, http:\/\/www.si-hu.eu\/en2\/wp-content\/uploads\/sites\/11\/2018\/10\/interreg_icon_enviroment_neg_RGB-1-1030x1030.jpg 1030w, http:\/\/www.si-hu.eu\/en2\/wp-content\/uploads\/sites\/11\/2018\/10\/interreg_icon_enviroment_neg_RGB-1-600x600.jpg 600w, http:\/\/www.si-hu.eu\/en2\/wp-content\/uploads\/sites\/11\/2018\/10\/interreg_icon_enviroment_neg_RGB-1-36x36.jpg 36w, http:\/\/www.si-hu.eu\/en2\/wp-content\/uploads\/sites\/11\/2018\/10\/interreg_icon_enviroment_neg_RGB-1-180x180.jpg 180w, http:\/\/www.si-hu.eu\/en2\/wp-content\/uploads\/sites\/11\/2018\/10\/interreg_icon_enviroment_neg_RGB-1-1500x1500.jpg 1500w, http:\/\/www.si-hu.eu\/en2\/wp-content\/uploads\/sites\/11\/2018\/10\/interreg_icon_enviroment_neg_RGB-1-705x705.jpg 705w, http:\/\/www.si-hu.eu\/en2\/wp-content\/uploads\/sites\/11\/2018\/10\/interreg_icon_enviroment_neg_RGB-1-120x120.jpg 120w, http:\/\/www.si-hu.eu\/en2\/wp-content\/uploads\/sites\/11\/2018\/10\/interreg_icon_enviroment_neg_RGB-1-450x450.jpg 450w\" sizes=\"(max-width: 80px) 100vw, 80px\" \/><\/div><\/div><\/div><\/div>\n\n<style type=\"text\/css\" data-created_by=\"avia_inline_auto\" id=\"style-css-av-av_one_full-6126cab7d8fab8d08143dd2dacdf673c\">\n.flex_column.av-av_one_full-6126cab7d8fab8d08143dd2dacdf673c{\nborder-radius:0px 0px 0px 0px;\n-webkit-border-radius:0px 0px 0px 0px;\n-moz-border-radius:0px 0px 0px 0px;\n}\n<\/style>\n<div class='flex_column av-av_one_full-6126cab7d8fab8d08143dd2dacdf673c av_one_full  avia-builder-el-4  el_after_av_one_third  el_before_av_two_third  first flex_column_div av-zero-column-padding column-top-margin'   ><div  class='hr av-av_hr-dcd2069817a0e3d34ae04cad8f3443c7 hr-default  avia-builder-el-5  avia-builder-el-no-sibling '><span class='hr-inner '><span class=\"hr-inner-style\"><\/span><\/span><\/div><\/div>\n\n<style type=\"text\/css\" data-created_by=\"avia_inline_auto\" id=\"style-css-av-av_two_third-6126cab7d8fab8d08143dd2dacdf673c\">\n.flex_column.av-av_two_third-6126cab7d8fab8d08143dd2dacdf673c{\nborder-radius:0px 0px 0px 0px;\n-webkit-border-radius:0px 0px 0px 0px;\n-moz-border-radius:0px 0px 0px 0px;\n}\n<\/style>\n<div class='flex_column av-av_two_third-6126cab7d8fab8d08143dd2dacdf673c av_two_third  avia-builder-el-6  el_after_av_one_full  el_before_av_one_third  first flex_column_div av-zero-column-padding column-top-margin'   ><section  class='av_textblock_section av-av_textblock-0366cc7376be6c9e82a3e9cc8987b64f'  itemscope=\"itemscope\" itemtype=\"https:\/\/schema.org\/CreativeWork\" ><div class='avia_textblock'  itemprop=\"text\" ><p><img loading=\"lazy\" class=\"alignleft wp-image-4237 size-medium\" src=\"http:\/\/www.si-hu.eu\/en2\/wp-content\/uploads\/sites\/11\/2018\/10\/logo2-page-001-300x245.jpg\" alt=\"\" width=\"300\" height=\"245\" srcset=\"http:\/\/www.si-hu.eu\/en2\/wp-content\/uploads\/sites\/11\/2018\/10\/logo2-page-001-300x245.jpg 300w, http:\/\/www.si-hu.eu\/en2\/wp-content\/uploads\/sites\/11\/2018\/10\/logo2-page-001-768x628.jpg 768w, http:\/\/www.si-hu.eu\/en2\/wp-content\/uploads\/sites\/11\/2018\/10\/logo2-page-001-1030x842.jpg 1030w, http:\/\/www.si-hu.eu\/en2\/wp-content\/uploads\/sites\/11\/2018\/10\/logo2-page-001-600x491.jpg 600w, http:\/\/www.si-hu.eu\/en2\/wp-content\/uploads\/sites\/11\/2018\/10\/logo2-page-001-1500x1226.jpg 1500w, http:\/\/www.si-hu.eu\/en2\/wp-content\/uploads\/sites\/11\/2018\/10\/logo2-page-001-705x576.jpg 705w, http:\/\/www.si-hu.eu\/en2\/wp-content\/uploads\/sites\/11\/2018\/10\/logo2-page-001-450x368.jpg 450w\" sizes=\"(max-width: 300px) 100vw, 300px\" \/>The municipalities of the region (three of them partners) are seeking opportunities for sustainable development. In our judgement, there is a lack of touristic services, especially programmes for families with young children. The offers are often uncoordinated, and the sales systems are undeveloped. The products should make a larger area attractive, providing the opportunity for tourists to stay for several days. The project responds to these complex challenges; it uses the results of the partners&#8217; previous project called &#8216;5 Stagecoaches&#8217; to create touristic products that meet the demands in the region near the border. On one hand, it is the TELE-KA-LAND Fairy Tale Park network, which aims to make the region attractive to almost every age group. With the same goal, we are developing large-scale events at four partners, capitalizing on the knowledge base of the University of Pannonia, and drawing on the bases of the Fairy Tale Park and local traditions. A key element of the project is that the touristic destination management organisation that is created conducts coordinated marketing activities to achieve our goals. The role of this organisation is to get messages related to new products across to potential guests. The most modern communication techniques are used in this activity. Mobile applications are made, Facebook PPC campaigns are run and Google AdWords search and display campaigns are conducted to publicise the product, but traditional marketing tools are also used. As part of our work packages, we plan to organise training courses for the service providers of the region under the guidance and with the participation of the University of Pannonia. These courses include electronic sales tools, equestrian tour guide certified training and hotel animator.Our structured activities all point to one direction: to use new products to attract more visitors to the region for longer periods and to provide a high standard of services for them.<\/p>\n\n\n<div class=\"ngg-galleryoverview ngg-slideshow\"\n\t id=\"ngg-slideshow-64ccc7c99f56576399e9bc2e67721005-13589010310\"\n     data-gallery-id=\"64ccc7c99f56576399e9bc2e67721005\"\n     style=\"max-width: 600px; max-height: 400px;\">\n\n \t<div id=\"ngg-image-0\" class=\"ngg-gallery-slideshow-image\" style=\"height:400px\">\n\n        <a href=\"http:\/\/www.si-hu.eu\/en2\/wp-content\/uploads\/sites\/11\/nggallery\/tele-ka-land\/34.jpg\"\n           title=\"\"\n           data-src=\"http:\/\/www.si-hu.eu\/en2\/wp-content\/uploads\/sites\/11\/nggallery\/tele-ka-land\/34.jpg\"\n           data-thumbnail=\"http:\/\/www.si-hu.eu\/en2\/wp-content\/uploads\/sites\/11\/nggallery\/tele-ka-land\/thumbs\/thumbs_34.jpg\"\n           data-image-id=\"358\"\n           data-title=\"34\"\n           data-description=\"\"\n           class=\"ngg-fancybox\" rel=\"64ccc7c99f56576399e9bc2e67721005\">\n\n            <img data-image-id='358'\n                 title=\"\"\n                 alt=\"34\"\n                 src=\"http:\/\/www.si-hu.eu\/en2\/wp-content\/uploads\/sites\/11\/nggallery\/tele-ka-land\/34.jpg\"\n                 style=\"max-height: 380px;\"\/>\n        <\/a>\n\n        <\/div> \n<div id=\"ngg-image-1\" class=\"ngg-gallery-slideshow-image\" style=\"height:400px\">\n\n        <a href=\"http:\/\/www.si-hu.eu\/en2\/wp-content\/uploads\/sites\/11\/nggallery\/tele-ka-land\/Iciri-Piciri-3.jpg\"\n           title=\"\"\n           data-src=\"http:\/\/www.si-hu.eu\/en2\/wp-content\/uploads\/sites\/11\/nggallery\/tele-ka-land\/Iciri-Piciri-3.jpg\"\n           data-thumbnail=\"http:\/\/www.si-hu.eu\/en2\/wp-content\/uploads\/sites\/11\/nggallery\/tele-ka-land\/thumbs\/thumbs_Iciri-Piciri-3.jpg\"\n           data-image-id=\"360\"\n           data-title=\"Iciri Piciri 3\"\n           data-description=\"\"\n           class=\"ngg-fancybox\" rel=\"64ccc7c99f56576399e9bc2e67721005\">\n\n            <img data-image-id='360'\n                 title=\"\"\n                 alt=\"Iciri Piciri 3\"\n                 src=\"http:\/\/www.si-hu.eu\/en2\/wp-content\/uploads\/sites\/11\/nggallery\/tele-ka-land\/Iciri-Piciri-3.jpg\"\n                 style=\"max-height: 380px;\"\/>\n        <\/a>\n\n        <\/div> \n<div id=\"ngg-image-2\" class=\"ngg-gallery-slideshow-image\" style=\"height:400px\">\n\n        <a href=\"http:\/\/www.si-hu.eu\/en2\/wp-content\/uploads\/sites\/11\/nggallery\/tele-ka-land\/Kakas.jpg\"\n           title=\"\"\n           data-src=\"http:\/\/www.si-hu.eu\/en2\/wp-content\/uploads\/sites\/11\/nggallery\/tele-ka-land\/Kakas.jpg\"\n           data-thumbnail=\"http:\/\/www.si-hu.eu\/en2\/wp-content\/uploads\/sites\/11\/nggallery\/tele-ka-land\/thumbs\/thumbs_Kakas.jpg\"\n           data-image-id=\"361\"\n           data-title=\"Kakas\"\n           data-description=\"\"\n           class=\"ngg-fancybox\" rel=\"64ccc7c99f56576399e9bc2e67721005\">\n\n            <img data-image-id='361'\n                 title=\"\"\n                 alt=\"Kakas\"\n                 src=\"http:\/\/www.si-hu.eu\/en2\/wp-content\/uploads\/sites\/11\/nggallery\/tele-ka-land\/Kakas.jpg\"\n                 style=\"max-height: 380px;\"\/>\n        <\/a>\n\n        <\/div> \n<div id=\"ngg-image-3\" class=\"ngg-gallery-slideshow-image\" style=\"height:400px\">\n\n        <a href=\"http:\/\/www.si-hu.eu\/en2\/wp-content\/uploads\/sites\/11\/nggallery\/tele-ka-land\/Matyi.jpg\"\n           title=\"\"\n           data-src=\"http:\/\/www.si-hu.eu\/en2\/wp-content\/uploads\/sites\/11\/nggallery\/tele-ka-land\/Matyi.jpg\"\n           data-thumbnail=\"http:\/\/www.si-hu.eu\/en2\/wp-content\/uploads\/sites\/11\/nggallery\/tele-ka-land\/thumbs\/thumbs_Matyi.jpg\"\n           data-image-id=\"363\"\n           data-title=\"Matyi\"\n           data-description=\"\"\n           class=\"ngg-fancybox\" rel=\"64ccc7c99f56576399e9bc2e67721005\">\n\n            <img data-image-id='363'\n                 title=\"\"\n                 alt=\"Matyi\"\n                 src=\"http:\/\/www.si-hu.eu\/en2\/wp-content\/uploads\/sites\/11\/nggallery\/tele-ka-land\/Matyi.jpg\"\n                 style=\"max-height: 380px;\"\/>\n        <\/a>\n\n        <\/div> \n<div id=\"ngg-image-4\" class=\"ngg-gallery-slideshow-image\" style=\"height:400px\">\n\n        <a href=\"http:\/\/www.si-hu.eu\/en2\/wp-content\/uploads\/sites\/11\/nggallery\/tele-ka-land\/Piroska-1.jpg\"\n           title=\"\"\n           data-src=\"http:\/\/www.si-hu.eu\/en2\/wp-content\/uploads\/sites\/11\/nggallery\/tele-ka-land\/Piroska-1.jpg\"\n           data-thumbnail=\"http:\/\/www.si-hu.eu\/en2\/wp-content\/uploads\/sites\/11\/nggallery\/tele-ka-land\/thumbs\/thumbs_Piroska-1.jpg\"\n           data-image-id=\"367\"\n           data-title=\"Piroska 1\"\n           data-description=\"\"\n           class=\"ngg-fancybox\" rel=\"64ccc7c99f56576399e9bc2e67721005\">\n\n            <img data-image-id='367'\n                 title=\"\"\n                 alt=\"Piroska 1\"\n                 src=\"http:\/\/www.si-hu.eu\/en2\/wp-content\/uploads\/sites\/11\/nggallery\/tele-ka-land\/Piroska-1.jpg\"\n                 style=\"max-height: 380px;\"\/>\n        <\/a>\n\n        <\/div> \n<\/div>\n\n\n\n\n<p>&nbsp;<\/p>\n<\/div><\/section><\/div>\n<style type=\"text\/css\" data-created_by=\"avia_inline_auto\" id=\"style-css-av-av_one_third-0aa7055fe62c3622faec82866afbaeb2\">\n.flex_column.av-av_one_third-0aa7055fe62c3622faec82866afbaeb2{\nborder-radius:0px 0px 0px 0px;\n-webkit-border-radius:0px 0px 0px 0px;\n-moz-border-radius:0px 0px 0px 0px;\n}\n<\/style>\n<div class='flex_column av-av_one_third-0aa7055fe62c3622faec82866afbaeb2 av_one_third  avia-builder-el-8  el_after_av_two_third  el_before_av_one_full  flex_column_div av-zero-column-padding column-top-margin'   ><p>\n<style type=\"text\/css\" data-created_by=\"avia_inline_auto\" id=\"style-css-av-av_iconlist-b06021e845c44cd35373f25493d26102\">\n#top .avia-icon-list-container.av-av_iconlist-b06021e845c44cd35373f25493d26102 .iconlist_icon{\ncolor:#83a846;\nfont-size:17px;\n}\n#top #wrap_all .avia-icon-list-container.av-av_iconlist-b06021e845c44cd35373f25493d26102 .av_iconlist_title{\nfont-size:17px;\ncolor:#83a846;\n}\n.avia-icon-list-container.av-av_iconlist-b06021e845c44cd35373f25493d26102 .iconlist_content{\nfont-size:13px;\ncolor:#000000;\n}\n<\/style>\n<div  class='avia-icon-list-container av-av_iconlist-b06021e845c44cd35373f25493d26102  avia-builder-el-9  el_before_av_font_icon  avia-builder-el-first '><ul class='avia-icon-list avia_animate_when_almost_visible avia-icon-list-left av-iconlist-small av-av_iconlist-b06021e845c44cd35373f25493d26102 avia-iconlist-animate'>\n<li><div class='iconlist_icon av-av_iconlist_item-833f174463257efb694bfdf62eddbb1b avia-font-entypo-fontello'><span class='iconlist-char' aria-hidden='true' data-av_icon='\ue82a' data-av_iconfont='entypo-fontello'><\/span><\/div><article class=\"article-icon-entry \"  itemscope=\"itemscope\" itemtype=\"https:\/\/schema.org\/CreativeWork\" ><div class=\"iconlist_content_wrap\"><header class=\"entry-content-header\"><div class='av_iconlist_title iconlist_title_small  av_inherit_color'  itemprop=\"headline\" >Priority axis 1<\/div><\/header><div class='iconlist_content av_inherit_color'  itemprop=\"text\" ><p><em>Investment priority 6c<\/em><\/p>\n<p>SO 1:&nbsp;To increase attractiveness through the diversification and cross-border integration of the sustainable touristic offer in the programme area, based on the protection of the elements of cultural and natural heritage<\/p>\n<\/div><\/div><footer class=\"entry-footer\"><\/footer><\/article><div class=\"iconlist-timeline\"><\/div><\/li>\n<li><div class='iconlist_icon av-av_iconlist_item-bf026ffc202a114c5fb61cd128e8d92d avia-font-entypo-fontello'><span class='iconlist-char' aria-hidden='true' data-av_icon='\ue85b' data-av_iconfont='entypo-fontello'><\/span><\/div><article class=\"article-icon-entry \"  itemscope=\"itemscope\" itemtype=\"https:\/\/schema.org\/CreativeWork\" ><div class=\"iconlist_content_wrap\"><header class=\"entry-content-header\"><div class='av_iconlist_title iconlist_title_small  av_inherit_color'  itemprop=\"headline\" >Project duration<\/div><\/header><div class='iconlist_content av_inherit_color'  itemprop=\"text\" ><p>01.01.2018 &#8211; 31.12.2020<\/p>\n<\/div><\/div><footer class=\"entry-footer\"><\/footer><\/article><div class=\"iconlist-timeline\"><\/div><\/li>\n<li><div class='iconlist_icon av-av_iconlist_item-68739a4e6a22d16c8a79eb28872b58e3 avia-font-entypo-fontello'><span class='iconlist-char' aria-hidden='true' data-av_icon='\ue8d3' data-av_iconfont='entypo-fontello'><\/span><\/div><article class=\"article-icon-entry \"  itemscope=\"itemscope\" itemtype=\"https:\/\/schema.org\/CreativeWork\" ><div class=\"iconlist_content_wrap\"><header class=\"entry-content-header\"><div class='av_iconlist_title iconlist_title_small  av_inherit_color'  itemprop=\"headline\" >Comitted ERDF co-financing<\/div><\/header><div class='iconlist_content av_inherit_color'  itemprop=\"text\" ><p>399.315,12 EUR<\/p>\n<\/div><\/div><footer class=\"entry-footer\"><\/footer><\/article><div class=\"iconlist-timeline\"><\/div><\/li>\n<li><div class='iconlist_icon av-av_iconlist_item-4516b216681c78ac7cfc2278c0e57820 avia-font-entypo-fontello'><span class='iconlist-char' aria-hidden='true' data-av_icon='\ue80b' data-av_iconfont='entypo-fontello'><\/span><\/div><article class=\"article-icon-entry \"  itemscope=\"itemscope\" itemtype=\"https:\/\/schema.org\/CreativeWork\" ><div class=\"iconlist_content_wrap\"><header class=\"entry-content-header\"><div class='av_iconlist_title iconlist_title_small  av_inherit_color'  itemprop=\"headline\" >Project partners<\/div><\/header><div class='iconlist_content av_inherit_color'  itemprop=\"text\" ><ul>\n<li>Nagyr\u00e9cse K\u00f6zs\u00e9g \u00d6nkorm\u00e1nyzata (Lead Partner)<\/li>\n<li>Magyarszerdahely K\u00f6zs\u00e9g \u00d6nkorm\u00e1nyzata<\/li>\n<li>Turisti\u010dno-Informativni center Moravske Toplice<\/li>\n<li>Zavod za okolje in turizem Dobrovnik<\/li>\n<li>Pannon Egyetem<\/li>\n<\/ul>\n<\/div><\/div><footer class=\"entry-footer\"><\/footer><\/article><div class=\"iconlist-timeline\"><\/div><\/li>\n<\/ul><\/div><br \/>\n\n<style type=\"text\/css\" data-created_by=\"avia_inline_auto\" id=\"style-css-av-av_font_icon-f69c0899595b341da4010eaccc616657\">\n.av_font_icon.av-av_font_icon-f69c0899595b341da4010eaccc616657{\ncolor:#b02b2c;\nborder-color:#b02b2c;\n}\n.av_font_icon.av-av_font_icon-f69c0899595b341da4010eaccc616657 .av-icon-char{\nfont-size:25px;\nline-height:25px;\nwidth:25px;\n}\n<\/style>\n<span  class='av_font_icon av-av_font_icon-f69c0899595b341da4010eaccc616657 avia_animate_when_visible av-icon-style-border avia-icon-pos-left avia-icon-animate'><a href='http:\/\/www.telekaland-mesepark.eu' target=\"_blank\" rel=\"noopener noreferrer\" class='av-icon-char' aria-hidden='true' data-av_icon='\ue821' data-av_iconfont='entypo-fontello'><\/a><\/span><br \/>\n\n<style type=\"text\/css\" data-created_by=\"avia_inline_auto\" id=\"style-css-av-av_font_icon-8c5633955e05bfad39ad5c03b1154487\">\n.av_font_icon.av-av_font_icon-8c5633955e05bfad39ad5c03b1154487{\ncolor:#1e7fe8;\nborder-color:#1e7fe8;\n}\n.av_font_icon.av-av_font_icon-8c5633955e05bfad39ad5c03b1154487 .av-icon-char{\nfont-size:25px;\nline-height:25px;\nwidth:25px;\n}\n<\/style>\n<span  class='av_font_icon av-av_font_icon-8c5633955e05bfad39ad5c03b1154487 avia_animate_when_visible av-icon-style-border avia-icon-pos-left avia-icon-animate'><a href='https:\/\/www.facebook.com\/posta.kocsi' target=\"_blank\" rel=\"noopener noreferrer\" class='av-icon-char' aria-hidden='true' data-av_icon='\ue8f5' data-av_iconfont='entypo-fontello'><\/a><\/span><\/p><\/div>\n<style type=\"text\/css\" data-created_by=\"avia_inline_auto\" id=\"style-css-av-av_one_full-6126cab7d8fab8d08143dd2dacdf673c\">\n.flex_column.av-av_one_full-6126cab7d8fab8d08143dd2dacdf673c{\nborder-radius:0px 0px 0px 0px;\n-webkit-border-radius:0px 0px 0px 0px;\n-moz-border-radius:0px 0px 0px 0px;\n}\n<\/style>\n<div class='flex_column av-av_one_full-6126cab7d8fab8d08143dd2dacdf673c av_one_full  avia-builder-el-12  el_after_av_one_third  avia-builder-el-last  first flex_column_div av-zero-column-padding column-top-margin'   ><div  class='av-social-sharing-box av-av_social_share-981f7761336080d54c04d7ac30ef78f7 av-social-sharing-box-default  avia-builder-el-13  avia-builder-el-no-sibling  av-social-sharing-box-fullwidth'><div class=\"av-share-box\"><h5 class='av-share-link-description av-no-toc '>Share this entry<\/h5><ul class=\"av-share-box-list noLightbox\"><li class='av-share-link av-social-link-facebook' ><a target=\"_blank\" aria-label=\"Share on Facebook\" href='https:\/\/www.facebook.com\/sharer.php?u=http:\/\/www.si-hu.eu\/en2\/tele-ka-land\/&#038;t=TELE-KA-LAND' aria-hidden='false' data-av_icon='\ue8f3' data-av_iconfont='entypo-fontello' title='' data-avia-related-tooltip='Share on Facebook' rel=\"noopener\"><span class='avia_hidden_link_text'>Share on Facebook<\/span><\/a><\/li><li class='av-share-link av-social-link-twitter' ><a target=\"_blank\" aria-label=\"Share on Twitter\" href='https:\/\/twitter.com\/share?text=TELE-KA-LAND&#038;url=http:\/\/www.si-hu.eu\/en2\/?p=4227' aria-hidden='false' data-av_icon='\ue8f1' data-av_iconfont='entypo-fontello' title='' data-avia-related-tooltip='Share on Twitter' rel=\"noopener\"><span class='avia_hidden_link_text'>Share on Twitter<\/span><\/a><\/li><li class='av-share-link av-social-link-pinterest' ><a target=\"_blank\" aria-label=\"Share on Pinterest\" href='https:\/\/pinterest.com\/pin\/create\/button\/?url=http%3A%2F%2Fwww.si-hu.eu%2Fen2%2Ftele-ka-land%2F&#038;description=TELE-KA-LAND&#038;media=' aria-hidden='false' data-av_icon='\ue8f8' data-av_iconfont='entypo-fontello' title='' data-avia-related-tooltip='Share on Pinterest' rel=\"noopener\"><span class='avia_hidden_link_text'>Share on Pinterest<\/span><\/a><\/li><li class='av-share-link av-social-link-linkedin' ><a target=\"_blank\" aria-label=\"Share on LinkedIn\" href='https:\/\/linkedin.com\/shareArticle?mini=true&#038;title=TELE-KA-LAND&#038;url=http:\/\/www.si-hu.eu\/en2\/tele-ka-land\/' aria-hidden='false' data-av_icon='\ue8fc' data-av_iconfont='entypo-fontello' title='' data-avia-related-tooltip='Share on LinkedIn' rel=\"noopener\"><span class='avia_hidden_link_text'>Share on LinkedIn<\/span><\/a><\/li><li class='av-share-link av-social-link-tumblr' ><a target=\"_blank\" aria-label=\"Share on Tumblr\" href='https:\/\/www.tumblr.com\/share\/link?url=http%3A%2F%2Fwww.si-hu.eu%2Fen2%2Ftele-ka-land%2F&#038;name=TELE-KA-LAND&#038;description=' aria-hidden='false' data-av_icon='\ue8fa' data-av_iconfont='entypo-fontello' title='' data-avia-related-tooltip='Share on Tumblr' rel=\"noopener\"><span class='avia_hidden_link_text'>Share on Tumblr<\/span><\/a><\/li><li class='av-share-link av-social-link-vk' ><a target=\"_blank\" aria-label=\"Share on Vk\" href='https:\/\/vk.com\/share.php?url=http:\/\/www.si-hu.eu\/en2\/tele-ka-land\/' aria-hidden='false' data-av_icon='\ue926' data-av_iconfont='entypo-fontello' title='' data-avia-related-tooltip='Share on Vk' rel=\"noopener\"><span class='avia_hidden_link_text'>Share on Vk<\/span><\/a><\/li><li class='av-share-link av-social-link-reddit' ><a target=\"_blank\" aria-label=\"Share on Reddit\" href='https:\/\/reddit.com\/submit?url=http:\/\/www.si-hu.eu\/en2\/tele-ka-land\/&#038;title=TELE-KA-LAND' aria-hidden='false' data-av_icon='\ue927' data-av_iconfont='entypo-fontello' title='' data-avia-related-tooltip='Share on Reddit' rel=\"noopener\"><span class='avia_hidden_link_text'>Share on Reddit<\/span><\/a><\/li><li class='av-share-link av-social-link-mail' ><a  aria-label=\"Share by Mail\" href='mailto:?subject=TELE-KA-LAND&#038;body=http:\/\/www.si-hu.eu\/en2\/tele-ka-land\/' aria-hidden='false' data-av_icon='\ue805' data-av_iconfont='entypo-fontello' title='' data-avia-related-tooltip='Share by Mail'><span class='avia_hidden_link_text'>Share by Mail<\/span><\/a><\/li><\/ul><\/div><\/div><\/div><\/p>\n","protected":false},"excerpt":{"rendered":"","protected":false},"author":80,"featured_media":0,"parent":0,"menu_order":0,"comment_status":"closed","ping_status":"closed","template":"","meta":{"ngg_post_thumbnail":0},"_links":{"self":[{"href":"http:\/\/www.si-hu.eu\/en2\/wp-json\/wp\/v2\/pages\/4227"}],"collection":[{"href":"http:\/\/www.si-hu.eu\/en2\/wp-json\/wp\/v2\/pages"}],"about":[{"href":"http:\/\/www.si-hu.eu\/en2\/wp-json\/wp\/v2\/types\/page"}],"author":[{"embeddable":true,"href":"http:\/\/www.si-hu.eu\/en2\/wp-json\/wp\/v2\/users\/80"}],"replies":[{"embeddable":true,"href":"http:\/\/www.si-hu.eu\/en2\/wp-json\/wp\/v2\/comments?post=4227"}],"version-history":[{"count":4,"href":"http:\/\/www.si-hu.eu\/en2\/wp-json\/wp\/v2\/pages\/4227\/revisions"}],"predecessor-version":[{"id":4516,"href":"http:\/\/www.si-hu.eu\/en2\/wp-json\/wp\/v2\/pages\/4227\/revisions\/4516"}],"wp:attachment":[{"href":"http:\/\/www.si-hu.eu\/en2\/wp-json\/wp\/v2\/media?parent=4227"}],"curies":[{"name":"wp","href":"https:\/\/api.w.org\/{rel}","templated":true}]}}