{"id":4312,"date":"2019-01-29T16:14:20","date_gmt":"2019-01-29T14:14:20","guid":{"rendered":"http:\/\/www.si-hu.eu\/en2\/?page_id=4312"},"modified":"2021-11-09T12:56:32","modified_gmt":"2021-11-09T10:56:32","slug":"ethos-land","status":"publish","type":"page","link":"http:\/\/www.si-hu.eu\/en2\/ethos-land\/","title":{"rendered":"ETHOS LAND"},"content":{"rendered":"\n<style type=\"text\/css\" data-created_by=\"avia_inline_auto\" id=\"style-css-av-av_two_third-6126cab7d8fab8d08143dd2dacdf673c\">\n.flex_column.av-av_two_third-6126cab7d8fab8d08143dd2dacdf673c{\nborder-radius:0px 0px 0px 0px;\n-webkit-border-radius:0px 0px 0px 0px;\n-moz-border-radius:0px 0px 0px 0px;\n}\n<\/style>\n<div class='flex_column av-av_two_third-6126cab7d8fab8d08143dd2dacdf673c av_two_third  avia-builder-el-0  el_before_av_one_third  avia-builder-el-first  first flex_column_div av-zero-column-padding '   ><section  class='av_textblock_section av-av_textblock-0366cc7376be6c9e82a3e9cc8987b64f'  itemscope=\"itemscope\" itemtype=\"https:\/\/schema.org\/CreativeWork\" ><div class='avia_textblock'  itemprop=\"text\" ><h1>ETHOS LAND<\/h1>\n<\/div><\/section><\/div>\n\n<style type=\"text\/css\" data-created_by=\"avia_inline_auto\" id=\"style-css-av-av_one_third-0aa7055fe62c3622faec82866afbaeb2\">\n.flex_column.av-av_one_third-0aa7055fe62c3622faec82866afbaeb2{\nborder-radius:0px 0px 0px 0px;\n-webkit-border-radius:0px 0px 0px 0px;\n-moz-border-radius:0px 0px 0px 0px;\n}\n<\/style>\n<div class='flex_column av-av_one_third-0aa7055fe62c3622faec82866afbaeb2 av_one_third  avia-builder-el-2  el_after_av_two_third  el_before_av_one_full  flex_column_div av-zero-column-padding '   ><style type=\"text\/css\" data-created_by=\"avia_inline_auto\" id=\"style-css-av-av_image-d21ef2ba17bd438a6825be2887cbe376\">\n.avia-image-container.av-av_image-d21ef2ba17bd438a6825be2887cbe376 .av-image-caption-overlay-center{\ncolor:#ffffff;\n}\n<\/style>\n<div  class='avia-image-container av-av_image-d21ef2ba17bd438a6825be2887cbe376 av-styling- avia-align-left  avia-builder-el-3  avia-builder-el-no-sibling '  itemprop=\"image\" itemscope=\"itemscope\" itemtype=\"https:\/\/schema.org\/ImageObject\" ><div class=\"avia-image-container-inner\"><div class=\"avia-image-overlay-wrap\"><img class='wp-image-4200 avia-img-lazy-loading-not-4200 avia_image' src=\"http:\/\/www.si-hu.eu\/en2\/wp-content\/uploads\/sites\/11\/2018\/10\/interreg_icon_enviroment_neg_RGB-1-80x80.jpg\" alt='' title=''  height=\"80\" width=\"80\"  itemprop=\"thumbnailUrl\" srcset=\"http:\/\/www.si-hu.eu\/en2\/wp-content\/uploads\/sites\/11\/2018\/10\/interreg_icon_enviroment_neg_RGB-1-80x80.jpg 80w, http:\/\/www.si-hu.eu\/en2\/wp-content\/uploads\/sites\/11\/2018\/10\/interreg_icon_enviroment_neg_RGB-1-300x300.jpg 300w, http:\/\/www.si-hu.eu\/en2\/wp-content\/uploads\/sites\/11\/2018\/10\/interreg_icon_enviroment_neg_RGB-1-768x768.jpg 768w, http:\/\/www.si-hu.eu\/en2\/wp-content\/uploads\/sites\/11\/2018\/10\/interreg_icon_enviroment_neg_RGB-1-1030x1030.jpg 1030w, http:\/\/www.si-hu.eu\/en2\/wp-content\/uploads\/sites\/11\/2018\/10\/interreg_icon_enviroment_neg_RGB-1-600x600.jpg 600w, http:\/\/www.si-hu.eu\/en2\/wp-content\/uploads\/sites\/11\/2018\/10\/interreg_icon_enviroment_neg_RGB-1-36x36.jpg 36w, http:\/\/www.si-hu.eu\/en2\/wp-content\/uploads\/sites\/11\/2018\/10\/interreg_icon_enviroment_neg_RGB-1-180x180.jpg 180w, http:\/\/www.si-hu.eu\/en2\/wp-content\/uploads\/sites\/11\/2018\/10\/interreg_icon_enviroment_neg_RGB-1-1500x1500.jpg 1500w, http:\/\/www.si-hu.eu\/en2\/wp-content\/uploads\/sites\/11\/2018\/10\/interreg_icon_enviroment_neg_RGB-1-705x705.jpg 705w, http:\/\/www.si-hu.eu\/en2\/wp-content\/uploads\/sites\/11\/2018\/10\/interreg_icon_enviroment_neg_RGB-1-120x120.jpg 120w, http:\/\/www.si-hu.eu\/en2\/wp-content\/uploads\/sites\/11\/2018\/10\/interreg_icon_enviroment_neg_RGB-1-450x450.jpg 450w\" sizes=\"(max-width: 80px) 100vw, 80px\" \/><\/div><\/div><\/div><\/div>\n\n<style type=\"text\/css\" data-created_by=\"avia_inline_auto\" id=\"style-css-av-av_one_full-6126cab7d8fab8d08143dd2dacdf673c\">\n.flex_column.av-av_one_full-6126cab7d8fab8d08143dd2dacdf673c{\nborder-radius:0px 0px 0px 0px;\n-webkit-border-radius:0px 0px 0px 0px;\n-moz-border-radius:0px 0px 0px 0px;\n}\n<\/style>\n<div class='flex_column av-av_one_full-6126cab7d8fab8d08143dd2dacdf673c av_one_full  avia-builder-el-4  el_after_av_one_third  el_before_av_two_third  first flex_column_div av-zero-column-padding column-top-margin'   ><div  class='hr av-av_hr-dcd2069817a0e3d34ae04cad8f3443c7 hr-default  avia-builder-el-5  avia-builder-el-no-sibling '><span class='hr-inner '><span class=\"hr-inner-style\"><\/span><\/span><\/div><\/div>\n\n<style type=\"text\/css\" data-created_by=\"avia_inline_auto\" id=\"style-css-av-av_two_third-6126cab7d8fab8d08143dd2dacdf673c\">\n.flex_column.av-av_two_third-6126cab7d8fab8d08143dd2dacdf673c{\nborder-radius:0px 0px 0px 0px;\n-webkit-border-radius:0px 0px 0px 0px;\n-moz-border-radius:0px 0px 0px 0px;\n}\n<\/style>\n<div class='flex_column av-av_two_third-6126cab7d8fab8d08143dd2dacdf673c av_two_third  avia-builder-el-6  el_after_av_one_full  el_before_av_one_third  first flex_column_div av-zero-column-padding column-top-margin'   ><section  class='av_textblock_section av-av_textblock-0366cc7376be6c9e82a3e9cc8987b64f'  itemscope=\"itemscope\" itemtype=\"https:\/\/schema.org\/CreativeWork\" ><div class='avia_textblock'  itemprop=\"text\" ><p><img loading=\"lazy\" class=\"alignleft size-medium wp-image-4501\" src=\"http:\/\/www.si-hu.eu\/en2\/wp-content\/uploads\/sites\/11\/2019\/01\/logo_1-1-300x214.jpg\" alt=\"\" width=\"300\" height=\"214\" srcset=\"http:\/\/www.si-hu.eu\/en2\/wp-content\/uploads\/sites\/11\/2019\/01\/logo_1-1-300x214.jpg 300w, http:\/\/www.si-hu.eu\/en2\/wp-content\/uploads\/sites\/11\/2019\/01\/logo_1-1-768x549.jpg 768w, http:\/\/www.si-hu.eu\/en2\/wp-content\/uploads\/sites\/11\/2019\/01\/logo_1-1-1030x736.jpg 1030w, http:\/\/www.si-hu.eu\/en2\/wp-content\/uploads\/sites\/11\/2019\/01\/logo_1-1-600x429.jpg 600w, http:\/\/www.si-hu.eu\/en2\/wp-content\/uploads\/sites\/11\/2019\/01\/logo_1-1-1500x1072.jpg 1500w, http:\/\/www.si-hu.eu\/en2\/wp-content\/uploads\/sites\/11\/2019\/01\/logo_1-1-260x185.jpg 260w, http:\/\/www.si-hu.eu\/en2\/wp-content\/uploads\/sites\/11\/2019\/01\/logo_1-1-705x504.jpg 705w, http:\/\/www.si-hu.eu\/en2\/wp-content\/uploads\/sites\/11\/2019\/01\/logo_1-1-450x322.jpg 450w, http:\/\/www.si-hu.eu\/en2\/wp-content\/uploads\/sites\/11\/2019\/01\/logo_1-1.jpg 1618w\" sizes=\"(max-width: 300px) 100vw, 300px\" \/>Ethical tourism is a form of tourism development, which enables the economic and social development, while protecting&nbsp;the environment. Therefore, ethical tourism includes environmental, economic and social aspects. It fulfils the needs of present generations, without threatening the existence of the future ones. It is an opportunity for reinforcing the local economy, providing new jobs, including individuals from different target groups and it is a way to gradually decrease the development gap of borderlands. It is a form of tourism, which ensures that the financial impacts which was invested in tourism, remain in the region, which was visited by the tourists. This is exactly opposite as in the case of capital tourism, where the profit goes to the investor and all external costs stay in the local area. Ethical tourism tries to reverse this situation: tourists would get proper products and services for their financial input and will also be aware that this money would help the local population. With the help of this project, we will create or renovate and furnish several tourist facilities that are designed for (ethically) aware tourists \u2013 cyclists, hikers, as well as groups of children, personal growth groups etc. Different vulnerable target groups will be included in the development of these capacities, people will learn new skills, what will enable them to more&nbsp;job opportunities. This project was designed to include and connect different ethical and socially responsible local providers from both sides of the border, in order to make them appear on the market together. The region and a certain destination will be promoted in those places, where we think conscious tourists are. With this project, we are trying to go outside of tourist centres, create new tourist destinations in more or less underdeveloped places and provide the users with products and services, which create new jobs and enable the local community to have a decent life.&nbsp;<\/p>\n<p><img loading=\"lazy\" class=\"aligncenter size-portfolio wp-image-4503\" src=\"http:\/\/www.si-hu.eu\/en2\/wp-content\/uploads\/sites\/11\/2019\/01\/ethos-land-495x312.png\" alt=\"\" width=\"495\" height=\"312\"><\/p>\n<\/div><\/section><\/div>\n\n<style type=\"text\/css\" data-created_by=\"avia_inline_auto\" id=\"style-css-av-av_one_third-0aa7055fe62c3622faec82866afbaeb2\">\n.flex_column.av-av_one_third-0aa7055fe62c3622faec82866afbaeb2{\nborder-radius:0px 0px 0px 0px;\n-webkit-border-radius:0px 0px 0px 0px;\n-moz-border-radius:0px 0px 0px 0px;\n}\n<\/style>\n<div class='flex_column av-av_one_third-0aa7055fe62c3622faec82866afbaeb2 av_one_third  avia-builder-el-8  el_after_av_two_third  el_before_av_one_full  flex_column_div av-zero-column-padding column-top-margin'   ><p>\n<style type=\"text\/css\" data-created_by=\"avia_inline_auto\" id=\"style-css-av-av_iconlist-b06021e845c44cd35373f25493d26102\">\n#top .avia-icon-list-container.av-av_iconlist-b06021e845c44cd35373f25493d26102 .iconlist_icon{\ncolor:#83a846;\nfont-size:17px;\n}\n#top #wrap_all .avia-icon-list-container.av-av_iconlist-b06021e845c44cd35373f25493d26102 .av_iconlist_title{\nfont-size:17px;\ncolor:#83a846;\n}\n.avia-icon-list-container.av-av_iconlist-b06021e845c44cd35373f25493d26102 .iconlist_content{\nfont-size:13px;\ncolor:#000000;\n}\n<\/style>\n<div  class='avia-icon-list-container av-av_iconlist-b06021e845c44cd35373f25493d26102  avia-builder-el-9  el_before_av_font_icon  avia-builder-el-first '><ul class='avia-icon-list avia_animate_when_almost_visible avia-icon-list-left av-iconlist-small av-av_iconlist-b06021e845c44cd35373f25493d26102 avia-iconlist-animate'>\n<li><div class='iconlist_icon av-av_iconlist_item-833f174463257efb694bfdf62eddbb1b avia-font-entypo-fontello'><span class='iconlist-char' aria-hidden='true' data-av_icon='\ue82a' data-av_iconfont='entypo-fontello'><\/span><\/div><article class=\"article-icon-entry \"  itemscope=\"itemscope\" itemtype=\"https:\/\/schema.org\/CreativeWork\" ><div class=\"iconlist_content_wrap\"><header class=\"entry-content-header\"><div class='av_iconlist_title iconlist_title_small  av_inherit_color'  itemprop=\"headline\" >Priority axis 1<\/div><\/header><div class='iconlist_content av_inherit_color'  itemprop=\"text\" ><p><em>Investment priority 6c<\/em><\/p>\n<p>SO 1:&nbsp;To increase attractiveness through the diversification and cross-border integration of the sustainable touristic offer in the programme area, based on the protection of the elements of cultural and natural heritage<\/p>\n<\/div><\/div><footer class=\"entry-footer\"><\/footer><\/article><div class=\"iconlist-timeline\"><\/div><\/li>\n<li><div class='iconlist_icon av-av_iconlist_item-bf026ffc202a114c5fb61cd128e8d92d avia-font-entypo-fontello'><span class='iconlist-char' aria-hidden='true' data-av_icon='\ue85b' data-av_iconfont='entypo-fontello'><\/span><\/div><article class=\"article-icon-entry \"  itemscope=\"itemscope\" itemtype=\"https:\/\/schema.org\/CreativeWork\" ><div class=\"iconlist_content_wrap\"><header class=\"entry-content-header\"><div class='av_iconlist_title iconlist_title_small  av_inherit_color'  itemprop=\"headline\" >Project duration<\/div><\/header><div class='iconlist_content av_inherit_color'  itemprop=\"text\" ><p>01.07.2018 &#8211; 31.12.2021<\/p>\n<\/div><\/div><footer class=\"entry-footer\"><\/footer><\/article><div class=\"iconlist-timeline\"><\/div><\/li>\n<li><div class='iconlist_icon av-av_iconlist_item-68739a4e6a22d16c8a79eb28872b58e3 avia-font-entypo-fontello'><span class='iconlist-char' aria-hidden='true' data-av_icon='\ue8d3' data-av_iconfont='entypo-fontello'><\/span><\/div><article class=\"article-icon-entry \"  itemscope=\"itemscope\" itemtype=\"https:\/\/schema.org\/CreativeWork\" ><div class=\"iconlist_content_wrap\"><header class=\"entry-content-header\"><div class='av_iconlist_title iconlist_title_small  av_inherit_color'  itemprop=\"headline\" >Comitted ERDF co-financing<\/div><\/header><div class='iconlist_content av_inherit_color'  itemprop=\"text\" ><p>923.268,64 EUR<\/p>\n<\/div><\/div><footer class=\"entry-footer\"><\/footer><\/article><div class=\"iconlist-timeline\"><\/div><\/li>\n<li><div class='iconlist_icon av-av_iconlist_item-4516b216681c78ac7cfc2278c0e57820 avia-font-entypo-fontello'><span class='iconlist-char' aria-hidden='true' data-av_icon='\ue80b' data-av_iconfont='entypo-fontello'><\/span><\/div><article class=\"article-icon-entry \"  itemscope=\"itemscope\" itemtype=\"https:\/\/schema.org\/CreativeWork\" ><div class=\"iconlist_content_wrap\"><header class=\"entry-content-header\"><div class='av_iconlist_title iconlist_title_small  av_inherit_color'  itemprop=\"headline\" >Project partners<\/div><\/header><div class='iconlist_content av_inherit_color'  itemprop=\"text\" ><ul>\n<li>Szlov\u00e9n Vid\u00e9k K\u00f6zhaszn\u00fa Nonprofit Kft (Lead Partner)<\/li>\n<li>Zavod Marianum Ver\u017eej \u2013 Center Duo<\/li>\n<li>Szakonyfalu K\u00f6zs\u00e9g \u00d6nkorm\u00e1nyzata<\/li>\n<li>Makrobios Panonija so.p., Permakulturni center za bolj\u0161o kvaliteto \u017eivljenja in za pot k samozadostnosti, Lucova<\/li>\n<li>Egy\u00fctt Sikeres Nov\u00e1\u00e9rt Egyes\u00fclet<\/li>\n<li>Zavod za socialni razvoj Murska Sobota, so.p.<\/li>\n<li>A Nap Harmata K\u00f6zhaszn\u00fa Alap\u00edtv\u00e1ny<\/li>\n<\/ul>\n<\/div><\/div><footer class=\"entry-footer\"><\/footer><\/article><div class=\"iconlist-timeline\"><\/div><\/li>\n<\/ul><\/div><br \/>\n\n<style type=\"text\/css\" data-created_by=\"avia_inline_auto\" id=\"style-css-av-av_font_icon-cd9cbff31902684c0b5a4ca7cf331781\">\n.av_font_icon.av-av_font_icon-cd9cbff31902684c0b5a4ca7cf331781{\ncolor:#b02b2c;\nborder-color:#b02b2c;\n}\n.av_font_icon.av-av_font_icon-cd9cbff31902684c0b5a4ca7cf331781 .av-icon-char{\nfont-size:25px;\nline-height:25px;\nwidth:25px;\n}\n<\/style>\n<span  class='av_font_icon av-av_font_icon-cd9cbff31902684c0b5a4ca7cf331781 avia_animate_when_visible av-icon-style-border avia-icon-pos-left avia-icon-animate'><a href='http:\/\/ethosland.eu\/' target=\"_blank\" rel=\"noopener noreferrer\" class='av-icon-char' aria-hidden='true' data-av_icon='\ue821' data-av_iconfont='entypo-fontello'><\/a><\/span><br \/>\n\n<style type=\"text\/css\" data-created_by=\"avia_inline_auto\" id=\"style-css-av-av_font_icon-4a9bfa60d347f9e8e1f9b6d02d2757c2\">\n.av_font_icon.av-av_font_icon-4a9bfa60d347f9e8e1f9b6d02d2757c2{\ncolor:#1e7fe8;\nborder-color:#1e7fe8;\n}\n.av_font_icon.av-av_font_icon-4a9bfa60d347f9e8e1f9b6d02d2757c2 .av-icon-char{\nfont-size:25px;\nline-height:25px;\nwidth:25px;\n}\n<\/style>\n<span  class='av_font_icon av-av_font_icon-4a9bfa60d347f9e8e1f9b6d02d2757c2 avia_animate_when_visible av-icon-style-border avia-icon-pos-left avia-icon-animate'><a href='https:\/\/www.facebook.com\/ethosland\/' target=\"_blank\" rel=\"noopener noreferrer\" class='av-icon-char' aria-hidden='true' data-av_icon='\ue8f5' data-av_iconfont='entypo-fontello'><\/a><\/span><\/p><\/div>\n<style type=\"text\/css\" data-created_by=\"avia_inline_auto\" id=\"style-css-av-av_one_full-6126cab7d8fab8d08143dd2dacdf673c\">\n.flex_column.av-av_one_full-6126cab7d8fab8d08143dd2dacdf673c{\nborder-radius:0px 0px 0px 0px;\n-webkit-border-radius:0px 0px 0px 0px;\n-moz-border-radius:0px 0px 0px 0px;\n}\n<\/style>\n<div class='flex_column av-av_one_full-6126cab7d8fab8d08143dd2dacdf673c av_one_full  avia-builder-el-12  el_after_av_one_third  avia-builder-el-last  first flex_column_div av-zero-column-padding column-top-margin'   ><div  class='av-social-sharing-box av-av_social_share-981f7761336080d54c04d7ac30ef78f7 av-social-sharing-box-default  avia-builder-el-13  avia-builder-el-no-sibling  av-social-sharing-box-fullwidth'><div class=\"av-share-box\"><h5 class='av-share-link-description av-no-toc '>Share this entry<\/h5><ul class=\"av-share-box-list noLightbox\"><li class='av-share-link av-social-link-facebook' ><a target=\"_blank\" aria-label=\"Share on Facebook\" href='https:\/\/www.facebook.com\/sharer.php?u=http:\/\/www.si-hu.eu\/en2\/ethos-land\/&#038;t=ETHOS%20LAND' aria-hidden='false' data-av_icon='\ue8f3' data-av_iconfont='entypo-fontello' title='' data-avia-related-tooltip='Share on Facebook' rel=\"noopener\"><span class='avia_hidden_link_text'>Share on Facebook<\/span><\/a><\/li><li class='av-share-link av-social-link-twitter' ><a target=\"_blank\" aria-label=\"Share on Twitter\" href='https:\/\/twitter.com\/share?text=ETHOS%20LAND&#038;url=http:\/\/www.si-hu.eu\/en2\/?p=4312' aria-hidden='false' data-av_icon='\ue8f1' data-av_iconfont='entypo-fontello' title='' data-avia-related-tooltip='Share on Twitter' rel=\"noopener\"><span class='avia_hidden_link_text'>Share on Twitter<\/span><\/a><\/li><li class='av-share-link av-social-link-pinterest' ><a target=\"_blank\" aria-label=\"Share on Pinterest\" href='https:\/\/pinterest.com\/pin\/create\/button\/?url=http%3A%2F%2Fwww.si-hu.eu%2Fen2%2Fethos-land%2F&#038;description=ETHOS%20LAND&#038;media=' aria-hidden='false' data-av_icon='\ue8f8' data-av_iconfont='entypo-fontello' title='' data-avia-related-tooltip='Share on Pinterest' rel=\"noopener\"><span class='avia_hidden_link_text'>Share on Pinterest<\/span><\/a><\/li><li class='av-share-link av-social-link-linkedin' ><a target=\"_blank\" aria-label=\"Share on LinkedIn\" href='https:\/\/linkedin.com\/shareArticle?mini=true&#038;title=ETHOS%20LAND&#038;url=http:\/\/www.si-hu.eu\/en2\/ethos-land\/' aria-hidden='false' data-av_icon='\ue8fc' data-av_iconfont='entypo-fontello' title='' data-avia-related-tooltip='Share on LinkedIn' rel=\"noopener\"><span class='avia_hidden_link_text'>Share on LinkedIn<\/span><\/a><\/li><li class='av-share-link av-social-link-tumblr' ><a target=\"_blank\" aria-label=\"Share on Tumblr\" href='https:\/\/www.tumblr.com\/share\/link?url=http%3A%2F%2Fwww.si-hu.eu%2Fen2%2Fethos-land%2F&#038;name=ETHOS%20LAND&#038;description=' aria-hidden='false' data-av_icon='\ue8fa' data-av_iconfont='entypo-fontello' title='' data-avia-related-tooltip='Share on Tumblr' rel=\"noopener\"><span class='avia_hidden_link_text'>Share on Tumblr<\/span><\/a><\/li><li class='av-share-link av-social-link-vk' ><a target=\"_blank\" aria-label=\"Share on Vk\" href='https:\/\/vk.com\/share.php?url=http:\/\/www.si-hu.eu\/en2\/ethos-land\/' aria-hidden='false' data-av_icon='\ue926' data-av_iconfont='entypo-fontello' title='' data-avia-related-tooltip='Share on Vk' rel=\"noopener\"><span class='avia_hidden_link_text'>Share on Vk<\/span><\/a><\/li><li class='av-share-link av-social-link-reddit' ><a target=\"_blank\" aria-label=\"Share on Reddit\" href='https:\/\/reddit.com\/submit?url=http:\/\/www.si-hu.eu\/en2\/ethos-land\/&#038;title=ETHOS%20LAND' aria-hidden='false' data-av_icon='\ue927' data-av_iconfont='entypo-fontello' title='' data-avia-related-tooltip='Share on Reddit' rel=\"noopener\"><span class='avia_hidden_link_text'>Share on Reddit<\/span><\/a><\/li><li class='av-share-link av-social-link-mail' ><a  aria-label=\"Share by Mail\" href='mailto:?subject=ETHOS%20LAND&#038;body=http:\/\/www.si-hu.eu\/en2\/ethos-land\/' aria-hidden='false' data-av_icon='\ue805' data-av_iconfont='entypo-fontello' title='' data-avia-related-tooltip='Share by Mail'><span class='avia_hidden_link_text'>Share by Mail<\/span><\/a><\/li><\/ul><\/div><\/div><\/div><\/p>\n","protected":false},"excerpt":{"rendered":"","protected":false},"author":80,"featured_media":0,"parent":0,"menu_order":0,"comment_status":"closed","ping_status":"closed","template":"","meta":{"ngg_post_thumbnail":0},"_links":{"self":[{"href":"http:\/\/www.si-hu.eu\/en2\/wp-json\/wp\/v2\/pages\/4312"}],"collection":[{"href":"http:\/\/www.si-hu.eu\/en2\/wp-json\/wp\/v2\/pages"}],"about":[{"href":"http:\/\/www.si-hu.eu\/en2\/wp-json\/wp\/v2\/types\/page"}],"author":[{"embeddable":true,"href":"http:\/\/www.si-hu.eu\/en2\/wp-json\/wp\/v2\/users\/80"}],"replies":[{"embeddable":true,"href":"http:\/\/www.si-hu.eu\/en2\/wp-json\/wp\/v2\/comments?post=4312"}],"version-history":[{"count":9,"href":"http:\/\/www.si-hu.eu\/en2\/wp-json\/wp\/v2\/pages\/4312\/revisions"}],"predecessor-version":[{"id":6714,"href":"http:\/\/www.si-hu.eu\/en2\/wp-json\/wp\/v2\/pages\/4312\/revisions\/6714"}],"wp:attachment":[{"href":"http:\/\/www.si-hu.eu\/en2\/wp-json\/wp\/v2\/media?parent=4312"}],"curies":[{"name":"wp","href":"https:\/\/api.w.org\/{rel}","templated":true}]}}