{"id":4318,"date":"2019-01-29T16:20:40","date_gmt":"2019-01-29T14:20:40","guid":{"rendered":"http:\/\/www.si-hu.eu\/en2\/?page_id=4318"},"modified":"2021-11-09T12:52:08","modified_gmt":"2021-11-09T10:52:08","slug":"murarabatour","status":"publish","type":"page","link":"http:\/\/www.si-hu.eu\/en2\/murarabatour\/","title":{"rendered":"MURA RABA TOUR"},"content":{"rendered":"\n<style type=\"text\/css\" data-created_by=\"avia_inline_auto\" id=\"style-css-av-av_two_third-6126cab7d8fab8d08143dd2dacdf673c\">\n.flex_column.av-av_two_third-6126cab7d8fab8d08143dd2dacdf673c{\nborder-radius:0px 0px 0px 0px;\n-webkit-border-radius:0px 0px 0px 0px;\n-moz-border-radius:0px 0px 0px 0px;\n}\n<\/style>\n<div class='flex_column av-av_two_third-6126cab7d8fab8d08143dd2dacdf673c av_two_third  avia-builder-el-0  el_before_av_one_third  avia-builder-el-first  first flex_column_div av-zero-column-padding '   ><section  class='av_textblock_section av-av_textblock-0366cc7376be6c9e82a3e9cc8987b64f'  itemscope=\"itemscope\" itemtype=\"https:\/\/schema.org\/CreativeWork\" ><div class='avia_textblock'  itemprop=\"text\" ><h1>MURA RABA TOUR<\/h1>\n<\/div><\/section><\/div>\n\n<style type=\"text\/css\" data-created_by=\"avia_inline_auto\" id=\"style-css-av-av_one_third-0aa7055fe62c3622faec82866afbaeb2\">\n.flex_column.av-av_one_third-0aa7055fe62c3622faec82866afbaeb2{\nborder-radius:0px 0px 0px 0px;\n-webkit-border-radius:0px 0px 0px 0px;\n-moz-border-radius:0px 0px 0px 0px;\n}\n<\/style>\n<div class='flex_column av-av_one_third-0aa7055fe62c3622faec82866afbaeb2 av_one_third  avia-builder-el-2  el_after_av_two_third  el_before_av_one_full  flex_column_div av-zero-column-padding '   ><style type=\"text\/css\" data-created_by=\"avia_inline_auto\" id=\"style-css-av-av_image-d21ef2ba17bd438a6825be2887cbe376\">\n.avia-image-container.av-av_image-d21ef2ba17bd438a6825be2887cbe376 .av-image-caption-overlay-center{\ncolor:#ffffff;\n}\n<\/style>\n<div  class='avia-image-container av-av_image-d21ef2ba17bd438a6825be2887cbe376 av-styling- avia-align-left  avia-builder-el-3  avia-builder-el-no-sibling '  itemprop=\"image\" itemscope=\"itemscope\" itemtype=\"https:\/\/schema.org\/ImageObject\" ><div class=\"avia-image-container-inner\"><div class=\"avia-image-overlay-wrap\"><img class='wp-image-4200 avia-img-lazy-loading-not-4200 avia_image' src=\"http:\/\/www.si-hu.eu\/en2\/wp-content\/uploads\/sites\/11\/2018\/10\/interreg_icon_enviroment_neg_RGB-1-80x80.jpg\" alt='' title=''  height=\"80\" width=\"80\"  itemprop=\"thumbnailUrl\" srcset=\"http:\/\/www.si-hu.eu\/en2\/wp-content\/uploads\/sites\/11\/2018\/10\/interreg_icon_enviroment_neg_RGB-1-80x80.jpg 80w, http:\/\/www.si-hu.eu\/en2\/wp-content\/uploads\/sites\/11\/2018\/10\/interreg_icon_enviroment_neg_RGB-1-300x300.jpg 300w, http:\/\/www.si-hu.eu\/en2\/wp-content\/uploads\/sites\/11\/2018\/10\/interreg_icon_enviroment_neg_RGB-1-768x768.jpg 768w, http:\/\/www.si-hu.eu\/en2\/wp-content\/uploads\/sites\/11\/2018\/10\/interreg_icon_enviroment_neg_RGB-1-1030x1030.jpg 1030w, http:\/\/www.si-hu.eu\/en2\/wp-content\/uploads\/sites\/11\/2018\/10\/interreg_icon_enviroment_neg_RGB-1-600x600.jpg 600w, http:\/\/www.si-hu.eu\/en2\/wp-content\/uploads\/sites\/11\/2018\/10\/interreg_icon_enviroment_neg_RGB-1-36x36.jpg 36w, http:\/\/www.si-hu.eu\/en2\/wp-content\/uploads\/sites\/11\/2018\/10\/interreg_icon_enviroment_neg_RGB-1-180x180.jpg 180w, http:\/\/www.si-hu.eu\/en2\/wp-content\/uploads\/sites\/11\/2018\/10\/interreg_icon_enviroment_neg_RGB-1-1500x1500.jpg 1500w, http:\/\/www.si-hu.eu\/en2\/wp-content\/uploads\/sites\/11\/2018\/10\/interreg_icon_enviroment_neg_RGB-1-705x705.jpg 705w, http:\/\/www.si-hu.eu\/en2\/wp-content\/uploads\/sites\/11\/2018\/10\/interreg_icon_enviroment_neg_RGB-1-120x120.jpg 120w, http:\/\/www.si-hu.eu\/en2\/wp-content\/uploads\/sites\/11\/2018\/10\/interreg_icon_enviroment_neg_RGB-1-450x450.jpg 450w\" sizes=\"(max-width: 80px) 100vw, 80px\" \/><\/div><\/div><\/div><\/div>\n\n<style type=\"text\/css\" data-created_by=\"avia_inline_auto\" id=\"style-css-av-av_one_full-6126cab7d8fab8d08143dd2dacdf673c\">\n.flex_column.av-av_one_full-6126cab7d8fab8d08143dd2dacdf673c{\nborder-radius:0px 0px 0px 0px;\n-webkit-border-radius:0px 0px 0px 0px;\n-moz-border-radius:0px 0px 0px 0px;\n}\n<\/style>\n<div class='flex_column av-av_one_full-6126cab7d8fab8d08143dd2dacdf673c av_one_full  avia-builder-el-4  el_after_av_one_third  el_before_av_two_third  first flex_column_div av-zero-column-padding column-top-margin'   ><div  class='hr av-av_hr-dcd2069817a0e3d34ae04cad8f3443c7 hr-default  avia-builder-el-5  avia-builder-el-no-sibling '><span class='hr-inner '><span class=\"hr-inner-style\"><\/span><\/span><\/div><\/div>\n\n<style type=\"text\/css\" data-created_by=\"avia_inline_auto\" id=\"style-css-av-av_two_third-6126cab7d8fab8d08143dd2dacdf673c\">\n.flex_column.av-av_two_third-6126cab7d8fab8d08143dd2dacdf673c{\nborder-radius:0px 0px 0px 0px;\n-webkit-border-radius:0px 0px 0px 0px;\n-moz-border-radius:0px 0px 0px 0px;\n}\n<\/style>\n<div class='flex_column av-av_two_third-6126cab7d8fab8d08143dd2dacdf673c av_two_third  avia-builder-el-6  el_after_av_one_full  el_before_av_one_third  first flex_column_div av-zero-column-padding column-top-margin'   ><section  class='av_textblock_section av-av_textblock-0366cc7376be6c9e82a3e9cc8987b64f'  itemscope=\"itemscope\" itemtype=\"https:\/\/schema.org\/CreativeWork\" ><div class='avia_textblock'  itemprop=\"text\" ><p><img loading=\"lazy\" class=\"alignleft wp-image-4323 size-full\" src=\"http:\/\/www.si-hu.eu\/en2\/wp-content\/uploads\/sites\/11\/2018\/11\/MURARABATOUR.jpg\" alt=\"\" width=\"191\" height=\"191\" srcset=\"http:\/\/www.si-hu.eu\/en2\/wp-content\/uploads\/sites\/11\/2018\/11\/MURARABATOUR.jpg 191w, http:\/\/www.si-hu.eu\/en2\/wp-content\/uploads\/sites\/11\/2018\/11\/MURARABATOUR-80x80.jpg 80w, http:\/\/www.si-hu.eu\/en2\/wp-content\/uploads\/sites\/11\/2018\/11\/MURARABATOUR-36x36.jpg 36w, http:\/\/www.si-hu.eu\/en2\/wp-content\/uploads\/sites\/11\/2018\/11\/MURARABATOUR-180x180.jpg 180w, http:\/\/www.si-hu.eu\/en2\/wp-content\/uploads\/sites\/11\/2018\/11\/MURARABATOUR-120x120.jpg 120w\" sizes=\"(max-width: 191px) 100vw, 191px\" \/>The project will bring about a great change in tourism for suppliers and users. The Iron Curtain once divided us, preventing tourism development \u2013 this project will not only revive, but also build new foundations of tourism. Water from the Mura will never flow into Raba and vice versa, but enthusiasts will enjoy the new cross-border waterways of both rivers, in rafts and canoes. Between the two rivers they will explore routes and learn mysteries of the rebellious Kuruc and the history of border guards in the new museum (restored \u010cepinci guardhouse). Along the former Iron Curtain they will hike, ride and drive in a horse-drawn carriage. They will also be able to spend a night at a local inn or in the renovated Raba camp. The project will join together unrelated, unmotivated and less qualified service providers where the world used to end once, leaving natural and cultural potentials unexploited, lacking promotion and having a poor tourist offer with low income. To revive the area, service providers will be brought together into a cross-border network and receive training in modern tourism. We will thus prepare a comprehensive TP Mura Raba Tour including 4 programmes: water, equestrian, hiking and culture. For the implementation of TP, appropriate marketing channels will be used (salespeople and agents) and tools (benefits system), which are to reach target groups. 6 PPs have been brought together by similar ideas in tourism development and through joined efforts we will be able to complete the project successfully. The project will change the tourist map between the Mura and the Raba and the related offer will bring about numerous packages and combinations on both sides of the border, from one to more days of leisure time to a full experience of the cross-border region in a unique tourist offer. From the introduction of a new TP everyone is sure to benefit \u2013 tourist organizations, service providers, population and tourists.<\/p>\n<p><img loading=\"lazy\" class=\"aligncenter size-portfolio wp-image-4399\" src=\"http:\/\/www.si-hu.eu\/en2\/wp-content\/uploads\/sites\/11\/2018\/11\/43522885_261512307884661_5415622433593884672_o-495x400.jpg\" alt=\"\" width=\"495\" height=\"400\" srcset=\"http:\/\/www.si-hu.eu\/en2\/wp-content\/uploads\/sites\/11\/2018\/11\/43522885_261512307884661_5415622433593884672_o-495x400.jpg 495w, http:\/\/www.si-hu.eu\/en2\/wp-content\/uploads\/sites\/11\/2018\/11\/43522885_261512307884661_5415622433593884672_o-845x684.jpg 845w\" sizes=\"(max-width: 495px) 100vw, 495px\" \/><\/p>\n<\/div><\/section><\/div>\n\n<style type=\"text\/css\" data-created_by=\"avia_inline_auto\" id=\"style-css-av-av_one_third-0aa7055fe62c3622faec82866afbaeb2\">\n.flex_column.av-av_one_third-0aa7055fe62c3622faec82866afbaeb2{\nborder-radius:0px 0px 0px 0px;\n-webkit-border-radius:0px 0px 0px 0px;\n-moz-border-radius:0px 0px 0px 0px;\n}\n<\/style>\n<div class='flex_column av-av_one_third-0aa7055fe62c3622faec82866afbaeb2 av_one_third  avia-builder-el-8  el_after_av_two_third  el_before_av_one_full  flex_column_div av-zero-column-padding column-top-margin'   ><p>\n<style type=\"text\/css\" data-created_by=\"avia_inline_auto\" id=\"style-css-av-av_iconlist-b06021e845c44cd35373f25493d26102\">\n#top .avia-icon-list-container.av-av_iconlist-b06021e845c44cd35373f25493d26102 .iconlist_icon{\ncolor:#83a846;\nfont-size:17px;\n}\n#top #wrap_all .avia-icon-list-container.av-av_iconlist-b06021e845c44cd35373f25493d26102 .av_iconlist_title{\nfont-size:17px;\ncolor:#83a846;\n}\n.avia-icon-list-container.av-av_iconlist-b06021e845c44cd35373f25493d26102 .iconlist_content{\nfont-size:13px;\ncolor:#000000;\n}\n<\/style>\n<div  class='avia-icon-list-container av-av_iconlist-b06021e845c44cd35373f25493d26102  avia-builder-el-9  el_before_av_font_icon  avia-builder-el-first '><ul class='avia-icon-list avia_animate_when_almost_visible avia-icon-list-left av-iconlist-small av-av_iconlist-b06021e845c44cd35373f25493d26102 avia-iconlist-animate'>\n<li><div class='iconlist_icon av-av_iconlist_item-833f174463257efb694bfdf62eddbb1b avia-font-entypo-fontello'><span class='iconlist-char' aria-hidden='true' data-av_icon='\ue82a' data-av_iconfont='entypo-fontello'><\/span><\/div><article class=\"article-icon-entry \"  itemscope=\"itemscope\" itemtype=\"https:\/\/schema.org\/CreativeWork\" ><div class=\"iconlist_content_wrap\"><header class=\"entry-content-header\"><div class='av_iconlist_title iconlist_title_small  av_inherit_color'  itemprop=\"headline\" >Priority axis 1<\/div><\/header><div class='iconlist_content av_inherit_color'  itemprop=\"text\" ><p><em>Investment priority 6c<\/em><\/p>\n<p>SO 1:&nbsp;To increase attractiveness through the diversification and cross-border integration of the sustainable touristic offer in the programme area, based on the protection of the elements of cultural and natural heritage<\/p>\n<\/div><\/div><footer class=\"entry-footer\"><\/footer><\/article><div class=\"iconlist-timeline\"><\/div><\/li>\n<li><div class='iconlist_icon av-av_iconlist_item-bf026ffc202a114c5fb61cd128e8d92d avia-font-entypo-fontello'><span class='iconlist-char' aria-hidden='true' data-av_icon='\ue85b' data-av_iconfont='entypo-fontello'><\/span><\/div><article class=\"article-icon-entry \"  itemscope=\"itemscope\" itemtype=\"https:\/\/schema.org\/CreativeWork\" ><div class=\"iconlist_content_wrap\"><header class=\"entry-content-header\"><div class='av_iconlist_title iconlist_title_small  av_inherit_color'  itemprop=\"headline\" >Project duration<\/div><\/header><div class='iconlist_content av_inherit_color'  itemprop=\"text\" ><p>01.11.2017 &#8211; 31.08.2021<\/p>\n<\/div><\/div><footer class=\"entry-footer\"><\/footer><\/article><div class=\"iconlist-timeline\"><\/div><\/li>\n<li><div class='iconlist_icon av-av_iconlist_item-68739a4e6a22d16c8a79eb28872b58e3 avia-font-entypo-fontello'><span class='iconlist-char' aria-hidden='true' data-av_icon='\ue8d3' data-av_iconfont='entypo-fontello'><\/span><\/div><article class=\"article-icon-entry \"  itemscope=\"itemscope\" itemtype=\"https:\/\/schema.org\/CreativeWork\" ><div class=\"iconlist_content_wrap\"><header class=\"entry-content-header\"><div class='av_iconlist_title iconlist_title_small  av_inherit_color'  itemprop=\"headline\" >Comitted ERDF co-financing<\/div><\/header><div class='iconlist_content av_inherit_color'  itemprop=\"text\" ><p>674.566,80 EUR<\/p>\n<\/div><\/div><footer class=\"entry-footer\"><\/footer><\/article><div class=\"iconlist-timeline\"><\/div><\/li>\n<li><div class='iconlist_icon av-av_iconlist_item-4516b216681c78ac7cfc2278c0e57820 avia-font-entypo-fontello'><span class='iconlist-char' aria-hidden='true' data-av_icon='\ue80b' data-av_iconfont='entypo-fontello'><\/span><\/div><article class=\"article-icon-entry \"  itemscope=\"itemscope\" itemtype=\"https:\/\/schema.org\/CreativeWork\" ><div class=\"iconlist_content_wrap\"><header class=\"entry-content-header\"><div class='av_iconlist_title iconlist_title_small  av_inherit_color'  itemprop=\"headline\" >Project partners<\/div><\/header><div class='iconlist_content av_inherit_color'  itemprop=\"text\" ><ul>\n<li>PRAK d.o.o. (Lead Partner)<\/li>\n<li>KOCLJEVINA &#8211; zavod za usposabljanje in zaposlovanje invalidnih oseb<\/li>\n<li>Ob\u010dina \u0160alovci<\/li>\n<li>Szentgotth\u00e1rd \u00e9s T\u00e9rs\u00e9ge Turisztikai Egyes\u00fclet<\/li>\n<li>Cs\u00f6r\u00f6tnek K\u00f6zs\u00e9g \u00d6nkorm\u00e1nyzata<\/li>\n<li>Orfalu K\u00f6zs\u00e9gi \u00d6nkorm\u00e1nyzat<\/li>\n<\/ul>\n<\/div><\/div><footer class=\"entry-footer\"><\/footer><\/article><div class=\"iconlist-timeline\"><\/div><\/li>\n<\/ul><\/div><br \/>\n\n<style type=\"text\/css\" data-created_by=\"avia_inline_auto\" id=\"style-css-av-av_font_icon-40fda89dfc6bd2fa1cdcd0713a326442\">\n.av_font_icon.av-av_font_icon-40fda89dfc6bd2fa1cdcd0713a326442{\ncolor:#b02b2c;\nborder-color:#b02b2c;\n}\n.av_font_icon.av-av_font_icon-40fda89dfc6bd2fa1cdcd0713a326442 .av-icon-char{\nfont-size:25px;\nline-height:25px;\nwidth:25px;\n}\n<\/style>\n<span  class='av_font_icon av-av_font_icon-40fda89dfc6bd2fa1cdcd0713a326442 avia_animate_when_visible av-icon-style-border avia-icon-pos-left avia-icon-animate'><a href='https:\/\/www.murarabatour.eu\/' target=\"_blank\" rel=\"noopener noreferrer\" class='av-icon-char' aria-hidden='true' data-av_icon='\ue821' data-av_iconfont='entypo-fontello'><\/a><\/span><br \/>\n\n<style type=\"text\/css\" data-created_by=\"avia_inline_auto\" id=\"style-css-av-av_font_icon-7107e33d8298797f848e8add20ea83ba\">\n.av_font_icon.av-av_font_icon-7107e33d8298797f848e8add20ea83ba{\ncolor:#1e7fe8;\nborder-color:#1e7fe8;\n}\n.av_font_icon.av-av_font_icon-7107e33d8298797f848e8add20ea83ba .av-icon-char{\nfont-size:25px;\nline-height:25px;\nwidth:25px;\n}\n<\/style>\n<span  class='av_font_icon av-av_font_icon-7107e33d8298797f848e8add20ea83ba avia_animate_when_visible av-icon-style-border avia-icon-pos-left avia-icon-animate'><a href='https:\/\/www.facebook.com\/murarabatour\/' target=\"_blank\" rel=\"noopener noreferrer\" class='av-icon-char' aria-hidden='true' data-av_icon='\ue8f5' data-av_iconfont='entypo-fontello'><\/a><\/span><\/p><\/div>\n<style type=\"text\/css\" data-created_by=\"avia_inline_auto\" id=\"style-css-av-av_one_full-6126cab7d8fab8d08143dd2dacdf673c\">\n.flex_column.av-av_one_full-6126cab7d8fab8d08143dd2dacdf673c{\nborder-radius:0px 0px 0px 0px;\n-webkit-border-radius:0px 0px 0px 0px;\n-moz-border-radius:0px 0px 0px 0px;\n}\n<\/style>\n<div class='flex_column av-av_one_full-6126cab7d8fab8d08143dd2dacdf673c av_one_full  avia-builder-el-12  el_after_av_one_third  avia-builder-el-last  first flex_column_div av-zero-column-padding column-top-margin'   ><div  class='av-social-sharing-box av-av_social_share-981f7761336080d54c04d7ac30ef78f7 av-social-sharing-box-default  avia-builder-el-13  avia-builder-el-no-sibling  av-social-sharing-box-fullwidth'><div class=\"av-share-box\"><h5 class='av-share-link-description av-no-toc '>Share this entry<\/h5><ul class=\"av-share-box-list noLightbox\"><li class='av-share-link av-social-link-facebook' ><a target=\"_blank\" aria-label=\"Share on Facebook\" href='https:\/\/www.facebook.com\/sharer.php?u=http:\/\/www.si-hu.eu\/en2\/murarabatour\/&#038;t=MURA%20RABA%20TOUR' aria-hidden='false' data-av_icon='\ue8f3' data-av_iconfont='entypo-fontello' title='' data-avia-related-tooltip='Share on Facebook' rel=\"noopener\"><span class='avia_hidden_link_text'>Share on Facebook<\/span><\/a><\/li><li class='av-share-link av-social-link-twitter' ><a target=\"_blank\" aria-label=\"Share on Twitter\" href='https:\/\/twitter.com\/share?text=MURA%20RABA%20TOUR&#038;url=http:\/\/www.si-hu.eu\/en2\/?p=4318' aria-hidden='false' data-av_icon='\ue8f1' data-av_iconfont='entypo-fontello' title='' data-avia-related-tooltip='Share on Twitter' rel=\"noopener\"><span class='avia_hidden_link_text'>Share on Twitter<\/span><\/a><\/li><li class='av-share-link av-social-link-pinterest' ><a target=\"_blank\" aria-label=\"Share on Pinterest\" href='https:\/\/pinterest.com\/pin\/create\/button\/?url=http%3A%2F%2Fwww.si-hu.eu%2Fen2%2Fmurarabatour%2F&#038;description=MURA%20RABA%20TOUR&#038;media=' aria-hidden='false' data-av_icon='\ue8f8' data-av_iconfont='entypo-fontello' title='' data-avia-related-tooltip='Share on Pinterest' rel=\"noopener\"><span class='avia_hidden_link_text'>Share on Pinterest<\/span><\/a><\/li><li class='av-share-link av-social-link-linkedin' ><a target=\"_blank\" aria-label=\"Share on LinkedIn\" href='https:\/\/linkedin.com\/shareArticle?mini=true&#038;title=MURA%20RABA%20TOUR&#038;url=http:\/\/www.si-hu.eu\/en2\/murarabatour\/' aria-hidden='false' data-av_icon='\ue8fc' data-av_iconfont='entypo-fontello' title='' data-avia-related-tooltip='Share on LinkedIn' rel=\"noopener\"><span class='avia_hidden_link_text'>Share on LinkedIn<\/span><\/a><\/li><li class='av-share-link av-social-link-tumblr' ><a target=\"_blank\" aria-label=\"Share on Tumblr\" href='https:\/\/www.tumblr.com\/share\/link?url=http%3A%2F%2Fwww.si-hu.eu%2Fen2%2Fmurarabatour%2F&#038;name=MURA%20RABA%20TOUR&#038;description=' aria-hidden='false' data-av_icon='\ue8fa' data-av_iconfont='entypo-fontello' title='' data-avia-related-tooltip='Share on Tumblr' rel=\"noopener\"><span class='avia_hidden_link_text'>Share on Tumblr<\/span><\/a><\/li><li class='av-share-link av-social-link-vk' ><a target=\"_blank\" aria-label=\"Share on Vk\" href='https:\/\/vk.com\/share.php?url=http:\/\/www.si-hu.eu\/en2\/murarabatour\/' aria-hidden='false' data-av_icon='\ue926' data-av_iconfont='entypo-fontello' title='' data-avia-related-tooltip='Share on Vk' rel=\"noopener\"><span class='avia_hidden_link_text'>Share on Vk<\/span><\/a><\/li><li class='av-share-link av-social-link-reddit' ><a target=\"_blank\" aria-label=\"Share on Reddit\" href='https:\/\/reddit.com\/submit?url=http:\/\/www.si-hu.eu\/en2\/murarabatour\/&#038;title=MURA%20RABA%20TOUR' aria-hidden='false' data-av_icon='\ue927' data-av_iconfont='entypo-fontello' title='' data-avia-related-tooltip='Share on Reddit' rel=\"noopener\"><span class='avia_hidden_link_text'>Share on Reddit<\/span><\/a><\/li><li class='av-share-link av-social-link-mail' ><a  aria-label=\"Share by Mail\" href='mailto:?subject=MURA%20RABA%20TOUR&#038;body=http:\/\/www.si-hu.eu\/en2\/murarabatour\/' aria-hidden='false' data-av_icon='\ue805' data-av_iconfont='entypo-fontello' title='' data-avia-related-tooltip='Share by Mail'><span class='avia_hidden_link_text'>Share by Mail<\/span><\/a><\/li><\/ul><\/div><\/div><\/div><\/p>\n","protected":false},"excerpt":{"rendered":"","protected":false},"author":80,"featured_media":0,"parent":0,"menu_order":0,"comment_status":"closed","ping_status":"closed","template":"","meta":{"ngg_post_thumbnail":0},"_links":{"self":[{"href":"http:\/\/www.si-hu.eu\/en2\/wp-json\/wp\/v2\/pages\/4318"}],"collection":[{"href":"http:\/\/www.si-hu.eu\/en2\/wp-json\/wp\/v2\/pages"}],"about":[{"href":"http:\/\/www.si-hu.eu\/en2\/wp-json\/wp\/v2\/types\/page"}],"author":[{"embeddable":true,"href":"http:\/\/www.si-hu.eu\/en2\/wp-json\/wp\/v2\/users\/80"}],"replies":[{"embeddable":true,"href":"http:\/\/www.si-hu.eu\/en2\/wp-json\/wp\/v2\/comments?post=4318"}],"version-history":[{"count":9,"href":"http:\/\/www.si-hu.eu\/en2\/wp-json\/wp\/v2\/pages\/4318\/revisions"}],"predecessor-version":[{"id":6710,"href":"http:\/\/www.si-hu.eu\/en2\/wp-json\/wp\/v2\/pages\/4318\/revisions\/6710"}],"wp:attachment":[{"href":"http:\/\/www.si-hu.eu\/en2\/wp-json\/wp\/v2\/media?parent=4318"}],"curies":[{"name":"wp","href":"https:\/\/api.w.org\/{rel}","templated":true}]}}