{"id":4757,"date":"2019-04-23T14:42:34","date_gmt":"2019-04-23T12:42:34","guid":{"rendered":"http:\/\/www.si-hu.eu\/en2\/?page_id=4757"},"modified":"2019-04-23T14:44:50","modified_gmt":"2019-04-23T12:44:50","slug":"prijava-na-delavnice-2-2","status":"publish","type":"page","link":"http:\/\/www.si-hu.eu\/en2\/prijava-na-delavnice-2-2\/","title":{"rendered":"Prijava na delavnico 14.5.2019"},"content":{"rendered":"<div id='layer_slider_1'  class='avia-layerslider main_color avia-shadow  avia-builder-el-0  el_before_av_two_third  avia-builder-el-first  container_wrap sidebar_right'  style='height: 151px;'  ><\/div><div id='after_layer_slider_1'  class='main_color av_default_container_wrap container_wrap sidebar_right'  ><div class='container av-section-cont-open' ><div class='template-page content  av-content-small alpha units'><div class='post-entry post-entry-type-page post-entry-4757'><div class='entry-content-wrapper clearfix'>\n\n<style type=\"text\/css\" data-created_by=\"avia_inline_auto\" id=\"style-css-av-av_two_third-6126cab7d8fab8d08143dd2dacdf673c\">\n.flex_column.av-av_two_third-6126cab7d8fab8d08143dd2dacdf673c{\nborder-radius:0px 0px 0px 0px;\n-webkit-border-radius:0px 0px 0px 0px;\n-moz-border-radius:0px 0px 0px 0px;\n}\n<\/style>\n<div class='flex_column av-av_two_third-6126cab7d8fab8d08143dd2dacdf673c av_two_third  avia-builder-el-1  el_after_av_layerslider  avia-builder-el-no-sibling  first flex_column_div av-zero-column-padding '   ><section  class='av_textblock_section av-av_textblock-0366cc7376be6c9e82a3e9cc8987b64f'  itemscope=\"itemscope\" itemtype=\"https:\/\/schema.org\/CreativeWork\" ><div class='avia_textblock'  itemprop=\"text\" ><div style=\"display:none\" class=\"fm-form-container fm-theme52\"><div id=\"fm-pages18\" class=\"fm-pages wdform_page_navigation \" show_title=\"\" show_numbers=\"1\" type=\"none\"><\/div><form name=\"form18\" action=\"\/en2\/wp-json\/wp\/v2\/pages\/4757\" method=\"post\" id=\"form18\" class=\"fm-form form18  \" enctype=\"multipart\/form-data\"><input type=\"hidden\" id=\"counter18\" value=\"16\" name=\"counter18\" \/><input type=\"hidden\" id=\"Itemid18\" value=\"\" name=\"Itemid18\" \/><input type=\"hidden\" id=\"fm_shake18\" value=\"1\" name=\"fm_shake18\" \/><input type=\"text\" class=\"fm-hide\" id=\"fm_empty_field_validation18\" value=\"\" name=\"fm_empty_field_validation18\" data-value=\"bd736efb144d599cf463541431fbf5c4\" \/><input type=\"hidden\" id=\"fm_ajax_url18\" data-ajax_url=\"http:\/\/www.si-hu.eu\/en2\/wp-admin\/admin-ajax.php?action=fm_submit_form&current_id=18&formType=embedded\" \/><input type=\"hidden\" id=\"fm_ajax_redirect_url18\" data-ajax_redirect_url=\"0\" \/><div class=\"fm-header-bg\"><div class=\"fm-header \"><div class=\"fm-header-text\">          <div class=\"fm-header-title\">            Prijava na delavnico 14. 5. 2019 Maribor (Slovenija) \/ Regisztr\u00e1ci\u00f3 a 2019. m\u00e1jus 14-\u00e9n Mariborban (Szlov\u00e9nia) megrendez\u00e9sre ker\u00fcl\u0151 workshopra          <\/div>          <div class=\"fm-header-description\">                      <\/div>        <\/div><\/div><\/div><div class=\"wdform-page-and-images fm-form-builder\"><div id=\"18form_view1\" class=\"wdform_page\" page_title=\"Untitled page\" next_title=\"Next\" next_type=\"text\" next_class=\"wdform-page-button\" next_checkable=\"true\" previous_title=\"Previous\" previous_type=\"text\" previous_class=\"wdform-page-button\" previous_checkable=\"false\"><div class=\"wdform_section\"><div class=\"wdform_column\"><div wdid=\"2\" class=\"wdform_row\"><div type=\"type_name\" class=\"wdform-field wd-width-100 wd-flex wd-flex-column fm-type_name\" ><div class=\"wdform-label-section wd-width-100  wd-flex-row\">    <label  for=\"wdform_2_element_first18\" class=\"wdform-label\">Ime in priimek \/ Keresztn\u00e9v \u00e9s vezet\u00e9kn\u00e9v <\/label><span class=\"wdform-required\">*<\/span><\/div><div class=\"wdform-element-section wd-flex  wd-flex-row wd-width-100\" ><div class=\"wd-flex wd-flex-column wd-width-50\"><input type=\"text\" class=\"wd-width-100\" id=\"wdform_2_element_first18\" name=\"wdform_2_element_first18\" value=\"\" title=\"\" placeholder=\"\"  \/><label class=\"mini_label\" for=\"wdform_2_element_first18\">Ime \/ Keresztn\u00e9v<\/label><\/div><div class=\"wd-flex wd-flex-column wd-name-separator\"><\/div><div class=\"wd-flex wd-flex-column wd-width-50\"><input type=\"text\" class=\"wd-width-100\" id=\"wdform_2_element_last18\" name=\"wdform_2_element_last18\" value=\"\" title=\"\" placeholder=\"\"  \/><label class=\"mini_label\" for=\"wdform_2_element_last18\">Priimek \/ Vezet\u00e9kn\u00e9v<\/label><\/div><\/div><\/div><\/div><\/div><div class=\"wdform_column\"><div wdid=\"3\" class=\"wdform_row\"><div type=\"type_text\" class=\"wdform-field wd-width-100 wd-flex wd-flex-column fm-type_text\" ><div class=\"wdform-label-section wd-width-100  wd-flex-row wd-align-items-center\">    <label  for=\"wdform_3_element18\" class=\"wdform-label\">Institucija \/ Szervezet<\/label><span class=\"wdform-required\">*<\/span><\/div><div class=\"wdform-element-section wd-flex  wd-flex-row wd-align-items-center wd-width-100\" ><input type=\"text\"                           class=\"wd-width-100\"                           id=\"wdform_3_element18\"                           name=\"wdform_3_element18\"                           value=\"\"                           title=\"\"                           placeholder=\"\"                                                       \/><\/div><\/div><\/div><\/div><div class=\"wdform_column\"><div wdid=\"4\" class=\"wdform_row\"><div type=\"type_address\" class=\"wdform-field wd-width-100 wd-flex wd-flex-column fm-type_address\" ><div class=\"wdform-label-section wd-width-100 wdform_address wd-flex-column\">    <label  for=\"wdform_4_street118\" class=\"wdform-label\">Naslov \/ C\u00edm<\/label><span class=\"wdform-required\">*<\/span><\/div><div class=\"wdform-element-section wd-flex wdform_address wd-flex-column wd-width-100\" ><span class=\"wd-width-100 wd-flex wd-flex-row wd-flex-wrap wd-justify-content\"><span class=\"wd-width-49 wd-address\" id=\"wdform_4_address_2\">                <input class=\"wd-width-100 wdform_4_address_2\" type=\"text\" id=\"wdform_4_city18\" name=\"wdform_6_city18\" value=\"\"  \/>                <label for=\"wdform_4_city18\" class=\"mini_label\">Mesto \/ Telep\u00fcl\u00e9s<\/label><\/span><span class=\"wd-width-49 wd-address\" id=\"wdform_4_address_4\">              <input class=\"wd-width-100 wdform_4_address_4\" type=\"text\" id=\"wdform_4_postal18\" name=\"wdform_8_postal18\" value=\"\"  \/>              <label for=\"wdform_4_postal18\" class=\"mini_label\">Po\u0161tna \u0161t. \/ Ir\u00e1ny\u00edt\u00f3sz\u00e1m<\/label><\/span><\/span><\/div><\/div><\/div><\/div><div class=\"wdform_column\"><div wdid=\"10\" class=\"wdform_row\"><div type=\"type_submitter_mail\" class=\"wdform-field wd-width-100 wd-flex wd-flex-column fm-type_submitter_mail\" ><div class=\"wdform-label-section wd-width-100  wd-flex-row\">    <label  for=\"wdform_10_element18\" class=\"wdform-label\">E-po\u0161ta \/ E-Mail<\/label><span class=\"wdform-required\">*<\/span><\/div><div class=\"wdform-element-section wd-flex  wd-flex-row wd-width-100\" ><input type=\"text\" class=\"wd-width-100\" id=\"wdform_10_element18\" name=\"wdform_10_element18\" value=\"\" title=\"\" placeholder=\"\"   onchange=\"wd_check_email('10', '18', 'This is not a valid email address.')\" \/><\/div><\/div><\/div><\/div><div class=\"wdform_column\"><div wdid=\"11\" class=\"wdform_row\"><div type=\"type_phone_new\" class=\"wdform-field wd-width-100 wd-flex wd-flex-column fm-type_phone_new\" ><div class=\"wdform-label-section wd-width-100 \">    <label  for=\"wdform_11_element18\" class=\"wdform-label\">Telefonska \u0161t. \/ Telefon<\/label><span class=\"wdform-required\">*<\/span><\/div><div class=\"wdform-element-section wd-flex  wd-width-100\" ><input type=\"text\"                       class=\"wd-width-100\"                       id=\"wdform_11_element18\"                       name=\"wdform_11_element18\"                       value=\"\"                       placeholder=\"\"  \/><\/div><\/div><\/div><\/div><div class=\"wdform_column\"><div wdid=\"12\" class=\"wdform_row\"><div type=\"type_radio\" class=\"wdform-field wd-width-100 wd-flex wd-flex-column fm-type_radio\" ><div class=\"wdform-label-section wd-width-100  wd-flex-wrap wd-flex-column\">    <label  class=\"wdform-label\">Ali ste \u017ee sodelovali v okviru prvega in\/ali druga in\/ali tretjega in\/ali \u010detrtega in\/ali petjega roka za oddajo vlog v okviru programa sodelovanja Interreg SI-HU? \/ R\u00e9szt vett-e m\u00e1r az Interreg V-A SI-HU Egy\u00fcttm\u0171k\u00f6d\u00e9si Programban a p\u00e1ly\u00e1zatok els\u0151 \u00e9s\/vagy m\u00e1sodik \u00e9s\/vagy harmadik \u00e9s\/vagy negyedik \u00e9s\/vagy \u00f6t\u00f6dik beny\u00fajt\u00e1si hat\u00e1rideje keret\u00e9ben?<\/label><span class=\"wdform-required\">*<\/span><\/div><div class=\"wdform-element-section wd-flex  wd-flex-wrap wd-flex-column wd-width-100\" ><div class=\"wd-flex wd-flex-column\"><input type=\"hidden\" name=\"wdform_12_element18\" value=\"\" \/><div class=\"radio-div wd-choice wd-flex wd-flex-row\"><input type=\"radio\"  id=\"wdform_12_element180\" name=\"wdform_12_element18\" value=\"Ne. \/ Nem\" onclick=\"set_default(&quot;wdform_12&quot;,&quot;0&quot;,&quot;18&quot;); \"   \/><label class=\"wd-align-items-center wd-flex wd-flex-row\" for=\"wdform_12_element180\"><span><\/span>Ne. \/ Nem<\/label><\/div><div class=\"radio-div wd-choice wd-flex wd-flex-row\"><input type=\"radio\"  id=\"wdform_12_element181\" name=\"wdform_12_element18\" value=\"Da, kot vodilni partner \/ Igen, mint vezet\u0151 partner\" onclick=\"set_default(&quot;wdform_12&quot;,&quot;1&quot;,&quot;18&quot;); \"   \/><label class=\"wd-align-items-center wd-flex wd-flex-row\" for=\"wdform_12_element181\"><span><\/span>Da, kot vodilni partner \/ Igen, mint vezet\u0151 partner<\/label><\/div><div class=\"radio-div wd-choice wd-flex wd-flex-row\"><input type=\"radio\"  id=\"wdform_12_element182\" name=\"wdform_12_element18\" value=\"Da, kot projektni partner \/ Igen, mint projekt partner\" onclick=\"set_default(&quot;wdform_12&quot;,&quot;2&quot;,&quot;18&quot;); \"   \/><label class=\"wd-align-items-center wd-flex wd-flex-row\" for=\"wdform_12_element182\"><span><\/span>Da, kot projektni partner \/ Igen, mint projekt partner<\/label><\/div><\/div><\/div><\/div><\/div><\/div><div class=\"wdform_column\"><div wdid=\"13\" class=\"wdform_row\"><div type=\"type_radio\" class=\"wdform-field wd-width-100 wd-flex wd-flex-column fm-type_radio\" ><div class=\"wdform-label-section wd-width-100  wd-flex-wrap wd-flex-column\">    <label  class=\"wdform-label\">Ali ste \u017ee udele\u017eili delavnice v okviru prvega in\/ali druga in\/ali tretjega in\/ali \u010detrtega in\/ali petjega roka za oddajo vlog v okviru programa sodelovanja Interreg SI-HU? \/ R\u00e9szt vett-e m\u00e1r az Interreg V-A SI-HU Egy\u00fcttm\u0171k\u00f6d\u00e9si Program workshopj\u00e1n az els\u0151 \u00e9s\/vagy m\u00e1sodik \u00e9s\/vagy harmadik \u00e9s\/vagy negyedik \u00e9s\/vagy \u00f6t\u00f6dik beny\u00fajt\u00e1si hat\u00e1rid\u0151 keret\u00e9ben?<\/label><span class=\"wdform-required\">*<\/span><\/div><div class=\"wdform-element-section wd-flex  wd-flex-wrap wd-flex-column wd-width-100\" ><div class=\"wd-flex wd-flex-column\"><input type=\"hidden\" name=\"wdform_13_element18\" value=\"\" \/><div class=\"radio-div wd-choice wd-flex wd-flex-row\"><input type=\"radio\"  id=\"wdform_13_element180\" name=\"wdform_13_element18\" value=\"Ne. \/ Nem\" onclick=\"set_default(&quot;wdform_13&quot;,&quot;0&quot;,&quot;18&quot;); \"   \/><label class=\"wd-align-items-center wd-flex wd-flex-row\" for=\"wdform_13_element180\"><span><\/span>Ne. \/ Nem<\/label><\/div><div class=\"radio-div wd-choice wd-flex wd-flex-row\"><input type=\"radio\"  id=\"wdform_13_element181\" name=\"wdform_13_element18\" value=\"Da, kot vodilni partner \/ Igen, mint vezet\u0151 partner\" onclick=\"set_default(&quot;wdform_13&quot;,&quot;1&quot;,&quot;18&quot;); \"   \/><label class=\"wd-align-items-center wd-flex wd-flex-row\" for=\"wdform_13_element181\"><span><\/span>Da, kot vodilni partner \/ Igen, mint vezet\u0151 partner<\/label><\/div><div class=\"radio-div wd-choice wd-flex wd-flex-row\"><input type=\"radio\"  id=\"wdform_13_element182\" name=\"wdform_13_element18\" value=\"Da, kot projektni partner \/ Igen, mint projekt partner\" onclick=\"set_default(&quot;wdform_13&quot;,&quot;2&quot;,&quot;18&quot;); \"   \/><label class=\"wd-align-items-center wd-flex wd-flex-row\" for=\"wdform_13_element182\"><span><\/span>Da, kot projektni partner \/ Igen, mint projekt partner<\/label><\/div><\/div><\/div><\/div><\/div><\/div><div class=\"wdform_column\"><div wdid=\"1\" class=\"wdform_row\"><div type=\"type_submit_reset\" class=\"wdform-field wd-width-100 wd-flex wd-flex-column fm-type_submit_reset\" ><div class=\"wdform-element-section wd-flex  wd-flex-row wd-justify-content-left wd-width-100\" ><button  type=\"button\" class=\"button-submit\" onclick=\"fm_submit_form('18');\"  data-ajax=\"1\"><span class=\"fm-submit-loading spinner fm-ico-spinner\"><\/span>Prijavite se! \/  Regisztr\u00e1ci\u00f3 elk\u00fcld\u00e9se<\/button><button  type=\"button\" class=\"button-reset wd-hidden\" onclick=\"fm_reset_form(18);\" >Reset<\/button><\/div><\/div><\/div><\/div><\/div><div valign=\"top\" class=\"wdform_footer wd-width-100\"><div class=\"wd-width-100\"><div class=\"wd-width-100 wd-table\" style=\"padding-top:10px;\"><div class=\"wd-table-group\"><div id=\"18page_nav1\" class=\"wd-table-row\"><\/div><\/div><\/div><\/div><\/div><\/div><\/div><div class=\"wdform_preload\"><\/div><\/form><\/div>\n<\/div><\/section><\/div>\n","protected":false},"excerpt":{"rendered":"","protected":false},"author":80,"featured_media":0,"parent":0,"menu_order":0,"comment_status":"closed","ping_status":"closed","template":"","meta":{"ngg_post_thumbnail":0},"_links":{"self":[{"href":"http:\/\/www.si-hu.eu\/en2\/wp-json\/wp\/v2\/pages\/4757"}],"collection":[{"href":"http:\/\/www.si-hu.eu\/en2\/wp-json\/wp\/v2\/pages"}],"about":[{"href":"http:\/\/www.si-hu.eu\/en2\/wp-json\/wp\/v2\/types\/page"}],"author":[{"embeddable":true,"href":"http:\/\/www.si-hu.eu\/en2\/wp-json\/wp\/v2\/users\/80"}],"replies":[{"embeddable":true,"href":"http:\/\/www.si-hu.eu\/en2\/wp-json\/wp\/v2\/comments?post=4757"}],"version-history":[{"count":3,"href":"http:\/\/www.si-hu.eu\/en2\/wp-json\/wp\/v2\/pages\/4757\/revisions"}],"predecessor-version":[{"id":4760,"href":"http:\/\/www.si-hu.eu\/en2\/wp-json\/wp\/v2\/pages\/4757\/revisions\/4760"}],"wp:attachment":[{"href":"http:\/\/www.si-hu.eu\/en2\/wp-json\/wp\/v2\/media?parent=4757"}],"curies":[{"name":"wp","href":"https:\/\/api.w.org\/{rel}","templated":true}]}}