{"id":79,"date":"2015-10-03T14:32:01","date_gmt":"2015-10-03T13:32:01","guid":{"rendered":"http:\/\/84.39.218.252\/en2\/?page_id=79"},"modified":"2020-02-21T11:19:11","modified_gmt":"2020-02-21T09:19:11","slug":"faq","status":"publish","type":"page","link":"http:\/\/www.si-hu.eu\/en2\/open-call\/faq\/","title":{"rendered":"FAQ"},"content":{"rendered":"<div id='layer_slider_1'  class='avia-layerslider main_color avia-shadow  avia-builder-el-0  el_before_av_one_full  avia-builder-el-first  container_wrap sidebar_right'  style='height: 201px;'  ><\/div><div id='after_layer_slider_1'  class='main_color av_default_container_wrap container_wrap sidebar_right'  ><div class='container av-section-cont-open' ><div class='template-page content  av-content-small alpha units'><div class='post-entry post-entry-type-page post-entry-79'><div class='entry-content-wrapper clearfix'>\n\n<style type=\"text\/css\" data-created_by=\"avia_inline_auto\" id=\"style-css-av-av_one_full-352b07ef7d3bc99b2e9f92e7a9e06bdb\">\n.flex_column.av-av_one_full-352b07ef7d3bc99b2e9f92e7a9e06bdb{\nborder-radius:0px 0px 0px 0px;\n-webkit-border-radius:0px 0px 0px 0px;\n-moz-border-radius:0px 0px 0px 0px;\n}\n<\/style>\n<div class='flex_column av-av_one_full-352b07ef7d3bc99b2e9f92e7a9e06bdb av_one_full  avia-builder-el-1  el_after_av_layerslider  el_before_av_iconlist  avia-builder-el-first  first flex_column_div av-zero-column-padding '   ><section  class='av_textblock_section av-av_textblock-0366cc7376be6c9e82a3e9cc8987b64f'  itemscope=\"itemscope\" itemtype=\"https:\/\/schema.org\/CreativeWork\" ><div class='avia_textblock'  itemprop=\"text\" ><div class=\"flex_column av_one_full flex_column_div av-zero-column-padding first avia-builder-el-1 el_after_av_layerslider avia-builder-el-no-sibling \">\n<section class=\"av_textblock_section\">\n<div class=\"avia_textblock \">\n<h4><strong>FAQ<\/strong><\/h4>\n<\/div>\n<\/section>\n<\/div>\n<\/div><\/section><\/div>\n<div  class='avia-icon-list-container av-av_iconlist-c9265973fe37925e1675fd541a8fb5d9  avia-builder-el-3  el_after_av_one_full  el_before_av_iconlist '><ul class='avia-icon-list avia_animate_when_almost_visible avia-icon-list-left av-iconlist-big av-av_iconlist-c9265973fe37925e1675fd541a8fb5d9 avia-iconlist-animate'>\n<li><div class='iconlist_icon av-av_iconlist_item-99eb52872710ca85cadeac097c2765c1 avia-font-entypo-fontello'><span class='iconlist-char' aria-hidden='true' data-av_icon='\ue81d' data-av_iconfont='entypo-fontello'><\/span><\/div><article class=\"article-icon-entry \"  itemscope=\"itemscope\" itemtype=\"https:\/\/schema.org\/CreativeWork\" ><div class=\"iconlist_content_wrap\"><header class=\"entry-content-header\"><h4 class='av_iconlist_title iconlist_title  '  itemprop=\"headline\" >MOST COMMON MISTAKES IN APPLICATION FORMS DISCOVERED DURING THE ADMINISTRATIVE CHECK OF APPLICATIONS<\/h4><\/header><div class='iconlist_content '  itemprop=\"text\" ><p><a href=\"http:\/\/www.si-hu.eu\/en2\/wp-content\/uploads\/sites\/11\/2015\/10\/MOST-COMMON-MISTAKES-IN-APPLICATION-FORMS-DISCOVERED-DURING-THE-ADMINISTRATIVE-CHECK-OF-APPLICATIONS.pdf\">MOST COMMON MISTAKES IN APPLICATION FORMS DISCOVERED DURING THE ADMINISTRATIVE CHECK OF APPLICATIONS<\/a><\/p>\n<\/div><\/div><footer class=\"entry-footer\"><\/footer><\/article><div class=\"iconlist-timeline\"><\/div><\/li>\n<\/ul><\/div>\n<div  class='avia-icon-list-container av-av_iconlist-a98d21aa7682842f3ee59bf46c3a11b8  avia-builder-el-4  el_after_av_iconlist  avia-builder-el-last '><ul class='avia-icon-list avia_animate_when_almost_visible avia-icon-list-left av-iconlist-big av-av_iconlist-a98d21aa7682842f3ee59bf46c3a11b8 avia-iconlist-animate'>\n<li><div class='iconlist_icon av-av_iconlist_item-7e377eeb799a9d04c09471768b10f1be avia-font-entypo-fontello'><span class='iconlist-char' aria-hidden='true' data-av_icon='\ue81d' data-av_iconfont='entypo-fontello'><\/span><\/div><article class=\"article-icon-entry \"  itemscope=\"itemscope\" itemtype=\"https:\/\/schema.org\/CreativeWork\" ><div class=\"iconlist_content_wrap\"><header class=\"entry-content-header\"><h4 class='av_iconlist_title iconlist_title  '  itemprop=\"headline\" >GENERAL QUESTIONS<\/h4><\/header><div class='iconlist_content '  itemprop=\"text\" ><p><a href=\"http:\/\/www.si-hu.eu\/en2\/wp-content\/uploads\/sites\/11\/2020\/02\/Splosna-vprasanja_februar-2020.pdf\" target=\"_blank\" rel=\"noopener noreferrer\">Splosna vprasanja<\/a><\/p>\n<p><a href=\"http:\/\/www.si-hu.eu\/en2\/wp-content\/uploads\/sites\/11\/2020\/02\/Altalanos_20.2.2020.pdf\" target=\"_blank\" rel=\"noopener noreferrer\">Altalanos<\/a><\/p>\n<\/div><\/div><footer class=\"entry-footer\"><\/footer><\/article><div class=\"iconlist-timeline\"><\/div><\/li>\n<li><div class='iconlist_icon av-av_iconlist_item-3f8849a0a984dc9ceaecb094e4bf87f8 avia-font-entypo-fontello'><span class='iconlist-char' aria-hidden='true' data-av_icon='\ue81d' data-av_iconfont='entypo-fontello'><\/span><\/div><article class=\"article-icon-entry \"  itemscope=\"itemscope\" itemtype=\"https:\/\/schema.org\/CreativeWork\" ><div class=\"iconlist_content_wrap\"><header class=\"entry-content-header\"><h4 class='av_iconlist_title iconlist_title  '  itemprop=\"headline\" >ELIGIBILITY OF EXPENDITURE<\/h4><\/header><div class='iconlist_content '  itemprop=\"text\" ><p><a href=\"http:\/\/www.si-hu.eu\/en2\/wp-content\/uploads\/sites\/11\/2015\/10\/Upravicenost-stroskov.pdf\">Upravicenost stroskov<\/a><\/p>\n<p><a href=\"http:\/\/www.si-hu.eu\/en2\/wp-content\/uploads\/sites\/11\/2015\/10\/Koltsegek-Tamogathatosaga.pdf\">Koltsegek Tamogathatosaga<\/a><\/p>\n<\/div><\/div><footer class=\"entry-footer\"><\/footer><\/article><div class=\"iconlist-timeline\"><\/div><\/li>\n<li><div class='iconlist_icon av-av_iconlist_item-934c83bcc67ed048a5eeff9e1949948e avia-font-entypo-fontello'><span class='iconlist-char' aria-hidden='true' data-av_icon='\ue81d' data-av_iconfont='entypo-fontello'><\/span><\/div><article class=\"article-icon-entry \"  itemscope=\"itemscope\" itemtype=\"https:\/\/schema.org\/CreativeWork\" ><div class=\"iconlist_content_wrap\"><header class=\"entry-content-header\"><h4 class='av_iconlist_title iconlist_title  '  itemprop=\"headline\" >E-MONITORING SYSTEM (e-MS)<\/h4><\/header><div class='iconlist_content '  itemprop=\"text\" ><p><a href=\"http:\/\/www.si-hu.eu\/en2\/wp-content\/uploads\/sites\/11\/2015\/10\/Elektronski-sistem-spremljanja-eMS.pdf\">Elektronski sistem spremljanja (eMS)<\/a><\/p>\n<p><a href=\"http:\/\/www.si-hu.eu\/en2\/wp-content\/uploads\/sites\/11\/2015\/10\/Elektronikus-Monitoring-Rendszer-eMS.pdf\">Elektronikus Monitoring Rendszer (eMS)<\/a><\/p>\n<\/div><\/div><footer class=\"entry-footer\"><\/footer><\/article><div class=\"iconlist-timeline\"><\/div><\/li>\n<li><div class='iconlist_icon av-av_iconlist_item-34c65bea85dc6c7f42c5842d486b46b9 avia-font-entypo-fontello'><span class='iconlist-char' aria-hidden='true' data-av_icon='\ue81d' data-av_iconfont='entypo-fontello'><\/span><\/div><article class=\"article-icon-entry \"  itemscope=\"itemscope\" itemtype=\"https:\/\/schema.org\/CreativeWork\" ><div class=\"iconlist_content_wrap\"><header class=\"entry-content-header\"><h4 class='av_iconlist_title iconlist_title  '  itemprop=\"headline\" >INFORMATION AND COMMUNICATION<\/h4><\/header><div class='iconlist_content '  itemprop=\"text\" ><p><a href=\"http:\/\/www.si-hu.eu\/en2\/wp-content\/uploads\/sites\/11\/2015\/10\/Informiranje-in-komuniciranje.pdf\">Informiranje in komuniciranje<\/a><\/p>\n<p><a href=\"http:\/\/www.si-hu.eu\/en2\/wp-content\/uploads\/sites\/11\/2015\/10\/T\u00e1j\u00e9koztat\u00e1s-\u00e9s-nyilv\u00e1noss\u00e1g.pdf\">T\u00e1j\u00e9koztat\u00e1s \u00e9s nyilv\u00e1noss\u00e1g<\/a><\/p>\n<\/div><\/div><footer class=\"entry-footer\"><\/footer><\/article><div class=\"iconlist-timeline\"><\/div><\/li>\n<\/ul><\/div>\n","protected":false},"excerpt":{"rendered":"","protected":false},"author":3,"featured_media":0,"parent":69,"menu_order":0,"comment_status":"closed","ping_status":"closed","template":"","meta":{"ngg_post_thumbnail":0},"_links":{"self":[{"href":"http:\/\/www.si-hu.eu\/en2\/wp-json\/wp\/v2\/pages\/79"}],"collection":[{"href":"http:\/\/www.si-hu.eu\/en2\/wp-json\/wp\/v2\/pages"}],"about":[{"href":"http:\/\/www.si-hu.eu\/en2\/wp-json\/wp\/v2\/types\/page"}],"author":[{"embeddable":true,"href":"http:\/\/www.si-hu.eu\/en2\/wp-json\/wp\/v2\/users\/3"}],"replies":[{"embeddable":true,"href":"http:\/\/www.si-hu.eu\/en2\/wp-json\/wp\/v2\/comments?post=79"}],"version-history":[{"count":5,"href":"http:\/\/www.si-hu.eu\/en2\/wp-json\/wp\/v2\/pages\/79\/revisions"}],"predecessor-version":[{"id":5825,"href":"http:\/\/www.si-hu.eu\/en2\/wp-json\/wp\/v2\/pages\/79\/revisions\/5825"}],"up":[{"embeddable":true,"href":"http:\/\/www.si-hu.eu\/en2\/wp-json\/wp\/v2\/pages\/69"}],"wp:attachment":[{"href":"http:\/\/www.si-hu.eu\/en2\/wp-json\/wp\/v2\/media?parent=79"}],"curies":[{"name":"wp","href":"https:\/\/api.w.org\/{rel}","templated":true}]}}