{"id":109,"date":"2015-08-26T10:24:27","date_gmt":"2015-08-26T09:24:27","guid":{"rendered":"http:\/\/www.si-hu.eu\/si2\/si-huhu\/?page_id=109"},"modified":"2015-08-26T10:24:27","modified_gmt":"2015-08-26T09:24:27","slug":"europai-teruleti-egyuttmukodes","status":"publish","type":"page","link":"http:\/\/www.si-hu.eu\/hu\/a-program\/europai-teruleti-egyuttmukodes\/","title":{"rendered":"Eur\u00f3pai Ter\u00fcleti Egy\u00fcttm\u0171k\u00f6d\u00e9s"},"content":{"rendered":"<p>Az Eur\u00f3pai Uni\u00f3 koh\u00e9zi\u00f3s politik\u00e1j\u00e1nak f\u0151 c\u00e9lja a tag\u00e1llamok gazdas\u00e1gi \u00e9s szoci\u00e1lis koh\u00e9zi\u00f3j\u00e1nak n\u00f6vel\u00e9se, a K\u00f6z\u00f6ss\u00e9g \u00f6sszehangolt, kiegyens\u00falyozott \u00e9s fenntarthat\u00f3 fejl\u0151d\u00e9s\u00e9nek \u00f6szt\u00f6nz\u00e9se, valamint a gazdas\u00e1gi, szoci\u00e1lis \u00e9s ter\u00fcleti es\u00e9lyegyenl\u0151s\u00e9g el\u00e9r\u00e9se. Az Eur\u00f3pai Bizotts\u00e1g a ter\u00fcleti egy\u00fcttm\u0171k\u00f6d\u00e9si ir\u00e1nyelvekben a 2007-2013-as id\u0151szakra vonatkoz\u00f3 p\u00e9nz\u00fcgyi perspekt\u00edv\u00e1j\u00e1ban a ter\u00fcleti koh\u00e9zi\u00f3t emelte ki, amelynek a gazdas\u00e1gi \u00e9s szoci\u00e1lis koh\u00e9zi\u00f3val egy\u00fctt jelent\u0151s szerepe van a lisszaboni \u00e9s a g\u00f6teborgi strat\u00e9gia c\u00e9lkit\u0171z\u00e9seinek megval\u00f3s\u00edt\u00e1s\u00e1n\u00e1l. Az \u00faj koh\u00e9zi\u00f3s politikai harmadik c\u00e9lkit\u0171z\u00e9se az Eur\u00f3pai Ter\u00fcleti Egy\u00fcttm\u0171k\u00f6d\u00e9s (ETE), amely a hat\u00e1ron \u00e1tny\u00fal\u00f3, transznacion\u00e1lis \u00e9s r\u00e9gi\u00f3k k\u00f6z\u00f6tti egy\u00fcttm\u0171k\u00f6d\u00e9s er\u0151s\u00edt\u00e9s\u00e9re ir\u00e1nyul.<\/p>\n<p>Eur\u00f3pai szinten az Eur\u00f3pai Ter\u00fcleti Egy\u00fcttm\u0171k\u00f6d\u00e9sre (3. c\u00e9lkit\u0171z\u00e9s) az \u00f6ssz. koh\u00e9zi\u00f3s forr\u00e1s \u00f6sszesen 2,52%-a ker\u00fcl elk\u00fcl\u00f6n\u00edt\u00e9sre, illetve 7,75 milli\u00e1rd eur\u00f3. Ennek z\u00f6me, \u00e9spedig az Eur\u00f3pai Ter\u00fcleti Egy\u00fcttm\u0171k\u00f6d\u00e9s c\u00e9lkit\u0171z\u00e9seire sz\u00e1nt forr\u00e1sok 73,86%-a, illetve 5.576 milli\u00e1rd eur\u00f3t ford\u00edtanak a hat\u00e1ron \u00e1tny\u00fal\u00f3 egy\u00fcttm\u0171k\u00f6d\u00e9sre, 20,95%, illetve 1,582 milli\u00e1rd eur\u00f3t a transznacion\u00e1lis egy\u00fcttm\u0171k\u00f6d\u00e9sre \u00e9s 5,19%, illetve 392 milli\u00f3 eur\u00f3t a r\u00e9gi\u00f3k k\u00f6z\u00f6tti egy\u00fcttm\u0171k\u00f6d\u00e9sre. Tekintettel Szlov\u00e9nia k\u00f6zponti geopolitikai fekv\u00e9s\u00e9re \u00e9s azon t\u00e9nyre, hogy a szlov\u00e9n lakoss\u00e1g z\u00f6me hat\u00e1rmenti vid\u00e9ken \u00e9l, az Eur\u00f3pai Ter\u00fcleti Egy\u00fcttm\u0171k\u00f6d\u00e9s (3. c\u00e9lkit\u0171z\u00e9s) ebben az id\u0151szakban is a hat\u00e1rmenti r\u00e9gi\u00f3k \u00e9s ezzel eg\u00e9sz Szlov\u00e9nia ter\u00fcleti fejleszt\u00e9s\u00e9nek kulcsfontoss\u00e1g\u00fa eszk\u00f6ze lesz.<\/p>\n<p>Az Eur\u00f3pai Ter\u00fcleti Egy\u00fcttm\u0171k\u00f6d\u00e9s a 2007-2013-as id\u0151szakban az Eur\u00f3pai Region\u00e1lis Fejleszt\u00e9si Alapon (ERFA) kereszt\u00fcl h\u00e1rom priorit\u00e1st t\u00e1mogat:<br \/>\n\u2022 a hat\u00e1rokon \u00e1tny\u00fal\u00f3 gazdas\u00e1gi, szoci\u00e1lis \u00e9s k\u00f6rnyezeti tev\u00e9kenys\u00e9g fejleszt\u00e9se, a fenntarthat\u00f3 ter\u00fcleti fejleszt\u00e9s k\u00f6z\u00f6s strat\u00e9gi\u00e1i \u00e1ltal;<br \/>\n\u2022 a transznacion\u00e1lis egy\u00fcttm\u0171k\u00f6d\u00e9s meger\u0151s\u00edt\u00e9se, k\u00f6z\u00f6ss\u00e9gi priorit\u00e1sokhoz kapcsol\u00f3d\u00f3 tev\u00e9kenys\u00e9gek \u00e1ltal, valamint az integr\u00e1lt ter\u00fcleti fejleszt\u00e9s \u00f6szt\u00f6nz\u00e9se;<br \/>\n\u2022 a region\u00e1lis politika hat\u00e9konys\u00e1g\u00e1nak meger\u0151s\u00edt\u00e9se a r\u00e9gi\u00f3k k\u00f6z\u00f6tti egy\u00fcttm\u0171k\u00f6d\u00e9s n\u00e9pszer\u0171s\u00edt\u00e9se, valamint megfelel\u0151 ter\u00fcleti szint\u0171 tapasztalatcsere r\u00e9v\u00e9n.<br \/>\nAz Eur\u00f3pai Ter\u00fcleti Egy\u00fcttm\u0171k\u00f6d\u00e9s keret\u00e9ben a Szlov\u00e9nia-Magyarorsz\u00e1g Operat\u00edv Program 2007-2013 a Szlov\u00e9n \u00e9s a Magyar K\u00f6zt\u00e1rsas\u00e1g k\u00f6z\u00f6tti hat\u00e1ron \u00e1tny\u00fal\u00f3 egy\u00fcttm\u0171k\u00f6d\u00e9st t\u00e1mogatja.<\/p>\n<p>&nbsp;<\/p>\n","protected":false},"excerpt":{"rendered":"<p>Az Eur\u00f3pai Uni\u00f3 koh\u00e9zi\u00f3s politik\u00e1j\u00e1nak f\u0151 c\u00e9lja a tag\u00e1llamok gazdas\u00e1gi \u00e9s szoci\u00e1lis koh\u00e9zi\u00f3j\u00e1nak n\u00f6vel\u00e9se, a K\u00f6z\u00f6ss\u00e9g \u00f6sszehangolt, kiegyens\u00falyozott \u00e9s fenntarthat\u00f3 fejl\u0151d\u00e9s\u00e9nek \u00f6szt\u00f6nz\u00e9se, valamint a gazdas\u00e1gi, szoci\u00e1lis \u00e9s ter\u00fcleti es\u00e9lyegyenl\u0151s\u00e9g el\u00e9r\u00e9se. Az Eur\u00f3pai Bizotts\u00e1g a ter\u00fcleti egy\u00fcttm\u0171k\u00f6d\u00e9si ir\u00e1nyelvekben a 2007-2013-as id\u0151szakra vonatkoz\u00f3 p\u00e9nz\u00fcgyi perspekt\u00edv\u00e1j\u00e1ban a ter\u00fcleti koh\u00e9zi\u00f3t emelte ki, amelynek a gazdas\u00e1gi \u00e9s szoci\u00e1lis koh\u00e9zi\u00f3val egy\u00fctt &hellip; <a href=\"http:\/\/www.si-hu.eu\/hu\/a-program\/europai-teruleti-egyuttmukodes\/\" class=\"more-link\">Preberi ve\u010d <span class=\"screen-reader-text\">Eur\u00f3pai Ter\u00fcleti Egy\u00fcttm\u0171k\u00f6d\u00e9s<\/span> <span class=\"meta-nav\">&rarr;<\/span><\/a><\/p>\n","protected":false},"author":1,"featured_media":0,"parent":98,"menu_order":0,"comment_status":"closed","ping_status":"closed","template":"","meta":{"ngg_post_thumbnail":0},"_links":{"self":[{"href":"http:\/\/www.si-hu.eu\/hu\/wp-json\/wp\/v2\/pages\/109"}],"collection":[{"href":"http:\/\/www.si-hu.eu\/hu\/wp-json\/wp\/v2\/pages"}],"about":[{"href":"http:\/\/www.si-hu.eu\/hu\/wp-json\/wp\/v2\/types\/page"}],"author":[{"embeddable":true,"href":"http:\/\/www.si-hu.eu\/hu\/wp-json\/wp\/v2\/users\/1"}],"replies":[{"embeddable":true,"href":"http:\/\/www.si-hu.eu\/hu\/wp-json\/wp\/v2\/comments?post=109"}],"version-history":[{"count":1,"href":"http:\/\/www.si-hu.eu\/hu\/wp-json\/wp\/v2\/pages\/109\/revisions"}],"predecessor-version":[{"id":110,"href":"http:\/\/www.si-hu.eu\/hu\/wp-json\/wp\/v2\/pages\/109\/revisions\/110"}],"up":[{"embeddable":true,"href":"http:\/\/www.si-hu.eu\/hu\/wp-json\/wp\/v2\/pages\/98"}],"wp:attachment":[{"href":"http:\/\/www.si-hu.eu\/hu\/wp-json\/wp\/v2\/media?parent=109"}],"curies":[{"name":"wp","href":"https:\/\/api.w.org\/{rel}","templated":true}]}}