{"id":143,"date":"2015-08-26T10:34:10","date_gmt":"2015-08-26T09:34:10","guid":{"rendered":"http:\/\/www.si-hu.eu\/si2\/si-huhu\/?page_id=143"},"modified":"2015-08-26T10:34:10","modified_gmt":"2015-08-26T09:34:10","slug":"2-palyazati-felhivas","status":"publish","type":"page","link":"http:\/\/www.si-hu.eu\/hu\/palyazatok\/2-palyazati-felhivas\/","title":{"rendered":"2. P\u00e1ly\u00e1zati felh\u00edv\u00e1s"},"content":{"rendered":"<h3>Mell\u00e9kletek a felt\u00e9telesen j\u00f3v\u00e1hagyott p\u00e1ly\u00e1zatokhoz<\/h3>\n<p>A Szlov\u00e9nia \u2013 Magyarorsz\u00e1g Operat\u00edv Program 2007-2013 m\u00e1sodik p\u00e1ly\u00e1zati felh\u00edv\u00e1s\u00e1nak keret\u00e9ben a K\u00f6z\u00f6s Monitoring Bizotts\u00e1g egyes p\u00e1ly\u00e1zatokat tov\u00e1bbi felt\u00e9telek megjel\u00f6l\u00e9s\u00e9vel hagyott j\u00f3v\u00e1.<br \/>\nA k\u00f6vetkez\u0151 dokumentumokat sz\u00fcks\u00e9ges megfelel\u0151en kit\u00f6lteni \u00e9s beny\u00fajtani a SI-HU 2007-2013 K\u00f6z\u00f6s Technikai Titk\u00e1rs\u00e1g\u00e1ra a megadott hat\u00e1rid\u0151n bel\u00fcl:<\/p>\n<p>&#8211; Nyilatkozat csek\u00e9ly \u00f6sszeg\u0171 (\u201eDe Minimis\u201d) t\u00e1mogat\u00e1sr\u00f3l.<br \/>\n&#8211; Kit\u00f6lt\u00f6tt P\u00e1ly\u00e1zati Formanyomtatv\u00e1nyt (A \u00e9s B r\u00e9sz \u2013 MS Access adatf\u00e1jl \u201eProject.mdb\u201d)<\/p>\n<p><a class=\"link_zip\" href=\"http:\/\/www.si-hu.eu\/si2\/wp-content\/uploads\/2015\/09\/ApplicationV3_1.zip\" target=\"_blank\">Prijavnica_Formanyomtatvany (12.4M)<\/a><\/p>\n<p><a class=\"link_doc\" href=\"http:\/\/www.si-hu.eu\/si2\/wp-content\/uploads\/2015\/09\/Declaration%20on%20De%20Minimis%20Aid_1.doc\" target=\"_blank\">Izjava za De Minimis_De Minimis Nyilatkozat (35k)<\/a><\/p>\n<h3>Korrigendum a 2. P\u00e1ly\u00e1zati felh\u00edv\u00e1s Formanyomtatv\u00e1ny\u00e1hoz<\/h3>\n<p>Korrigendum a Szlov\u00e9nia-Magyarorsz\u00e1g Operat\u00edv Program 2007-2013 keret\u00e9ben 2010. m\u00e1jus 21.-\u00e9n megjelent 2. P\u00e1ly\u00e1zati felh\u00edv\u00e1s\u00e1nak P\u00e1ly\u00e1zati Formanyomtatv\u00e1ny\u00e1hoz. \u00c9rv\u00e9nyes 2010. szeptember 7-t\u0151l.<\/p>\n<p>Amennyiben \u00d6n m\u00e1r kit\u00f6lt\u00f6tte a P\u00e1ly\u00e1zati Formanyomtatv\u00e1nyt, csak friss\u00edtenie kell azt az \u00faj verzi\u00f3val. Az adatok nem vesznek el.<\/p>\n<p><a class=\"link_pdf\" href=\"http:\/\/www.si-hu.eu\/si2\/wp-content\/uploads\/2015\/09\/Korrigendum_1.pdf\" target=\"_blank\">Korrigendum (134.6k)<\/a><\/p>\n<p><a class=\"link_zip\" href=\"http:\/\/www.si-hu.eu\/si2\/wp-content\/uploads\/2015\/09\/P%C3%A1ly%C3%A1zati_Formanyomtatv%C3%A1ny_OP_SI-HU_2007-2013_%C3%9AJ!.zip\" target=\"_blank\">P\u00e1ly\u00e1zati_Formanyomtatv\u00e1ny_OP_SI-HU_2007-2013_\u00daJ (13.5M)<\/a><\/p>\n<p><a class=\"link_pdf\" href=\"http:\/\/www.si-hu.eu\/si2\/wp-content\/uploads\/2015\/09\/tmutat%C3%B3_a_P%C3%A1ly%C3%A1zati_Formanyomtatv%C3%A1ny_kit%C3%B6lt%C3%A9s%C3%A9hez.pdf\" target=\"_blank\">\u00datmutat\u00f3_a_P\u00e1ly\u00e1zati_Formanyomtatv\u00e1ny_kit\u00f6lt\u00e9s\u00e9hez (583k)<\/a><\/p>\n<h3>A Szlov\u00e9nia-Magyarorsz\u00e1g Operat\u00edv Program 2007-2013 m\u00e1sodik p\u00e1ly\u00e1zati felh\u00edv\u00e1sa \u2013 2010. m\u00e1jus 21.<\/h3>\n<p>2010. m\u00e1jus 21. ki\u00edr\u00e1sra ker\u00fclt a Szlov\u00e9nia-Magyarorsz\u00e1g Operat\u00edv Program 2007-2013 m\u00e1sodik p\u00e1ly\u00e1zati felh\u00edv\u00e1sa. A p\u00e1ly\u00e1zati ki\u00edr\u00e1s 2010. szeptember 30.-i hat\u00e1rid\u0151vel z\u00e1rul le. Jelen p\u00e1ly\u00e1zati ki\u00edr\u00e1st a program Ir\u00e1ny\u00edt\u00f3 Hat\u00f3s\u00e1ga, a Szlov\u00e9n K\u00f6zt\u00e1rsas\u00e1g \u00d6nkorm\u00e1nyzati \u00e9s Ter\u00fcletfejleszt\u00e9si Korm\u00e1nyhivatala k\u00e9pviselet\u00e9ben a maribori sz\u00e9khely\u0171 Hat\u00e1ron \u00c1tny\u00fal\u00f3 Programokat Ir\u00e1ny\u00edt\u00f3 Hivatal jelenteti meg, Szlov\u00e9nia \u00e9s Magyarorsz\u00e1g p\u00e1ly\u00e1z\u00e1sra jogosult szervezetei sz\u00e1m\u00e1ra. A p\u00e1ly\u00e1zati felh\u00edv\u00e1s t\u00e1rgya az Eur\u00f3pai Region\u00e1lis Fejleszt\u00e9si Alapb\u00f3l sz\u00e1rmaz\u00f3 projekt- t\u00e1rfinansz\u00edroz\u00e1s elnyer\u00e9se. Jelen p\u00e1ly\u00e1zati ki\u00edr\u00e1s keret\u00e9ben a projektek finansz\u00edroz\u00e1s\u00e1ra 14.699.991,54 EUR \u00f6sszeg \u00e1ll rendelkez\u00e9sre, melynek forr\u00e1sa az Eur\u00f3pai Region\u00e1lis Fejleszt\u00e9si Alap.<\/p>\n<p>K\u00e9rj\u00fck, p\u00e1ly\u00e1zatuk \u00f6ssze\u00e1ll\u00edt\u00e1sa sor\u00e1n a m\u00e1sodik p\u00e1ly\u00e1zati felh\u00edv\u00e1s keret\u00e9ben meghirdetett form\u00e1tum\u00fa dokumentumokat haszn\u00e1lj\u00e1k. A m\u00e1sodik p\u00e1ly\u00e1zati ki\u00edr\u00e1s dokumentumai el\u00e9rhet\u0151ek a program honlapj\u00e1n a \u201eP\u00e1ly\u00e1zatok\u201d men\u00fcpont alatt.<\/p>\n<p><a class=\"link_pdf\" href=\"http:\/\/www.si-hu.eu\/si2\/wp-content\/uploads\/2015\/09\/2.PF_SI-HU_OP_2007-2013.pdf\" target=\"_blank\">2.PF_SI-HU_OP_2007-2013 (241.1k)<\/a><\/p>\n<p><a class=\"link_pdf\" href=\"http:\/\/www.si-hu.eu\/si2\/wp-content\/uploads\/2015\/09\/OP_SI-HU_2007-2013.pdf\" target=\"_blank\">OP_SI-HU_2007-2013 (1.9M)<\/a><\/p>\n<p><a class=\"link_pdf\" href=\"http:\/\/www.si-hu.eu\/si2\/wp-content\/uploads\/2015\/09\/GyVK_OP_SI-HU_2007-2013.pdf\" target=\"_blank\">GyVK_OP_SI-HU_2007-2013 (859.7k)<\/a><\/p>\n<p><a class=\"link_zip\" href=\"http:\/\/www.si-hu.eu\/si2\/wp-content\/uploads\/2015\/09\/Application_1.zip\" target=\"_blank\">P\u00e1ly\u00e1zati_Formanyomtatv\u00e1ny_OP_SI-HU_2007-2013 (13M)<\/a><\/p>\n<p><a class=\"link_pdf\" href=\"http:\/\/www.si-hu.eu\/si2\/wp-content\/uploads\/2015\/09\/T%C3%A1mogat%C3%A1si_Szerz%C5%91d%C3%A9s_OP_SI-HU_2007-2013.pdf\" target=\"_blank\">T\u00e1mogat\u00e1si_Szerz\u0151d\u00e9s_OP_SI-HU_2007-2013 (2.7M)<\/a><\/p>\n<p><a class=\"link_pdf\" href=\"http:\/\/www.si-hu.eu\/si2\/wp-content\/uploads\/2015\/09\/Partnersegi_Megallapodas-OP_SI-HU2007-2013.pdf\" target=\"_blank\">Partners\u00e9gi_Meg\u00e1llapod\u00e1s_OP_SI-HU2007-2013 (168.2k)<\/a><a class=\"link_doc\" href=\"http:\/\/www.si-hu.eu\/si2\/wp-content\/uploads\/2015\/09\/Nalepka%20za%20ovojnico%20_C%C3%ADmke_4.doc\" target=\"_blank\">Cimke (31k)<\/a><\/p>\n<p>&nbsp;<\/p>\n","protected":false},"excerpt":{"rendered":"<p>Mell\u00e9kletek a felt\u00e9telesen j\u00f3v\u00e1hagyott p\u00e1ly\u00e1zatokhoz A Szlov\u00e9nia \u2013 Magyarorsz\u00e1g Operat\u00edv Program 2007-2013 m\u00e1sodik p\u00e1ly\u00e1zati felh\u00edv\u00e1s\u00e1nak keret\u00e9ben a K\u00f6z\u00f6s Monitoring Bizotts\u00e1g egyes p\u00e1ly\u00e1zatokat tov\u00e1bbi felt\u00e9telek megjel\u00f6l\u00e9s\u00e9vel hagyott j\u00f3v\u00e1. A k\u00f6vetkez\u0151 dokumentumokat sz\u00fcks\u00e9ges megfelel\u0151en kit\u00f6lteni \u00e9s beny\u00fajtani a SI-HU 2007-2013 K\u00f6z\u00f6s Technikai Titk\u00e1rs\u00e1g\u00e1ra a megadott hat\u00e1rid\u0151n bel\u00fcl: &#8211; Nyilatkozat csek\u00e9ly \u00f6sszeg\u0171 (\u201eDe Minimis\u201d) t\u00e1mogat\u00e1sr\u00f3l. &#8211; Kit\u00f6lt\u00f6tt P\u00e1ly\u00e1zati &hellip; <a href=\"http:\/\/www.si-hu.eu\/hu\/palyazatok\/2-palyazati-felhivas\/\" class=\"more-link\">Preberi ve\u010d <span class=\"screen-reader-text\">2. P\u00e1ly\u00e1zati felh\u00edv\u00e1s<\/span> <span class=\"meta-nav\">&rarr;<\/span><\/a><\/p>\n","protected":false},"author":1,"featured_media":0,"parent":100,"menu_order":0,"comment_status":"closed","ping_status":"closed","template":"","meta":{"ngg_post_thumbnail":0},"_links":{"self":[{"href":"http:\/\/www.si-hu.eu\/hu\/wp-json\/wp\/v2\/pages\/143"}],"collection":[{"href":"http:\/\/www.si-hu.eu\/hu\/wp-json\/wp\/v2\/pages"}],"about":[{"href":"http:\/\/www.si-hu.eu\/hu\/wp-json\/wp\/v2\/types\/page"}],"author":[{"embeddable":true,"href":"http:\/\/www.si-hu.eu\/hu\/wp-json\/wp\/v2\/users\/1"}],"replies":[{"embeddable":true,"href":"http:\/\/www.si-hu.eu\/hu\/wp-json\/wp\/v2\/comments?post=143"}],"version-history":[{"count":1,"href":"http:\/\/www.si-hu.eu\/hu\/wp-json\/wp\/v2\/pages\/143\/revisions"}],"predecessor-version":[{"id":144,"href":"http:\/\/www.si-hu.eu\/hu\/wp-json\/wp\/v2\/pages\/143\/revisions\/144"}],"up":[{"embeddable":true,"href":"http:\/\/www.si-hu.eu\/hu\/wp-json\/wp\/v2\/pages\/100"}],"wp:attachment":[{"href":"http:\/\/www.si-hu.eu\/hu\/wp-json\/wp\/v2\/media?parent=143"}],"curies":[{"name":"wp","href":"https:\/\/api.w.org\/{rel}","templated":true}]}}