{"id":161,"date":"2015-08-26T10:47:11","date_gmt":"2015-08-26T09:47:11","guid":{"rendered":"http:\/\/www.si-hu.eu\/si2\/si-huhu\/?page_id=161"},"modified":"2015-08-26T10:47:11","modified_gmt":"2015-08-26T09:47:11","slug":"a-masodik-palyazati-felhivas-kereteben-elfogadott-palyazatok-listaja-op-si-hu","status":"publish","type":"page","link":"http:\/\/www.si-hu.eu\/hu\/projektek\/a-masodik-palyazati-felhivas-kereteben-elfogadott-palyazatok-listaja-op-si-hu\/","title":{"rendered":"A m\u00e1sodik p\u00e1ly\u00e1zati felh\u00edv\u00e1s keret\u00e9ben elfogadott p\u00e1ly\u00e1zatok list\u00e1ja OP SI-HU"},"content":{"rendered":"<p>A Szlov\u00e9n K\u00f6zt\u00e1rsas\u00e1g \u00d6nkorm\u00e1nyzati \u00e9s Ter\u00fcletfejleszt\u00e9si Korm\u00e1nyhivatala \u2013 mint a Szlov\u00e9nia-Magyarorsz\u00e1g Operat\u00edv Program 2007-2013 Ir\u00e1ny\u00edt\u00f3 Hat\u00f3s\u00e1ga \u2013 k\u00f6zz\u00e9teszi a m\u00e1sodik p\u00e1ly\u00e1zati felh\u00edv\u00e1s keret\u00e9ben elfogadott p\u00e1ly\u00e1zatok list\u00e1j\u00e1t.<\/p>\n<p><a class=\"link_pdf\" href=\"http:\/\/www.si-hu.eu\/si2\/wp-content\/uploads\/2015\/09\/A%20M%C3%81SODIK%20P%C3%81LY%C3%81ZATI%20FELH%C3%8DV%C3%81S%20KERET%C3%89BEN%20FELT%C3%89TELESEN%20J%C3%93V%C3%81HAGYOTT%20P%C3%81LY%C3%81ZATOK%20LIST%C3%81JA%20OP%20SI-HU.pdf\" target=\"_blank\">A M\u00e1sodik p\u00e1y\u00e1zati felh\u00edvas keret\u00e9ben felt\u00e9telesen j\u00f3v\u00e1hagyott p\u00e1y\u00e1zatok listj\u00e1a OP SI-HU (890.8k)<\/a><\/p>\n<p><a class=\"link_pdf\" href=\"http:\/\/www.si-hu.eu\/si2\/wp-content\/uploads\/2015\/09\/A_M%C3%81SODIK_P%C3%81LY%C3%81ZATI_FELH%C3%8DV%C3%81S_KERET%C3%89BEN_AL%C3%81%C3%8DRT_T%C3%81MOGAT%C3%81SI_SZERZ%C5%90D%C3%89SSEL_RENDELKEZ%C5%90_PROJEKTEK_LIST%C3%81JA.pdf\" target=\"_blank\">T\u00e1mogat\u00e1si Szerz\u0151d\u00e9ssel rendelkez\u0151 projktek list\u00e1ja (443.8k)<\/a><\/p>\n","protected":false},"excerpt":{"rendered":"<p>A Szlov\u00e9n K\u00f6zt\u00e1rsas\u00e1g \u00d6nkorm\u00e1nyzati \u00e9s Ter\u00fcletfejleszt\u00e9si Korm\u00e1nyhivatala \u2013 mint a Szlov\u00e9nia-Magyarorsz\u00e1g Operat\u00edv Program 2007-2013 Ir\u00e1ny\u00edt\u00f3 Hat\u00f3s\u00e1ga \u2013 k\u00f6zz\u00e9teszi a m\u00e1sodik p\u00e1ly\u00e1zati felh\u00edv\u00e1s keret\u00e9ben elfogadott p\u00e1ly\u00e1zatok list\u00e1j\u00e1t. A M\u00e1sodik p\u00e1y\u00e1zati felh\u00edvas keret\u00e9ben felt\u00e9telesen j\u00f3v\u00e1hagyott p\u00e1y\u00e1zatok listj\u00e1a OP SI-HU (890.8k) T\u00e1mogat\u00e1si Szerz\u0151d\u00e9ssel rendelkez\u0151 projktek list\u00e1ja (443.8k)<\/p>\n","protected":false},"author":1,"featured_media":0,"parent":102,"menu_order":0,"comment_status":"closed","ping_status":"closed","template":"","meta":{"ngg_post_thumbnail":0},"_links":{"self":[{"href":"http:\/\/www.si-hu.eu\/hu\/wp-json\/wp\/v2\/pages\/161"}],"collection":[{"href":"http:\/\/www.si-hu.eu\/hu\/wp-json\/wp\/v2\/pages"}],"about":[{"href":"http:\/\/www.si-hu.eu\/hu\/wp-json\/wp\/v2\/types\/page"}],"author":[{"embeddable":true,"href":"http:\/\/www.si-hu.eu\/hu\/wp-json\/wp\/v2\/users\/1"}],"replies":[{"embeddable":true,"href":"http:\/\/www.si-hu.eu\/hu\/wp-json\/wp\/v2\/comments?post=161"}],"version-history":[{"count":1,"href":"http:\/\/www.si-hu.eu\/hu\/wp-json\/wp\/v2\/pages\/161\/revisions"}],"predecessor-version":[{"id":162,"href":"http:\/\/www.si-hu.eu\/hu\/wp-json\/wp\/v2\/pages\/161\/revisions\/162"}],"up":[{"embeddable":true,"href":"http:\/\/www.si-hu.eu\/hu\/wp-json\/wp\/v2\/pages\/102"}],"wp:attachment":[{"href":"http:\/\/www.si-hu.eu\/hu\/wp-json\/wp\/v2\/media?parent=161"}],"curies":[{"name":"wp","href":"https:\/\/api.w.org\/{rel}","templated":true}]}}