{"id":197,"date":"2015-08-26T11:11:26","date_gmt":"2015-08-26T10:11:26","guid":{"rendered":"http:\/\/www.si-hu.eu\/si2\/si-huhu\/?page_id=197"},"modified":"2015-08-26T11:11:26","modified_gmt":"2015-08-26T10:11:26","slug":"a-program-intezmenyei","status":"publish","type":"page","link":"http:\/\/www.si-hu.eu\/hu\/rolunk\/a-program-intezmenyei\/","title":{"rendered":"A program int\u00e9zm\u00e9nyei"},"content":{"rendered":"<p><b>IR\u00c1NY\u00cdT\u00d3 HAT\u00d3S\u00c1G (IH)<\/b><br \/>\nSlu\u017eba Vlade Republike Slovenije za razvoj in evropsko kohezijsko politiko<br \/>\nUrad za evropsko teritorialno sodelovanje in finan\u010dne mehanizme<br \/>\nSektor za upravljanje \u010dezmejnih programov<br \/>\nTrubarjeva 11<br \/>\nSI-2000 Maribor<br \/>\nProgramvezet\u0151: Ale\u0161 Mrkela<br \/>\nTel: + 386 (0)1 400 3158<br \/>\nFax: + 386 (0)2 234 1050<\/p>\n<p><b>K\u00d6Z\u00d6S TECHNIKAI TITK\u00c1RS\u00c1G (KTT)<\/b><br \/>\nSlu\u017eba Vlade Republike Slovenije za razvoj in evropsko kohezijsko politiko<br \/>\nUrad za evropsko teritorialno sodelovanje in finan\u010dne mehanizme<br \/>\nSektor za upravljanje \u010dezmejnih programov<br \/>\nTrubarjeva 11<br \/>\nSI-2000 Maribor<br \/>\nTel: + 386 (0)1 400 3160<br \/>\nFax: + 386 (0)2 234 1050<br \/>\ne-mail: <span id=\"eeEncEmail_xUnAwmcPZk\"><a href=\"mailto:jts-si-hu.svlr@gov.si\">jts-si-hu.svlr@gov.si<\/a><\/span><\/p>\n<p><b>IGAZ\u00d3L\u00d3 HAT\u00d3S\u00c1G (IgH)<\/b><br \/>\nJavni sklad Republike Slovenije<br \/>\nza regionalni razvoj in razvoj pode\u017eelja<br \/>\n\u0160krab\u010dev trg 9a<br \/>\n1310 Ribnica<br \/>\nTel: + 386 (0)1 836 19 53<br \/>\nFax: + 386 (0)1 836 19 56<\/p>\n<p><b>ELLEN\u0150RZ\u0150 HAT\u00d3S\u00c1G (EH)<\/b><br \/>\nMinistrstvo za finance<br \/>\nUrad za nadzor prora\u010duna<br \/>\nFajfarjeva 33<br \/>\nSI-1000 Ljubljana<br \/>\nTel: + 386 (0)1 369 69 00<br \/>\nFax: + 386 (0)1 369 69 14<\/p>\n<p><b>NEMZETI HAT\u00d3S\u00c1G (NH)<\/b><br \/>\n<b>Slovenia:<\/b><br \/>\nSlu\u017eba Vlade Republike Slovenije za razvoj in evropsko kohezijsko politiko<br \/>\nUrad za evropsko teritorialno sodelovanje in finan\u010dne mehanizme<br \/>\nSektor za mednarodne zadeve in nacionalne organe<br \/>\nKotnikova 5, SI-1000 Ljubljana \/ Trubarjeva 11, SI-2000 Maribor<br \/>\nTel: +386 (0)1 400 3169<br \/>\nTel: +386 (0)1 400 3145<br \/>\nTel: +386 (0)1 400 3148<\/p>\n<p><b>Hungary:<\/b><br \/>\nMinisztereln\u00f6ks\u00e9g<br \/>\nWessel\u00e9nyi u. 20-22., 1077 Budapest<br \/>\nTel: +36 (06) 1-474-9269<br \/>\nFax: +36 (06) 1-474-9201<\/p>\n<p><b>K\u00d6Z\u00d6S MONITORING BIZOTTS\u00c1G (KMB)<\/b><br \/>\nPermanent member<br \/>\nObservers<br \/>\nAdvisors<\/p>\n","protected":false},"excerpt":{"rendered":"<p>IR\u00c1NY\u00cdT\u00d3 HAT\u00d3S\u00c1G (IH) Slu\u017eba Vlade Republike Slovenije za razvoj in evropsko kohezijsko politiko Urad za evropsko teritorialno sodelovanje in finan\u010dne mehanizme Sektor za upravljanje \u010dezmejnih programov Trubarjeva 11 SI-2000 Maribor Programvezet\u0151: Ale\u0161 Mrkela Tel: + 386 (0)1 400 3158 Fax: + 386 (0)2 234 1050 K\u00d6Z\u00d6S TECHNIKAI TITK\u00c1RS\u00c1G (KTT) Slu\u017eba Vlade Republike Slovenije za razvoj &hellip; <a href=\"http:\/\/www.si-hu.eu\/hu\/rolunk\/a-program-intezmenyei\/\" class=\"more-link\">Preberi ve\u010d <span class=\"screen-reader-text\">A program int\u00e9zm\u00e9nyei<\/span> <span class=\"meta-nav\">&rarr;<\/span><\/a><\/p>\n","protected":false},"author":1,"featured_media":0,"parent":104,"menu_order":0,"comment_status":"closed","ping_status":"closed","template":"","meta":{"ngg_post_thumbnail":0},"_links":{"self":[{"href":"http:\/\/www.si-hu.eu\/hu\/wp-json\/wp\/v2\/pages\/197"}],"collection":[{"href":"http:\/\/www.si-hu.eu\/hu\/wp-json\/wp\/v2\/pages"}],"about":[{"href":"http:\/\/www.si-hu.eu\/hu\/wp-json\/wp\/v2\/types\/page"}],"author":[{"embeddable":true,"href":"http:\/\/www.si-hu.eu\/hu\/wp-json\/wp\/v2\/users\/1"}],"replies":[{"embeddable":true,"href":"http:\/\/www.si-hu.eu\/hu\/wp-json\/wp\/v2\/comments?post=197"}],"version-history":[{"count":1,"href":"http:\/\/www.si-hu.eu\/hu\/wp-json\/wp\/v2\/pages\/197\/revisions"}],"predecessor-version":[{"id":198,"href":"http:\/\/www.si-hu.eu\/hu\/wp-json\/wp\/v2\/pages\/197\/revisions\/198"}],"up":[{"embeddable":true,"href":"http:\/\/www.si-hu.eu\/hu\/wp-json\/wp\/v2\/pages\/104"}],"wp:attachment":[{"href":"http:\/\/www.si-hu.eu\/hu\/wp-json\/wp\/v2\/media?parent=197"}],"curies":[{"name":"wp","href":"https:\/\/api.w.org\/{rel}","templated":true}]}}