{"id":246,"date":"2015-09-29T20:50:26","date_gmt":"2015-09-29T19:50:26","guid":{"rendered":"http:\/\/www.si-hu.eu\/si2\/hu\/?page_id=246"},"modified":"2015-09-29T20:50:26","modified_gmt":"2015-09-29T19:50:26","slug":"projektindito-rendezveny-a-naprej-elore-rovid-cimu-projektben","status":"publish","type":"page","link":"http:\/\/www.si-hu.eu\/hu\/projektindito-rendezveny-a-naprej-elore-rovid-cimu-projektben\/","title":{"rendered":"Projektind\u00edt\u00f3 rendezv\u00e9ny a \u00bb!Naprej-!El\u0151re\u00ab r\u00f6vid c\u00edm\u0171 projektben"},"content":{"rendered":"<p>2011. okt\u00f3ber 12-\u00e9n Muraszombatban, a Hotel Diana-ban ker\u00fclt megrendez\u00e9sre a &#8220;!Naprej-!El\u0151re&#8221; projekt projektind\u00edt\u00f3 esem\u00e9nye. A projekt a Szlov\u00e9nia-Magyarorsz\u00e1g Operat\u00edv Program 2007-2013 m\u00e1sodik p\u00e1ly\u00e1zati felh\u00edv\u00e1s\u00e1nak keret\u00e9ben ker\u00fclt j\u00f3v\u00e1hagy\u00e1sra.<\/p>\n","protected":false},"excerpt":{"rendered":"<p>2011. okt\u00f3ber 12-\u00e9n Muraszombatban, a Hotel Diana-ban ker\u00fclt megrendez\u00e9sre a &#8220;!Naprej-!El\u0151re&#8221; projekt projektind\u00edt\u00f3 esem\u00e9nye. A projekt a Szlov\u00e9nia-Magyarorsz\u00e1g Operat\u00edv Program 2007-2013 m\u00e1sodik p\u00e1ly\u00e1zati felh\u00edv\u00e1s\u00e1nak keret\u00e9ben ker\u00fclt j\u00f3v\u00e1hagy\u00e1sra.<\/p>\n","protected":false},"author":1,"featured_media":0,"parent":0,"menu_order":0,"comment_status":"closed","ping_status":"closed","template":"","meta":{"ngg_post_thumbnail":0},"_links":{"self":[{"href":"http:\/\/www.si-hu.eu\/hu\/wp-json\/wp\/v2\/pages\/246"}],"collection":[{"href":"http:\/\/www.si-hu.eu\/hu\/wp-json\/wp\/v2\/pages"}],"about":[{"href":"http:\/\/www.si-hu.eu\/hu\/wp-json\/wp\/v2\/types\/page"}],"author":[{"embeddable":true,"href":"http:\/\/www.si-hu.eu\/hu\/wp-json\/wp\/v2\/users\/1"}],"replies":[{"embeddable":true,"href":"http:\/\/www.si-hu.eu\/hu\/wp-json\/wp\/v2\/comments?post=246"}],"version-history":[{"count":1,"href":"http:\/\/www.si-hu.eu\/hu\/wp-json\/wp\/v2\/pages\/246\/revisions"}],"predecessor-version":[{"id":247,"href":"http:\/\/www.si-hu.eu\/hu\/wp-json\/wp\/v2\/pages\/246\/revisions\/247"}],"wp:attachment":[{"href":"http:\/\/www.si-hu.eu\/hu\/wp-json\/wp\/v2\/media?parent=246"}],"curies":[{"name":"wp","href":"https:\/\/api.w.org\/{rel}","templated":true}]}}