{"id":1058,"date":"2017-01-19T07:52:10","date_gmt":"2017-01-19T06:52:10","guid":{"rendered":"http:\/\/www.si-hu.eu\/hu2\/?page_id=1058"},"modified":"2017-01-31T09:59:48","modified_gmt":"2017-01-31T08:59:48","slug":"4-monitoring-bizottsagi-ules","status":"publish","type":"page","link":"http:\/\/www.si-hu.eu\/hu2\/o-nas\/nadzorni-odbor\/4-monitoring-bizottsagi-ules\/","title":{"rendered":"4. Monitoring Bizotts\u00e1gi \u00fcl\u00e9s"},"content":{"rendered":"<div id='layer_slider_1'  class='avia-layerslider main_color avia-shadow  avia-builder-el-0  el_before_av_one_full  avia-builder-el-first  container_wrap sidebar_right'  style='height: 151px;'  ><div id=\"layerslider_4_1e4nwuysej4y\" class=\"ls-wp-container fitvidsignore\" style=\"width:1600px;height:150px;margin:0 auto;margin-bottom: 0px;\"><div class=\"ls-slide\" data-ls=\"duration:5000;\"><img width=\"2048\" height=\"321\" src=\"http:\/\/www.si-hu.eu\/hu2\/wp-content\/uploads\/sites\/10\/layerslider\/ENSubSlider\/Clouds.jpg\" class=\"ls-bg\" alt=\"\" srcset=\"http:\/\/www.si-hu.eu\/hu2\/wp-content\/uploads\/sites\/10\/layerslider\/ENSubSlider\/Clouds.jpg 2048w, http:\/\/www.si-hu.eu\/hu2\/wp-content\/uploads\/sites\/10\/layerslider\/ENSubSlider\/Clouds-300x47.jpg 300w, http:\/\/www.si-hu.eu\/hu2\/wp-content\/uploads\/sites\/10\/layerslider\/ENSubSlider\/Clouds-1030x161.jpg 1030w, http:\/\/www.si-hu.eu\/hu2\/wp-content\/uploads\/sites\/10\/layerslider\/ENSubSlider\/Clouds-600x94.jpg 600w, http:\/\/www.si-hu.eu\/hu2\/wp-content\/uploads\/sites\/10\/layerslider\/ENSubSlider\/Clouds-1500x235.jpg 1500w, http:\/\/www.si-hu.eu\/hu2\/wp-content\/uploads\/sites\/10\/layerslider\/ENSubSlider\/Clouds-705x111.jpg 705w, http:\/\/www.si-hu.eu\/hu2\/wp-content\/uploads\/sites\/10\/layerslider\/ENSubSlider\/Clouds-450x71.jpg 450w\" sizes=\"(max-width: 2048px) 100vw, 2048px\" \/><h2 style=\"padding-top:10px;padding-right:10px;padding-bottom:10px;padding-left:10px;color:#ffffff;background:#436f4d;border-radius:15px;top:80px;left:40px;\" class=\"ls-l ls-text-layer\" data-ls=\"offsetxin:80;offsetxout:-80;durationout:400;parallaxlevel:0;\">Interreg V-A Szlov&eacute;nia-Magyarorsz&aacute;g Egy&uuml;ttm&#369;k&ouml;d&eacute;si Program<\/h2><\/div><div class=\"ls-slide\" data-ls=\"duration:4000;\"><img width=\"1600\" height=\"150\" src=\"http:\/\/www.si-hu.eu\/hu2\/wp-content\/uploads\/sites\/10\/layerslider\/ENSubSlider\/lipa.png\" class=\"ls-bg\" alt=\"\" srcset=\"http:\/\/www.si-hu.eu\/hu2\/wp-content\/uploads\/sites\/10\/layerslider\/ENSubSlider\/lipa.png 1600w, http:\/\/www.si-hu.eu\/hu2\/wp-content\/uploads\/sites\/10\/layerslider\/ENSubSlider\/lipa-300x28.png 300w, http:\/\/www.si-hu.eu\/hu2\/wp-content\/uploads\/sites\/10\/layerslider\/ENSubSlider\/lipa-1030x97.png 1030w, http:\/\/www.si-hu.eu\/hu2\/wp-content\/uploads\/sites\/10\/layerslider\/ENSubSlider\/lipa-600x56.png 600w, http:\/\/www.si-hu.eu\/hu2\/wp-content\/uploads\/sites\/10\/layerslider\/ENSubSlider\/lipa-1500x141.png 1500w, http:\/\/www.si-hu.eu\/hu2\/wp-content\/uploads\/sites\/10\/layerslider\/ENSubSlider\/lipa-705x66.png 705w, http:\/\/www.si-hu.eu\/hu2\/wp-content\/uploads\/sites\/10\/layerslider\/ENSubSlider\/lipa-450x42.png 450w\" sizes=\"(max-width: 1600px) 100vw, 1600px\" \/><h2 style=\"padding-top:10px;padding-right:10px;padding-bottom:10px;padding-left:10px;color:#ffffff;background:#436f4d;border-radius:15px;top:25px;left:600px;\" class=\"ls-l ls-text-layer\" data-ls=\"offsetxin:80;offsetxout:-80;durationout:400;parallaxlevel:0;\">Interreg V-A Szlov&eacute;nia-Magyarorsz&aacute;g Egy&uuml;ttm&#369;k&ouml;d&eacute;si Program<\/h2><\/div><\/div><\/div><div id='after_layer_slider_1'  class='main_color av_default_container_wrap container_wrap sidebar_right'  ><div class='container av-section-cont-open' ><div class='template-page content  av-content-small alpha units'><div class='post-entry post-entry-type-page post-entry-1058'><div class='entry-content-wrapper clearfix'>\n\n<style type=\"text\/css\" data-created_by=\"avia_inline_auto\" id=\"style-css-av-av_one_full-352b07ef7d3bc99b2e9f92e7a9e06bdb\">\n.flex_column.av-av_one_full-352b07ef7d3bc99b2e9f92e7a9e06bdb{\nborder-radius:0px 0px 0px 0px;\n-webkit-border-radius:0px 0px 0px 0px;\n-moz-border-radius:0px 0px 0px 0px;\n}\n<\/style>\n<div class='flex_column av-av_one_full-352b07ef7d3bc99b2e9f92e7a9e06bdb av_one_full  avia-builder-el-1  el_after_av_layerslider  avia-builder-el-no-sibling  first flex_column_div av-zero-column-padding '   ><section  class='av_textblock_section av-av_textblock-0366cc7376be6c9e82a3e9cc8987b64f'  itemscope=\"itemscope\" itemtype=\"https:\/\/schema.org\/CreativeWork\" ><div class='avia_textblock'  itemprop=\"text\" ><h3><strong><span style=\"color: #008000;\"><a href=\"http:\/\/www.si-hu.eu\/hu2\/wp-content\/uploads\/sites\/10\/2017\/01\/4.SNO_.jpg\"><img loading=\"lazy\" class=\"alignleft size-medium wp-image-1074\" src=\"http:\/\/www.si-hu.eu\/hu2\/wp-content\/uploads\/sites\/10\/2017\/01\/4.SNO_-300x195.jpg\" alt=\"\" height=\"195\" width=\"300\" srcset=\"http:\/\/www.si-hu.eu\/hu2\/wp-content\/uploads\/sites\/10\/2017\/01\/4.SNO_-300x195.jpg 300w, http:\/\/www.si-hu.eu\/hu2\/wp-content\/uploads\/sites\/10\/2017\/01\/4.SNO_-768x499.jpg 768w, http:\/\/www.si-hu.eu\/hu2\/wp-content\/uploads\/sites\/10\/2017\/01\/4.SNO_-1030x670.jpg 1030w, http:\/\/www.si-hu.eu\/hu2\/wp-content\/uploads\/sites\/10\/2017\/01\/4.SNO_-600x390.jpg 600w, http:\/\/www.si-hu.eu\/hu2\/wp-content\/uploads\/sites\/10\/2017\/01\/4.SNO_-705x458.jpg 705w, http:\/\/www.si-hu.eu\/hu2\/wp-content\/uploads\/sites\/10\/2017\/01\/4.SNO_-450x293.jpg 450w, http:\/\/www.si-hu.eu\/hu2\/wp-content\/uploads\/sites\/10\/2017\/01\/4.SNO_.jpg 1200w\" sizes=\"(max-width: 300px) 100vw, 300px\" \/><\/a>4. Monitoring Bizotts\u00e1gi \u00fcl\u00e9s<\/span> <\/strong><\/h3>\n<p>A 4. Monitoring Bizotts\u00e1gi \u00fcl\u00e9sre 2017. janu\u00e1r 16-\u00e1n, Gosztol\u00e1n, Magyarorsz\u00e1gon ker\u00fclt sor.&nbsp;<\/p>\n<p>A Monitoring Bizotts\u00e1g tagjai t\u00e1j\u00e9koztat\u00e1st kaptak a jelenlegi program kijel\u00f6l\u00e9si elj\u00e1r\u00e1s\u00e1r\u00f3l \u00e9s az OP SI-HU 2007-2013 program z\u00e1r\u00e1s\u00e1r\u00f3l.&nbsp;&nbsp;<\/p>\n<p>Ezt k\u00f6vet\u0151en az MB tagjai folytatt\u00e1k a 3. Monitoring Bizotts\u00e1gi \u00fcl\u00e9sen megkezdett d\u00f6nt\u00e9shozatali elj\u00e1r\u00e1st a 2. beny\u00fajt\u00e1si k\u00f6rre be\u00e9rkezett p\u00e1ly\u00e1zatokr\u00f3l. A Monitoring Bizotts\u00e1g megt\u00e1rgyalt \u00e9s j\u00f3v\u00e1hagyott 5 projektet, elhalasztott 5 projektet valamint elutas\u00edtott 22 projektek.&nbsp;&nbsp;&nbsp;<\/p>\n<p>Az MB tagjai meg\u00e1llapodtak abban, hogy az Interreg V-A SI-HU EP 2014-2020 kiv\u00e1laszt\u00e1si folyamat\u00e1t nem v\u00e1ltoztatj\u00e1k meg \u00e9s d\u00f6nt\u00f6ttek arr\u00f3l, hogy a p\u00e1ly\u00e1zatok 3. beny\u00fajt\u00e1si hat\u00e1rideje 2017. \u00e1prilis 11.<\/p>\n<p>A d\u00f6nt\u00e9sek a csatolt dokumentumban tal\u00e1lhat\u00f3k.<\/p>\n<p><a href=\"http:\/\/www.si-hu.eu\/hu2\/wp-content\/uploads\/sites\/10\/2017\/01\/DONTES_4.-MB.pdf\">D\u00d6NT\u00c9S_4. MB<\/a><\/p>\n<\/div><\/section><\/div>\n","protected":false},"excerpt":{"rendered":"","protected":false},"author":7,"featured_media":648,"parent":133,"menu_order":0,"comment_status":"closed","ping_status":"closed","template":"","meta":{"ngg_post_thumbnail":0},"acf":[],"_links":{"self":[{"href":"http:\/\/www.si-hu.eu\/hu2\/wp-json\/wp\/v2\/pages\/1058"}],"collection":[{"href":"http:\/\/www.si-hu.eu\/hu2\/wp-json\/wp\/v2\/pages"}],"about":[{"href":"http:\/\/www.si-hu.eu\/hu2\/wp-json\/wp\/v2\/types\/page"}],"author":[{"embeddable":true,"href":"http:\/\/www.si-hu.eu\/hu2\/wp-json\/wp\/v2\/users\/7"}],"replies":[{"embeddable":true,"href":"http:\/\/www.si-hu.eu\/hu2\/wp-json\/wp\/v2\/comments?post=1058"}],"version-history":[{"count":4,"href":"http:\/\/www.si-hu.eu\/hu2\/wp-json\/wp\/v2\/pages\/1058\/revisions"}],"predecessor-version":[{"id":1073,"href":"http:\/\/www.si-hu.eu\/hu2\/wp-json\/wp\/v2\/pages\/1058\/revisions\/1073"}],"up":[{"embeddable":true,"href":"http:\/\/www.si-hu.eu\/hu2\/wp-json\/wp\/v2\/pages\/133"}],"wp:featuredmedia":[{"embeddable":true,"href":"http:\/\/www.si-hu.eu\/hu2\/wp-json\/wp\/v2\/media\/648"}],"wp:attachment":[{"href":"http:\/\/www.si-hu.eu\/hu2\/wp-json\/wp\/v2\/media?parent=1058"}],"curies":[{"name":"wp","href":"https:\/\/api.w.org\/{rel}","templated":true}]}}