{"id":1191,"date":"2017-03-20T10:01:36","date_gmt":"2017-03-20T09:01:36","guid":{"rendered":"http:\/\/www.si-hu.eu\/hu2\/?page_id=1191"},"modified":"2017-03-20T10:01:36","modified_gmt":"2017-03-20T09:01:36","slug":"palyazoknak-szolo-workshop-a-palyazatok-harmadik-benyujtasi-hataridejenek-kereteben","status":"publish","type":"page","link":"http:\/\/www.si-hu.eu\/hu2\/palyazoknak-szolo-workshop-a-palyazatok-harmadik-benyujtasi-hataridejenek-kereteben\/","title":{"rendered":"P\u00e1ly\u00e1z\u00f3knak sz\u00f3l\u00f3 workshop a p\u00e1ly\u00e1zatok harmadik beny\u00fajt\u00e1si hat\u00e1ridej\u00e9nek keret\u00e9ben"},"content":{"rendered":"<div id='layer_slider_1'  class='avia-layerslider main_color avia-shadow  avia-builder-el-0  el_before_av_heading  avia-builder-el-first  container_wrap sidebar_right'  style='height: 471px;'  ><div id=\"layerslider_3_qcv8qsr8cbxu\" class=\"ls-wp-container fitvidsignore\" style=\"width:100%;height:470px;margin:0 auto;margin-bottom: 0px;\"><div class=\"ls-slide\" data-ls=\"duration:7000;transition2d:11,13,23;transition3d:all;\"><img width=\"1900\" height=\"600\" src=\"http:\/\/www.si-hu.eu\/hu2\/wp-content\/uploads\/sites\/10\/2015\/10\/slide-intereg-hu.jpg\" class=\"ls-bg\" alt=\"\" srcset=\"http:\/\/www.si-hu.eu\/hu2\/wp-content\/uploads\/sites\/10\/2015\/10\/slide-intereg-hu.jpg 1900w, http:\/\/www.si-hu.eu\/hu2\/wp-content\/uploads\/sites\/10\/2015\/10\/slide-intereg-hu-300x95.jpg 300w, http:\/\/www.si-hu.eu\/hu2\/wp-content\/uploads\/sites\/10\/2015\/10\/slide-intereg-hu-1030x325.jpg 1030w, http:\/\/www.si-hu.eu\/hu2\/wp-content\/uploads\/sites\/10\/2015\/10\/slide-intereg-hu-600x189.jpg 600w, http:\/\/www.si-hu.eu\/hu2\/wp-content\/uploads\/sites\/10\/2015\/10\/slide-intereg-hu-1500x474.jpg 1500w, http:\/\/www.si-hu.eu\/hu2\/wp-content\/uploads\/sites\/10\/2015\/10\/slide-intereg-hu-705x223.jpg 705w, http:\/\/www.si-hu.eu\/hu2\/wp-content\/uploads\/sites\/10\/2015\/10\/slide-intereg-hu-450x142.jpg 450w\" sizes=\"(max-width: 1900px) 100vw, 1900px\" \/><h2 style=\"padding-top:10px;padding-right:10px;padding-bottom:10px;padding-left:10px;color:#ffffff;background:#436f4d;border-radius:15px;top:140px;left:120px;\" class=\"ls-l ls-text-layer\" data-ls=\"offsetxin:80;offsetxout:-80;durationout:400;parallaxlevel:0;\">Interreg V-A Szlov&eacute;nia-Magyarorsz&aacute;g Egy&uuml;ttm&#369;k&ouml;d&eacute;si Program<\/h2><\/div><div class=\"ls-slide\" data-ls=\"duration:8000;\"><img width=\"1900\" height=\"600\" src=\"http:\/\/www.si-hu.eu\/hu2\/wp-content\/uploads\/sites\/10\/2015\/10\/slide-intereg-hu_02.jpg\" class=\"ls-bg\" alt=\"\" srcset=\"http:\/\/www.si-hu.eu\/hu2\/wp-content\/uploads\/sites\/10\/2015\/10\/slide-intereg-hu_02.jpg 1900w, http:\/\/www.si-hu.eu\/hu2\/wp-content\/uploads\/sites\/10\/2015\/10\/slide-intereg-hu_02-300x95.jpg 300w, http:\/\/www.si-hu.eu\/hu2\/wp-content\/uploads\/sites\/10\/2015\/10\/slide-intereg-hu_02-1030x325.jpg 1030w, http:\/\/www.si-hu.eu\/hu2\/wp-content\/uploads\/sites\/10\/2015\/10\/slide-intereg-hu_02-600x189.jpg 600w, http:\/\/www.si-hu.eu\/hu2\/wp-content\/uploads\/sites\/10\/2015\/10\/slide-intereg-hu_02-1500x474.jpg 1500w, http:\/\/www.si-hu.eu\/hu2\/wp-content\/uploads\/sites\/10\/2015\/10\/slide-intereg-hu_02-705x223.jpg 705w, http:\/\/www.si-hu.eu\/hu2\/wp-content\/uploads\/sites\/10\/2015\/10\/slide-intereg-hu_02-450x142.jpg 450w\" sizes=\"(max-width: 1900px) 100vw, 1900px\" \/><h2 style=\"padding-top:10px;padding-right:10px;padding-bottom:10px;padding-left:10px;color:#ffffff;background:#436f4d;top:140px;left:120px;\" class=\"ls-l ls-text-layer\" data-ls=\"offsetxin:80;offsetxout:-80;durationout:400;parallaxlevel:0;\">Interreg V-A Szlov&eacute;nia-Magyarorsz&aacute;g Egy&uuml;ttm&#369;k&ouml;d&eacute;si Program<\/h2><\/div><\/div><\/div><div id='after_layer_slider_1'  class='main_color av_default_container_wrap container_wrap sidebar_right'  ><div class='container av-section-cont-open' ><div class='template-page content  av-content-small alpha units'><div class='post-entry post-entry-type-page post-entry-1191'><div class='entry-content-wrapper clearfix'>\n\n<style type=\"text\/css\" data-created_by=\"avia_inline_auto\" id=\"style-css-av-av_heading-64e325c5ded3c025965c988c7cfd078e\">\n#top .av-special-heading.av-av_heading-64e325c5ded3c025965c988c7cfd078e{\npadding-bottom:10px;\n}\nbody .av-special-heading.av-av_heading-64e325c5ded3c025965c988c7cfd078e .av-special-heading-tag .heading-char{\nfont-size:25px;\n}\n.av-special-heading.av-av_heading-64e325c5ded3c025965c988c7cfd078e .av-subheading{\nfont-size:15px;\n}\n<\/style>\n<div  class='av-special-heading av-av_heading-64e325c5ded3c025965c988c7cfd078e av-special-heading-h3  avia-builder-el-1  el_after_av_layerslider  el_before_av_one_third  avia-builder-el-first '><h3 class='av-special-heading-tag'  itemprop=\"headline\"  >P\u00e1ly\u00e1z\u00f3knak sz\u00f3l\u00f3 workshop a p\u00e1ly\u00e1zatok harmadik beny\u00fajt\u00e1si hat\u00e1ridej\u00e9nek keret\u00e9ben<\/h3><div class=\"special-heading-border\"><div class=\"special-heading-inner-border\"><\/div><\/div><\/div>\n\n<style type=\"text\/css\" data-created_by=\"avia_inline_auto\" id=\"style-css-av-av_one_third-352b07ef7d3bc99b2e9f92e7a9e06bdb\">\n.flex_column.av-av_one_third-352b07ef7d3bc99b2e9f92e7a9e06bdb{\nborder-radius:0px 0px 0px 0px;\n-webkit-border-radius:0px 0px 0px 0px;\n-moz-border-radius:0px 0px 0px 0px;\n}\n<\/style>\n<div class='flex_column av-av_one_third-352b07ef7d3bc99b2e9f92e7a9e06bdb av_one_third  avia-builder-el-2  el_after_av_heading  el_before_av_two_third  first flex_column_div av-zero-column-padding '   ><section  class='av_textblock_section av-av_textblock-0366cc7376be6c9e82a3e9cc8987b64f'  itemscope=\"itemscope\" itemtype=\"https:\/\/schema.org\/CreativeWork\" ><div class='avia_textblock'  itemprop=\"text\" ><p><a href=\"http:\/\/www.si-hu.eu\/hu2\/wp-content\/uploads\/sites\/10\/2017\/03\/collage_si_hu.jpg\"><img loading=\"lazy\" class=\"aligncenter size-large wp-image-1113\" src=\"http:\/\/www.si-hu.eu\/hu2\/wp-content\/uploads\/sites\/10\/2017\/03\/collage_si_hu-1030x721.jpg\" alt=\"\" height=\"721\" width=\"1030\" srcset=\"http:\/\/www.si-hu.eu\/hu2\/wp-content\/uploads\/sites\/10\/2017\/03\/collage_si_hu-1030x721.jpg 1030w, http:\/\/www.si-hu.eu\/hu2\/wp-content\/uploads\/sites\/10\/2017\/03\/collage_si_hu-300x210.jpg 300w, http:\/\/www.si-hu.eu\/hu2\/wp-content\/uploads\/sites\/10\/2017\/03\/collage_si_hu-768x538.jpg 768w, http:\/\/www.si-hu.eu\/hu2\/wp-content\/uploads\/sites\/10\/2017\/03\/collage_si_hu-600x420.jpg 600w, http:\/\/www.si-hu.eu\/hu2\/wp-content\/uploads\/sites\/10\/2017\/03\/collage_si_hu-705x494.jpg 705w, http:\/\/www.si-hu.eu\/hu2\/wp-content\/uploads\/sites\/10\/2017\/03\/collage_si_hu-450x315.jpg 450w, http:\/\/www.si-hu.eu\/hu2\/wp-content\/uploads\/sites\/10\/2017\/03\/collage_si_hu.jpg 1200w\" sizes=\"(max-width: 1030px) 100vw, 1030px\" \/><\/a><\/p>\n<p>F\u00e9nyk\u00e9pek a Zalaegerszeg (Magyarorsz\u00e1g) megtartott workshopr\u00f3l \u2013 2017. <u>m\u00e1rcius 2-\u00e1n<\/u>.<\/p>\n<\/div><\/section><\/div>\n\n<style type=\"text\/css\" data-created_by=\"avia_inline_auto\" id=\"style-css-av-av_two_third-2a64de42b738552fe666ca889af77e28\">\n.flex_column.av-av_two_third-2a64de42b738552fe666ca889af77e28{\nborder-radius:0px 0px 0px 0px;\n-webkit-border-radius:0px 0px 0px 0px;\n-moz-border-radius:0px 0px 0px 0px;\n}\n<\/style>\n<div class='flex_column av-av_two_third-2a64de42b738552fe666ca889af77e28 av_two_third  avia-builder-el-4  el_after_av_one_third  el_before_av_one_third  flex_column_div av-zero-column-padding '   ><section  class='av_textblock_section av-av_textblock-0366cc7376be6c9e82a3e9cc8987b64f'  itemscope=\"itemscope\" itemtype=\"https:\/\/schema.org\/CreativeWork\" ><div class='avia_textblock'  itemprop=\"text\" ><p>Az Interreg V-A Szlov\u00e9nia-Magyarorsz\u00e1g Egy\u00fcttm\u0171k\u00f6d\u00e9si Program 2014-2020 Ny\u00edlt P\u00e1ly\u00e1zati Felh\u00edv\u00e1s\u00e1nak keret\u00e9ben a harmadik beny\u00fajt\u00e1si hat\u00e1rid\u0151t megel\u0151z\u0151en egy workshop ker\u00fclt megrendez\u00e9sre a potenci\u00e1lis p\u00e1ly\u00e1z\u00f3k t\u00e1j\u00e9koztat\u00e1sa \u00e9rdek\u00e9ben.<\/p>\n<p>Az Interreg V-A Szlov\u00e9nia-Magyarorsz\u00e1g Egy\u00fcttm\u0171k\u00f6d\u00e9si Program 2014-2020 Ny\u00edlt P\u00e1ly\u00e1zati Felh\u00edv\u00e1s\u00e1nak harmadik beny\u00fajt\u00e1si hat\u00e1ridej\u00e9nek keret\u00e9ben megrendezett <span style=\"color: #008000;\">workshopra 2017. m\u00e1rcius 2-\u00e1n Magyarorsz\u00e1gon<\/span>, Zalaegerszegen ker\u00fclt sor.<\/p>\n<p>A workshop keret\u00e9ben az Ir\u00e1ny\u00edt\u00f3 Hat\u00f3s\u00e1g \u00e9s a K\u00f6z\u00f6s Titk\u00e1rs\u00e1g r\u00f6viden ismertette a r\u00e9sztvev\u0151kkel az Egy\u00fcttm\u0171k\u00f6d\u00e9si Programot, a Ny\u00edlt P\u00e1ly\u00e1zati Felh\u00edv\u00e1sra vonatkoz\u00f3 inform\u00e1ci\u00f3kat \u00e9s \u00f6sszegezte a leggyakoribb adminisztrat\u00edv hib\u00e1kat \u00e9s a projektek min\u0151s\u00e9g\u00e9vel kapcsolatos hib\u00e1kat, bemutatta a K\u00f6lts\u00e9gek elsz\u00e1molhat\u00f3s\u00e1g\u00e1ra vonatkoz\u00f3 szab\u00e1lyokat, a T\u00e1j\u00e9koztat\u00e1sra \u00e9s nyilv\u00e1noss\u00e1gra vonatkoz\u00f3 el\u0151\u00edr\u00e1sokat, a p\u00e1ly\u00e1zati formanyomtatv\u00e1ny mell\u00e9kleteit \u00e9s az elektronikus Monitoring Rendszert (eMS), amelyen kereszt\u00fcl ny\u00fajthatj\u00e1k be a p\u00e1ly\u00e1z\u00f3k a projektjavaslataikat. K\u00fcl\u00f6n hangs\u00falyt kapott a 2. priorit\u00e1si tengelyhez illeszked\u0151 projektek tartalmi\/min\u0151s\u00e9gi elk\u00e9sz\u00edt\u00e9s\u00e9re.<\/p>\n<p>A p\u00e1ly\u00e1zatok harmadik beny\u00fajt\u00e1si hat\u00e1rideje <span style=\"color: #008000;\">2017. \u00e1prilis 11-\u00e9n<\/span> j\u00e1r le. A k\u00f6vetkez\u0151, negyedik &nbsp;beny\u00fajt\u00e1si hat\u00e1rid\u0151 2018 elej\u00e9re v\u00e1rhat\u00f3.<\/p>\n<\/div><\/section><\/div>\n<style type=\"text\/css\" data-created_by=\"avia_inline_auto\" id=\"style-css-av-av_one_third-352b07ef7d3bc99b2e9f92e7a9e06bdb\">\n.flex_column.av-av_one_third-352b07ef7d3bc99b2e9f92e7a9e06bdb{\nborder-radius:0px 0px 0px 0px;\n-webkit-border-radius:0px 0px 0px 0px;\n-moz-border-radius:0px 0px 0px 0px;\n}\n<\/style>\n<div class='flex_column av-av_one_third-352b07ef7d3bc99b2e9f92e7a9e06bdb av_one_third  avia-builder-el-6  el_after_av_two_third  el_before_av_one_third  first flex_column_div av-zero-column-padding column-top-margin'   ><\/div><\/p>\n\n<style type=\"text\/css\" data-created_by=\"avia_inline_auto\" id=\"style-css-av-av_one_third-2a64de42b738552fe666ca889af77e28\">\n.flex_column.av-av_one_third-2a64de42b738552fe666ca889af77e28{\nborder-radius:0px 0px 0px 0px;\n-webkit-border-radius:0px 0px 0px 0px;\n-moz-border-radius:0px 0px 0px 0px;\n}\n<\/style>\n<div class='flex_column av-av_one_third-2a64de42b738552fe666ca889af77e28 av_one_third  avia-builder-el-7  el_after_av_one_third  el_before_av_one_third  flex_column_div av-zero-column-padding column-top-margin'   ><section  class='av_textblock_section av-av_textblock-0366cc7376be6c9e82a3e9cc8987b64f'  itemscope=\"itemscope\" itemtype=\"https:\/\/schema.org\/CreativeWork\" ><div class='avia_textblock'  itemprop=\"text\" ><p><strong>Meghivo<\/strong><\/p>\n<ul>\n<li><a href=\"http:\/\/www.si-hu.eu\/hu2\/wp-content\/uploads\/sites\/10\/2017\/03\/VABILO_MEGHIVO_2.3.2017.pdf\">VABILO_MEGHIVO_2.3.2017<\/a><\/li>\n<\/ul>\n<\/div><\/section><\/div>\n<style type=\"text\/css\" data-created_by=\"avia_inline_auto\" id=\"style-css-av-av_one_third-2a64de42b738552fe666ca889af77e28\">\n.flex_column.av-av_one_third-2a64de42b738552fe666ca889af77e28{\nborder-radius:0px 0px 0px 0px;\n-webkit-border-radius:0px 0px 0px 0px;\n-moz-border-radius:0px 0px 0px 0px;\n}\n<\/style>\n<div class='flex_column av-av_one_third-2a64de42b738552fe666ca889af77e28 av_one_third  avia-builder-el-9  el_after_av_one_third  avia-builder-el-last  flex_column_div av-zero-column-padding column-top-margin'   ><section  class='av_textblock_section av-av_textblock-0366cc7376be6c9e82a3e9cc8987b64f'  itemscope=\"itemscope\" itemtype=\"https:\/\/schema.org\/CreativeWork\" ><div class='avia_textblock'  itemprop=\"text\" ><p><strong>El\u0151ad\u00e1sok a m\u0171helyb\u0151l<\/strong><\/p>\n<ul>\n<li><a href=\"http:\/\/www.si-hu.eu\/hu2\/wp-content\/uploads\/sites\/10\/2017\/03\/EGYUTTMUKODESI-PROGRAM_PROGRAM-SODELOVANJA.pdf\">EGYUTTMUKODESI PROGRAM_PROGRAM SODELOVANJA<\/a><\/li>\n<li><a href=\"http:\/\/www.si-hu.eu\/hu2\/wp-content\/uploads\/sites\/10\/2017\/03\/PALYAZATI-FELHIVAS.pdf\">PALYAZATI FELHIVAS<\/a><\/li>\n<li><a href=\"http:\/\/www.si-hu.eu\/hu2\/wp-content\/uploads\/sites\/10\/2017\/03\/LEGGYAKORIBB-HIB\u00c1K.pdf\">LEGGYAKORIBB HIB\u00c1K<\/a><\/li>\n<li><a href=\"http:\/\/www.si-hu.eu\/hu2\/wp-content\/uploads\/sites\/10\/2017\/03\/TAJEKOZTATAS-ESKOMMUNIKACIO.pdf\">TAJEKOZTATAS ESKOMMUNIKACIO<\/a><\/li>\n<\/ul>\n<\/div><\/section><\/div><\/p>\n","protected":false},"excerpt":{"rendered":"","protected":false},"author":7,"featured_media":0,"parent":0,"menu_order":0,"comment_status":"closed","ping_status":"closed","template":"","meta":{"ngg_post_thumbnail":0},"acf":[],"_links":{"self":[{"href":"http:\/\/www.si-hu.eu\/hu2\/wp-json\/wp\/v2\/pages\/1191"}],"collection":[{"href":"http:\/\/www.si-hu.eu\/hu2\/wp-json\/wp\/v2\/pages"}],"about":[{"href":"http:\/\/www.si-hu.eu\/hu2\/wp-json\/wp\/v2\/types\/page"}],"author":[{"embeddable":true,"href":"http:\/\/www.si-hu.eu\/hu2\/wp-json\/wp\/v2\/users\/7"}],"replies":[{"embeddable":true,"href":"http:\/\/www.si-hu.eu\/hu2\/wp-json\/wp\/v2\/comments?post=1191"}],"version-history":[{"count":3,"href":"http:\/\/www.si-hu.eu\/hu2\/wp-json\/wp\/v2\/pages\/1191\/revisions"}],"predecessor-version":[{"id":1783,"href":"http:\/\/www.si-hu.eu\/hu2\/wp-json\/wp\/v2\/pages\/1191\/revisions\/1783"}],"wp:attachment":[{"href":"http:\/\/www.si-hu.eu\/hu2\/wp-json\/wp\/v2\/media?parent=1191"}],"curies":[{"name":"wp","href":"https:\/\/api.w.org\/{rel}","templated":true}]}}