{"id":120,"date":"2015-10-03T13:30:29","date_gmt":"2015-10-03T12:30:29","guid":{"rendered":"http:\/\/84.39.218.252\/si2\/?page_id=120"},"modified":"2022-09-02T06:37:07","modified_gmt":"2022-09-02T05:37:07","slug":"skupni-sekretariat","status":"publish","type":"page","link":"http:\/\/www.si-hu.eu\/hu2\/o-nas\/skupni-sekretariat\/","title":{"rendered":"Skupni sekretariat"},"content":{"rendered":"<div id='layer_slider_1'  class='avia-layerslider main_color avia-shadow  avia-builder-el-0  el_before_av_one_full  avia-builder-el-first  container_wrap sidebar_right'  style='height: 151px;'  ><div id=\"layerslider_4_hbovzxb34u8e\" class=\"ls-wp-container fitvidsignore\" style=\"width:1600px;height:150px;margin:0 auto;margin-bottom: 0px;\"><div class=\"ls-slide\" data-ls=\"duration:5000;\"><img width=\"2048\" height=\"321\" src=\"http:\/\/www.si-hu.eu\/hu2\/wp-content\/uploads\/sites\/10\/layerslider\/ENSubSlider\/Clouds.jpg\" class=\"ls-bg\" alt=\"\" srcset=\"http:\/\/www.si-hu.eu\/hu2\/wp-content\/uploads\/sites\/10\/layerslider\/ENSubSlider\/Clouds.jpg 2048w, http:\/\/www.si-hu.eu\/hu2\/wp-content\/uploads\/sites\/10\/layerslider\/ENSubSlider\/Clouds-300x47.jpg 300w, http:\/\/www.si-hu.eu\/hu2\/wp-content\/uploads\/sites\/10\/layerslider\/ENSubSlider\/Clouds-1030x161.jpg 1030w, http:\/\/www.si-hu.eu\/hu2\/wp-content\/uploads\/sites\/10\/layerslider\/ENSubSlider\/Clouds-600x94.jpg 600w, http:\/\/www.si-hu.eu\/hu2\/wp-content\/uploads\/sites\/10\/layerslider\/ENSubSlider\/Clouds-1500x235.jpg 1500w, http:\/\/www.si-hu.eu\/hu2\/wp-content\/uploads\/sites\/10\/layerslider\/ENSubSlider\/Clouds-705x111.jpg 705w, http:\/\/www.si-hu.eu\/hu2\/wp-content\/uploads\/sites\/10\/layerslider\/ENSubSlider\/Clouds-450x71.jpg 450w\" sizes=\"(max-width: 2048px) 100vw, 2048px\" \/><h2 style=\"padding-top:10px;padding-right:10px;padding-bottom:10px;padding-left:10px;color:#ffffff;background:#436f4d;border-radius:15px;top:80px;left:40px;\" class=\"ls-l ls-text-layer\" data-ls=\"offsetxin:80;offsetxout:-80;durationout:400;parallaxlevel:0;\">Interreg V-A Szlov&eacute;nia-Magyarorsz&aacute;g Egy&uuml;ttm&#369;k&ouml;d&eacute;si Program<\/h2><\/div><div class=\"ls-slide\" data-ls=\"duration:4000;\"><img width=\"1600\" height=\"150\" src=\"http:\/\/www.si-hu.eu\/hu2\/wp-content\/uploads\/sites\/10\/layerslider\/ENSubSlider\/lipa.png\" class=\"ls-bg\" alt=\"\" srcset=\"http:\/\/www.si-hu.eu\/hu2\/wp-content\/uploads\/sites\/10\/layerslider\/ENSubSlider\/lipa.png 1600w, http:\/\/www.si-hu.eu\/hu2\/wp-content\/uploads\/sites\/10\/layerslider\/ENSubSlider\/lipa-300x28.png 300w, http:\/\/www.si-hu.eu\/hu2\/wp-content\/uploads\/sites\/10\/layerslider\/ENSubSlider\/lipa-1030x97.png 1030w, http:\/\/www.si-hu.eu\/hu2\/wp-content\/uploads\/sites\/10\/layerslider\/ENSubSlider\/lipa-600x56.png 600w, http:\/\/www.si-hu.eu\/hu2\/wp-content\/uploads\/sites\/10\/layerslider\/ENSubSlider\/lipa-1500x141.png 1500w, http:\/\/www.si-hu.eu\/hu2\/wp-content\/uploads\/sites\/10\/layerslider\/ENSubSlider\/lipa-705x66.png 705w, http:\/\/www.si-hu.eu\/hu2\/wp-content\/uploads\/sites\/10\/layerslider\/ENSubSlider\/lipa-450x42.png 450w\" sizes=\"(max-width: 1600px) 100vw, 1600px\" \/><h2 style=\"padding-top:10px;padding-right:10px;padding-bottom:10px;padding-left:10px;color:#ffffff;background:#436f4d;border-radius:15px;top:25px;left:600px;\" class=\"ls-l ls-text-layer\" data-ls=\"offsetxin:80;offsetxout:-80;durationout:400;parallaxlevel:0;\">Interreg V-A Szlov&eacute;nia-Magyarorsz&aacute;g Egy&uuml;ttm&#369;k&ouml;d&eacute;si Program<\/h2><\/div><\/div><\/div><div id='after_layer_slider_1'  class='main_color av_default_container_wrap container_wrap sidebar_right'  ><div class='container av-section-cont-open' ><div class='template-page content  av-content-small alpha units'><div class='post-entry post-entry-type-page post-entry-120'><div class='entry-content-wrapper clearfix'>\n\n<style type=\"text\/css\" data-created_by=\"avia_inline_auto\" id=\"style-css-av-34u4z4-1ebc7c427e72946f58707153ec969121\">\n.flex_column.av-34u4z4-1ebc7c427e72946f58707153ec969121{\nborder-radius:0px 0px 0px 0px;\n-webkit-border-radius:0px 0px 0px 0px;\n-moz-border-radius:0px 0px 0px 0px;\n}\n<\/style>\n<div class='flex_column av-34u4z4-1ebc7c427e72946f58707153ec969121 av_one_full  avia-builder-el-1  el_after_av_layerslider  el_before_av_one_fourth  avia-builder-el-first  first flex_column_div av-zero-column-padding '   ><section  class='av_textblock_section av-2utow8-5bfdf36710489ae61bec10b3c13555b4'  itemscope=\"itemscope\" itemtype=\"https:\/\/schema.org\/CreativeWork\" ><div class='avia_textblock'  itemprop=\"text\" ><h3><strong>K\u00d6Z\u00d6S TITK\u00c1RS\u00c1G (KT)<\/strong><\/h3>\n<p><strong>Szlov\u00e9n K\u00f6zt\u00e1rsas\u00e1g Fejleszt\u00e9si \u00e9s Eur\u00f3pai Koh\u00e9zi\u00f3s Politik\u00e1\u00e9rt felel\u0151s Korm\u00e1nyhivatala<\/strong><\/p>\n<p><strong>Eur\u00f3pai Ter\u00fcleti Egy\u00fcttm\u0171k\u00f6d\u00e9sek\u00e9rt \u00e9s Finansz\u00edroz\u00e1si Mechanizmusok\u00e9rt felel\u0151s Iroda<\/strong><\/p>\n<p><strong>Hat\u00e1ron \u00c1tny\u00fal\u00f3 Egy\u00fcttm\u0171k\u00f6d\u00e9si Programok Ir\u00e1ny\u00edt\u00e1si Oszt\u00e1ly<\/strong><\/p>\n<p><strong>K\u00f6z\u00f6s Titk\u00e1rs\u00e1g Szlov\u00e9nia-Magyarorsz\u00e1g<\/strong><\/p>\n<p>Trubarjeva 11<\/p>\n<p>SI-2000 Maribor,&nbsp;Szlov\u00e9nia<\/p>\n<\/div><\/section><\/div>\n\n<style type=\"text\/css\" data-created_by=\"avia_inline_auto\" id=\"style-css-av-2t4ji8-f5d2cb81194b3f7873e9bbb656d30b9b\">\n.flex_column.av-2t4ji8-f5d2cb81194b3f7873e9bbb656d30b9b{\nborder-radius:0px 0px 0px 0px;\n-webkit-border-radius:0px 0px 0px 0px;\n-moz-border-radius:0px 0px 0px 0px;\n}\n<\/style>\n<div class='flex_column av-2t4ji8-f5d2cb81194b3f7873e9bbb656d30b9b av_one_fourth  avia-builder-el-3  el_after_av_one_full  el_before_av_one_fourth  first flex_column_div av-zero-column-padding column-top-margin'   ><section  class='avia-team-member av-92geo-e5bceb8db6b7ca950a793bbf273d27ab  avia-builder-el-4  avia-builder-el-no-sibling '  itemscope=\"itemscope\" itemtype=\"https:\/\/schema.org\/Person\" ><div class=\"team-img-container\"><img width=\"495\" height=\"400\" class='wp-image-1025 avia-img-lazy-loading-not-1025 avia_image avia_image_team' src=\"http:\/\/www.si-hu.eu\/hu2\/wp-content\/uploads\/sites\/10\/2016\/12\/jasmina-495x400.jpg\" alt='M.Sc. Jasmina Litrop'  itemprop=\"image\" srcset=\"http:\/\/www.si-hu.eu\/hu2\/wp-content\/uploads\/sites\/10\/2016\/12\/jasmina-495x400.jpg 495w, http:\/\/www.si-hu.eu\/hu2\/wp-content\/uploads\/sites\/10\/2016\/12\/jasmina-845x684.jpg 845w\" sizes=\"(max-width: 495px) 100vw, 495px\" \/><\/div><h3 class='team-member-name '  itemprop=\"name\" >M.Sc. Jasmina Litrop<\/h3><div class='team-member-job-title '  itemprop=\"jobTitle\" >A K\u00f6z\u00f6s Titk\u00e1rs\u00e1g vezet\u0151je<\/div><div class='team-member-description '  itemprop=\"description\" ><p>Tel: +386 (0)1 400 3162<br \/>\nE-mail: jasmina.litrop@gov.si<br \/>\nE-mail: si-hu.svrk@gov.si<\/p>\n<\/div><span class='hidden team-member-affiliation'  itemprop=\"affiliation\" >HU Interreg V-A Slovenia-Hungary<\/span><\/section><\/div>\n\n<style type=\"text\/css\" data-created_by=\"avia_inline_auto\" id=\"style-css-av-8wlrc-a4fd88e076dadd50ae7d812a22c2888f\">\n.flex_column.av-8wlrc-a4fd88e076dadd50ae7d812a22c2888f{\nborder-radius:0px 0px 0px 0px;\n-webkit-border-radius:0px 0px 0px 0px;\n-moz-border-radius:0px 0px 0px 0px;\n}\n<\/style>\n<div class='flex_column av-8wlrc-a4fd88e076dadd50ae7d812a22c2888f av_one_fourth  avia-builder-el-5  el_after_av_one_fourth  el_before_av_one_fourth  flex_column_div av-zero-column-padding column-top-margin'   ><section  class='avia-team-member av-2atiyw-f34e681ded64bb06a4162025c0133ae0  avia-builder-el-6  avia-builder-el-no-sibling '  itemscope=\"itemscope\" itemtype=\"https:\/\/schema.org\/Person\" ><div class=\"team-img-container\"><img width=\"495\" height=\"400\" class='wp-image-1023 avia-img-lazy-loading-not-1023 avia_image avia_image_team' src=\"http:\/\/www.si-hu.eu\/hu2\/wp-content\/uploads\/sites\/10\/2016\/12\/anita2-495x400.jpg\" alt='Anita Plevnik'  itemprop=\"image\" srcset=\"http:\/\/www.si-hu.eu\/hu2\/wp-content\/uploads\/sites\/10\/2016\/12\/anita2-495x400.jpg 495w, http:\/\/www.si-hu.eu\/hu2\/wp-content\/uploads\/sites\/10\/2016\/12\/anita2-845x684.jpg 845w\" sizes=\"(max-width: 495px) 100vw, 495px\" \/><\/div><h3 class='team-member-name '  itemprop=\"name\" >Anita Plevnik<\/h3><div class='team-member-job-title '  itemprop=\"jobTitle\" >Szerz\u0151d\u00e9s menedzser<\/div><div class='team-member-description '  itemprop=\"description\" ><p>Tel: +386 (0)1 400 3160<br \/>\nE-mail: anita.plevnik@gov.si<br \/>\nE-mail: si-hu.svrk@gov.si<\/p>\n<\/div><span class='hidden team-member-affiliation'  itemprop=\"affiliation\" >HU Interreg V-A Slovenia-Hungary<\/span><\/section><\/div>\n\n<style type=\"text\/css\" data-created_by=\"avia_inline_auto\" id=\"style-css-av-20h8yo-e87317d0793bb0312964633e58f2600b\">\n.flex_column.av-20h8yo-e87317d0793bb0312964633e58f2600b{\nborder-radius:0px 0px 0px 0px;\n-webkit-border-radius:0px 0px 0px 0px;\n-moz-border-radius:0px 0px 0px 0px;\n}\n<\/style>\n<div class='flex_column av-20h8yo-e87317d0793bb0312964633e58f2600b av_one_fourth  avia-builder-el-7  el_after_av_one_fourth  el_before_av_one_fourth  flex_column_div av-zero-column-padding column-top-margin'   ><section  class='avia-team-member av-1yqnvk-6076605d2fd7d76efad43987b5912088  avia-builder-el-8  avia-builder-el-no-sibling '  itemscope=\"itemscope\" itemtype=\"https:\/\/schema.org\/Person\" ><div class=\"team-img-container\"><img width=\"495\" height=\"400\" class='wp-image-1024 avia-img-lazy-loading-not-1024 avia_image avia_image_team' src=\"http:\/\/www.si-hu.eu\/hu2\/wp-content\/uploads\/sites\/10\/2016\/12\/eva-495x400.jpg\" alt='PhD Katja \u0160nuderl'  itemprop=\"image\"  \/><\/div><h3 class='team-member-name '  itemprop=\"name\" >PhD Katja \u0160nuderl<\/h3><div class='team-member-job-title '  itemprop=\"jobTitle\" >Szerz\u0151d\u00e9s menedzser<\/div><div class='team-member-description '  itemprop=\"description\" ><p>Tel: +386 (0)1 400 3164<br \/>\nE-mail: katja.snuderl2@gov.si<br \/>\nE-mail: si-hu.svrk@gov.si<\/p>\n<\/div><span class='hidden team-member-affiliation'  itemprop=\"affiliation\" >HU Interreg V-A Slovenia-Hungary<\/span><\/section><\/div>\n\n<style type=\"text\/css\" data-created_by=\"avia_inline_auto\" id=\"style-css-av-1sep34-746f1f36d189122c32afc4c6bf22c8fa\">\n.flex_column.av-1sep34-746f1f36d189122c32afc4c6bf22c8fa{\nborder-radius:0px 0px 0px 0px;\n-webkit-border-radius:0px 0px 0px 0px;\n-moz-border-radius:0px 0px 0px 0px;\n}\n<\/style>\n<div class='flex_column av-1sep34-746f1f36d189122c32afc4c6bf22c8fa av_one_fourth  avia-builder-el-9  el_after_av_one_fourth  el_before_av_one_fourth  flex_column_div av-zero-column-padding column-top-margin'   ><section  class='avia-team-member av-1jw0yo-26226b3e4e9c5b9be2b3eaadc1ffe6ad  avia-builder-el-10  avia-builder-el-no-sibling '  itemscope=\"itemscope\" itemtype=\"https:\/\/schema.org\/Person\" ><div class=\"team-img-container\"><img width=\"495\" height=\"400\" class='wp-image-1022 avia-img-lazy-loading-not-1022 avia_image avia_image_team' src=\"http:\/\/www.si-hu.eu\/hu2\/wp-content\/uploads\/sites\/10\/2016\/12\/andras-495x400.jpg\" alt='Zakar Andr\u00e1s'  itemprop=\"image\" srcset=\"http:\/\/www.si-hu.eu\/hu2\/wp-content\/uploads\/sites\/10\/2016\/12\/andras-495x400.jpg 495w, http:\/\/www.si-hu.eu\/hu2\/wp-content\/uploads\/sites\/10\/2016\/12\/andras-845x684.jpg 845w\" sizes=\"(max-width: 495px) 100vw, 495px\" \/><\/div><h3 class='team-member-name '  itemprop=\"name\" >Zakar Andr\u00e1s<\/h3><div class='team-member-job-title '  itemprop=\"jobTitle\" >Szerz\u0151d\u00e9s menedzser<\/div><div class='team-member-description '  itemprop=\"description\" ><p>Tel: +386 (0)1 400 3102<br \/>\nE-mail: andras.zakar@gov.si<br \/>\nE-mail: si-hu.svrk@gov.si<\/p>\n<\/div><span class='hidden team-member-affiliation'  itemprop=\"affiliation\" >HU Interreg V-A Slovenia-Hungary<\/span><\/section><\/div>\n\n<style type=\"text\/css\" data-created_by=\"avia_inline_auto\" id=\"style-css-av-54s3k-846d6997a8529c8c70b57ef62761c0d6\">\n.flex_column.av-54s3k-846d6997a8529c8c70b57ef62761c0d6{\nborder-radius:0px 0px 0px 0px;\n-webkit-border-radius:0px 0px 0px 0px;\n-moz-border-radius:0px 0px 0px 0px;\n}\n<\/style>\n<div class='flex_column av-54s3k-846d6997a8529c8c70b57ef62761c0d6 av_one_fourth  avia-builder-el-11  el_after_av_one_fourth  el_before_av_one_fourth  first flex_column_div av-zero-column-padding column-top-margin'   ><section  class='avia-team-member av-1amvwo-a8cd6867b4aad45944d8f17ede37b0af  avia-builder-el-12  avia-builder-el-no-sibling '  itemscope=\"itemscope\" itemtype=\"https:\/\/schema.org\/Person\" ><div class=\"team-img-container\"><img width=\"495\" height=\"400\" class='wp-image-1021 avia-img-lazy-loading-not-1021 avia_image avia_image_team' src=\"http:\/\/www.si-hu.eu\/hu2\/wp-content\/uploads\/sites\/10\/2016\/12\/aggi-495x400.jpg\" alt='Gomb\u00e1s \u00c1gnes'  itemprop=\"image\" srcset=\"http:\/\/www.si-hu.eu\/hu2\/wp-content\/uploads\/sites\/10\/2016\/12\/aggi-495x400.jpg 495w, http:\/\/www.si-hu.eu\/hu2\/wp-content\/uploads\/sites\/10\/2016\/12\/aggi-845x684.jpg 845w\" sizes=\"(max-width: 495px) 100vw, 495px\" \/><\/div><h3 class='team-member-name '  itemprop=\"name\" >Gomb\u00e1s \u00c1gnes<\/h3><div class='team-member-job-title '  itemprop=\"jobTitle\" >INFOPONT MAGYARORSZ\u00c1GON - Zalaegerszegen<\/div><div class='team-member-description '  itemprop=\"description\" ><p>Sz\u00e9chenyi Programiroda Nonprofit Kft.<br \/>\nPet\u0151fi S\u00e1ndor utca 24.<br \/>\nHU-8900 Zalaegerszeg<br \/>\nTel. +36 (06)92 511-070<br \/>\nE-mail: gombas.agnes@szechenyiprogramiroda.hu<br \/>\nE-mail: si-hu.ip@szechenyiprogramiroda.hu<\/p>\n<\/div><span class='hidden team-member-affiliation'  itemprop=\"affiliation\" >HU Interreg V-A Slovenia-Hungary<\/span><\/section><\/div>\n\n<style type=\"text\/css\" data-created_by=\"avia_inline_auto\" id=\"style-css-av-av_one_fourth-3b23f8e6fda9ada887e5408ce3a289e8\">\n.flex_column.av-av_one_fourth-3b23f8e6fda9ada887e5408ce3a289e8{\nborder-radius:0px 0px 0px 0px;\n-webkit-border-radius:0px 0px 0px 0px;\n-moz-border-radius:0px 0px 0px 0px;\n}\n<\/style>\n<div class='flex_column av-av_one_fourth-3b23f8e6fda9ada887e5408ce3a289e8 av_one_fourth  avia-builder-el-13  el_after_av_one_fourth  el_before_av_one_half  flex_column_div av-zero-column-padding column-top-margin'   ><section  class='avia-team-member av-l7k1lmen-ff76a73deaf9f81138830a066e2fd967  avia-builder-el-14  avia-builder-el-no-sibling '  itemscope=\"itemscope\" itemtype=\"https:\/\/schema.org\/Person\" ><div class=\"team-img-container\"><img width=\"300\" height=\"242\" class='wp-image-2404 avia-img-lazy-loading-not-2404 avia_image avia_image_team' src=\"http:\/\/www.si-hu.eu\/hu2\/wp-content\/uploads\/sites\/10\/2015\/10\/eva-1-495x400-300x242.jpg\" alt='Anita Tak\u00e1cs '  itemprop=\"image\" srcset=\"http:\/\/www.si-hu.eu\/hu2\/wp-content\/uploads\/sites\/10\/2015\/10\/eva-1-495x400-300x242.jpg 300w, http:\/\/www.si-hu.eu\/hu2\/wp-content\/uploads\/sites\/10\/2015\/10\/eva-1-495x400-450x364.jpg 450w, http:\/\/www.si-hu.eu\/hu2\/wp-content\/uploads\/sites\/10\/2015\/10\/eva-1-495x400.jpg 495w\" sizes=\"(max-width: 300px) 100vw, 300px\" \/><\/div><h3 class='team-member-name '  itemprop=\"name\" >Anita Tak\u00e1cs <\/h3><div class='team-member-job-title '  itemprop=\"jobTitle\" >INFOPONT MAGYARORSZ\u00c1GON - Szombathely<\/div><div class='team-member-description '  itemprop=\"description\" ><p>Sz\u00e9chenyi Programiroda Nonprofit Kft.<br \/>\nF\u0151 t\u00e9r 15<br \/>\nH-9700 Szombathely<br \/>\nTel. +36 20 959 1669<br \/>\nE-mail: Takacs.Anita.Terezia@szechenyiprogramiroda.hu<br \/>\nE-mail: si-hu.ip@szechenyiprogramiroda.hu<\/p>\n<\/div><span class='hidden team-member-affiliation'  itemprop=\"affiliation\" >HU Interreg V-A Slovenia-Hungary<\/span><\/section><\/div>\n<style type=\"text\/css\" data-created_by=\"avia_inline_auto\" id=\"style-css-av-rzs6o-bb7dfb7da4b6863caaa50eaeb55e4e08\">\n.flex_column.av-rzs6o-bb7dfb7da4b6863caaa50eaeb55e4e08{\nborder-radius:0px 0px 0px 0px;\n-webkit-border-radius:0px 0px 0px 0px;\n-moz-border-radius:0px 0px 0px 0px;\n}\n<\/style>\n<div class='flex_column av-rzs6o-bb7dfb7da4b6863caaa50eaeb55e4e08 av_one_half  avia-builder-el-15  el_after_av_one_fourth  el_before_av_one_full  flex_column_div av-zero-column-padding column-top-margin'   ><style type=\"text\/css\" data-created_by=\"avia_inline_auto\" id=\"style-css-av-7ixc-23052e32a83091ed121f68974d9221c0\">\n.avia-image-container.av-7ixc-23052e32a83091ed121f68974d9221c0 .av-caption-image-overlay-bg{\nopacity:0.4;\nbackground-color:#000000;\n}\n.avia-image-container.av-7ixc-23052e32a83091ed121f68974d9221c0 .av-image-caption-overlay-center{\ncolor:#ffffff;\n}\n<\/style>\n<div  class='avia-image-container av-7ixc-23052e32a83091ed121f68974d9221c0 av-styling- av-hover-grow avia-align-center  avia-builder-el-16  avia-builder-el-no-sibling  noHover av-overlay-on-hover'  itemprop=\"image\" itemscope=\"itemscope\" itemtype=\"https:\/\/schema.org\/ImageObject\" ><div class=\"avia-image-container-inner\"><div class=\"avia-image-overlay-wrap\"><div class=\"av-image-caption-overlay\"><div class=\"av-caption-image-overlay-bg\"><\/div><div class=\"av-image-caption-overlay-position\"><div class=\"av-image-caption-overlay-center\"><p>Programvezet\u0151 \/ Ir\u00e1ny\u00edt\u00f3 Hat\u00f3s\u00e1g \u00e9s K\u00f6z\u00f6s Titk\u00e1rs\u00e1g<br \/>\nInterreg V-A Szlov\u00e9nia-Magyarorsz\u00e1g<\/p>\n<\/div><\/div><\/div><img class='wp-image-1027 avia-img-lazy-loading-not-1027 avia_image' src=\"http:\/\/www.si-hu.eu\/hu2\/wp-content\/uploads\/sites\/10\/2016\/12\/si-hu.jpg\" alt='' title='Maribor.Urad za evropsko teritorialno sodelovanje in financne mehanizme.'  height=\"2000\" width=\"3000\"  itemprop=\"thumbnailUrl\" srcset=\"http:\/\/www.si-hu.eu\/hu2\/wp-content\/uploads\/sites\/10\/2016\/12\/si-hu.jpg 3000w, http:\/\/www.si-hu.eu\/hu2\/wp-content\/uploads\/sites\/10\/2016\/12\/si-hu-300x200.jpg 300w, http:\/\/www.si-hu.eu\/hu2\/wp-content\/uploads\/sites\/10\/2016\/12\/si-hu-768x512.jpg 768w, http:\/\/www.si-hu.eu\/hu2\/wp-content\/uploads\/sites\/10\/2016\/12\/si-hu-1030x687.jpg 1030w, http:\/\/www.si-hu.eu\/hu2\/wp-content\/uploads\/sites\/10\/2016\/12\/si-hu-600x400.jpg 600w, http:\/\/www.si-hu.eu\/hu2\/wp-content\/uploads\/sites\/10\/2016\/12\/si-hu-1500x1000.jpg 1500w, http:\/\/www.si-hu.eu\/hu2\/wp-content\/uploads\/sites\/10\/2016\/12\/si-hu-705x470.jpg 705w, http:\/\/www.si-hu.eu\/hu2\/wp-content\/uploads\/sites\/10\/2016\/12\/si-hu-450x300.jpg 450w\" sizes=\"(max-width: 3000px) 100vw, 3000px\" \/><\/div><\/div><\/div><\/div><\/p>\n\n<style type=\"text\/css\" data-created_by=\"avia_inline_auto\" id=\"style-css-av-f43a8-d2e46550d62361fff4fedc7295aade0c\">\n.flex_column.av-f43a8-d2e46550d62361fff4fedc7295aade0c{\nborder-radius:0px 0px 0px 0px;\n-webkit-border-radius:0px 0px 0px 0px;\n-moz-border-radius:0px 0px 0px 0px;\n}\n<\/style>\n<div class='flex_column av-f43a8-d2e46550d62361fff4fedc7295aade0c av_one_full  avia-builder-el-17  el_after_av_one_half  avia-builder-el-last  first flex_column_div av-zero-column-padding column-top-margin'   ><section  class='av_textblock_section av-bos8o-844f15ee7c934c36d36d665302fd4ea3'  itemscope=\"itemscope\" itemtype=\"https:\/\/schema.org\/CreativeWork\" ><div class='avia_textblock'  itemprop=\"text\" ><p>A KT a Szlov\u00e9n K\u00f6zt\u00e1rsas\u00e1g Fejleszt\u00e9si \u00e9s Eur\u00f3pai Koh\u00e9zi\u00f3s Politik\u00e1\u00e9rt Felel\u0151s Korm\u00e1nyhivatal\u00e1n bel\u00fcl ker\u00fcl elhelyez\u00e9sre (Hat\u00e1ron \u00c1tny\u00fal\u00f3 Egy\u00fcttm\u0171k\u00f6d\u00e9si Programok Ir\u00e1ny\u00edt\u00e1si F\u0151oszt\u00e1ly) \u00e9s az IH \u00e1ll\u00edtja fel. A KT fel\u00e1ll\u00edt\u00e1s\u00e1nak \u00e9s m\u0171k\u00f6d\u00e9s\u00e9nek k\u00f6lts\u00e9gei a program TS k\u00f6lts\u00e9gvet\u00e9s\u00e9b\u0151l, az IH munkaterv\u00e9nek megfelel\u0151en ker\u00fclnek finansz\u00edroz\u00e1sra.<\/p>\n<p>A KT-n k\u00fcl\u00f6nb\u00f6z\u0151 feladatk\u00f6r\u00f6ket ell\u00e1t\u00f3, a k\u00e9t r\u00e9sztvev\u0151 orsz\u00e1gb\u00f3l sz\u00e1rmaz\u00f3 koll\u00e9g\u00e1k dolgoznak, akiket a k\u00e9t tag\u00e1llam k\u00f6z\u00f6sen finansz\u00edroz a technikai seg\u00edts\u00e9gny\u00fajt\u00e1s keret\u00e9ben, \u00edgy a k\u00f6z\u00f6s alkalmaz\u00e1s biztos\u00edtott.<\/p>\n<p>A KT feladata, hogy el\u0151seg\u00edtse az egyszer\u0171 \u00e9s kieg\u00e9sz\u00edt\u0151 projektek k\u00f6z\u00f6tti koordin\u00e1ci\u00f3t. A KT a Szlov\u00e9n K\u00f6zt\u00e1rsas\u00e1g Fejleszt\u00e9si \u00e9s Eur\u00f3pai Koh\u00e9zi\u00f3s Politik\u00e1\u00e9rt Felel\u0151s Korm\u00e1nyhivatal\u00e1n bel\u00fcl m\u0171k\u00f6dik \u00e9s k\u00e9t telephelye (Infopontja) ker\u00fcl fel\u00e1ll\u00edt\u00e1sra Magyarorsz\u00e1gon. A KT teljes \u00e1llom\u00e1ny\u00e1t a KT vezet\u0151je ir\u00e1ny\u00edtja, aki funkcion\u00e1lisan f\u00fcggetlen az IH-t\u00f3l \u00e9s m\u00e1s programszervezetekt\u0151l, ahogy az az Ir\u00e1ny\u00edt\u00e1si \u00e9s Ellen\u0151rz\u00e9si Rendszerben le\u00edr\u00e1sra ker\u00fcl.<\/p>\n<p>A KT feladatai \u2013 t\u00f6bbek k\u00f6z\u00f6tt \u2013 a k\u00f6vetkez\u0151k:<\/p>\n<ul>\n<li>t\u00e1mogatja az IH-t \u00e9s az MB-t a programmal kapcsolatos feladataik ell\u00e1t\u00e1sa sor\u00e1n;<\/li>\n<li>inform\u00e1ci\u00f3t ad a lehets\u00e9ges kedvezm\u00e9nyezetteknek a projektkidolgoz\u00e1shoz a program t\u00e1mogat\u00e1si lehet\u0151s\u00e9geir\u0151l;<\/li>\n<li>elv\u00e9gzi a beny\u00fajtott p\u00e1ly\u00e1zatok adminisztrat\u00edv, jogosults\u00e1gi \u00e9s min\u0151s\u00e9gi vizsg\u00e1lat\u00e1t;<\/li>\n<li>haszn\u00e1lja az Arachne rendszert, hogy \u00e9rt\u00e9kelje a p\u00e1ly\u00e1zok p\u00e9nz\u00fcgyi kapacit\u00e1s\u00e1t \u00e9s hogy eleget tegyen a csal\u00e1s elleni int\u00e9zked\u00e9sekkel kapcsolatos k\u00f6vetelm\u00e9nyeknek;<\/li>\n<li>a potenci\u00e1lis p\u00e1ly\u00e1z\u00f3k r\u00e9sz\u00e9re workshopokat szervez;<\/li>\n<li>seg\u00edti a kedvezm\u00e9nyezetteket a projektv\u00e9grehajt\u00e1s sor\u00e1n;<\/li>\n<li>seg\u00edti a Vezet\u0151 Kedvezm\u00e9nyezettet a kifizet\u00e9si k\u00e9relmek el\u0151k\u00e9sz\u00edt\u00e9s\u00e9ben;<\/li>\n<li>koordin\u00e1lja \u00e9s r\u00e9szt vesz az \u00c9ves V\u00e9grehajt\u00e1si Jelent\u00e9s kidolgoz\u00e1s\u00e1ban valamint beny\u00fajtja az IH-hoz \u00e9s a MB-hez.<\/li>\n<li>a tal\u00e1lkoz\u00f3k \u00e9s esem\u00e9nyek el\u0151k\u00e9sz\u00edt\u00e9s\u00e9ben programszinten seg\u00edts\u00e9get ny\u00fajt;<\/li>\n<li>p\u00e9nz\u00fcgyi, fizikai \u00e9s statisztikai adatokat gy\u0171jt, melyek sz\u00fcks\u00e9gesek a program monitoringj\u00e1hoz \u00e9s az id\u0151k\u00f6zi, valamint z\u00e1r\u00f3 v\u00e9grehajt\u00e1si jelent\u00e9sekhez;<\/li>\n<li>biztos\u00edtja a k\u00fcls\u0151 feladatok \u00e9s szolg\u00e1ltat\u00e1sok adminisztrat\u00edv ir\u00e1ny\u00edt\u00e1s\u00e1t;<\/li>\n<li>biztos\u00edtja a monitoring \u00e9s inform\u00e1ci\u00f3s rendszer (e-MS) megfelel\u0151 m\u0171k\u00f6d\u00e9s\u00e9t \u00e9s fenntart\u00e1s\u00e1t;<\/li>\n<li>koordin\u00e1lja a projekt\u00e9rt\u00e9kel\u00e9s folyamat\u00e1t, egyedi esetekben k\u00fcls\u0151 szak\u00e9rt\u0151kkel val\u00f3 szerz\u0151d\u00e9sk\u00f6t\u00e9sen kereszt\u00fcl;<\/li>\n<li>biztos\u00edtja az inform\u00e1ci\u00f3s \u00e9s nyilv\u00e1noss\u00e1ggal kapcsolatos feladatok koordin\u00e1ci\u00f3j\u00e1t \u00e9s ut\u00e1nk\u00f6vet\u00e9s\u00e9t programszinten, ide \u00e9rtve a program weboldal\u00e1nak fenntart\u00e1s\u00e1t a kommunik\u00e1ci\u00f3s strat\u00e9gi\u00e1nak megfelel\u0151en;<\/li>\n<li>r\u00e9szt vesz az EB, az INTERACT \u00e9s vagy Nemzeti szervezetek kommunik\u00e1ci\u00f3s kezdem\u00e9nyez\u00e9seiben;<\/li>\n<li>a programv\u00e9grehajt\u00e1s sor\u00e1n, illetve azt k\u00f6vet\u0151en koordin\u00e1lja az \u00e9rt\u00e9kel\u00e9seket.<\/li>\n<\/ul>\n<p>INFO PONT:<\/p>\n<p style=\"text-align: justify;\">Az IH a program nemzeti, region\u00e1lis \u00e9s helyi szint\u0171 k\u00e9pviselete \u00e9rdek\u00e9ben Magyarorsz\u00e1g ter\u00fclet\u00e9n Infopontokat (IP) \u00e1ll\u00edt fel \u00e9s m\u0171k\u00f6dtet. Az IPk a KT \u00e1llom\u00e1ny\u00e1hoz tartoznak. Az IP-ket a KT vezet\u0151je ir\u00e1ny\u00edtja a munkaterveknek megfelel\u0151en. Az IPk kiemelt szerepet j\u00e1tszanak az IH, NHk \u00e9s a potenci\u00e1lis p\u00e1ly\u00e1z\u00f3k k\u00f6z\u00f6tti kapcsolattart\u00e1sban. Az IPk t\u00e1j\u00e9koztatj\u00e1k a lehets\u00e9ges p\u00e1ly\u00e1z\u00f3kat a ki\u00edr\u00e1sokr\u00f3l, tan\u00e1csot adnak \u00e9s seg\u00edts\u00e9get ny\u00fajtanak a kedvezm\u00e9nyezetteknek a m\u00e1r elfogadott projektek eset\u00e9ben, t\u00e1j\u00e9koztatj\u00e1k a szerepl\u0151ket a program eredm\u00e9nyeir\u0151l \u00e9s t\u00e1mogatj\u00e1k a programmenedzsmentet \u00e9s a KT-t. Az IPk emellett a magyar oldali monitoring l\u00e1togat\u00e1sok lefolytat\u00e1sa r\u00e9v\u00e9n seg\u00edtik a program v\u00e9grehajt\u00e1s\u00e1t. Az IPk fel\u00e1ll\u00edt\u00e1s\u00e1t \u00e9s tev\u00e9kenys\u00e9geit az IP-k munkaterv\u00e9nek megfelel\u0151en a program TS forr\u00e1s\u00e1b\u00f3l finansz\u00edrozz\u00e1k. A KT vezet\u0151je felel\u0151s az IP-k m\u0171k\u00f6d\u00e9s\u00e9\u00e9rt. Az int\u00e9zm\u00e9nyi szervez\u00e9st\u0151l f\u00fcggetlen\u00fcl az IPk a KT vezet\u0151j\u00e9nek teljes ir\u00e1ny\u00edt\u00e1sa alatt \u00e1llnak.<\/p>\n<\/div><\/section><\/div>\n","protected":false},"excerpt":{"rendered":"","protected":false},"author":3,"featured_media":0,"parent":114,"menu_order":0,"comment_status":"closed","ping_status":"closed","template":"","meta":{"ngg_post_thumbnail":0},"acf":[],"_links":{"self":[{"href":"http:\/\/www.si-hu.eu\/hu2\/wp-json\/wp\/v2\/pages\/120"}],"collection":[{"href":"http:\/\/www.si-hu.eu\/hu2\/wp-json\/wp\/v2\/pages"}],"about":[{"href":"http:\/\/www.si-hu.eu\/hu2\/wp-json\/wp\/v2\/types\/page"}],"author":[{"embeddable":true,"href":"http:\/\/www.si-hu.eu\/hu2\/wp-json\/wp\/v2\/users\/3"}],"replies":[{"embeddable":true,"href":"http:\/\/www.si-hu.eu\/hu2\/wp-json\/wp\/v2\/comments?post=120"}],"version-history":[{"count":12,"href":"http:\/\/www.si-hu.eu\/hu2\/wp-json\/wp\/v2\/pages\/120\/revisions"}],"predecessor-version":[{"id":5673,"href":"http:\/\/www.si-hu.eu\/hu2\/wp-json\/wp\/v2\/pages\/120\/revisions\/5673"}],"up":[{"embeddable":true,"href":"http:\/\/www.si-hu.eu\/hu2\/wp-json\/wp\/v2\/pages\/114"}],"wp:attachment":[{"href":"http:\/\/www.si-hu.eu\/hu2\/wp-json\/wp\/v2\/media?parent=120"}],"curies":[{"name":"wp","href":"https:\/\/api.w.org\/{rel}","templated":true}]}}