{"id":133,"date":"2015-10-03T13:44:20","date_gmt":"2015-10-03T12:44:20","guid":{"rendered":"http:\/\/84.39.218.252\/si2\/?page_id=133"},"modified":"2020-09-29T06:29:01","modified_gmt":"2020-09-29T05:29:01","slug":"nadzorni-odbor","status":"publish","type":"page","link":"http:\/\/www.si-hu.eu\/hu2\/o-nas\/nadzorni-odbor\/","title":{"rendered":"Nadzorni odbor"},"content":{"rendered":"<div id='layer_slider_1'  class='avia-layerslider main_color avia-shadow  avia-builder-el-0  el_before_av_one_fourth  avia-builder-el-first  container_wrap sidebar_right'  style='height: 151px;'  ><div id=\"layerslider_4_1g7m8b8fn64r1\" class=\"ls-wp-container fitvidsignore\" style=\"width:1600px;height:150px;margin:0 auto;margin-bottom: 0px;\"><div class=\"ls-slide\" data-ls=\"duration:5000;\"><img width=\"2048\" height=\"321\" src=\"http:\/\/www.si-hu.eu\/hu2\/wp-content\/uploads\/sites\/10\/layerslider\/ENSubSlider\/Clouds.jpg\" class=\"ls-bg\" alt=\"\" srcset=\"http:\/\/www.si-hu.eu\/hu2\/wp-content\/uploads\/sites\/10\/layerslider\/ENSubSlider\/Clouds.jpg 2048w, http:\/\/www.si-hu.eu\/hu2\/wp-content\/uploads\/sites\/10\/layerslider\/ENSubSlider\/Clouds-300x47.jpg 300w, http:\/\/www.si-hu.eu\/hu2\/wp-content\/uploads\/sites\/10\/layerslider\/ENSubSlider\/Clouds-1030x161.jpg 1030w, http:\/\/www.si-hu.eu\/hu2\/wp-content\/uploads\/sites\/10\/layerslider\/ENSubSlider\/Clouds-600x94.jpg 600w, http:\/\/www.si-hu.eu\/hu2\/wp-content\/uploads\/sites\/10\/layerslider\/ENSubSlider\/Clouds-1500x235.jpg 1500w, http:\/\/www.si-hu.eu\/hu2\/wp-content\/uploads\/sites\/10\/layerslider\/ENSubSlider\/Clouds-705x111.jpg 705w, http:\/\/www.si-hu.eu\/hu2\/wp-content\/uploads\/sites\/10\/layerslider\/ENSubSlider\/Clouds-450x71.jpg 450w\" sizes=\"(max-width: 2048px) 100vw, 2048px\" \/><h2 style=\"padding-top:10px;padding-right:10px;padding-bottom:10px;padding-left:10px;color:#ffffff;background:#436f4d;border-radius:15px;top:80px;left:40px;\" class=\"ls-l ls-text-layer\" data-ls=\"offsetxin:80;offsetxout:-80;durationout:400;parallaxlevel:0;\">Interreg V-A Szlov&eacute;nia-Magyarorsz&aacute;g Egy&uuml;ttm&#369;k&ouml;d&eacute;si Program<\/h2><\/div><div class=\"ls-slide\" data-ls=\"duration:4000;\"><img width=\"1600\" height=\"150\" src=\"http:\/\/www.si-hu.eu\/hu2\/wp-content\/uploads\/sites\/10\/layerslider\/ENSubSlider\/lipa.png\" class=\"ls-bg\" alt=\"\" srcset=\"http:\/\/www.si-hu.eu\/hu2\/wp-content\/uploads\/sites\/10\/layerslider\/ENSubSlider\/lipa.png 1600w, http:\/\/www.si-hu.eu\/hu2\/wp-content\/uploads\/sites\/10\/layerslider\/ENSubSlider\/lipa-300x28.png 300w, http:\/\/www.si-hu.eu\/hu2\/wp-content\/uploads\/sites\/10\/layerslider\/ENSubSlider\/lipa-1030x97.png 1030w, http:\/\/www.si-hu.eu\/hu2\/wp-content\/uploads\/sites\/10\/layerslider\/ENSubSlider\/lipa-600x56.png 600w, http:\/\/www.si-hu.eu\/hu2\/wp-content\/uploads\/sites\/10\/layerslider\/ENSubSlider\/lipa-1500x141.png 1500w, http:\/\/www.si-hu.eu\/hu2\/wp-content\/uploads\/sites\/10\/layerslider\/ENSubSlider\/lipa-705x66.png 705w, http:\/\/www.si-hu.eu\/hu2\/wp-content\/uploads\/sites\/10\/layerslider\/ENSubSlider\/lipa-450x42.png 450w\" sizes=\"(max-width: 1600px) 100vw, 1600px\" \/><h2 style=\"padding-top:10px;padding-right:10px;padding-bottom:10px;padding-left:10px;color:#ffffff;background:#436f4d;border-radius:15px;top:25px;left:600px;\" class=\"ls-l ls-text-layer\" data-ls=\"offsetxin:80;offsetxout:-80;durationout:400;parallaxlevel:0;\">Interreg V-A Szlov&eacute;nia-Magyarorsz&aacute;g Egy&uuml;ttm&#369;k&ouml;d&eacute;si Program<\/h2><\/div><\/div><\/div><div id='after_layer_slider_1'  class='main_color av_default_container_wrap container_wrap sidebar_right'  ><div class='container av-section-cont-open' ><div class='template-page content  av-content-small alpha units'><div class='post-entry post-entry-type-page post-entry-133'><div class='entry-content-wrapper clearfix'>\n\n<style type=\"text\/css\" data-created_by=\"avia_inline_auto\" id=\"style-css-av-av_one_fourth-352b07ef7d3bc99b2e9f92e7a9e06bdb\">\n.flex_column.av-av_one_fourth-352b07ef7d3bc99b2e9f92e7a9e06bdb{\nborder-radius:0px 0px 0px 0px;\n-webkit-border-radius:0px 0px 0px 0px;\n-moz-border-radius:0px 0px 0px 0px;\n}\n<\/style>\n<div class='flex_column av-av_one_fourth-352b07ef7d3bc99b2e9f92e7a9e06bdb av_one_fourth  avia-builder-el-1  el_after_av_layerslider  el_before_av_two_third  avia-builder-el-first  first flex_column_div av-zero-column-padding '   ><section  class='av_textblock_section av-av_textblock-0366cc7376be6c9e82a3e9cc8987b64f'  itemscope=\"itemscope\" itemtype=\"https:\/\/schema.org\/CreativeWork\" ><div class='avia_textblock'  itemprop=\"text\" ><h2>AUDIT HAT\u00d3S\u00c1G (AH)<\/h2>\n<h3>Ministry of Finance of the Republic of Slovenia, Budget Supervision Office of the RS<\/h3>\n<p>Fajfarjeva 33<br \/>\n1000 Ljubljana<br \/>\nSlovenia<\/p>\n<p>Tel: +386 (0)1 369 69 00<br \/>\nFax: +386 (0)1 369 69 14<\/p>\n<p>E-po\u0161ta: mf.unp@gov.si<br \/>\nwww.mf.gov.si<\/p>\n<p><strong>Directorate General for Audit of European Funds, Hungary<\/strong><\/p>\n<p>Bart\u00f3k B\u00e9la \u00fat 105-113<br \/>\n1115 Budapest<br \/>\nHungary<\/p>\n<p><strong>&nbsp;<\/strong><\/p>\n<\/div><\/section><\/div>\n<style type=\"text\/css\" data-created_by=\"avia_inline_auto\" id=\"style-css-av-av_two_third-2a64de42b738552fe666ca889af77e28\">\n.flex_column.av-av_two_third-2a64de42b738552fe666ca889af77e28{\nborder-radius:0px 0px 0px 0px;\n-webkit-border-radius:0px 0px 0px 0px;\n-moz-border-radius:0px 0px 0px 0px;\n}\n<\/style>\n<div class='flex_column av-av_two_third-2a64de42b738552fe666ca889af77e28 av_two_third  avia-builder-el-3  el_after_av_one_fourth  avia-builder-el-last  flex_column_div av-zero-column-padding '   ><section  class='av_textblock_section av-av_textblock-0366cc7376be6c9e82a3e9cc8987b64f'  itemscope=\"itemscope\" itemtype=\"https:\/\/schema.org\/CreativeWork\" ><div class='avia_textblock'  itemprop=\"text\" ><p style=\"text-align: justify;\">A127. cikk\u00e9nek megfelel\u0151en az AH biztos\u00edtja, hogy a program ir\u00e1ny\u00edt\u00e1si \u00e9s ellen\u0151rz\u00e9si rendszer\u00e9nek megfelel\u0151 m\u0171k\u00f6d\u00e9s\u00e9re vonatkoz\u00f3an a beny\u00fajtott kiad\u00e1sokon alapul\u00f3 megfelel\u0151 minta alapj\u00e1n ellen\u0151rz\u00e9sek ker\u00fcljenek v\u00e9grehajt\u00e1sra, ezen fel\u00fcl ellen\u0151rz\u00e9si v\u00e9lem\u00e9nyt \u00e9s jelent\u00e9st k\u00e9sz\u00edt a program megfelel\u0151s\u00e9g\u00e9r\u0151l.<\/p>\n<p style=\"text-align: justify;\">Az AH Egy\u00fcttm\u0171k\u00f6d\u00e9si Programban le\u00edrt munk\u00e1j\u00e1t a programban r\u00e9sztvev\u0151 tag\u00e1llamok k\u00e9pvisel\u0151ib\u0151l fel\u00e1ll\u00edtott Ellen\u0151ri Csoport seg\u00edti. Az Audit Szervezeti feladatokat &#8211; magyarorsz\u00e1gi ellen\u0151rz\u00e9sek lefolytat\u00e1sa &#8211; Magyarorsz\u00e1g ter\u00fclet\u00e9n az EUTAF l\u00e1tja el. Az Ellen\u0151ri Csoport tagjainak a MB tagjait\u00f3l, az ETE Rendelet 23. (4) cikke szerinti hiteles\u00edt\u00e9st v\u00e9gz\u0151 szervezetekt\u0151l \u00e9s minden, a programban \u00e9rintett tev\u00e9kenys\u00e9gt\u0151l \u00e9s p\u00e9nz\u00fcgyekt\u0151l f\u00fcggetlennek kell lennie. Az Ellen\u0151ri Csoport az egy\u00fcttm\u0171k\u00f6d\u00e9si program EB \u00e1ltali elfogad\u00e1s\u00e1t\u00f3l sz\u00e1m\u00edtott 3 h\u00f3napon bel\u00fcl fel\u00e1ll\u00edt\u00e1sra ker\u00fcl. Az Ellen\u0151ri Csoport meg\u00e1llap\u00edtja saj\u00e1t \u00fcgyrendj\u00e9t. Az Ellen\u0151ri Csoport \u00fcl\u00e9seit az AH vezeti.<\/p>\n<p style=\"text-align: justify;\">Az AH \u00e9s az Ellen\u0151ri Csoport az Audit Strat\u00e9gia kialak\u00edt\u00e1sa sor\u00e1n k\u00f6z\u00f6sen d\u00f6ntenek arr\u00f3l, hogy a rendszerellen\u0151rz\u00e9st \u00e9s a mintav\u00e9teles ellen\u0151rz\u00e9st mely hat\u00f3s\u00e1g v\u00e9gzi el.<\/p>\n<p style=\"text-align: justify;\">Az AH elj\u00e1r\u00e1sa sor\u00e1n mind a magyar, mind a szlov\u00e9n szervezeti, jogi \u00e9s p\u00e9nz\u00fcgyi el\u0151\u00edr\u00e1sok betart\u00e1s\u00e1ra k\u00f6teles.<\/p>\n<\/div><\/section><\/div><\/p>\n","protected":false},"excerpt":{"rendered":"","protected":false},"author":3,"featured_media":0,"parent":114,"menu_order":0,"comment_status":"closed","ping_status":"closed","template":"","meta":{"ngg_post_thumbnail":0},"acf":[],"_links":{"self":[{"href":"http:\/\/www.si-hu.eu\/hu2\/wp-json\/wp\/v2\/pages\/133"}],"collection":[{"href":"http:\/\/www.si-hu.eu\/hu2\/wp-json\/wp\/v2\/pages"}],"about":[{"href":"http:\/\/www.si-hu.eu\/hu2\/wp-json\/wp\/v2\/types\/page"}],"author":[{"embeddable":true,"href":"http:\/\/www.si-hu.eu\/hu2\/wp-json\/wp\/v2\/users\/3"}],"replies":[{"embeddable":true,"href":"http:\/\/www.si-hu.eu\/hu2\/wp-json\/wp\/v2\/comments?post=133"}],"version-history":[{"count":4,"href":"http:\/\/www.si-hu.eu\/hu2\/wp-json\/wp\/v2\/pages\/133\/revisions"}],"predecessor-version":[{"id":5190,"href":"http:\/\/www.si-hu.eu\/hu2\/wp-json\/wp\/v2\/pages\/133\/revisions\/5190"}],"up":[{"embeddable":true,"href":"http:\/\/www.si-hu.eu\/hu2\/wp-json\/wp\/v2\/pages\/114"}],"wp:attachment":[{"href":"http:\/\/www.si-hu.eu\/hu2\/wp-json\/wp\/v2\/media?parent=133"}],"curies":[{"name":"wp","href":"https:\/\/api.w.org\/{rel}","templated":true}]}}