{"id":1639,"date":"2017-06-29T12:30:31","date_gmt":"2017-06-29T11:30:31","guid":{"rendered":"http:\/\/www.si-hu.eu\/hu2\/?page_id=1639"},"modified":"2017-06-29T13:05:38","modified_gmt":"2017-06-29T12:05:38","slug":"workshop-a-palyazoknak-es-a-jelentestetelrol","status":"publish","type":"page","link":"http:\/\/www.si-hu.eu\/hu2\/workshop-a-palyazoknak-es-a-jelentestetelrol\/","title":{"rendered":"WORKSHOP A P\u00c1LY\u00c1Z\u00d3KNAK \u00c9S A JELENT\u00c9ST\u00c9TELR\u0150L"},"content":{"rendered":"<div id='layer_slider_1'  class='avia-layerslider main_color avia-shadow  avia-builder-el-0  el_before_av_heading  avia-builder-el-first  container_wrap sidebar_right'  style='height: 471px;'  ><div id=\"layerslider_3_1b3xc87nr26b2\" class=\"ls-wp-container fitvidsignore\" style=\"width:100%;height:470px;margin:0 auto;margin-bottom: 0px;\"><div class=\"ls-slide\" data-ls=\"duration:7000;transition2d:11,13,23;transition3d:all;\"><img width=\"1900\" height=\"600\" src=\"http:\/\/www.si-hu.eu\/hu2\/wp-content\/uploads\/sites\/10\/2015\/10\/slide-intereg-hu.jpg\" class=\"ls-bg\" alt=\"\" srcset=\"http:\/\/www.si-hu.eu\/hu2\/wp-content\/uploads\/sites\/10\/2015\/10\/slide-intereg-hu.jpg 1900w, http:\/\/www.si-hu.eu\/hu2\/wp-content\/uploads\/sites\/10\/2015\/10\/slide-intereg-hu-300x95.jpg 300w, http:\/\/www.si-hu.eu\/hu2\/wp-content\/uploads\/sites\/10\/2015\/10\/slide-intereg-hu-1030x325.jpg 1030w, http:\/\/www.si-hu.eu\/hu2\/wp-content\/uploads\/sites\/10\/2015\/10\/slide-intereg-hu-600x189.jpg 600w, http:\/\/www.si-hu.eu\/hu2\/wp-content\/uploads\/sites\/10\/2015\/10\/slide-intereg-hu-1500x474.jpg 1500w, http:\/\/www.si-hu.eu\/hu2\/wp-content\/uploads\/sites\/10\/2015\/10\/slide-intereg-hu-705x223.jpg 705w, http:\/\/www.si-hu.eu\/hu2\/wp-content\/uploads\/sites\/10\/2015\/10\/slide-intereg-hu-450x142.jpg 450w\" sizes=\"(max-width: 1900px) 100vw, 1900px\" \/><h2 style=\"padding-top:10px;padding-right:10px;padding-bottom:10px;padding-left:10px;color:#ffffff;background:#436f4d;border-radius:15px;top:140px;left:120px;\" class=\"ls-l ls-text-layer\" data-ls=\"offsetxin:80;offsetxout:-80;durationout:400;parallaxlevel:0;\">Interreg V-A Szlov&eacute;nia-Magyarorsz&aacute;g Egy&uuml;ttm&#369;k&ouml;d&eacute;si Program<\/h2><\/div><div class=\"ls-slide\" data-ls=\"duration:8000;\"><img width=\"1900\" height=\"600\" src=\"http:\/\/www.si-hu.eu\/hu2\/wp-content\/uploads\/sites\/10\/2015\/10\/slide-intereg-hu_02.jpg\" class=\"ls-bg\" alt=\"\" srcset=\"http:\/\/www.si-hu.eu\/hu2\/wp-content\/uploads\/sites\/10\/2015\/10\/slide-intereg-hu_02.jpg 1900w, http:\/\/www.si-hu.eu\/hu2\/wp-content\/uploads\/sites\/10\/2015\/10\/slide-intereg-hu_02-300x95.jpg 300w, http:\/\/www.si-hu.eu\/hu2\/wp-content\/uploads\/sites\/10\/2015\/10\/slide-intereg-hu_02-1030x325.jpg 1030w, http:\/\/www.si-hu.eu\/hu2\/wp-content\/uploads\/sites\/10\/2015\/10\/slide-intereg-hu_02-600x189.jpg 600w, http:\/\/www.si-hu.eu\/hu2\/wp-content\/uploads\/sites\/10\/2015\/10\/slide-intereg-hu_02-1500x474.jpg 1500w, http:\/\/www.si-hu.eu\/hu2\/wp-content\/uploads\/sites\/10\/2015\/10\/slide-intereg-hu_02-705x223.jpg 705w, http:\/\/www.si-hu.eu\/hu2\/wp-content\/uploads\/sites\/10\/2015\/10\/slide-intereg-hu_02-450x142.jpg 450w\" sizes=\"(max-width: 1900px) 100vw, 1900px\" \/><h2 style=\"padding-top:10px;padding-right:10px;padding-bottom:10px;padding-left:10px;color:#ffffff;background:#436f4d;top:140px;left:120px;\" class=\"ls-l ls-text-layer\" data-ls=\"offsetxin:80;offsetxout:-80;durationout:400;parallaxlevel:0;\">Interreg V-A Szlov&eacute;nia-Magyarorsz&aacute;g Egy&uuml;ttm&#369;k&ouml;d&eacute;si Program<\/h2><\/div><\/div><\/div><div id='after_layer_slider_1'  class='main_color av_default_container_wrap container_wrap sidebar_right'  ><div class='container av-section-cont-open' ><div class='template-page content  av-content-small alpha units'><div class='post-entry post-entry-type-page post-entry-1639'><div class='entry-content-wrapper clearfix'>\n\n<style type=\"text\/css\" data-created_by=\"avia_inline_auto\" id=\"style-css-av-av_heading-3e31ce0db5f366f61ef6340d7deaefbe\">\n#top .av-special-heading.av-av_heading-3e31ce0db5f366f61ef6340d7deaefbe{\npadding-bottom:10px;\n}\nbody .av-special-heading.av-av_heading-3e31ce0db5f366f61ef6340d7deaefbe .av-special-heading-tag .heading-char{\nfont-size:25px;\n}\n.av-special-heading.av-av_heading-3e31ce0db5f366f61ef6340d7deaefbe .av-subheading{\nfont-size:15px;\n}\n<\/style>\n<div  class='av-special-heading av-av_heading-3e31ce0db5f366f61ef6340d7deaefbe av-special-heading-h3  avia-builder-el-1  el_after_av_layerslider  el_before_av_one_third  avia-builder-el-first '><h3 class='av-special-heading-tag'  itemprop=\"headline\"  >WORKSHOP A P\u00c1LY\u00c1Z\u00d3KNAK \u00c9S A JELENT\u00c9ST\u00c9TELR\u0150L <\/h3><div class=\"special-heading-border\"><div class=\"special-heading-inner-border\"><\/div><\/div><\/div>\n\n<style type=\"text\/css\" data-created_by=\"avia_inline_auto\" id=\"style-css-av-av_one_third-352b07ef7d3bc99b2e9f92e7a9e06bdb\">\n.flex_column.av-av_one_third-352b07ef7d3bc99b2e9f92e7a9e06bdb{\nborder-radius:0px 0px 0px 0px;\n-webkit-border-radius:0px 0px 0px 0px;\n-moz-border-radius:0px 0px 0px 0px;\n}\n<\/style>\n<div class='flex_column av-av_one_third-352b07ef7d3bc99b2e9f92e7a9e06bdb av_one_third  avia-builder-el-2  el_after_av_heading  el_before_av_two_third  first flex_column_div av-zero-column-padding '   ><section  class='av_textblock_section av-av_textblock-0366cc7376be6c9e82a3e9cc8987b64f'  itemscope=\"itemscope\" itemtype=\"https:\/\/schema.org\/CreativeWork\" ><div class='avia_textblock'  itemprop=\"text\" ><p><a href=\"http:\/\/www.si-hu.eu\/hu2\/novice\/galerija-slik\/\" target=\"_blank\"><img loading=\"lazy\" class=\"alignleft size-full wp-image-1640\" src=\"http:\/\/www.si-hu.eu\/hu2\/wp-content\/uploads\/sites\/10\/2017\/06\/kolaz.jpg\" alt=\"\" width=\"915\" height=\"673\" srcset=\"http:\/\/www.si-hu.eu\/hu2\/wp-content\/uploads\/sites\/10\/2017\/06\/kolaz.jpg 915w, http:\/\/www.si-hu.eu\/hu2\/wp-content\/uploads\/sites\/10\/2017\/06\/kolaz-300x221.jpg 300w, http:\/\/www.si-hu.eu\/hu2\/wp-content\/uploads\/sites\/10\/2017\/06\/kolaz-768x565.jpg 768w, http:\/\/www.si-hu.eu\/hu2\/wp-content\/uploads\/sites\/10\/2017\/06\/kolaz-600x441.jpg 600w, http:\/\/www.si-hu.eu\/hu2\/wp-content\/uploads\/sites\/10\/2017\/06\/kolaz-705x519.jpg 705w, http:\/\/www.si-hu.eu\/hu2\/wp-content\/uploads\/sites\/10\/2017\/06\/kolaz-450x331.jpg 450w\" sizes=\"(max-width: 915px) 100vw, 915px\" \/><\/a><\/p>\n<p>K\u00e9pek a 2017. j\u00fanius 22-i Raki\u010danban megtartott workshopr\u00f3l<\/p>\n<\/div><\/section><\/div>\n\n<style type=\"text\/css\" data-created_by=\"avia_inline_auto\" id=\"style-css-av-av_two_third-2a64de42b738552fe666ca889af77e28\">\n.flex_column.av-av_two_third-2a64de42b738552fe666ca889af77e28{\nborder-radius:0px 0px 0px 0px;\n-webkit-border-radius:0px 0px 0px 0px;\n-moz-border-radius:0px 0px 0px 0px;\n}\n<\/style>\n<div class='flex_column av-av_two_third-2a64de42b738552fe666ca889af77e28 av_two_third  avia-builder-el-4  el_after_av_one_third  el_before_av_one_third  flex_column_div av-zero-column-padding '   ><section  class='av_textblock_section av-av_textblock-0366cc7376be6c9e82a3e9cc8987b64f'  itemscope=\"itemscope\" itemtype=\"https:\/\/schema.org\/CreativeWork\" ><div class='avia_textblock'  itemprop=\"text\" ><p>Az Interreg V-A Szlov\u00e9nia-Magyarorsz\u00e1g Egy\u00fcttm\u0171k\u00f6d\u00e9si Program Ny\u00edlt P\u00e1ly\u00e1zati Felh\u00edv\u00e1s\u00e1nak keret\u00e9ben 2017. j\u00fanius 22-\u00e9n ker\u00fclt sor egy workshopra a potenci\u00e1lis p\u00e1ly\u00e1z\u00f3knak \u00e9s a jelent\u00e9st\u00e9telr\u0151l.<\/p>\n<p>A Raki\u010danban, Szlov\u00e9ni\u00e1ban megtartott m\u0171helymunka keret\u00e9ben a r\u00e9sztvev\u0151k t\u00e1j\u00e9koztat\u00e1st kaptak az eddig beny\u00fajtott p\u00e1ly\u00e1zatokban leggyakrabban el\u0151fordul\u00f3 hib\u00e1kr\u00f3l \u00e9s arr\u00f3l, hogy hogyan k\u00e9sz\u00edthetnek j\u00f3 min\u0151s\u00e9g\u0171 projektet. Emellett bemutat\u00e1sra ker\u00fclt a projekt el\u0151k\u00e9sz\u00edt\u00e9s jelent\u00e9st\u00e9tel szempontj\u00e1b\u00f3l is, az eMS rendszer seg\u00edts\u00e9g\u00e9vel.<\/p>\n<p>A d\u00e9lut\u00e1n folyam\u00e1n h\u00e1rom k\u00fcl\u00f6nb\u00f6z\u0151 t\u00e9m\u00e1ban \u2013 El\u0151zetes felt\u00e9telrendszer, c\u00e9lorient\u00e1lts\u00e1g \u00e9s fenntarthat\u00f3s\u00e1g; Projektek min\u0151s\u00e9ge az Interreg V-A SI-HU Egy\u00fcttm\u0171k\u00f6d\u00e9si Program t\u00fckr\u00e9ben \u00e9s az Interreg V-A SI-HU Egy\u00fcttm\u0171k\u00f6d\u00e9si Program megval\u00f3s\u00edt\u00e1s\u00e1nak \u00e9rt\u00e9kel\u00e9se \u2013 kerekasztal ker\u00fclt megszervez\u00e9sre. A workshop r\u00e9sztvev\u0151i nagy \u00e9rdekl\u0151d\u00e9ssel vettek r\u00e9szt a besz\u00e9lget\u00e9sekben \u00edgy az Ir\u00e1ny\u00edt\u00f3 Hat\u00f3s\u00e1g \u00e9s a K\u00f6z\u00f6s Titk\u00e1rs\u00e1g sok hasznos inform\u00e1ci\u00f3t kapott.<\/p>\n<p>A workshopon k\u00f6zel 50 r\u00e9sztvev\u0151 jelent meg. A jelenl\u00e9v\u0151k t\u00f6bbs\u00e9ge vezet\u0151 partnerk\u00e9nt vagy projekt partnerk\u00e9nt vett r\u00e9szt a workshopon m\u00edg a r\u00e9sztvev\u0151k egy r\u00e9sze el\u0151sz\u00f6r vett r\u00e9szt ilyen m\u0171helymunk\u00e1n.<\/p>\n<\/div><\/section><\/div>\n\n<style type=\"text\/css\" data-created_by=\"avia_inline_auto\" id=\"style-css-av-av_one_third-352b07ef7d3bc99b2e9f92e7a9e06bdb\">\n.flex_column.av-av_one_third-352b07ef7d3bc99b2e9f92e7a9e06bdb{\nborder-radius:0px 0px 0px 0px;\n-webkit-border-radius:0px 0px 0px 0px;\n-moz-border-radius:0px 0px 0px 0px;\n}\n<\/style>\n<div class='flex_column av-av_one_third-352b07ef7d3bc99b2e9f92e7a9e06bdb av_one_third  avia-builder-el-6  el_after_av_two_third  el_before_av_one_third  first flex_column_div av-zero-column-padding column-top-margin'   ><\/div>\n\n<style type=\"text\/css\" data-created_by=\"avia_inline_auto\" id=\"style-css-av-av_one_third-2a64de42b738552fe666ca889af77e28\">\n.flex_column.av-av_one_third-2a64de42b738552fe666ca889af77e28{\nborder-radius:0px 0px 0px 0px;\n-webkit-border-radius:0px 0px 0px 0px;\n-moz-border-radius:0px 0px 0px 0px;\n}\n<\/style>\n<div class='flex_column av-av_one_third-2a64de42b738552fe666ca889af77e28 av_one_third  avia-builder-el-7  el_after_av_one_third  el_before_av_one_third  flex_column_div av-zero-column-padding column-top-margin'   ><section  class='av_textblock_section av-av_textblock-0366cc7376be6c9e82a3e9cc8987b64f'  itemscope=\"itemscope\" itemtype=\"https:\/\/schema.org\/CreativeWork\" ><div class='avia_textblock'  itemprop=\"text\" ><p><strong>Megh\u00edv\u00f3<\/strong><\/p>\n<ul>\n<li><a href=\"http:\/\/www.si-hu.eu\/hu2\/wp-content\/uploads\/sites\/10\/2017\/06\/VABILO_MEGHIVO_delavnica_22_june-2017.pdf\" target=\"_blank\">VABILO_MEGHIVO_delavnica_22_june 2017<\/a><\/li>\n<\/ul>\n<\/div><\/section><\/div>\n<style type=\"text\/css\" data-created_by=\"avia_inline_auto\" id=\"style-css-av-av_one_third-2a64de42b738552fe666ca889af77e28\">\n.flex_column.av-av_one_third-2a64de42b738552fe666ca889af77e28{\nborder-radius:0px 0px 0px 0px;\n-webkit-border-radius:0px 0px 0px 0px;\n-moz-border-radius:0px 0px 0px 0px;\n}\n<\/style>\n<div class='flex_column av-av_one_third-2a64de42b738552fe666ca889af77e28 av_one_third  avia-builder-el-9  el_after_av_one_third  avia-builder-el-last  flex_column_div av-zero-column-padding column-top-margin'   ><section  class='av_textblock_section av-av_textblock-0366cc7376be6c9e82a3e9cc8987b64f'  itemscope=\"itemscope\" itemtype=\"https:\/\/schema.org\/CreativeWork\" ><div class='avia_textblock'  itemprop=\"text\" ><p><strong>El\u0151ad\u00e1sok a m\u0171helyb\u0151l<\/strong><\/p>\n<ul>\n<li><a href=\"http:\/\/www.si-hu.eu\/hu2\/wp-content\/uploads\/sites\/10\/2017\/06\/Project-Quality-Workshop.pptx\">Project Quality Workshop<\/a><\/li>\n<\/ul>\n<\/div><\/section><\/div><\/p>\n","protected":false},"excerpt":{"rendered":"","protected":false},"author":7,"featured_media":0,"parent":0,"menu_order":0,"comment_status":"closed","ping_status":"closed","template":"","meta":{"ngg_post_thumbnail":0},"acf":[],"_links":{"self":[{"href":"http:\/\/www.si-hu.eu\/hu2\/wp-json\/wp\/v2\/pages\/1639"}],"collection":[{"href":"http:\/\/www.si-hu.eu\/hu2\/wp-json\/wp\/v2\/pages"}],"about":[{"href":"http:\/\/www.si-hu.eu\/hu2\/wp-json\/wp\/v2\/types\/page"}],"author":[{"embeddable":true,"href":"http:\/\/www.si-hu.eu\/hu2\/wp-json\/wp\/v2\/users\/7"}],"replies":[{"embeddable":true,"href":"http:\/\/www.si-hu.eu\/hu2\/wp-json\/wp\/v2\/comments?post=1639"}],"version-history":[{"count":6,"href":"http:\/\/www.si-hu.eu\/hu2\/wp-json\/wp\/v2\/pages\/1639\/revisions"}],"predecessor-version":[{"id":1790,"href":"http:\/\/www.si-hu.eu\/hu2\/wp-json\/wp\/v2\/pages\/1639\/revisions\/1790"}],"wp:attachment":[{"href":"http:\/\/www.si-hu.eu\/hu2\/wp-json\/wp\/v2\/media?parent=1639"}],"curies":[{"name":"wp","href":"https:\/\/api.w.org\/{rel}","templated":true}]}}