{"id":1701,"date":"2017-07-07T13:46:03","date_gmt":"2017-07-07T12:46:03","guid":{"rendered":"http:\/\/www.si-hu.eu\/hu2\/?page_id=1701"},"modified":"2017-07-07T13:46:03","modified_gmt":"2017-07-07T12:46:03","slug":"5-monitoring-bizottsagi-ules","status":"publish","type":"page","link":"http:\/\/www.si-hu.eu\/hu2\/o-nas\/nadzorni-odbor\/5-monitoring-bizottsagi-ules\/","title":{"rendered":"5. Monitoring Bizotts\u00e1gi \u00fcl\u00e9s"},"content":{"rendered":"<div id='layer_slider_1'  class='avia-layerslider main_color avia-shadow  avia-builder-el-0  el_before_av_one_full  avia-builder-el-first  container_wrap sidebar_right'  style='height: 151px;'  ><div id=\"layerslider_4_1bbye4s9s7i69\" class=\"ls-wp-container fitvidsignore\" style=\"width:1600px;height:150px;margin:0 auto;margin-bottom: 0px;\"><div class=\"ls-slide\" data-ls=\"duration:5000;\"><img width=\"2048\" height=\"321\" src=\"http:\/\/www.si-hu.eu\/hu2\/wp-content\/uploads\/sites\/10\/layerslider\/ENSubSlider\/Clouds.jpg\" class=\"ls-bg\" alt=\"\" srcset=\"http:\/\/www.si-hu.eu\/hu2\/wp-content\/uploads\/sites\/10\/layerslider\/ENSubSlider\/Clouds.jpg 2048w, http:\/\/www.si-hu.eu\/hu2\/wp-content\/uploads\/sites\/10\/layerslider\/ENSubSlider\/Clouds-300x47.jpg 300w, http:\/\/www.si-hu.eu\/hu2\/wp-content\/uploads\/sites\/10\/layerslider\/ENSubSlider\/Clouds-1030x161.jpg 1030w, http:\/\/www.si-hu.eu\/hu2\/wp-content\/uploads\/sites\/10\/layerslider\/ENSubSlider\/Clouds-600x94.jpg 600w, http:\/\/www.si-hu.eu\/hu2\/wp-content\/uploads\/sites\/10\/layerslider\/ENSubSlider\/Clouds-1500x235.jpg 1500w, http:\/\/www.si-hu.eu\/hu2\/wp-content\/uploads\/sites\/10\/layerslider\/ENSubSlider\/Clouds-705x111.jpg 705w, http:\/\/www.si-hu.eu\/hu2\/wp-content\/uploads\/sites\/10\/layerslider\/ENSubSlider\/Clouds-450x71.jpg 450w\" sizes=\"(max-width: 2048px) 100vw, 2048px\" \/><h2 style=\"padding-top:10px;padding-right:10px;padding-bottom:10px;padding-left:10px;color:#ffffff;background:#436f4d;border-radius:15px;top:80px;left:40px;\" class=\"ls-l ls-text-layer\" data-ls=\"offsetxin:80;offsetxout:-80;durationout:400;parallaxlevel:0;\">Interreg V-A Szlov&eacute;nia-Magyarorsz&aacute;g Egy&uuml;ttm&#369;k&ouml;d&eacute;si Program<\/h2><\/div><div class=\"ls-slide\" data-ls=\"duration:4000;\"><img width=\"1600\" height=\"150\" src=\"http:\/\/www.si-hu.eu\/hu2\/wp-content\/uploads\/sites\/10\/layerslider\/ENSubSlider\/lipa.png\" class=\"ls-bg\" alt=\"\" srcset=\"http:\/\/www.si-hu.eu\/hu2\/wp-content\/uploads\/sites\/10\/layerslider\/ENSubSlider\/lipa.png 1600w, http:\/\/www.si-hu.eu\/hu2\/wp-content\/uploads\/sites\/10\/layerslider\/ENSubSlider\/lipa-300x28.png 300w, http:\/\/www.si-hu.eu\/hu2\/wp-content\/uploads\/sites\/10\/layerslider\/ENSubSlider\/lipa-1030x97.png 1030w, http:\/\/www.si-hu.eu\/hu2\/wp-content\/uploads\/sites\/10\/layerslider\/ENSubSlider\/lipa-600x56.png 600w, http:\/\/www.si-hu.eu\/hu2\/wp-content\/uploads\/sites\/10\/layerslider\/ENSubSlider\/lipa-1500x141.png 1500w, http:\/\/www.si-hu.eu\/hu2\/wp-content\/uploads\/sites\/10\/layerslider\/ENSubSlider\/lipa-705x66.png 705w, http:\/\/www.si-hu.eu\/hu2\/wp-content\/uploads\/sites\/10\/layerslider\/ENSubSlider\/lipa-450x42.png 450w\" sizes=\"(max-width: 1600px) 100vw, 1600px\" \/><h2 style=\"padding-top:10px;padding-right:10px;padding-bottom:10px;padding-left:10px;color:#ffffff;background:#436f4d;border-radius:15px;top:25px;left:600px;\" class=\"ls-l ls-text-layer\" data-ls=\"offsetxin:80;offsetxout:-80;durationout:400;parallaxlevel:0;\">Interreg V-A Szlov&eacute;nia-Magyarorsz&aacute;g Egy&uuml;ttm&#369;k&ouml;d&eacute;si Program<\/h2><\/div><\/div><\/div><div id='after_layer_slider_1'  class='main_color av_default_container_wrap container_wrap sidebar_right'  ><div class='container av-section-cont-open' ><div class='template-page content  av-content-small alpha units'><div class='post-entry post-entry-type-page post-entry-1701'><div class='entry-content-wrapper clearfix'>\n\n<style type=\"text\/css\" data-created_by=\"avia_inline_auto\" id=\"style-css-av-av_one_full-352b07ef7d3bc99b2e9f92e7a9e06bdb\">\n.flex_column.av-av_one_full-352b07ef7d3bc99b2e9f92e7a9e06bdb{\nborder-radius:0px 0px 0px 0px;\n-webkit-border-radius:0px 0px 0px 0px;\n-moz-border-radius:0px 0px 0px 0px;\n}\n<\/style>\n<div class='flex_column av-av_one_full-352b07ef7d3bc99b2e9f92e7a9e06bdb av_one_full  avia-builder-el-1  el_after_av_layerslider  avia-builder-el-no-sibling  first flex_column_div av-zero-column-padding '   ><section  class='av_textblock_section av-av_textblock-0366cc7376be6c9e82a3e9cc8987b64f'  itemscope=\"itemscope\" itemtype=\"https:\/\/schema.org\/CreativeWork\" ><div class='avia_textblock'  itemprop=\"text\" ><h3><strong><span style=\"color: #008000;\">5. Monitoring Bizotts\u00e1gi \u00fcl\u00e9s<\/span> <\/strong><\/h3>\n<p>Az 5. Monitoring Bizotts\u00e1gi \u00fcl\u00e9sre 2017. j\u00falius 5-6-\u00e1n, Moravske Toplic\u00e9n, Szlov\u00e9ni\u00e1ban ker\u00fclt sor.&nbsp;<\/p>\n<p>A Monitoring Bizotts\u00e1g tagjai t\u00e1j\u00e9koztat\u00e1st kaptak a 2014-2020-as program megval\u00f3s\u00edt\u00e1s\u00e1val kapcsolatos el\u0151rehalad\u00e1sr\u00f3l \u00e9s a 2007-2013-as program z\u00e1r\u00e1s\u00e1r\u00f3l, megismerkedtek az Ir\u00e1ny\u00edt\u00f3 Hat\u00f3s\u00e1g szab\u00e1lytalans\u00e1g felel\u0151s\u00e9nek munk\u00e1j\u00e1val, az Eur\u00f3pai Bizotts\u00e1g \u00e1ltal k\u00e9sz\u00edtett \u00faj platformmal \u00e9s a program els\u0151 \u00e9rt\u00e9kel\u00e9s\u00e9nek els\u0151 eredm\u00e9nyeivel. A MB tagjai j\u00f3v\u00e1hagyt\u00e1k a 2016 \u00e9vre vonatkoz\u00f3 \u00c9ves V\u00e9grehajt\u00e1si Jelent\u00e9st \u00e9s meghat\u00e1rozt\u00e1k a 4. beny\u00fajt\u00e1si hat\u00e1rid\u0151t, mely 2017. november 14. d\u00e9li 12 \u00f3ra.<\/p>\n<p>Az \u00fcl\u00e9s m\u00e1sodik napj\u00e1n d\u00f6nt\u00e9s sz\u00fcletett a harmadik beny\u00fajt\u00e1si hat\u00e1rid\u0151 keret\u00e9ben be\u00e9rkezett projektekr\u0151l. A MB tagjai 7 projektet j\u00f3v\u00e1hagytak, 4 projektet elhalasztottak \u00e9s 7 projektet elutas\u00edtottak.<\/p>\n<p>A d\u00f6nt\u00e9sek a csatolt dokumentumban tal\u00e1lhat\u00f3k.<\/p>\n<p><a href=\"http:\/\/www.si-hu.eu\/hu2\/wp-content\/uploads\/sites\/10\/2017\/07\/DONTES-MB-5.-ules.pdf\">DONTES-MB-5. ules<\/a><\/p>\n<p><a href=\"http:\/\/www.si-hu.eu\/hu2\/wp-content\/uploads\/sites\/10\/2017\/07\/Presentations-of-the-5th-MC-meeting.zip\">Prezent\u00e1ci\u00f3 5. Monitoring Bizotts\u00e1gi \u00fcl\u00e9s <\/a><\/p>\n<p><a href=\"http:\/\/www.si-hu.eu\/hu2\/wp-content\/uploads\/sites\/10\/2017\/07\/01_Kolaz_SI-HU_5thMC-min.jpg\"><img loading=\"lazy\" class=\"alignleft size-full wp-image-1705\" src=\"http:\/\/www.si-hu.eu\/hu2\/wp-content\/uploads\/sites\/10\/2017\/07\/01_Kolaz_SI-HU_5thMC-min.jpg\" alt=\"\" width=\"1140\" height=\"943\" srcset=\"http:\/\/www.si-hu.eu\/hu2\/wp-content\/uploads\/sites\/10\/2017\/07\/01_Kolaz_SI-HU_5thMC-min.jpg 1140w, http:\/\/www.si-hu.eu\/hu2\/wp-content\/uploads\/sites\/10\/2017\/07\/01_Kolaz_SI-HU_5thMC-min-300x248.jpg 300w, http:\/\/www.si-hu.eu\/hu2\/wp-content\/uploads\/sites\/10\/2017\/07\/01_Kolaz_SI-HU_5thMC-min-768x635.jpg 768w, http:\/\/www.si-hu.eu\/hu2\/wp-content\/uploads\/sites\/10\/2017\/07\/01_Kolaz_SI-HU_5thMC-min-1030x852.jpg 1030w, http:\/\/www.si-hu.eu\/hu2\/wp-content\/uploads\/sites\/10\/2017\/07\/01_Kolaz_SI-HU_5thMC-min-600x496.jpg 600w, http:\/\/www.si-hu.eu\/hu2\/wp-content\/uploads\/sites\/10\/2017\/07\/01_Kolaz_SI-HU_5thMC-min-705x583.jpg 705w, http:\/\/www.si-hu.eu\/hu2\/wp-content\/uploads\/sites\/10\/2017\/07\/01_Kolaz_SI-HU_5thMC-min-450x372.jpg 450w\" sizes=\"(max-width: 1140px) 100vw, 1140px\" \/><\/a><\/p>\n<p>&nbsp;<\/p>\n<\/div><\/section><\/div>\n","protected":false},"excerpt":{"rendered":"","protected":false},"author":7,"featured_media":0,"parent":133,"menu_order":0,"comment_status":"closed","ping_status":"closed","template":"","meta":{"ngg_post_thumbnail":0},"acf":[],"_links":{"self":[{"href":"http:\/\/www.si-hu.eu\/hu2\/wp-json\/wp\/v2\/pages\/1701"}],"collection":[{"href":"http:\/\/www.si-hu.eu\/hu2\/wp-json\/wp\/v2\/pages"}],"about":[{"href":"http:\/\/www.si-hu.eu\/hu2\/wp-json\/wp\/v2\/types\/page"}],"author":[{"embeddable":true,"href":"http:\/\/www.si-hu.eu\/hu2\/wp-json\/wp\/v2\/users\/7"}],"replies":[{"embeddable":true,"href":"http:\/\/www.si-hu.eu\/hu2\/wp-json\/wp\/v2\/comments?post=1701"}],"version-history":[{"count":2,"href":"http:\/\/www.si-hu.eu\/hu2\/wp-json\/wp\/v2\/pages\/1701\/revisions"}],"predecessor-version":[{"id":3638,"href":"http:\/\/www.si-hu.eu\/hu2\/wp-json\/wp\/v2\/pages\/1701\/revisions\/3638"}],"up":[{"embeddable":true,"href":"http:\/\/www.si-hu.eu\/hu2\/wp-json\/wp\/v2\/pages\/133"}],"wp:attachment":[{"href":"http:\/\/www.si-hu.eu\/hu2\/wp-json\/wp\/v2\/media?parent=1701"}],"curies":[{"name":"wp","href":"https:\/\/api.w.org\/{rel}","templated":true}]}}