{"id":188,"date":"2015-10-02T21:16:43","date_gmt":"2015-10-02T20:16:43","guid":{"rendered":"http:\/\/84.39.218.252\/si2\/?page_id=24"},"modified":"2017-07-11T09:02:38","modified_gmt":"2017-07-11T08:02:38","slug":"o-programu","status":"publish","type":"page","link":"http:\/\/www.si-hu.eu\/hu2\/program\/o-programu\/","title":{"rendered":"O programu"},"content":{"rendered":"<div id='layer_slider_1'  class='avia-layerslider main_color avia-shadow  avia-builder-el-0  el_before_av_one_full  avia-builder-el-first  container_wrap sidebar_right'  style='height: 1px;'  ><div id=\"layerslider_6_1h2mgacsxp70o\" class=\"ls-wp-container fitvidsignore\" style=\"width:1280px;height:720px;margin:0 auto;\"><div class=\"ls-slide\" ><\/div><\/div><\/div><div id='after_layer_slider_1'  class='main_color av_default_container_wrap container_wrap sidebar_right'  ><div class='container av-section-cont-open' ><div class='template-page content  av-content-small alpha units'><div class='post-entry post-entry-type-page post-entry-188'><div class='entry-content-wrapper clearfix'>\n\n<style type=\"text\/css\" data-created_by=\"avia_inline_auto\" id=\"style-css-av-av_one_full-352b07ef7d3bc99b2e9f92e7a9e06bdb\">\n.flex_column.av-av_one_full-352b07ef7d3bc99b2e9f92e7a9e06bdb{\nborder-radius:0px 0px 0px 0px;\n-webkit-border-radius:0px 0px 0px 0px;\n-moz-border-radius:0px 0px 0px 0px;\n}\n<\/style>\n<div class='flex_column av-av_one_full-352b07ef7d3bc99b2e9f92e7a9e06bdb av_one_full  avia-builder-el-1  el_after_av_layerslider  el_before_av_one_full  avia-builder-el-first  first flex_column_div av-zero-column-padding '   ><style type=\"text\/css\" data-created_by=\"avia_inline_auto\" id=\"style-css-av-av_heading-839a05d11ab0934bce29d22857bcd2a1\">\n#top .av-special-heading.av-av_heading-839a05d11ab0934bce29d22857bcd2a1{\npadding-bottom:10px;\n}\nbody .av-special-heading.av-av_heading-839a05d11ab0934bce29d22857bcd2a1 .av-special-heading-tag .heading-char{\nfont-size:25px;\n}\n.av-special-heading.av-av_heading-839a05d11ab0934bce29d22857bcd2a1 .av-subheading{\nfont-size:15px;\n}\n<\/style>\n<div  class='av-special-heading av-av_heading-839a05d11ab0934bce29d22857bcd2a1 av-special-heading-h3  avia-builder-el-2  avia-builder-el-no-sibling '><h3 class='av-special-heading-tag'  itemprop=\"headline\"  >A PROGRAMR\u00d3L<\/h3><div class=\"special-heading-border\"><div class=\"special-heading-inner-border\"><\/div><\/div><\/div><\/div>\n\n<style type=\"text\/css\" data-created_by=\"avia_inline_auto\" id=\"style-css-av-av_one_full-352b07ef7d3bc99b2e9f92e7a9e06bdb\">\n.flex_column.av-av_one_full-352b07ef7d3bc99b2e9f92e7a9e06bdb{\nborder-radius:0px 0px 0px 0px;\n-webkit-border-radius:0px 0px 0px 0px;\n-moz-border-radius:0px 0px 0px 0px;\n}\n<\/style>\n<div class='flex_column av-av_one_full-352b07ef7d3bc99b2e9f92e7a9e06bdb av_one_full  avia-builder-el-3  el_after_av_one_full  el_before_av_one_half  first flex_column_div av-zero-column-padding column-top-margin'   ><section  class='av_textblock_section av-av_textblock-0366cc7376be6c9e82a3e9cc8987b64f'  itemscope=\"itemscope\" itemtype=\"https:\/\/schema.org\/CreativeWork\" ><div class='avia_textblock'  itemprop=\"text\" ><p>Az Interreg V-A Szlov\u00e9nia-Magyarorsz\u00e1g Egy\u00fcttm\u0171k\u00f6d\u00e9si Program egy olyan egy\u00fcttm\u0171k\u00f6d\u00e9si folyamat folytat\u00e1sa, amely a 90-es \u00e9vekben indult h\u00e1romoldal\u00fa \u00e9s k\u00e9toldal\u00fa kompoz\u00edci\u00f3kban (Ausztria-Szlov\u00e9nia-Magyarorsz\u00e1g, Szlov\u00e9nia-Magyarorsz\u00e1g-Horv\u00e1torsz\u00e1g \u00e9s Szlov\u00e9nia-Magyarorsz\u00e1g Hat\u00e1ron \u00c1tny\u00fal\u00f3 Egy\u00fcttm\u0171k\u00f6d\u00e9si Programok). Ezen nagy hagyom\u00e1nnyal b\u00edr\u00f3 hat\u00e1ron \u00e1tny\u00fal\u00f3 egy\u00fcttm\u0171k\u00f6d\u00e9si programok eredm\u00e9nyek\u00e9nt \u00e9rt\u00e9kes tapasztalatokra tettek szert nem csak a Programot ir\u00e1ny\u00edt\u00f3 szervezetek, hanem a r\u00e9sztvev\u0151 orsz\u00e1gok \u00e9rdekelt felei is, amelyre a jelenlegi Program \u00e9p\u00edt.<\/p>\n<p style=\"text-align: justify;\">A strat\u00e9gia kidolgoz\u00e1sa sor\u00e1n a Task Force \u2013 az Egy\u00fcttm\u0171k\u00f6d\u00e9si Program kidolgoz\u00e1s\u00e1\u00e9rt felel\u0151s k\u00f6z\u00f6s test\u00fclet &#8211; figyelembe vette az EU \u00e1ltal meghat\u00e1rozott politikai kereteket, a nemzeti \u00e9s region\u00e1lis fejleszt\u00e9si strat\u00e9gi\u00e1kat, a programter\u00fclet saj\u00e1toss\u00e1gait, a kor\u00e1bbi programperi\u00f3dusok tapasztalatait \u00e9s az \u00e9rdekeltek sz\u00e1m\u00e1ra e c\u00e9lb\u00f3l szervezett rendezv\u00e9nyek sor\u00e1n \u00f6sszegy\u0171jt\u00f6tt v\u00e9lem\u00e9ny\u00e9t.<\/p>\n<\/div><\/section><\/div>\n\n<style type=\"text\/css\" data-created_by=\"avia_inline_auto\" id=\"style-css-av-av_one_half-352b07ef7d3bc99b2e9f92e7a9e06bdb\">\n.flex_column.av-av_one_half-352b07ef7d3bc99b2e9f92e7a9e06bdb{\nborder-radius:0px 0px 0px 0px;\n-webkit-border-radius:0px 0px 0px 0px;\n-moz-border-radius:0px 0px 0px 0px;\n}\n<\/style>\n<div class='flex_column av-av_one_half-352b07ef7d3bc99b2e9f92e7a9e06bdb av_one_half  avia-builder-el-5  el_after_av_one_full  el_before_av_one_half  first flex_column_div av-zero-column-padding column-top-margin'   ><section  class='av_textblock_section av-av_textblock-0366cc7376be6c9e82a3e9cc8987b64f'  itemscope=\"itemscope\" itemtype=\"https:\/\/schema.org\/CreativeWork\" ><div class='avia_textblock'  itemprop=\"text\" ><div class=\"wpfilebase-file-default\" onclick=\"if('undefined' == typeof event.target.href) document.getElementById('wpfb-file-link-1').click();\">\r\n  <div class=\"icon\"><a href=\"http:\/\/www.si-hu.eu\/hu2\/download\/Interreg-V-A-Szlovenia-Magyarorszag-Egyuttmukodesi-Program-2014-2020-tamogatasi-idoszak.pdf\" target=\"_blank\" title=\"Download Interreg-V-A-Szlovenia-Magyarorszag-Egyuttmukodesi-Program-2014-2020-tamogatasi-idoszak\"><img align=\"middle\" src=\"http:\/\/www.si-hu.eu\/hu2\/wp-includes\/images\/crystal\/document.png\" alt=\"Interreg-V-A-Szlovenia-Magyarorszag-Egyuttmukodesi-Program-2014-2020-tamogatasi-idoszak\" \/><\/a><\/div>\r\n  <div class=\"filetitle\">\r\n    <a href=\"http:\/\/www.si-hu.eu\/hu2\/download\/Interreg-V-A-Szlovenia-Magyarorszag-Egyuttmukodesi-Program-2014-2020-tamogatasi-idoszak.pdf\" title=\"Download Interreg-V-A-Szlovenia-Magyarorszag-Egyuttmukodesi-Program-2014-2020-tamogatasi-idoszak\" target=\"_blank\" id=\"wpfb-file-link-1\">Interreg-V-A-Szlovenia-Magyarorszag-Egyuttmukodesi-Program-2014-2020-tamogatasi-idoszak<\/a>\r\n    \r\n    <br \/>\r\n    Interreg-V-A-Szlovenia-Magyarorszag-Egyuttmukodesi-Program-2014-2020-tamogatasi-idoszak.pdf<br \/>\r\n    \r\n  <\/div>\r\n  <div class=\"info\">\r\n    1.5 MiB<br \/>\r\n    1699 Downloads<br \/>\r\n    <a href=\"#\" onclick=\"return wpfilebase_filedetails(1);\">Podrobnosti<\/a>\r\n  <\/div>\r\n  <div class=\"details\" id=\"wpfilebase-filedetails1\" style=\"display: none;\">\r\n  \r\n  <table border=\"0\">\r\n   \r\n   \r\n   \r\n   \r\n   \r\n   \r\n   <tr><td><strong>Datum:<\/strong><\/td><td>31. 3. 2017<\/td><\/tr>\r\n  <\/table>\r\n  <\/div>\r\n <div style=\"clear: both;\"><\/div>\r\n<\/div>\n<\/div><\/section><\/div>\n<style type=\"text\/css\" data-created_by=\"avia_inline_auto\" id=\"style-css-av-av_one_half-2a64de42b738552fe666ca889af77e28\">\n.flex_column.av-av_one_half-2a64de42b738552fe666ca889af77e28{\nborder-radius:0px 0px 0px 0px;\n-webkit-border-radius:0px 0px 0px 0px;\n-moz-border-radius:0px 0px 0px 0px;\n}\n<\/style>\n<div class='flex_column av-av_one_half-2a64de42b738552fe666ca889af77e28 av_one_half  avia-builder-el-7  el_after_av_one_half  avia-builder-el-last  flex_column_div av-zero-column-padding column-top-margin'   ><section  class='av_textblock_section av-av_textblock-0366cc7376be6c9e82a3e9cc8987b64f'  itemscope=\"itemscope\" itemtype=\"https:\/\/schema.org\/CreativeWork\" ><div class='avia_textblock'  itemprop=\"text\" ><div class=\"wpfilebase-file-default\" onclick=\"if('undefined' == typeof event.target.href) document.getElementById('wpfb-file-link-2').click();\">\r\n  <div class=\"icon\"><a href=\"http:\/\/www.si-hu.eu\/hu2\/download\/OSSZEFOGLALO%20EGYUTTMUKODESI%20PROGRAM%20Interreg%20SI-HU.pdf\" target=\"_blank\" title=\"Download \u00d6SSZEFOGLAL\u00d3 EGY\u00dcTTM\u0170K\u00d6D\u00c9SI PROGRAM Interreg SI-HU\"><img align=\"middle\" src=\"http:\/\/www.si-hu.eu\/hu2\/?wpfilebase_thumbnail=1&amp;fid=10&amp;name=thumb_povzetek-120x86.jpg\" alt=\"\u00d6SSZEFOGLAL\u00d3 EGY\u00dcTTM\u0170K\u00d6D\u00c9SI PROGRAM Interreg SI-HU\" \/><\/a><\/div>\r\n  <div class=\"filetitle\">\r\n    <a href=\"http:\/\/www.si-hu.eu\/hu2\/download\/OSSZEFOGLALO%20EGYUTTMUKODESI%20PROGRAM%20Interreg%20SI-HU.pdf\" title=\"Download \u00d6SSZEFOGLAL\u00d3 EGY\u00dcTTM\u0170K\u00d6D\u00c9SI PROGRAM Interreg SI-HU\" target=\"_blank\" id=\"wpfb-file-link-2\">\u00d6SSZEFOGLAL\u00d3 EGY\u00dcTTM\u0170K\u00d6D\u00c9SI PROGRAM Interreg SI-HU<\/a>\r\n    \r\n    <br \/>\r\n    OSSZEFOGLALO EGYUTTMUKODESI PROGRAM Interreg SI-HU.pdf<br \/>\r\n    \r\n  <\/div>\r\n  <div class=\"info\">\r\n    2.2 MiB<br \/>\r\n    899 Downloads<br \/>\r\n    <a href=\"#\" onclick=\"return wpfilebase_filedetails(2);\">Podrobnosti<\/a>\r\n  <\/div>\r\n  <div class=\"details\" id=\"wpfilebase-filedetails2\" style=\"display: none;\">\r\n  \r\n  <table border=\"0\">\r\n   \r\n   \r\n   \r\n   \r\n   \r\n   \r\n   <tr><td><strong>Datum:<\/strong><\/td><td>8. 9. 2016<\/td><\/tr>\r\n  <\/table>\r\n  <\/div>\r\n <div style=\"clear: both;\"><\/div>\r\n<\/div>\n<\/div><\/section><\/div><\/p>\n","protected":false},"excerpt":{"rendered":"","protected":false},"author":3,"featured_media":0,"parent":187,"menu_order":0,"comment_status":"closed","ping_status":"closed","template":"","meta":{"ngg_post_thumbnail":0},"acf":[],"_links":{"self":[{"href":"http:\/\/www.si-hu.eu\/hu2\/wp-json\/wp\/v2\/pages\/188"}],"collection":[{"href":"http:\/\/www.si-hu.eu\/hu2\/wp-json\/wp\/v2\/pages"}],"about":[{"href":"http:\/\/www.si-hu.eu\/hu2\/wp-json\/wp\/v2\/types\/page"}],"author":[{"embeddable":true,"href":"http:\/\/www.si-hu.eu\/hu2\/wp-json\/wp\/v2\/users\/3"}],"replies":[{"embeddable":true,"href":"http:\/\/www.si-hu.eu\/hu2\/wp-json\/wp\/v2\/comments?post=188"}],"version-history":[{"count":2,"href":"http:\/\/www.si-hu.eu\/hu2\/wp-json\/wp\/v2\/pages\/188\/revisions"}],"predecessor-version":[{"id":1716,"href":"http:\/\/www.si-hu.eu\/hu2\/wp-json\/wp\/v2\/pages\/188\/revisions\/1716"}],"up":[{"embeddable":true,"href":"http:\/\/www.si-hu.eu\/hu2\/wp-json\/wp\/v2\/pages\/187"}],"wp:attachment":[{"href":"http:\/\/www.si-hu.eu\/hu2\/wp-json\/wp\/v2\/media?parent=188"}],"curies":[{"name":"wp","href":"https:\/\/api.w.org\/{rel}","templated":true}]}}