{"id":190,"date":"2015-10-02T21:21:42","date_gmt":"2015-10-02T20:21:42","guid":{"rendered":"http:\/\/84.39.218.252\/si2\/?page_id=28"},"modified":"2015-12-18T13:13:57","modified_gmt":"2015-12-18T12:13:57","slug":"programsko-obmocje","status":"publish","type":"page","link":"http:\/\/www.si-hu.eu\/hu2\/program\/programsko-obmocje\/","title":{"rendered":"Programsko obmo\u010dje"},"content":{"rendered":"<div id='layer_slider_1'  class='avia-layerslider main_color avia-shadow  avia-builder-el-0  el_before_av_one_fourth  avia-builder-el-first  container_wrap sidebar_right'  style='height: 1px;'  ><div id=\"layerslider_6_alrdwgg9ijz7\" class=\"ls-wp-container fitvidsignore\" style=\"width:1280px;height:720px;margin:0 auto;\"><div class=\"ls-slide\" ><\/div><\/div><\/div><div id='after_layer_slider_1'  class='main_color av_default_container_wrap container_wrap sidebar_right'  ><div class='container av-section-cont-open' ><div class='template-page content  av-content-small alpha units'><div class='post-entry post-entry-type-page post-entry-190'><div class='entry-content-wrapper clearfix'>\n\n<style type=\"text\/css\" data-created_by=\"avia_inline_auto\" id=\"style-css-av-av_one_fourth-352b07ef7d3bc99b2e9f92e7a9e06bdb\">\n.flex_column.av-av_one_fourth-352b07ef7d3bc99b2e9f92e7a9e06bdb{\nborder-radius:0px 0px 0px 0px;\n-webkit-border-radius:0px 0px 0px 0px;\n-moz-border-radius:0px 0px 0px 0px;\n}\n<\/style>\n<div class='flex_column av-av_one_fourth-352b07ef7d3bc99b2e9f92e7a9e06bdb av_one_fourth  avia-builder-el-1  el_after_av_layerslider  el_before_av_two_third  avia-builder-el-first  first flex_column_div av-zero-column-padding '   ><section  class='av_textblock_section av-av_textblock-0366cc7376be6c9e82a3e9cc8987b64f'  itemscope=\"itemscope\" itemtype=\"https:\/\/schema.org\/CreativeWork\" ><div class='avia_textblock'  itemprop=\"text\" ><h2>Programter\u00fclet<\/h2>\n<p style=\"text-align: justify;\">A programter\u00fclet a k\u00f6vetkez\u0151 NUTS3 r\u00e9gi\u00f3kat tartalmazza (2014\/388\/EU Bizotts\u00e1gi V\u00e9grehajt\u00e1si Hat\u00e1rozat):<\/p>\n<p style=\"text-align: justify;\"><strong>Szlov\u00e9ni\u00e1:<\/strong><\/p>\n<ul>\n<li style=\"text-align: justify;\">Podravje r\u00e9gi\u00f3 \u00e9s<\/li>\n<li style=\"text-align: justify;\">Pomurje r\u00e9gi\u00f3<\/li>\n<\/ul>\n<p><strong>Magyarorsz\u00e1g:\u00a0<\/strong><\/p>\n<ul>\n<li>Vas megye \u00e9s<\/li>\n<li>Zala megye<\/li>\n<\/ul>\n<\/div><\/section><\/div>\n<style type=\"text\/css\" data-created_by=\"avia_inline_auto\" id=\"style-css-av-av_two_third-2a64de42b738552fe666ca889af77e28\">\n.flex_column.av-av_two_third-2a64de42b738552fe666ca889af77e28{\nborder-radius:0px 0px 0px 0px;\n-webkit-border-radius:0px 0px 0px 0px;\n-moz-border-radius:0px 0px 0px 0px;\n}\n<\/style>\n<div class='flex_column av-av_two_third-2a64de42b738552fe666ca889af77e28 av_two_third  avia-builder-el-3  el_after_av_one_fourth  avia-builder-el-last  flex_column_div av-zero-column-padding '   ><section  class='av_textblock_section av-av_textblock-0366cc7376be6c9e82a3e9cc8987b64f'  itemscope=\"itemscope\" itemtype=\"https:\/\/schema.org\/CreativeWork\" ><div class='avia_textblock'  itemprop=\"text\" ><p style=\"text-align: justify;\">A Szlov\u00e9nia-Magyarorsz\u00e1g hat\u00e1r menti r\u00e9gi\u00f3 ter\u00fclete \u00f6sszesen 10.658 km2 kiterjed\u00e9s\u0171, melynek 2\/3-a tartozik a magyar, 1\/3-a a szlov\u00e9n hat\u00e1r menti r\u00e9gi\u00f3ba, melyet 102 km hossz\u00fa \u00e1llamhat\u00e1r v\u00e1laszt el. A programter\u00fclet Szlov\u00e9nia \u00e9szak-keleti r\u00e9sz\u00e9n \u00e9s Magyarorsz\u00e1g d\u00e9l-nyugati v\u00e9g\u00e9ben ter\u00fcl el. F\u00f6ldrajzilag els\u0151sorban a v\u00e1ltakoz\u00f3 s\u00edk- \u00e9s dombvid\u00e9ki ter\u00fcletek jellemz\u0151ek a r\u00e9gi\u00f3ra.<\/p>\n<p style=\"text-align: justify;\"><a href=\"http:\/\/www.si-hu.eu\/hu2\/wp-content\/uploads\/sites\/10\/2015\/10\/ProgramskoobmocjeHU.jpg\"><img loading=\"lazy\" class=\"alignnone wp-image-335\" src=\"http:\/\/www.si-hu.eu\/hu2\/wp-content\/uploads\/sites\/10\/2015\/10\/ProgramskoobmocjeHU.jpg\" alt=\"ProgramskoobmocjeHU\" width=\"443\" height=\"367\" srcset=\"http:\/\/www.si-hu.eu\/hu2\/wp-content\/uploads\/sites\/10\/2015\/10\/ProgramskoobmocjeHU.jpg 627w, http:\/\/www.si-hu.eu\/hu2\/wp-content\/uploads\/sites\/10\/2015\/10\/ProgramskoobmocjeHU-300x249.jpg 300w, http:\/\/www.si-hu.eu\/hu2\/wp-content\/uploads\/sites\/10\/2015\/10\/ProgramskoobmocjeHU-600x498.jpg 600w, http:\/\/www.si-hu.eu\/hu2\/wp-content\/uploads\/sites\/10\/2015\/10\/ProgramskoobmocjeHU-450x373.jpg 450w\" sizes=\"(max-width: 443px) 100vw, 443px\" \/><\/a><\/p>\n<p style=\"text-align: justify;\">A meghat\u00e1rozott programter\u00fcletet az al\u00e1bbi kulcsfontoss\u00e1g\u00fa t\u00e9nyek \u00e9s trendek jellemzik:<\/p>\n<p style=\"text-align: justify;\">A programter\u00fclet egyik f\u0151 jellemz\u0151je az egyenl\u0151tlen n\u00e9pess\u00e9geloszl\u00e1s: a t\u00f6bbs\u00e9g a nagyobb v\u00e1rosokban lakik, m\u00edg a t\u00e9rs\u00e9get jellemz\u0151en agr\u00e1rtelep\u00fcl\u00e9sek alkotj\u00e1k. A n\u00e9pess\u00e9g el\u00f6reged\u00e9se n\u00f6vekv\u0151 tendenci\u00e1t mutat, a term\u00e9szetes fogy\u00e1s magas, az elv\u00e1ndorl\u00e1s ar\u00e1nya igen sz\u00e1mottev\u0151. Mivel a ter\u00fclet gazdas\u00e1gi teljes\u00edtm\u00e9nye korl\u00e1tozott, k\u00fcl\u00f6n\u00f6sen a vid\u00e9ki ter\u00fcleteken, n\u00f6vekszik azok sz\u00e1ma, akik az elszeg\u00e9nyed\u00e9s kock\u00e1zat\u00e1val k\u00fczdenek. Mindezen probl\u00e9m\u00e1k j\u00f3 min\u0151s\u00e9g\u0171, hozz\u00e1f\u00e9rhet\u0151, innovat\u00edv szoci\u00e1lis szolg\u00e1ltat\u00e1sok ig\u00e9ny\u00e9t t\u00e1masztj\u00e1k, melyekkel a jelens\u00e9g negat\u00edv t\u00e1rsadalmi hat\u00e1sa m\u00e9rs\u00e9kelhet\u0151 lenne.<\/p>\n<p style=\"text-align: justify;\">Az ipari tev\u00e9kenys\u00e9g a v\u00e1rosi k\u00f6zpontokra korl\u00e1toz\u00f3dik, ez\u00e9rt a mez\u0151gazdas\u00e1g m\u00e9g mindig fontos szerepet j\u00e1tszik a gazdas\u00e1gban. Mindazon\u00e1ltal, mivel a gazdas\u00e1gi versenyk\u00e9pess\u00e9g meglehet\u0151sen alacsony, a r\u00e9gi\u00f3 nem tud elegend\u0151 munkalehet\u0151s\u00e9get biztos\u00edtani, \u00edgy magas a munkan\u00e9lk\u00fcliek ar\u00e1nya \u00e9s az elv\u00e1ndorl\u00e1s, k\u00fcl\u00f6n\u00f6sen az agr\u00e1rtelep\u00fcl\u00e9sek viszonylat\u00e1ban. Mindezek fenntarthat\u00f3 megold\u00e1sok azonos\u00edt\u00e1s\u00e1t teszik sz\u00fcks\u00e9gess\u00e9 a gazdas\u00e1gi teljes\u00edtm\u00e9ny jav\u00edt\u00e1s\u00e1ra \u00e9s a t\u00e9rs\u00e9g emberi er\u0151forr\u00e1s megtart\u00f3 erej\u00e9re.<\/p>\n<p style=\"text-align: justify;\">A R\u00e9gi\u00f3 j\u00f3l kapcsol\u00f3dik a programt\u00e9rs\u00e9gen k\u00edv\u00fclre a Budapest &#8211; Ljubljana aut\u00f3p\u00e1ly\u00e1val, ugyanakkor a bels\u0151 \u00fath\u00e1l\u00f3zat, amely a t\u00e9rs\u00e9g bels\u0151 telep\u00fcl\u00e9seit k\u00f6ti az aut\u00f3p\u00e1ly\u00e1hoz, mind s\u0171r\u0171s\u00e9g, mind pedig min\u0151s\u00e9g tekintet\u00e9ben nem megfelel\u0151. A t\u00f6megk\u00f6zleked\u00e9si rendszer gyeng\u00e9n fejlett, \u00edgy a hat\u00e1ron k\u00e9t oldala k\u00f6z\u00f6tti mobilit\u00e1st sem t\u00e1mogatja. A korl\u00e1tozott r\u00e9gi\u00f3n bel\u00fcli el\u00e9rhet\u0151s\u00e9g a programter\u00fclet gazdas\u00e1gi potenci\u00e1lj\u00e1nak kihaszn\u00e1l\u00e1s\u00e1t is h\u00e1tr\u00e1ltatja.<\/p>\n<p style=\"text-align: justify;\">A R\u00e9gi\u00f3 meg\u00fajul\u00f3 energiaforr\u00e1sokban gazdag, ugyanakkor ezek hasznos\u00edt\u00e1sa alacsony szint\u0171. Az \u00faj energiapolitikai k\u00f6rnyezetben ezen forr\u00e1sok felhaszn\u00e1l\u00e1si lehet\u0151s\u00e9geinek felt\u00e1r\u00e1sa \u00faj potenci\u00e1lt biztos\u00edthat a r\u00e9gi\u00f3nak.<\/p>\n<p style=\"text-align: justify;\">A programter\u00fclet gazdag \u00e9s \u00e9rt\u00e9kes term\u00e9szeti \u00e9s kultur\u00e1lis adotts\u00e1gokkal rendelkezik (nemzeti parkok, term\u00e9szetv\u00e9delmi ter\u00fcletek, NATURA 2000 ter\u00fcletek). Az egyed\u00fcl\u00e1ll\u00f3 term\u00e9szeti k\u00f6rnyezetet a k\u00e9t partner\u00e1llam is sz\u00e1mos term\u00e9szetv\u00e9delmi ter\u00fclet, nemzeti park stb. kijel\u00f6l\u00e9s\u00e9vel ismerte el. Mivel a programter\u00fclet k\u00e9t kult\u00fara (szlov\u00e9n \u00e9s magyar) metsz\u00e9si pontj\u00e1ban tal\u00e1lhat\u00f3, a gazdag term\u00e9szeti \u00e9rt\u00e9keket a hossz\u00fa k\u00f6lcs\u00f6nhat\u00e1s \u00e9s a k\u00f6z\u00f6s m\u00falt kultur\u00e1lis \u00f6r\u00f6ks\u00e9g\u00e9nek fontos elemei eg\u00e9sz\u00edtik ki. Mivel a t\u00e9rs\u00e9g kultur\u00e1lis \u00e9rt\u00e9ke abban nyilv\u00e1nul meg, ahogy a k\u00e9t kult\u00fara komplexen \u00f6sszeolvad, \u00edgy a term\u00e9szeti kincsek fenntart\u00e1sa \u00e9s fejleszt\u00e9se mellett a kultur\u00e1lis identit\u00e1sok meg\u0151rz\u00e9se \u00e9s hasznos\u00edt\u00e1sa a t\u00e9rs\u00e9g egyik olyan \u00e1gazata lehet, amely kataliz\u00e1lja a programter\u00fclet fejl\u0151d\u00e9s\u00e9t.<\/p>\n<p style=\"text-align: justify;\">A helyzetelemz\u00e9s kimutatja, hogy jelenleg a t\u00e9rs\u00e9g idegenforgalm\u00e1nak alapj\u00e1t f\u0151leg a fontos term\u00e9szeti \u00e9rt\u00e9kek, mint a Balaton, hegyek (s\u00edp\u00e1ly\u00e1k) \u00e9s term\u00e1lvizek alkotj\u00e1k. Ez a jellemz\u0151 vezetett oda, hogy t\u00e9rs\u00e9g f\u00f6ldrajzi koncentr\u00e1ci\u00f3ja a turisztikai k\u00f6zpontokra tev\u0151dik, hiszen azok n\u00e9pszer\u0171ek a turist\u00e1k k\u00f6r\u00e9ben, \u00e9s viszonylag j\u00f3l felszereltek infrastrukt\u00fara tekintet\u00e9ben. Mindamellett a r\u00e9gi\u00f3 gazdag k\u00fcl\u00f6nb\u00f6z\u0151 term\u00e9szeti \u00e9s kultur\u00e1lis er\u0151forr\u00e1sokban, kiv\u00e1l\u00f3an alkalmas &#8220;lass\u00fa turizmus&#8221;-ra \u00faj, \u00fajszer\u0171 agro- \u00e9s vid\u00e9ki turizmuson kereszt\u00fcl. Ez a potenci\u00e1l jelenleg kiakn\u00e1zatlan a megfelel\u0151 infrastrukt\u00fara, a min\u0151s\u00e9gi idegenforgalmi szolg\u00e1ltat\u00e1sok hi\u00e1ny\u00e1ban. Tov\u00e1bb\u00e1 a r\u00e9gi\u00f3 megl\u00e9v\u0151 turisztikai k\u00edn\u00e1lata sem haszn\u00e1lja a hat\u00e1ron \u00e1tny\u00fal\u00f3 jellegben rejl\u0151 potenci\u00e1lt t\u00e1gabb, integr\u00e1ltabb, vonz\u00f3bb turisztikai term\u00e9kek kialak\u00edt\u00e1s\u00e1val.<\/p>\n<\/div><\/section><\/div><\/p>\n","protected":false},"excerpt":{"rendered":"","protected":false},"author":3,"featured_media":0,"parent":187,"menu_order":0,"comment_status":"closed","ping_status":"closed","template":"","meta":{"ngg_post_thumbnail":0},"acf":[],"_links":{"self":[{"href":"http:\/\/www.si-hu.eu\/hu2\/wp-json\/wp\/v2\/pages\/190"}],"collection":[{"href":"http:\/\/www.si-hu.eu\/hu2\/wp-json\/wp\/v2\/pages"}],"about":[{"href":"http:\/\/www.si-hu.eu\/hu2\/wp-json\/wp\/v2\/types\/page"}],"author":[{"embeddable":true,"href":"http:\/\/www.si-hu.eu\/hu2\/wp-json\/wp\/v2\/users\/3"}],"replies":[{"embeddable":true,"href":"http:\/\/www.si-hu.eu\/hu2\/wp-json\/wp\/v2\/comments?post=190"}],"version-history":[{"count":0,"href":"http:\/\/www.si-hu.eu\/hu2\/wp-json\/wp\/v2\/pages\/190\/revisions"}],"up":[{"embeddable":true,"href":"http:\/\/www.si-hu.eu\/hu2\/wp-json\/wp\/v2\/pages\/187"}],"wp:attachment":[{"href":"http:\/\/www.si-hu.eu\/hu2\/wp-json\/wp\/v2\/media?parent=190"}],"curies":[{"name":"wp","href":"https:\/\/api.w.org\/{rel}","templated":true}]}}