{"id":256,"date":"2015-10-14T14:10:01","date_gmt":"2015-10-14T13:10:01","guid":{"rendered":"http:\/\/www.si-hu.eu\/hu2\/?page_id=256"},"modified":"2015-12-18T20:26:17","modified_gmt":"2015-12-18T19:26:17","slug":"prijava-na-e-novice","status":"publish","type":"page","link":"http:\/\/www.si-hu.eu\/hu2\/prijava-na-e-novice\/","title":{"rendered":"Prijava na e-novice"},"content":{"rendered":"\n<style type=\"text\/css\" data-created_by=\"avia_inline_auto\" id=\"style-css-av-av_one_full-352b07ef7d3bc99b2e9f92e7a9e06bdb\">\n.flex_column.av-av_one_full-352b07ef7d3bc99b2e9f92e7a9e06bdb{\nborder-radius:0px 0px 0px 0px;\n-webkit-border-radius:0px 0px 0px 0px;\n-moz-border-radius:0px 0px 0px 0px;\n}\n<\/style>\n<div class='flex_column av-av_one_full-352b07ef7d3bc99b2e9f92e7a9e06bdb av_one_full  avia-builder-el-0  avia-builder-el-no-sibling  first flex_column_div av-zero-column-padding '   ><section  class='av_textblock_section av-av_textblock-0366cc7376be6c9e82a3e9cc8987b64f'  itemscope=\"itemscope\" itemtype=\"https:\/\/schema.org\/CreativeWork\" ><div class='avia_textblock'  itemprop=\"text\" ><header class=\"entry-content-header\">\n<h3 class=\"iconbox_content_title\">E-H\u00cdRLEV\u00c9L<\/h3>\n<\/header>\n<div class=\"iconbox_content_container \">\n<p>A H\u00edrlev\u00e9l egy ingyenes \u00e9s t\u00f6k\u00e9letes eszk\u00f6z az \u00d6n\u00f6k t\u00e1j\u00e9koztat\u00e1s\u00e1ra. Ha az \u00d6n neve is szerepel a list\u00e1n, soha nem fog elmulasztani egy Interreg V-A Szlov\u00e9nia-Magyarorsz\u00e1g EP-vel kapcsolatos esem\u00e9ny sem \u00fajra.<\/p>\n<p>Feliratkozhat az e-mail c\u00edm\u00e9vel az e-h\u00edrekre \u00edgy meg fogja kapni az Interreg V-A Szlov\u00e9nia-Magyarorsz\u00e1g Egy\u00fcttm\u0171k\u00f6d\u00e9si Program h\u00edreit \u00e9s esem\u00e9nyeivel kapcsolatos figyelmeztet\u00e9seit teljesen ingyen. Adatai kiz\u00e1r\u00f3lag az e-h\u00edrlev\u00e9l c\u00e9lj\u00e1b\u00f3l ker\u00fclnek felhaszn\u00e1l\u00e1sra.<\/p>\n<\/div>\n<\/div><\/section><\/div>\n","protected":false},"excerpt":{"rendered":"","protected":false},"author":3,"featured_media":0,"parent":0,"menu_order":0,"comment_status":"closed","ping_status":"closed","template":"","meta":{"ngg_post_thumbnail":0},"acf":[],"_links":{"self":[{"href":"http:\/\/www.si-hu.eu\/hu2\/wp-json\/wp\/v2\/pages\/256"}],"collection":[{"href":"http:\/\/www.si-hu.eu\/hu2\/wp-json\/wp\/v2\/pages"}],"about":[{"href":"http:\/\/www.si-hu.eu\/hu2\/wp-json\/wp\/v2\/types\/page"}],"author":[{"embeddable":true,"href":"http:\/\/www.si-hu.eu\/hu2\/wp-json\/wp\/v2\/users\/3"}],"replies":[{"embeddable":true,"href":"http:\/\/www.si-hu.eu\/hu2\/wp-json\/wp\/v2\/comments?post=256"}],"version-history":[{"count":0,"href":"http:\/\/www.si-hu.eu\/hu2\/wp-json\/wp\/v2\/pages\/256\/revisions"}],"wp:attachment":[{"href":"http:\/\/www.si-hu.eu\/hu2\/wp-json\/wp\/v2\/media?parent=256"}],"curies":[{"name":"wp","href":"https:\/\/api.w.org\/{rel}","templated":true}]}}