{"id":2951,"date":"2018-05-10T13:17:07","date_gmt":"2018-05-10T12:17:07","guid":{"rendered":"http:\/\/www.si-hu.eu\/hu2\/?page_id=2951"},"modified":"2018-05-10T13:17:07","modified_gmt":"2018-05-10T12:17:07","slug":"workshop-a-palyazoknak-es-a-jelentestetelrol-2","status":"publish","type":"page","link":"http:\/\/www.si-hu.eu\/hu2\/workshop-a-palyazoknak-es-a-jelentestetelrol-2\/","title":{"rendered":"WORKSHOP A P\u00c1LY\u00c1Z\u00d3KNAK \u00c9S A JELENT\u00c9ST\u00c9TELR\u0150L"},"content":{"rendered":"<div id='layer_slider_1'  class='avia-layerslider main_color avia-shadow  avia-builder-el-0  el_before_av_heading  avia-builder-el-first  container_wrap sidebar_right'  style='height: 471px;'  ><div id=\"layerslider_3_6kffktggxr9p\" class=\"ls-wp-container fitvidsignore\" style=\"width:100%;height:470px;margin:0 auto;margin-bottom: 0px;\"><div class=\"ls-slide\" data-ls=\"duration:7000;transition2d:11,13,23;transition3d:all;\"><img width=\"1900\" height=\"600\" src=\"http:\/\/www.si-hu.eu\/hu2\/wp-content\/uploads\/sites\/10\/2015\/10\/slide-intereg-hu.jpg\" class=\"ls-bg\" alt=\"\" srcset=\"http:\/\/www.si-hu.eu\/hu2\/wp-content\/uploads\/sites\/10\/2015\/10\/slide-intereg-hu.jpg 1900w, http:\/\/www.si-hu.eu\/hu2\/wp-content\/uploads\/sites\/10\/2015\/10\/slide-intereg-hu-300x95.jpg 300w, http:\/\/www.si-hu.eu\/hu2\/wp-content\/uploads\/sites\/10\/2015\/10\/slide-intereg-hu-1030x325.jpg 1030w, http:\/\/www.si-hu.eu\/hu2\/wp-content\/uploads\/sites\/10\/2015\/10\/slide-intereg-hu-600x189.jpg 600w, http:\/\/www.si-hu.eu\/hu2\/wp-content\/uploads\/sites\/10\/2015\/10\/slide-intereg-hu-1500x474.jpg 1500w, http:\/\/www.si-hu.eu\/hu2\/wp-content\/uploads\/sites\/10\/2015\/10\/slide-intereg-hu-705x223.jpg 705w, http:\/\/www.si-hu.eu\/hu2\/wp-content\/uploads\/sites\/10\/2015\/10\/slide-intereg-hu-450x142.jpg 450w\" sizes=\"(max-width: 1900px) 100vw, 1900px\" \/><h2 style=\"padding-top:10px;padding-right:10px;padding-bottom:10px;padding-left:10px;color:#ffffff;background:#436f4d;border-radius:15px;top:140px;left:120px;\" class=\"ls-l ls-text-layer\" data-ls=\"offsetxin:80;offsetxout:-80;durationout:400;parallaxlevel:0;\">Interreg V-A Szlov&eacute;nia-Magyarorsz&aacute;g Egy&uuml;ttm&#369;k&ouml;d&eacute;si Program<\/h2><\/div><div class=\"ls-slide\" data-ls=\"duration:8000;\"><img width=\"1900\" height=\"600\" src=\"http:\/\/www.si-hu.eu\/hu2\/wp-content\/uploads\/sites\/10\/2015\/10\/slide-intereg-hu_02.jpg\" class=\"ls-bg\" alt=\"\" srcset=\"http:\/\/www.si-hu.eu\/hu2\/wp-content\/uploads\/sites\/10\/2015\/10\/slide-intereg-hu_02.jpg 1900w, http:\/\/www.si-hu.eu\/hu2\/wp-content\/uploads\/sites\/10\/2015\/10\/slide-intereg-hu_02-300x95.jpg 300w, http:\/\/www.si-hu.eu\/hu2\/wp-content\/uploads\/sites\/10\/2015\/10\/slide-intereg-hu_02-1030x325.jpg 1030w, http:\/\/www.si-hu.eu\/hu2\/wp-content\/uploads\/sites\/10\/2015\/10\/slide-intereg-hu_02-600x189.jpg 600w, http:\/\/www.si-hu.eu\/hu2\/wp-content\/uploads\/sites\/10\/2015\/10\/slide-intereg-hu_02-1500x474.jpg 1500w, http:\/\/www.si-hu.eu\/hu2\/wp-content\/uploads\/sites\/10\/2015\/10\/slide-intereg-hu_02-705x223.jpg 705w, http:\/\/www.si-hu.eu\/hu2\/wp-content\/uploads\/sites\/10\/2015\/10\/slide-intereg-hu_02-450x142.jpg 450w\" sizes=\"(max-width: 1900px) 100vw, 1900px\" \/><h2 style=\"padding-top:10px;padding-right:10px;padding-bottom:10px;padding-left:10px;color:#ffffff;background:#436f4d;top:140px;left:120px;\" class=\"ls-l ls-text-layer\" data-ls=\"offsetxin:80;offsetxout:-80;durationout:400;parallaxlevel:0;\">Interreg V-A Szlov&eacute;nia-Magyarorsz&aacute;g Egy&uuml;ttm&#369;k&ouml;d&eacute;si Program<\/h2><\/div><\/div><\/div><div id='after_layer_slider_1'  class='main_color av_default_container_wrap container_wrap sidebar_right'  ><div class='container av-section-cont-open' ><div class='template-page content  av-content-small alpha units'><div class='post-entry post-entry-type-page post-entry-2951'><div class='entry-content-wrapper clearfix'>\n\n<style type=\"text\/css\" data-created_by=\"avia_inline_auto\" id=\"style-css-av-av_heading-3e31ce0db5f366f61ef6340d7deaefbe\">\n#top .av-special-heading.av-av_heading-3e31ce0db5f366f61ef6340d7deaefbe{\npadding-bottom:10px;\n}\nbody .av-special-heading.av-av_heading-3e31ce0db5f366f61ef6340d7deaefbe .av-special-heading-tag .heading-char{\nfont-size:25px;\n}\n.av-special-heading.av-av_heading-3e31ce0db5f366f61ef6340d7deaefbe .av-subheading{\nfont-size:15px;\n}\n<\/style>\n<div  class='av-special-heading av-av_heading-3e31ce0db5f366f61ef6340d7deaefbe av-special-heading-h3  avia-builder-el-1  el_after_av_layerslider  el_before_av_one_third  avia-builder-el-first '><h3 class='av-special-heading-tag'  itemprop=\"headline\"  >WORKSHOP A P\u00c1LY\u00c1Z\u00d3KNAK \u00c9S A JELENT\u00c9ST\u00c9TELR\u0150L <\/h3><div class=\"special-heading-border\"><div class=\"special-heading-inner-border\"><\/div><\/div><\/div>\n\n<style type=\"text\/css\" data-created_by=\"avia_inline_auto\" id=\"style-css-av-av_one_third-352b07ef7d3bc99b2e9f92e7a9e06bdb\">\n.flex_column.av-av_one_third-352b07ef7d3bc99b2e9f92e7a9e06bdb{\nborder-radius:0px 0px 0px 0px;\n-webkit-border-radius:0px 0px 0px 0px;\n-moz-border-radius:0px 0px 0px 0px;\n}\n<\/style>\n<div class='flex_column av-av_one_third-352b07ef7d3bc99b2e9f92e7a9e06bdb av_one_third  avia-builder-el-2  el_after_av_heading  el_before_av_two_third  first flex_column_div av-zero-column-padding '   ><section  class='av_textblock_section av-av_textblock-0366cc7376be6c9e82a3e9cc8987b64f'  itemscope=\"itemscope\" itemtype=\"https:\/\/schema.org\/CreativeWork\" ><div class='avia_textblock'  itemprop=\"text\" ><p><img loading=\"lazy\" class=\"aligncenter size-full wp-image-2952\" src=\"http:\/\/www.si-hu.eu\/hu2\/wp-content\/uploads\/sites\/10\/2018\/05\/collage_workshop-Gosztola.jpg\" alt=\"\" width=\"1200\" height=\"1200\" srcset=\"http:\/\/www.si-hu.eu\/hu2\/wp-content\/uploads\/sites\/10\/2018\/05\/collage_workshop-Gosztola.jpg 1200w, http:\/\/www.si-hu.eu\/hu2\/wp-content\/uploads\/sites\/10\/2018\/05\/collage_workshop-Gosztola-80x80.jpg 80w, http:\/\/www.si-hu.eu\/hu2\/wp-content\/uploads\/sites\/10\/2018\/05\/collage_workshop-Gosztola-300x300.jpg 300w, http:\/\/www.si-hu.eu\/hu2\/wp-content\/uploads\/sites\/10\/2018\/05\/collage_workshop-Gosztola-768x768.jpg 768w, http:\/\/www.si-hu.eu\/hu2\/wp-content\/uploads\/sites\/10\/2018\/05\/collage_workshop-Gosztola-1030x1030.jpg 1030w, http:\/\/www.si-hu.eu\/hu2\/wp-content\/uploads\/sites\/10\/2018\/05\/collage_workshop-Gosztola-600x600.jpg 600w, http:\/\/www.si-hu.eu\/hu2\/wp-content\/uploads\/sites\/10\/2018\/05\/collage_workshop-Gosztola-36x36.jpg 36w, http:\/\/www.si-hu.eu\/hu2\/wp-content\/uploads\/sites\/10\/2018\/05\/collage_workshop-Gosztola-180x180.jpg 180w, http:\/\/www.si-hu.eu\/hu2\/wp-content\/uploads\/sites\/10\/2018\/05\/collage_workshop-Gosztola-705x705.jpg 705w, http:\/\/www.si-hu.eu\/hu2\/wp-content\/uploads\/sites\/10\/2018\/05\/collage_workshop-Gosztola-120x120.jpg 120w, http:\/\/www.si-hu.eu\/hu2\/wp-content\/uploads\/sites\/10\/2018\/05\/collage_workshop-Gosztola-450x450.jpg 450w\" sizes=\"(max-width: 1200px) 100vw, 1200px\" \/><\/p>\n<p><a href=\"http:\/\/www.si-hu.eu\/hu2\/novice\/galerija-slik\/\" target=\"_blank\" rel=\"noopener\">K\u00e9pek a 2018. maius 8-i Gosztola megtartott workshopr\u00f3l<\/a><\/p>\n<\/div><\/section><\/div>\n<style type=\"text\/css\" data-created_by=\"avia_inline_auto\" id=\"style-css-av-av_two_third-2a64de42b738552fe666ca889af77e28\">\n.flex_column.av-av_two_third-2a64de42b738552fe666ca889af77e28{\nborder-radius:0px 0px 0px 0px;\n-webkit-border-radius:0px 0px 0px 0px;\n-moz-border-radius:0px 0px 0px 0px;\n}\n<\/style>\n<div class='flex_column av-av_two_third-2a64de42b738552fe666ca889af77e28 av_two_third  avia-builder-el-4  el_after_av_one_third  el_before_av_one_third  flex_column_div av-zero-column-padding '   ><section  class='av_textblock_section av-av_textblock-0366cc7376be6c9e82a3e9cc8987b64f'  itemscope=\"itemscope\" itemtype=\"https:\/\/schema.org\/CreativeWork\" ><div class='avia_textblock'  itemprop=\"text\" ><p>2018.m\u00e1jus 8-\u00e1n, kedden, a magyarorsz\u00e1gi Gosztol\u00e1n ker\u00fclt sor a jelent\u00e9st\u00e9tellel kapcsolatos, valamint az 5. bead\u00e1si hat\u00e1rid\u0151 lehets\u00e9ges p\u00e1ly\u00e1z\u00f3i sz\u00e1m\u00e1ra megtartott workshopra.<\/p>\n<p>A workshopon prezent\u00e1ci\u00f3 hangzott el arr\u00f3l, mik\u00e9nt lehet a beavatkoz\u00e1si logika szempontj\u00e1b\u00f3l j\u00f3 min\u0151s\u00e9g\u0171 projekteket kidolgozni, \u00e9s mik voltak az el\u0151z\u0151 bead\u00e1si hat\u00e1rid\u0151kben kapott p\u00e1ly\u00e1zatok leggyakoribb hib\u00e1i. A r\u00e9sztvev\u0151k megismerkedtek a t\u00e1j\u00e9koztat\u00e1s \u00e9s kommunik\u00e1ci\u00f3 sor\u00e1n alkalmazand\u00f3 programszab\u00e1lyokkal is. A d\u00e9lel\u0151tti programot az eMS rendszeren kereszt\u00fcl t\u00f6rt\u00e9n\u0151 jelent\u00e9st\u00e9telr\u0151l sz\u00f3l\u00f3 el\u0151ad\u00e1s z\u00e1rta.<\/p>\n<p>A d\u00e9lut\u00e1n folyam\u00e1n a 2. priorit\u00e1si tengely k\u00e9t projektje mutatkozott be. Mindk\u00e9t el\u0151ad\u00e1s k\u00f6zponti t\u00e9m\u00e1ja az volt, hogy hogyan lehet sikeres \u00e9s j\u00f3v\u00e1hagyott projektet el\u0151k\u00e9sz\u00edteni. Ezekben a projektekben is voltak hib\u00e1k a kor\u00e1bbi bead\u00e1si k\u00f6r\u00f6kben, amiket szakmai seg\u00edts\u00e9ggel korrig\u00e1lni tudtak. A d\u00e9lut\u00e1ni szekci\u00f3 befejez\u00e9sek\u00e9nt kerekasztal-besz\u00e9lget\u00e9sre ker\u00fclt sor, melynek t\u00e9m\u00e1ja a 2. priorit\u00e1si tengelyre beny\u00fajtand\u00f3 projektek el\u0151k\u00e9sz\u00edt\u00e9se volt, k\u00fcl\u00f6n\u00f6s tekintettel azokra a ter\u00fcletekre, ahol a leggyakoribb hib\u00e1k el\u0151fordultak. A kedvezm\u00e9nyezettek \u00f6tleteket kaptak arra, hogy hogyan tudj\u00e1k m\u00e9g f\u00f3kusz\u00e1ltabb\u00e1 \u00e9s jobban el\u0151k\u00e9sz\u00edtett\u00e9 tenni projektjeiket. A vit\u00e1ban a jelen lev\u0151k akt\u00edvan r\u00e9szt vettek, \u00e9s hasznos inform\u00e1ci\u00f3kat kaptak az Ir\u00e1ny\u00edt\u00f3 Hat\u00f3s\u00e1gt\u00f3l \u00e9s a K\u00f6z\u00f6s Titk\u00e1rs\u00e1gt\u00f3l.<\/p>\n<p>A jelent\u00e9st\u00e9teli workshopr\u00f3l tov\u00e1bbi inform\u00e1ci\u00f3k\u00e9rt k\u00e9rj\u00fck, kattintson ide.<\/p>\n<\/div><\/section><\/div>\n<style type=\"text\/css\" data-created_by=\"avia_inline_auto\" id=\"style-css-av-av_one_third-352b07ef7d3bc99b2e9f92e7a9e06bdb\">\n.flex_column.av-av_one_third-352b07ef7d3bc99b2e9f92e7a9e06bdb{\nborder-radius:0px 0px 0px 0px;\n-webkit-border-radius:0px 0px 0px 0px;\n-moz-border-radius:0px 0px 0px 0px;\n}\n<\/style>\n<div class='flex_column av-av_one_third-352b07ef7d3bc99b2e9f92e7a9e06bdb av_one_third  avia-builder-el-6  el_after_av_two_third  el_before_av_one_third  first flex_column_div av-zero-column-padding column-top-margin'   ><\/div><\/p>\n\n<style type=\"text\/css\" data-created_by=\"avia_inline_auto\" id=\"style-css-av-av_one_third-2a64de42b738552fe666ca889af77e28\">\n.flex_column.av-av_one_third-2a64de42b738552fe666ca889af77e28{\nborder-radius:0px 0px 0px 0px;\n-webkit-border-radius:0px 0px 0px 0px;\n-moz-border-radius:0px 0px 0px 0px;\n}\n<\/style>\n<div class='flex_column av-av_one_third-2a64de42b738552fe666ca889af77e28 av_one_third  avia-builder-el-7  el_after_av_one_third  el_before_av_one_third  flex_column_div av-zero-column-padding column-top-margin'   ><section  class='av_textblock_section av-av_textblock-0366cc7376be6c9e82a3e9cc8987b64f'  itemscope=\"itemscope\" itemtype=\"https:\/\/schema.org\/CreativeWork\" ><div class='avia_textblock'  itemprop=\"text\" ><p><strong>Megh\u00edv\u00f3<\/strong><\/p>\n<ul>\n<li><a href=\"http:\/\/www.si-hu.eu\/hu2\/wp-content\/uploads\/sites\/10\/2018\/05\/VABILO_MEGHIVO_delavnica_8-maj-2018.pdf\">VABILO_MEGHIVO_delavnica_8-maj-2018<\/a><\/li>\n<\/ul>\n<\/div><\/section><\/div>\n\n<style type=\"text\/css\" data-created_by=\"avia_inline_auto\" id=\"style-css-av-av_one_third-2a64de42b738552fe666ca889af77e28\">\n.flex_column.av-av_one_third-2a64de42b738552fe666ca889af77e28{\nborder-radius:0px 0px 0px 0px;\n-webkit-border-radius:0px 0px 0px 0px;\n-moz-border-radius:0px 0px 0px 0px;\n}\n<\/style>\n<div class='flex_column av-av_one_third-2a64de42b738552fe666ca889af77e28 av_one_third  avia-builder-el-9  el_after_av_one_third  avia-builder-el-last  flex_column_div av-zero-column-padding column-top-margin'   ><section  class='av_textblock_section av-av_textblock-0366cc7376be6c9e82a3e9cc8987b64f'  itemscope=\"itemscope\" itemtype=\"https:\/\/schema.org\/CreativeWork\" ><div class='avia_textblock'  itemprop=\"text\" ><p><strong>El\u0151ad\u00e1sok a m\u0171helyb\u0151l<\/strong><\/p>\n<ul>\n<li><a href=\"http:\/\/www.si-hu.eu\/hu2\/wp-content\/uploads\/sites\/10\/2018\/05\/Program-bemutatasa.pdf\">Program bemutatasa<\/a><\/li>\n<li><a href=\"http:\/\/www.si-hu.eu\/hu2\/wp-content\/uploads\/sites\/10\/2018\/05\/Information-and-Communication-Interreg-SI-HU.pdf\">Information and Communication Interreg SI-HU<\/a><\/li>\n<li><a href=\"http:\/\/www.si-hu.eu\/hu2\/wp-content\/uploads\/sites\/10\/2018\/05\/Intervention-logic-development-PA2.pdf\">Intervention logic-development PA2<\/a><\/li>\n<\/ul>\n<\/div><\/section><\/div>\n","protected":false},"excerpt":{"rendered":"","protected":false},"author":7,"featured_media":2952,"parent":0,"menu_order":0,"comment_status":"closed","ping_status":"closed","template":"","meta":{"ngg_post_thumbnail":0},"acf":[],"_links":{"self":[{"href":"http:\/\/www.si-hu.eu\/hu2\/wp-json\/wp\/v2\/pages\/2951"}],"collection":[{"href":"http:\/\/www.si-hu.eu\/hu2\/wp-json\/wp\/v2\/pages"}],"about":[{"href":"http:\/\/www.si-hu.eu\/hu2\/wp-json\/wp\/v2\/types\/page"}],"author":[{"embeddable":true,"href":"http:\/\/www.si-hu.eu\/hu2\/wp-json\/wp\/v2\/users\/7"}],"replies":[{"embeddable":true,"href":"http:\/\/www.si-hu.eu\/hu2\/wp-json\/wp\/v2\/comments?post=2951"}],"version-history":[{"count":3,"href":"http:\/\/www.si-hu.eu\/hu2\/wp-json\/wp\/v2\/pages\/2951\/revisions"}],"predecessor-version":[{"id":2995,"href":"http:\/\/www.si-hu.eu\/hu2\/wp-json\/wp\/v2\/pages\/2951\/revisions\/2995"}],"wp:featuredmedia":[{"embeddable":true,"href":"http:\/\/www.si-hu.eu\/hu2\/wp-json\/wp\/v2\/media\/2952"}],"wp:attachment":[{"href":"http:\/\/www.si-hu.eu\/hu2\/wp-json\/wp\/v2\/media?parent=2951"}],"curies":[{"name":"wp","href":"https:\/\/api.w.org\/{rel}","templated":true}]}}