{"id":32,"date":"2015-10-02T21:25:02","date_gmt":"2015-10-02T20:25:02","guid":{"rendered":"http:\/\/84.39.218.252\/si2\/?page_id=32"},"modified":"2015-12-17T16:36:59","modified_gmt":"2015-12-17T15:36:59","slug":"financni-okvir","status":"publish","type":"page","link":"http:\/\/www.si-hu.eu\/hu2\/program\/financni-okvir\/","title":{"rendered":"Finan\u010dni okvir"},"content":{"rendered":"<div id='layer_slider_1'  class='avia-layerslider main_color avia-shadow  avia-builder-el-0  el_before_av_one_fourth  avia-builder-el-first  container_wrap sidebar_right'  style='height: 1px;'  ><div id=\"layerslider_6_jhvy5s73sa1v\" class=\"ls-wp-container fitvidsignore\" style=\"width:1280px;height:720px;margin:0 auto;\"><div class=\"ls-slide\" ><\/div><\/div><\/div><div id='after_layer_slider_1'  class='main_color av_default_container_wrap container_wrap sidebar_right'  ><div class='container av-section-cont-open' ><div class='template-page content  av-content-small alpha units'><div class='post-entry post-entry-type-page post-entry-32'><div class='entry-content-wrapper clearfix'>\n\n<style type=\"text\/css\" data-created_by=\"avia_inline_auto\" id=\"style-css-av-av_one_fourth-352b07ef7d3bc99b2e9f92e7a9e06bdb\">\n.flex_column.av-av_one_fourth-352b07ef7d3bc99b2e9f92e7a9e06bdb{\nborder-radius:0px 0px 0px 0px;\n-webkit-border-radius:0px 0px 0px 0px;\n-moz-border-radius:0px 0px 0px 0px;\n}\n<\/style>\n<div class='flex_column av-av_one_fourth-352b07ef7d3bc99b2e9f92e7a9e06bdb av_one_fourth  avia-builder-el-1  el_after_av_layerslider  el_before_av_two_third  avia-builder-el-first  first flex_column_div av-zero-column-padding '   ><section  class='av_textblock_section av-av_textblock-0366cc7376be6c9e82a3e9cc8987b64f'  itemscope=\"itemscope\" itemtype=\"https:\/\/schema.org\/CreativeWork\" ><div class='avia_textblock'  itemprop=\"text\" ><h2>P\u00e9nz\u00fcgyi keret<\/h2>\n<p style=\"text-align: justify;\">A Program teljes ERFA t\u00e1mogat\u00e1sa <strong>14,795,015 eur\u00f3<\/strong>. A Task Force d\u00f6nt\u00e9se alapj\u00e1n a k\u00f6vetkez\u0151 m\u00f3don t\u00f6rt\u00e9nik a forr\u00e1s feloszt\u00e1sa a priorit\u00e1si tengelyek k\u00f6z\u00f6tt:<\/p>\n<\/div><\/section><\/div>\n\n<style type=\"text\/css\" data-created_by=\"avia_inline_auto\" id=\"style-css-av-av_two_third-2a64de42b738552fe666ca889af77e28\">\n.flex_column.av-av_two_third-2a64de42b738552fe666ca889af77e28{\nborder-radius:0px 0px 0px 0px;\n-webkit-border-radius:0px 0px 0px 0px;\n-moz-border-radius:0px 0px 0px 0px;\n}\n<\/style>\n<div class='flex_column av-av_two_third-2a64de42b738552fe666ca889af77e28 av_two_third  avia-builder-el-3  el_after_av_one_fourth  avia-builder-el-last  flex_column_div av-zero-column-padding '   ><section  class='av_textblock_section av-av_textblock-0366cc7376be6c9e82a3e9cc8987b64f'  itemscope=\"itemscope\" itemtype=\"https:\/\/schema.org\/CreativeWork\" ><div class='avia_textblock'  itemprop=\"text\" ><ul>\n<li style=\"text-align: justify;\"><strong>67,59%<\/strong>, teh\u00e1t <strong>10,000,000 eur\u00f3<\/strong> a <strong>TC6-ra<\/strong> <strong>allok\u00e1l\u00f3dik<\/strong>. TC6c: \u201cA term\u00e9szeti \u00e9s kultur\u00e1lis \u00f6r\u00f6ks\u00e9g meg\u0151rz\u00e9se, v\u00e9delme, el\u0151seg\u00edt\u00e9se \u00e9s fejleszt\u00e9se\u201d. Tekintettel a Program korl\u00e1tozott p\u00e9nz\u00fcgyi keret\u00e9re, a c\u00e9lb\u00f3l, hogy min\u00e9l k\u00e9zzel foghat\u00f3bb eredm\u00e9nyeket hozzon a v\u00e9grehajt\u00e1s, a rendelkez\u00e9sre \u00e1ll\u00f3 forr\u00e1s 2\/3-a ford\u00edt\u00f3dik a PT1-re. A m\u00e9rt\u00e9k kialak\u00edt\u00e1s\u00e1n\u00e1l tekintetbe vett\u00e9k a tervezett tev\u00e9kenys\u00e9gek p\u00e9nz\u00fcgyi ig\u00e9nyeit, illetve a megel\u0151z\u0151 program tapasztalatait is.<\/li>\n<li style=\"text-align: justify;\"><strong>22,27%,<\/strong> teh\u00e1t <strong>3,295,015 eur\u00f3<\/strong> a <strong>TC11-re allok\u00e1l\u00f3dik<\/strong>. TC 11: \u201c11: A hat\u00f3s\u00e1gok \u00e9s az \u00e9rdekelt felek int\u00e9zm\u00e9nyi kapacit\u00e1s\u00e1nak \u00e9s a k\u00f6zigazgat\u00e1s hat\u00e9konys\u00e1g\u00e1nak jav\u00edt\u00e1sa a jogi \u00e9s k\u00f6zigazgat\u00e1si egy\u00fcttm\u0171k\u00f6d\u00e9s, valamint az \u00e1llampolg\u00e1rok \u00e9s az int\u00e9zm\u00e9nyek k\u00f6z\u00f6tti egy\u00fcttm\u0171k\u00f6d\u00e9s t\u00e1mogat\u00e1sa r\u00e9v\u00e9n\u201d. Az allok\u00e1ci\u00f3 alapja az alacsonyabb forr\u00e1sig\u00e9ny a tervezett tev\u00e9kenys\u00e9gek t\u00fckr\u00e9ben.<\/li>\n<li style=\"text-align: justify;\"><strong>10.14%<\/strong>, teh\u00e1t 1<strong>,500,000 eur\u00f3<\/strong> a <strong>Technikai Seg\u00edts\u00e9gny\u00fajt\u00e1sra allok\u00e1l\u00f3dik<\/strong>, az ETE Rendelet 17. cikkelye tekintetbe v\u00e9tel\u00e9vel.<\/li>\n<\/ul>\n<\/div><\/section><\/div>\n","protected":false},"excerpt":{"rendered":"","protected":false},"author":3,"featured_media":0,"parent":187,"menu_order":0,"comment_status":"closed","ping_status":"closed","template":"","meta":{"ngg_post_thumbnail":0},"acf":[],"_links":{"self":[{"href":"http:\/\/www.si-hu.eu\/hu2\/wp-json\/wp\/v2\/pages\/32"}],"collection":[{"href":"http:\/\/www.si-hu.eu\/hu2\/wp-json\/wp\/v2\/pages"}],"about":[{"href":"http:\/\/www.si-hu.eu\/hu2\/wp-json\/wp\/v2\/types\/page"}],"author":[{"embeddable":true,"href":"http:\/\/www.si-hu.eu\/hu2\/wp-json\/wp\/v2\/users\/3"}],"replies":[{"embeddable":true,"href":"http:\/\/www.si-hu.eu\/hu2\/wp-json\/wp\/v2\/comments?post=32"}],"version-history":[{"count":0,"href":"http:\/\/www.si-hu.eu\/hu2\/wp-json\/wp\/v2\/pages\/32\/revisions"}],"up":[{"embeddable":true,"href":"http:\/\/www.si-hu.eu\/hu2\/wp-json\/wp\/v2\/pages\/187"}],"wp:attachment":[{"href":"http:\/\/www.si-hu.eu\/hu2\/wp-json\/wp\/v2\/media?parent=32"}],"curies":[{"name":"wp","href":"https:\/\/api.w.org\/{rel}","templated":true}]}}