{"id":3525,"date":"2019-01-29T15:04:51","date_gmt":"2019-01-29T14:04:51","guid":{"rendered":"http:\/\/www.si-hu.eu\/hu2\/?page_id=3525"},"modified":"2021-11-09T11:49:35","modified_gmt":"2021-11-09T10:49:35","slug":"guide2visit","status":"publish","type":"page","link":"http:\/\/www.si-hu.eu\/hu2\/guide2visit\/","title":{"rendered":"Guide2Visit"},"content":{"rendered":"\n<style type=\"text\/css\" data-created_by=\"avia_inline_auto\" id=\"style-css-av-av_two_third-6126cab7d8fab8d08143dd2dacdf673c\">\n.flex_column.av-av_two_third-6126cab7d8fab8d08143dd2dacdf673c{\nborder-radius:0px 0px 0px 0px;\n-webkit-border-radius:0px 0px 0px 0px;\n-moz-border-radius:0px 0px 0px 0px;\n}\n<\/style>\n<div class='flex_column av-av_two_third-6126cab7d8fab8d08143dd2dacdf673c av_two_third  avia-builder-el-0  el_before_av_one_third  avia-builder-el-first  first flex_column_div av-zero-column-padding '   ><section  class='av_textblock_section av-av_textblock-0366cc7376be6c9e82a3e9cc8987b64f'  itemscope=\"itemscope\" itemtype=\"https:\/\/schema.org\/CreativeWork\" ><div class='avia_textblock'  itemprop=\"text\" ><h1><strong>Guide2Visit<\/strong><\/h1>\n<h5>Complex visitor guide system, tourism promotion and cross-border road access in the Slovenian Hungarian border region.<\/h5>\n<\/div><\/section><\/div>\n\n<style type=\"text\/css\" data-created_by=\"avia_inline_auto\" id=\"style-css-av-av_one_third-0aa7055fe62c3622faec82866afbaeb2\">\n.flex_column.av-av_one_third-0aa7055fe62c3622faec82866afbaeb2{\nborder-radius:0px 0px 0px 0px;\n-webkit-border-radius:0px 0px 0px 0px;\n-moz-border-radius:0px 0px 0px 0px;\n}\n<\/style>\n<div class='flex_column av-av_one_third-0aa7055fe62c3622faec82866afbaeb2 av_one_third  avia-builder-el-2  el_after_av_two_third  el_before_av_one_full  flex_column_div av-zero-column-padding '   ><style type=\"text\/css\" data-created_by=\"avia_inline_auto\" id=\"style-css-av-av_image-1de27196ae9d09d5cad3021b7b977932\">\n.avia-image-container.av-av_image-1de27196ae9d09d5cad3021b7b977932 .av-image-caption-overlay-center{\ncolor:#ffffff;\n}\n<\/style>\n<div  class='avia-image-container av-av_image-1de27196ae9d09d5cad3021b7b977932 av-styling- avia-align-center  avia-builder-el-3  avia-builder-el-no-sibling '  itemprop=\"image\" itemscope=\"itemscope\" itemtype=\"https:\/\/schema.org\/ImageObject\" ><div class=\"avia-image-container-inner\"><div class=\"avia-image-overlay-wrap\"><img class='wp-image-3527 avia-img-lazy-loading-not-3527 avia_image' src=\"http:\/\/www.si-hu.eu\/hu2\/wp-content\/uploads\/sites\/10\/2018\/10\/interreg_icon_enviroment_neg_RGB-1-80x80.jpg\" alt='' title=''  height=\"80\" width=\"80\"  itemprop=\"thumbnailUrl\" srcset=\"http:\/\/www.si-hu.eu\/hu2\/wp-content\/uploads\/sites\/10\/2018\/10\/interreg_icon_enviroment_neg_RGB-1-80x80.jpg 80w, http:\/\/www.si-hu.eu\/hu2\/wp-content\/uploads\/sites\/10\/2018\/10\/interreg_icon_enviroment_neg_RGB-1-300x300.jpg 300w, http:\/\/www.si-hu.eu\/hu2\/wp-content\/uploads\/sites\/10\/2018\/10\/interreg_icon_enviroment_neg_RGB-1-768x768.jpg 768w, http:\/\/www.si-hu.eu\/hu2\/wp-content\/uploads\/sites\/10\/2018\/10\/interreg_icon_enviroment_neg_RGB-1-1030x1030.jpg 1030w, http:\/\/www.si-hu.eu\/hu2\/wp-content\/uploads\/sites\/10\/2018\/10\/interreg_icon_enviroment_neg_RGB-1-600x600.jpg 600w, http:\/\/www.si-hu.eu\/hu2\/wp-content\/uploads\/sites\/10\/2018\/10\/interreg_icon_enviroment_neg_RGB-1-36x36.jpg 36w, http:\/\/www.si-hu.eu\/hu2\/wp-content\/uploads\/sites\/10\/2018\/10\/interreg_icon_enviroment_neg_RGB-1-180x180.jpg 180w, http:\/\/www.si-hu.eu\/hu2\/wp-content\/uploads\/sites\/10\/2018\/10\/interreg_icon_enviroment_neg_RGB-1-1500x1500.jpg 1500w, http:\/\/www.si-hu.eu\/hu2\/wp-content\/uploads\/sites\/10\/2018\/10\/interreg_icon_enviroment_neg_RGB-1-705x705.jpg 705w, http:\/\/www.si-hu.eu\/hu2\/wp-content\/uploads\/sites\/10\/2018\/10\/interreg_icon_enviroment_neg_RGB-1-120x120.jpg 120w, http:\/\/www.si-hu.eu\/hu2\/wp-content\/uploads\/sites\/10\/2018\/10\/interreg_icon_enviroment_neg_RGB-1-450x450.jpg 450w\" sizes=\"(max-width: 80px) 100vw, 80px\" \/><\/div><\/div><\/div><\/div>\n\n<style type=\"text\/css\" data-created_by=\"avia_inline_auto\" id=\"style-css-av-av_one_full-6126cab7d8fab8d08143dd2dacdf673c\">\n.flex_column.av-av_one_full-6126cab7d8fab8d08143dd2dacdf673c{\nborder-radius:0px 0px 0px 0px;\n-webkit-border-radius:0px 0px 0px 0px;\n-moz-border-radius:0px 0px 0px 0px;\n}\n<\/style>\n<div class='flex_column av-av_one_full-6126cab7d8fab8d08143dd2dacdf673c av_one_full  avia-builder-el-4  el_after_av_one_third  el_before_av_two_third  first flex_column_div av-zero-column-padding column-top-margin'   ><div  class='hr av-av_hr-dcd2069817a0e3d34ae04cad8f3443c7 hr-default  avia-builder-el-5  avia-builder-el-no-sibling '><span class='hr-inner '><span class=\"hr-inner-style\"><\/span><\/span><\/div><\/div>\n\n<style type=\"text\/css\" data-created_by=\"avia_inline_auto\" id=\"style-css-av-av_two_third-6126cab7d8fab8d08143dd2dacdf673c\">\n.flex_column.av-av_two_third-6126cab7d8fab8d08143dd2dacdf673c{\nborder-radius:0px 0px 0px 0px;\n-webkit-border-radius:0px 0px 0px 0px;\n-moz-border-radius:0px 0px 0px 0px;\n}\n<\/style>\n<div class='flex_column av-av_two_third-6126cab7d8fab8d08143dd2dacdf673c av_two_third  avia-builder-el-6  el_after_av_one_full  el_before_av_one_third  first flex_column_div av-zero-column-padding column-top-margin'   ><section  class='av_textblock_section av-av_textblock-0366cc7376be6c9e82a3e9cc8987b64f'  itemscope=\"itemscope\" itemtype=\"https:\/\/schema.org\/CreativeWork\" ><div class='avia_textblock'  itemprop=\"text\" ><p><img loading=\"lazy\" class=\"alignleft wp-image-3552\" src=\"http:\/\/www.si-hu.eu\/hu2\/wp-content\/uploads\/sites\/10\/2018\/10\/Guide2Visit_logo_OK-300x252.jpg\" alt=\"\" width=\"250\" height=\"210\" srcset=\"http:\/\/www.si-hu.eu\/hu2\/wp-content\/uploads\/sites\/10\/2018\/10\/Guide2Visit_logo_OK-300x252.jpg 300w, http:\/\/www.si-hu.eu\/hu2\/wp-content\/uploads\/sites\/10\/2018\/10\/Guide2Visit_logo_OK-768x645.jpg 768w, http:\/\/www.si-hu.eu\/hu2\/wp-content\/uploads\/sites\/10\/2018\/10\/Guide2Visit_logo_OK-1030x865.jpg 1030w, http:\/\/www.si-hu.eu\/hu2\/wp-content\/uploads\/sites\/10\/2018\/10\/Guide2Visit_logo_OK-600x504.jpg 600w, http:\/\/www.si-hu.eu\/hu2\/wp-content\/uploads\/sites\/10\/2018\/10\/Guide2Visit_logo_OK-1500x1259.jpg 1500w, http:\/\/www.si-hu.eu\/hu2\/wp-content\/uploads\/sites\/10\/2018\/10\/Guide2Visit_logo_OK-705x592.jpg 705w, http:\/\/www.si-hu.eu\/hu2\/wp-content\/uploads\/sites\/10\/2018\/10\/Guide2Visit_logo_OK-450x378.jpg 450w\" sizes=\"(max-width: 250px) 100vw, 250px\" \/>A projekt a szlov\u00e9n-magyar hat\u00e1rt\u00e9rs\u00e9g turisztikai perif\u00e9ri\u00e1nak sz\u00e1m\u00edt\u00f3 t\u00e9rs\u00e9geit (magyar oldalon a szlov\u00e9n-magyar hat\u00e1rt\u00f3l sz\u00e1m\u00edtott kb. 30 km-es s\u00e1vban (els\u0151sorban, Vendvid\u00e9k, \u0150rs\u00e9g, G\u00f6csej, Het\u00e9s t\u00e1jegys\u00e9geket), szlov\u00e9n oldalon Lendva, Muraszombat \u00e9s Ptuj t\u00e9rs\u00e9g\u00e9nek vid\u00e9kies, apr\u00f3falvas, periferikus ter\u00fcleteit k\u00edv\u00e1nja egy komplex l\u00e1togat\u00f3ir\u00e1ny\u00edt\u00e1si rendszer konkr\u00e9t elemeinek kialak\u00edt\u00e1s\u00e1val, \u00e9s c\u00e9lzott, a t\u00e9rs\u00e9get vonz\u00f3 turisztikai desztin\u00e1ci\u00f3k\u00e9nt poz\u00edcion\u00e1l\u00f3 turisztikai prom\u00f3ci\u00f3 seg\u00edts\u00e9g\u00e9vel, valamint a hat\u00e1rt\u00e9rs\u00e9g fizikai \u00e1tj\u00e1rhat\u00f3s\u00e1g\u00e1nak biztos\u00edt\u00e1s\u00e1val a turisztikai k\u00edn\u00e1latba beemelni.<br \/>\nEz a t\u00e9rs\u00e9g ugyanis nem jelenik meg egys\u00e9ges, k\u00f6z\u00f6s turisztikai desztin\u00e1ci\u00f3k\u00e9nt, \u00edgy a t\u00e9rs\u00e9g l\u00e1togatotts\u00e1ga \u00e9s az itt elt\u00f6lt\u00f6tt vend\u00e9g\u00e9jszak\u00e1k sz\u00e1ma alacsony.<br \/>\nA projekt \u00e1tfog\u00f3 c\u00e9lja teh\u00e1t a t\u00e9rs\u00e9g vonz\u00f3 turisztikai desztin\u00e1ci\u00f3k\u00e9nt val\u00f3 poz\u00edcion\u00e1l\u00e1sa, prom\u00f3t\u00e1l\u00e1sa \u00e9s \u00e9rt\u00e9kes\u00edt\u00e9se mellett a k\u00f6z\u00f6s desztin\u00e1ci\u00f3t alkot\u00f3 egyes t\u00e1jegys\u00e9gek saj\u00e1tos \u00e9p\u00edt\u00e9szeti, n\u00e9pi hagyom\u00e1nyainak \u00e9s term\u00e9szeti \u00e9rt\u00e9keinek a megjelen\u00edt\u00e9se, \u00e9s a pontszer\u0171, elsz\u00f3rtan elhelyezked\u0151 kisebb vonzer\u0151k egys\u00e9ges attrakci\u00f3v\u00e1, komplex term\u00e9kk\u00e9 fejleszt\u00e9s\u00e9nek t\u00e1mogat\u00e1sa, amit egy t\u00f6bb elemb\u0151l \u00e1ll\u00f3, l\u00e1togat\u00f3ir\u00e1ny\u00edt\u00f3 rendszer m\u0171k\u00f6dtet\u00e9se tesz igaz\u00e1n hat\u00e9konny\u00e1.<br \/>\nA projekt f\u0151 kimenetei a komplex l\u00e1togat\u00f3ir\u00e1ny\u00edt\u00e1si rendszer kialak\u00edt\u00e1sa, turisztikai prom\u00f3ci\u00f3 a projekt hat\u00f3ter\u00fclet\u00e9n, valamint a hat\u00e1rt\u00e9rs\u00e9g megfelel\u0151 ker\u00e9kp\u00e1ros \u00f6sszek\u00f6ttet\u00e9s\u00e9nek biztos\u00edt\u00e1sa a hat\u00e1rmenti, turisztikailag kev\u00e9sb\u00e9 fejlett ter\u00fcleten a helyi turisztikai szolg\u00e1ltat\u00f3k, az odal\u00e1togat\u00f3 turist\u00e1k \u00e9s a helyi lakosok sz\u00e1m\u00e1ra lesznek els\u0151sorban el\u0151ny\u00f6sek.<br \/>\nMindez a helyi szint\u0171 k\u00edn\u00e1lattal, csup\u00e1n a hat\u00e1r egyik oldal\u00e1n nem biztos\u00edthat\u00f3, csak az egym\u00e1st kieg\u00e9sz\u00edt\u0151 szlov\u00e9n-magyar attrakci\u00f3k\u00edn\u00e1lat \u00f6sszek\u00f6t\u00e9s\u00e9vel \u00e9s k\u00f6z\u00f6s felf\u0171z\u00e9s\u00e9vel.<br \/>\nA projekt kialakult, egy\u00fcttm\u0171k\u00f6d\u0151 partners\u00e9gre \u00e9p\u00edt, a l\u00e1togat\u00f3ir\u00e1ny\u00edt\u00e1s komplex rendszere r\u00e9v\u00e9n innovat\u00edv megold\u00e1st alkalmaz, amelyek r\u00e9v\u00e9n hossz\u00fa t\u00e1v\u00fa \u00e9s fenntarthat\u00f3 hat\u00e1sok v\u00e1rhat\u00f3ak a t\u00e9rs\u00e9gben.<\/p>\n\n\n<div class=\"ngg-galleryoverview ngg-slideshow\"\n\t id=\"ngg-slideshow-35bbd1d24a114111dad73c13afd98578-16957619820\"\n     data-gallery-id=\"35bbd1d24a114111dad73c13afd98578\"\n     style=\"max-width: 600px; max-height: 400px;\">\n\n \t<div id=\"ngg-image-0\" class=\"ngg-gallery-slideshow-image\" style=\"height:400px\">\n\n        <a href=\"http:\/\/www.si-hu.eu\/hu2\/wp-content\/uploads\/sites\/10\/nggallery\/guide2visit\/cycling-2666733_640.jpg\"\n           title=\"\"\n           data-src=\"http:\/\/www.si-hu.eu\/hu2\/wp-content\/uploads\/sites\/10\/nggallery\/guide2visit\/cycling-2666733_640.jpg\"\n           data-thumbnail=\"http:\/\/www.si-hu.eu\/hu2\/wp-content\/uploads\/sites\/10\/nggallery\/guide2visit\/thumbs\/thumbs_cycling-2666733_640.jpg\"\n           data-image-id=\"431\"\n           data-title=\"cycling-2666733_640\"\n           data-description=\"\"\n           class=\"ngg-fancybox\" rel=\"35bbd1d24a114111dad73c13afd98578\">\n\n            <img data-image-id='431'\n                 title=\"\"\n                 alt=\"cycling-2666733_640\"\n                 src=\"http:\/\/www.si-hu.eu\/hu2\/wp-content\/uploads\/sites\/10\/nggallery\/guide2visit\/cycling-2666733_640.jpg\"\n                 style=\"max-height: 380px;\"\/>\n        <\/a>\n\n        <\/div> \n<div id=\"ngg-image-1\" class=\"ngg-gallery-slideshow-image\" style=\"height:400px\">\n\n        <a href=\"http:\/\/www.si-hu.eu\/hu2\/wp-content\/uploads\/sites\/10\/nggallery\/guide2visit\/hike-1741027_640.jpg\"\n           title=\"\"\n           data-src=\"http:\/\/www.si-hu.eu\/hu2\/wp-content\/uploads\/sites\/10\/nggallery\/guide2visit\/hike-1741027_640.jpg\"\n           data-thumbnail=\"http:\/\/www.si-hu.eu\/hu2\/wp-content\/uploads\/sites\/10\/nggallery\/guide2visit\/thumbs\/thumbs_hike-1741027_640.jpg\"\n           data-image-id=\"432\"\n           data-title=\"hike-1741027_640\"\n           data-description=\"\"\n           class=\"ngg-fancybox\" rel=\"35bbd1d24a114111dad73c13afd98578\">\n\n            <img data-image-id='432'\n                 title=\"\"\n                 alt=\"hike-1741027_640\"\n                 src=\"http:\/\/www.si-hu.eu\/hu2\/wp-content\/uploads\/sites\/10\/nggallery\/guide2visit\/hike-1741027_640.jpg\"\n                 style=\"max-height: 380px;\"\/>\n        <\/a>\n\n        <\/div> \n<\/div>\n\n\n\n\n<\/div><\/section><\/div>\n\n<style type=\"text\/css\" data-created_by=\"avia_inline_auto\" id=\"style-css-av-av_one_third-0aa7055fe62c3622faec82866afbaeb2\">\n.flex_column.av-av_one_third-0aa7055fe62c3622faec82866afbaeb2{\nborder-radius:0px 0px 0px 0px;\n-webkit-border-radius:0px 0px 0px 0px;\n-moz-border-radius:0px 0px 0px 0px;\n}\n<\/style>\n<div class='flex_column av-av_one_third-0aa7055fe62c3622faec82866afbaeb2 av_one_third  avia-builder-el-8  el_after_av_two_third  el_before_av_one_full  flex_column_div av-zero-column-padding column-top-margin'   ><p>\n<style type=\"text\/css\" data-created_by=\"avia_inline_auto\" id=\"style-css-av-av_iconlist-b06021e845c44cd35373f25493d26102\">\n#top .avia-icon-list-container.av-av_iconlist-b06021e845c44cd35373f25493d26102 .iconlist_icon{\ncolor:#83a846;\nfont-size:17px;\n}\n#top #wrap_all .avia-icon-list-container.av-av_iconlist-b06021e845c44cd35373f25493d26102 .av_iconlist_title{\nfont-size:17px;\ncolor:#83a846;\n}\n.avia-icon-list-container.av-av_iconlist-b06021e845c44cd35373f25493d26102 .iconlist_content{\nfont-size:13px;\ncolor:#000000;\n}\n<\/style>\n<div  class='avia-icon-list-container av-av_iconlist-b06021e845c44cd35373f25493d26102  avia-builder-el-9  el_before_av_font_icon  avia-builder-el-first '><ul class='avia-icon-list avia_animate_when_almost_visible avia-icon-list-left av-iconlist-small av-av_iconlist-b06021e845c44cd35373f25493d26102 avia-iconlist-animate'>\n<li><div class='iconlist_icon av-av_iconlist_item-36f3a2b89d83697dc288e42c13b39f8e avia-font-entypo-fontello'><span class='iconlist-char' aria-hidden='true' data-av_icon='\ue82a' data-av_iconfont='entypo-fontello'><\/span><\/div><article class=\"article-icon-entry \"  itemscope=\"itemscope\" itemtype=\"https:\/\/schema.org\/CreativeWork\" ><div class=\"iconlist_content_wrap\"><header class=\"entry-content-header\"><div class='av_iconlist_title iconlist_title_small  av_inherit_color'  itemprop=\"headline\" >1. PRIORIT\u00c1SI TENGELY<\/div><\/header><div class='iconlist_content av_inherit_color'  itemprop=\"text\" ><p><em>Beruh\u00e1z\u00e1si priorit\u00e1s 6c<\/em><\/p>\n<p>SC 1:&nbsp;A t\u00e9rs\u00e9g vonzerej\u00e9nek n\u00f6vel\u00e9se a fenntarthat\u00f3 turisztikai k\u00edn\u00e1lat diverzifik\u00e1l\u00e1sa \u00e9s hat\u00e1ron \u00e1tny\u00fal\u00f3 integr\u00e1l\u00e1sa ment\u00e9n a term\u00e9szeti \u00e9s kultur\u00e1lis \u00f6r\u00f6ks\u00e9g v\u00e9delm\u00e9re.<\/p>\n<\/div><\/div><footer class=\"entry-footer\"><\/footer><\/article><div class=\"iconlist-timeline\"><\/div><\/li>\n<li><div class='iconlist_icon av-av_iconlist_item-de613b754114e4268a96f55011664a6f avia-font-entypo-fontello'><span class='iconlist-char' aria-hidden='true' data-av_icon='\ue85b' data-av_iconfont='entypo-fontello'><\/span><\/div><article class=\"article-icon-entry \"  itemscope=\"itemscope\" itemtype=\"https:\/\/schema.org\/CreativeWork\" ><div class=\"iconlist_content_wrap\"><header class=\"entry-content-header\"><div class='av_iconlist_title iconlist_title_small  av_inherit_color'  itemprop=\"headline\" >PROJEKT-FUTAMID\u0150<\/div><\/header><div class='iconlist_content av_inherit_color'  itemprop=\"text\" ><p>2017.09.01 &#8211; 2021.09.30<\/p>\n<\/div><\/div><footer class=\"entry-footer\"><\/footer><\/article><div class=\"iconlist-timeline\"><\/div><\/li>\n<li><div class='iconlist_icon av-av_iconlist_item-305a864ab62252c4924fc3c9e7a1d664 avia-font-entypo-fontello'><span class='iconlist-char' aria-hidden='true' data-av_icon='\ue8d3' data-av_iconfont='entypo-fontello'><\/span><\/div><article class=\"article-icon-entry \"  itemscope=\"itemscope\" itemtype=\"https:\/\/schema.org\/CreativeWork\" ><div class=\"iconlist_content_wrap\"><header class=\"entry-content-header\"><div class='av_iconlist_title iconlist_title_small  av_inherit_color'  itemprop=\"headline\" >ERFA FORR\u00c1S \u00d6SSZEGE<\/div><\/header><div class='iconlist_content av_inherit_color'  itemprop=\"text\" ><p>1.703.179,45 EUR<\/p>\n<\/div><\/div><footer class=\"entry-footer\"><\/footer><\/article><div class=\"iconlist-timeline\"><\/div><\/li>\n<li><div class='iconlist_icon av-av_iconlist_item-3311fb92d373543c9076f9428d600b11 avia-font-entypo-fontello'><span class='iconlist-char' aria-hidden='true' data-av_icon='\ue80b' data-av_iconfont='entypo-fontello'><\/span><\/div><article class=\"article-icon-entry \"  itemscope=\"itemscope\" itemtype=\"https:\/\/schema.org\/CreativeWork\" ><div class=\"iconlist_content_wrap\"><header class=\"entry-content-header\"><div class='av_iconlist_title iconlist_title_small  av_inherit_color'  itemprop=\"headline\" >PROJEKTPARTNEREK<\/div><\/header><div class='iconlist_content av_inherit_color'  itemprop=\"text\" ><ul>\n<li>Vas Megyei \u00d6nkorm\u00e1nyzati Hivatal (Vezet\u0151 Partner)<\/li>\n<li>Zala Megyei \u00d6nkorm\u00e1nyzat<\/li>\n<li>Zavod za kulturo, turizem in \u0161port Murska Sobota<\/li>\n<li>Zavod za turizem in razvoj Lendava \/ Turisztikai \u00e9s Fejleszt\u00e9si K\u00f6zint\u00e9zet Lendva<\/li>\n<li>Znanstveno-raziskovalno sredi\u0161\u010de Bistra Ptuj<\/li>\n<li>NIF Nemzeti Infrastrukt\u00fara Fejleszt\u0151 z\u00e1rtk\u00f6r\u0171en m\u0171k\u00f6d\u0151 R\u00e9szv\u00e9nyt\u00e1rsas\u00e1g<\/li>\n<\/ul>\n<\/div><\/div><footer class=\"entry-footer\"><\/footer><\/article><div class=\"iconlist-timeline\"><\/div><\/li>\n<\/ul><\/div><br \/>\n\n<style type=\"text\/css\" data-created_by=\"avia_inline_auto\" id=\"style-css-av-av_font_icon-0d23c3a242e8ef28c8d24f767c33d382\">\n.av_font_icon.av-av_font_icon-0d23c3a242e8ef28c8d24f767c33d382{\ncolor:#b02b2c;\nborder-color:#b02b2c;\n}\n.av_font_icon.av-av_font_icon-0d23c3a242e8ef28c8d24f767c33d382 .av-icon-char{\nfont-size:25px;\nline-height:25px;\nwidth:25px;\n}\n<\/style>\n<span  class='av_font_icon av-av_font_icon-0d23c3a242e8ef28c8d24f767c33d382 avia_animate_when_visible av-icon-style-border avia-icon-pos-left avia-icon-animate'><a href='http:\/\/www.guide2visit.eu\/' target=\"_blank\" rel=\"noopener noreferrer\" class='av-icon-char' aria-hidden='true' data-av_icon='\ue821' data-av_iconfont='entypo-fontello'><\/a><\/span><br \/>\n\n<style type=\"text\/css\" data-created_by=\"avia_inline_auto\" id=\"style-css-av-av_font_icon-9903a9a9b9e6b6441e42e66bef847dfc\">\n.av_font_icon.av-av_font_icon-9903a9a9b9e6b6441e42e66bef847dfc{\ncolor:#1b7ee8;\nborder-color:#1b7ee8;\n}\n.av_font_icon.av-av_font_icon-9903a9a9b9e6b6441e42e66bef847dfc .av-icon-char{\nfont-size:25px;\nline-height:25px;\nwidth:25px;\n}\n<\/style>\n<span  class='av_font_icon av-av_font_icon-9903a9a9b9e6b6441e42e66bef847dfc avia_animate_when_visible av-icon-style-border avia-icon-pos-left avia-icon-animate'><a href='https:\/\/www.facebook.com\/guide2visit' target=\"_blank\" rel=\"noopener noreferrer\" class='av-icon-char' aria-hidden='true' data-av_icon='\ue8f5' data-av_iconfont='entypo-fontello'><\/a><\/span><\/p><\/div>\n<style type=\"text\/css\" data-created_by=\"avia_inline_auto\" id=\"style-css-av-av_one_full-6126cab7d8fab8d08143dd2dacdf673c\">\n.flex_column.av-av_one_full-6126cab7d8fab8d08143dd2dacdf673c{\nborder-radius:0px 0px 0px 0px;\n-webkit-border-radius:0px 0px 0px 0px;\n-moz-border-radius:0px 0px 0px 0px;\n}\n<\/style>\n<div class='flex_column av-av_one_full-6126cab7d8fab8d08143dd2dacdf673c av_one_full  avia-builder-el-12  el_after_av_one_third  avia-builder-el-last  first flex_column_div av-zero-column-padding column-top-margin'   ><div  class='av-social-sharing-box av-av_social_share-981f7761336080d54c04d7ac30ef78f7 av-social-sharing-box-default  avia-builder-el-13  avia-builder-el-no-sibling  av-social-sharing-box-fullwidth'><div class=\"av-share-box\"><h5 class='av-share-link-description av-no-toc '>Share this entry<\/h5><ul class=\"av-share-box-list noLightbox\"><li class='av-share-link av-social-link-facebook' ><a target=\"_blank\" aria-label=\"Share on Facebook\" href='https:\/\/www.facebook.com\/sharer.php?u=http:\/\/www.si-hu.eu\/hu2\/guide2visit\/&#038;t=Guide2Visit' aria-hidden='false' data-av_icon='\ue8f3' data-av_iconfont='entypo-fontello' title='' data-avia-related-tooltip='Share on Facebook' rel=\"noopener\"><span class='avia_hidden_link_text'>Share on Facebook<\/span><\/a><\/li><li class='av-share-link av-social-link-twitter' ><a target=\"_blank\" aria-label=\"Share on Twitter\" href='https:\/\/twitter.com\/share?text=Guide2Visit&#038;url=http:\/\/www.si-hu.eu\/hu2\/?p=3525' aria-hidden='false' data-av_icon='\ue8f1' data-av_iconfont='entypo-fontello' title='' data-avia-related-tooltip='Share on Twitter' rel=\"noopener\"><span class='avia_hidden_link_text'>Share on Twitter<\/span><\/a><\/li><li class='av-share-link av-social-link-pinterest' ><a target=\"_blank\" aria-label=\"Share on Pinterest\" href='https:\/\/pinterest.com\/pin\/create\/button\/?url=http%3A%2F%2Fwww.si-hu.eu%2Fhu2%2Fguide2visit%2F&#038;description=Guide2Visit&#038;media=' aria-hidden='false' data-av_icon='\ue8f8' data-av_iconfont='entypo-fontello' title='' data-avia-related-tooltip='Share on Pinterest' rel=\"noopener\"><span class='avia_hidden_link_text'>Share on Pinterest<\/span><\/a><\/li><li class='av-share-link av-social-link-linkedin' ><a target=\"_blank\" aria-label=\"Share on LinkedIn\" href='https:\/\/linkedin.com\/shareArticle?mini=true&#038;title=Guide2Visit&#038;url=http:\/\/www.si-hu.eu\/hu2\/guide2visit\/' aria-hidden='false' data-av_icon='\ue8fc' data-av_iconfont='entypo-fontello' title='' data-avia-related-tooltip='Share on LinkedIn' rel=\"noopener\"><span class='avia_hidden_link_text'>Share on LinkedIn<\/span><\/a><\/li><li class='av-share-link av-social-link-tumblr' ><a target=\"_blank\" aria-label=\"Share on Tumblr\" href='https:\/\/www.tumblr.com\/share\/link?url=http%3A%2F%2Fwww.si-hu.eu%2Fhu2%2Fguide2visit%2F&#038;name=Guide2Visit&#038;description=' aria-hidden='false' data-av_icon='\ue8fa' data-av_iconfont='entypo-fontello' title='' data-avia-related-tooltip='Share on Tumblr' rel=\"noopener\"><span class='avia_hidden_link_text'>Share on Tumblr<\/span><\/a><\/li><li class='av-share-link av-social-link-vk' ><a target=\"_blank\" aria-label=\"Share on Vk\" href='https:\/\/vk.com\/share.php?url=http:\/\/www.si-hu.eu\/hu2\/guide2visit\/' aria-hidden='false' data-av_icon='\ue926' data-av_iconfont='entypo-fontello' title='' data-avia-related-tooltip='Share on Vk' rel=\"noopener\"><span class='avia_hidden_link_text'>Share on Vk<\/span><\/a><\/li><li class='av-share-link av-social-link-reddit' ><a target=\"_blank\" aria-label=\"Share on Reddit\" href='https:\/\/reddit.com\/submit?url=http:\/\/www.si-hu.eu\/hu2\/guide2visit\/&#038;title=Guide2Visit' aria-hidden='false' data-av_icon='\ue927' data-av_iconfont='entypo-fontello' title='' data-avia-related-tooltip='Share on Reddit' rel=\"noopener\"><span class='avia_hidden_link_text'>Share on Reddit<\/span><\/a><\/li><li class='av-share-link av-social-link-mail' ><a  aria-label=\"Share by Mail\" href='mailto:?subject=Guide2Visit&#038;body=http:\/\/www.si-hu.eu\/hu2\/guide2visit\/' aria-hidden='false' data-av_icon='\ue805' data-av_iconfont='entypo-fontello' title='' data-avia-related-tooltip='Share by Mail'><span class='avia_hidden_link_text'>Share by Mail<\/span><\/a><\/li><\/ul><\/div><\/div><\/div><\/p>\n","protected":false},"excerpt":{"rendered":"","protected":false},"author":80,"featured_media":0,"parent":0,"menu_order":0,"comment_status":"closed","ping_status":"closed","template":"","meta":{"ngg_post_thumbnail":0},"acf":[],"_links":{"self":[{"href":"http:\/\/www.si-hu.eu\/hu2\/wp-json\/wp\/v2\/pages\/3525"}],"collection":[{"href":"http:\/\/www.si-hu.eu\/hu2\/wp-json\/wp\/v2\/pages"}],"about":[{"href":"http:\/\/www.si-hu.eu\/hu2\/wp-json\/wp\/v2\/types\/page"}],"author":[{"embeddable":true,"href":"http:\/\/www.si-hu.eu\/hu2\/wp-json\/wp\/v2\/users\/80"}],"replies":[{"embeddable":true,"href":"http:\/\/www.si-hu.eu\/hu2\/wp-json\/wp\/v2\/comments?post=3525"}],"version-history":[{"count":14,"href":"http:\/\/www.si-hu.eu\/hu2\/wp-json\/wp\/v2\/pages\/3525\/revisions"}],"predecessor-version":[{"id":5478,"href":"http:\/\/www.si-hu.eu\/hu2\/wp-json\/wp\/v2\/pages\/3525\/revisions\/5478"}],"wp:attachment":[{"href":"http:\/\/www.si-hu.eu\/hu2\/wp-json\/wp\/v2\/media?parent=3525"}],"curies":[{"name":"wp","href":"https:\/\/api.w.org\/{rel}","templated":true}]}}