{"id":3560,"date":"2019-01-29T15:01:06","date_gmt":"2019-01-29T14:01:06","guid":{"rendered":"http:\/\/www.si-hu.eu\/hu2\/?page_id=3560"},"modified":"2021-11-09T11:44:25","modified_gmt":"2021-11-09T10:44:25","slug":"escape","status":"publish","type":"page","link":"http:\/\/www.si-hu.eu\/hu2\/escape\/","title":{"rendered":"ESCAPE"},"content":{"rendered":"\n<style type=\"text\/css\" data-created_by=\"avia_inline_auto\" id=\"style-css-av-av_two_third-6126cab7d8fab8d08143dd2dacdf673c\">\n.flex_column.av-av_two_third-6126cab7d8fab8d08143dd2dacdf673c{\nborder-radius:0px 0px 0px 0px;\n-webkit-border-radius:0px 0px 0px 0px;\n-moz-border-radius:0px 0px 0px 0px;\n}\n<\/style>\n<div class='flex_column av-av_two_third-6126cab7d8fab8d08143dd2dacdf673c av_two_third  avia-builder-el-0  el_before_av_one_third  avia-builder-el-first  first flex_column_div av-zero-column-padding '   ><section  class='av_textblock_section av-av_textblock-0366cc7376be6c9e82a3e9cc8987b64f'  itemscope=\"itemscope\" itemtype=\"https:\/\/schema.org\/CreativeWork\" ><div class='avia_textblock'  itemprop=\"text\" ><h1>ESCAPE<\/h1>\n<h5>MENEK\u00dcL\u00c9S A T\u00d6RT\u00c9NELEMB\u0150L A J\u00d6V\u0150BE \u2013 A TOLERANCIA \u00daTJ\u00c1N<\/h5>\n<\/div><\/section><\/div>\n\n<style type=\"text\/css\" data-created_by=\"avia_inline_auto\" id=\"style-css-av-av_one_third-0aa7055fe62c3622faec82866afbaeb2\">\n.flex_column.av-av_one_third-0aa7055fe62c3622faec82866afbaeb2{\nborder-radius:0px 0px 0px 0px;\n-webkit-border-radius:0px 0px 0px 0px;\n-moz-border-radius:0px 0px 0px 0px;\n}\n<\/style>\n<div class='flex_column av-av_one_third-0aa7055fe62c3622faec82866afbaeb2 av_one_third  avia-builder-el-2  el_after_av_two_third  el_before_av_one_full  flex_column_div av-zero-column-padding '   ><style type=\"text\/css\" data-created_by=\"avia_inline_auto\" id=\"style-css-av-av_image-1de27196ae9d09d5cad3021b7b977932\">\n.avia-image-container.av-av_image-1de27196ae9d09d5cad3021b7b977932 .av-image-caption-overlay-center{\ncolor:#ffffff;\n}\n<\/style>\n<div  class='avia-image-container av-av_image-1de27196ae9d09d5cad3021b7b977932 av-styling- avia-align-center  avia-builder-el-3  avia-builder-el-no-sibling '  itemprop=\"image\" itemscope=\"itemscope\" itemtype=\"https:\/\/schema.org\/ImageObject\" ><div class=\"avia-image-container-inner\"><div class=\"avia-image-overlay-wrap\"><img class='wp-image-3527 avia-img-lazy-loading-not-3527 avia_image' src=\"http:\/\/www.si-hu.eu\/hu2\/wp-content\/uploads\/sites\/10\/2018\/10\/interreg_icon_enviroment_neg_RGB-1-80x80.jpg\" alt='' title=''  height=\"80\" width=\"80\"  itemprop=\"thumbnailUrl\" srcset=\"http:\/\/www.si-hu.eu\/hu2\/wp-content\/uploads\/sites\/10\/2018\/10\/interreg_icon_enviroment_neg_RGB-1-80x80.jpg 80w, http:\/\/www.si-hu.eu\/hu2\/wp-content\/uploads\/sites\/10\/2018\/10\/interreg_icon_enviroment_neg_RGB-1-300x300.jpg 300w, http:\/\/www.si-hu.eu\/hu2\/wp-content\/uploads\/sites\/10\/2018\/10\/interreg_icon_enviroment_neg_RGB-1-768x768.jpg 768w, http:\/\/www.si-hu.eu\/hu2\/wp-content\/uploads\/sites\/10\/2018\/10\/interreg_icon_enviroment_neg_RGB-1-1030x1030.jpg 1030w, http:\/\/www.si-hu.eu\/hu2\/wp-content\/uploads\/sites\/10\/2018\/10\/interreg_icon_enviroment_neg_RGB-1-600x600.jpg 600w, http:\/\/www.si-hu.eu\/hu2\/wp-content\/uploads\/sites\/10\/2018\/10\/interreg_icon_enviroment_neg_RGB-1-36x36.jpg 36w, http:\/\/www.si-hu.eu\/hu2\/wp-content\/uploads\/sites\/10\/2018\/10\/interreg_icon_enviroment_neg_RGB-1-180x180.jpg 180w, http:\/\/www.si-hu.eu\/hu2\/wp-content\/uploads\/sites\/10\/2018\/10\/interreg_icon_enviroment_neg_RGB-1-1500x1500.jpg 1500w, http:\/\/www.si-hu.eu\/hu2\/wp-content\/uploads\/sites\/10\/2018\/10\/interreg_icon_enviroment_neg_RGB-1-705x705.jpg 705w, http:\/\/www.si-hu.eu\/hu2\/wp-content\/uploads\/sites\/10\/2018\/10\/interreg_icon_enviroment_neg_RGB-1-120x120.jpg 120w, http:\/\/www.si-hu.eu\/hu2\/wp-content\/uploads\/sites\/10\/2018\/10\/interreg_icon_enviroment_neg_RGB-1-450x450.jpg 450w\" sizes=\"(max-width: 80px) 100vw, 80px\" \/><\/div><\/div><\/div><\/div>\n\n<style type=\"text\/css\" data-created_by=\"avia_inline_auto\" id=\"style-css-av-av_one_full-6126cab7d8fab8d08143dd2dacdf673c\">\n.flex_column.av-av_one_full-6126cab7d8fab8d08143dd2dacdf673c{\nborder-radius:0px 0px 0px 0px;\n-webkit-border-radius:0px 0px 0px 0px;\n-moz-border-radius:0px 0px 0px 0px;\n}\n<\/style>\n<div class='flex_column av-av_one_full-6126cab7d8fab8d08143dd2dacdf673c av_one_full  avia-builder-el-4  el_after_av_one_third  el_before_av_two_third  first flex_column_div av-zero-column-padding column-top-margin'   ><div  class='hr av-av_hr-dcd2069817a0e3d34ae04cad8f3443c7 hr-default  avia-builder-el-5  avia-builder-el-no-sibling '><span class='hr-inner '><span class=\"hr-inner-style\"><\/span><\/span><\/div><\/div>\n\n<style type=\"text\/css\" data-created_by=\"avia_inline_auto\" id=\"style-css-av-av_two_third-6126cab7d8fab8d08143dd2dacdf673c\">\n.flex_column.av-av_two_third-6126cab7d8fab8d08143dd2dacdf673c{\nborder-radius:0px 0px 0px 0px;\n-webkit-border-radius:0px 0px 0px 0px;\n-moz-border-radius:0px 0px 0px 0px;\n}\n<\/style>\n<div class='flex_column av-av_two_third-6126cab7d8fab8d08143dd2dacdf673c av_two_third  avia-builder-el-6  el_after_av_one_full  el_before_av_one_third  first flex_column_div av-zero-column-padding column-top-margin'   ><section  class='av_textblock_section av-av_textblock-0366cc7376be6c9e82a3e9cc8987b64f'  itemscope=\"itemscope\" itemtype=\"https:\/\/schema.org\/CreativeWork\" ><div class='avia_textblock'  itemprop=\"text\" ><p><img loading=\"lazy\" class=\"alignleft wp-image-3653 size-medium\" src=\"http:\/\/www.si-hu.eu\/hu2\/wp-content\/uploads\/sites\/10\/2018\/11\/escape_logo_dvojezicni-page-001-300x166.jpg\" alt=\"\" width=\"300\" height=\"166\" srcset=\"http:\/\/www.si-hu.eu\/hu2\/wp-content\/uploads\/sites\/10\/2018\/11\/escape_logo_dvojezicni-page-001-300x166.jpg 300w, http:\/\/www.si-hu.eu\/hu2\/wp-content\/uploads\/sites\/10\/2018\/11\/escape_logo_dvojezicni-page-001-768x425.jpg 768w, http:\/\/www.si-hu.eu\/hu2\/wp-content\/uploads\/sites\/10\/2018\/11\/escape_logo_dvojezicni-page-001-1030x570.jpg 1030w, http:\/\/www.si-hu.eu\/hu2\/wp-content\/uploads\/sites\/10\/2018\/11\/escape_logo_dvojezicni-page-001-600x332.jpg 600w, http:\/\/www.si-hu.eu\/hu2\/wp-content\/uploads\/sites\/10\/2018\/11\/escape_logo_dvojezicni-page-001-1500x829.jpg 1500w, http:\/\/www.si-hu.eu\/hu2\/wp-content\/uploads\/sites\/10\/2018\/11\/escape_logo_dvojezicni-page-001-705x390.jpg 705w, http:\/\/www.si-hu.eu\/hu2\/wp-content\/uploads\/sites\/10\/2018\/11\/escape_logo_dvojezicni-page-001-450x249.jpg 450w, http:\/\/www.si-hu.eu\/hu2\/wp-content\/uploads\/sites\/10\/2018\/11\/escape_logo_dvojezicni-page-001.jpg 1935w\" sizes=\"(max-width: 300px) 100vw, 300px\" \/>A Dr\u00e1va- \u00e9s Muravid\u00e9ken, valamint Vas megy\u00e9ben a kultur\u00e1lis \u00e9s term\u00e9szeti \u00f6r\u00f6ks\u00e9g egy r\u00e9sz\u00e9t, k\u00fcl\u00f6n\u00e1ll\u00f3, \u00f6sszef\u00fcgg\u00e9stelen,&nbsp;rendszertelen \u00e9s nehezen hozz\u00e1f\u00e9rhet\u0151 mivolta miatt TELJESEN MELL\u0150ZZ\u00dcK. Az ESCAPE projekt erre a ter\u00fcleti kih\u00edv\u00e1sra reag\u00e1l \u2013 81&nbsp;toleranciapontot k\u00edv\u00e1n nemes\u00edteni (ingyenes digit\u00e1lis b\u00e1zisban l\u00e9v\u0151 attrakt\u00edv le\u00edr\u00e1sokkal \u00e9s ambient\u00e1lis rendez\u00e9ssel), majd&nbsp;fenntarthat\u00f3an 5 VONZ\u00d3, HAT\u00c1RON \u00c1TNY\u00daL\u00d3 TURISZTIKAI TERM\u00c9K (menek\u00fcl\u00e9s) form\u00e1j\u00e1ban \u00f6sszekapcsolni. A menek\u00fcl\u00e9sek az&nbsp;\u00e9lm\u00e9nyekre, kutat\u00e1sra \u00e9s tanul\u00e1sra vagy\u00f3 turist\u00e1k minden szegmens\u00e9nek vonz\u00f3ak lesznek. A projekt \u00e1ltal\u00e1nos c\u00e9lja a k\u00edn\u00e1lat&nbsp;diverzifik\u00e1l\u00e1s\u00e1val NEMES\u00cdTENI a m\u00e1gnesek TURISZTIKAI FOLYAMATAIT \u00e9s cs\u00f6kkenteni a ter\u00fcleti egyenetlens\u00e9geket. Rendszerezett,&nbsp;integr\u00e1lt megk\u00f6zel\u00edt\u00e9ssel egyedi turisztikai desztin\u00e1ci\u00f3v\u00e1 k\u00edv\u00e1njuk alak\u00edtani a kev\u00e9sb\u00e9 l\u00e1that\u00f3 adotts\u00e1gokat. A beavatkoz\u00e1si logika azon&nbsp;turist\u00e1k kereslet\u00e9re ir\u00e1nyul, akik most csak a m\u00e1gnesek vonzerej\u00e9t tapasztalj\u00e1k, m\u00edg a projekt befejez\u00e9se ut\u00e1n a vid\u00e9ki t\u00e9rs\u00e9get is kutatni&nbsp;fogj\u00e1k. Az \u00faj \u00e9lm\u00e9nyterm\u00e9keket a (menek\u00fcltek, kiv\u00e1ndoroltak, k\u00fcl\u00f6nb\u00f6z\u0151 vall\u00e1sok, h\u00e1tr\u00e1nyos helyzet\u0171 csoportok, \u2026 ir\u00e1nti) TOLERANCIA&nbsp;tematik\u00e1ja kapcsolja \u00f6ssze. 3.000 vend\u00e9g\u00e9jszaka, a m\u0171eml\u00e9kek\/nevezetess\u00e9gek 10.000 l\u00e1togat\u00f3ja, 310 r\u00e9sztvev\u0151 az interpret\u00e1l\u00f3 \u00e9s&nbsp;k\u00e9pz\u00e9si esem\u00e9nyeken. A tev\u00e9kenys\u00e9gekb\u0151l els\u0151sorban a turist\u00e1knak \u00e9s a helyi lakoss\u00e1gnak sz\u00e1rmazik el\u0151nye. Mivel az \u00e9rintett t\u00e9rs\u00e9g&nbsp;idegenforgalm\u00e1ban azonos jellemz\u0151ket \u00e9s hi\u00e1nyoss\u00e1gokat tapasztalunk, rendk\u00edv\u00fcl fontos a HAT\u00c1RON \u00c1TNY\u00daL\u00d3 EGY\u00dcTTM\u0170K\u00d6D\u00c9S.&nbsp;Csup\u00e1n helyi nemzeti megk\u00f6zel\u00edt\u00e9ssel ezek a term\u00e9kek hi\u00e1nyosak, \u00e9s elk\u00fcl\u00f6n\u00fcltek, \u00e9s sokkal dr\u00e1g\u00e1bbak lenn\u00e9nek. Az innov\u00e1ci\u00f3 a&nbsp;hagyom\u00e1nyos \u00f6r\u00f6ks\u00e9gnek a digit\u00e1lis kommunik\u00e1ci\u00f3val \u2013 alkalmaz\u00e1sok \u00e9s QR k\u00f3dok \u2013 \u00e1ltali nemes\u00edt\u00e9s\u00e9ben van. Az ambici\u00f3zus projekt&nbsp;megval\u00f3s\u00edt\u00e1s\u00e1nak elker\u00fclhetetlen felt\u00e9tele az \u00f6sszes strat\u00e9giai szerepet lefed\u0151, komplementer r\u00e9sztvev\u0151k k\u00f6z\u00f6tti sz\u00e9lesk\u00f6r\u0171 partners\u00e9g.<\/p>\n\n\n<div class=\"ngg-galleryoverview ngg-slideshow\"\n\t id=\"ngg-slideshow-25d0f026b618e83f0abe9716d65bef5f-15479154160\"\n     data-gallery-id=\"25d0f026b618e83f0abe9716d65bef5f\"\n     style=\"max-width: 600px; max-height: 400px;\">\n\n \t<div id=\"ngg-image-0\" class=\"ngg-gallery-slideshow-image\" style=\"height:400px\">\n\n        <a href=\"http:\/\/www.si-hu.eu\/hu2\/wp-content\/uploads\/sites\/10\/nggallery\/escape\/Carovnistvo_Lenart.JPG\"\n           title=\"\"\n           data-src=\"http:\/\/www.si-hu.eu\/hu2\/wp-content\/uploads\/sites\/10\/nggallery\/escape\/Carovnistvo_Lenart.JPG\"\n           data-thumbnail=\"http:\/\/www.si-hu.eu\/hu2\/wp-content\/uploads\/sites\/10\/nggallery\/escape\/thumbs\/thumbs_Carovnistvo_Lenart.JPG\"\n           data-image-id=\"445\"\n           data-title=\"Carovnistvo_Lenart\"\n           data-description=\"\"\n           class=\"ngg-fancybox\" rel=\"25d0f026b618e83f0abe9716d65bef5f\">\n\n            <img data-image-id='445'\n                 title=\"\"\n                 alt=\"Carovnistvo_Lenart\"\n                 src=\"http:\/\/www.si-hu.eu\/hu2\/wp-content\/uploads\/sites\/10\/nggallery\/escape\/Carovnistvo_Lenart.JPG\"\n                 style=\"max-height: 380px;\"\/>\n        <\/a>\n\n        <\/div> \n<div id=\"ngg-image-1\" class=\"ngg-gallery-slideshow-image\" style=\"height:400px\">\n\n        <a href=\"http:\/\/www.si-hu.eu\/hu2\/wp-content\/uploads\/sites\/10\/nggallery\/escape\/Sveta-Ana.jpg\"\n           title=\"\"\n           data-src=\"http:\/\/www.si-hu.eu\/hu2\/wp-content\/uploads\/sites\/10\/nggallery\/escape\/Sveta-Ana.jpg\"\n           data-thumbnail=\"http:\/\/www.si-hu.eu\/hu2\/wp-content\/uploads\/sites\/10\/nggallery\/escape\/thumbs\/thumbs_Sveta-Ana.jpg\"\n           data-image-id=\"448\"\n           data-title=\"Sveta Ana\"\n           data-description=\"\"\n           class=\"ngg-fancybox\" rel=\"25d0f026b618e83f0abe9716d65bef5f\">\n\n            <img data-image-id='448'\n                 title=\"\"\n                 alt=\"Sveta Ana\"\n                 src=\"http:\/\/www.si-hu.eu\/hu2\/wp-content\/uploads\/sites\/10\/nggallery\/escape\/Sveta-Ana.jpg\"\n                 style=\"max-height: 380px;\"\/>\n        <\/a>\n\n        <\/div> \n<div id=\"ngg-image-2\" class=\"ngg-gallery-slideshow-image\" style=\"height:400px\">\n\n        <a href=\"http:\/\/www.si-hu.eu\/hu2\/wp-content\/uploads\/sites\/10\/nggallery\/escape\/vrazja_pot_Andovci.PNG\"\n           title=\"\"\n           data-src=\"http:\/\/www.si-hu.eu\/hu2\/wp-content\/uploads\/sites\/10\/nggallery\/escape\/vrazja_pot_Andovci.PNG\"\n           data-thumbnail=\"http:\/\/www.si-hu.eu\/hu2\/wp-content\/uploads\/sites\/10\/nggallery\/escape\/thumbs\/thumbs_vrazja_pot_Andovci.PNG\"\n           data-image-id=\"449\"\n           data-title=\"vrazja_pot_Andovci\"\n           data-description=\"\"\n           class=\"ngg-fancybox\" rel=\"25d0f026b618e83f0abe9716d65bef5f\">\n\n            <img data-image-id='449'\n                 title=\"\"\n                 alt=\"vrazja_pot_Andovci\"\n                 src=\"http:\/\/www.si-hu.eu\/hu2\/wp-content\/uploads\/sites\/10\/nggallery\/escape\/vrazja_pot_Andovci.PNG\"\n                 style=\"max-height: 380px;\"\/>\n        <\/a>\n\n        <\/div> \n<div id=\"ngg-image-3\" class=\"ngg-gallery-slideshow-image\" style=\"height:400px\">\n\n        <a href=\"http:\/\/www.si-hu.eu\/hu2\/wp-content\/uploads\/sites\/10\/nggallery\/escape\/Tabla-pri-kapeli-v-Crncih.jpg\"\n           title=\"\"\n           data-src=\"http:\/\/www.si-hu.eu\/hu2\/wp-content\/uploads\/sites\/10\/nggallery\/escape\/Tabla-pri-kapeli-v-Crncih.jpg\"\n           data-thumbnail=\"http:\/\/www.si-hu.eu\/hu2\/wp-content\/uploads\/sites\/10\/nggallery\/escape\/thumbs\/thumbs_Tabla-pri-kapeli-v-Crncih.jpg\"\n           data-image-id=\"450\"\n           data-title=\"Tabla pri kapeli v Crncih\"\n           data-description=\"\"\n           class=\"ngg-fancybox\" rel=\"25d0f026b618e83f0abe9716d65bef5f\">\n\n            <img data-image-id='450'\n                 title=\"\"\n                 alt=\"Tabla pri kapeli v Crncih\"\n                 src=\"http:\/\/www.si-hu.eu\/hu2\/wp-content\/uploads\/sites\/10\/nggallery\/escape\/Tabla-pri-kapeli-v-Crncih.jpg\"\n                 style=\"max-height: 380px;\"\/>\n        <\/a>\n\n        <\/div> \n<\/div>\n\n\n\n\n<\/div><\/section><\/div>\n\n<style type=\"text\/css\" data-created_by=\"avia_inline_auto\" id=\"style-css-av-av_one_third-0aa7055fe62c3622faec82866afbaeb2\">\n.flex_column.av-av_one_third-0aa7055fe62c3622faec82866afbaeb2{\nborder-radius:0px 0px 0px 0px;\n-webkit-border-radius:0px 0px 0px 0px;\n-moz-border-radius:0px 0px 0px 0px;\n}\n<\/style>\n<div class='flex_column av-av_one_third-0aa7055fe62c3622faec82866afbaeb2 av_one_third  avia-builder-el-8  el_after_av_two_third  el_before_av_one_full  flex_column_div av-zero-column-padding column-top-margin'   ><p>\n<style type=\"text\/css\" data-created_by=\"avia_inline_auto\" id=\"style-css-av-av_iconlist-b06021e845c44cd35373f25493d26102\">\n#top .avia-icon-list-container.av-av_iconlist-b06021e845c44cd35373f25493d26102 .iconlist_icon{\ncolor:#83a846;\nfont-size:17px;\n}\n#top #wrap_all .avia-icon-list-container.av-av_iconlist-b06021e845c44cd35373f25493d26102 .av_iconlist_title{\nfont-size:17px;\ncolor:#83a846;\n}\n.avia-icon-list-container.av-av_iconlist-b06021e845c44cd35373f25493d26102 .iconlist_content{\nfont-size:13px;\ncolor:#000000;\n}\n<\/style>\n<div  class='avia-icon-list-container av-av_iconlist-b06021e845c44cd35373f25493d26102  avia-builder-el-9  el_before_av_font_icon  avia-builder-el-first '><ul class='avia-icon-list avia_animate_when_almost_visible avia-icon-list-left av-iconlist-small av-av_iconlist-b06021e845c44cd35373f25493d26102 avia-iconlist-animate'>\n<li><div class='iconlist_icon av-av_iconlist_item-36f3a2b89d83697dc288e42c13b39f8e avia-font-entypo-fontello'><span class='iconlist-char' aria-hidden='true' data-av_icon='\ue82a' data-av_iconfont='entypo-fontello'><\/span><\/div><article class=\"article-icon-entry \"  itemscope=\"itemscope\" itemtype=\"https:\/\/schema.org\/CreativeWork\" ><div class=\"iconlist_content_wrap\"><header class=\"entry-content-header\"><div class='av_iconlist_title iconlist_title_small  av_inherit_color'  itemprop=\"headline\" >1. PRIORIT\u00c1SI TENGELY<\/div><\/header><div class='iconlist_content av_inherit_color'  itemprop=\"text\" ><p><em>Beruh\u00e1z\u00e1si priorit\u00e1s 6c<\/em><\/p>\n<p>SC 1:&nbsp;A t\u00e9rs\u00e9g vonzerej\u00e9nek n\u00f6vel\u00e9se a fenntarthat\u00f3 turisztikai k\u00edn\u00e1lat diverzifik\u00e1l\u00e1sa \u00e9s hat\u00e1ron \u00e1tny\u00fal\u00f3 integr\u00e1l\u00e1sa ment\u00e9n a term\u00e9szeti \u00e9s kultur\u00e1lis \u00f6r\u00f6ks\u00e9g v\u00e9delm\u00e9re.<\/p>\n<\/div><\/div><footer class=\"entry-footer\"><\/footer><\/article><div class=\"iconlist-timeline\"><\/div><\/li>\n<li><div class='iconlist_icon av-av_iconlist_item-de613b754114e4268a96f55011664a6f avia-font-entypo-fontello'><span class='iconlist-char' aria-hidden='true' data-av_icon='\ue85b' data-av_iconfont='entypo-fontello'><\/span><\/div><article class=\"article-icon-entry \"  itemscope=\"itemscope\" itemtype=\"https:\/\/schema.org\/CreativeWork\" ><div class=\"iconlist_content_wrap\"><header class=\"entry-content-header\"><div class='av_iconlist_title iconlist_title_small  av_inherit_color'  itemprop=\"headline\" >PROJEKT-FUTAMID\u0150<\/div><\/header><div class='iconlist_content av_inherit_color'  itemprop=\"text\" ><p>2017.04.15 &#8211; 2021.06.14.<\/p>\n<\/div><\/div><footer class=\"entry-footer\"><\/footer><\/article><div class=\"iconlist-timeline\"><\/div><\/li>\n<li><div class='iconlist_icon av-av_iconlist_item-305a864ab62252c4924fc3c9e7a1d664 avia-font-entypo-fontello'><span class='iconlist-char' aria-hidden='true' data-av_icon='\ue8d3' data-av_iconfont='entypo-fontello'><\/span><\/div><article class=\"article-icon-entry \"  itemscope=\"itemscope\" itemtype=\"https:\/\/schema.org\/CreativeWork\" ><div class=\"iconlist_content_wrap\"><header class=\"entry-content-header\"><div class='av_iconlist_title iconlist_title_small  av_inherit_color'  itemprop=\"headline\" >ERFA FORR\u00c1S \u00d6SSZEGE<\/div><\/header><div class='iconlist_content av_inherit_color'  itemprop=\"text\" ><p>820.995,99 EUR<\/p>\n<\/div><\/div><footer class=\"entry-footer\"><\/footer><\/article><div class=\"iconlist-timeline\"><\/div><\/li>\n<li><div class='iconlist_icon av-av_iconlist_item-3311fb92d373543c9076f9428d600b11 avia-font-entypo-fontello'><span class='iconlist-char' aria-hidden='true' data-av_icon='\ue80b' data-av_iconfont='entypo-fontello'><\/span><\/div><article class=\"article-icon-entry \"  itemscope=\"itemscope\" itemtype=\"https:\/\/schema.org\/CreativeWork\" ><div class=\"iconlist_content_wrap\"><header class=\"entry-content-header\"><div class='av_iconlist_title iconlist_title_small  av_inherit_color'  itemprop=\"headline\" >PROJEKTPARTNEREK<\/div><\/header><div class='iconlist_content av_inherit_color'  itemprop=\"text\" ><ul>\n<li>Ob\u010dina Apa\u010de \/ Apa\u010de \u00d6nkorm\u00e1nyzata (Vezet\u0151 Partner)<\/li>\n<li>Mestna ob\u010dina Mono\u0161ter \/ Szentgotth\u00e1rd V\u00e1ros \u00d6nkorm\u00e1nyzata<\/li>\n<li>Ob\u010dina Sveta Ana \/ Sveta Ana \u00d6nkorm\u00e1nyzata<\/li>\n<li>Porabsko kulturno in turisti\u010dno dru\u0161tvo Andovci \/ R\u00e1ba-vid\u00e9ki Szlov\u00e9n Kultur\u00e1lis \u00e9s Turisztikai Egyes\u00fclet Orfalu<\/li>\n<li>Ob\u010dina Sveti Andra\u017e v Slov. goricah \/ Sveti Andra\u017e v Slov. goricah \u00d6nkorm\u00e1nyzata<\/li>\n<li>Mestna ob\u010dina \u0150riszentp\u00e9ter \/ \u0150riszentp\u00e9ter V\u00e1ros \u00d6nkorm\u00e1nyzata<\/li>\n<li>Univerza v Mariboru, Fakulteta za elektrotehniko, ra\u010dunalni\u0161tvo in informatiko \/ Maribori Egyetem Elektrotechnika, Sz\u00e1m\u00edt\u00e1stechnikai \u00e9s Informatikai Kara<\/li>\n<li>Ob\u010dina Lenart \/ Lenart \u00d6nkorm\u00e1nyzata<\/li>\n<li>Javni zavod Republike Slovenije za varstvo kulturne dedi\u0161\u010dine \/ Szlov\u00e9n Kultur\u00e1lis \u00d6r\u00f6ks\u00e9gv\u00e9delmi Int\u00e9zet<\/li>\n<\/ul>\n<\/div><\/div><footer class=\"entry-footer\"><\/footer><\/article><div class=\"iconlist-timeline\"><\/div><\/li>\n<\/ul><\/div><br \/>\n\n<style type=\"text\/css\" data-created_by=\"avia_inline_auto\" id=\"style-css-av-av_font_icon-685912e568decaa2671f61641e97162c\">\n.av_font_icon.av-av_font_icon-685912e568decaa2671f61641e97162c{\ncolor:#b02b2c;\nborder-color:#b02b2c;\n}\n.av_font_icon.av-av_font_icon-685912e568decaa2671f61641e97162c .av-icon-char{\nfont-size:25px;\nline-height:25px;\nwidth:25px;\n}\n<\/style>\n<span  class='av_font_icon av-av_font_icon-685912e568decaa2671f61641e97162c avia_animate_when_visible av-icon-style-border avia-icon-pos-left avia-icon-animate'><a href='http:\/\/escape.project-escape.eu\/sl\/' target=\"_blank\" rel=\"noopener noreferrer\" class='av-icon-char' aria-hidden='true' data-av_icon='\ue821' data-av_iconfont='entypo-fontello'><\/a><\/span><br \/>\n\n<style type=\"text\/css\" data-created_by=\"avia_inline_auto\" id=\"style-css-av-av_font_icon-c0b945439f450b5a57d547d9f0d586bf\">\n.av_font_icon.av-av_font_icon-c0b945439f450b5a57d547d9f0d586bf{\ncolor:#1b7ee8;\nborder-color:#1b7ee8;\n}\n.av_font_icon.av-av_font_icon-c0b945439f450b5a57d547d9f0d586bf .av-icon-char{\nfont-size:25px;\nline-height:25px;\nwidth:25px;\n}\n<\/style>\n<span  class='av_font_icon av-av_font_icon-c0b945439f450b5a57d547d9f0d586bf avia_animate_when_visible av-icon-style-border avia-icon-pos-left avia-icon-animate'><a href='https:\/\/www.facebook.com\/escapesihu\/' target=\"_blank\" rel=\"noopener noreferrer\" class='av-icon-char' aria-hidden='true' data-av_icon='\ue8f5' data-av_iconfont='entypo-fontello'><\/a><\/span><\/p><\/div>\n<style type=\"text\/css\" data-created_by=\"avia_inline_auto\" id=\"style-css-av-av_one_full-6126cab7d8fab8d08143dd2dacdf673c\">\n.flex_column.av-av_one_full-6126cab7d8fab8d08143dd2dacdf673c{\nborder-radius:0px 0px 0px 0px;\n-webkit-border-radius:0px 0px 0px 0px;\n-moz-border-radius:0px 0px 0px 0px;\n}\n<\/style>\n<div class='flex_column av-av_one_full-6126cab7d8fab8d08143dd2dacdf673c av_one_full  avia-builder-el-12  el_after_av_one_third  avia-builder-el-last  first flex_column_div av-zero-column-padding column-top-margin'   ><div  class='av-social-sharing-box av-av_social_share-981f7761336080d54c04d7ac30ef78f7 av-social-sharing-box-default  avia-builder-el-13  avia-builder-el-no-sibling  av-social-sharing-box-fullwidth'><div class=\"av-share-box\"><h5 class='av-share-link-description av-no-toc '>Share this entry<\/h5><ul class=\"av-share-box-list noLightbox\"><li class='av-share-link av-social-link-facebook' ><a target=\"_blank\" aria-label=\"Share on Facebook\" href='https:\/\/www.facebook.com\/sharer.php?u=http:\/\/www.si-hu.eu\/hu2\/escape\/&#038;t=ESCAPE' aria-hidden='false' data-av_icon='\ue8f3' data-av_iconfont='entypo-fontello' title='' data-avia-related-tooltip='Share on Facebook' rel=\"noopener\"><span class='avia_hidden_link_text'>Share on Facebook<\/span><\/a><\/li><li class='av-share-link av-social-link-twitter' ><a target=\"_blank\" aria-label=\"Share on Twitter\" href='https:\/\/twitter.com\/share?text=ESCAPE&#038;url=http:\/\/www.si-hu.eu\/hu2\/?p=3560' aria-hidden='false' data-av_icon='\ue8f1' data-av_iconfont='entypo-fontello' title='' data-avia-related-tooltip='Share on Twitter' rel=\"noopener\"><span class='avia_hidden_link_text'>Share on Twitter<\/span><\/a><\/li><li class='av-share-link av-social-link-pinterest' ><a target=\"_blank\" aria-label=\"Share on Pinterest\" href='https:\/\/pinterest.com\/pin\/create\/button\/?url=http%3A%2F%2Fwww.si-hu.eu%2Fhu2%2Fescape%2F&#038;description=ESCAPE&#038;media=' aria-hidden='false' data-av_icon='\ue8f8' data-av_iconfont='entypo-fontello' title='' data-avia-related-tooltip='Share on Pinterest' rel=\"noopener\"><span class='avia_hidden_link_text'>Share on Pinterest<\/span><\/a><\/li><li class='av-share-link av-social-link-linkedin' ><a target=\"_blank\" aria-label=\"Share on LinkedIn\" href='https:\/\/linkedin.com\/shareArticle?mini=true&#038;title=ESCAPE&#038;url=http:\/\/www.si-hu.eu\/hu2\/escape\/' aria-hidden='false' data-av_icon='\ue8fc' data-av_iconfont='entypo-fontello' title='' data-avia-related-tooltip='Share on LinkedIn' rel=\"noopener\"><span class='avia_hidden_link_text'>Share on LinkedIn<\/span><\/a><\/li><li class='av-share-link av-social-link-tumblr' ><a target=\"_blank\" aria-label=\"Share on Tumblr\" href='https:\/\/www.tumblr.com\/share\/link?url=http%3A%2F%2Fwww.si-hu.eu%2Fhu2%2Fescape%2F&#038;name=ESCAPE&#038;description=' aria-hidden='false' data-av_icon='\ue8fa' data-av_iconfont='entypo-fontello' title='' data-avia-related-tooltip='Share on Tumblr' rel=\"noopener\"><span class='avia_hidden_link_text'>Share on Tumblr<\/span><\/a><\/li><li class='av-share-link av-social-link-vk' ><a target=\"_blank\" aria-label=\"Share on Vk\" href='https:\/\/vk.com\/share.php?url=http:\/\/www.si-hu.eu\/hu2\/escape\/' aria-hidden='false' data-av_icon='\ue926' data-av_iconfont='entypo-fontello' title='' data-avia-related-tooltip='Share on Vk' rel=\"noopener\"><span class='avia_hidden_link_text'>Share on Vk<\/span><\/a><\/li><li class='av-share-link av-social-link-reddit' ><a target=\"_blank\" aria-label=\"Share on Reddit\" href='https:\/\/reddit.com\/submit?url=http:\/\/www.si-hu.eu\/hu2\/escape\/&#038;title=ESCAPE' aria-hidden='false' data-av_icon='\ue927' data-av_iconfont='entypo-fontello' title='' data-avia-related-tooltip='Share on Reddit' rel=\"noopener\"><span class='avia_hidden_link_text'>Share on Reddit<\/span><\/a><\/li><li class='av-share-link av-social-link-mail' ><a  aria-label=\"Share by Mail\" href='mailto:?subject=ESCAPE&#038;body=http:\/\/www.si-hu.eu\/hu2\/escape\/' aria-hidden='false' data-av_icon='\ue805' data-av_iconfont='entypo-fontello' title='' data-avia-related-tooltip='Share by Mail'><span class='avia_hidden_link_text'>Share by Mail<\/span><\/a><\/li><\/ul><\/div><\/div><\/div><\/p>\n","protected":false},"excerpt":{"rendered":"","protected":false},"author":80,"featured_media":0,"parent":0,"menu_order":0,"comment_status":"closed","ping_status":"closed","template":"","meta":{"ngg_post_thumbnail":0},"acf":[],"_links":{"self":[{"href":"http:\/\/www.si-hu.eu\/hu2\/wp-json\/wp\/v2\/pages\/3560"}],"collection":[{"href":"http:\/\/www.si-hu.eu\/hu2\/wp-json\/wp\/v2\/pages"}],"about":[{"href":"http:\/\/www.si-hu.eu\/hu2\/wp-json\/wp\/v2\/types\/page"}],"author":[{"embeddable":true,"href":"http:\/\/www.si-hu.eu\/hu2\/wp-json\/wp\/v2\/users\/80"}],"replies":[{"embeddable":true,"href":"http:\/\/www.si-hu.eu\/hu2\/wp-json\/wp\/v2\/comments?post=3560"}],"version-history":[{"count":6,"href":"http:\/\/www.si-hu.eu\/hu2\/wp-json\/wp\/v2\/pages\/3560\/revisions"}],"predecessor-version":[{"id":5474,"href":"http:\/\/www.si-hu.eu\/hu2\/wp-json\/wp\/v2\/pages\/3560\/revisions\/5474"}],"wp:attachment":[{"href":"http:\/\/www.si-hu.eu\/hu2\/wp-json\/wp\/v2\/media?parent=3560"}],"curies":[{"name":"wp","href":"https:\/\/api.w.org\/{rel}","templated":true}]}}