{"id":3569,"date":"2019-01-29T15:05:56","date_gmt":"2019-01-29T14:05:56","guid":{"rendered":"http:\/\/www.si-hu.eu\/hu2\/?page_id=3569"},"modified":"2019-01-29T15:05:56","modified_gmt":"2019-01-29T14:05:56","slug":"go-in-nature","status":"publish","type":"page","link":"http:\/\/www.si-hu.eu\/hu2\/go-in-nature\/","title":{"rendered":"GO IN NATURE"},"content":{"rendered":"\n<style type=\"text\/css\" data-created_by=\"avia_inline_auto\" id=\"style-css-av-av_two_third-6126cab7d8fab8d08143dd2dacdf673c\">\n.flex_column.av-av_two_third-6126cab7d8fab8d08143dd2dacdf673c{\nborder-radius:0px 0px 0px 0px;\n-webkit-border-radius:0px 0px 0px 0px;\n-moz-border-radius:0px 0px 0px 0px;\n}\n<\/style>\n<div class='flex_column av-av_two_third-6126cab7d8fab8d08143dd2dacdf673c av_two_third  avia-builder-el-0  el_before_av_one_third  avia-builder-el-first  first flex_column_div av-zero-column-padding '   ><section  class='av_textblock_section av-av_textblock-0366cc7376be6c9e82a3e9cc8987b64f'  itemscope=\"itemscope\" itemtype=\"https:\/\/schema.org\/CreativeWork\" ><div class='avia_textblock'  itemprop=\"text\" ><h1>GO IN NATURE<\/h1>\n<h5>A turisztikai infrastrukt\u00fara \u00e9p\u00edt\u00e9se \u00e9s fel\u00faj\u00edt\u00e1sa a NATURA v\u00e9dett term\u00e9szeti ter\u00fcletein<\/h5>\n<\/div><\/section><\/div>\n\n<style type=\"text\/css\" data-created_by=\"avia_inline_auto\" id=\"style-css-av-av_one_third-0aa7055fe62c3622faec82866afbaeb2\">\n.flex_column.av-av_one_third-0aa7055fe62c3622faec82866afbaeb2{\nborder-radius:0px 0px 0px 0px;\n-webkit-border-radius:0px 0px 0px 0px;\n-moz-border-radius:0px 0px 0px 0px;\n}\n<\/style>\n<div class='flex_column av-av_one_third-0aa7055fe62c3622faec82866afbaeb2 av_one_third  avia-builder-el-2  el_after_av_two_third  el_before_av_one_full  flex_column_div av-zero-column-padding '   ><style type=\"text\/css\" data-created_by=\"avia_inline_auto\" id=\"style-css-av-av_image-1de27196ae9d09d5cad3021b7b977932\">\n.avia-image-container.av-av_image-1de27196ae9d09d5cad3021b7b977932 .av-image-caption-overlay-center{\ncolor:#ffffff;\n}\n<\/style>\n<div  class='avia-image-container av-av_image-1de27196ae9d09d5cad3021b7b977932 av-styling- avia-align-center  avia-builder-el-3  avia-builder-el-no-sibling '  itemprop=\"image\" itemscope=\"itemscope\" itemtype=\"https:\/\/schema.org\/ImageObject\" ><div class=\"avia-image-container-inner\"><div class=\"avia-image-overlay-wrap\"><img class='wp-image-3527 avia-img-lazy-loading-not-3527 avia_image' src=\"http:\/\/www.si-hu.eu\/hu2\/wp-content\/uploads\/sites\/10\/2018\/10\/interreg_icon_enviroment_neg_RGB-1-80x80.jpg\" alt='' title=''  height=\"80\" width=\"80\"  itemprop=\"thumbnailUrl\" srcset=\"http:\/\/www.si-hu.eu\/hu2\/wp-content\/uploads\/sites\/10\/2018\/10\/interreg_icon_enviroment_neg_RGB-1-80x80.jpg 80w, http:\/\/www.si-hu.eu\/hu2\/wp-content\/uploads\/sites\/10\/2018\/10\/interreg_icon_enviroment_neg_RGB-1-300x300.jpg 300w, http:\/\/www.si-hu.eu\/hu2\/wp-content\/uploads\/sites\/10\/2018\/10\/interreg_icon_enviroment_neg_RGB-1-768x768.jpg 768w, http:\/\/www.si-hu.eu\/hu2\/wp-content\/uploads\/sites\/10\/2018\/10\/interreg_icon_enviroment_neg_RGB-1-1030x1030.jpg 1030w, http:\/\/www.si-hu.eu\/hu2\/wp-content\/uploads\/sites\/10\/2018\/10\/interreg_icon_enviroment_neg_RGB-1-600x600.jpg 600w, http:\/\/www.si-hu.eu\/hu2\/wp-content\/uploads\/sites\/10\/2018\/10\/interreg_icon_enviroment_neg_RGB-1-36x36.jpg 36w, http:\/\/www.si-hu.eu\/hu2\/wp-content\/uploads\/sites\/10\/2018\/10\/interreg_icon_enviroment_neg_RGB-1-180x180.jpg 180w, http:\/\/www.si-hu.eu\/hu2\/wp-content\/uploads\/sites\/10\/2018\/10\/interreg_icon_enviroment_neg_RGB-1-1500x1500.jpg 1500w, http:\/\/www.si-hu.eu\/hu2\/wp-content\/uploads\/sites\/10\/2018\/10\/interreg_icon_enviroment_neg_RGB-1-705x705.jpg 705w, http:\/\/www.si-hu.eu\/hu2\/wp-content\/uploads\/sites\/10\/2018\/10\/interreg_icon_enviroment_neg_RGB-1-120x120.jpg 120w, http:\/\/www.si-hu.eu\/hu2\/wp-content\/uploads\/sites\/10\/2018\/10\/interreg_icon_enviroment_neg_RGB-1-450x450.jpg 450w\" sizes=\"(max-width: 80px) 100vw, 80px\" \/><\/div><\/div><\/div><\/div>\n\n<style type=\"text\/css\" data-created_by=\"avia_inline_auto\" id=\"style-css-av-av_one_full-6126cab7d8fab8d08143dd2dacdf673c\">\n.flex_column.av-av_one_full-6126cab7d8fab8d08143dd2dacdf673c{\nborder-radius:0px 0px 0px 0px;\n-webkit-border-radius:0px 0px 0px 0px;\n-moz-border-radius:0px 0px 0px 0px;\n}\n<\/style>\n<div class='flex_column av-av_one_full-6126cab7d8fab8d08143dd2dacdf673c av_one_full  avia-builder-el-4  el_after_av_one_third  el_before_av_two_third  first flex_column_div av-zero-column-padding column-top-margin'   ><div  class='hr av-av_hr-dcd2069817a0e3d34ae04cad8f3443c7 hr-default  avia-builder-el-5  avia-builder-el-no-sibling '><span class='hr-inner '><span class=\"hr-inner-style\"><\/span><\/span><\/div><\/div>\n\n<style type=\"text\/css\" data-created_by=\"avia_inline_auto\" id=\"style-css-av-av_two_third-6126cab7d8fab8d08143dd2dacdf673c\">\n.flex_column.av-av_two_third-6126cab7d8fab8d08143dd2dacdf673c{\nborder-radius:0px 0px 0px 0px;\n-webkit-border-radius:0px 0px 0px 0px;\n-moz-border-radius:0px 0px 0px 0px;\n}\n<\/style>\n<div class='flex_column av-av_two_third-6126cab7d8fab8d08143dd2dacdf673c av_two_third  avia-builder-el-6  el_after_av_one_full  el_before_av_one_third  first flex_column_div av-zero-column-padding column-top-margin'   ><section  class='av_textblock_section av-av_textblock-0366cc7376be6c9e82a3e9cc8987b64f'  itemscope=\"itemscope\" itemtype=\"https:\/\/schema.org\/CreativeWork\" ><div class='avia_textblock'  itemprop=\"text\" ><p><img loading=\"lazy\" class=\"alignleft wp-image-3541 size-full\" src=\"http:\/\/www.si-hu.eu\/hu2\/wp-content\/uploads\/sites\/10\/2018\/10\/logo-GIN.png\" alt=\"\" width=\"220\" height=\"195\">A programt\u00e9rs\u00e9gben jelent\u0151s ar\u00e1ny\u00fa a v\u00e9dett term\u00e9szeti ter\u00fclet, a term\u00e9szeti \u00e9rt\u00e9k\u2013t\u00e1jv\u00e9delmi parkok,nemzeti parkok stb.Sok helyen relat\u00edve kis ter\u00fcleten biztos\u00edtott a biol\u00f3giai sokf\u00e9les\u00e9g meg\u0151rz\u00e9se,ez a l\u00e1togat\u00f3knak kiv\u00e1l\u00f3 lehet\u0151s\u00e9get ny\u00fajt a term\u00e9szet leny\u0171g\u00f6z\u0151 meg\u00e9l\u00e9s\u00e9hez.Mivel e t\u00e9rs\u00e9gek k\u00f6z\u00f6tt nem nagyok a t\u00e1vols\u00e1gok,a l\u00e1togat\u00f3knak lehet\u0151s\u00e9ge van,hogy ezeket fenntarthat\u00f3 m\u00f3don k\u00fczdhess\u00e9k le\u2013gyalog,ker\u00e9kp\u00e1rral,vonattal, ill.nyilv\u00e1nos k\u00f6zleked\u00e9ssel.T\u00f6bb ilyen t\u00e9rs\u00e9get hoztak a ker\u00e9kp\u00e1rutak \u00e9s a t\u00fara nyomvonalak k\u00f6zelebb egym\u00e1shoz.A term\u00e9szeti k\u00f6rnyezet \u00e9s a biodiverzit\u00e1s meg\u0151rz\u00e9s\u00e9vel \u00f6sszhangban a t\u00e9rs\u00e9gnek megfelel\u0151 \u2013 term\u00e9szetbar\u00e1t,\u00f6kol\u00f3giai szempontb\u00f3l elfogadhat\u00f3-(turisztikai) infrastrukt\u00far\u00e1val kellene rendelkeznie \u00e9s biztos\u00edtania a fenntarthat\u00f3 \u00e9letm\u00f3d legjobb gyakorlat\u00e1t.Ez k\u00fcl\u00f6n\u00f6sen a sz\u00e1ll\u00e1shelyekre vonatkozik,amelyeknek a term\u00e9szettel l\u00e9v\u0151 kapcsolata min\u00e9l hitelesebb kell hogy legyen,ezt pedig legink\u00e1bb az ig\u00e9nyekhez alkalmazkod\u00f3 sz\u00e1ll\u00e1skapacit\u00e1ssal rendelkez\u0151 kempingek biztos\u00edthatj\u00e1k.A r\u00e9gi\u00f3ban \u00e9s annak v\u00e9dett ter\u00fcletein,f\u0151leg Szlov\u00e9ni\u00e1ban,de Magyarorsz\u00e1gon is kev\u00e9s az ennek megfelel\u0151,a jelen elvekkel \u00f6sszhangban l\u00e9v\u0151 turisztikai sz\u00e1ll\u00e1shely,infrastrukt\u00fara.Hissz\u00fck,hogy e p\u00e1ratlan tapasztalat \u00e9s a term\u00e9szet \u00e9lm\u00e9nye jelent\u0151sen befoly\u00e1solja a l\u00e1togat\u00f3kat,hogy meg\u00e9rts\u00e9k a term\u00e9szet \u00e9s a biodiverzit\u00e1s v\u00e9delm\u00e9nek jelent\u0151s\u00e9g\u00e9t.A projektr\u00e9gi\u00f3 v\u00e9dett term\u00e9szeti t\u00e9rs\u00e9geiben a jelen projekttel ki\u00e9p\u00edtj\u00fck a k\u00f6rnyezetbar\u00e1t turisztikai infrastrukt\u00far\u00e1k h\u00e1l\u00f3zat\u00e1t \u00f6kokempingek \u00e9s egy\u00e9b infrastrukt\u00fara form\u00e1j\u00e1ban,amelyek a term\u00e9szet p\u00e9ld\u00e1tlan \u00e9lm\u00e9ny\u00e9t \u00e9s biodivezit\u00e1s\u00e1t ny\u00fajtj\u00e1k.Ezzel idecsalogathatjuk a l\u00e1togat\u00f3kat,akiket az ilyen p\u00e1ratlan form\u00e1ban l\u00e1that\u00f3 term\u00e9szet felkutat\u00e1sa k\u00fcl\u00f6n\u00f6sen vonz.\u00c9rdemes k\u00fcl\u00f6nb\u00f6z\u0151 csomagokat k\u00e9sz\u00edteni a k\u00fcl\u00f6nf\u00e9le l\u00e1togat\u00f3i t\u00edpusok sz\u00e1m\u00e1ra.A projekttel a r\u00e9gi\u00f3ban leny\u0171g\u00f6z\u0151 term\u00e9szeti \u00e9lm\u00e9nyt k\u00edv\u00e1nunk ny\u00fajtani a l\u00e1togat\u00f3knak innovat\u00edv m\u00f3don.<\/p>\n\n\n<div class=\"ngg-galleryoverview ngg-slideshow\"\n\t id=\"ngg-slideshow-32bf94ffdcd0045ebc0587e329b8470c-2869602100\"\n     data-gallery-id=\"32bf94ffdcd0045ebc0587e329b8470c\"\n     style=\"max-width: 600px; max-height: 400px;\">\n\n \t<div id=\"ngg-image-0\" class=\"ngg-gallery-slideshow-image\" style=\"height:400px\">\n\n        <a href=\"http:\/\/www.si-hu.eu\/hu2\/wp-content\/uploads\/sites\/10\/nggallery\/go-in-nature\/pic117_IMG_1109.jpg\"\n           title=\"\"\n           data-src=\"http:\/\/www.si-hu.eu\/hu2\/wp-content\/uploads\/sites\/10\/nggallery\/go-in-nature\/pic117_IMG_1109.jpg\"\n           data-thumbnail=\"http:\/\/www.si-hu.eu\/hu2\/wp-content\/uploads\/sites\/10\/nggallery\/go-in-nature\/thumbs\/thumbs_pic117_IMG_1109.jpg\"\n           data-image-id=\"429\"\n           data-title=\"pic117_IMG_1109\"\n           data-description=\"\"\n           class=\"ngg-fancybox\" rel=\"32bf94ffdcd0045ebc0587e329b8470c\">\n\n            <img data-image-id='429'\n                 title=\"\"\n                 alt=\"pic117_IMG_1109\"\n                 src=\"http:\/\/www.si-hu.eu\/hu2\/wp-content\/uploads\/sites\/10\/nggallery\/go-in-nature\/pic117_IMG_1109.jpg\"\n                 style=\"max-height: 380px;\"\/>\n        <\/a>\n\n        <\/div> \n<div id=\"ngg-image-1\" class=\"ngg-gallery-slideshow-image\" style=\"height:400px\">\n\n        <a href=\"http:\/\/www.si-hu.eu\/hu2\/wp-content\/uploads\/sites\/10\/nggallery\/go-in-nature\/pic363_Erdei_tornapalya_Fur_Tamas_6.jpg\"\n           title=\"\"\n           data-src=\"http:\/\/www.si-hu.eu\/hu2\/wp-content\/uploads\/sites\/10\/nggallery\/go-in-nature\/pic363_Erdei_tornapalya_Fur_Tamas_6.jpg\"\n           data-thumbnail=\"http:\/\/www.si-hu.eu\/hu2\/wp-content\/uploads\/sites\/10\/nggallery\/go-in-nature\/thumbs\/thumbs_pic363_Erdei_tornapalya_Fur_Tamas_6.jpg\"\n           data-image-id=\"430\"\n           data-title=\"pic363_Erdei_tornapalya_Fur_Tamas_(6)\"\n           data-description=\"\"\n           class=\"ngg-fancybox\" rel=\"32bf94ffdcd0045ebc0587e329b8470c\">\n\n            <img data-image-id='430'\n                 title=\"\"\n                 alt=\"pic363_Erdei_tornapalya_Fur_Tamas_(6)\"\n                 src=\"http:\/\/www.si-hu.eu\/hu2\/wp-content\/uploads\/sites\/10\/nggallery\/go-in-nature\/pic363_Erdei_tornapalya_Fur_Tamas_6.jpg\"\n                 style=\"max-height: 380px;\"\/>\n        <\/a>\n\n        <\/div> \n<\/div>\n\n\n\n\n<\/div><\/section><\/div>\n\n<style type=\"text\/css\" data-created_by=\"avia_inline_auto\" id=\"style-css-av-av_one_third-0aa7055fe62c3622faec82866afbaeb2\">\n.flex_column.av-av_one_third-0aa7055fe62c3622faec82866afbaeb2{\nborder-radius:0px 0px 0px 0px;\n-webkit-border-radius:0px 0px 0px 0px;\n-moz-border-radius:0px 0px 0px 0px;\n}\n<\/style>\n<div class='flex_column av-av_one_third-0aa7055fe62c3622faec82866afbaeb2 av_one_third  avia-builder-el-8  el_after_av_two_third  el_before_av_one_full  flex_column_div av-zero-column-padding column-top-margin'   ><p>\n<style type=\"text\/css\" data-created_by=\"avia_inline_auto\" id=\"style-css-av-av_iconlist-b06021e845c44cd35373f25493d26102\">\n#top .avia-icon-list-container.av-av_iconlist-b06021e845c44cd35373f25493d26102 .iconlist_icon{\ncolor:#83a846;\nfont-size:17px;\n}\n#top #wrap_all .avia-icon-list-container.av-av_iconlist-b06021e845c44cd35373f25493d26102 .av_iconlist_title{\nfont-size:17px;\ncolor:#83a846;\n}\n.avia-icon-list-container.av-av_iconlist-b06021e845c44cd35373f25493d26102 .iconlist_content{\nfont-size:13px;\ncolor:#000000;\n}\n<\/style>\n<div  class='avia-icon-list-container av-av_iconlist-b06021e845c44cd35373f25493d26102  avia-builder-el-9  el_before_av_font_icon  avia-builder-el-first '><ul class='avia-icon-list avia_animate_when_almost_visible avia-icon-list-left av-iconlist-small av-av_iconlist-b06021e845c44cd35373f25493d26102 avia-iconlist-animate'>\n<li><div class='iconlist_icon av-av_iconlist_item-36f3a2b89d83697dc288e42c13b39f8e avia-font-entypo-fontello'><span class='iconlist-char' aria-hidden='true' data-av_icon='\ue82a' data-av_iconfont='entypo-fontello'><\/span><\/div><article class=\"article-icon-entry \"  itemscope=\"itemscope\" itemtype=\"https:\/\/schema.org\/CreativeWork\" ><div class=\"iconlist_content_wrap\"><header class=\"entry-content-header\"><div class='av_iconlist_title iconlist_title_small  av_inherit_color'  itemprop=\"headline\" >1. PRIORIT\u00c1SI TENGELY<\/div><\/header><div class='iconlist_content av_inherit_color'  itemprop=\"text\" ><p><em>Beruh\u00e1z\u00e1si priorit\u00e1s 6c<\/em><\/p>\n<p>SC 1:&nbsp;A t\u00e9rs\u00e9g vonzerej\u00e9nek n\u00f6vel\u00e9se a fenntarthat\u00f3 turisztikai k\u00edn\u00e1lat diverzifik\u00e1l\u00e1sa \u00e9s hat\u00e1ron \u00e1tny\u00fal\u00f3 integr\u00e1l\u00e1sa ment\u00e9n a term\u00e9szeti \u00e9s kultur\u00e1lis \u00f6r\u00f6ks\u00e9g v\u00e9delm\u00e9re.<\/p>\n<\/div><\/div><footer class=\"entry-footer\"><\/footer><\/article><div class=\"iconlist-timeline\"><\/div><\/li>\n<li><div class='iconlist_icon av-av_iconlist_item-de613b754114e4268a96f55011664a6f avia-font-entypo-fontello'><span class='iconlist-char' aria-hidden='true' data-av_icon='\ue85b' data-av_iconfont='entypo-fontello'><\/span><\/div><article class=\"article-icon-entry \"  itemscope=\"itemscope\" itemtype=\"https:\/\/schema.org\/CreativeWork\" ><div class=\"iconlist_content_wrap\"><header class=\"entry-content-header\"><div class='av_iconlist_title iconlist_title_small  av_inherit_color'  itemprop=\"headline\" >PROJEKT-FUTAMID\u0150<\/div><\/header><div class='iconlist_content av_inherit_color'  itemprop=\"text\" ><p>2017.03.01&nbsp; &#8211; 2020.02.29.<\/p>\n<\/div><\/div><footer class=\"entry-footer\"><\/footer><\/article><div class=\"iconlist-timeline\"><\/div><\/li>\n<li><div class='iconlist_icon av-av_iconlist_item-305a864ab62252c4924fc3c9e7a1d664 avia-font-entypo-fontello'><span class='iconlist-char' aria-hidden='true' data-av_icon='\ue8d3' data-av_iconfont='entypo-fontello'><\/span><\/div><article class=\"article-icon-entry \"  itemscope=\"itemscope\" itemtype=\"https:\/\/schema.org\/CreativeWork\" ><div class=\"iconlist_content_wrap\"><header class=\"entry-content-header\"><div class='av_iconlist_title iconlist_title_small  av_inherit_color'  itemprop=\"headline\" >ERFA FORR\u00c1S \u00d6SSZEGE<\/div><\/header><div class='iconlist_content av_inherit_color'  itemprop=\"text\" ><p>939.065,87 EUR<\/p>\n<\/div><\/div><footer class=\"entry-footer\"><\/footer><\/article><div class=\"iconlist-timeline\"><\/div><\/li>\n<li><div class='iconlist_icon av-av_iconlist_item-3311fb92d373543c9076f9428d600b11 avia-font-entypo-fontello'><span class='iconlist-char' aria-hidden='true' data-av_icon='\ue80b' data-av_iconfont='entypo-fontello'><\/span><\/div><article class=\"article-icon-entry \"  itemscope=\"itemscope\" itemtype=\"https:\/\/schema.org\/CreativeWork\" ><div class=\"iconlist_content_wrap\"><header class=\"entry-content-header\"><div class='av_iconlist_title iconlist_title_small  av_inherit_color'  itemprop=\"headline\" >PROJEKTPARTNEREK<\/div><\/header><div class='iconlist_content av_inherit_color'  itemprop=\"text\" ><ul>\n<li>Mestna ob\u010dina Murska Sobota (Vezet\u0151 Partner)<\/li>\n<li>Zveza tabornikov Pomurja<\/li>\n<li>Zalaerd\u0151 Erd\u00e9szeti Z\u00e1rtk\u00f6r\u0171en M\u0171k\u00f6d\u0151 R\u00e9szv\u00e9nyt\u00e1rsas\u00e1g<\/li>\n<li>Holnapocska K\u00f6zhaszn\u00fa Nonprofit Kft.<\/li>\n<li>Csesztreg K\u00f6zs\u00e9g \u00d6nkorm\u00e1nyzata<\/li>\n<\/ul>\n<\/div><\/div><footer class=\"entry-footer\"><\/footer><\/article><div class=\"iconlist-timeline\"><\/div><\/li>\n<\/ul><\/div><br \/>\n\n<style type=\"text\/css\" data-created_by=\"avia_inline_auto\" id=\"style-css-av-av_font_icon-6e830d9e53a4f8f76389cf4d0ce0bb37\">\n.av_font_icon.av-av_font_icon-6e830d9e53a4f8f76389cf4d0ce0bb37{\ncolor:#b02b2c;\nborder-color:#b02b2c;\n}\n.av_font_icon.av-av_font_icon-6e830d9e53a4f8f76389cf4d0ce0bb37 .av-icon-char{\nfont-size:25px;\nline-height:25px;\nwidth:25px;\n}\n<\/style>\n<span  class='av_font_icon av-av_font_icon-6e830d9e53a4f8f76389cf4d0ce0bb37 avia_animate_when_visible av-icon-style-border avia-icon-pos-left avia-icon-animate'><a href='http:\/\/http:\/\/www.goinnature.eu\/' target=\"_blank\" rel=\"noopener noreferrer\" class='av-icon-char' aria-hidden='true' data-av_icon='\ue821' data-av_iconfont='entypo-fontello'><\/a><\/span><br \/>\n\n<style type=\"text\/css\" data-created_by=\"avia_inline_auto\" id=\"style-css-av-av_font_icon-7dc34c690b2850366f6a2d93dc2473fa\">\n.av_font_icon.av-av_font_icon-7dc34c690b2850366f6a2d93dc2473fa{\ncolor:#1b7ee8;\nborder-color:#1b7ee8;\n}\n.av_font_icon.av-av_font_icon-7dc34c690b2850366f6a2d93dc2473fa .av-icon-char{\nfont-size:25px;\nline-height:25px;\nwidth:25px;\n}\n<\/style>\n<span  class='av_font_icon av-av_font_icon-7dc34c690b2850366f6a2d93dc2473fa avia_animate_when_visible av-icon-style-border avia-icon-pos-left avia-icon-animate'><a href='https:\/\/www.facebook.com\/goinnature\/' target=\"_blank\" rel=\"noopener noreferrer\" class='av-icon-char' aria-hidden='true' data-av_icon='\ue8f5' data-av_iconfont='entypo-fontello'><\/a><\/span><\/p><\/div>\n<style type=\"text\/css\" data-created_by=\"avia_inline_auto\" id=\"style-css-av-av_one_full-6126cab7d8fab8d08143dd2dacdf673c\">\n.flex_column.av-av_one_full-6126cab7d8fab8d08143dd2dacdf673c{\nborder-radius:0px 0px 0px 0px;\n-webkit-border-radius:0px 0px 0px 0px;\n-moz-border-radius:0px 0px 0px 0px;\n}\n<\/style>\n<div class='flex_column av-av_one_full-6126cab7d8fab8d08143dd2dacdf673c av_one_full  avia-builder-el-12  el_after_av_one_third  avia-builder-el-last  first flex_column_div av-zero-column-padding column-top-margin'   ><div  class='av-social-sharing-box av-av_social_share-981f7761336080d54c04d7ac30ef78f7 av-social-sharing-box-default  avia-builder-el-13  avia-builder-el-no-sibling  av-social-sharing-box-fullwidth'><div class=\"av-share-box\"><h5 class='av-share-link-description av-no-toc '>Share this entry<\/h5><ul class=\"av-share-box-list noLightbox\"><li class='av-share-link av-social-link-facebook' ><a target=\"_blank\" aria-label=\"Share on Facebook\" href='https:\/\/www.facebook.com\/sharer.php?u=http:\/\/www.si-hu.eu\/hu2\/go-in-nature\/&#038;t=GO%20IN%20NATURE' aria-hidden='false' data-av_icon='\ue8f3' data-av_iconfont='entypo-fontello' title='' data-avia-related-tooltip='Share on Facebook' rel=\"noopener\"><span class='avia_hidden_link_text'>Share on Facebook<\/span><\/a><\/li><li class='av-share-link av-social-link-twitter' ><a target=\"_blank\" aria-label=\"Share on Twitter\" href='https:\/\/twitter.com\/share?text=GO%20IN%20NATURE&#038;url=http:\/\/www.si-hu.eu\/hu2\/?p=3569' aria-hidden='false' data-av_icon='\ue8f1' data-av_iconfont='entypo-fontello' title='' data-avia-related-tooltip='Share on Twitter' rel=\"noopener\"><span class='avia_hidden_link_text'>Share on Twitter<\/span><\/a><\/li><li class='av-share-link av-social-link-pinterest' ><a target=\"_blank\" aria-label=\"Share on Pinterest\" href='https:\/\/pinterest.com\/pin\/create\/button\/?url=http%3A%2F%2Fwww.si-hu.eu%2Fhu2%2Fgo-in-nature%2F&#038;description=GO%20IN%20NATURE&#038;media=' aria-hidden='false' data-av_icon='\ue8f8' data-av_iconfont='entypo-fontello' title='' data-avia-related-tooltip='Share on Pinterest' rel=\"noopener\"><span class='avia_hidden_link_text'>Share on Pinterest<\/span><\/a><\/li><li class='av-share-link av-social-link-linkedin' ><a target=\"_blank\" aria-label=\"Share on LinkedIn\" href='https:\/\/linkedin.com\/shareArticle?mini=true&#038;title=GO%20IN%20NATURE&#038;url=http:\/\/www.si-hu.eu\/hu2\/go-in-nature\/' aria-hidden='false' data-av_icon='\ue8fc' data-av_iconfont='entypo-fontello' title='' data-avia-related-tooltip='Share on LinkedIn' rel=\"noopener\"><span class='avia_hidden_link_text'>Share on LinkedIn<\/span><\/a><\/li><li class='av-share-link av-social-link-tumblr' ><a target=\"_blank\" aria-label=\"Share on Tumblr\" href='https:\/\/www.tumblr.com\/share\/link?url=http%3A%2F%2Fwww.si-hu.eu%2Fhu2%2Fgo-in-nature%2F&#038;name=GO%20IN%20NATURE&#038;description=' aria-hidden='false' data-av_icon='\ue8fa' data-av_iconfont='entypo-fontello' title='' data-avia-related-tooltip='Share on Tumblr' rel=\"noopener\"><span class='avia_hidden_link_text'>Share on Tumblr<\/span><\/a><\/li><li class='av-share-link av-social-link-vk' ><a target=\"_blank\" aria-label=\"Share on Vk\" href='https:\/\/vk.com\/share.php?url=http:\/\/www.si-hu.eu\/hu2\/go-in-nature\/' aria-hidden='false' data-av_icon='\ue926' data-av_iconfont='entypo-fontello' title='' data-avia-related-tooltip='Share on Vk' rel=\"noopener\"><span class='avia_hidden_link_text'>Share on Vk<\/span><\/a><\/li><li class='av-share-link av-social-link-reddit' ><a target=\"_blank\" aria-label=\"Share on Reddit\" href='https:\/\/reddit.com\/submit?url=http:\/\/www.si-hu.eu\/hu2\/go-in-nature\/&#038;title=GO%20IN%20NATURE' aria-hidden='false' data-av_icon='\ue927' data-av_iconfont='entypo-fontello' title='' data-avia-related-tooltip='Share on Reddit' rel=\"noopener\"><span class='avia_hidden_link_text'>Share on Reddit<\/span><\/a><\/li><li class='av-share-link av-social-link-mail' ><a  aria-label=\"Share by Mail\" href='mailto:?subject=GO%20IN%20NATURE&#038;body=http:\/\/www.si-hu.eu\/hu2\/go-in-nature\/' aria-hidden='false' data-av_icon='\ue805' data-av_iconfont='entypo-fontello' title='' data-avia-related-tooltip='Share by Mail'><span class='avia_hidden_link_text'>Share by Mail<\/span><\/a><\/li><\/ul><\/div><\/div><\/div><\/p>\n","protected":false},"excerpt":{"rendered":"","protected":false},"author":80,"featured_media":0,"parent":0,"menu_order":0,"comment_status":"closed","ping_status":"closed","template":"","meta":{"ngg_post_thumbnail":0},"acf":[],"_links":{"self":[{"href":"http:\/\/www.si-hu.eu\/hu2\/wp-json\/wp\/v2\/pages\/3569"}],"collection":[{"href":"http:\/\/www.si-hu.eu\/hu2\/wp-json\/wp\/v2\/pages"}],"about":[{"href":"http:\/\/www.si-hu.eu\/hu2\/wp-json\/wp\/v2\/types\/page"}],"author":[{"embeddable":true,"href":"http:\/\/www.si-hu.eu\/hu2\/wp-json\/wp\/v2\/users\/80"}],"replies":[{"embeddable":true,"href":"http:\/\/www.si-hu.eu\/hu2\/wp-json\/wp\/v2\/comments?post=3569"}],"version-history":[{"count":2,"href":"http:\/\/www.si-hu.eu\/hu2\/wp-json\/wp\/v2\/pages\/3569\/revisions"}],"predecessor-version":[{"id":3857,"href":"http:\/\/www.si-hu.eu\/hu2\/wp-json\/wp\/v2\/pages\/3569\/revisions\/3857"}],"wp:attachment":[{"href":"http:\/\/www.si-hu.eu\/hu2\/wp-json\/wp\/v2\/media?parent=3569"}],"curies":[{"name":"wp","href":"https:\/\/api.w.org\/{rel}","templated":true}]}}