{"id":3652,"date":"2019-01-29T15:00:17","date_gmt":"2019-01-29T14:00:17","guid":{"rendered":"http:\/\/www.si-hu.eu\/hu2\/?page_id=3652"},"modified":"2019-07-24T08:58:12","modified_gmt":"2019-07-24T07:58:12","slug":"tele-ka-land","status":"publish","type":"page","link":"http:\/\/www.si-hu.eu\/hu2\/tele-ka-land\/","title":{"rendered":"TELE-KA-LAND"},"content":{"rendered":"\n<style type=\"text\/css\" data-created_by=\"avia_inline_auto\" id=\"style-css-av-av_two_third-6126cab7d8fab8d08143dd2dacdf673c\">\n.flex_column.av-av_two_third-6126cab7d8fab8d08143dd2dacdf673c{\nborder-radius:0px 0px 0px 0px;\n-webkit-border-radius:0px 0px 0px 0px;\n-moz-border-radius:0px 0px 0px 0px;\n}\n<\/style>\n<div class='flex_column av-av_two_third-6126cab7d8fab8d08143dd2dacdf673c av_two_third  avia-builder-el-0  el_before_av_one_third  avia-builder-el-first  first flex_column_div av-zero-column-padding '   ><section  class='av_textblock_section av-av_textblock-0366cc7376be6c9e82a3e9cc8987b64f'  itemscope=\"itemscope\" itemtype=\"https:\/\/schema.org\/CreativeWork\" ><div class='avia_textblock'  itemprop=\"text\" ><h1>TELE-KA-LAND<\/h1>\n<h5>Hat\u00e1r menti \u00e9lm\u00e9nyek, hat\u00e1rtalan kalandok<\/h5>\n<\/div><\/section><\/div>\n\n<style type=\"text\/css\" data-created_by=\"avia_inline_auto\" id=\"style-css-av-av_one_third-0aa7055fe62c3622faec82866afbaeb2\">\n.flex_column.av-av_one_third-0aa7055fe62c3622faec82866afbaeb2{\nborder-radius:0px 0px 0px 0px;\n-webkit-border-radius:0px 0px 0px 0px;\n-moz-border-radius:0px 0px 0px 0px;\n}\n<\/style>\n<div class='flex_column av-av_one_third-0aa7055fe62c3622faec82866afbaeb2 av_one_third  avia-builder-el-2  el_after_av_two_third  el_before_av_one_full  flex_column_div av-zero-column-padding '   ><style type=\"text\/css\" data-created_by=\"avia_inline_auto\" id=\"style-css-av-av_image-1de27196ae9d09d5cad3021b7b977932\">\n.avia-image-container.av-av_image-1de27196ae9d09d5cad3021b7b977932 .av-image-caption-overlay-center{\ncolor:#ffffff;\n}\n<\/style>\n<div  class='avia-image-container av-av_image-1de27196ae9d09d5cad3021b7b977932 av-styling- avia-align-center  avia-builder-el-3  avia-builder-el-no-sibling '  itemprop=\"image\" itemscope=\"itemscope\" itemtype=\"https:\/\/schema.org\/ImageObject\" ><div class=\"avia-image-container-inner\"><div class=\"avia-image-overlay-wrap\"><img class='wp-image-3527 avia-img-lazy-loading-not-3527 avia_image' src=\"http:\/\/www.si-hu.eu\/hu2\/wp-content\/uploads\/sites\/10\/2018\/10\/interreg_icon_enviroment_neg_RGB-1-80x80.jpg\" alt='' title=''  height=\"80\" width=\"80\"  itemprop=\"thumbnailUrl\" srcset=\"http:\/\/www.si-hu.eu\/hu2\/wp-content\/uploads\/sites\/10\/2018\/10\/interreg_icon_enviroment_neg_RGB-1-80x80.jpg 80w, http:\/\/www.si-hu.eu\/hu2\/wp-content\/uploads\/sites\/10\/2018\/10\/interreg_icon_enviroment_neg_RGB-1-300x300.jpg 300w, http:\/\/www.si-hu.eu\/hu2\/wp-content\/uploads\/sites\/10\/2018\/10\/interreg_icon_enviroment_neg_RGB-1-768x768.jpg 768w, http:\/\/www.si-hu.eu\/hu2\/wp-content\/uploads\/sites\/10\/2018\/10\/interreg_icon_enviroment_neg_RGB-1-1030x1030.jpg 1030w, http:\/\/www.si-hu.eu\/hu2\/wp-content\/uploads\/sites\/10\/2018\/10\/interreg_icon_enviroment_neg_RGB-1-600x600.jpg 600w, http:\/\/www.si-hu.eu\/hu2\/wp-content\/uploads\/sites\/10\/2018\/10\/interreg_icon_enviroment_neg_RGB-1-36x36.jpg 36w, http:\/\/www.si-hu.eu\/hu2\/wp-content\/uploads\/sites\/10\/2018\/10\/interreg_icon_enviroment_neg_RGB-1-180x180.jpg 180w, http:\/\/www.si-hu.eu\/hu2\/wp-content\/uploads\/sites\/10\/2018\/10\/interreg_icon_enviroment_neg_RGB-1-1500x1500.jpg 1500w, http:\/\/www.si-hu.eu\/hu2\/wp-content\/uploads\/sites\/10\/2018\/10\/interreg_icon_enviroment_neg_RGB-1-705x705.jpg 705w, http:\/\/www.si-hu.eu\/hu2\/wp-content\/uploads\/sites\/10\/2018\/10\/interreg_icon_enviroment_neg_RGB-1-120x120.jpg 120w, http:\/\/www.si-hu.eu\/hu2\/wp-content\/uploads\/sites\/10\/2018\/10\/interreg_icon_enviroment_neg_RGB-1-450x450.jpg 450w\" sizes=\"(max-width: 80px) 100vw, 80px\" \/><\/div><\/div><\/div><\/div>\n\n<style type=\"text\/css\" data-created_by=\"avia_inline_auto\" id=\"style-css-av-av_one_full-6126cab7d8fab8d08143dd2dacdf673c\">\n.flex_column.av-av_one_full-6126cab7d8fab8d08143dd2dacdf673c{\nborder-radius:0px 0px 0px 0px;\n-webkit-border-radius:0px 0px 0px 0px;\n-moz-border-radius:0px 0px 0px 0px;\n}\n<\/style>\n<div class='flex_column av-av_one_full-6126cab7d8fab8d08143dd2dacdf673c av_one_full  avia-builder-el-4  el_after_av_one_third  el_before_av_two_third  first flex_column_div av-zero-column-padding column-top-margin'   ><div  class='hr av-av_hr-dcd2069817a0e3d34ae04cad8f3443c7 hr-default  avia-builder-el-5  avia-builder-el-no-sibling '><span class='hr-inner '><span class=\"hr-inner-style\"><\/span><\/span><\/div><\/div>\n\n<style type=\"text\/css\" data-created_by=\"avia_inline_auto\" id=\"style-css-av-av_two_third-6126cab7d8fab8d08143dd2dacdf673c\">\n.flex_column.av-av_two_third-6126cab7d8fab8d08143dd2dacdf673c{\nborder-radius:0px 0px 0px 0px;\n-webkit-border-radius:0px 0px 0px 0px;\n-moz-border-radius:0px 0px 0px 0px;\n}\n<\/style>\n<div class='flex_column av-av_two_third-6126cab7d8fab8d08143dd2dacdf673c av_two_third  avia-builder-el-6  el_after_av_one_full  el_before_av_one_third  first flex_column_div av-zero-column-padding column-top-margin'   ><section  class='av_textblock_section av-av_textblock-0366cc7376be6c9e82a3e9cc8987b64f'  itemscope=\"itemscope\" itemtype=\"https:\/\/schema.org\/CreativeWork\" ><div class='avia_textblock'  itemprop=\"text\" ><p><img loading=\"lazy\" class=\"alignleft wp-image-3570 size-medium\" src=\"http:\/\/www.si-hu.eu\/hu2\/wp-content\/uploads\/sites\/10\/2018\/10\/logo2-page-001-300x245.jpg\" alt=\"\" width=\"300\" height=\"245\" srcset=\"http:\/\/www.si-hu.eu\/hu2\/wp-content\/uploads\/sites\/10\/2018\/10\/logo2-page-001-300x245.jpg 300w, http:\/\/www.si-hu.eu\/hu2\/wp-content\/uploads\/sites\/10\/2018\/10\/logo2-page-001-768x628.jpg 768w, http:\/\/www.si-hu.eu\/hu2\/wp-content\/uploads\/sites\/10\/2018\/10\/logo2-page-001-1030x842.jpg 1030w, http:\/\/www.si-hu.eu\/hu2\/wp-content\/uploads\/sites\/10\/2018\/10\/logo2-page-001-600x491.jpg 600w, http:\/\/www.si-hu.eu\/hu2\/wp-content\/uploads\/sites\/10\/2018\/10\/logo2-page-001-1500x1226.jpg 1500w, http:\/\/www.si-hu.eu\/hu2\/wp-content\/uploads\/sites\/10\/2018\/10\/logo2-page-001-705x576.jpg 705w, http:\/\/www.si-hu.eu\/hu2\/wp-content\/uploads\/sites\/10\/2018\/10\/logo2-page-001-450x368.jpg 450w\" sizes=\"(max-width: 300px) 100vw, 300px\" \/>A t\u00e9rs\u00e9g jellemz\u0151en mez\u0151gazdas\u00e1gi tev\u00e9kenys\u00e9get folytat\u00f3- k\u00f6zt\u00fck h\u00e1rom partner-telep\u00fcl\u00e9sei keresik a fenntarthat\u00f3 fejl\u0151d\u00e9s lehet\u0151s\u00e9geit. Meg\u00edt\u00e9l\u00e9s\u00fcnk szerint egyes turisztikai szolg\u00e1ltat\u00e1sok ter\u00fclet\u00e9n, f\u0151leg a kisgyermekes csal\u00e1dok programjait illet\u0151en hi\u00e1ny mutatkozik. Sok esetben koordin\u00e1latlan a k\u00edn\u00e1lat, fejletlen az \u00e9rt\u00e9kes\u00edt\u00e9si rendszer. A term\u00e9keket nagyobb ter\u00fcleteken kell vonz\u00f3v\u00e1 tenni, ez\u00e1ltal is a t\u00f6bbnapos tart\u00f3zkod\u00e1s lehet\u0151s\u00e9g\u00e9t biztos\u00edtva a turist\u00e1knak.&nbsp; Ezekre az \u00f6sszetett kih\u00edv\u00e1sokra reag\u00e1l a projekt, amikor a partnerek kor\u00e1bbi projektje, az 5 Postakocsi turisztikai fejleszt\u00e9sek eredm\u00e9nyeit felhaszn\u00e1lva hozunk l\u00e9tre a hat\u00e1r menti r\u00e9gi\u00f3ban hi\u00e1nyp\u00f3tl\u00f3 turisztikai term\u00e9keket. Ki\u00e9p\u00edtj\u00fck a TELE-KA-LAND Mesepark h\u00e1l\u00f3zatot, mely t\u00f6bb koroszt\u00e1ly sz\u00e1m\u00e1ra vonz\u00f3bb\u00e1 teszi a r\u00e9gi\u00f3t, m\u00e1sr\u00e9szt 4 partner telep\u00fcl\u00e9sen a Pannon Egyetem tud\u00e1s\u00e1t felhaszn\u00e1lva 1-1 nagyrendezv\u00e9nyt fejleszt\u00fcnk \u00e9s val\u00f3s\u00edtunk meg, a Mesepark \u00e9s a helyi hagyom\u00e1nyok alapjain.<br \/>\nA projekt hangs\u00falyos eleme, hogy c\u00e9ljaink el\u00e9r\u00e9se \u00e9rdek\u00e9ben t\u00f6bb s\u00edkon \u00f6sszetett marketing tev\u00e9kenys\u00e9get fejt\u00fcnk ki, amelyet az \u00e1ltalunk l\u00e9trehozand\u00f3 turisztikai desztin\u00e1ci\u00f3 menedzsment szervezetet v\u00e9gez. Ennek a szervezetnek a feladata az \u00faj term\u00e9kekkel kapcsolatos \u00fczenetek eljuttat\u00e1sa a potenci\u00e1lis \u00e9rdekl\u0151d\u0151kh\u00f6z.&nbsp; A legkorszer\u0171bb kommunik\u00e1ci\u00f3s eszk\u00f6z\u00f6ket is felhaszn\u00e1lva v\u00e9gezz\u00fck ezt a tev\u00e9kenys\u00e9get. K\u00e9sz\u00fcl a term\u00e9kr\u0151l mobil applik\u00e1ci\u00f3, facebook PPC kamp\u00e1ny,&nbsp; Google AdWords search \u00e9s display kamp\u00e1ny, de ig\u00e9nybe vessz\u00fck a hagyom\u00e1nyos marketing eszk\u00f6z\u00f6ket is.<br \/>\nA munkacsomagok k\u00f6z\u00f6tt tervezz\u00fck, hogy a t\u00e9rs\u00e9g szolg\u00e1ltat\u00f3i r\u00e9sz\u00e9re hi\u00e1nyp\u00f3tl\u00f3 oktat\u00e1sokat szervez\u00fcnk.&nbsp; A Pannon Egyetem k\u00f6zrem\u0171k\u00f6d\u00e9s\u00e9vel h\u00e1rom k\u00e9pz\u00e9st ind\u00edtunk: elektronikus alap\u00fa \u00e9rt\u00e9kes\u00edt\u00e9si eszk\u00f6z\u00f6k, a lovas t\u00faravezet\u0151i (OKJ-s), valamint az anim\u00e1tork\u00e9pz\u00e9st.<br \/>\nA tev\u00e9kenys\u00e9geink struktur\u00e1lt v\u00e9grehajt\u00e1sa, mind egy ir\u00e1nyba mutat: \u00faj term\u00e9kekkel t\u00f6bb vend\u00e9get, hosszabb id\u0151re a t\u00e9rs\u00e9gbe cs\u00e1b\u00edtani, \u00e9s a sz\u00e1mukra magas szint\u0171 szolg\u00e1ltat\u00e1st ny\u00fajtani.<\/p>\n\n\n<div class=\"ngg-galleryoverview ngg-slideshow\"\n\t id=\"ngg-slideshow-e753c625ce07b43b9236a240a0856b9f-13083144070\"\n     data-gallery-id=\"e753c625ce07b43b9236a240a0856b9f\"\n     style=\"max-width: 600px; max-height: 400px;\">\n\n \t<div id=\"ngg-image-0\" class=\"ngg-gallery-slideshow-image\" style=\"height:400px\">\n\n        <a href=\"http:\/\/www.si-hu.eu\/hu2\/wp-content\/uploads\/sites\/10\/nggallery\/tele-ka-land\/34.jpg\"\n           title=\"\"\n           data-src=\"http:\/\/www.si-hu.eu\/hu2\/wp-content\/uploads\/sites\/10\/nggallery\/tele-ka-land\/34.jpg\"\n           data-thumbnail=\"http:\/\/www.si-hu.eu\/hu2\/wp-content\/uploads\/sites\/10\/nggallery\/tele-ka-land\/thumbs\/thumbs_34.jpg\"\n           data-image-id=\"435\"\n           data-title=\"34\"\n           data-description=\"\"\n           class=\"ngg-fancybox\" rel=\"e753c625ce07b43b9236a240a0856b9f\">\n\n            <img data-image-id='435'\n                 title=\"\"\n                 alt=\"34\"\n                 src=\"http:\/\/www.si-hu.eu\/hu2\/wp-content\/uploads\/sites\/10\/nggallery\/tele-ka-land\/34.jpg\"\n                 style=\"max-height: 380px;\"\/>\n        <\/a>\n\n        <\/div> \n<div id=\"ngg-image-1\" class=\"ngg-gallery-slideshow-image\" style=\"height:400px\">\n\n        <a href=\"http:\/\/www.si-hu.eu\/hu2\/wp-content\/uploads\/sites\/10\/nggallery\/tele-ka-land\/Iciri-Piciri-3.jpg\"\n           title=\"\"\n           data-src=\"http:\/\/www.si-hu.eu\/hu2\/wp-content\/uploads\/sites\/10\/nggallery\/tele-ka-land\/Iciri-Piciri-3.jpg\"\n           data-thumbnail=\"http:\/\/www.si-hu.eu\/hu2\/wp-content\/uploads\/sites\/10\/nggallery\/tele-ka-land\/thumbs\/thumbs_Iciri-Piciri-3.jpg\"\n           data-image-id=\"437\"\n           data-title=\"Iciri Piciri 3\"\n           data-description=\"\"\n           class=\"ngg-fancybox\" rel=\"e753c625ce07b43b9236a240a0856b9f\">\n\n            <img data-image-id='437'\n                 title=\"\"\n                 alt=\"Iciri Piciri 3\"\n                 src=\"http:\/\/www.si-hu.eu\/hu2\/wp-content\/uploads\/sites\/10\/nggallery\/tele-ka-land\/Iciri-Piciri-3.jpg\"\n                 style=\"max-height: 380px;\"\/>\n        <\/a>\n\n        <\/div> \n<div id=\"ngg-image-2\" class=\"ngg-gallery-slideshow-image\" style=\"height:400px\">\n\n        <a href=\"http:\/\/www.si-hu.eu\/hu2\/wp-content\/uploads\/sites\/10\/nggallery\/tele-ka-land\/Kakas.jpg\"\n           title=\"\"\n           data-src=\"http:\/\/www.si-hu.eu\/hu2\/wp-content\/uploads\/sites\/10\/nggallery\/tele-ka-land\/Kakas.jpg\"\n           data-thumbnail=\"http:\/\/www.si-hu.eu\/hu2\/wp-content\/uploads\/sites\/10\/nggallery\/tele-ka-land\/thumbs\/thumbs_Kakas.jpg\"\n           data-image-id=\"438\"\n           data-title=\"Kakas\"\n           data-description=\"\"\n           class=\"ngg-fancybox\" rel=\"e753c625ce07b43b9236a240a0856b9f\">\n\n            <img data-image-id='438'\n                 title=\"\"\n                 alt=\"Kakas\"\n                 src=\"http:\/\/www.si-hu.eu\/hu2\/wp-content\/uploads\/sites\/10\/nggallery\/tele-ka-land\/Kakas.jpg\"\n                 style=\"max-height: 380px;\"\/>\n        <\/a>\n\n        <\/div> \n<div id=\"ngg-image-3\" class=\"ngg-gallery-slideshow-image\" style=\"height:400px\">\n\n        <a href=\"http:\/\/www.si-hu.eu\/hu2\/wp-content\/uploads\/sites\/10\/nggallery\/tele-ka-land\/Matyi.jpg\"\n           title=\"\"\n           data-src=\"http:\/\/www.si-hu.eu\/hu2\/wp-content\/uploads\/sites\/10\/nggallery\/tele-ka-land\/Matyi.jpg\"\n           data-thumbnail=\"http:\/\/www.si-hu.eu\/hu2\/wp-content\/uploads\/sites\/10\/nggallery\/tele-ka-land\/thumbs\/thumbs_Matyi.jpg\"\n           data-image-id=\"440\"\n           data-title=\"Matyi\"\n           data-description=\"\"\n           class=\"ngg-fancybox\" rel=\"e753c625ce07b43b9236a240a0856b9f\">\n\n            <img data-image-id='440'\n                 title=\"\"\n                 alt=\"Matyi\"\n                 src=\"http:\/\/www.si-hu.eu\/hu2\/wp-content\/uploads\/sites\/10\/nggallery\/tele-ka-land\/Matyi.jpg\"\n                 style=\"max-height: 380px;\"\/>\n        <\/a>\n\n        <\/div> \n<div id=\"ngg-image-4\" class=\"ngg-gallery-slideshow-image\" style=\"height:400px\">\n\n        <a href=\"http:\/\/www.si-hu.eu\/hu2\/wp-content\/uploads\/sites\/10\/nggallery\/tele-ka-land\/Piroska-1.jpg\"\n           title=\"\"\n           data-src=\"http:\/\/www.si-hu.eu\/hu2\/wp-content\/uploads\/sites\/10\/nggallery\/tele-ka-land\/Piroska-1.jpg\"\n           data-thumbnail=\"http:\/\/www.si-hu.eu\/hu2\/wp-content\/uploads\/sites\/10\/nggallery\/tele-ka-land\/thumbs\/thumbs_Piroska-1.jpg\"\n           data-image-id=\"444\"\n           data-title=\"Piroska 1\"\n           data-description=\"\"\n           class=\"ngg-fancybox\" rel=\"e753c625ce07b43b9236a240a0856b9f\">\n\n            <img data-image-id='444'\n                 title=\"\"\n                 alt=\"Piroska 1\"\n                 src=\"http:\/\/www.si-hu.eu\/hu2\/wp-content\/uploads\/sites\/10\/nggallery\/tele-ka-land\/Piroska-1.jpg\"\n                 style=\"max-height: 380px;\"\/>\n        <\/a>\n\n        <\/div> \n<\/div>\n\n\n\n\n<\/div><\/section><\/div>\n<style type=\"text\/css\" data-created_by=\"avia_inline_auto\" id=\"style-css-av-av_one_third-0aa7055fe62c3622faec82866afbaeb2\">\n.flex_column.av-av_one_third-0aa7055fe62c3622faec82866afbaeb2{\nborder-radius:0px 0px 0px 0px;\n-webkit-border-radius:0px 0px 0px 0px;\n-moz-border-radius:0px 0px 0px 0px;\n}\n<\/style>\n<div class='flex_column av-av_one_third-0aa7055fe62c3622faec82866afbaeb2 av_one_third  avia-builder-el-8  el_after_av_two_third  el_before_av_one_full  flex_column_div av-zero-column-padding column-top-margin'   ><p>\n<style type=\"text\/css\" data-created_by=\"avia_inline_auto\" id=\"style-css-av-av_iconlist-b06021e845c44cd35373f25493d26102\">\n#top .avia-icon-list-container.av-av_iconlist-b06021e845c44cd35373f25493d26102 .iconlist_icon{\ncolor:#83a846;\nfont-size:17px;\n}\n#top #wrap_all .avia-icon-list-container.av-av_iconlist-b06021e845c44cd35373f25493d26102 .av_iconlist_title{\nfont-size:17px;\ncolor:#83a846;\n}\n.avia-icon-list-container.av-av_iconlist-b06021e845c44cd35373f25493d26102 .iconlist_content{\nfont-size:13px;\ncolor:#000000;\n}\n<\/style>\n<div  class='avia-icon-list-container av-av_iconlist-b06021e845c44cd35373f25493d26102  avia-builder-el-9  el_before_av_font_icon  avia-builder-el-first '><ul class='avia-icon-list avia_animate_when_almost_visible avia-icon-list-left av-iconlist-small av-av_iconlist-b06021e845c44cd35373f25493d26102 avia-iconlist-animate'>\n<li><div class='iconlist_icon av-av_iconlist_item-36f3a2b89d83697dc288e42c13b39f8e avia-font-entypo-fontello'><span class='iconlist-char' aria-hidden='true' data-av_icon='\ue82a' data-av_iconfont='entypo-fontello'><\/span><\/div><article class=\"article-icon-entry \"  itemscope=\"itemscope\" itemtype=\"https:\/\/schema.org\/CreativeWork\" ><div class=\"iconlist_content_wrap\"><header class=\"entry-content-header\"><div class='av_iconlist_title iconlist_title_small  av_inherit_color'  itemprop=\"headline\" >1. PRIORIT\u00c1SI TENGELY<\/div><\/header><div class='iconlist_content av_inherit_color'  itemprop=\"text\" ><p><em>Beruh\u00e1z\u00e1si priorit\u00e1s 6c<\/em><\/p>\n<p>SC 1:&nbsp;A t\u00e9rs\u00e9g vonzerej\u00e9nek n\u00f6vel\u00e9se a fenntarthat\u00f3 turisztikai k\u00edn\u00e1lat diverzifik\u00e1l\u00e1sa \u00e9s hat\u00e1ron \u00e1tny\u00fal\u00f3 integr\u00e1l\u00e1sa ment\u00e9n a term\u00e9szeti \u00e9s kultur\u00e1lis \u00f6r\u00f6ks\u00e9g v\u00e9delm\u00e9re.<\/p>\n<\/div><\/div><footer class=\"entry-footer\"><\/footer><\/article><div class=\"iconlist-timeline\"><\/div><\/li>\n<li><div class='iconlist_icon av-av_iconlist_item-de613b754114e4268a96f55011664a6f avia-font-entypo-fontello'><span class='iconlist-char' aria-hidden='true' data-av_icon='\ue85b' data-av_iconfont='entypo-fontello'><\/span><\/div><article class=\"article-icon-entry \"  itemscope=\"itemscope\" itemtype=\"https:\/\/schema.org\/CreativeWork\" ><div class=\"iconlist_content_wrap\"><header class=\"entry-content-header\"><div class='av_iconlist_title iconlist_title_small  av_inherit_color'  itemprop=\"headline\" >PROJEKT-FUTAMID\u0150<\/div><\/header><div class='iconlist_content av_inherit_color'  itemprop=\"text\" ><p>2018.01.01 &#8211; 2020.12.31.<\/p>\n<\/div><\/div><footer class=\"entry-footer\"><\/footer><\/article><div class=\"iconlist-timeline\"><\/div><\/li>\n<li><div class='iconlist_icon av-av_iconlist_item-305a864ab62252c4924fc3c9e7a1d664 avia-font-entypo-fontello'><span class='iconlist-char' aria-hidden='true' data-av_icon='\ue8d3' data-av_iconfont='entypo-fontello'><\/span><\/div><article class=\"article-icon-entry \"  itemscope=\"itemscope\" itemtype=\"https:\/\/schema.org\/CreativeWork\" ><div class=\"iconlist_content_wrap\"><header class=\"entry-content-header\"><div class='av_iconlist_title iconlist_title_small  av_inherit_color'  itemprop=\"headline\" >ERFA FORR\u00c1S \u00d6SSZEGE<\/div><\/header><div class='iconlist_content av_inherit_color'  itemprop=\"text\" ><p>399.315,12 EUR<\/p>\n<\/div><\/div><footer class=\"entry-footer\"><\/footer><\/article><div class=\"iconlist-timeline\"><\/div><\/li>\n<li><div class='iconlist_icon av-av_iconlist_item-3311fb92d373543c9076f9428d600b11 avia-font-entypo-fontello'><span class='iconlist-char' aria-hidden='true' data-av_icon='\ue80b' data-av_iconfont='entypo-fontello'><\/span><\/div><article class=\"article-icon-entry \"  itemscope=\"itemscope\" itemtype=\"https:\/\/schema.org\/CreativeWork\" ><div class=\"iconlist_content_wrap\"><header class=\"entry-content-header\"><div class='av_iconlist_title iconlist_title_small  av_inherit_color'  itemprop=\"headline\" >PROJEKTPARTNEREK<\/div><\/header><div class='iconlist_content av_inherit_color'  itemprop=\"text\" ><ul>\n<li>Nagyr\u00e9cse K\u00f6zs\u00e9g \u00d6nkorm\u00e1nyzata (Vezet\u0151 Partner)<\/li>\n<li>Magyarszerdahely K\u00f6zs\u00e9g \u00d6nkorm\u00e1nyzata<\/li>\n<li>Turisti\u010dno-Informativni center Moravske Toplice<\/li>\n<li>Zavod za okolje in turizem Dobrovnik<\/li>\n<li>Pannon Egyetem<\/li>\n<\/ul>\n<\/div><\/div><footer class=\"entry-footer\"><\/footer><\/article><div class=\"iconlist-timeline\"><\/div><\/li>\n<\/ul><\/div><br \/>\n\n<style type=\"text\/css\" data-created_by=\"avia_inline_auto\" id=\"style-css-av-av_font_icon-b87ce3b50fbd535a93229ffffca91199\">\n.av_font_icon.av-av_font_icon-b87ce3b50fbd535a93229ffffca91199{\ncolor:#b02b2c;\nborder-color:#b02b2c;\n}\n.av_font_icon.av-av_font_icon-b87ce3b50fbd535a93229ffffca91199 .av-icon-char{\nfont-size:25px;\nline-height:25px;\nwidth:25px;\n}\n<\/style>\n<span  class='av_font_icon av-av_font_icon-b87ce3b50fbd535a93229ffffca91199 avia_animate_when_visible av-icon-style-border avia-icon-pos-left avia-icon-animate'><a href='http:\/\/www.telekaland-mesepark.eu' target=\"_blank\" rel=\"noopener noreferrer\" class='av-icon-char' aria-hidden='true' data-av_icon='\ue821' data-av_iconfont='entypo-fontello'><\/a><\/span><br \/>\n\n<style type=\"text\/css\" data-created_by=\"avia_inline_auto\" id=\"style-css-av-av_font_icon-ee9f75290814f850d32b9942ac084e0a\">\n.av_font_icon.av-av_font_icon-ee9f75290814f850d32b9942ac084e0a{\ncolor:#1b7ee8;\nborder-color:#1b7ee8;\n}\n.av_font_icon.av-av_font_icon-ee9f75290814f850d32b9942ac084e0a .av-icon-char{\nfont-size:25px;\nline-height:25px;\nwidth:25px;\n}\n<\/style>\n<span  class='av_font_icon av-av_font_icon-ee9f75290814f850d32b9942ac084e0a avia_animate_when_visible av-icon-style-border avia-icon-pos-left avia-icon-animate'><a href='https:\/\/www.facebook.com\/posta.kocsi' target=\"_blank\" rel=\"noopener noreferrer\" class='av-icon-char' aria-hidden='true' data-av_icon='\ue8f5' data-av_iconfont='entypo-fontello'><\/a><\/span><\/p><\/div><\/p>\n\n<style type=\"text\/css\" data-created_by=\"avia_inline_auto\" id=\"style-css-av-av_one_full-6126cab7d8fab8d08143dd2dacdf673c\">\n.flex_column.av-av_one_full-6126cab7d8fab8d08143dd2dacdf673c{\nborder-radius:0px 0px 0px 0px;\n-webkit-border-radius:0px 0px 0px 0px;\n-moz-border-radius:0px 0px 0px 0px;\n}\n<\/style>\n<div class='flex_column av-av_one_full-6126cab7d8fab8d08143dd2dacdf673c av_one_full  avia-builder-el-12  el_after_av_one_third  avia-builder-el-last  first flex_column_div av-zero-column-padding column-top-margin'   ><div  class='av-social-sharing-box av-av_social_share-981f7761336080d54c04d7ac30ef78f7 av-social-sharing-box-default  avia-builder-el-13  avia-builder-el-no-sibling  av-social-sharing-box-fullwidth'><div class=\"av-share-box\"><h5 class='av-share-link-description av-no-toc '>Share this entry<\/h5><ul class=\"av-share-box-list noLightbox\"><li class='av-share-link av-social-link-facebook' ><a target=\"_blank\" aria-label=\"Share on Facebook\" href='https:\/\/www.facebook.com\/sharer.php?u=http:\/\/www.si-hu.eu\/hu2\/tele-ka-land\/&#038;t=TELE-KA-LAND' aria-hidden='false' data-av_icon='\ue8f3' data-av_iconfont='entypo-fontello' title='' data-avia-related-tooltip='Share on Facebook' rel=\"noopener\"><span class='avia_hidden_link_text'>Share on Facebook<\/span><\/a><\/li><li class='av-share-link av-social-link-twitter' ><a target=\"_blank\" aria-label=\"Share on Twitter\" href='https:\/\/twitter.com\/share?text=TELE-KA-LAND&#038;url=http:\/\/www.si-hu.eu\/hu2\/?p=3652' aria-hidden='false' data-av_icon='\ue8f1' data-av_iconfont='entypo-fontello' title='' data-avia-related-tooltip='Share on Twitter' rel=\"noopener\"><span class='avia_hidden_link_text'>Share on Twitter<\/span><\/a><\/li><li class='av-share-link av-social-link-pinterest' ><a target=\"_blank\" aria-label=\"Share on Pinterest\" href='https:\/\/pinterest.com\/pin\/create\/button\/?url=http%3A%2F%2Fwww.si-hu.eu%2Fhu2%2Ftele-ka-land%2F&#038;description=TELE-KA-LAND&#038;media=' aria-hidden='false' data-av_icon='\ue8f8' data-av_iconfont='entypo-fontello' title='' data-avia-related-tooltip='Share on Pinterest' rel=\"noopener\"><span class='avia_hidden_link_text'>Share on Pinterest<\/span><\/a><\/li><li class='av-share-link av-social-link-linkedin' ><a target=\"_blank\" aria-label=\"Share on LinkedIn\" href='https:\/\/linkedin.com\/shareArticle?mini=true&#038;title=TELE-KA-LAND&#038;url=http:\/\/www.si-hu.eu\/hu2\/tele-ka-land\/' aria-hidden='false' data-av_icon='\ue8fc' data-av_iconfont='entypo-fontello' title='' data-avia-related-tooltip='Share on LinkedIn' rel=\"noopener\"><span class='avia_hidden_link_text'>Share on LinkedIn<\/span><\/a><\/li><li class='av-share-link av-social-link-tumblr' ><a target=\"_blank\" aria-label=\"Share on Tumblr\" href='https:\/\/www.tumblr.com\/share\/link?url=http%3A%2F%2Fwww.si-hu.eu%2Fhu2%2Ftele-ka-land%2F&#038;name=TELE-KA-LAND&#038;description=' aria-hidden='false' data-av_icon='\ue8fa' data-av_iconfont='entypo-fontello' title='' data-avia-related-tooltip='Share on Tumblr' rel=\"noopener\"><span class='avia_hidden_link_text'>Share on Tumblr<\/span><\/a><\/li><li class='av-share-link av-social-link-vk' ><a target=\"_blank\" aria-label=\"Share on Vk\" href='https:\/\/vk.com\/share.php?url=http:\/\/www.si-hu.eu\/hu2\/tele-ka-land\/' aria-hidden='false' data-av_icon='\ue926' data-av_iconfont='entypo-fontello' title='' data-avia-related-tooltip='Share on Vk' rel=\"noopener\"><span class='avia_hidden_link_text'>Share on Vk<\/span><\/a><\/li><li class='av-share-link av-social-link-reddit' ><a target=\"_blank\" aria-label=\"Share on Reddit\" href='https:\/\/reddit.com\/submit?url=http:\/\/www.si-hu.eu\/hu2\/tele-ka-land\/&#038;title=TELE-KA-LAND' aria-hidden='false' data-av_icon='\ue927' data-av_iconfont='entypo-fontello' title='' data-avia-related-tooltip='Share on Reddit' rel=\"noopener\"><span class='avia_hidden_link_text'>Share on Reddit<\/span><\/a><\/li><li class='av-share-link av-social-link-mail' ><a  aria-label=\"Share by Mail\" href='mailto:?subject=TELE-KA-LAND&#038;body=http:\/\/www.si-hu.eu\/hu2\/tele-ka-land\/' aria-hidden='false' data-av_icon='\ue805' data-av_iconfont='entypo-fontello' title='' data-avia-related-tooltip='Share by Mail'><span class='avia_hidden_link_text'>Share by Mail<\/span><\/a><\/li><\/ul><\/div><\/div><\/div>\n","protected":false},"excerpt":{"rendered":"","protected":false},"author":80,"featured_media":0,"parent":0,"menu_order":0,"comment_status":"closed","ping_status":"closed","template":"","meta":{"ngg_post_thumbnail":0},"acf":[],"_links":{"self":[{"href":"http:\/\/www.si-hu.eu\/hu2\/wp-json\/wp\/v2\/pages\/3652"}],"collection":[{"href":"http:\/\/www.si-hu.eu\/hu2\/wp-json\/wp\/v2\/pages"}],"about":[{"href":"http:\/\/www.si-hu.eu\/hu2\/wp-json\/wp\/v2\/types\/page"}],"author":[{"embeddable":true,"href":"http:\/\/www.si-hu.eu\/hu2\/wp-json\/wp\/v2\/users\/80"}],"replies":[{"embeddable":true,"href":"http:\/\/www.si-hu.eu\/hu2\/wp-json\/wp\/v2\/comments?post=3652"}],"version-history":[{"count":4,"href":"http:\/\/www.si-hu.eu\/hu2\/wp-json\/wp\/v2\/pages\/3652\/revisions"}],"predecessor-version":[{"id":4237,"href":"http:\/\/www.si-hu.eu\/hu2\/wp-json\/wp\/v2\/pages\/3652\/revisions\/4237"}],"wp:attachment":[{"href":"http:\/\/www.si-hu.eu\/hu2\/wp-json\/wp\/v2\/media?parent=3652"}],"curies":[{"name":"wp","href":"https:\/\/api.w.org\/{rel}","templated":true}]}}