{"id":3661,"date":"2019-01-29T14:59:43","date_gmt":"2019-01-29T13:59:43","guid":{"rendered":"http:\/\/www.si-hu.eu\/hu2\/?page_id=3661"},"modified":"2021-11-09T11:52:18","modified_gmt":"2021-11-09T10:52:18","slug":"murarabatour","status":"publish","type":"page","link":"http:\/\/www.si-hu.eu\/hu2\/murarabatour\/","title":{"rendered":"MURA RABA TOUR"},"content":{"rendered":"\n<style type=\"text\/css\" data-created_by=\"avia_inline_auto\" id=\"style-css-av-av_two_third-6126cab7d8fab8d08143dd2dacdf673c\">\n.flex_column.av-av_two_third-6126cab7d8fab8d08143dd2dacdf673c{\nborder-radius:0px 0px 0px 0px;\n-webkit-border-radius:0px 0px 0px 0px;\n-moz-border-radius:0px 0px 0px 0px;\n}\n<\/style>\n<div class='flex_column av-av_two_third-6126cab7d8fab8d08143dd2dacdf673c av_two_third  avia-builder-el-0  el_before_av_one_third  avia-builder-el-first  first flex_column_div av-zero-column-padding '   ><section  class='av_textblock_section av-av_textblock-0366cc7376be6c9e82a3e9cc8987b64f'  itemscope=\"itemscope\" itemtype=\"https:\/\/schema.org\/CreativeWork\" ><div class='avia_textblock'  itemprop=\"text\" ><h1>MURA RABA TOUR<\/h1>\n<h5>Az akt\u00edv turizmus \u00faj hat\u00e1ron \u00e1tny\u00fal\u00f3 term\u00e9k\u00e9nek l\u00e9trehoz\u00e1sa \u00e9s kihelyez\u00e9se a Mura \u00e9s a R\u00e1ba k\u00f6z\u00f6tti modern turizmus integr\u00e1lt r\u00e9szek\u00e9nt.<\/h5>\n<\/div><\/section><\/div>\n\n<style type=\"text\/css\" data-created_by=\"avia_inline_auto\" id=\"style-css-av-av_one_third-0aa7055fe62c3622faec82866afbaeb2\">\n.flex_column.av-av_one_third-0aa7055fe62c3622faec82866afbaeb2{\nborder-radius:0px 0px 0px 0px;\n-webkit-border-radius:0px 0px 0px 0px;\n-moz-border-radius:0px 0px 0px 0px;\n}\n<\/style>\n<div class='flex_column av-av_one_third-0aa7055fe62c3622faec82866afbaeb2 av_one_third  avia-builder-el-2  el_after_av_two_third  el_before_av_one_full  flex_column_div av-zero-column-padding '   ><style type=\"text\/css\" data-created_by=\"avia_inline_auto\" id=\"style-css-av-av_image-1de27196ae9d09d5cad3021b7b977932\">\n.avia-image-container.av-av_image-1de27196ae9d09d5cad3021b7b977932 .av-image-caption-overlay-center{\ncolor:#ffffff;\n}\n<\/style>\n<div  class='avia-image-container av-av_image-1de27196ae9d09d5cad3021b7b977932 av-styling- avia-align-center  avia-builder-el-3  avia-builder-el-no-sibling '  itemprop=\"image\" itemscope=\"itemscope\" itemtype=\"https:\/\/schema.org\/ImageObject\" ><div class=\"avia-image-container-inner\"><div class=\"avia-image-overlay-wrap\"><img class='wp-image-3527 avia-img-lazy-loading-not-3527 avia_image' src=\"http:\/\/www.si-hu.eu\/hu2\/wp-content\/uploads\/sites\/10\/2018\/10\/interreg_icon_enviroment_neg_RGB-1-80x80.jpg\" alt='' title=''  height=\"80\" width=\"80\"  itemprop=\"thumbnailUrl\" srcset=\"http:\/\/www.si-hu.eu\/hu2\/wp-content\/uploads\/sites\/10\/2018\/10\/interreg_icon_enviroment_neg_RGB-1-80x80.jpg 80w, http:\/\/www.si-hu.eu\/hu2\/wp-content\/uploads\/sites\/10\/2018\/10\/interreg_icon_enviroment_neg_RGB-1-300x300.jpg 300w, http:\/\/www.si-hu.eu\/hu2\/wp-content\/uploads\/sites\/10\/2018\/10\/interreg_icon_enviroment_neg_RGB-1-768x768.jpg 768w, http:\/\/www.si-hu.eu\/hu2\/wp-content\/uploads\/sites\/10\/2018\/10\/interreg_icon_enviroment_neg_RGB-1-1030x1030.jpg 1030w, http:\/\/www.si-hu.eu\/hu2\/wp-content\/uploads\/sites\/10\/2018\/10\/interreg_icon_enviroment_neg_RGB-1-600x600.jpg 600w, http:\/\/www.si-hu.eu\/hu2\/wp-content\/uploads\/sites\/10\/2018\/10\/interreg_icon_enviroment_neg_RGB-1-36x36.jpg 36w, http:\/\/www.si-hu.eu\/hu2\/wp-content\/uploads\/sites\/10\/2018\/10\/interreg_icon_enviroment_neg_RGB-1-180x180.jpg 180w, http:\/\/www.si-hu.eu\/hu2\/wp-content\/uploads\/sites\/10\/2018\/10\/interreg_icon_enviroment_neg_RGB-1-1500x1500.jpg 1500w, http:\/\/www.si-hu.eu\/hu2\/wp-content\/uploads\/sites\/10\/2018\/10\/interreg_icon_enviroment_neg_RGB-1-705x705.jpg 705w, http:\/\/www.si-hu.eu\/hu2\/wp-content\/uploads\/sites\/10\/2018\/10\/interreg_icon_enviroment_neg_RGB-1-120x120.jpg 120w, http:\/\/www.si-hu.eu\/hu2\/wp-content\/uploads\/sites\/10\/2018\/10\/interreg_icon_enviroment_neg_RGB-1-450x450.jpg 450w\" sizes=\"(max-width: 80px) 100vw, 80px\" \/><\/div><\/div><\/div><\/div>\n\n<style type=\"text\/css\" data-created_by=\"avia_inline_auto\" id=\"style-css-av-av_one_full-6126cab7d8fab8d08143dd2dacdf673c\">\n.flex_column.av-av_one_full-6126cab7d8fab8d08143dd2dacdf673c{\nborder-radius:0px 0px 0px 0px;\n-webkit-border-radius:0px 0px 0px 0px;\n-moz-border-radius:0px 0px 0px 0px;\n}\n<\/style>\n<div class='flex_column av-av_one_full-6126cab7d8fab8d08143dd2dacdf673c av_one_full  avia-builder-el-4  el_after_av_one_third  el_before_av_two_third  first flex_column_div av-zero-column-padding column-top-margin'   ><div  class='hr av-av_hr-dcd2069817a0e3d34ae04cad8f3443c7 hr-default  avia-builder-el-5  avia-builder-el-no-sibling '><span class='hr-inner '><span class=\"hr-inner-style\"><\/span><\/span><\/div><\/div>\n\n<style type=\"text\/css\" data-created_by=\"avia_inline_auto\" id=\"style-css-av-av_two_third-6126cab7d8fab8d08143dd2dacdf673c\">\n.flex_column.av-av_two_third-6126cab7d8fab8d08143dd2dacdf673c{\nborder-radius:0px 0px 0px 0px;\n-webkit-border-radius:0px 0px 0px 0px;\n-moz-border-radius:0px 0px 0px 0px;\n}\n<\/style>\n<div class='flex_column av-av_two_third-6126cab7d8fab8d08143dd2dacdf673c av_two_third  avia-builder-el-6  el_after_av_one_full  el_before_av_one_third  first flex_column_div av-zero-column-padding column-top-margin'   ><section  class='av_textblock_section av-av_textblock-0366cc7376be6c9e82a3e9cc8987b64f'  itemscope=\"itemscope\" itemtype=\"https:\/\/schema.org\/CreativeWork\" ><div class='avia_textblock'  itemprop=\"text\" ><p><img loading=\"lazy\" class=\"alignleft wp-image-3662 size-full\" src=\"http:\/\/www.si-hu.eu\/hu2\/wp-content\/uploads\/sites\/10\/2018\/11\/MURARABATOUR.jpg\" alt=\"\" width=\"191\" height=\"191\" srcset=\"http:\/\/www.si-hu.eu\/hu2\/wp-content\/uploads\/sites\/10\/2018\/11\/MURARABATOUR.jpg 191w, http:\/\/www.si-hu.eu\/hu2\/wp-content\/uploads\/sites\/10\/2018\/11\/MURARABATOUR-80x80.jpg 80w, http:\/\/www.si-hu.eu\/hu2\/wp-content\/uploads\/sites\/10\/2018\/11\/MURARABATOUR-36x36.jpg 36w, http:\/\/www.si-hu.eu\/hu2\/wp-content\/uploads\/sites\/10\/2018\/11\/MURARABATOUR-180x180.jpg 180w, http:\/\/www.si-hu.eu\/hu2\/wp-content\/uploads\/sites\/10\/2018\/11\/MURARABATOUR-120x120.jpg 120w\" sizes=\"(max-width: 191px) 100vw, 191px\" \/>A projekt \u00e1tfog\u00f3 \u00e9s hossz\u00fa t\u00e1v\u00fa v\u00e1ltoz\u00e1sokat hoz a turizmusba \u00fagy a szolg\u00e1ltat\u00f3k, mint a felhaszn\u00e1l\u00f3k sz\u00e1m\u00e1ra. Ha a vasf\u00fcgg\u00f6ny elv\u00e1lasztott \u00e9s ellehetetlen\u00edtette a turizmust, a projekt a turizmust nem csak \u00fajj\u00e1\u00e9leszti, hanem \u00faj alapokra is helyezi. Az \u00faj hat\u00e1ron \u00e1tny\u00fal\u00f3 v\u00edzi \u00fat keret\u00e9ben a rafting \u00e9s a kenuz\u00e1s valamelyik\u00e9nek szerelmesei mindk\u00e9t sportot \u00e9lvezhetik. A k\u00e9t foly\u00f3 k\u00f6z\u00f6tt megismerik a kuruc felkel\u0151k \u00fatjait \u00e9s titkait, valamint megismerkednek a hat\u00e1r\u0151r\u00f6k t\u00f6rt\u00e9net\u00e9vel (egykori \u010depinci \u0151r\u00e1llom\u00e1s). Az \u00faj \u00fatvonalak alapjak\u00e9nt szolg\u00e1l\u00f3 vasf\u00fcgg\u00f6ny ment\u00e9n t\u00far\u00e1znak, lovagolnak \u00e9s lovaskocsik\u00e1znak, k\u00f6zben a helyi szolg\u00e1ltat\u00f3k \u00e1ltal k\u00edn\u00e1lt sz\u00e1ll\u00e1shelyek egyik\u00e9ben vagy a projekt keret\u00e9ben fel\u00faj\u00edtott kempingben \u00e9jszak\u00e1znak. A projekt \u00f6sszek\u00f6ti az eddig \u00f6ssze nem f\u00fcgg\u0151, motiv\u00e1latlan \u00e9s rosszabbul k\u00e9pzett szolg\u00e1ltat\u00f3kat e ter\u00fcleten, ahol egykor v\u00e9get \u00e9rt a vil\u00e1g, emiatt a term\u00e9szeti \u00e9s kultur\u00e1lis potenci\u00e1lok kihaszn\u00e1latlanok maradtak, nem rendelkeztek megfelel\u0151 prom\u00f3ci\u00f3val, \u00e9s a rossz turisztikai k\u00edn\u00e1lat miatt alacsony j\u00f6vedelmet gener\u00e1ltak. Azoknak a szolg\u00e1ltat\u00f3knak, akiket bevonzunk \u00e9s \u00f6sszekapcsolunk a hat\u00e1ron \u00e1tny\u00fal\u00f3 h\u00e1l\u00f3zatba, valamint k\u00e9pes\u00edt\u00fcnk a korszer\u0171 turisztikai tev\u00e9kenys\u00e9gre, elk\u00e9sz\u00edtj\u00fck az \u00e1tfog\u00f3 Mura R\u00e1ba Tour TP-t 4 programmal: v\u00edzi, lovas, bakancsos \u00e9s kultur\u00e1lis turizmus. A TP implement\u00e1ci\u00f3j\u00e1hoz megfelel\u0151 utakat (elad\u00f3k \u00e9s k\u00f6zvet\u00edt\u0151k) \u00e9s eszk\u00f6z\u00f6ket alkalmazunk (kedvezm\u00e9nyrendszer), amelyek lehet\u0151v\u00e9 teszik, hogy sikeresen hozz\u00e1f\u00e9rj\u00fcnk a c\u00e9lcsoportokhoz. Ez\u00e9rt kapcsol\u00f3dott \u00f6ssze a 6 hasonl\u00f3 n\u00e9zeteket vall\u00f3 PP. K\u00f6z\u00f6s er\u0151vel sikeresen megval\u00f3s\u00edthatjuk a projektet. A projekttel hossz\u00fa t\u00e1von megv\u00e1ltoztatjuk a Mura \u00e9s R\u00e1ba k\u00f6z\u00f6tti turisztikai t\u00e9rk\u00e9pet. Sz\u00e1mos k\u00fcl\u00f6nb\u00f6z\u0151 csomagot \u00e9s kombin\u00e1ci\u00f3t k\u00edn\u00e1lunk a szabadid\u0151 egynapost\u00f3l a t\u00f6bbnapos elt\u00f6lt\u00e9s\u00e9ig, valamint lehet\u0151v\u00e9 tessz\u00fck a hat\u00e1ron \u00e1tny\u00fal\u00f3 r\u00e9gi\u00f3 teljes k\u00f6r\u0171 meg\u00e9l\u00e9s\u00e9t. Az \u00faj TP megval\u00f3sul\u00e1s\u00e1val mindenki profit\u00e1l: a turisztikai szervezetek, a szolg\u00e1ltat\u00f3k, a lakosok, a turist\u00e1k.&nbsp;<\/p>\n<p><img loading=\"lazy\" class=\"aligncenter size-portfolio wp-image-3739\" src=\"http:\/\/www.si-hu.eu\/hu2\/wp-content\/uploads\/sites\/10\/2018\/11\/43522885_261512307884661_5415622433593884672_o-495x400.jpg\" alt=\"\" width=\"495\" height=\"400\" srcset=\"http:\/\/www.si-hu.eu\/hu2\/wp-content\/uploads\/sites\/10\/2018\/11\/43522885_261512307884661_5415622433593884672_o-495x400.jpg 495w, http:\/\/www.si-hu.eu\/hu2\/wp-content\/uploads\/sites\/10\/2018\/11\/43522885_261512307884661_5415622433593884672_o-845x684.jpg 845w\" sizes=\"(max-width: 495px) 100vw, 495px\" \/><\/p>\n<\/div><\/section><\/div>\n\n<style type=\"text\/css\" data-created_by=\"avia_inline_auto\" id=\"style-css-av-av_one_third-0aa7055fe62c3622faec82866afbaeb2\">\n.flex_column.av-av_one_third-0aa7055fe62c3622faec82866afbaeb2{\nborder-radius:0px 0px 0px 0px;\n-webkit-border-radius:0px 0px 0px 0px;\n-moz-border-radius:0px 0px 0px 0px;\n}\n<\/style>\n<div class='flex_column av-av_one_third-0aa7055fe62c3622faec82866afbaeb2 av_one_third  avia-builder-el-8  el_after_av_two_third  el_before_av_one_full  flex_column_div av-zero-column-padding column-top-margin'   ><p>\n<style type=\"text\/css\" data-created_by=\"avia_inline_auto\" id=\"style-css-av-av_iconlist-b06021e845c44cd35373f25493d26102\">\n#top .avia-icon-list-container.av-av_iconlist-b06021e845c44cd35373f25493d26102 .iconlist_icon{\ncolor:#83a846;\nfont-size:17px;\n}\n#top #wrap_all .avia-icon-list-container.av-av_iconlist-b06021e845c44cd35373f25493d26102 .av_iconlist_title{\nfont-size:17px;\ncolor:#83a846;\n}\n.avia-icon-list-container.av-av_iconlist-b06021e845c44cd35373f25493d26102 .iconlist_content{\nfont-size:13px;\ncolor:#000000;\n}\n<\/style>\n<div  class='avia-icon-list-container av-av_iconlist-b06021e845c44cd35373f25493d26102  avia-builder-el-9  el_before_av_font_icon  avia-builder-el-first '><ul class='avia-icon-list avia_animate_when_almost_visible avia-icon-list-left av-iconlist-small av-av_iconlist-b06021e845c44cd35373f25493d26102 avia-iconlist-animate'>\n<li><div class='iconlist_icon av-av_iconlist_item-36f3a2b89d83697dc288e42c13b39f8e avia-font-entypo-fontello'><span class='iconlist-char' aria-hidden='true' data-av_icon='\ue82a' data-av_iconfont='entypo-fontello'><\/span><\/div><article class=\"article-icon-entry \"  itemscope=\"itemscope\" itemtype=\"https:\/\/schema.org\/CreativeWork\" ><div class=\"iconlist_content_wrap\"><header class=\"entry-content-header\"><div class='av_iconlist_title iconlist_title_small  av_inherit_color'  itemprop=\"headline\" >1. PRIORIT\u00c1SI TENGELY<\/div><\/header><div class='iconlist_content av_inherit_color'  itemprop=\"text\" ><p><em>Beruh\u00e1z\u00e1si priorit\u00e1s 6c<\/em><\/p>\n<p>SC 1:&nbsp;A t\u00e9rs\u00e9g vonzerej\u00e9nek n\u00f6vel\u00e9se a fenntarthat\u00f3 turisztikai k\u00edn\u00e1lat diverzifik\u00e1l\u00e1sa \u00e9s hat\u00e1ron \u00e1tny\u00fal\u00f3 integr\u00e1l\u00e1sa ment\u00e9n a term\u00e9szeti \u00e9s kultur\u00e1lis \u00f6r\u00f6ks\u00e9g v\u00e9delm\u00e9re.<\/p>\n<\/div><\/div><footer class=\"entry-footer\"><\/footer><\/article><div class=\"iconlist-timeline\"><\/div><\/li>\n<li><div class='iconlist_icon av-av_iconlist_item-de613b754114e4268a96f55011664a6f avia-font-entypo-fontello'><span class='iconlist-char' aria-hidden='true' data-av_icon='\ue85b' data-av_iconfont='entypo-fontello'><\/span><\/div><article class=\"article-icon-entry \"  itemscope=\"itemscope\" itemtype=\"https:\/\/schema.org\/CreativeWork\" ><div class=\"iconlist_content_wrap\"><header class=\"entry-content-header\"><div class='av_iconlist_title iconlist_title_small  av_inherit_color'  itemprop=\"headline\" >PROJEKT-FUTAMID\u0150<\/div><\/header><div class='iconlist_content av_inherit_color'  itemprop=\"text\" ><p>2017.11.01 &#8211; 2021.08.31.<\/p>\n<\/div><\/div><footer class=\"entry-footer\"><\/footer><\/article><div class=\"iconlist-timeline\"><\/div><\/li>\n<li><div class='iconlist_icon av-av_iconlist_item-305a864ab62252c4924fc3c9e7a1d664 avia-font-entypo-fontello'><span class='iconlist-char' aria-hidden='true' data-av_icon='\ue8d3' data-av_iconfont='entypo-fontello'><\/span><\/div><article class=\"article-icon-entry \"  itemscope=\"itemscope\" itemtype=\"https:\/\/schema.org\/CreativeWork\" ><div class=\"iconlist_content_wrap\"><header class=\"entry-content-header\"><div class='av_iconlist_title iconlist_title_small  av_inherit_color'  itemprop=\"headline\" >ERFA FORR\u00c1S \u00d6SSZEGE<\/div><\/header><div class='iconlist_content av_inherit_color'  itemprop=\"text\" ><p>674.566,80 EUR<\/p>\n<\/div><\/div><footer class=\"entry-footer\"><\/footer><\/article><div class=\"iconlist-timeline\"><\/div><\/li>\n<li><div class='iconlist_icon av-av_iconlist_item-3311fb92d373543c9076f9428d600b11 avia-font-entypo-fontello'><span class='iconlist-char' aria-hidden='true' data-av_icon='\ue80b' data-av_iconfont='entypo-fontello'><\/span><\/div><article class=\"article-icon-entry \"  itemscope=\"itemscope\" itemtype=\"https:\/\/schema.org\/CreativeWork\" ><div class=\"iconlist_content_wrap\"><header class=\"entry-content-header\"><div class='av_iconlist_title iconlist_title_small  av_inherit_color'  itemprop=\"headline\" >PROJEKTPARTNEREK<\/div><\/header><div class='iconlist_content av_inherit_color'  itemprop=\"text\" ><ul>\n<li>PRAK d.o.o. (Vezet\u0151 Partner)<\/li>\n<li>KOCLJEVINA &#8211; zavod za usposabljanje in zaposlovanje invalidnih oseb<\/li>\n<li>Ob\u010dina \u0160alovci<\/li>\n<li>Szentgotth\u00e1rd \u00e9s T\u00e9rs\u00e9ge Turisztikai Egyes\u00fclet<\/li>\n<li>Cs\u00f6r\u00f6tnek K\u00f6zs\u00e9g \u00d6nkorm\u00e1nyzata<\/li>\n<li>Orfalu K\u00f6zs\u00e9gi \u00d6nkorm\u00e1nyzat<\/li>\n<\/ul>\n<\/div><\/div><footer class=\"entry-footer\"><\/footer><\/article><div class=\"iconlist-timeline\"><\/div><\/li>\n<\/ul><\/div><br \/>\n\n<style type=\"text\/css\" data-created_by=\"avia_inline_auto\" id=\"style-css-av-av_font_icon-fab64a058e7470229c67430d912d33ac\">\n.av_font_icon.av-av_font_icon-fab64a058e7470229c67430d912d33ac{\ncolor:#b02b2c;\nborder-color:#b02b2c;\n}\n.av_font_icon.av-av_font_icon-fab64a058e7470229c67430d912d33ac .av-icon-char{\nfont-size:25px;\nline-height:25px;\nwidth:25px;\n}\n<\/style>\n<span  class='av_font_icon av-av_font_icon-fab64a058e7470229c67430d912d33ac avia_animate_when_visible av-icon-style-border avia-icon-pos-left avia-icon-animate'><a href='https:\/\/www.murarabatour.eu\/' target=\"_blank\" rel=\"noopener noreferrer\" class='av-icon-char' aria-hidden='true' data-av_icon='\ue821' data-av_iconfont='entypo-fontello'><\/a><\/span><br \/>\n\n<style type=\"text\/css\" data-created_by=\"avia_inline_auto\" id=\"style-css-av-av_font_icon-2c05636388db1e02366adcbd64266001\">\n.av_font_icon.av-av_font_icon-2c05636388db1e02366adcbd64266001{\ncolor:#1b7ee8;\nborder-color:#1b7ee8;\n}\n.av_font_icon.av-av_font_icon-2c05636388db1e02366adcbd64266001 .av-icon-char{\nfont-size:25px;\nline-height:25px;\nwidth:25px;\n}\n<\/style>\n<span  class='av_font_icon av-av_font_icon-2c05636388db1e02366adcbd64266001 avia_animate_when_visible av-icon-style-border avia-icon-pos-left avia-icon-animate'><a href='https:\/\/www.facebook.com\/murarabatour\/' target=\"_blank\" rel=\"noopener noreferrer\" class='av-icon-char' aria-hidden='true' data-av_icon='\ue8f5' data-av_iconfont='entypo-fontello'><\/a><\/span><\/p><\/div>\n<style type=\"text\/css\" data-created_by=\"avia_inline_auto\" id=\"style-css-av-av_one_full-6126cab7d8fab8d08143dd2dacdf673c\">\n.flex_column.av-av_one_full-6126cab7d8fab8d08143dd2dacdf673c{\nborder-radius:0px 0px 0px 0px;\n-webkit-border-radius:0px 0px 0px 0px;\n-moz-border-radius:0px 0px 0px 0px;\n}\n<\/style>\n<div class='flex_column av-av_one_full-6126cab7d8fab8d08143dd2dacdf673c av_one_full  avia-builder-el-12  el_after_av_one_third  avia-builder-el-last  first flex_column_div av-zero-column-padding column-top-margin'   ><div  class='av-social-sharing-box av-av_social_share-981f7761336080d54c04d7ac30ef78f7 av-social-sharing-box-default  avia-builder-el-13  avia-builder-el-no-sibling  av-social-sharing-box-fullwidth'><div class=\"av-share-box\"><h5 class='av-share-link-description av-no-toc '>Share this entry<\/h5><ul class=\"av-share-box-list noLightbox\"><li class='av-share-link av-social-link-facebook' ><a target=\"_blank\" aria-label=\"Share on Facebook\" href='https:\/\/www.facebook.com\/sharer.php?u=http:\/\/www.si-hu.eu\/hu2\/murarabatour\/&#038;t=MURA%20RABA%20TOUR' aria-hidden='false' data-av_icon='\ue8f3' data-av_iconfont='entypo-fontello' title='' data-avia-related-tooltip='Share on Facebook' rel=\"noopener\"><span class='avia_hidden_link_text'>Share on Facebook<\/span><\/a><\/li><li class='av-share-link av-social-link-twitter' ><a target=\"_blank\" aria-label=\"Share on Twitter\" href='https:\/\/twitter.com\/share?text=MURA%20RABA%20TOUR&#038;url=http:\/\/www.si-hu.eu\/hu2\/?p=3661' aria-hidden='false' data-av_icon='\ue8f1' data-av_iconfont='entypo-fontello' title='' data-avia-related-tooltip='Share on Twitter' rel=\"noopener\"><span class='avia_hidden_link_text'>Share on Twitter<\/span><\/a><\/li><li class='av-share-link av-social-link-pinterest' ><a target=\"_blank\" aria-label=\"Share on Pinterest\" href='https:\/\/pinterest.com\/pin\/create\/button\/?url=http%3A%2F%2Fwww.si-hu.eu%2Fhu2%2Fmurarabatour%2F&#038;description=MURA%20RABA%20TOUR&#038;media=' aria-hidden='false' data-av_icon='\ue8f8' data-av_iconfont='entypo-fontello' title='' data-avia-related-tooltip='Share on Pinterest' rel=\"noopener\"><span class='avia_hidden_link_text'>Share on Pinterest<\/span><\/a><\/li><li class='av-share-link av-social-link-linkedin' ><a target=\"_blank\" aria-label=\"Share on LinkedIn\" href='https:\/\/linkedin.com\/shareArticle?mini=true&#038;title=MURA%20RABA%20TOUR&#038;url=http:\/\/www.si-hu.eu\/hu2\/murarabatour\/' aria-hidden='false' data-av_icon='\ue8fc' data-av_iconfont='entypo-fontello' title='' data-avia-related-tooltip='Share on LinkedIn' rel=\"noopener\"><span class='avia_hidden_link_text'>Share on LinkedIn<\/span><\/a><\/li><li class='av-share-link av-social-link-tumblr' ><a target=\"_blank\" aria-label=\"Share on Tumblr\" href='https:\/\/www.tumblr.com\/share\/link?url=http%3A%2F%2Fwww.si-hu.eu%2Fhu2%2Fmurarabatour%2F&#038;name=MURA%20RABA%20TOUR&#038;description=' aria-hidden='false' data-av_icon='\ue8fa' data-av_iconfont='entypo-fontello' title='' data-avia-related-tooltip='Share on Tumblr' rel=\"noopener\"><span class='avia_hidden_link_text'>Share on Tumblr<\/span><\/a><\/li><li class='av-share-link av-social-link-vk' ><a target=\"_blank\" aria-label=\"Share on Vk\" href='https:\/\/vk.com\/share.php?url=http:\/\/www.si-hu.eu\/hu2\/murarabatour\/' aria-hidden='false' data-av_icon='\ue926' data-av_iconfont='entypo-fontello' title='' data-avia-related-tooltip='Share on Vk' rel=\"noopener\"><span class='avia_hidden_link_text'>Share on Vk<\/span><\/a><\/li><li class='av-share-link av-social-link-reddit' ><a target=\"_blank\" aria-label=\"Share on Reddit\" href='https:\/\/reddit.com\/submit?url=http:\/\/www.si-hu.eu\/hu2\/murarabatour\/&#038;title=MURA%20RABA%20TOUR' aria-hidden='false' data-av_icon='\ue927' data-av_iconfont='entypo-fontello' title='' data-avia-related-tooltip='Share on Reddit' rel=\"noopener\"><span class='avia_hidden_link_text'>Share on Reddit<\/span><\/a><\/li><li class='av-share-link av-social-link-mail' ><a  aria-label=\"Share by Mail\" href='mailto:?subject=MURA%20RABA%20TOUR&#038;body=http:\/\/www.si-hu.eu\/hu2\/murarabatour\/' aria-hidden='false' data-av_icon='\ue805' data-av_iconfont='entypo-fontello' title='' data-avia-related-tooltip='Share by Mail'><span class='avia_hidden_link_text'>Share by Mail<\/span><\/a><\/li><\/ul><\/div><\/div><\/div><\/p>\n","protected":false},"excerpt":{"rendered":"","protected":false},"author":80,"featured_media":0,"parent":0,"menu_order":0,"comment_status":"closed","ping_status":"closed","template":"","meta":{"ngg_post_thumbnail":0},"acf":[],"_links":{"self":[{"href":"http:\/\/www.si-hu.eu\/hu2\/wp-json\/wp\/v2\/pages\/3661"}],"collection":[{"href":"http:\/\/www.si-hu.eu\/hu2\/wp-json\/wp\/v2\/pages"}],"about":[{"href":"http:\/\/www.si-hu.eu\/hu2\/wp-json\/wp\/v2\/types\/page"}],"author":[{"embeddable":true,"href":"http:\/\/www.si-hu.eu\/hu2\/wp-json\/wp\/v2\/users\/80"}],"replies":[{"embeddable":true,"href":"http:\/\/www.si-hu.eu\/hu2\/wp-json\/wp\/v2\/comments?post=3661"}],"version-history":[{"count":8,"href":"http:\/\/www.si-hu.eu\/hu2\/wp-json\/wp\/v2\/pages\/3661\/revisions"}],"predecessor-version":[{"id":5480,"href":"http:\/\/www.si-hu.eu\/hu2\/wp-json\/wp\/v2\/pages\/3661\/revisions\/5480"}],"wp:attachment":[{"href":"http:\/\/www.si-hu.eu\/hu2\/wp-json\/wp\/v2\/media?parent=3661"}],"curies":[{"name":"wp","href":"https:\/\/api.w.org\/{rel}","templated":true}]}}