{"id":3669,"date":"2019-01-29T14:56:04","date_gmt":"2019-01-29T13:56:04","guid":{"rendered":"http:\/\/www.si-hu.eu\/hu2\/?page_id=3669"},"modified":"2019-01-29T14:56:04","modified_gmt":"2019-01-29T13:56:04","slug":"e-conomy","status":"publish","type":"page","link":"http:\/\/www.si-hu.eu\/hu2\/e-conomy\/","title":{"rendered":"E-CONOMY"},"content":{"rendered":"\n<style type=\"text\/css\" data-created_by=\"avia_inline_auto\" id=\"style-css-av-av_two_third-6126cab7d8fab8d08143dd2dacdf673c\">\n.flex_column.av-av_two_third-6126cab7d8fab8d08143dd2dacdf673c{\nborder-radius:0px 0px 0px 0px;\n-webkit-border-radius:0px 0px 0px 0px;\n-moz-border-radius:0px 0px 0px 0px;\n}\n<\/style>\n<div class='flex_column av-av_two_third-6126cab7d8fab8d08143dd2dacdf673c av_two_third  avia-builder-el-0  el_before_av_one_third  avia-builder-el-first  first flex_column_div av-zero-column-padding '   ><section  class='av_textblock_section av-av_textblock-0366cc7376be6c9e82a3e9cc8987b64f'  itemscope=\"itemscope\" itemtype=\"https:\/\/schema.org\/CreativeWork\" ><div class='avia_textblock'  itemprop=\"text\" ><h1>E-CONOMY<\/h1>\n<h5>Int\u00e9zm\u00e9nyi \u00f6sszefog\u00e1s a hat\u00e1rt\u00e9rs\u00e9g gazdas\u00e1gi fejl\u0151d\u00e9s\u00e9\u00e9rt webes h\u00e1tt\u00e9rt\u00e1mogat\u00e1s kifejleszt\u00e9se mellett<\/h5>\n<\/div><\/section><\/div>\n\n<style type=\"text\/css\" data-created_by=\"avia_inline_auto\" id=\"style-css-av-av_one_third-0aa7055fe62c3622faec82866afbaeb2\">\n.flex_column.av-av_one_third-0aa7055fe62c3622faec82866afbaeb2{\nborder-radius:0px 0px 0px 0px;\n-webkit-border-radius:0px 0px 0px 0px;\n-moz-border-radius:0px 0px 0px 0px;\n}\n<\/style>\n<div class='flex_column av-av_one_third-0aa7055fe62c3622faec82866afbaeb2 av_one_third  avia-builder-el-2  el_after_av_two_third  el_before_av_one_full  flex_column_div av-zero-column-padding '   ><style type=\"text\/css\" data-created_by=\"avia_inline_auto\" id=\"style-css-av-av_image-4071f9c6adf84bcc449e97e502175b5c\">\n.avia-image-container.av-av_image-4071f9c6adf84bcc449e97e502175b5c .av-image-caption-overlay-center{\ncolor:#ffffff;\n}\n<\/style>\n<div  class='avia-image-container av-av_image-4071f9c6adf84bcc449e97e502175b5c av-styling- avia-align-center  avia-builder-el-3  avia-builder-el-no-sibling '  itemprop=\"image\" itemscope=\"itemscope\" itemtype=\"https:\/\/schema.org\/ImageObject\" ><div class=\"avia-image-container-inner\"><div class=\"avia-image-overlay-wrap\"><img class='wp-image-3665 avia-img-lazy-loading-not-3665 avia_image' src=\"http:\/\/www.si-hu.eu\/hu2\/wp-content\/uploads\/sites\/10\/2018\/11\/interreg_icon_public_neg_RGB-80x80.jpg\" alt='' title=''  height=\"80\" width=\"80\"  itemprop=\"thumbnailUrl\" srcset=\"http:\/\/www.si-hu.eu\/hu2\/wp-content\/uploads\/sites\/10\/2018\/11\/interreg_icon_public_neg_RGB-80x80.jpg 80w, http:\/\/www.si-hu.eu\/hu2\/wp-content\/uploads\/sites\/10\/2018\/11\/interreg_icon_public_neg_RGB-300x300.jpg 300w, http:\/\/www.si-hu.eu\/hu2\/wp-content\/uploads\/sites\/10\/2018\/11\/interreg_icon_public_neg_RGB-768x768.jpg 768w, http:\/\/www.si-hu.eu\/hu2\/wp-content\/uploads\/sites\/10\/2018\/11\/interreg_icon_public_neg_RGB-1030x1030.jpg 1030w, http:\/\/www.si-hu.eu\/hu2\/wp-content\/uploads\/sites\/10\/2018\/11\/interreg_icon_public_neg_RGB-600x600.jpg 600w, http:\/\/www.si-hu.eu\/hu2\/wp-content\/uploads\/sites\/10\/2018\/11\/interreg_icon_public_neg_RGB-36x36.jpg 36w, http:\/\/www.si-hu.eu\/hu2\/wp-content\/uploads\/sites\/10\/2018\/11\/interreg_icon_public_neg_RGB-180x180.jpg 180w, http:\/\/www.si-hu.eu\/hu2\/wp-content\/uploads\/sites\/10\/2018\/11\/interreg_icon_public_neg_RGB-1500x1500.jpg 1500w, http:\/\/www.si-hu.eu\/hu2\/wp-content\/uploads\/sites\/10\/2018\/11\/interreg_icon_public_neg_RGB-705x705.jpg 705w, http:\/\/www.si-hu.eu\/hu2\/wp-content\/uploads\/sites\/10\/2018\/11\/interreg_icon_public_neg_RGB-120x120.jpg 120w, http:\/\/www.si-hu.eu\/hu2\/wp-content\/uploads\/sites\/10\/2018\/11\/interreg_icon_public_neg_RGB-450x450.jpg 450w\" sizes=\"(max-width: 80px) 100vw, 80px\" \/><\/div><\/div><\/div><\/div>\n\n<style type=\"text\/css\" data-created_by=\"avia_inline_auto\" id=\"style-css-av-av_one_full-6126cab7d8fab8d08143dd2dacdf673c\">\n.flex_column.av-av_one_full-6126cab7d8fab8d08143dd2dacdf673c{\nborder-radius:0px 0px 0px 0px;\n-webkit-border-radius:0px 0px 0px 0px;\n-moz-border-radius:0px 0px 0px 0px;\n}\n<\/style>\n<div class='flex_column av-av_one_full-6126cab7d8fab8d08143dd2dacdf673c av_one_full  avia-builder-el-4  el_after_av_one_third  el_before_av_two_third  first flex_column_div av-zero-column-padding column-top-margin'   ><div  class='hr av-av_hr-dcd2069817a0e3d34ae04cad8f3443c7 hr-default  avia-builder-el-5  avia-builder-el-no-sibling '><span class='hr-inner '><span class=\"hr-inner-style\"><\/span><\/span><\/div><\/div>\n\n<style type=\"text\/css\" data-created_by=\"avia_inline_auto\" id=\"style-css-av-av_two_third-6126cab7d8fab8d08143dd2dacdf673c\">\n.flex_column.av-av_two_third-6126cab7d8fab8d08143dd2dacdf673c{\nborder-radius:0px 0px 0px 0px;\n-webkit-border-radius:0px 0px 0px 0px;\n-moz-border-radius:0px 0px 0px 0px;\n}\n<\/style>\n<div class='flex_column av-av_two_third-6126cab7d8fab8d08143dd2dacdf673c av_two_third  avia-builder-el-6  el_after_av_one_full  el_before_av_one_third  first flex_column_div av-zero-column-padding column-top-margin'   ><section  class='av_textblock_section av-av_textblock-0366cc7376be6c9e82a3e9cc8987b64f'  itemscope=\"itemscope\" itemtype=\"https:\/\/schema.org\/CreativeWork\" ><div class='avia_textblock'  itemprop=\"text\" ><p><img loading=\"lazy\" class=\"alignleft wp-image-3673 size-medium\" src=\"http:\/\/www.si-hu.eu\/hu2\/wp-content\/uploads\/sites\/10\/2018\/11\/economy-logo-300x250.jpg\" alt=\"\" width=\"300\" height=\"250\" srcset=\"http:\/\/www.si-hu.eu\/hu2\/wp-content\/uploads\/sites\/10\/2018\/11\/economy-logo-300x250.jpg 300w, http:\/\/www.si-hu.eu\/hu2\/wp-content\/uploads\/sites\/10\/2018\/11\/economy-logo-600x500.jpg 600w, http:\/\/www.si-hu.eu\/hu2\/wp-content\/uploads\/sites\/10\/2018\/11\/economy-logo-705x588.jpg 705w, http:\/\/www.si-hu.eu\/hu2\/wp-content\/uploads\/sites\/10\/2018\/11\/economy-logo-450x375.jpg 450w, http:\/\/www.si-hu.eu\/hu2\/wp-content\/uploads\/sites\/10\/2018\/11\/economy-logo.jpg 709w\" sizes=\"(max-width: 300px) 100vw, 300px\" \/>A szlov\u00e9n-magyar hat\u00e1rt\u00e9rs\u00e9gben a region\u00e1lis gazdas\u00e1g fejleszt\u00e9s\u00e9ben \u00e9rintett, e ter\u00fcleten tev\u00e9kenyked\u0151 kamar\u00e1k, gazdas\u00e1g- \u00e9s t\u00e9rs\u00e9gfejleszt\u00e9ssel foglalkoz\u00f3 szervezetek, \u00fcgyn\u00f6ks\u00e9gek egy\u00fcttm\u0171k\u00f6d\u00e9si szintje nem kiel\u00e9g\u00edt\u0151. T\u00f6bbek k\u00f6z\u00f6tt ennek a k\u00f6vetkezm\u00e9nye, hogy mind a kereskedelmi forgalomban, mind az ipari \u00e9s mez\u0151gazdas\u00e1gi tev\u00e9kenys\u00e9gek k\u00f6r\u00e9ben minim\u00e1lis az egy\u00fcttm\u0171k\u00f6d\u0151 gazdas\u00e1gi szerepl\u0151k sz\u00e1ma. Sz\u00fcks\u00e9g lenne mindk\u00e9t orsz\u00e1g gazdas\u00e1g\u00e1ban a lehet\u0151s\u00e9gek kihaszn\u00e1l\u00e1s\u00e1ra, a megl\u00e9v\u0151 kapcsolatok b\u0151v\u00edt\u00e9s\u00e9re, f\u0151k\u00e9nt a KKV-k k\u00f6r\u00e9ben. Tapasztalataink szerint mindk\u00e9t orsz\u00e1g m\u00e1s ir\u00e1nyokban keresi az egy\u00fcttm\u0171k\u00f6d\u00e9si lehet\u0151s\u00e9geket, pedig sok a hasonl\u00f3s\u00e1g a k\u00e9t orsz\u00e1g gazdas\u00e1g\u00e1ban, \u00e1ltal\u00e1ban ugyanazon akad\u00e1lyokkal, neh\u00e9zs\u00e9gekkel kell szemben\u00e9zn\u00fck a szerepl\u0151knek. Ezek lebont\u00e1sa int\u00e9zm\u00e9nyi feladat, melynek csak az egy\u00fcttm\u0171k\u00f6d\u00e9s egy magasabb szintj\u00e9n tudnak eleget tenni a hat\u00e1rt\u00e9rs\u00e9g int\u00e9zm\u00e9nyei. C\u00e9lunk, hogy ezen szervezetek tapasztalat\u00e1t, tud\u00e1s\u00e1t, megl\u00e9v\u0151 j\u00f3 gyakorlatait kapcsoljuk \u00f6ssze, integr\u00e1ljuk egy harmoniz\u00e1lt rendszerbe, amit egy professzion\u00e1lis, szak\u00e9rt\u0151i mentorprogrammal t\u00e1mogatunk, \u00edgy seg\u00edtve a gazdas\u00e1gi kooper\u00e1ci\u00f3t, a szomsz\u00e9ds\u00e1gb\u00f3l fakad\u00f3 el\u0151ny\u00f6k kihaszn\u00e1l\u00e1s\u00e1t. A megval\u00f3s\u00edt\u00e1s olyan \u00e1t\u00fct\u0151 eredm\u00e9nyeket fog hozni, amelyek t\u00e9rs\u00e9g\u00fcnket r\u00f6videsen az eur\u00f3pai gazdas\u00e1gi meg\u00fajul\u00e1s k\u00f6zpontj\u00e1v\u00e1 teszik. A projekt keret\u00e9ben meg\u00faj\u00edtjuk, kib\u0151v\u00edtj\u00fck a hat\u00e1rs\u00e9gben a region\u00e1lis gazdas\u00e1gi fejleszt\u00e9sben \u00e9rintett, jelenleg m\u0171k\u00f6d\u0151 int\u00e9zm\u00e9nyi kapcsolatrendszert, felm\u00e9rj\u00fck annak kapacit\u00e1s\u00e1t, k\u00eds\u00e9rletet tesz\u00fcnk arra, hogy pontos\u00edtsuk a t\u00e9rs\u00e9g gazdas\u00e1gi szerepl\u0151inek ig\u00e9nyeit. Mivel \u0151k az \u00e9p\u00edt\u0151k\u00f6vei a gazdas\u00e1g fejl\u0151d\u00e9s\u00e9nek, ez\u00e9rt ezen funkci\u00f3juk bet\u00f6lt\u00e9s\u00e9hez inform\u00e1ci\u00f3kra, t\u00e1mogat\u00f3 h\u00e1tt\u00e9rre van sz\u00fcks\u00e9g, amit a hat\u00e1rt\u00e9rs\u00e9gben egy k\u00f6z\u00f6s, innovat\u00edv, magyar-szlov\u00e9n nyelven el\u00e9rhet\u0151 region\u00e1lis inform\u00e1ci\u00f3s \u00e9s t\u00e9rs\u00e9gfejleszt\u00e9si platform kialak\u00edt\u00e1s\u00e1val seg\u00edt\u00fcnk, melyhez a sz\u00fcks\u00e9ges tud\u00e1sb\u0151v\u00edt\u00e9st is megval\u00f3s\u00edtjuk. Az egy\u00fcttm\u0171k\u00f6d\u00e9s tart\u00f3ss\u00e1g\u00e1t egy infopont \u00e9s tud\u00e1sk\u00f6zpont h\u00e1l\u00f3zat kialak\u00edt\u00e1s\u00e1val biztos\u00edtjuk.<\/p>\n\n\n<div class=\"ngg-galleryoverview ngg-slideshow\"\n\t id=\"ngg-slideshow-33b6d6ace0dfe042bc0e7428a7d3c1bc-13809532100\"\n     data-gallery-id=\"33b6d6ace0dfe042bc0e7428a7d3c1bc\"\n     style=\"max-width: 600px; max-height: 400px;\">\n\n \t<div id=\"ngg-image-0\" class=\"ngg-gallery-slideshow-image\" style=\"height:400px\">\n\n        <a href=\"http:\/\/www.si-hu.eu\/hu2\/wp-content\/uploads\/sites\/10\/nggallery\/e-conomy\/Gazdasagi_forum_20180531_9.jpg\"\n           title=\"\"\n           data-src=\"http:\/\/www.si-hu.eu\/hu2\/wp-content\/uploads\/sites\/10\/nggallery\/e-conomy\/Gazdasagi_forum_20180531_9.jpg\"\n           data-thumbnail=\"http:\/\/www.si-hu.eu\/hu2\/wp-content\/uploads\/sites\/10\/nggallery\/e-conomy\/thumbs\/thumbs_Gazdasagi_forum_20180531_9.jpg\"\n           data-image-id=\"465\"\n           data-title=\"dav\"\n           data-description=\"\"\n           class=\"ngg-fancybox\" rel=\"33b6d6ace0dfe042bc0e7428a7d3c1bc\">\n\n            <img data-image-id='465'\n                 title=\"\"\n                 alt=\"dav\"\n                 src=\"http:\/\/www.si-hu.eu\/hu2\/wp-content\/uploads\/sites\/10\/nggallery\/e-conomy\/Gazdasagi_forum_20180531_9.jpg\"\n                 style=\"max-height: 380px;\"\/>\n        <\/a>\n\n        <\/div> \n<div id=\"ngg-image-1\" class=\"ngg-gallery-slideshow-image\" style=\"height:400px\">\n\n        <a href=\"http:\/\/www.si-hu.eu\/hu2\/wp-content\/uploads\/sites\/10\/nggallery\/e-conomy\/Kapcsolatfejleszto_szimpozium_20180606_1.jpeg\"\n           title=\"\"\n           data-src=\"http:\/\/www.si-hu.eu\/hu2\/wp-content\/uploads\/sites\/10\/nggallery\/e-conomy\/Kapcsolatfejleszto_szimpozium_20180606_1.jpeg\"\n           data-thumbnail=\"http:\/\/www.si-hu.eu\/hu2\/wp-content\/uploads\/sites\/10\/nggallery\/e-conomy\/thumbs\/thumbs_Kapcsolatfejleszto_szimpozium_20180606_1.jpeg\"\n           data-image-id=\"466\"\n           data-title=\"Kapcsolatfejleszto_szimpozium_20180606_(1)\"\n           data-description=\"\"\n           class=\"ngg-fancybox\" rel=\"33b6d6ace0dfe042bc0e7428a7d3c1bc\">\n\n            <img data-image-id='466'\n                 title=\"\"\n                 alt=\"Kapcsolatfejleszto_szimpozium_20180606_(1)\"\n                 src=\"http:\/\/www.si-hu.eu\/hu2\/wp-content\/uploads\/sites\/10\/nggallery\/e-conomy\/Kapcsolatfejleszto_szimpozium_20180606_1.jpeg\"\n                 style=\"max-height: 380px;\"\/>\n        <\/a>\n\n        <\/div> \n<div id=\"ngg-image-2\" class=\"ngg-gallery-slideshow-image\" style=\"height:400px\">\n\n        <a href=\"http:\/\/www.si-hu.eu\/hu2\/wp-content\/uploads\/sites\/10\/nggallery\/e-conomy\/Mentor_training_05112018_1.jpg\"\n           title=\"\"\n           data-src=\"http:\/\/www.si-hu.eu\/hu2\/wp-content\/uploads\/sites\/10\/nggallery\/e-conomy\/Mentor_training_05112018_1.jpg\"\n           data-thumbnail=\"http:\/\/www.si-hu.eu\/hu2\/wp-content\/uploads\/sites\/10\/nggallery\/e-conomy\/thumbs\/thumbs_Mentor_training_05112018_1.jpg\"\n           data-image-id=\"467\"\n           data-title=\"Mentor_training_05112018_(1)\"\n           data-description=\"\"\n           class=\"ngg-fancybox\" rel=\"33b6d6ace0dfe042bc0e7428a7d3c1bc\">\n\n            <img data-image-id='467'\n                 title=\"\"\n                 alt=\"Mentor_training_05112018_(1)\"\n                 src=\"http:\/\/www.si-hu.eu\/hu2\/wp-content\/uploads\/sites\/10\/nggallery\/e-conomy\/Mentor_training_05112018_1.jpg\"\n                 style=\"max-height: 380px;\"\/>\n        <\/a>\n\n        <\/div> \n<div id=\"ngg-image-3\" class=\"ngg-gallery-slideshow-image\" style=\"height:400px\">\n\n        <a href=\"http:\/\/www.si-hu.eu\/hu2\/wp-content\/uploads\/sites\/10\/nggallery\/e-conomy\/Mentor_training_12112018_7.jpg\"\n           title=\"\"\n           data-src=\"http:\/\/www.si-hu.eu\/hu2\/wp-content\/uploads\/sites\/10\/nggallery\/e-conomy\/Mentor_training_12112018_7.jpg\"\n           data-thumbnail=\"http:\/\/www.si-hu.eu\/hu2\/wp-content\/uploads\/sites\/10\/nggallery\/e-conomy\/thumbs\/thumbs_Mentor_training_12112018_7.jpg\"\n           data-image-id=\"468\"\n           data-title=\"sdr\"\n           data-description=\"\"\n           class=\"ngg-fancybox\" rel=\"33b6d6ace0dfe042bc0e7428a7d3c1bc\">\n\n            <img data-image-id='468'\n                 title=\"\"\n                 alt=\"sdr\"\n                 src=\"http:\/\/www.si-hu.eu\/hu2\/wp-content\/uploads\/sites\/10\/nggallery\/e-conomy\/Mentor_training_12112018_7.jpg\"\n                 style=\"max-height: 380px;\"\/>\n        <\/a>\n\n        <\/div> \n<div id=\"ngg-image-4\" class=\"ngg-gallery-slideshow-image\" style=\"height:400px\">\n\n        <a href=\"http:\/\/www.si-hu.eu\/hu2\/wp-content\/uploads\/sites\/10\/nggallery\/e-conomy\/Photo_opening_conference_E-CONOMY_21022018_56.jpg\"\n           title=\"\"\n           data-src=\"http:\/\/www.si-hu.eu\/hu2\/wp-content\/uploads\/sites\/10\/nggallery\/e-conomy\/Photo_opening_conference_E-CONOMY_21022018_56.jpg\"\n           data-thumbnail=\"http:\/\/www.si-hu.eu\/hu2\/wp-content\/uploads\/sites\/10\/nggallery\/e-conomy\/thumbs\/thumbs_Photo_opening_conference_E-CONOMY_21022018_56.jpg\"\n           data-image-id=\"469\"\n           data-title=\"cof\"\n           data-description=\"\"\n           class=\"ngg-fancybox\" rel=\"33b6d6ace0dfe042bc0e7428a7d3c1bc\">\n\n            <img data-image-id='469'\n                 title=\"\"\n                 alt=\"cof\"\n                 src=\"http:\/\/www.si-hu.eu\/hu2\/wp-content\/uploads\/sites\/10\/nggallery\/e-conomy\/Photo_opening_conference_E-CONOMY_21022018_56.jpg\"\n                 style=\"max-height: 380px;\"\/>\n        <\/a>\n\n        <\/div> \n<div id=\"ngg-image-5\" class=\"ngg-gallery-slideshow-image\" style=\"height:400px\">\n\n        <a href=\"http:\/\/www.si-hu.eu\/hu2\/wp-content\/uploads\/sites\/10\/nggallery\/e-conomy\/Photo_opening_conference_E-CONOMY_21022018_56-1.jpg\"\n           title=\"\"\n           data-src=\"http:\/\/www.si-hu.eu\/hu2\/wp-content\/uploads\/sites\/10\/nggallery\/e-conomy\/Photo_opening_conference_E-CONOMY_21022018_56-1.jpg\"\n           data-thumbnail=\"http:\/\/www.si-hu.eu\/hu2\/wp-content\/uploads\/sites\/10\/nggallery\/e-conomy\/thumbs\/thumbs_Photo_opening_conference_E-CONOMY_21022018_56-1.jpg\"\n           data-image-id=\"470\"\n           data-title=\"cof\"\n           data-description=\"\"\n           class=\"ngg-fancybox\" rel=\"33b6d6ace0dfe042bc0e7428a7d3c1bc\">\n\n            <img data-image-id='470'\n                 title=\"\"\n                 alt=\"cof\"\n                 src=\"http:\/\/www.si-hu.eu\/hu2\/wp-content\/uploads\/sites\/10\/nggallery\/e-conomy\/Photo_opening_conference_E-CONOMY_21022018_56-1.jpg\"\n                 style=\"max-height: 380px;\"\/>\n        <\/a>\n\n        <\/div> \n<\/div>\n\n\n\n\n<\/div><\/section><\/div>\n<style type=\"text\/css\" data-created_by=\"avia_inline_auto\" id=\"style-css-av-av_one_third-0aa7055fe62c3622faec82866afbaeb2\">\n.flex_column.av-av_one_third-0aa7055fe62c3622faec82866afbaeb2{\nborder-radius:0px 0px 0px 0px;\n-webkit-border-radius:0px 0px 0px 0px;\n-moz-border-radius:0px 0px 0px 0px;\n}\n<\/style>\n<div class='flex_column av-av_one_third-0aa7055fe62c3622faec82866afbaeb2 av_one_third  avia-builder-el-8  el_after_av_two_third  el_before_av_one_full  flex_column_div av-zero-column-padding column-top-margin'   ><p>\n<style type=\"text\/css\" data-created_by=\"avia_inline_auto\" id=\"style-css-av-av_iconlist-b06021e845c44cd35373f25493d26102\">\n#top .avia-icon-list-container.av-av_iconlist-b06021e845c44cd35373f25493d26102 .iconlist_icon{\ncolor:#83a846;\nfont-size:17px;\n}\n#top #wrap_all .avia-icon-list-container.av-av_iconlist-b06021e845c44cd35373f25493d26102 .av_iconlist_title{\nfont-size:17px;\ncolor:#83a846;\n}\n.avia-icon-list-container.av-av_iconlist-b06021e845c44cd35373f25493d26102 .iconlist_content{\nfont-size:13px;\ncolor:#000000;\n}\n<\/style>\n<div  class='avia-icon-list-container av-av_iconlist-b06021e845c44cd35373f25493d26102  avia-builder-el-9  el_before_av_font_icon  avia-builder-el-first '><ul class='avia-icon-list avia_animate_when_almost_visible avia-icon-list-left av-iconlist-small av-av_iconlist-b06021e845c44cd35373f25493d26102 avia-iconlist-animate'>\n<li><div class='iconlist_icon av-av_iconlist_item-af490042fe7959698033a53145fb3ff3 avia-font-entypo-fontello'><span class='iconlist-char' aria-hidden='true' data-av_icon='\ue82a' data-av_iconfont='entypo-fontello'><\/span><\/div><article class=\"article-icon-entry \"  itemscope=\"itemscope\" itemtype=\"https:\/\/schema.org\/CreativeWork\" ><div class=\"iconlist_content_wrap\"><header class=\"entry-content-header\"><div class='av_iconlist_title iconlist_title_small  av_inherit_color'  itemprop=\"headline\" >2. PRIORIT\u00c1SI TENGELY<\/div><\/header><div class='iconlist_content av_inherit_color'  itemprop=\"text\" ><p><em>Beruh\u00e1z\u00e1si priorit\u00e1s 11b<\/em><\/p>\n<p>SC 2: <label id=\"mainForm:a1_dd_specObjective_label\" class=\"ui-selectonemenu-label ui-inputfield ui-corner-all\">Az egy\u00fcttm\u0171k\u00f6d\u00e9sre val\u00f3 k\u00e9pess\u00e9g (kapacit\u00e1s) n\u00f6vel\u00e9se a hat\u00e1ron \u00e1tny\u00fal\u00f3 kapcsolatok magasabb sz\u00ednvonala \u00e9rdek\u00e9ben<\/label><\/p>\n<div class=\"ui-selectonemenu-trigger ui-state-default ui-corner-right\">&nbsp;<\/div>\n<\/div><\/div><footer class=\"entry-footer\"><\/footer><\/article><div class=\"iconlist-timeline\"><\/div><\/li>\n<li><div class='iconlist_icon av-av_iconlist_item-de613b754114e4268a96f55011664a6f avia-font-entypo-fontello'><span class='iconlist-char' aria-hidden='true' data-av_icon='\ue85b' data-av_iconfont='entypo-fontello'><\/span><\/div><article class=\"article-icon-entry \"  itemscope=\"itemscope\" itemtype=\"https:\/\/schema.org\/CreativeWork\" ><div class=\"iconlist_content_wrap\"><header class=\"entry-content-header\"><div class='av_iconlist_title iconlist_title_small  av_inherit_color'  itemprop=\"headline\" >PROJEKT-FUTAMID\u0150<\/div><\/header><div class='iconlist_content av_inherit_color'  itemprop=\"text\" ><p>2018.01.01 &#8211; 2019.06.30.<\/p>\n<\/div><\/div><footer class=\"entry-footer\"><\/footer><\/article><div class=\"iconlist-timeline\"><\/div><\/li>\n<li><div class='iconlist_icon av-av_iconlist_item-305a864ab62252c4924fc3c9e7a1d664 avia-font-entypo-fontello'><span class='iconlist-char' aria-hidden='true' data-av_icon='\ue8d3' data-av_iconfont='entypo-fontello'><\/span><\/div><article class=\"article-icon-entry \"  itemscope=\"itemscope\" itemtype=\"https:\/\/schema.org\/CreativeWork\" ><div class=\"iconlist_content_wrap\"><header class=\"entry-content-header\"><div class='av_iconlist_title iconlist_title_small  av_inherit_color'  itemprop=\"headline\" >ERFA FORR\u00c1S \u00d6SSZEGE<\/div><\/header><div class='iconlist_content av_inherit_color'  itemprop=\"text\" ><p>169.954,49 EUR<\/p>\n<\/div><\/div><footer class=\"entry-footer\"><\/footer><\/article><div class=\"iconlist-timeline\"><\/div><\/li>\n<li><div class='iconlist_icon av-av_iconlist_item-3311fb92d373543c9076f9428d600b11 avia-font-entypo-fontello'><span class='iconlist-char' aria-hidden='true' data-av_icon='\ue80b' data-av_iconfont='entypo-fontello'><\/span><\/div><article class=\"article-icon-entry \"  itemscope=\"itemscope\" itemtype=\"https:\/\/schema.org\/CreativeWork\" ><div class=\"iconlist_content_wrap\"><header class=\"entry-content-header\"><div class='av_iconlist_title iconlist_title_small  av_inherit_color'  itemprop=\"headline\" >PROJEKTPARTNEREK<\/div><\/header><div class='iconlist_content av_inherit_color'  itemprop=\"text\" ><ul>\n<li>&nbsp;Zala Megyei Kereskedelmi \u00e9s Iparkamara (Vezet\u0151 Partner)<\/li>\n<li>Pomurska gospodarska zbornica<\/li>\n<li>Znanstveno-raziskovalno sredi\u0161\u010de Bistra Ptuj<\/li>\n<li>Pannon Novum Nyugat-dun\u00e1nt\u00fali Region\u00e1lis Innov\u00e1ci\u00f3s Nonprofit Kft.<\/li>\n<\/ul>\n<\/div><\/div><footer class=\"entry-footer\"><\/footer><\/article><div class=\"iconlist-timeline\"><\/div><\/li>\n<\/ul><\/div><br \/>\n\n<style type=\"text\/css\" data-created_by=\"avia_inline_auto\" id=\"style-css-av-av_font_icon-45a434c551b9d95f30fd52c0eda2895f\">\n.av_font_icon.av-av_font_icon-45a434c551b9d95f30fd52c0eda2895f{\ncolor:#b02b2c;\nborder-color:#b02b2c;\n}\n.av_font_icon.av-av_font_icon-45a434c551b9d95f30fd52c0eda2895f .av-icon-char{\nfont-size:25px;\nline-height:25px;\nwidth:25px;\n}\n<\/style>\n<span  class='av_font_icon av-av_font_icon-45a434c551b9d95f30fd52c0eda2895f avia_animate_when_visible av-icon-style-border avia-icon-pos-left avia-icon-animate'><a href='http:\/\/www.zmkik.hu\/hu\/zala-megyei-kereskedelmi-es-iparkamara\/e-conomy-16153' target=\"_blank\" rel=\"noopener noreferrer\" class='av-icon-char' aria-hidden='true' data-av_icon='\ue821' data-av_iconfont='entypo-fontello'><\/a><\/span><\/p><\/div><\/p>\n\n<style type=\"text\/css\" data-created_by=\"avia_inline_auto\" id=\"style-css-av-av_one_full-6126cab7d8fab8d08143dd2dacdf673c\">\n.flex_column.av-av_one_full-6126cab7d8fab8d08143dd2dacdf673c{\nborder-radius:0px 0px 0px 0px;\n-webkit-border-radius:0px 0px 0px 0px;\n-moz-border-radius:0px 0px 0px 0px;\n}\n<\/style>\n<div class='flex_column av-av_one_full-6126cab7d8fab8d08143dd2dacdf673c av_one_full  avia-builder-el-11  el_after_av_one_third  avia-builder-el-last  first flex_column_div av-zero-column-padding column-top-margin'   ><div  class='av-social-sharing-box av-av_social_share-981f7761336080d54c04d7ac30ef78f7 av-social-sharing-box-default  avia-builder-el-12  avia-builder-el-no-sibling  av-social-sharing-box-fullwidth'><div class=\"av-share-box\"><h5 class='av-share-link-description av-no-toc '>Share this entry<\/h5><ul class=\"av-share-box-list noLightbox\"><li class='av-share-link av-social-link-facebook' ><a target=\"_blank\" aria-label=\"Share on Facebook\" href='https:\/\/www.facebook.com\/sharer.php?u=http:\/\/www.si-hu.eu\/hu2\/e-conomy\/&#038;t=E-CONOMY' aria-hidden='false' data-av_icon='\ue8f3' data-av_iconfont='entypo-fontello' title='' data-avia-related-tooltip='Share on Facebook' rel=\"noopener\"><span class='avia_hidden_link_text'>Share on Facebook<\/span><\/a><\/li><li class='av-share-link av-social-link-twitter' ><a target=\"_blank\" aria-label=\"Share on Twitter\" href='https:\/\/twitter.com\/share?text=E-CONOMY&#038;url=http:\/\/www.si-hu.eu\/hu2\/?p=3669' aria-hidden='false' data-av_icon='\ue8f1' data-av_iconfont='entypo-fontello' title='' data-avia-related-tooltip='Share on Twitter' rel=\"noopener\"><span class='avia_hidden_link_text'>Share on Twitter<\/span><\/a><\/li><li class='av-share-link av-social-link-pinterest' ><a target=\"_blank\" aria-label=\"Share on Pinterest\" href='https:\/\/pinterest.com\/pin\/create\/button\/?url=http%3A%2F%2Fwww.si-hu.eu%2Fhu2%2Fe-conomy%2F&#038;description=E-CONOMY&#038;media=' aria-hidden='false' data-av_icon='\ue8f8' data-av_iconfont='entypo-fontello' title='' data-avia-related-tooltip='Share on Pinterest' rel=\"noopener\"><span class='avia_hidden_link_text'>Share on Pinterest<\/span><\/a><\/li><li class='av-share-link av-social-link-linkedin' ><a target=\"_blank\" aria-label=\"Share on LinkedIn\" href='https:\/\/linkedin.com\/shareArticle?mini=true&#038;title=E-CONOMY&#038;url=http:\/\/www.si-hu.eu\/hu2\/e-conomy\/' aria-hidden='false' data-av_icon='\ue8fc' data-av_iconfont='entypo-fontello' title='' data-avia-related-tooltip='Share on LinkedIn' rel=\"noopener\"><span class='avia_hidden_link_text'>Share on LinkedIn<\/span><\/a><\/li><li class='av-share-link av-social-link-tumblr' ><a target=\"_blank\" aria-label=\"Share on Tumblr\" href='https:\/\/www.tumblr.com\/share\/link?url=http%3A%2F%2Fwww.si-hu.eu%2Fhu2%2Fe-conomy%2F&#038;name=E-CONOMY&#038;description=' aria-hidden='false' data-av_icon='\ue8fa' data-av_iconfont='entypo-fontello' title='' data-avia-related-tooltip='Share on Tumblr' rel=\"noopener\"><span class='avia_hidden_link_text'>Share on Tumblr<\/span><\/a><\/li><li class='av-share-link av-social-link-vk' ><a target=\"_blank\" aria-label=\"Share on Vk\" href='https:\/\/vk.com\/share.php?url=http:\/\/www.si-hu.eu\/hu2\/e-conomy\/' aria-hidden='false' data-av_icon='\ue926' data-av_iconfont='entypo-fontello' title='' data-avia-related-tooltip='Share on Vk' rel=\"noopener\"><span class='avia_hidden_link_text'>Share on Vk<\/span><\/a><\/li><li class='av-share-link av-social-link-reddit' ><a target=\"_blank\" aria-label=\"Share on Reddit\" href='https:\/\/reddit.com\/submit?url=http:\/\/www.si-hu.eu\/hu2\/e-conomy\/&#038;title=E-CONOMY' aria-hidden='false' data-av_icon='\ue927' data-av_iconfont='entypo-fontello' title='' data-avia-related-tooltip='Share on Reddit' rel=\"noopener\"><span class='avia_hidden_link_text'>Share on Reddit<\/span><\/a><\/li><li class='av-share-link av-social-link-mail' ><a  aria-label=\"Share by Mail\" href='mailto:?subject=E-CONOMY&#038;body=http:\/\/www.si-hu.eu\/hu2\/e-conomy\/' aria-hidden='false' data-av_icon='\ue805' data-av_iconfont='entypo-fontello' title='' data-avia-related-tooltip='Share by Mail'><span class='avia_hidden_link_text'>Share by Mail<\/span><\/a><\/li><\/ul><\/div><\/div><\/div>\n","protected":false},"excerpt":{"rendered":"","protected":false},"author":80,"featured_media":0,"parent":0,"menu_order":0,"comment_status":"closed","ping_status":"closed","template":"","meta":{"ngg_post_thumbnail":0},"acf":[],"_links":{"self":[{"href":"http:\/\/www.si-hu.eu\/hu2\/wp-json\/wp\/v2\/pages\/3669"}],"collection":[{"href":"http:\/\/www.si-hu.eu\/hu2\/wp-json\/wp\/v2\/pages"}],"about":[{"href":"http:\/\/www.si-hu.eu\/hu2\/wp-json\/wp\/v2\/types\/page"}],"author":[{"embeddable":true,"href":"http:\/\/www.si-hu.eu\/hu2\/wp-json\/wp\/v2\/users\/80"}],"replies":[{"embeddable":true,"href":"http:\/\/www.si-hu.eu\/hu2\/wp-json\/wp\/v2\/comments?post=3669"}],"version-history":[{"count":4,"href":"http:\/\/www.si-hu.eu\/hu2\/wp-json\/wp\/v2\/pages\/3669\/revisions"}],"predecessor-version":[{"id":3802,"href":"http:\/\/www.si-hu.eu\/hu2\/wp-json\/wp\/v2\/pages\/3669\/revisions\/3802"}],"wp:attachment":[{"href":"http:\/\/www.si-hu.eu\/hu2\/wp-json\/wp\/v2\/media?parent=3669"}],"curies":[{"name":"wp","href":"https:\/\/api.w.org\/{rel}","templated":true}]}}