{"id":3672,"date":"2019-01-29T14:58:12","date_gmt":"2019-01-29T13:58:12","guid":{"rendered":"http:\/\/www.si-hu.eu\/hu2\/?page_id=3672"},"modified":"2021-11-09T12:03:37","modified_gmt":"2021-11-09T11:03:37","slug":"e-documenta-pannonica","status":"publish","type":"page","link":"http:\/\/www.si-hu.eu\/hu2\/e-documenta-pannonica\/","title":{"rendered":"e-documenta Pannonica"},"content":{"rendered":"\n<style type=\"text\/css\" data-created_by=\"avia_inline_auto\" id=\"style-css-av-av_two_third-6126cab7d8fab8d08143dd2dacdf673c\">\n.flex_column.av-av_two_third-6126cab7d8fab8d08143dd2dacdf673c{\nborder-radius:0px 0px 0px 0px;\n-webkit-border-radius:0px 0px 0px 0px;\n-moz-border-radius:0px 0px 0px 0px;\n}\n<\/style>\n<div class='flex_column av-av_two_third-6126cab7d8fab8d08143dd2dacdf673c av_two_third  avia-builder-el-0  el_before_av_one_third  avia-builder-el-first  first flex_column_div av-zero-column-padding '   ><section  class='av_textblock_section av-av_textblock-0366cc7376be6c9e82a3e9cc8987b64f'  itemscope=\"itemscope\" itemtype=\"https:\/\/schema.org\/CreativeWork\" ><div class='avia_textblock'  itemprop=\"text\" ><h1>e-documenta Pannonica<\/h1>\n<h5>Interdiszciplin\u00e1ris adatb\u00e1zis a t\u00e9rs\u00e9g kultur\u00e1lis \u00f6r\u00f6ks\u00e9g\u00e9r\u0151l a telep\u00fcl\u00e9sek vonzerej\u00e9nek n\u00f6vel\u00e9s\u00e9hez<\/h5>\n<\/div><\/section><\/div>\n\n<style type=\"text\/css\" data-created_by=\"avia_inline_auto\" id=\"style-css-av-av_one_third-0aa7055fe62c3622faec82866afbaeb2\">\n.flex_column.av-av_one_third-0aa7055fe62c3622faec82866afbaeb2{\nborder-radius:0px 0px 0px 0px;\n-webkit-border-radius:0px 0px 0px 0px;\n-moz-border-radius:0px 0px 0px 0px;\n}\n<\/style>\n<div class='flex_column av-av_one_third-0aa7055fe62c3622faec82866afbaeb2 av_one_third  avia-builder-el-2  el_after_av_two_third  el_before_av_one_full  flex_column_div av-zero-column-padding '   ><style type=\"text\/css\" data-created_by=\"avia_inline_auto\" id=\"style-css-av-av_image-4071f9c6adf84bcc449e97e502175b5c\">\n.avia-image-container.av-av_image-4071f9c6adf84bcc449e97e502175b5c .av-image-caption-overlay-center{\ncolor:#ffffff;\n}\n<\/style>\n<div  class='avia-image-container av-av_image-4071f9c6adf84bcc449e97e502175b5c av-styling- avia-align-center  avia-builder-el-3  avia-builder-el-no-sibling '  itemprop=\"image\" itemscope=\"itemscope\" itemtype=\"https:\/\/schema.org\/ImageObject\" ><div class=\"avia-image-container-inner\"><div class=\"avia-image-overlay-wrap\"><img class='wp-image-3665 avia-img-lazy-loading-not-3665 avia_image' src=\"http:\/\/www.si-hu.eu\/hu2\/wp-content\/uploads\/sites\/10\/2018\/11\/interreg_icon_public_neg_RGB-80x80.jpg\" alt='' title=''  height=\"80\" width=\"80\"  itemprop=\"thumbnailUrl\" srcset=\"http:\/\/www.si-hu.eu\/hu2\/wp-content\/uploads\/sites\/10\/2018\/11\/interreg_icon_public_neg_RGB-80x80.jpg 80w, http:\/\/www.si-hu.eu\/hu2\/wp-content\/uploads\/sites\/10\/2018\/11\/interreg_icon_public_neg_RGB-300x300.jpg 300w, http:\/\/www.si-hu.eu\/hu2\/wp-content\/uploads\/sites\/10\/2018\/11\/interreg_icon_public_neg_RGB-768x768.jpg 768w, http:\/\/www.si-hu.eu\/hu2\/wp-content\/uploads\/sites\/10\/2018\/11\/interreg_icon_public_neg_RGB-1030x1030.jpg 1030w, http:\/\/www.si-hu.eu\/hu2\/wp-content\/uploads\/sites\/10\/2018\/11\/interreg_icon_public_neg_RGB-600x600.jpg 600w, http:\/\/www.si-hu.eu\/hu2\/wp-content\/uploads\/sites\/10\/2018\/11\/interreg_icon_public_neg_RGB-36x36.jpg 36w, http:\/\/www.si-hu.eu\/hu2\/wp-content\/uploads\/sites\/10\/2018\/11\/interreg_icon_public_neg_RGB-180x180.jpg 180w, http:\/\/www.si-hu.eu\/hu2\/wp-content\/uploads\/sites\/10\/2018\/11\/interreg_icon_public_neg_RGB-1500x1500.jpg 1500w, http:\/\/www.si-hu.eu\/hu2\/wp-content\/uploads\/sites\/10\/2018\/11\/interreg_icon_public_neg_RGB-705x705.jpg 705w, http:\/\/www.si-hu.eu\/hu2\/wp-content\/uploads\/sites\/10\/2018\/11\/interreg_icon_public_neg_RGB-120x120.jpg 120w, http:\/\/www.si-hu.eu\/hu2\/wp-content\/uploads\/sites\/10\/2018\/11\/interreg_icon_public_neg_RGB-450x450.jpg 450w\" sizes=\"(max-width: 80px) 100vw, 80px\" \/><\/div><\/div><\/div><\/div>\n\n<style type=\"text\/css\" data-created_by=\"avia_inline_auto\" id=\"style-css-av-av_one_full-6126cab7d8fab8d08143dd2dacdf673c\">\n.flex_column.av-av_one_full-6126cab7d8fab8d08143dd2dacdf673c{\nborder-radius:0px 0px 0px 0px;\n-webkit-border-radius:0px 0px 0px 0px;\n-moz-border-radius:0px 0px 0px 0px;\n}\n<\/style>\n<div class='flex_column av-av_one_full-6126cab7d8fab8d08143dd2dacdf673c av_one_full  avia-builder-el-4  el_after_av_one_third  el_before_av_two_third  first flex_column_div av-zero-column-padding column-top-margin'   ><div  class='hr av-av_hr-dcd2069817a0e3d34ae04cad8f3443c7 hr-default  avia-builder-el-5  avia-builder-el-no-sibling '><span class='hr-inner '><span class=\"hr-inner-style\"><\/span><\/span><\/div><\/div>\n\n<style type=\"text\/css\" data-created_by=\"avia_inline_auto\" id=\"style-css-av-av_two_third-6126cab7d8fab8d08143dd2dacdf673c\">\n.flex_column.av-av_two_third-6126cab7d8fab8d08143dd2dacdf673c{\nborder-radius:0px 0px 0px 0px;\n-webkit-border-radius:0px 0px 0px 0px;\n-moz-border-radius:0px 0px 0px 0px;\n}\n<\/style>\n<div class='flex_column av-av_two_third-6126cab7d8fab8d08143dd2dacdf673c av_two_third  avia-builder-el-6  el_after_av_one_full  el_before_av_one_third  first flex_column_div av-zero-column-padding column-top-margin'   ><section  class='av_textblock_section av-av_textblock-0366cc7376be6c9e82a3e9cc8987b64f'  itemscope=\"itemscope\" itemtype=\"https:\/\/schema.org\/CreativeWork\" ><div class='avia_textblock'  itemprop=\"text\" ><p><img loading=\"lazy\" class=\"alignleft wp-image-3676 size-medium\" src=\"http:\/\/www.si-hu.eu\/hu2\/wp-content\/uploads\/sites\/10\/2018\/11\/Logo-projekta-page-001-300x120.jpg\" alt=\"\" width=\"300\" height=\"120\" srcset=\"http:\/\/www.si-hu.eu\/hu2\/wp-content\/uploads\/sites\/10\/2018\/11\/Logo-projekta-page-001-300x120.jpg 300w, http:\/\/www.si-hu.eu\/hu2\/wp-content\/uploads\/sites\/10\/2018\/11\/Logo-projekta-page-001-768x307.jpg 768w, http:\/\/www.si-hu.eu\/hu2\/wp-content\/uploads\/sites\/10\/2018\/11\/Logo-projekta-page-001-1030x412.jpg 1030w, http:\/\/www.si-hu.eu\/hu2\/wp-content\/uploads\/sites\/10\/2018\/11\/Logo-projekta-page-001-600x240.jpg 600w, http:\/\/www.si-hu.eu\/hu2\/wp-content\/uploads\/sites\/10\/2018\/11\/Logo-projekta-page-001-1500x600.jpg 1500w, http:\/\/www.si-hu.eu\/hu2\/wp-content\/uploads\/sites\/10\/2018\/11\/Logo-projekta-page-001-705x282.jpg 705w, http:\/\/www.si-hu.eu\/hu2\/wp-content\/uploads\/sites\/10\/2018\/11\/Logo-projekta-page-001-450x180.jpg 450w\" sizes=\"(max-width: 300px) 100vw, 300px\" \/>Az e-documenta Pannonica projekt a partners\u00e9g t\u00e9rs\u00e9g\u00e9ben l\u00e9v\u0151 telep\u00fcl\u00e9sek kultur\u00e1lis \u00f6r\u00f6ks\u00e9g\u00e9re vonatkoz\u00f3 adatok szakmai \u00e9rtelmez\u00e9si hi\u00e1ny\u00e1val, net\u00e1n t\u00e9ves \u00e9rtelmez\u00e9s\u00e9vel \u00e9s felhaszn\u00e1l\u00e1s\u00e1val foglalkozik, majd az eredm\u00e9nyeket k\u00f6zhaszn\u00e1latra bocs\u00e1tja. C\u00e9lunk Az \u00f6t kultur\u00e1lis int\u00e9zm\u00e9ny tart\u00f3s partners\u00e9ge \u00e1ltal l\u00e9trehozni a hat\u00e1ron \u00e1tny\u00fal\u00f3 t\u00e9rs\u00e9g tematikus, ker\u00e9kp\u00e1ros \u00e9s gyalogt\u00fara \u00fatjaira, illetve a term\u00e1lf\u00fcrd\u0151k k\u00f6rny\u00e9k\u00e9n l\u00e9v\u0151 120 telep\u00fcl\u00e9s kultur\u00e1lis \u00f6r\u00f6ks\u00e9g\u00e9re vonatkoz\u00f3, hiteles r\u00e9g\u00e9szeti, n\u00e9prajzi, kult\u00fart\u00f6rt\u00e9neti \u00e9s biogr\u00e1fiai adatok alapj\u00e1n egy interdiszciplin\u00e1ris adatb\u00e1zist. \u00c1ltal\u00e1nos c\u00e9l a t\u00e9rs\u00e9g kultur\u00e1lis \u00f6r\u00f6ks\u00e9g\u00e9re vonatkoz\u00f3 szakmai adatok b\u0151v\u00edt\u00e9se, el\u00e9rhet\u0151s\u00e9g\u00fck \u00e9s l\u00e1togatotts\u00e1guk jav\u00edt\u00e1sa. A telep\u00fcl\u00e9sek kultur\u00e1lis \u00f6r\u00f6ks\u00e9g\u00e9r\u0151l egys\u00e9ges m\u00f3dszertan alapj\u00e1n kialak\u00edtott adatb\u00e1zis \u00e1ltal lehet\u0151v\u00e9 v\u00e1lik a kistelep\u00fcl\u00e9sek prom\u00f3ci\u00f3ja, turisztikai k\u00edn\u00e1lat\u00e1t b\u0151v\u00edt\u00e9se \u00e9s \u00faj turisztikai tartalmak l\u00e9trehoz\u00e1sa. A projektterm\u00e9k egy h\u00e1romnyelv\u0171 web-port\u00e1l lesz, szakmai adatb\u00e1zisra \u00e9p\u00fcl\u0151 interakt\u00edv t\u00e9rk\u00e9ppel, amely az adatokat k\u00f6z\u00e9rthet\u0151 m\u00f3don bocs\u00e1tja k\u00f6zhaszn\u00e1latra. A mobil alkalmaz\u00e1s \u00e1ltal is el\u00e9rhet\u0151 port\u00e1lt turisztikai szolg\u00e1ltat\u00f3k, helyi k\u00f6z\u00f6ss\u00e9gek, iskol\u00e1sok, pedag\u00f3gusok, idegenvezet\u0151k \u00e9s m\u00e1sok hasznos\u00edthatj\u00e1k. A projekt f\u0151 term\u00e9ke a k\u00f6z\u00f6s, fenntarthat\u00f3, nyilv\u00e1nos hozz\u00e1f\u00e9rhet\u0151 adatb\u00e1zis \u00e9s a k\u00f6z\u00f6s inform\u00e1ci\u00f3s iroda lesz. Kulcsfontoss\u00e1g\u00fa a komplex \u00f6r\u00f6ks\u00e9g v\u00e9delm\u00e9re \u00e9s \u00e9rtelmez\u00e9s\u00e9re szakosodott m\u00fazeumok \u00e9s lev\u00e9lt\u00e1rak, valamint az adatokat a turisztikai k\u00edn\u00e1latba be\u00e9p\u00edt\u0151 turisztikai szervezetek partners\u00e9ge. L\u00e9nyeges a projekt hat\u00e1ron \u00e1tny\u00fal\u00f3 jellege, hogy a hat\u00e1ron \u00e1tny\u00fal\u00f3 t\u00e9rs\u00e9g int\u00e9zm\u00e9nyeit, \u00faj \u00e9s fel\u00fclvizsg\u00e1lt adatait \u00f6sszef\u00fcgg\u0151 turisztikai k\u00edn\u00e1latba foglalja \u00f6ssze. Az innovat\u00edv jelleg \u00fagy val\u00f3sul meg, hogy a lev\u00e9lt\u00e1rakban \u00e9s m\u00fazeumokban elk\u00e9sz\u00fcl a t\u00e9rs\u00e9g telep\u00fcl\u00e9seire vonatkoz\u00f3, kultur\u00e1lis-t\u00f6rt\u00e9nelmi adatok \u00e1tfog\u00f3 adatb\u00e1zisa, amely lehet\u0151v\u00e9 teszi ennek a k\u00fcl\u00f6nb\u00f6z\u0151 c\u00e9lokra t\u00f6rt\u00e9n\u0151 tart\u00f3s felhaszn\u00e1l\u00e1s\u00e1t.&nbsp;<\/p>\n<p><img loading=\"lazy\" class=\"aligncenter size-portfolio wp-image-3766\" src=\"http:\/\/www.si-hu.eu\/hu2\/wp-content\/uploads\/sites\/10\/2018\/12\/kolaz-495x400.jpg\" alt=\"\" width=\"495\" height=\"400\" srcset=\"http:\/\/www.si-hu.eu\/hu2\/wp-content\/uploads\/sites\/10\/2018\/12\/kolaz-495x400.jpg 495w, http:\/\/www.si-hu.eu\/hu2\/wp-content\/uploads\/sites\/10\/2018\/12\/kolaz-845x684.jpg 845w\" sizes=\"(max-width: 495px) 100vw, 495px\" \/><\/p>\n<\/div><\/section><\/div>\n\n<style type=\"text\/css\" data-created_by=\"avia_inline_auto\" id=\"style-css-av-av_one_third-0aa7055fe62c3622faec82866afbaeb2\">\n.flex_column.av-av_one_third-0aa7055fe62c3622faec82866afbaeb2{\nborder-radius:0px 0px 0px 0px;\n-webkit-border-radius:0px 0px 0px 0px;\n-moz-border-radius:0px 0px 0px 0px;\n}\n<\/style>\n<div class='flex_column av-av_one_third-0aa7055fe62c3622faec82866afbaeb2 av_one_third  avia-builder-el-8  el_after_av_two_third  el_before_av_one_full  flex_column_div av-zero-column-padding column-top-margin'   ><p>\n<style type=\"text\/css\" data-created_by=\"avia_inline_auto\" id=\"style-css-av-av_iconlist-b06021e845c44cd35373f25493d26102\">\n#top .avia-icon-list-container.av-av_iconlist-b06021e845c44cd35373f25493d26102 .iconlist_icon{\ncolor:#83a846;\nfont-size:17px;\n}\n#top #wrap_all .avia-icon-list-container.av-av_iconlist-b06021e845c44cd35373f25493d26102 .av_iconlist_title{\nfont-size:17px;\ncolor:#83a846;\n}\n.avia-icon-list-container.av-av_iconlist-b06021e845c44cd35373f25493d26102 .iconlist_content{\nfont-size:13px;\ncolor:#000000;\n}\n<\/style>\n<div  class='avia-icon-list-container av-av_iconlist-b06021e845c44cd35373f25493d26102  avia-builder-el-9  el_before_av_font_icon  avia-builder-el-first '><ul class='avia-icon-list avia_animate_when_almost_visible avia-icon-list-left av-iconlist-small av-av_iconlist-b06021e845c44cd35373f25493d26102 avia-iconlist-animate'>\n<li><div class='iconlist_icon av-av_iconlist_item-af490042fe7959698033a53145fb3ff3 avia-font-entypo-fontello'><span class='iconlist-char' aria-hidden='true' data-av_icon='\ue82a' data-av_iconfont='entypo-fontello'><\/span><\/div><article class=\"article-icon-entry \"  itemscope=\"itemscope\" itemtype=\"https:\/\/schema.org\/CreativeWork\" ><div class=\"iconlist_content_wrap\"><header class=\"entry-content-header\"><div class='av_iconlist_title iconlist_title_small  av_inherit_color'  itemprop=\"headline\" >2. PRIORIT\u00c1SI TENGELY<\/div><\/header><div class='iconlist_content av_inherit_color'  itemprop=\"text\" ><p><em>Beruh\u00e1z\u00e1si priorit\u00e1s 11b<\/em><\/p>\n<p>SC 2: <label id=\"mainForm:a1_dd_specObjective_label\" class=\"ui-selectonemenu-label ui-inputfield ui-corner-all\">Az egy\u00fcttm\u0171k\u00f6d\u00e9sre val\u00f3 k\u00e9pess\u00e9g (kapacit\u00e1s) n\u00f6vel\u00e9se a hat\u00e1ron \u00e1tny\u00fal\u00f3 kapcsolatok magasabb sz\u00ednvonala \u00e9rdek\u00e9ben<\/label><\/p>\n<div class=\"ui-selectonemenu-trigger ui-state-default ui-corner-right\">&nbsp;<\/div>\n<\/div><\/div><footer class=\"entry-footer\"><\/footer><\/article><div class=\"iconlist-timeline\"><\/div><\/li>\n<li><div class='iconlist_icon av-av_iconlist_item-de613b754114e4268a96f55011664a6f avia-font-entypo-fontello'><span class='iconlist-char' aria-hidden='true' data-av_icon='\ue85b' data-av_iconfont='entypo-fontello'><\/span><\/div><article class=\"article-icon-entry \"  itemscope=\"itemscope\" itemtype=\"https:\/\/schema.org\/CreativeWork\" ><div class=\"iconlist_content_wrap\"><header class=\"entry-content-header\"><div class='av_iconlist_title iconlist_title_small  av_inherit_color'  itemprop=\"headline\" >PROJEKT-FUTAMID\u0150<\/div><\/header><div class='iconlist_content av_inherit_color'  itemprop=\"text\" ><p>2017.11.01 &#8211; 2020.07.31.<\/p>\n<\/div><\/div><footer class=\"entry-footer\"><\/footer><\/article><div class=\"iconlist-timeline\"><\/div><\/li>\n<li><div class='iconlist_icon av-av_iconlist_item-305a864ab62252c4924fc3c9e7a1d664 avia-font-entypo-fontello'><span class='iconlist-char' aria-hidden='true' data-av_icon='\ue8d3' data-av_iconfont='entypo-fontello'><\/span><\/div><article class=\"article-icon-entry \"  itemscope=\"itemscope\" itemtype=\"https:\/\/schema.org\/CreativeWork\" ><div class=\"iconlist_content_wrap\"><header class=\"entry-content-header\"><div class='av_iconlist_title iconlist_title_small  av_inherit_color'  itemprop=\"headline\" >ERFA FORR\u00c1S \u00d6SSZEGE<\/div><\/header><div class='iconlist_content av_inherit_color'  itemprop=\"text\" ><p>349.745,84 EUR<\/p>\n<\/div><\/div><footer class=\"entry-footer\"><\/footer><\/article><div class=\"iconlist-timeline\"><\/div><\/li>\n<li><div class='iconlist_icon av-av_iconlist_item-3311fb92d373543c9076f9428d600b11 avia-font-entypo-fontello'><span class='iconlist-char' aria-hidden='true' data-av_icon='\ue80b' data-av_iconfont='entypo-fontello'><\/span><\/div><article class=\"article-icon-entry \"  itemscope=\"itemscope\" itemtype=\"https:\/\/schema.org\/CreativeWork\" ><div class=\"iconlist_content_wrap\"><header class=\"entry-content-header\"><div class='av_iconlist_title iconlist_title_small  av_inherit_color'  itemprop=\"headline\" >PROJEKTPARTNEREK<\/div><\/header><div class='iconlist_content av_inherit_color'  itemprop=\"text\" ><ul>\n<li>Pomurski muzej Murska Sobota (Vezet\u0151 Partner)<\/li>\n<li>Pokrajinski arhiv Maribor<\/li>\n<li>Zavod za turizem in kulturo Beltinci<\/li>\n<li>Savaria Megyei Hat\u00f3k\u00f6r\u0171 V\u00e1rosi M\u00fazeum<\/li>\n<li>Magyar Nemzeti Lev\u00e9lt\u00e1r<\/li>\n<\/ul>\n<\/div><\/div><footer class=\"entry-footer\"><\/footer><\/article><div class=\"iconlist-timeline\"><\/div><\/li>\n<\/ul><\/div><br \/>\n\n<style type=\"text\/css\" data-created_by=\"avia_inline_auto\" id=\"style-css-av-av_font_icon-f42242357830492f59dcbd45fd661640\">\n.av_font_icon.av-av_font_icon-f42242357830492f59dcbd45fd661640{\ncolor:#b02b2c;\nborder-color:#b02b2c;\n}\n.av_font_icon.av-av_font_icon-f42242357830492f59dcbd45fd661640 .av-icon-char{\nfont-size:25px;\nline-height:25px;\nwidth:25px;\n}\n<\/style>\n<span  class='av_font_icon av-av_font_icon-f42242357830492f59dcbd45fd661640 avia_animate_when_visible av-icon-style-border avia-icon-pos-left avia-icon-animate'><a href='http:\/\/www.pomurski-muzej.si\/muzej\/projekti\/e-documenta-pannonica' target=\"_blank\" rel=\"noopener noreferrer\" class='av-icon-char' aria-hidden='true' data-av_icon='\ue821' data-av_iconfont='entypo-fontello'><\/a><\/span><br \/>\n\n<style type=\"text\/css\" data-created_by=\"avia_inline_auto\" id=\"style-css-av-av_font_icon-448d0aa9f92f693c0651f9793cfeab08\">\n.av_font_icon.av-av_font_icon-448d0aa9f92f693c0651f9793cfeab08{\ncolor:#1b7ee8;\nborder-color:#1b7ee8;\n}\n.av_font_icon.av-av_font_icon-448d0aa9f92f693c0651f9793cfeab08 .av-icon-char{\nfont-size:25px;\nline-height:25px;\nwidth:25px;\n}\n<\/style>\n<span  class='av_font_icon av-av_font_icon-448d0aa9f92f693c0651f9793cfeab08 avia_animate_when_visible av-icon-style-border avia-icon-pos-left avia-icon-animate'><a href='https:\/\/www.facebook.com\/Pomurski.Muzej\/' target=\"_blank\" rel=\"noopener noreferrer\" class='av-icon-char' aria-hidden='true' data-av_icon='\ue8f5' data-av_iconfont='entypo-fontello'><\/a><\/span><\/p><\/div>\n<style type=\"text\/css\" data-created_by=\"avia_inline_auto\" id=\"style-css-av-av_one_full-6126cab7d8fab8d08143dd2dacdf673c\">\n.flex_column.av-av_one_full-6126cab7d8fab8d08143dd2dacdf673c{\nborder-radius:0px 0px 0px 0px;\n-webkit-border-radius:0px 0px 0px 0px;\n-moz-border-radius:0px 0px 0px 0px;\n}\n<\/style>\n<div class='flex_column av-av_one_full-6126cab7d8fab8d08143dd2dacdf673c av_one_full  avia-builder-el-12  el_after_av_one_third  avia-builder-el-last  first flex_column_div av-zero-column-padding column-top-margin'   ><div  class='av-social-sharing-box av-av_social_share-981f7761336080d54c04d7ac30ef78f7 av-social-sharing-box-default  avia-builder-el-13  avia-builder-el-no-sibling  av-social-sharing-box-fullwidth'><div class=\"av-share-box\"><h5 class='av-share-link-description av-no-toc '>Share this entry<\/h5><ul class=\"av-share-box-list noLightbox\"><li class='av-share-link av-social-link-facebook' ><a target=\"_blank\" aria-label=\"Share on Facebook\" href='https:\/\/www.facebook.com\/sharer.php?u=http:\/\/www.si-hu.eu\/hu2\/e-documenta-pannonica\/&#038;t=e-documenta%20Pannonica' aria-hidden='false' data-av_icon='\ue8f3' data-av_iconfont='entypo-fontello' title='' data-avia-related-tooltip='Share on Facebook' rel=\"noopener\"><span class='avia_hidden_link_text'>Share on Facebook<\/span><\/a><\/li><li class='av-share-link av-social-link-twitter' ><a target=\"_blank\" aria-label=\"Share on Twitter\" href='https:\/\/twitter.com\/share?text=e-documenta%20Pannonica&#038;url=http:\/\/www.si-hu.eu\/hu2\/?p=3672' aria-hidden='false' data-av_icon='\ue8f1' data-av_iconfont='entypo-fontello' title='' data-avia-related-tooltip='Share on Twitter' rel=\"noopener\"><span class='avia_hidden_link_text'>Share on Twitter<\/span><\/a><\/li><li class='av-share-link av-social-link-pinterest' ><a target=\"_blank\" aria-label=\"Share on Pinterest\" href='https:\/\/pinterest.com\/pin\/create\/button\/?url=http%3A%2F%2Fwww.si-hu.eu%2Fhu2%2Fe-documenta-pannonica%2F&#038;description=e-documenta%20Pannonica&#038;media=' aria-hidden='false' data-av_icon='\ue8f8' data-av_iconfont='entypo-fontello' title='' data-avia-related-tooltip='Share on Pinterest' rel=\"noopener\"><span class='avia_hidden_link_text'>Share on Pinterest<\/span><\/a><\/li><li class='av-share-link av-social-link-linkedin' ><a target=\"_blank\" aria-label=\"Share on LinkedIn\" href='https:\/\/linkedin.com\/shareArticle?mini=true&#038;title=e-documenta%20Pannonica&#038;url=http:\/\/www.si-hu.eu\/hu2\/e-documenta-pannonica\/' aria-hidden='false' data-av_icon='\ue8fc' data-av_iconfont='entypo-fontello' title='' data-avia-related-tooltip='Share on LinkedIn' rel=\"noopener\"><span class='avia_hidden_link_text'>Share on LinkedIn<\/span><\/a><\/li><li class='av-share-link av-social-link-tumblr' ><a target=\"_blank\" aria-label=\"Share on Tumblr\" href='https:\/\/www.tumblr.com\/share\/link?url=http%3A%2F%2Fwww.si-hu.eu%2Fhu2%2Fe-documenta-pannonica%2F&#038;name=e-documenta%20Pannonica&#038;description=' aria-hidden='false' data-av_icon='\ue8fa' data-av_iconfont='entypo-fontello' title='' data-avia-related-tooltip='Share on Tumblr' rel=\"noopener\"><span class='avia_hidden_link_text'>Share on Tumblr<\/span><\/a><\/li><li class='av-share-link av-social-link-vk' ><a target=\"_blank\" aria-label=\"Share on Vk\" href='https:\/\/vk.com\/share.php?url=http:\/\/www.si-hu.eu\/hu2\/e-documenta-pannonica\/' aria-hidden='false' data-av_icon='\ue926' data-av_iconfont='entypo-fontello' title='' data-avia-related-tooltip='Share on Vk' rel=\"noopener\"><span class='avia_hidden_link_text'>Share on Vk<\/span><\/a><\/li><li class='av-share-link av-social-link-reddit' ><a target=\"_blank\" aria-label=\"Share on Reddit\" href='https:\/\/reddit.com\/submit?url=http:\/\/www.si-hu.eu\/hu2\/e-documenta-pannonica\/&#038;title=e-documenta%20Pannonica' aria-hidden='false' data-av_icon='\ue927' data-av_iconfont='entypo-fontello' title='' data-avia-related-tooltip='Share on Reddit' rel=\"noopener\"><span class='avia_hidden_link_text'>Share on Reddit<\/span><\/a><\/li><li class='av-share-link av-social-link-mail' ><a  aria-label=\"Share by Mail\" href='mailto:?subject=e-documenta%20Pannonica&#038;body=http:\/\/www.si-hu.eu\/hu2\/e-documenta-pannonica\/' aria-hidden='false' data-av_icon='\ue805' data-av_iconfont='entypo-fontello' title='' data-avia-related-tooltip='Share by Mail'><span class='avia_hidden_link_text'>Share by Mail<\/span><\/a><\/li><\/ul><\/div><\/div><\/div><\/p>\n","protected":false},"excerpt":{"rendered":"","protected":false},"author":80,"featured_media":0,"parent":0,"menu_order":0,"comment_status":"closed","ping_status":"closed","template":"","meta":{"ngg_post_thumbnail":0},"acf":[],"_links":{"self":[{"href":"http:\/\/www.si-hu.eu\/hu2\/wp-json\/wp\/v2\/pages\/3672"}],"collection":[{"href":"http:\/\/www.si-hu.eu\/hu2\/wp-json\/wp\/v2\/pages"}],"about":[{"href":"http:\/\/www.si-hu.eu\/hu2\/wp-json\/wp\/v2\/types\/page"}],"author":[{"embeddable":true,"href":"http:\/\/www.si-hu.eu\/hu2\/wp-json\/wp\/v2\/users\/80"}],"replies":[{"embeddable":true,"href":"http:\/\/www.si-hu.eu\/hu2\/wp-json\/wp\/v2\/comments?post=3672"}],"version-history":[{"count":7,"href":"http:\/\/www.si-hu.eu\/hu2\/wp-json\/wp\/v2\/pages\/3672\/revisions"}],"predecessor-version":[{"id":5490,"href":"http:\/\/www.si-hu.eu\/hu2\/wp-json\/wp\/v2\/pages\/3672\/revisions\/5490"}],"wp:attachment":[{"href":"http:\/\/www.si-hu.eu\/hu2\/wp-json\/wp\/v2\/media?parent=3672"}],"curies":[{"name":"wp","href":"https:\/\/api.w.org\/{rel}","templated":true}]}}