{"id":4082,"date":"2019-05-16T06:38:58","date_gmt":"2019-05-16T05:38:58","guid":{"rendered":"http:\/\/www.si-hu.eu\/hu2\/?page_id=4082"},"modified":"2019-05-16T06:52:15","modified_gmt":"2019-05-16T05:52:15","slug":"workshop-a-palyazoknak-es-a-jelentestetelrol-2-2","status":"publish","type":"page","link":"http:\/\/www.si-hu.eu\/hu2\/workshop-a-palyazoknak-es-a-jelentestetelrol-2-2\/","title":{"rendered":"WORKSHOP A P\u00c1LY\u00c1Z\u00d3KNAK"},"content":{"rendered":"<div id='layer_slider_1'  class='avia-layerslider main_color avia-shadow  avia-builder-el-0  el_before_av_heading  avia-builder-el-first  container_wrap sidebar_right'  style='height: 471px;'  ><div id=\"layerslider_3_ktmwnp0im0mi\" class=\"ls-wp-container fitvidsignore\" style=\"width:100%;height:470px;margin:0 auto;margin-bottom: 0px;\"><div class=\"ls-slide\" data-ls=\"duration:7000;transition2d:11,13,23;transition3d:all;\"><img width=\"1900\" height=\"600\" src=\"http:\/\/www.si-hu.eu\/hu2\/wp-content\/uploads\/sites\/10\/2015\/10\/slide-intereg-hu.jpg\" class=\"ls-bg\" alt=\"\" srcset=\"http:\/\/www.si-hu.eu\/hu2\/wp-content\/uploads\/sites\/10\/2015\/10\/slide-intereg-hu.jpg 1900w, http:\/\/www.si-hu.eu\/hu2\/wp-content\/uploads\/sites\/10\/2015\/10\/slide-intereg-hu-300x95.jpg 300w, http:\/\/www.si-hu.eu\/hu2\/wp-content\/uploads\/sites\/10\/2015\/10\/slide-intereg-hu-1030x325.jpg 1030w, http:\/\/www.si-hu.eu\/hu2\/wp-content\/uploads\/sites\/10\/2015\/10\/slide-intereg-hu-600x189.jpg 600w, http:\/\/www.si-hu.eu\/hu2\/wp-content\/uploads\/sites\/10\/2015\/10\/slide-intereg-hu-1500x474.jpg 1500w, http:\/\/www.si-hu.eu\/hu2\/wp-content\/uploads\/sites\/10\/2015\/10\/slide-intereg-hu-705x223.jpg 705w, http:\/\/www.si-hu.eu\/hu2\/wp-content\/uploads\/sites\/10\/2015\/10\/slide-intereg-hu-450x142.jpg 450w\" sizes=\"(max-width: 1900px) 100vw, 1900px\" \/><h2 style=\"padding-top:10px;padding-right:10px;padding-bottom:10px;padding-left:10px;color:#ffffff;background:#436f4d;border-radius:15px;top:140px;left:120px;\" class=\"ls-l ls-text-layer\" data-ls=\"offsetxin:80;offsetxout:-80;durationout:400;parallaxlevel:0;\">Interreg V-A Szlov&eacute;nia-Magyarorsz&aacute;g Egy&uuml;ttm&#369;k&ouml;d&eacute;si Program<\/h2><\/div><div class=\"ls-slide\" data-ls=\"duration:8000;\"><img width=\"1900\" height=\"600\" src=\"http:\/\/www.si-hu.eu\/hu2\/wp-content\/uploads\/sites\/10\/2015\/10\/slide-intereg-hu_02.jpg\" class=\"ls-bg\" alt=\"\" srcset=\"http:\/\/www.si-hu.eu\/hu2\/wp-content\/uploads\/sites\/10\/2015\/10\/slide-intereg-hu_02.jpg 1900w, http:\/\/www.si-hu.eu\/hu2\/wp-content\/uploads\/sites\/10\/2015\/10\/slide-intereg-hu_02-300x95.jpg 300w, http:\/\/www.si-hu.eu\/hu2\/wp-content\/uploads\/sites\/10\/2015\/10\/slide-intereg-hu_02-1030x325.jpg 1030w, http:\/\/www.si-hu.eu\/hu2\/wp-content\/uploads\/sites\/10\/2015\/10\/slide-intereg-hu_02-600x189.jpg 600w, http:\/\/www.si-hu.eu\/hu2\/wp-content\/uploads\/sites\/10\/2015\/10\/slide-intereg-hu_02-1500x474.jpg 1500w, http:\/\/www.si-hu.eu\/hu2\/wp-content\/uploads\/sites\/10\/2015\/10\/slide-intereg-hu_02-705x223.jpg 705w, http:\/\/www.si-hu.eu\/hu2\/wp-content\/uploads\/sites\/10\/2015\/10\/slide-intereg-hu_02-450x142.jpg 450w\" sizes=\"(max-width: 1900px) 100vw, 1900px\" \/><h2 style=\"padding-top:10px;padding-right:10px;padding-bottom:10px;padding-left:10px;color:#ffffff;background:#436f4d;top:140px;left:120px;\" class=\"ls-l ls-text-layer\" data-ls=\"offsetxin:80;offsetxout:-80;durationout:400;parallaxlevel:0;\">Interreg V-A Szlov&eacute;nia-Magyarorsz&aacute;g Egy&uuml;ttm&#369;k&ouml;d&eacute;si Program<\/h2><\/div><\/div><\/div><div id='after_layer_slider_1'  class='main_color av_default_container_wrap container_wrap sidebar_right'  ><div class='container av-section-cont-open' ><div class='template-page content  av-content-small alpha units'><div class='post-entry post-entry-type-page post-entry-4082'><div class='entry-content-wrapper clearfix'>\n\n<style type=\"text\/css\" data-created_by=\"avia_inline_auto\" id=\"style-css-av-av_heading-cfc3ac96bc68ccab3dc90effc44437b3\">\n#top .av-special-heading.av-av_heading-cfc3ac96bc68ccab3dc90effc44437b3{\npadding-bottom:10px;\n}\nbody .av-special-heading.av-av_heading-cfc3ac96bc68ccab3dc90effc44437b3 .av-special-heading-tag .heading-char{\nfont-size:25px;\n}\n.av-special-heading.av-av_heading-cfc3ac96bc68ccab3dc90effc44437b3 .av-subheading{\nfont-size:15px;\n}\n<\/style>\n<div  class='av-special-heading av-av_heading-cfc3ac96bc68ccab3dc90effc44437b3 av-special-heading-h3  avia-builder-el-1  el_after_av_layerslider  el_before_av_one_third  avia-builder-el-first '><h3 class='av-special-heading-tag'  itemprop=\"headline\"  >WORKSHOP A P\u00c1LY\u00c1Z\u00d3KNAK <\/h3><div class=\"special-heading-border\"><div class=\"special-heading-inner-border\"><\/div><\/div><\/div>\n\n<style type=\"text\/css\" data-created_by=\"avia_inline_auto\" id=\"style-css-av-av_one_third-352b07ef7d3bc99b2e9f92e7a9e06bdb\">\n.flex_column.av-av_one_third-352b07ef7d3bc99b2e9f92e7a9e06bdb{\nborder-radius:0px 0px 0px 0px;\n-webkit-border-radius:0px 0px 0px 0px;\n-moz-border-radius:0px 0px 0px 0px;\n}\n<\/style>\n<div class='flex_column av-av_one_third-352b07ef7d3bc99b2e9f92e7a9e06bdb av_one_third  avia-builder-el-2  el_after_av_heading  el_before_av_two_third  first flex_column_div av-zero-column-padding '   ><section  class='av_textblock_section av-av_textblock-0366cc7376be6c9e82a3e9cc8987b64f'  itemscope=\"itemscope\" itemtype=\"https:\/\/schema.org\/CreativeWork\" ><div class='avia_textblock'  itemprop=\"text\" ><p><img loading=\"lazy\" class=\"aligncenter size-large wp-image-4083\" src=\"http:\/\/www.si-hu.eu\/hu2\/wp-content\/uploads\/sites\/10\/2019\/05\/collage-1030x1030.jpg\" alt=\"\" width=\"1030\" height=\"1030\" srcset=\"http:\/\/www.si-hu.eu\/hu2\/wp-content\/uploads\/sites\/10\/2019\/05\/collage-1030x1030.jpg 1030w, http:\/\/www.si-hu.eu\/hu2\/wp-content\/uploads\/sites\/10\/2019\/05\/collage-80x80.jpg 80w, http:\/\/www.si-hu.eu\/hu2\/wp-content\/uploads\/sites\/10\/2019\/05\/collage-300x300.jpg 300w, http:\/\/www.si-hu.eu\/hu2\/wp-content\/uploads\/sites\/10\/2019\/05\/collage-768x768.jpg 768w, http:\/\/www.si-hu.eu\/hu2\/wp-content\/uploads\/sites\/10\/2019\/05\/collage-600x600.jpg 600w, http:\/\/www.si-hu.eu\/hu2\/wp-content\/uploads\/sites\/10\/2019\/05\/collage-36x36.jpg 36w, http:\/\/www.si-hu.eu\/hu2\/wp-content\/uploads\/sites\/10\/2019\/05\/collage-180x180.jpg 180w, http:\/\/www.si-hu.eu\/hu2\/wp-content\/uploads\/sites\/10\/2019\/05\/collage-705x705.jpg 705w, http:\/\/www.si-hu.eu\/hu2\/wp-content\/uploads\/sites\/10\/2019\/05\/collage-120x120.jpg 120w, http:\/\/www.si-hu.eu\/hu2\/wp-content\/uploads\/sites\/10\/2019\/05\/collage-450x450.jpg 450w, http:\/\/www.si-hu.eu\/hu2\/wp-content\/uploads\/sites\/10\/2019\/05\/collage.jpg 1200w\" sizes=\"(max-width: 1030px) 100vw, 1030px\" \/><\/p>\n<p><a href=\"http:\/\/www.si-hu.eu\/hu2\/novice\/galerija-slik\/\" target=\"_blank\" rel=\"noopener noreferrer\">Fot\u00f3k a 2019. m\u00e1jus 14-\u00e9n, Mariborban tartott workshopr\u00f3l<\/a><\/p>\n<\/div><\/section><\/div>\n\n<style type=\"text\/css\" data-created_by=\"avia_inline_auto\" id=\"style-css-av-av_two_third-2a64de42b738552fe666ca889af77e28\">\n.flex_column.av-av_two_third-2a64de42b738552fe666ca889af77e28{\nborder-radius:0px 0px 0px 0px;\n-webkit-border-radius:0px 0px 0px 0px;\n-moz-border-radius:0px 0px 0px 0px;\n}\n<\/style>\n<div class='flex_column av-av_two_third-2a64de42b738552fe666ca889af77e28 av_two_third  avia-builder-el-4  el_after_av_one_third  el_before_av_one_third  flex_column_div av-zero-column-padding '   ><section  class='av_textblock_section av-av_textblock-0366cc7376be6c9e82a3e9cc8987b64f'  itemscope=\"itemscope\" itemtype=\"https:\/\/schema.org\/CreativeWork\" ><div class='avia_textblock'  itemprop=\"text\" ><p>Az Interreg V-A Szlov\u00e9nia-Magyarorsz\u00e1g Egy\u00fcttm\u0171k\u00f6d\u00e9si Program 2014-2020 Ny\u00edlt p\u00e1ly\u00e1zati felh\u00edv\u00e1s\u00e1nak keret\u00e9ben a 6. bead\u00e1si hat\u00e1rid\u0151 lehets\u00e9ges p\u00e1ly\u00e1z\u00f3i sz\u00e1m\u00e1ra 2019. m\u00e1jus 14-\u00e9n workshopra ker\u00fclt sor.<\/p>\n<p>A Szlov\u00e9ni\u00e1ban, Mariborban megtartott workshopon r\u00f6vid t\u00e1j\u00e9koztat\u00e1s hangzott el az Egy\u00fcttm\u0171k\u00f6d\u00e9si Programr\u00f3l \u00e9s a p\u00e1ly\u00e1zati k\u00f6vetelm\u00e9nyekr\u0151l. Ezt egy interakt\u00edv prezent\u00e1ci\u00f3 k\u00f6vette arr\u00f3l, mik\u00e9nt lehet a beavatkoz\u00e1si logika szempontj\u00e1b\u00f3l j\u00f3 min\u0151s\u00e9g\u0171 projekteket kidolgozni, \u00e9s mik voltak a kor\u00e1bbi p\u00e1ly\u00e1zatok leggyakoribb hib\u00e1i. A prezent\u00e1ci\u00f3 kiemelten kezelte a p\u00e1ly\u00e1zati projektek jobb f\u00f3kusz\u00e1lts\u00e1g\u00e1nak k\u00e9rd\u00e9s\u00e9t. A r\u00e9sztvev\u0151k betekint\u00e9st nyerhettek a Program inform\u00e1ci\u00f3s rendszer\u00e9be, az eMS-be t\u00f6rt\u00e9n\u0151 adatbevitel mik\u00e9ntj\u00e9be is.<\/p>\n<p>A workshop m\u00e1sodik r\u00e9sz\u00e9ben j\u00f3v\u00e1hagyott projektek vezet\u0151 partnerei osztott\u00e1k meg tapasztalataikat. K\u00f6tetlen besz\u00e9lget\u00e9s keret\u00e9ben hasznos inform\u00e1ci\u00f3k hangzottak el r\u00e9sz\u00fckr\u0151l azzal kapcsolatban, hogy mik\u00e9nt lett sikeres \u00e9s j\u00f3v\u00e1hagyott a p\u00e1ly\u00e1zatuk, \u00e9s mindenek felett arr\u00f3l, hogy hogyan kell egy projektet \u00fagy el\u0151k\u00e9sz\u00edteni, hogy a v\u00e9grehajt\u00e1s sor\u00e1n a probl\u00e9m\u00e1k elker\u00fclhet\u0151k legyenek. Az \u00e1ltaluk kor\u00e1bbi p\u00e1ly\u00e1zataik \u00edr\u00e1sa sor\u00e1n elk\u00f6vetett hib\u00e1kat is ismertett\u00e9k, \u00e9s kit\u00e9rtek arra, mikor kaptak professzion\u00e1lis seg\u00edts\u00e9get.<\/p>\n<p>Tekintettel annak k\u00f6zels\u00e9g\u00e9re, a r\u00e9sztvev\u0151k t\u00e1j\u00e9koztat\u00e1st kaptak az \u00faj p\u00e9nz\u00fcgyi id\u0151szakkal kapcsolatban jelenleg rendelkez\u00e9sre \u00e1ll\u00f3 inform\u00e1ci\u00f3kr\u00f3l is.<\/p>\n<p>A workshopon k\u00f6zel 50 f\u0151 vett r\u00e9szt. Legt\u00f6bbj\u00fck vezet\u0151 partnerk\u00e9nt vagy partnerk\u00e9nt dolgozik m\u00e1r projektben, de voltak a jelenl\u00e9v\u0151k k\u00f6z\u00f6tt olyanok is, akik most el\u0151sz\u00f6r vettek r\u00e9szt ilyen workshopon.<\/p>\n<\/div><\/section><\/div>\n\n<style type=\"text\/css\" data-created_by=\"avia_inline_auto\" id=\"style-css-av-av_one_third-352b07ef7d3bc99b2e9f92e7a9e06bdb\">\n.flex_column.av-av_one_third-352b07ef7d3bc99b2e9f92e7a9e06bdb{\nborder-radius:0px 0px 0px 0px;\n-webkit-border-radius:0px 0px 0px 0px;\n-moz-border-radius:0px 0px 0px 0px;\n}\n<\/style>\n<div class='flex_column av-av_one_third-352b07ef7d3bc99b2e9f92e7a9e06bdb av_one_third  avia-builder-el-6  el_after_av_two_third  el_before_av_one_third  first flex_column_div av-zero-column-padding column-top-margin'   ><\/div>\n\n<style type=\"text\/css\" data-created_by=\"avia_inline_auto\" id=\"style-css-av-av_one_third-2a64de42b738552fe666ca889af77e28\">\n.flex_column.av-av_one_third-2a64de42b738552fe666ca889af77e28{\nborder-radius:0px 0px 0px 0px;\n-webkit-border-radius:0px 0px 0px 0px;\n-moz-border-radius:0px 0px 0px 0px;\n}\n<\/style>\n<div class='flex_column av-av_one_third-2a64de42b738552fe666ca889af77e28 av_one_third  avia-builder-el-7  el_after_av_one_third  el_before_av_one_third  flex_column_div av-zero-column-padding column-top-margin'   ><section  class='av_textblock_section av-av_textblock-0366cc7376be6c9e82a3e9cc8987b64f'  itemscope=\"itemscope\" itemtype=\"https:\/\/schema.org\/CreativeWork\" ><div class='avia_textblock'  itemprop=\"text\" ><p><strong>Megh\u00edv\u00f3<\/strong><\/p>\n<ul>\n<li><a href=\"http:\/\/www.si-hu.eu\/hu2\/wp-content\/uploads\/sites\/10\/2019\/05\/VABILO_MEGHIVO_delavnica_14-maj-2019-SIHU.pdf\">VABILO_MEGHIVO_2019. m\u00e1jus 14-\u00e9n<\/a><\/li>\n<\/ul>\n<\/div><\/section><\/div>\n<style type=\"text\/css\" data-created_by=\"avia_inline_auto\" id=\"style-css-av-av_one_third-2a64de42b738552fe666ca889af77e28\">\n.flex_column.av-av_one_third-2a64de42b738552fe666ca889af77e28{\nborder-radius:0px 0px 0px 0px;\n-webkit-border-radius:0px 0px 0px 0px;\n-moz-border-radius:0px 0px 0px 0px;\n}\n<\/style>\n<div class='flex_column av-av_one_third-2a64de42b738552fe666ca889af77e28 av_one_third  avia-builder-el-9  el_after_av_one_third  avia-builder-el-last  flex_column_div av-zero-column-padding column-top-margin'   ><section  class='av_textblock_section av-av_textblock-0366cc7376be6c9e82a3e9cc8987b64f'  itemscope=\"itemscope\" itemtype=\"https:\/\/schema.org\/CreativeWork\" ><div class='avia_textblock'  itemprop=\"text\" ><p><strong>El\u0151ad\u00e1sok a m\u0171helyb\u0151l<\/strong><\/p>\n<ul>\n<li><a href=\"http:\/\/www.si-hu.eu\/hu2\/wp-content\/uploads\/sites\/10\/2019\/05\/CP-Interreg-V-A-SI-HU.pdf\">Program bemutatok Interreg V-A SI-HU<\/a><\/li>\n<li><a href=\"http:\/\/www.si-hu.eu\/hu2\/wp-content\/uploads\/sites\/10\/2019\/05\/How-to-create-high-quality-PA2-applications-Maribor-EN.pdf\">How to create high quality PA2 applications <\/a><\/li>\n<li><a href=\"http:\/\/www.si-hu.eu\/hu2\/wp-content\/uploads\/sites\/10\/2019\/05\/Post-2020-Future.pdf\">Post 2020 Future<\/a><\/li>\n<\/ul>\n<\/div><\/section><\/div><\/p>\n","protected":false},"excerpt":{"rendered":"","protected":false},"author":7,"featured_media":4083,"parent":0,"menu_order":0,"comment_status":"closed","ping_status":"closed","template":"","meta":{"ngg_post_thumbnail":0},"acf":[],"_links":{"self":[{"href":"http:\/\/www.si-hu.eu\/hu2\/wp-json\/wp\/v2\/pages\/4082"}],"collection":[{"href":"http:\/\/www.si-hu.eu\/hu2\/wp-json\/wp\/v2\/pages"}],"about":[{"href":"http:\/\/www.si-hu.eu\/hu2\/wp-json\/wp\/v2\/types\/page"}],"author":[{"embeddable":true,"href":"http:\/\/www.si-hu.eu\/hu2\/wp-json\/wp\/v2\/users\/7"}],"replies":[{"embeddable":true,"href":"http:\/\/www.si-hu.eu\/hu2\/wp-json\/wp\/v2\/comments?post=4082"}],"version-history":[{"count":6,"href":"http:\/\/www.si-hu.eu\/hu2\/wp-json\/wp\/v2\/pages\/4082\/revisions"}],"predecessor-version":[{"id":4098,"href":"http:\/\/www.si-hu.eu\/hu2\/wp-json\/wp\/v2\/pages\/4082\/revisions\/4098"}],"wp:featuredmedia":[{"embeddable":true,"href":"http:\/\/www.si-hu.eu\/hu2\/wp-json\/wp\/v2\/media\/4083"}],"wp:attachment":[{"href":"http:\/\/www.si-hu.eu\/hu2\/wp-json\/wp\/v2\/media?parent=4082"}],"curies":[{"name":"wp","href":"https:\/\/api.w.org\/{rel}","templated":true}]}}