{"id":4123,"date":"2019-05-22T09:21:10","date_gmt":"2019-05-22T08:21:10","guid":{"rendered":"http:\/\/www.si-hu.eu\/hu2\/?page_id=4123"},"modified":"2021-11-09T12:05:15","modified_gmt":"2021-11-09T11:05:15","slug":"folk-music-heritage","status":"publish","type":"page","link":"http:\/\/www.si-hu.eu\/hu2\/folk-music-heritage\/","title":{"rendered":"Folk Music Heritage"},"content":{"rendered":"\n<style type=\"text\/css\" data-created_by=\"avia_inline_auto\" id=\"style-css-av-av_two_third-6126cab7d8fab8d08143dd2dacdf673c\">\n.flex_column.av-av_two_third-6126cab7d8fab8d08143dd2dacdf673c{\nborder-radius:0px 0px 0px 0px;\n-webkit-border-radius:0px 0px 0px 0px;\n-moz-border-radius:0px 0px 0px 0px;\n}\n<\/style>\n<div class='flex_column av-av_two_third-6126cab7d8fab8d08143dd2dacdf673c av_two_third  avia-builder-el-0  el_before_av_one_third  avia-builder-el-first  first flex_column_div av-zero-column-padding '   ><section  class='av_textblock_section av-av_textblock-0366cc7376be6c9e82a3e9cc8987b64f'  itemscope=\"itemscope\" itemtype=\"https:\/\/schema.org\/CreativeWork\" ><div class='avia_textblock'  itemprop=\"text\" ><h1>Folk Music Heritage<\/h1>\n<h5>K\u00f6z\u00f6s n\u00e9pzenei \u00f6r\u00f6ks\u00e9g\u00fcnk felt\u00e1r\u00e1sa, feldolgoz\u00e1sa \u00e9s elterjeszt\u00e9se<\/h5>\n<\/div><\/section><\/div>\n\n<style type=\"text\/css\" data-created_by=\"avia_inline_auto\" id=\"style-css-av-av_one_third-0aa7055fe62c3622faec82866afbaeb2\">\n.flex_column.av-av_one_third-0aa7055fe62c3622faec82866afbaeb2{\nborder-radius:0px 0px 0px 0px;\n-webkit-border-radius:0px 0px 0px 0px;\n-moz-border-radius:0px 0px 0px 0px;\n}\n<\/style>\n<div class='flex_column av-av_one_third-0aa7055fe62c3622faec82866afbaeb2 av_one_third  avia-builder-el-2  el_after_av_two_third  el_before_av_one_full  flex_column_div av-zero-column-padding '   ><style type=\"text\/css\" data-created_by=\"avia_inline_auto\" id=\"style-css-av-av_image-4071f9c6adf84bcc449e97e502175b5c\">\n.avia-image-container.av-av_image-4071f9c6adf84bcc449e97e502175b5c .av-image-caption-overlay-center{\ncolor:#ffffff;\n}\n<\/style>\n<div  class='avia-image-container av-av_image-4071f9c6adf84bcc449e97e502175b5c av-styling- avia-align-center  avia-builder-el-3  avia-builder-el-no-sibling '  itemprop=\"image\" itemscope=\"itemscope\" itemtype=\"https:\/\/schema.org\/ImageObject\" ><div class=\"avia-image-container-inner\"><div class=\"avia-image-overlay-wrap\"><img class='wp-image-3665 avia-img-lazy-loading-not-3665 avia_image' src=\"http:\/\/www.si-hu.eu\/hu2\/wp-content\/uploads\/sites\/10\/2018\/11\/interreg_icon_public_neg_RGB-80x80.jpg\" alt='' title=''  height=\"80\" width=\"80\"  itemprop=\"thumbnailUrl\" srcset=\"http:\/\/www.si-hu.eu\/hu2\/wp-content\/uploads\/sites\/10\/2018\/11\/interreg_icon_public_neg_RGB-80x80.jpg 80w, http:\/\/www.si-hu.eu\/hu2\/wp-content\/uploads\/sites\/10\/2018\/11\/interreg_icon_public_neg_RGB-300x300.jpg 300w, http:\/\/www.si-hu.eu\/hu2\/wp-content\/uploads\/sites\/10\/2018\/11\/interreg_icon_public_neg_RGB-768x768.jpg 768w, http:\/\/www.si-hu.eu\/hu2\/wp-content\/uploads\/sites\/10\/2018\/11\/interreg_icon_public_neg_RGB-1030x1030.jpg 1030w, http:\/\/www.si-hu.eu\/hu2\/wp-content\/uploads\/sites\/10\/2018\/11\/interreg_icon_public_neg_RGB-600x600.jpg 600w, http:\/\/www.si-hu.eu\/hu2\/wp-content\/uploads\/sites\/10\/2018\/11\/interreg_icon_public_neg_RGB-36x36.jpg 36w, http:\/\/www.si-hu.eu\/hu2\/wp-content\/uploads\/sites\/10\/2018\/11\/interreg_icon_public_neg_RGB-180x180.jpg 180w, http:\/\/www.si-hu.eu\/hu2\/wp-content\/uploads\/sites\/10\/2018\/11\/interreg_icon_public_neg_RGB-1500x1500.jpg 1500w, http:\/\/www.si-hu.eu\/hu2\/wp-content\/uploads\/sites\/10\/2018\/11\/interreg_icon_public_neg_RGB-705x705.jpg 705w, http:\/\/www.si-hu.eu\/hu2\/wp-content\/uploads\/sites\/10\/2018\/11\/interreg_icon_public_neg_RGB-120x120.jpg 120w, http:\/\/www.si-hu.eu\/hu2\/wp-content\/uploads\/sites\/10\/2018\/11\/interreg_icon_public_neg_RGB-450x450.jpg 450w\" sizes=\"(max-width: 80px) 100vw, 80px\" \/><\/div><\/div><\/div><\/div>\n\n<style type=\"text\/css\" data-created_by=\"avia_inline_auto\" id=\"style-css-av-av_one_full-6126cab7d8fab8d08143dd2dacdf673c\">\n.flex_column.av-av_one_full-6126cab7d8fab8d08143dd2dacdf673c{\nborder-radius:0px 0px 0px 0px;\n-webkit-border-radius:0px 0px 0px 0px;\n-moz-border-radius:0px 0px 0px 0px;\n}\n<\/style>\n<div class='flex_column av-av_one_full-6126cab7d8fab8d08143dd2dacdf673c av_one_full  avia-builder-el-4  el_after_av_one_third  el_before_av_two_third  first flex_column_div av-zero-column-padding column-top-margin'   ><div  class='hr av-av_hr-dcd2069817a0e3d34ae04cad8f3443c7 hr-default  avia-builder-el-5  avia-builder-el-no-sibling '><span class='hr-inner '><span class=\"hr-inner-style\"><\/span><\/span><\/div><\/div>\n\n<style type=\"text\/css\" data-created_by=\"avia_inline_auto\" id=\"style-css-av-av_two_third-6126cab7d8fab8d08143dd2dacdf673c\">\n.flex_column.av-av_two_third-6126cab7d8fab8d08143dd2dacdf673c{\nborder-radius:0px 0px 0px 0px;\n-webkit-border-radius:0px 0px 0px 0px;\n-moz-border-radius:0px 0px 0px 0px;\n}\n<\/style>\n<div class='flex_column av-av_two_third-6126cab7d8fab8d08143dd2dacdf673c av_two_third  avia-builder-el-6  el_after_av_one_full  el_before_av_one_third  first flex_column_div av-zero-column-padding column-top-margin'   ><section  class='av_textblock_section av-av_textblock-0366cc7376be6c9e82a3e9cc8987b64f'  itemscope=\"itemscope\" itemtype=\"https:\/\/schema.org\/CreativeWork\" ><div class='avia_textblock'  itemprop=\"text\" ><p><img loading=\"lazy\" class=\"alignleft wp-image-4125 size-medium\" src=\"http:\/\/www.si-hu.eu\/hu2\/wp-content\/uploads\/sites\/10\/2019\/05\/Logo-Folk_Music_Heritage-300x197.jpg\" alt=\"\" width=\"300\" height=\"197\" srcset=\"http:\/\/www.si-hu.eu\/hu2\/wp-content\/uploads\/sites\/10\/2019\/05\/Logo-Folk_Music_Heritage-300x197.jpg 300w, http:\/\/www.si-hu.eu\/hu2\/wp-content\/uploads\/sites\/10\/2019\/05\/Logo-Folk_Music_Heritage-768x503.jpg 768w, http:\/\/www.si-hu.eu\/hu2\/wp-content\/uploads\/sites\/10\/2019\/05\/Logo-Folk_Music_Heritage-1030x675.jpg 1030w, http:\/\/www.si-hu.eu\/hu2\/wp-content\/uploads\/sites\/10\/2019\/05\/Logo-Folk_Music_Heritage-600x393.jpg 600w, http:\/\/www.si-hu.eu\/hu2\/wp-content\/uploads\/sites\/10\/2019\/05\/Logo-Folk_Music_Heritage-705x462.jpg 705w, http:\/\/www.si-hu.eu\/hu2\/wp-content\/uploads\/sites\/10\/2019\/05\/Logo-Folk_Music_Heritage-450x295.jpg 450w, http:\/\/www.si-hu.eu\/hu2\/wp-content\/uploads\/sites\/10\/2019\/05\/Logo-Folk_Music_Heritage.jpg 1296w\" sizes=\"(max-width: 300px) 100vw, 300px\" \/>A Muramenti t\u00e9rs\u00e9g k\u00f6z\u00f6s n\u00e9pzenei \u00f6r\u00f6ks\u00e9g\u00e9t, a n\u00e9pzen\u00e9t \u00e9s a n\u00e9pt\u00e1ncot a n\u00e9pzenekutat\u00f3k nem merev hagyom\u00e1nyk\u00e9nt, hanem \u00e1lland\u00f3 folyamatk\u00e9nt \u00e9rtelmezik.<br \/>\nMa a hat\u00e1rt\u00e9rs\u00e9gben gy\u0171jt\u00f6tt hanganyagoknak csak kis el\u00e9rhet\u0151 el \u00e9s kutathat\u00f3 digit\u00e1lisan, a nagyobbik r\u00e9sze \u2013 k\u00fcl\u00f6n\u00f6sen a r\u00e9gebben gy\u0171jt\u00f6tt anyagok \u2013 kisebb gy\u0171jtem\u00e9nyekben, anal\u00f3g adathordoz\u00f3kon, hi\u00e1nyosan tal\u00e1lhat\u00f3 meg.<br \/>\nA projektben a programter\u00fclet autentikus n\u00e9pzenei anyag\u00e1t k\u00f6z\u00f6sen dolgozzuk fel \u00e9s lehet\u0151v\u00e9 tessz\u00fck a dallamok \u00e9s kott\u00e1k digit\u00e1lis el\u00e9rhet\u0151s\u00e9g\u00e9t, kutathat\u00f3s\u00e1g\u00e1t \u00e9s felhaszn\u00e1l\u00e1s\u00e1t.<br \/>\nAz a c\u00e9lunk, hogy felt\u00e1rjuk a hat\u00e1rter\u00fclet t\u00f6bb \u00e9vsz\u00e1zados k\u00f6z\u00f6s zenei gy\u00f6kereit \u00e9s a k\u00f6z\u00f6s n\u00e9pzenekincs sz\u00e9les k\u00f6r\u0171 elterjeszt\u00e9s\u00e9vel hozz\u00e1j\u00e1ruljunk a hat\u00e1rok elt\u00fcntet\u00e9s\u00e9hez.<br \/>\nA projektben, az anal\u00f3g m\u00f3don r\u00f6gz\u00edtett 3000 db hangz\u00f3 anyagot \u00e9s a pap\u00edralapon megl\u00e9v\u0151 4500 db kott\u00e1t digit\u00e1lisan feldolgozzuk kutathat\u00f3v\u00e1 tessz\u00fck.<br \/>\nK\u00f6z\u00f6s kutat\u00e1si protokollt dolgozunk ki, ami mindk\u00e9t orsz\u00e1gban azonos m\u00f3dszerekkel teszi lehet\u0151v\u00e9 a n\u00e9pzenei anyag kutat\u00e1s\u00e1t. Az \u00e9l\u0151 n\u00e9pzene tov\u00e1bbi kutat\u00e1s\u00e1ra 10 szlov\u00e9n \u00e9s 10 magyar telep\u00fcl\u00e9sen friss n\u00e9pzenei adat- \u00e9s anyaggy\u0171jt\u00e9st v\u00e9gz\u00fcnk.<br \/>\nA k\u00f6z\u00f6s gy\u0171jtem\u00e9ny elterjeszt\u00e9s\u00e9t, a \u201evisszatan\u00edt\u00e1s\u00e1t\u201d k\u00f6z\u00f6s n\u00e9pzenei konferencia, bemutat\u00f3k \u00e9s workshopok keret\u00e9ben v\u00e9gezz\u00fck.<br \/>\nA Beltinciben \u00e9s Lentiben kialak\u00edtott \u201eN\u00e9pzenei Tal\u00e1lkoz\u00e1si Pontok\u201d lehet\u0151v\u00e9 teszik az \u00e9rdekl\u0151d\u0151k \u2013 k\u00fcl\u00f6n\u00f6sen a fiatalok sz\u00e1m\u00e1ra \u2013 az \u00e9l\u0151 n\u00e9pzen\u00e9vel val\u00f3 tal\u00e1lkoz\u00e1st rendezv\u00e9nyeken, bemutat\u00f3kon, szakk\u00f6r\u00f6k\u00f6n.<br \/>\nA projekt nyilv\u00e1noss\u00e1g\u00e1t k\u00e9tnyelv\u0171 honlap, kiadv\u00e1ny \u00e9s 2 film seg\u00edts\u00e9g\u00e9vel biztos\u00edtjuk, a fenntarthat\u00f3s\u00e1g \u00e9rdek\u00e9ben, nyitott, hat\u00e1ron \u00e1tny\u00fal\u00f3, kultur\u00e1lis egy\u00fcttm\u0171k\u00f6d\u00e9st alak\u00edtunk ki a projektpartnerek, az egy\u00fcttm\u0171k\u00f6d\u0151 zenei iskol\u00e1k, a n\u00e9pzenekutat\u00f3k, a n\u00e9pzenei egy\u00fcttesek \u00e9s dalk\u00f6r\u00f6k, zen\u00e9szek \u00e9s a n\u00e9pi kult\u00fara ir\u00e1nt \u00e9rdekl\u0151d\u0151k sz\u00e1m\u00e1ra.<\/p>\n<\/div><\/section><\/div>\n\n<style type=\"text\/css\" data-created_by=\"avia_inline_auto\" id=\"style-css-av-av_one_third-0aa7055fe62c3622faec82866afbaeb2\">\n.flex_column.av-av_one_third-0aa7055fe62c3622faec82866afbaeb2{\nborder-radius:0px 0px 0px 0px;\n-webkit-border-radius:0px 0px 0px 0px;\n-moz-border-radius:0px 0px 0px 0px;\n}\n<\/style>\n<div class='flex_column av-av_one_third-0aa7055fe62c3622faec82866afbaeb2 av_one_third  avia-builder-el-8  el_after_av_two_third  el_before_av_one_full  flex_column_div av-zero-column-padding column-top-margin'   ><p>\n<style type=\"text\/css\" data-created_by=\"avia_inline_auto\" id=\"style-css-av-av_iconlist-b06021e845c44cd35373f25493d26102\">\n#top .avia-icon-list-container.av-av_iconlist-b06021e845c44cd35373f25493d26102 .iconlist_icon{\ncolor:#83a846;\nfont-size:17px;\n}\n#top #wrap_all .avia-icon-list-container.av-av_iconlist-b06021e845c44cd35373f25493d26102 .av_iconlist_title{\nfont-size:17px;\ncolor:#83a846;\n}\n.avia-icon-list-container.av-av_iconlist-b06021e845c44cd35373f25493d26102 .iconlist_content{\nfont-size:13px;\ncolor:#000000;\n}\n<\/style>\n<div  class='avia-icon-list-container av-av_iconlist-b06021e845c44cd35373f25493d26102  avia-builder-el-9  el_before_av_font_icon  avia-builder-el-first '><ul class='avia-icon-list avia_animate_when_almost_visible avia-icon-list-left av-iconlist-small av-av_iconlist-b06021e845c44cd35373f25493d26102 avia-iconlist-animate'>\n<li><div class='iconlist_icon av-av_iconlist_item-af490042fe7959698033a53145fb3ff3 avia-font-entypo-fontello'><span class='iconlist-char' aria-hidden='true' data-av_icon='\ue82a' data-av_iconfont='entypo-fontello'><\/span><\/div><article class=\"article-icon-entry \"  itemscope=\"itemscope\" itemtype=\"https:\/\/schema.org\/CreativeWork\" ><div class=\"iconlist_content_wrap\"><header class=\"entry-content-header\"><div class='av_iconlist_title iconlist_title_small  av_inherit_color'  itemprop=\"headline\" >2. PRIORIT\u00c1SI TENGELY<\/div><\/header><div class='iconlist_content av_inherit_color'  itemprop=\"text\" ><p><em>Beruh\u00e1z\u00e1si priorit\u00e1s 11b<\/em><\/p>\n<p>SC 2: <label id=\"mainForm:a1_dd_specObjective_label\" class=\"ui-selectonemenu-label ui-inputfield ui-corner-all\">Az egy\u00fcttm\u0171k\u00f6d\u00e9sre val\u00f3 k\u00e9pess\u00e9g (kapacit\u00e1s) n\u00f6vel\u00e9se a hat\u00e1ron \u00e1tny\u00fal\u00f3 kapcsolatok magasabb sz\u00ednvonala \u00e9rdek\u00e9ben<\/label><\/p>\n<div class=\"ui-selectonemenu-trigger ui-state-default ui-corner-right\">&nbsp;<\/div>\n<\/div><\/div><footer class=\"entry-footer\"><\/footer><\/article><div class=\"iconlist-timeline\"><\/div><\/li>\n<li><div class='iconlist_icon av-av_iconlist_item-de613b754114e4268a96f55011664a6f avia-font-entypo-fontello'><span class='iconlist-char' aria-hidden='true' data-av_icon='\ue85b' data-av_iconfont='entypo-fontello'><\/span><\/div><article class=\"article-icon-entry \"  itemscope=\"itemscope\" itemtype=\"https:\/\/schema.org\/CreativeWork\" ><div class=\"iconlist_content_wrap\"><header class=\"entry-content-header\"><div class='av_iconlist_title iconlist_title_small  av_inherit_color'  itemprop=\"headline\" >PROJEKT-FUTAMID\u0150<\/div><\/header><div class='iconlist_content av_inherit_color'  itemprop=\"text\" ><p>2018.09.01 &#8211; 2021.02.28.<\/p>\n<\/div><\/div><footer class=\"entry-footer\"><\/footer><\/article><div class=\"iconlist-timeline\"><\/div><\/li>\n<li><div class='iconlist_icon av-av_iconlist_item-305a864ab62252c4924fc3c9e7a1d664 avia-font-entypo-fontello'><span class='iconlist-char' aria-hidden='true' data-av_icon='\ue8d3' data-av_iconfont='entypo-fontello'><\/span><\/div><article class=\"article-icon-entry \"  itemscope=\"itemscope\" itemtype=\"https:\/\/schema.org\/CreativeWork\" ><div class=\"iconlist_content_wrap\"><header class=\"entry-content-header\"><div class='av_iconlist_title iconlist_title_small  av_inherit_color'  itemprop=\"headline\" >ERFA FORR\u00c1S \u00d6SSZEGE<\/div><\/header><div class='iconlist_content av_inherit_color'  itemprop=\"text\" ><p>340.303,05 EUR<\/p>\n<\/div><\/div><footer class=\"entry-footer\"><\/footer><\/article><div class=\"iconlist-timeline\"><\/div><\/li>\n<li><div class='iconlist_icon av-av_iconlist_item-3311fb92d373543c9076f9428d600b11 avia-font-entypo-fontello'><span class='iconlist-char' aria-hidden='true' data-av_icon='\ue80b' data-av_iconfont='entypo-fontello'><\/span><\/div><article class=\"article-icon-entry \"  itemscope=\"itemscope\" itemtype=\"https:\/\/schema.org\/CreativeWork\" ><div class=\"iconlist_content_wrap\"><header class=\"entry-content-header\"><div class='av_iconlist_title iconlist_title_small  av_inherit_color'  itemprop=\"headline\" >PROJEKTPARTNEREK<\/div><\/header><div class='iconlist_content av_inherit_color'  itemprop=\"text\" ><ul>\n<li>Hum\u00e1n Es\u00e9ly Tan\u00e1csad\u00f3 Nonprofit K\u00f6zhaszn\u00fa Kft (Vezet\u0151 Partner)<\/li>\n<li>Zavod za turizem in kulturo Beltinci<\/li>\n<li>Znanstvenoraziskovalni center Slovenske akademije znanosti in umetnosti<\/li>\n<li>Lenti V\u00e1ros \u00d6nkorm\u00e1nyzata<\/li>\n<\/ul>\n<\/div><\/div><footer class=\"entry-footer\"><\/footer><\/article><div class=\"iconlist-timeline\"><\/div><\/li>\n<\/ul><\/div><br \/>\n\n<style type=\"text\/css\" data-created_by=\"avia_inline_auto\" id=\"style-css-av-av_font_icon-76c0c68f4bf96bb7d058a6ed490f1267\">\n.av_font_icon.av-av_font_icon-76c0c68f4bf96bb7d058a6ed490f1267{\ncolor:#b02b2c;\nborder-color:#b02b2c;\n}\n.av_font_icon.av-av_font_icon-76c0c68f4bf96bb7d058a6ed490f1267 .av-icon-char{\nfont-size:25px;\nline-height:25px;\nwidth:25px;\n}\n<\/style>\n<span  class='av_font_icon av-av_font_icon-76c0c68f4bf96bb7d058a6ed490f1267 avia_animate_when_visible av-icon-style-border avia-icon-pos-left avia-icon-animate'><a href='https:\/\/fmh.zrc-sazu.si\/' target=\"_blank\" rel=\"noopener noreferrer\" class='av-icon-char' aria-hidden='true' data-av_icon='\ue821' data-av_iconfont='entypo-fontello'><\/a><\/span><br \/>\n\n<style type=\"text\/css\" data-created_by=\"avia_inline_auto\" id=\"style-css-av-av_font_icon-66ac1cd4cce5d0e743c6911d1f96a6cc\">\n.av_font_icon.av-av_font_icon-66ac1cd4cce5d0e743c6911d1f96a6cc{\ncolor:#1b7ee8;\nborder-color:#1b7ee8;\n}\n.av_font_icon.av-av_font_icon-66ac1cd4cce5d0e743c6911d1f96a6cc .av-icon-char{\nfont-size:25px;\nline-height:25px;\nwidth:25px;\n}\n<\/style>\n<span  class='av_font_icon av-av_font_icon-66ac1cd4cce5d0e743c6911d1f96a6cc avia_animate_when_visible av-icon-style-border avia-icon-pos-left avia-icon-animate'><a href='manually' target=\"_blank\" rel=\"noopener noreferrer\" class='av-icon-char' aria-hidden='true' data-av_icon='\ue8f5' data-av_iconfont='entypo-fontello'><\/a><\/span><\/p><\/div>\n<style type=\"text\/css\" data-created_by=\"avia_inline_auto\" id=\"style-css-av-av_one_full-6126cab7d8fab8d08143dd2dacdf673c\">\n.flex_column.av-av_one_full-6126cab7d8fab8d08143dd2dacdf673c{\nborder-radius:0px 0px 0px 0px;\n-webkit-border-radius:0px 0px 0px 0px;\n-moz-border-radius:0px 0px 0px 0px;\n}\n<\/style>\n<div class='flex_column av-av_one_full-6126cab7d8fab8d08143dd2dacdf673c av_one_full  avia-builder-el-12  el_after_av_one_third  avia-builder-el-last  first flex_column_div av-zero-column-padding column-top-margin'   ><div  class='av-social-sharing-box av-av_social_share-981f7761336080d54c04d7ac30ef78f7 av-social-sharing-box-default  avia-builder-el-13  avia-builder-el-no-sibling  av-social-sharing-box-fullwidth'><div class=\"av-share-box\"><h5 class='av-share-link-description av-no-toc '>Share this entry<\/h5><ul class=\"av-share-box-list noLightbox\"><li class='av-share-link av-social-link-facebook' ><a target=\"_blank\" aria-label=\"Share on Facebook\" href='https:\/\/www.facebook.com\/sharer.php?u=http:\/\/www.si-hu.eu\/hu2\/folk-music-heritage\/&#038;t=Folk%20Music%20Heritage' aria-hidden='false' data-av_icon='\ue8f3' data-av_iconfont='entypo-fontello' title='' data-avia-related-tooltip='Share on Facebook' rel=\"noopener\"><span class='avia_hidden_link_text'>Share on Facebook<\/span><\/a><\/li><li class='av-share-link av-social-link-twitter' ><a target=\"_blank\" aria-label=\"Share on Twitter\" href='https:\/\/twitter.com\/share?text=Folk%20Music%20Heritage&#038;url=http:\/\/www.si-hu.eu\/hu2\/?p=4123' aria-hidden='false' data-av_icon='\ue8f1' data-av_iconfont='entypo-fontello' title='' data-avia-related-tooltip='Share on Twitter' rel=\"noopener\"><span class='avia_hidden_link_text'>Share on Twitter<\/span><\/a><\/li><li class='av-share-link av-social-link-pinterest' ><a target=\"_blank\" aria-label=\"Share on Pinterest\" href='https:\/\/pinterest.com\/pin\/create\/button\/?url=http%3A%2F%2Fwww.si-hu.eu%2Fhu2%2Ffolk-music-heritage%2F&#038;description=Folk%20Music%20Heritage&#038;media=' aria-hidden='false' data-av_icon='\ue8f8' data-av_iconfont='entypo-fontello' title='' data-avia-related-tooltip='Share on Pinterest' rel=\"noopener\"><span class='avia_hidden_link_text'>Share on Pinterest<\/span><\/a><\/li><li class='av-share-link av-social-link-linkedin' ><a target=\"_blank\" aria-label=\"Share on LinkedIn\" href='https:\/\/linkedin.com\/shareArticle?mini=true&#038;title=Folk%20Music%20Heritage&#038;url=http:\/\/www.si-hu.eu\/hu2\/folk-music-heritage\/' aria-hidden='false' data-av_icon='\ue8fc' data-av_iconfont='entypo-fontello' title='' data-avia-related-tooltip='Share on LinkedIn' rel=\"noopener\"><span class='avia_hidden_link_text'>Share on LinkedIn<\/span><\/a><\/li><li class='av-share-link av-social-link-tumblr' ><a target=\"_blank\" aria-label=\"Share on Tumblr\" href='https:\/\/www.tumblr.com\/share\/link?url=http%3A%2F%2Fwww.si-hu.eu%2Fhu2%2Ffolk-music-heritage%2F&#038;name=Folk%20Music%20Heritage&#038;description=' aria-hidden='false' data-av_icon='\ue8fa' data-av_iconfont='entypo-fontello' title='' data-avia-related-tooltip='Share on Tumblr' rel=\"noopener\"><span class='avia_hidden_link_text'>Share on Tumblr<\/span><\/a><\/li><li class='av-share-link av-social-link-vk' ><a target=\"_blank\" aria-label=\"Share on Vk\" href='https:\/\/vk.com\/share.php?url=http:\/\/www.si-hu.eu\/hu2\/folk-music-heritage\/' aria-hidden='false' data-av_icon='\ue926' data-av_iconfont='entypo-fontello' title='' data-avia-related-tooltip='Share on Vk' rel=\"noopener\"><span class='avia_hidden_link_text'>Share on Vk<\/span><\/a><\/li><li class='av-share-link av-social-link-reddit' ><a target=\"_blank\" aria-label=\"Share on Reddit\" href='https:\/\/reddit.com\/submit?url=http:\/\/www.si-hu.eu\/hu2\/folk-music-heritage\/&#038;title=Folk%20Music%20Heritage' aria-hidden='false' data-av_icon='\ue927' data-av_iconfont='entypo-fontello' title='' data-avia-related-tooltip='Share on Reddit' rel=\"noopener\"><span class='avia_hidden_link_text'>Share on Reddit<\/span><\/a><\/li><li class='av-share-link av-social-link-mail' ><a  aria-label=\"Share by Mail\" href='mailto:?subject=Folk%20Music%20Heritage&#038;body=http:\/\/www.si-hu.eu\/hu2\/folk-music-heritage\/' aria-hidden='false' data-av_icon='\ue805' data-av_iconfont='entypo-fontello' title='' data-avia-related-tooltip='Share by Mail'><span class='avia_hidden_link_text'>Share by Mail<\/span><\/a><\/li><\/ul><\/div><\/div><\/div><\/p>\n","protected":false},"excerpt":{"rendered":"","protected":false},"author":80,"featured_media":0,"parent":0,"menu_order":0,"comment_status":"closed","ping_status":"closed","template":"","meta":{"ngg_post_thumbnail":0},"acf":[],"_links":{"self":[{"href":"http:\/\/www.si-hu.eu\/hu2\/wp-json\/wp\/v2\/pages\/4123"}],"collection":[{"href":"http:\/\/www.si-hu.eu\/hu2\/wp-json\/wp\/v2\/pages"}],"about":[{"href":"http:\/\/www.si-hu.eu\/hu2\/wp-json\/wp\/v2\/types\/page"}],"author":[{"embeddable":true,"href":"http:\/\/www.si-hu.eu\/hu2\/wp-json\/wp\/v2\/users\/80"}],"replies":[{"embeddable":true,"href":"http:\/\/www.si-hu.eu\/hu2\/wp-json\/wp\/v2\/comments?post=4123"}],"version-history":[{"count":6,"href":"http:\/\/www.si-hu.eu\/hu2\/wp-json\/wp\/v2\/pages\/4123\/revisions"}],"predecessor-version":[{"id":5492,"href":"http:\/\/www.si-hu.eu\/hu2\/wp-json\/wp\/v2\/pages\/4123\/revisions\/5492"}],"wp:attachment":[{"href":"http:\/\/www.si-hu.eu\/hu2\/wp-json\/wp\/v2\/media?parent=4123"}],"curies":[{"name":"wp","href":"https:\/\/api.w.org\/{rel}","templated":true}]}}