{"id":45,"date":"2015-10-02T21:43:14","date_gmt":"2015-10-02T20:43:14","guid":{"rendered":"http:\/\/84.39.218.252\/si2\/?page_id=45"},"modified":"2020-07-08T07:25:34","modified_gmt":"2020-07-08T06:25:34","slug":"javni-razpis-za-projekte","status":"publish","type":"page","link":"http:\/\/www.si-hu.eu\/hu2\/nyilt-palyazati-felhivas\/javni-razpis-za-projekte\/","title":{"rendered":"Javni razpis za projekte"},"content":{"rendered":"<div id='layer_slider_1'  class='avia-layerslider main_color avia-shadow  avia-builder-el-0  el_before_av_one_half  avia-builder-el-first  container_wrap sidebar_right'  style='height: 151px;'  ><div id=\"layerslider_4_1vc1o9tdnk729\" class=\"ls-wp-container fitvidsignore\" style=\"width:1600px;height:150px;margin:0 auto;margin-bottom: 0px;\"><div class=\"ls-slide\" data-ls=\"duration:5000;\"><img width=\"2048\" height=\"321\" src=\"http:\/\/www.si-hu.eu\/hu2\/wp-content\/uploads\/sites\/10\/layerslider\/ENSubSlider\/Clouds.jpg\" class=\"ls-bg\" alt=\"\" srcset=\"http:\/\/www.si-hu.eu\/hu2\/wp-content\/uploads\/sites\/10\/layerslider\/ENSubSlider\/Clouds.jpg 2048w, http:\/\/www.si-hu.eu\/hu2\/wp-content\/uploads\/sites\/10\/layerslider\/ENSubSlider\/Clouds-300x47.jpg 300w, http:\/\/www.si-hu.eu\/hu2\/wp-content\/uploads\/sites\/10\/layerslider\/ENSubSlider\/Clouds-1030x161.jpg 1030w, http:\/\/www.si-hu.eu\/hu2\/wp-content\/uploads\/sites\/10\/layerslider\/ENSubSlider\/Clouds-600x94.jpg 600w, http:\/\/www.si-hu.eu\/hu2\/wp-content\/uploads\/sites\/10\/layerslider\/ENSubSlider\/Clouds-1500x235.jpg 1500w, http:\/\/www.si-hu.eu\/hu2\/wp-content\/uploads\/sites\/10\/layerslider\/ENSubSlider\/Clouds-705x111.jpg 705w, http:\/\/www.si-hu.eu\/hu2\/wp-content\/uploads\/sites\/10\/layerslider\/ENSubSlider\/Clouds-450x71.jpg 450w\" sizes=\"(max-width: 2048px) 100vw, 2048px\" \/><h2 style=\"padding-top:10px;padding-right:10px;padding-bottom:10px;padding-left:10px;color:#ffffff;background:#436f4d;border-radius:15px;top:80px;left:40px;\" class=\"ls-l ls-text-layer\" data-ls=\"offsetxin:80;offsetxout:-80;durationout:400;parallaxlevel:0;\">Interreg V-A Szlov&eacute;nia-Magyarorsz&aacute;g Egy&uuml;ttm&#369;k&ouml;d&eacute;si Program<\/h2><\/div><div class=\"ls-slide\" data-ls=\"duration:4000;\"><img width=\"1600\" height=\"150\" src=\"http:\/\/www.si-hu.eu\/hu2\/wp-content\/uploads\/sites\/10\/layerslider\/ENSubSlider\/lipa.png\" class=\"ls-bg\" alt=\"\" srcset=\"http:\/\/www.si-hu.eu\/hu2\/wp-content\/uploads\/sites\/10\/layerslider\/ENSubSlider\/lipa.png 1600w, http:\/\/www.si-hu.eu\/hu2\/wp-content\/uploads\/sites\/10\/layerslider\/ENSubSlider\/lipa-300x28.png 300w, http:\/\/www.si-hu.eu\/hu2\/wp-content\/uploads\/sites\/10\/layerslider\/ENSubSlider\/lipa-1030x97.png 1030w, http:\/\/www.si-hu.eu\/hu2\/wp-content\/uploads\/sites\/10\/layerslider\/ENSubSlider\/lipa-600x56.png 600w, http:\/\/www.si-hu.eu\/hu2\/wp-content\/uploads\/sites\/10\/layerslider\/ENSubSlider\/lipa-1500x141.png 1500w, http:\/\/www.si-hu.eu\/hu2\/wp-content\/uploads\/sites\/10\/layerslider\/ENSubSlider\/lipa-705x66.png 705w, http:\/\/www.si-hu.eu\/hu2\/wp-content\/uploads\/sites\/10\/layerslider\/ENSubSlider\/lipa-450x42.png 450w\" sizes=\"(max-width: 1600px) 100vw, 1600px\" \/><h2 style=\"padding-top:10px;padding-right:10px;padding-bottom:10px;padding-left:10px;color:#ffffff;background:#436f4d;border-radius:15px;top:25px;left:600px;\" class=\"ls-l ls-text-layer\" data-ls=\"offsetxin:80;offsetxout:-80;durationout:400;parallaxlevel:0;\">Interreg V-A Szlov&eacute;nia-Magyarorsz&aacute;g Egy&uuml;ttm&#369;k&ouml;d&eacute;si Program<\/h2><\/div><\/div><\/div><div id='after_layer_slider_1'  class='main_color av_default_container_wrap container_wrap sidebar_right'  ><div class='container av-section-cont-open' ><div class='template-page content  av-content-small alpha units'><div class='post-entry post-entry-type-page post-entry-45'><div class='entry-content-wrapper clearfix'>\n\n<style type=\"text\/css\" data-created_by=\"avia_inline_auto\" id=\"style-css-av-av_one_half-352b07ef7d3bc99b2e9f92e7a9e06bdb\">\n.flex_column.av-av_one_half-352b07ef7d3bc99b2e9f92e7a9e06bdb{\nborder-radius:0px 0px 0px 0px;\n-webkit-border-radius:0px 0px 0px 0px;\n-moz-border-radius:0px 0px 0px 0px;\n}\n<\/style>\n<div class='flex_column av-av_one_half-352b07ef7d3bc99b2e9f92e7a9e06bdb av_one_half  avia-builder-el-1  el_after_av_layerslider  el_before_av_one_half  avia-builder-el-first  first flex_column_div av-zero-column-padding '   ><section  class='av_textblock_section av-av_textblock-0366cc7376be6c9e82a3e9cc8987b64f'  itemscope=\"itemscope\" itemtype=\"https:\/\/schema.org\/CreativeWork\" ><div class='avia_textblock'  itemprop=\"text\" ><h2>NY\u00cdLT P\u00c1LY\u00c1ZATI FELH\u00cdV\u00c1S&nbsp;\u00e9s P\u00c1LY\u00c1ZATI CSOMAG<\/h2>\n<p style=\"text-align: justify\">Ezen az oldalon a 2014-2020-as programperi\u00f3dusra vonatkoz\u00f3 Interreg V-A Szlov\u00e9nia-Magyarorsz\u00e1g Egy\u00fcttm\u0171k\u00f6d\u00e9si Program Ny\u00edlt P\u00e1ly\u00e1zati Felh\u00edv\u00e1sa ker\u00fcl k\u00f6zz\u00e9t\u00e9telre.<\/p>\n<p style=\"text-align: justify\">A Program a <strong>ny\u00edlt p\u00e1ly\u00e1zati rendszer<\/strong> elve alapj\u00e1n m\u0171k\u00f6dik. Ez azt jelenti, hogy a p\u00e1ly\u00e1z\u00f3k folyamatosan ny\u00fajthatnak be p\u00e1ly\u00e1zatokat a Ny\u00edlt P\u00e1ly\u00e1zati Felh\u00edv\u00e1s megjelen\u00e9s\u00e9t\u0151l mindaddig, am\u00edg a p\u00e9nzeszk\u00f6z\u00f6k rendelkez\u00e9sre \u00e1llnak.<\/p>\n<p style=\"text-align: justify\">A Monitoring Bizotts\u00e1g d\u00f6nt\u00e9s\u00e9nek t\u00e1rgya az adott Monitoring Bizotts\u00e1gi \u00fcl\u00e9s el\u0151tt meghat\u00e1rozott hat\u00e1rid\u0151ire be\u00e9rkezett \u00e9s minden k\u00f6vetelm\u00e9nynek megfelel\u0151 p\u00e1ly\u00e1zat lesz.<\/p>\n<p style=\"text-align: justify\">A Ny\u00edlt P\u00e1ly\u00e1zati Felh\u00edv\u00e1ssal kapcsolatos \u00e1ltal\u00e1nos k\u00e9rd\u00e9seivel k\u00e9rj\u00fck forduljon <a href=\"http:\/\/www.si-hu.eu\/hu2\/o-nas\/skupni-sekretariat\/\" target=\"_blank\" rel=\"noopener noreferrer\"><strong>Jasmina Litrophoz vagy Gomb\u00e1s \u00c1gneshez<\/strong><\/a>.<\/p>\n<p style=\"text-align: justify\">T\u00e1j\u00e9koztatjuk, hogy a P\u00e1ly\u00e1zati Formanyomtatv\u00e1ny offline sablonja let\u00f6lthet\u0151 (ez a dokumentum nem r\u00e9sze a hivatalos P\u00e1ly\u00e1zati Csomagnak). Felh\u00edvjuk figyelm\u00e9t, hogy a P\u00e1ly\u00e1zat a k\u00f6telez\u0151 mell\u00e9kletekkel egy\u00fctt csak \u00e9s kiz\u00e1r\u00f3lag az eMS-en kereszt\u00fcl ny\u00fajthat\u00f3 be.<\/p>\n<p style=\"text-align: justify\">&nbsp;<\/p>\n<\/div><\/section><br \/>\n<br \/>\n<div  class='av-countdown-timer av-av_countdown-4da28f7d6964183035a04871ece9a594 av-align-center av-default-style  avia-builder-el-4  el_after_av_heading  avia-builder-el-last '  data-year=' 2018' data-month='5' data-day=' 29 ' data-hour='12' data-minute='0' data-timezone='60' data-interval='86400000' data-maximum='5' ><span class='av-countdown-timer-inner'><span class='av-countdown-cell av-countdown-weeks'><span class='av-countdown-cell-inner'><span class='av-countdown-time' data-upate-width='weeks'>0<\/span><span class='av-countdown-time-label' data-label='Week' data-label-multi='Weeks'>Weeks<\/span><\/span><\/span><span class='av-countdown-cell av-countdown-days'><span class='av-countdown-cell-inner'><span class='av-countdown-time' data-upate-width='days'>0<\/span><span class='av-countdown-time-label' data-label='Day' data-label-multi='Days'>Days<\/span><\/span><\/span><\/span><\/div><\/p><\/div>\n<style type=\"text\/css\" data-created_by=\"avia_inline_auto\" id=\"style-css-av-av_one_half-2a64de42b738552fe666ca889af77e28\">\n.flex_column.av-av_one_half-2a64de42b738552fe666ca889af77e28{\nborder-radius:0px 0px 0px 0px;\n-webkit-border-radius:0px 0px 0px 0px;\n-moz-border-radius:0px 0px 0px 0px;\n}\n<\/style>\n<div class='flex_column av-av_one_half-2a64de42b738552fe666ca889af77e28 av_one_half  avia-builder-el-5  el_after_av_one_half  el_before_av_one_full  flex_column_div av-zero-column-padding '   ><section  class='av_textblock_section av-av_textblock-0366cc7376be6c9e82a3e9cc8987b64f'  itemscope=\"itemscope\" itemtype=\"https:\/\/schema.org\/CreativeWork\" ><div class='avia_textblock'  itemprop=\"text\" ><p class=\"MsoNormal\" style=\"line-height: normal;margin: 12.0pt 0cm 12.0pt 0cm\"><span style=\"font-size: 10.0pt;font-family: 'Segoe UI',sans-serif;color: #666666\">P\u00c1LY\u00c1ZATI FELH\u00cdV\u00c1S<\/span><\/p>\n<p class=\"MsoNormal\" style=\"line-height: normal;margin: 12.0pt 0cm 12.0pt 0cm\"><span style=\"font-size: 10.0pt;font-family: 'Segoe UI',sans-serif;color: #666666\"><a href=\"http:\/\/www.si-hu.eu\/hu2\/wp-content\/uploads\/sites\/10\/2015\/10\/Egyuttmukodesi-Program-kereteben-az-alabbi-Palyazati-Felhivast-teszi-kozze.pdf\"><span style=\"color: #0074a2\">Ny\u00edlt P\u00e1ly\u00e1zati Felh\u00edv\u00e1s 2015-12-18<\/span><\/a><\/span><\/p>\n<p class=\"MsoNormal\" style=\"line-height: normal;margin: 12.0pt 0cm 12.0pt 0cm\"><span style=\"font-size: 10.0pt;font-family: 'Segoe UI',sans-serif;color: #666666\"><a href=\"http:\/\/www.si-hu.eu\/hu2\/wp-content\/uploads\/sites\/10\/2018\/04\/Palyazati-felhivas-Interreg-SI-HU-2018-04-26.pdf\"><span style=\"color: #0074a2\">Ny\u00edlt P\u00e1ly\u00e1zati Felh\u00edv\u00e1s 2018-04-26 \u2013 m\u00f3dos\u00edt\u00e1sokkal egybeszerkesztett v\u00e1ltozat<\/span><\/a><\/span><\/p>\n<p class=\"MsoNormal\" style=\"line-height: normal;margin: 12.0pt 0cm 12.0pt 0cm\"><span style=\"font-size: 10.0pt;font-family: 'Segoe UI',sans-serif;color: #666666\">MEGVAL\u00d3S\u00cdT\u00c1SI K\u00c9ZIK\u00d6NYV KEDVEZM\u00c9NYEZETTEK SZ\u00c1M\u00c1RA<\/span><\/p>\n<p class=\"MsoNormal\" style=\"line-height: normal;margin: 12.0pt 0cm 12.0pt 0cm\"><span style=\"font-size: 10.0pt;font-family: 'Segoe UI',sans-serif;color: #666666\"><a href=\"http:\/\/www.si-hu.eu\/hu2\/wp-content\/uploads\/sites\/10\/2015\/10\/1.-RESZ-A-PROGRAM-BEMUTATASA.pdf\"><span style=\"color: #0074a2\">Megval\u00f3s\u00edt\u00e1si k\u00e9zik\u00f6nyv &#8211;&nbsp;1. r\u00e9sz &#8211; A PROGRAM BEMUTAT\u00c1SA<\/span><\/a><\/span><\/p>\n<p class=\"MsoNormal\" style=\"line-height: normal;margin: 12.0pt 0cm 12.0pt 0cm\"><span style=\"font-size: 10.0pt;font-family: 'Segoe UI',sans-serif;color: #666666\"><a href=\"http:\/\/www.si-hu.eu\/hu2\/wp-content\/uploads\/sites\/10\/2015\/10\/2.-RESZ-PROJEKTFEJLESZTES.pdf\"><span style=\"color: #0074a2\">Megval\u00f3s\u00edt\u00e1si k\u00e9zik\u00f6nyv &#8211;&nbsp;2. r\u00e9sz &#8211; PROJEKTFEJLESZT\u00c9S<\/span><\/a><\/span><\/p>\n<p class=\"MsoNormal\" style=\"line-height: normal;margin: 12.0pt 0cm 12.0pt 0cm\"><span style=\"font-size: 10.0pt;font-family: 'Segoe UI',sans-serif;color: #666666\"><a href=\"http:\/\/www.si-hu.eu\/hu2\/wp-content\/uploads\/sites\/10\/2018\/04\/3.-RESZ-PALYAZAS-ES-ERTEKELES.pdf\"><span style=\"color: #0074a2\">Megval\u00f3s\u00edt\u00e1si k\u00e9zik\u00f6nyv &#8211;&nbsp;3. r\u00e9sz &#8211; P\u00c1LY\u00c1Z\u00c1S \u00c9S \u00c9RT\u00c9KEL\u00c9S<\/span><\/a><\/span><\/p>\n<p class=\"MsoNormal\" style=\"line-height: normal;margin: 12.0pt 0cm 12.0pt 0cm\"><span style=\"font-size: 10.0pt;font-family: 'Segoe UI',sans-serif;color: #666666\"><a href=\"http:\/\/www.si-hu.eu\/hu2\/wp-content\/uploads\/sites\/10\/2015\/10\/4.-RESZ-A-KOLTSEGEK-TAMOGATHATOSAGA1.pdf\">Megval\u00f3s\u00edt\u00e1si k\u00e9zik\u00f6nyv &#8211; 4. r\u00e9sz &#8211; A K\u00d6LTS\u00c9GEK T\u00c1MOGATHAT\u00d3S\u00c1GA<\/a><\/span><\/p>\n<p class=\"MsoNormal\" style=\"line-height: normal;margin: 12.0pt 0cm 12.0pt 0cm\"><span style=\"font-size: 10.0pt;font-family: 'Segoe UI',sans-serif;color: #666666\"><span style=\"color: #0074a2\"><a href=\"http:\/\/www.si-hu.eu\/hu2\/wp-content\/uploads\/sites\/10\/2019\/07\/5.-RESZ_JELENTESTETEL-A-PROJEKT-ELOREHALADASAROL.pdf\">Megval\u00f3s\u00edt\u00e1si k\u00e9zik\u00f6nyv &#8211; 5. r\u00e9sz_JELENT\u00c9ST\u00c9TEL A PROJEKT EL\u0150REHALAD\u00c1S\u00c1ROL<\/a><\/span><\/span><\/p>\n<p class=\"MsoNormal\" style=\"line-height: normal;margin: 12.0pt 0cm 12.0pt 0cm\"><span style=\"font-size: 10.0pt;font-family: 'Segoe UI',sans-serif;color: #666666\"><a href=\"http:\/\/www.si-hu.eu\/hu2\/download\/6.-RESZ-TAJEKOZTATAS-ES-KOMMUNIKACIO-V2.pdf\"><span style=\"color: #0074a2\">Megval\u00f3s\u00edt\u00e1si k\u00e9zik\u00f6nyv &#8211; 6. r\u00e9sz &#8211; T\u00c1J\u00c9KOZTAT\u00c1S \u00c9S KOMMUNIK\u00c1CI\u00d3<\/span><\/a><\/span><\/p>\n<p class=\"MsoNormal\" style=\"line-height: normal;margin: 12.0pt 0cm 12.0pt 0cm\"><span style=\"font-size: 10.0pt;font-family: 'Segoe UI',sans-serif;color: #666666\"><span style=\"color: #0074a2\"><a href=\"http:\/\/www.si-hu.eu\/hu2\/wp-content\/uploads\/sites\/10\/2019\/07\/7-RESZ-PROJEKTZARAS-ES-ARCHIVALAS-V2.pdf\">Megval\u00f3s\u00edt\u00e1si k\u00e9zik\u00f6nyv &#8211; 7. r\u00e9sz &#8211; PROJEKTZ\u00c1R\u00c1S ES ARCHIV\u00c1L\u00c1S<\/a><\/span><\/span><\/p>\n<div class=\"MsoNormal\" style=\"margin-bottom: .0001pt;text-align: center;line-height: normal\" align=\"center\">\n<hr style=\"color: #666666\" align=\"center\" noshade=\"noshade\" size=\"2\" width=\"100%\">\n<\/div>\n<p class=\"MsoNormal\" style=\"line-height: normal;margin: 12.0pt 0cm 12.0pt 0cm\"><span style=\"font-size: 10.0pt;font-family: 'Segoe UI',sans-serif;color: #666666\"><a href=\"http:\/\/www.si-hu.eu\/hu2\/wp-content\/uploads\/sites\/10\/2015\/10\/Izjava-vodilnega-partnerja-Vezeto-partneri-nyilatkozat.docx\"><span style=\"color: #0074a2\">Izjava vodilnega partnerja &#8211; Vezet\u0151 partneri nyilatkozat<\/span><\/a><\/span><\/p>\n<p class=\"MsoNormal\" style=\"line-height: normal;margin: 12.0pt 0cm 12.0pt 0cm\"><span style=\"font-size: 10.0pt;font-family: 'Segoe UI',sans-serif;color: #666666\"><a href=\"http:\/\/www.si-hu.eu\/hu2\/wp-content\/uploads\/sites\/10\/2015\/10\/Partnerski-sporazum-Partnersegi-megallapodas.doc\"><span style=\"color: #0074a2\">Partnerski sporazum &#8211; Partners\u00e9gi meg\u00e1llapod\u00e1s<\/span><\/a><\/span><\/p>\n<p class=\"MsoNormal\" style=\"line-height: normal;margin: 12.0pt 0cm 12.0pt 0cm\"><span style=\"font-size: 10.0pt;font-family: 'Segoe UI',sans-serif;color: #666666\"><a href=\"http:\/\/www.si-hu.eu\/hu2\/wp-content\/uploads\/sites\/10\/2016\/02\/Izjava-projektnega-partnerja-Projektpartneri-nyilatkozat-FINAL.docx\"><span style=\"color: #0074a2\">Izjava projektnega partnerja &#8211; Projektpartneri nyilatkozat FINAL<\/span><\/a><\/span><\/p>\n<p class=\"MsoNormal\" style=\"line-height: normal;margin: 12.0pt 0cm 12.0pt 0cm\"><span style=\"font-size: 10.0pt;font-family: 'Segoe UI',sans-serif;color: #666666\"><a href=\"http:\/\/www.si-hu.eu\/hu2\/wp-content\/uploads\/sites\/10\/2015\/10\/SZAMU-ERFA-TAMOGATASI-SZERZODES.pdf\"><span style=\"color: #0074a2\">ERFA T\u00e1mogat\u00e1si Szerz\u0151d\u00e9s<\/span><\/a><\/span><\/p>\n<p class=\"MsoNormal\" style=\"line-height: normal;margin: 12.0pt 0cm 12.0pt 0cm\"><span style=\"font-size: 10.0pt;font-family: 'Segoe UI',sans-serif;color: green\"><a href=\"http:\/\/www.si-hu.eu\/hu2\/wp-content\/uploads\/sites\/10\/2015\/10\/Palyazati-Formanyamatotvany-Tervezet.pdf\"><span style=\"color: #0074a2\">P\u00e1ly\u00e1zati Formanyomtatv\u00e1ny Tervezet<\/span><\/a><\/span><\/p>\n<div class=\"MsoNormal\" style=\"margin-bottom: .0001pt;text-align: center;line-height: normal\" align=\"center\">\n<hr style=\"color: #666666\" align=\"center\" noshade=\"noshade\" size=\"2\" width=\"100%\">\n<\/div>\n<p class=\"MsoNormal\" style=\"line-height: normal;margin: 12.0pt 0cm 12.0pt 0cm\"><span style=\"font-size: 10.0pt;font-family: 'Segoe UI',sans-serif;color: #666666\"><a href=\"http:\/\/www.si-hu.eu\/hu2\/wp-content\/uploads\/sites\/10\/2018\/04\/Korrigendum__Palyazati-felhivas-2018-04-26.pdf\"><span style=\"color: #0074a2\">Korrigendum a P\u00e1ly\u00e1zati felh\u00edv\u00e1shoz 2018-04-26<\/span><\/a><\/span><\/p>\n<p class=\"MsoNormal\" style=\"line-height: normal;margin: 12.0pt 0cm 12.0pt 0cm\"><span style=\"font-size: 10.0pt;font-family: 'Segoe UI',sans-serif;color: #666666\"><a href=\"http:\/\/www.si-hu.eu\/hu2\/wp-content\/uploads\/sites\/10\/2018\/04\/Korrigendum-a-palyazati-csomag_2018.-aprilis.pdf\"><span style=\"color: #0074a2\">Korrigendum a p\u00e1ly\u00e1zati csomaghoz_2018. \u00e1prilis<\/span><\/a><\/span><\/p>\n<p><a href=\"http:\/\/www.si-hu.eu\/hu2\/wp-content\/uploads\/sites\/10\/2019\/07\/Korrigendum-a-palyazati-csomaghoz_2019.-majus..pdf\">Korrigendum a p\u00e1ly\u00e1zati csomaghoz_2019. m\u00e1jus.<\/a><\/p>\n<div class=\"MsoNormal\" style=\"margin-bottom: .0001pt;text-align: center;line-height: normal\" align=\"center\">\n<hr style=\"color: #666666\" align=\"center\" noshade=\"noshade\" size=\"2\" width=\"100%\">\n<\/div>\n<p class=\"MsoNormal\" style=\"line-height: normal;margin: 12.0pt 0cm 12.0pt 0cm\"><span style=\"font-size: 10.0pt;font-family: 'Segoe UI',sans-serif;color: #666666\">Turisztika m\u00e1gnesek az Interreg V-A Szlov\u00e9nia-Magyarorsz\u00e1g Egy\u00fcttm\u0171k\u00f6d\u00e9si Program programter\u00fclet\u00e9n<\/span><\/p>\n<p class=\"MsoNormal\" style=\"line-height: normal;margin: 12.0pt 0cm 12.0pt 0cm\"><span style=\"font-size: 10.0pt;font-family: 'Segoe UI',sans-serif;color: #666666\"><a href=\"http:\/\/www.si-hu.eu\/hu2\/download\/Tourist-magnets-HU.pdf\" target=\"_blank\" rel=\"noopener noreferrer\"><span style=\"color: #0074a2\">Turisztikai m\u00e1gnesek<\/span><\/a><\/span><\/p>\n<\/div><\/section><\/div><\/p>\n\n<style type=\"text\/css\" data-created_by=\"avia_inline_auto\" id=\"style-css-av-av_one_full-6126cab7d8fab8d08143dd2dacdf673c\">\n.flex_column.av-av_one_full-6126cab7d8fab8d08143dd2dacdf673c{\nborder-radius:0px 0px 0px 0px;\n-webkit-border-radius:0px 0px 0px 0px;\n-moz-border-radius:0px 0px 0px 0px;\n}\n<\/style>\n<div class='flex_column av-av_one_full-6126cab7d8fab8d08143dd2dacdf673c av_one_full  avia-builder-el-7  el_after_av_one_half  el_before_av_one_full  first flex_column_div av-zero-column-padding column-top-margin'   ><section  class='av_textblock_section av-av_textblock-0366cc7376be6c9e82a3e9cc8987b64f'  itemscope=\"itemscope\" itemtype=\"https:\/\/schema.org\/CreativeWork\" ><div class='avia_textblock'  itemprop=\"text\" ><p style=\"text-align: center\">Az Interreg V-A Szlov\u00e9nia-Magyarorsz\u00e1g egy\u00fcttm\u0171k\u00f6d\u00e9si program az<strong> <a href=\"http:\/\/ec.europa.eu\/social\/main.jsp?catId=325&amp;intPageId=3587&amp;langId=hu\" target=\"_blank\" rel=\"noopener noreferrer\">Arachne kock\u00e1zat\u00e9rt\u00e9kel\u00e9si eszk\u00f6zt haszn\u00e1lja<\/a><\/strong>.<\/p>\n<\/div><\/section><\/div>\n\n<style type=\"text\/css\" data-created_by=\"avia_inline_auto\" id=\"style-css-av-av_one_full-352b07ef7d3bc99b2e9f92e7a9e06bdb\">\n.flex_column.av-av_one_full-352b07ef7d3bc99b2e9f92e7a9e06bdb{\nborder-radius:0px 0px 0px 0px;\n-webkit-border-radius:0px 0px 0px 0px;\n-moz-border-radius:0px 0px 0px 0px;\n}\n<\/style>\n<div class='flex_column av-av_one_full-352b07ef7d3bc99b2e9f92e7a9e06bdb av_one_full  avia-builder-el-9  el_after_av_one_full  avia-builder-el-last  first flex_column_div av-zero-column-padding column-top-margin'   ><section  class='av_textblock_section av-av_textblock-0366cc7376be6c9e82a3e9cc8987b64f'  itemscope=\"itemscope\" itemtype=\"https:\/\/schema.org\/CreativeWork\" ><div class='avia_textblock'  itemprop=\"text\" ><h3>&nbsp;<\/h3>\n<h3><a href=\"http:\/\/www.si-hu.eu\/hu2\/wp-content\/uploads\/sites\/10\/2016\/06\/th3.jpg\"><img loading=\"lazy\" class=\"wp-image-652 alignleft\" src=\"http:\/\/www.si-hu.eu\/hu2\/wp-content\/uploads\/sites\/10\/2016\/06\/th3.jpg\" alt=\"th&#091;3&#093;\" width=\"136\" height=\"120\"><\/a><\/h3>\n<h3>&nbsp;A p\u00e1ly\u00e1zatok beny\u00fajt\u00e1s\u00e1nak <span id=\"result_box\" class=\"\" lang=\"hu\"><span class=\"\">hatodik<\/span><\/span> hat\u00e1rideje <strong>2019. j\u00fanius 18-\u00e1n lej\u00e1rt<\/strong>.<\/h3>\n<hr>\n<h3>A p\u00e1ly\u00e1zatok beny\u00fajt\u00e1s\u00e1nak \u00f6t\u00f6dik hat\u00e1rideje 2018. j\u00fanius 29-\u00e9n<strong>&nbsp;lej\u00e1rt<\/strong>.&nbsp;<\/h3>\n<hr>\n<h3>A p\u00e1ly\u00e1zatok beny\u00fajt\u00e1s\u00e1nak<span style=\"color: #000000\"> <span id=\"result_box\" class=\"short_text\" lang=\"hu\"><span class=\"\">negyedik<\/span><\/span> hat\u00e1rideje <strong>2017. november 14-\u00e9n lej\u00e1rt<\/strong>.<\/span><\/h3>\n<hr>\n<h3><span style=\"color: #000000\">A p\u00e1ly\u00e1zatok beny\u00fajt\u00e1s\u00e1nak harmadik hat\u00e1rideje <strong>2017. \u00e1prilis 11-\u00e9n <\/strong><\/span><span style=\"color: #000000\"><strong>lej\u00e1rt<\/strong><\/span><span style=\"color: #000000\">.<\/span><\/h3>\n<hr>\n<h3><span style=\"color: #000000\">A p\u00e1ly\u00e1zatok beny\u00fajt\u00e1s\u00e1nak m\u00e1sodik hat\u00e1rideje 2016. j\u00falius 25-\u00e9n<\/span><span style=\"color: #000000\"><strong>&nbsp;lej\u00e1rt<\/strong><\/span><span style=\"color: #000000\">.<\/span><\/h3>\n<hr>\n<h3><span style=\"color: #000000\">A p\u00e1ly\u00e1zatok beny\u00fajt\u00e1s\u00e1nak els\u0151 hat\u00e1rideje 2016. febru\u00e1r 17-\u00e9n<\/span><span style=\"color: #000000\"><strong>&nbsp;lej\u00e1rt<\/strong><\/span><span style=\"color: #000000\">.<\/span><\/h3>\n<\/div><\/section><\/div>\n","protected":false},"excerpt":{"rendered":"","protected":false},"author":3,"featured_media":0,"parent":42,"menu_order":0,"comment_status":"closed","ping_status":"closed","template":"","meta":{"ngg_post_thumbnail":0},"acf":[],"_links":{"self":[{"href":"http:\/\/www.si-hu.eu\/hu2\/wp-json\/wp\/v2\/pages\/45"}],"collection":[{"href":"http:\/\/www.si-hu.eu\/hu2\/wp-json\/wp\/v2\/pages"}],"about":[{"href":"http:\/\/www.si-hu.eu\/hu2\/wp-json\/wp\/v2\/types\/page"}],"author":[{"embeddable":true,"href":"http:\/\/www.si-hu.eu\/hu2\/wp-json\/wp\/v2\/users\/3"}],"replies":[{"embeddable":true,"href":"http:\/\/www.si-hu.eu\/hu2\/wp-json\/wp\/v2\/comments?post=45"}],"version-history":[{"count":46,"href":"http:\/\/www.si-hu.eu\/hu2\/wp-json\/wp\/v2\/pages\/45\/revisions"}],"predecessor-version":[{"id":4986,"href":"http:\/\/www.si-hu.eu\/hu2\/wp-json\/wp\/v2\/pages\/45\/revisions\/4986"}],"up":[{"embeddable":true,"href":"http:\/\/www.si-hu.eu\/hu2\/wp-json\/wp\/v2\/pages\/42"}],"wp:attachment":[{"href":"http:\/\/www.si-hu.eu\/hu2\/wp-json\/wp\/v2\/media?parent=45"}],"curies":[{"name":"wp","href":"https:\/\/api.w.org\/{rel}","templated":true}]}}