{"id":4653,"date":"2019-10-24T07:36:41","date_gmt":"2019-10-24T06:36:41","guid":{"rendered":"http:\/\/www.si-hu.eu\/hu2\/?page_id=4653"},"modified":"2019-11-05T13:31:05","modified_gmt":"2019-11-05T12:31:05","slug":"8-monitoring-bizottsagi-ules","status":"publish","type":"page","link":"http:\/\/www.si-hu.eu\/hu2\/o-nas\/nadzorni-odbor\/8-monitoring-bizottsagi-ules\/","title":{"rendered":"8. Monitoring Bizotts\u00e1gi \u00fcl\u00e9s"},"content":{"rendered":"<div id='layer_slider_1'  class='avia-layerslider main_color avia-shadow  avia-builder-el-0  el_before_av_one_full  avia-builder-el-first  container_wrap sidebar_right'  style='height: 151px;'  ><div id=\"layerslider_4_1d2zwptgxt16d\" class=\"ls-wp-container fitvidsignore\" style=\"width:1600px;height:150px;margin:0 auto;margin-bottom: 0px;\"><div class=\"ls-slide\" data-ls=\"duration:5000;\"><img width=\"2048\" height=\"321\" src=\"http:\/\/www.si-hu.eu\/hu2\/wp-content\/uploads\/sites\/10\/layerslider\/ENSubSlider\/Clouds.jpg\" class=\"ls-bg\" alt=\"\" srcset=\"http:\/\/www.si-hu.eu\/hu2\/wp-content\/uploads\/sites\/10\/layerslider\/ENSubSlider\/Clouds.jpg 2048w, http:\/\/www.si-hu.eu\/hu2\/wp-content\/uploads\/sites\/10\/layerslider\/ENSubSlider\/Clouds-300x47.jpg 300w, http:\/\/www.si-hu.eu\/hu2\/wp-content\/uploads\/sites\/10\/layerslider\/ENSubSlider\/Clouds-1030x161.jpg 1030w, http:\/\/www.si-hu.eu\/hu2\/wp-content\/uploads\/sites\/10\/layerslider\/ENSubSlider\/Clouds-600x94.jpg 600w, http:\/\/www.si-hu.eu\/hu2\/wp-content\/uploads\/sites\/10\/layerslider\/ENSubSlider\/Clouds-1500x235.jpg 1500w, http:\/\/www.si-hu.eu\/hu2\/wp-content\/uploads\/sites\/10\/layerslider\/ENSubSlider\/Clouds-705x111.jpg 705w, http:\/\/www.si-hu.eu\/hu2\/wp-content\/uploads\/sites\/10\/layerslider\/ENSubSlider\/Clouds-450x71.jpg 450w\" sizes=\"(max-width: 2048px) 100vw, 2048px\" \/><h2 style=\"padding-top:10px;padding-right:10px;padding-bottom:10px;padding-left:10px;color:#ffffff;background:#436f4d;border-radius:15px;top:80px;left:40px;\" class=\"ls-l ls-text-layer\" data-ls=\"offsetxin:80;offsetxout:-80;durationout:400;parallaxlevel:0;\">Interreg V-A Szlov&eacute;nia-Magyarorsz&aacute;g Egy&uuml;ttm&#369;k&ouml;d&eacute;si Program<\/h2><\/div><div class=\"ls-slide\" data-ls=\"duration:4000;\"><img width=\"1600\" height=\"150\" src=\"http:\/\/www.si-hu.eu\/hu2\/wp-content\/uploads\/sites\/10\/layerslider\/ENSubSlider\/lipa.png\" class=\"ls-bg\" alt=\"\" srcset=\"http:\/\/www.si-hu.eu\/hu2\/wp-content\/uploads\/sites\/10\/layerslider\/ENSubSlider\/lipa.png 1600w, http:\/\/www.si-hu.eu\/hu2\/wp-content\/uploads\/sites\/10\/layerslider\/ENSubSlider\/lipa-300x28.png 300w, http:\/\/www.si-hu.eu\/hu2\/wp-content\/uploads\/sites\/10\/layerslider\/ENSubSlider\/lipa-1030x97.png 1030w, http:\/\/www.si-hu.eu\/hu2\/wp-content\/uploads\/sites\/10\/layerslider\/ENSubSlider\/lipa-600x56.png 600w, http:\/\/www.si-hu.eu\/hu2\/wp-content\/uploads\/sites\/10\/layerslider\/ENSubSlider\/lipa-1500x141.png 1500w, http:\/\/www.si-hu.eu\/hu2\/wp-content\/uploads\/sites\/10\/layerslider\/ENSubSlider\/lipa-705x66.png 705w, http:\/\/www.si-hu.eu\/hu2\/wp-content\/uploads\/sites\/10\/layerslider\/ENSubSlider\/lipa-450x42.png 450w\" sizes=\"(max-width: 1600px) 100vw, 1600px\" \/><h2 style=\"padding-top:10px;padding-right:10px;padding-bottom:10px;padding-left:10px;color:#ffffff;background:#436f4d;border-radius:15px;top:25px;left:600px;\" class=\"ls-l ls-text-layer\" data-ls=\"offsetxin:80;offsetxout:-80;durationout:400;parallaxlevel:0;\">Interreg V-A Szlov&eacute;nia-Magyarorsz&aacute;g Egy&uuml;ttm&#369;k&ouml;d&eacute;si Program<\/h2><\/div><\/div><\/div><div id='after_layer_slider_1'  class='main_color av_default_container_wrap container_wrap sidebar_right'  ><div class='container av-section-cont-open' ><div class='template-page content  av-content-small alpha units'><div class='post-entry post-entry-type-page post-entry-4653'><div class='entry-content-wrapper clearfix'>\n\n<style type=\"text\/css\" data-created_by=\"avia_inline_auto\" id=\"style-css-av-av_one_full-352b07ef7d3bc99b2e9f92e7a9e06bdb\">\n.flex_column.av-av_one_full-352b07ef7d3bc99b2e9f92e7a9e06bdb{\nborder-radius:0px 0px 0px 0px;\n-webkit-border-radius:0px 0px 0px 0px;\n-moz-border-radius:0px 0px 0px 0px;\n}\n<\/style>\n<div class='flex_column av-av_one_full-352b07ef7d3bc99b2e9f92e7a9e06bdb av_one_full  avia-builder-el-1  el_after_av_layerslider  avia-builder-el-no-sibling  first flex_column_div av-zero-column-padding '   ><section  class='av_textblock_section av-av_textblock-0366cc7376be6c9e82a3e9cc8987b64f'  itemscope=\"itemscope\" itemtype=\"https:\/\/schema.org\/CreativeWork\" ><div class='avia_textblock'  itemprop=\"text\" ><h3><strong><span style=\"color: #008000\">8. Monitoring Bizotts\u00e1gi \u00fcl\u00e9s<\/span> <\/strong><\/h3>\n<p>A Monitoring Bizotts\u00e1g 8. \u00fcl\u00e9s\u00e9re 2019. okt\u00f3ber 17-\u00e9n, Sorm\u00e1s telep\u00fcl\u00e9sen, Magyarorsz\u00e1gon ker\u00fclt sor.&nbsp;<\/p>\n<p>Az \u00fcl\u00e9s sor\u00e1n a Monitoring Bizotts\u00e1g tagjait t\u00e1j\u00e9koztatt\u00e1k a jelenlegi Egy\u00fcttm\u0171k\u00f6d\u00e9si Program megval\u00f3s\u00edt\u00e1s\u00e1nak aktu\u00e1lis helyzet\u00e9r\u0151l \u00e9s a SIHU OP 2007-2013 program z\u00e1r\u00e1s\u00e1r\u00f3l, illetve ahhoz kapcsol\u00f3d\u00f3an a programdokumentumok 3 \u00e9ves meg\u0151rz\u00e9si id\u0151szak\u00e1r\u00f3l, melynek kezd\u0151 d\u00e1tuma 2019. j\u00falius 16. Ezt k\u00f6vet\u0151en ismertet\u0151 hangzott el a program hat\u00e1sait \u00e9s hat\u00e9konys\u00e1g\u00e1t vizsg\u00e1l\u00f3 \u00e9rt\u00e9kel\u00e9s eredm\u00e9nyeir\u0151l, tov\u00e1bb\u00e1 a szab\u00e1lytalans\u00e1gok \u00e9s auditok t\u00e9mak\u00f6r\u00e9ben.<\/p>\n<p>Az \u00fcl\u00e9s sor\u00e1n d\u00f6nt\u00e9s sz\u00fcletett a program 6. beny\u00fajt\u00e1si hat\u00e1ridej\u00e9re be\u00e9rkezett projektekr\u0151l: a Monitoring Bizotts\u00e1g 4 projektet j\u00f3v\u00e1hagyott, \u00e9s 9 projektet elutas\u00edtott.<\/p>\n<p>A Monitoring Bizotts\u00e1g tagjai t\u00e1j\u00e9koztat\u00e1st kaptak az elv\u00e9gzett kommunik\u00e1ci\u00f3s tev\u00e9kenys\u00e9gekr\u0151l, majd elfogadt\u00e1k a Program 2020. \u00e9vi kommunik\u00e1ci\u00f3s terv\u00e9t. Ezen k\u00edv\u00fcl a Monitoring Bizotts\u00e1g j\u00f3v\u00e1hagyta az IronCurtainCycling projekt futamid\u0151-hosszabb\u00edt\u00e1sra ir\u00e1nyul\u00f3 m\u00f3dos\u00edt\u00e1si k\u00e9relm\u00e9t.<\/p>\n<p>A d\u00f6nt\u00e9sek a csatolt dokumentumban tal\u00e1lhat\u00f3k.<\/p>\n<p><a href=\"http:\/\/www.si-hu.eu\/hu2\/wp-content\/uploads\/sites\/10\/2019\/10\/DONTES_8.-MB.pdf\" target=\"_blank\" rel=\"noopener noreferrer\">D\u00d6NT\u00c9SEK &#8211; 8. Monitoring Bizotts\u00e1gi \u00fcl\u00e9s<\/a><\/p>\n<p><a href=\"http:\/\/www.si-hu.eu\/en2\/wp-content\/uploads\/sites\/11\/2019\/10\/Presentations-6th-deadline-Interreg-SI-HU.zip\">A 8. Monitoring Bizotts\u00e1gi \u00fcl\u00e9s prezent\u00e1ci\u00f3i<\/a><\/p>\n<p><img loading=\"lazy\" class=\"alignleft size-full wp-image-4654\" src=\"http:\/\/www.si-hu.eu\/hu2\/wp-content\/uploads\/sites\/10\/2019\/10\/collage.jpg\" alt=\"\" width=\"1200\" height=\"1200\" srcset=\"http:\/\/www.si-hu.eu\/hu2\/wp-content\/uploads\/sites\/10\/2019\/10\/collage.jpg 1200w, http:\/\/www.si-hu.eu\/hu2\/wp-content\/uploads\/sites\/10\/2019\/10\/collage-80x80.jpg 80w, http:\/\/www.si-hu.eu\/hu2\/wp-content\/uploads\/sites\/10\/2019\/10\/collage-300x300.jpg 300w, http:\/\/www.si-hu.eu\/hu2\/wp-content\/uploads\/sites\/10\/2019\/10\/collage-768x768.jpg 768w, http:\/\/www.si-hu.eu\/hu2\/wp-content\/uploads\/sites\/10\/2019\/10\/collage-1030x1030.jpg 1030w, http:\/\/www.si-hu.eu\/hu2\/wp-content\/uploads\/sites\/10\/2019\/10\/collage-600x600.jpg 600w, http:\/\/www.si-hu.eu\/hu2\/wp-content\/uploads\/sites\/10\/2019\/10\/collage-36x36.jpg 36w, http:\/\/www.si-hu.eu\/hu2\/wp-content\/uploads\/sites\/10\/2019\/10\/collage-180x180.jpg 180w, http:\/\/www.si-hu.eu\/hu2\/wp-content\/uploads\/sites\/10\/2019\/10\/collage-705x705.jpg 705w, http:\/\/www.si-hu.eu\/hu2\/wp-content\/uploads\/sites\/10\/2019\/10\/collage-120x120.jpg 120w, http:\/\/www.si-hu.eu\/hu2\/wp-content\/uploads\/sites\/10\/2019\/10\/collage-450x450.jpg 450w\" sizes=\"(max-width: 1200px) 100vw, 1200px\" \/><\/p>\n<\/div><\/section><\/div>\n","protected":false},"excerpt":{"rendered":"","protected":false},"author":7,"featured_media":3632,"parent":133,"menu_order":0,"comment_status":"closed","ping_status":"closed","template":"","meta":{"ngg_post_thumbnail":0},"acf":[],"_links":{"self":[{"href":"http:\/\/www.si-hu.eu\/hu2\/wp-json\/wp\/v2\/pages\/4653"}],"collection":[{"href":"http:\/\/www.si-hu.eu\/hu2\/wp-json\/wp\/v2\/pages"}],"about":[{"href":"http:\/\/www.si-hu.eu\/hu2\/wp-json\/wp\/v2\/types\/page"}],"author":[{"embeddable":true,"href":"http:\/\/www.si-hu.eu\/hu2\/wp-json\/wp\/v2\/users\/7"}],"replies":[{"embeddable":true,"href":"http:\/\/www.si-hu.eu\/hu2\/wp-json\/wp\/v2\/comments?post=4653"}],"version-history":[{"count":3,"href":"http:\/\/www.si-hu.eu\/hu2\/wp-json\/wp\/v2\/pages\/4653\/revisions"}],"predecessor-version":[{"id":4684,"href":"http:\/\/www.si-hu.eu\/hu2\/wp-json\/wp\/v2\/pages\/4653\/revisions\/4684"}],"up":[{"embeddable":true,"href":"http:\/\/www.si-hu.eu\/hu2\/wp-json\/wp\/v2\/pages\/133"}],"wp:featuredmedia":[{"embeddable":true,"href":"http:\/\/www.si-hu.eu\/hu2\/wp-json\/wp\/v2\/media\/3632"}],"wp:attachment":[{"href":"http:\/\/www.si-hu.eu\/hu2\/wp-json\/wp\/v2\/media?parent=4653"}],"curies":[{"name":"wp","href":"https:\/\/api.w.org\/{rel}","templated":true}]}}