{"id":4929,"date":"2020-06-03T10:35:00","date_gmt":"2020-06-03T09:35:00","guid":{"rendered":"http:\/\/www.si-hu.eu\/hu2\/?page_id=4929"},"modified":"2020-06-03T10:35:00","modified_gmt":"2020-06-03T09:35:00","slug":"motivage","status":"publish","type":"page","link":"http:\/\/www.si-hu.eu\/hu2\/motivage\/","title":{"rendered":"MOTIVAGE"},"content":{"rendered":"\n<style type=\"text\/css\" data-created_by=\"avia_inline_auto\" id=\"style-css-av-av_two_third-6126cab7d8fab8d08143dd2dacdf673c\">\n.flex_column.av-av_two_third-6126cab7d8fab8d08143dd2dacdf673c{\nborder-radius:0px 0px 0px 0px;\n-webkit-border-radius:0px 0px 0px 0px;\n-moz-border-radius:0px 0px 0px 0px;\n}\n<\/style>\n<div class='flex_column av-av_two_third-6126cab7d8fab8d08143dd2dacdf673c av_two_third  avia-builder-el-0  el_before_av_one_third  avia-builder-el-first  first flex_column_div av-zero-column-padding '   ><section  class='av_textblock_section av-av_textblock-0366cc7376be6c9e82a3e9cc8987b64f'  itemscope=\"itemscope\" itemtype=\"https:\/\/schema.org\/CreativeWork\" ><div class='avia_textblock'  itemprop=\"text\" ><h1>MOTIVAGE<\/h1>\n<h5>Id\u0151sbar\u00e1t r\u00e9gi\u00f3 kialak\u00edt\u00e1sa a hat\u00e1rt\u00e9rs\u00e9gben, a biztons\u00e1gos \u00e9s akt\u00edv id\u0151skort el\u0151seg\u00edt\u0151, hossz\u00fa t\u00e1v\u00fa egy\u00fcttm\u0171k\u00f6d\u00e9sek kialak\u00edt\u00e1s\u00e1val<\/h5>\n<\/div><\/section><\/div>\n\n<style type=\"text\/css\" data-created_by=\"avia_inline_auto\" id=\"style-css-av-av_one_third-0aa7055fe62c3622faec82866afbaeb2\">\n.flex_column.av-av_one_third-0aa7055fe62c3622faec82866afbaeb2{\nborder-radius:0px 0px 0px 0px;\n-webkit-border-radius:0px 0px 0px 0px;\n-moz-border-radius:0px 0px 0px 0px;\n}\n<\/style>\n<div class='flex_column av-av_one_third-0aa7055fe62c3622faec82866afbaeb2 av_one_third  avia-builder-el-2  el_after_av_two_third  el_before_av_one_full  flex_column_div av-zero-column-padding '   ><style type=\"text\/css\" data-created_by=\"avia_inline_auto\" id=\"style-css-av-av_image-4071f9c6adf84bcc449e97e502175b5c\">\n.avia-image-container.av-av_image-4071f9c6adf84bcc449e97e502175b5c .av-image-caption-overlay-center{\ncolor:#ffffff;\n}\n<\/style>\n<div  class='avia-image-container av-av_image-4071f9c6adf84bcc449e97e502175b5c av-styling- avia-align-center  avia-builder-el-3  avia-builder-el-no-sibling '  itemprop=\"image\" itemscope=\"itemscope\" itemtype=\"https:\/\/schema.org\/ImageObject\" ><div class=\"avia-image-container-inner\"><div class=\"avia-image-overlay-wrap\"><img class='wp-image-3665 avia-img-lazy-loading-not-3665 avia_image' src=\"http:\/\/www.si-hu.eu\/hu2\/wp-content\/uploads\/sites\/10\/2018\/11\/interreg_icon_public_neg_RGB-80x80.jpg\" alt='' title=''  height=\"80\" width=\"80\"  itemprop=\"thumbnailUrl\" srcset=\"http:\/\/www.si-hu.eu\/hu2\/wp-content\/uploads\/sites\/10\/2018\/11\/interreg_icon_public_neg_RGB-80x80.jpg 80w, http:\/\/www.si-hu.eu\/hu2\/wp-content\/uploads\/sites\/10\/2018\/11\/interreg_icon_public_neg_RGB-300x300.jpg 300w, http:\/\/www.si-hu.eu\/hu2\/wp-content\/uploads\/sites\/10\/2018\/11\/interreg_icon_public_neg_RGB-768x768.jpg 768w, http:\/\/www.si-hu.eu\/hu2\/wp-content\/uploads\/sites\/10\/2018\/11\/interreg_icon_public_neg_RGB-1030x1030.jpg 1030w, http:\/\/www.si-hu.eu\/hu2\/wp-content\/uploads\/sites\/10\/2018\/11\/interreg_icon_public_neg_RGB-600x600.jpg 600w, http:\/\/www.si-hu.eu\/hu2\/wp-content\/uploads\/sites\/10\/2018\/11\/interreg_icon_public_neg_RGB-36x36.jpg 36w, http:\/\/www.si-hu.eu\/hu2\/wp-content\/uploads\/sites\/10\/2018\/11\/interreg_icon_public_neg_RGB-180x180.jpg 180w, http:\/\/www.si-hu.eu\/hu2\/wp-content\/uploads\/sites\/10\/2018\/11\/interreg_icon_public_neg_RGB-1500x1500.jpg 1500w, http:\/\/www.si-hu.eu\/hu2\/wp-content\/uploads\/sites\/10\/2018\/11\/interreg_icon_public_neg_RGB-705x705.jpg 705w, http:\/\/www.si-hu.eu\/hu2\/wp-content\/uploads\/sites\/10\/2018\/11\/interreg_icon_public_neg_RGB-120x120.jpg 120w, http:\/\/www.si-hu.eu\/hu2\/wp-content\/uploads\/sites\/10\/2018\/11\/interreg_icon_public_neg_RGB-450x450.jpg 450w\" sizes=\"(max-width: 80px) 100vw, 80px\" \/><\/div><\/div><\/div><\/div>\n\n<style type=\"text\/css\" data-created_by=\"avia_inline_auto\" id=\"style-css-av-av_one_full-6126cab7d8fab8d08143dd2dacdf673c\">\n.flex_column.av-av_one_full-6126cab7d8fab8d08143dd2dacdf673c{\nborder-radius:0px 0px 0px 0px;\n-webkit-border-radius:0px 0px 0px 0px;\n-moz-border-radius:0px 0px 0px 0px;\n}\n<\/style>\n<div class='flex_column av-av_one_full-6126cab7d8fab8d08143dd2dacdf673c av_one_full  avia-builder-el-4  el_after_av_one_third  el_before_av_two_third  first flex_column_div av-zero-column-padding column-top-margin'   ><div  class='hr av-av_hr-dcd2069817a0e3d34ae04cad8f3443c7 hr-default  avia-builder-el-5  avia-builder-el-no-sibling '><span class='hr-inner '><span class=\"hr-inner-style\"><\/span><\/span><\/div><\/div>\n\n<style type=\"text\/css\" data-created_by=\"avia_inline_auto\" id=\"style-css-av-av_two_third-6126cab7d8fab8d08143dd2dacdf673c\">\n.flex_column.av-av_two_third-6126cab7d8fab8d08143dd2dacdf673c{\nborder-radius:0px 0px 0px 0px;\n-webkit-border-radius:0px 0px 0px 0px;\n-moz-border-radius:0px 0px 0px 0px;\n}\n<\/style>\n<div class='flex_column av-av_two_third-6126cab7d8fab8d08143dd2dacdf673c av_two_third  avia-builder-el-6  el_after_av_one_full  el_before_av_one_third  first flex_column_div av-zero-column-padding column-top-margin'   ><section  class='av_textblock_section av-av_textblock-0366cc7376be6c9e82a3e9cc8987b64f'  itemscope=\"itemscope\" itemtype=\"https:\/\/schema.org\/CreativeWork\" ><div class='avia_textblock'  itemprop=\"text\" ><p><img loading=\"lazy\" class=\"wp-image-4931 size-medium alignleft\" src=\"http:\/\/www.si-hu.eu\/hu2\/wp-content\/uploads\/sites\/10\/2020\/06\/MOTIVAGE-logo-1-Color-247x300.png\" alt=\"\" width=\"247\" height=\"300\" srcset=\"http:\/\/www.si-hu.eu\/hu2\/wp-content\/uploads\/sites\/10\/2020\/06\/MOTIVAGE-logo-1-Color-247x300.png 247w, http:\/\/www.si-hu.eu\/hu2\/wp-content\/uploads\/sites\/10\/2020\/06\/MOTIVAGE-logo-1-Color-768x932.png 768w, http:\/\/www.si-hu.eu\/hu2\/wp-content\/uploads\/sites\/10\/2020\/06\/MOTIVAGE-logo-1-Color-849x1030.png 849w, http:\/\/www.si-hu.eu\/hu2\/wp-content\/uploads\/sites\/10\/2020\/06\/MOTIVAGE-logo-1-Color-600x728.png 600w, http:\/\/www.si-hu.eu\/hu2\/wp-content\/uploads\/sites\/10\/2020\/06\/MOTIVAGE-logo-1-Color-1236x1500.png 1236w, http:\/\/www.si-hu.eu\/hu2\/wp-content\/uploads\/sites\/10\/2020\/06\/MOTIVAGE-logo-1-Color-581x705.png 581w, http:\/\/www.si-hu.eu\/hu2\/wp-content\/uploads\/sites\/10\/2020\/06\/MOTIVAGE-logo-1-Color-450x546.png 450w, http:\/\/www.si-hu.eu\/hu2\/wp-content\/uploads\/sites\/10\/2020\/06\/MOTIVAGE-logo-1-Color.png 1902w\" sizes=\"(max-width: 247px) 100vw, 247px\" \/>Az Eur\u00f3pa el\u0151tt \u00e1ll\u00f3 egyik legnagyobb feladat a t\u00e1rsadalom el\u00f6reged\u00e9s\u00e9vel j\u00e1r\u00f3 kih\u00edv\u00e1sok hat\u00e9kony kezel\u00e9se. N\u00f6vekv\u0151 r\u00e9szar\u00e1nyuk ellen\u00e9re az id\u0151sebbek \u00e9rdek\u00e9rv\u00e9nyes\u00edt\u0151 k\u00e9pess\u00e9ge m\u00e1s koroszt\u00e1lyokhoz k\u00e9pest gyenge, nyugd\u00edjaz\u00e1s ut\u00e1n nemcsak a munkaer\u0151piaci, hanem a k\u00f6z\u00f6ss\u00e9gi folyamatokb\u00f3l is kimaradnak, mely a roml\u00f3 eg\u00e9szs\u00e9gi \u00e1llapottal egy\u00fctt izol\u00e1ci\u00f3hoz vezet. A demencia, mint az \u00f6nell\u00e1t\u00f3-k\u00e9pess\u00e9g teljes elveszt\u00e9s\u00e9hez vezet\u0151 t\u00fcnetegy\u00fcttes, a programter\u00fcleten is egyre t\u00f6bb szem\u00e9lyt \u00e9rint, komoly kih\u00edv\u00e1s el\u00e9 \u00e1ll\u00edtva a csal\u00e1dokat, a szoci\u00e1lis ell\u00e1t\u00f3rendszert \u00e9s a helyi k\u00f6z\u00f6ss\u00e9g eg\u00e9sz\u00e9t. A hat\u00e1rt\u00e9rs\u00e9gek perif\u00e9rikus elhelyezked\u00e9se tov\u00e1bb nehez\u00edti a t\u00e1rsadalom el\u00f6reged\u00e9se okozta kih\u00edv\u00e1sokat komplex m\u00f3don kezel\u0151 megold\u00e1sok kialak\u00edt\u00e1s\u00e1t, mik\u00f6zben az id\u0151s\u00f6d\u00e9ssel egy\u00fctt j\u00e1r\u00f3 folyamatok a t\u00e1rsadalom nagy r\u00e9sze el\u0151tt ismeretlenek maradnak.<\/p>\n<p>A MOTIVAGE Lendva \u00e9s Szentgotth\u00e1rd t\u00e9rs\u00e9g\u00e9t egy integr\u00e1lt id\u0151sbar\u00e1t r\u00e9gi\u00f3v\u00e1 alak\u00edtja, ahol \u00f6szt\u00f6nzik a t\u00e1rsadalmi \u00e9s gazdas\u00e1gi r\u00e9szv\u00e9telt, \u00e9s t\u00e1mogatj\u00e1k a felel\u0151s \u00e9s \u00f6n\u00e1ll\u00f3 \u00e9letvitelt, n\u00f6velve az id\u0151sek j\u00f3 eg\u00e9szs\u00e9gben, akt\u00edvan \u00e9s m\u00e9lt\u00f3s\u00e1gban meg\u00e9lt \u00e9veinek sz\u00e1m\u00e1t, tehermentes\u00edtve az int\u00e9zm\u00e9nyeket \u00e9s er\u0151s\u00edtve a k\u00f6z\u00f6ss\u00e9gi koh\u00e9zi\u00f3t. A projekt a strat\u00e9giai keretek kidolgoz\u00e1s\u00e1val \u00e9s az int\u00e9zm\u00e9nyi, szolg\u00e1ltat\u00f3i, gazdas\u00e1gi, civil \u00e9s \u00f6nkorm\u00e1nyzati partnerek sz\u00e9lesk\u00f6r\u0171 egy\u00fcttm\u0171k\u00f6d\u00e9s\u00e9vel val\u00f3s\u00edt meg innovat\u00edv \u00e9s a hat\u00e1r mindk\u00e9t oldal\u00e1t c\u00e9lz\u00f3 beavatkoz\u00e1sokat: eg\u00e9szs\u00e9g\u00fcgyi prevenci\u00f3; jelz\u0151rendszeres h\u00e1zi seg\u00edts\u00e9gny\u00fajt\u00e1s; gener\u00e1ci\u00f3k egy\u00fcttm\u0171k\u00f6d\u00e9s\u00e9n alapul\u00f3 \u00f6nk\u00e9ntess\u00e9g (ahol az id\u0151sek nem csak fogad\u00f3i a seg\u00edts\u00e9gnek); gazdas\u00e1gi reaktiv\u00e1l\u00e1s. A MOTIVAGE azonos\u00edtja a hat\u00e1rt\u00e9rs\u00e9gek komplex id\u0151sbar\u00e1t fejleszt\u00e9seit nehez\u00edt\u0151 adminisztrat\u00edv, jogi \u00e9s finansz\u00edroz\u00e1si akad\u00e1lyokat, t\u00e1mogatva a hasonl\u00f3 hat\u00e1rmenti kezdem\u00e9nyez\u00e9seket, \u00e9s \u00f6szt\u00f6n\u00f6zve a szakpolitikai k\u00f6rnyezet hat\u00e1ron \u00e1tny\u00fal\u00f3 szoci\u00e1lis szolg\u00e1ltat\u00e1sokat t\u00e1mogat\u00f3 \u00e1talak\u00edt\u00e1s\u00e1t.<\/p>\n<\/div><\/section><\/div>\n\n<style type=\"text\/css\" data-created_by=\"avia_inline_auto\" id=\"style-css-av-av_one_third-0aa7055fe62c3622faec82866afbaeb2\">\n.flex_column.av-av_one_third-0aa7055fe62c3622faec82866afbaeb2{\nborder-radius:0px 0px 0px 0px;\n-webkit-border-radius:0px 0px 0px 0px;\n-moz-border-radius:0px 0px 0px 0px;\n}\n<\/style>\n<div class='flex_column av-av_one_third-0aa7055fe62c3622faec82866afbaeb2 av_one_third  avia-builder-el-8  el_after_av_two_third  el_before_av_one_full  flex_column_div av-zero-column-padding column-top-margin'   ><p>\n<style type=\"text\/css\" data-created_by=\"avia_inline_auto\" id=\"style-css-av-av_iconlist-b06021e845c44cd35373f25493d26102\">\n#top .avia-icon-list-container.av-av_iconlist-b06021e845c44cd35373f25493d26102 .iconlist_icon{\ncolor:#83a846;\nfont-size:17px;\n}\n#top #wrap_all .avia-icon-list-container.av-av_iconlist-b06021e845c44cd35373f25493d26102 .av_iconlist_title{\nfont-size:17px;\ncolor:#83a846;\n}\n.avia-icon-list-container.av-av_iconlist-b06021e845c44cd35373f25493d26102 .iconlist_content{\nfont-size:13px;\ncolor:#000000;\n}\n<\/style>\n<div  class='avia-icon-list-container av-av_iconlist-b06021e845c44cd35373f25493d26102  avia-builder-el-9  el_before_av_font_icon  avia-builder-el-first '><ul class='avia-icon-list avia_animate_when_almost_visible avia-icon-list-left av-iconlist-small av-av_iconlist-b06021e845c44cd35373f25493d26102 avia-iconlist-animate'>\n<li><div class='iconlist_icon av-av_iconlist_item-af490042fe7959698033a53145fb3ff3 avia-font-entypo-fontello'><span class='iconlist-char' aria-hidden='true' data-av_icon='\ue82a' data-av_iconfont='entypo-fontello'><\/span><\/div><article class=\"article-icon-entry \"  itemscope=\"itemscope\" itemtype=\"https:\/\/schema.org\/CreativeWork\" ><div class=\"iconlist_content_wrap\"><header class=\"entry-content-header\"><div class='av_iconlist_title iconlist_title_small  av_inherit_color'  itemprop=\"headline\" >2. PRIORIT\u00c1SI TENGELY<\/div><\/header><div class='iconlist_content av_inherit_color'  itemprop=\"text\" ><p><em>Beruh\u00e1z\u00e1si priorit\u00e1s 11b<\/em><\/p>\n<p>SC 2: <label id=\"mainForm:a1_dd_specObjective_label\" class=\"ui-selectonemenu-label ui-inputfield ui-corner-all\">Az egy\u00fcttm\u0171k\u00f6d\u00e9sre val\u00f3 k\u00e9pess\u00e9g (kapacit\u00e1s) n\u00f6vel\u00e9se a hat\u00e1ron \u00e1tny\u00fal\u00f3 kapcsolatok magasabb sz\u00ednvonala \u00e9rdek\u00e9ben<\/label><\/p>\n<div class=\"ui-selectonemenu-trigger ui-state-default ui-corner-right\">&nbsp;<\/div>\n<\/div><\/div><footer class=\"entry-footer\"><\/footer><\/article><div class=\"iconlist-timeline\"><\/div><\/li>\n<li><div class='iconlist_icon av-av_iconlist_item-de613b754114e4268a96f55011664a6f avia-font-entypo-fontello'><span class='iconlist-char' aria-hidden='true' data-av_icon='\ue85b' data-av_iconfont='entypo-fontello'><\/span><\/div><article class=\"article-icon-entry \"  itemscope=\"itemscope\" itemtype=\"https:\/\/schema.org\/CreativeWork\" ><div class=\"iconlist_content_wrap\"><header class=\"entry-content-header\"><div class='av_iconlist_title iconlist_title_small  av_inherit_color'  itemprop=\"headline\" >PROJEKT-FUTAMID\u0150<\/div><\/header><div class='iconlist_content av_inherit_color'  itemprop=\"text\" ><p>2020.03.01 &#8211; 2022.08.31.<\/p>\n<\/div><\/div><footer class=\"entry-footer\"><\/footer><\/article><div class=\"iconlist-timeline\"><\/div><\/li>\n<li><div class='iconlist_icon av-av_iconlist_item-305a864ab62252c4924fc3c9e7a1d664 avia-font-entypo-fontello'><span class='iconlist-char' aria-hidden='true' data-av_icon='\ue8d3' data-av_iconfont='entypo-fontello'><\/span><\/div><article class=\"article-icon-entry \"  itemscope=\"itemscope\" itemtype=\"https:\/\/schema.org\/CreativeWork\" ><div class=\"iconlist_content_wrap\"><header class=\"entry-content-header\"><div class='av_iconlist_title iconlist_title_small  av_inherit_color'  itemprop=\"headline\" >ERFA FORR\u00c1S \u00d6SSZEGE<\/div><\/header><div class='iconlist_content av_inherit_color'  itemprop=\"text\" ><p>288.116,00 EUR<\/p>\n<\/div><\/div><footer class=\"entry-footer\"><\/footer><\/article><div class=\"iconlist-timeline\"><\/div><\/li>\n<li><div class='iconlist_icon av-av_iconlist_item-3311fb92d373543c9076f9428d600b11 avia-font-entypo-fontello'><span class='iconlist-char' aria-hidden='true' data-av_icon='\ue80b' data-av_iconfont='entypo-fontello'><\/span><\/div><article class=\"article-icon-entry \"  itemscope=\"itemscope\" itemtype=\"https:\/\/schema.org\/CreativeWork\" ><div class=\"iconlist_content_wrap\"><header class=\"entry-content-header\"><div class='av_iconlist_title iconlist_title_small  av_inherit_color'  itemprop=\"headline\" >PROJEKTPARTNEREK<\/div><\/header><div class='iconlist_content av_inherit_color'  itemprop=\"text\" ><ul>\n<li>MURABA Korl\u00e1tolt Felel\u0151ss\u00e9g\u0171 Eur\u00f3pai Ter\u00fcleti T\u00e1rsul\u00e1s (Vezet\u0151 Partner)<\/li>\n<li>V\u00e1rosi Gondoz\u00e1si K\u00f6zpont Szentgotth\u00e1rd<\/li>\n<li>Rendel\u0151int\u00e9zet Szentgotth\u00e1rd<\/li>\n<li>Dom starej\u0161ih Lendava \/ Id\u0151sebb Polg\u00e1rok Otthona Lendva<\/li>\n<li>Dvojezi\u010dna osnovna \u0161ola II Lendava \/ 2. Sz. Lendvai K\u00e9tnyelv\u0171 \u00c1ltal\u00e1nos Iskola<\/li>\n<\/ul>\n<\/div><\/div><footer class=\"entry-footer\"><\/footer><\/article><div class=\"iconlist-timeline\"><\/div><\/li>\n<\/ul><\/div><br \/>\n\n<style type=\"text\/css\" data-created_by=\"avia_inline_auto\" id=\"style-css-av-av_font_icon-7c273acb558a96d88e00f0e0a10cf593\">\n.av_font_icon.av-av_font_icon-7c273acb558a96d88e00f0e0a10cf593{\ncolor:#b02b2c;\nborder-color:#b02b2c;\n}\n.av_font_icon.av-av_font_icon-7c273acb558a96d88e00f0e0a10cf593 .av-icon-char{\nfont-size:25px;\nline-height:25px;\nwidth:25px;\n}\n<\/style>\n<span  class='av_font_icon av-av_font_icon-7c273acb558a96d88e00f0e0a10cf593 avia_animate_when_visible av-icon-style-border avia-icon-pos-left avia-icon-animate'><a href='https:\/\/muraba.hu\/hu\/projekt\/motivage\/' target=\"_blank\" rel=\"noopener noreferrer\" class='av-icon-char' aria-hidden='true' data-av_icon='\ue821' data-av_iconfont='entypo-fontello'><\/a><\/span><br \/>\n\n<style type=\"text\/css\" data-created_by=\"avia_inline_auto\" id=\"style-css-av-av_font_icon-14b9c02d1427a9ba143b29d882450eac\">\n.av_font_icon.av-av_font_icon-14b9c02d1427a9ba143b29d882450eac{\ncolor:#1b7ee8;\nborder-color:#1b7ee8;\n}\n.av_font_icon.av-av_font_icon-14b9c02d1427a9ba143b29d882450eac .av-icon-char{\nfont-size:25px;\nline-height:25px;\nwidth:25px;\n}\n<\/style>\n<span  class='av_font_icon av-av_font_icon-14b9c02d1427a9ba143b29d882450eac avia_animate_when_visible av-icon-style-border avia-icon-pos-left avia-icon-animate'><a href='https:\/\/www.facebook.com\/Motivage-111719350555885' target=\"_blank\" rel=\"noopener noreferrer\" class='av-icon-char' aria-hidden='true' data-av_icon='\ue8f5' data-av_iconfont='entypo-fontello'><\/a><\/span><\/p><\/div>\n<style type=\"text\/css\" data-created_by=\"avia_inline_auto\" id=\"style-css-av-av_one_full-6126cab7d8fab8d08143dd2dacdf673c\">\n.flex_column.av-av_one_full-6126cab7d8fab8d08143dd2dacdf673c{\nborder-radius:0px 0px 0px 0px;\n-webkit-border-radius:0px 0px 0px 0px;\n-moz-border-radius:0px 0px 0px 0px;\n}\n<\/style>\n<div class='flex_column av-av_one_full-6126cab7d8fab8d08143dd2dacdf673c av_one_full  avia-builder-el-12  el_after_av_one_third  avia-builder-el-last  first flex_column_div av-zero-column-padding column-top-margin'   ><div  class='av-social-sharing-box av-av_social_share-981f7761336080d54c04d7ac30ef78f7 av-social-sharing-box-default  avia-builder-el-13  avia-builder-el-no-sibling  av-social-sharing-box-fullwidth'><div class=\"av-share-box\"><h5 class='av-share-link-description av-no-toc '>Share this entry<\/h5><ul class=\"av-share-box-list noLightbox\"><li class='av-share-link av-social-link-facebook' ><a target=\"_blank\" aria-label=\"Share on Facebook\" href='https:\/\/www.facebook.com\/sharer.php?u=http:\/\/www.si-hu.eu\/hu2\/motivage\/&#038;t=MOTIVAGE' aria-hidden='false' data-av_icon='\ue8f3' data-av_iconfont='entypo-fontello' title='' data-avia-related-tooltip='Share on Facebook' rel=\"noopener\"><span class='avia_hidden_link_text'>Share on Facebook<\/span><\/a><\/li><li class='av-share-link av-social-link-twitter' ><a target=\"_blank\" aria-label=\"Share on Twitter\" href='https:\/\/twitter.com\/share?text=MOTIVAGE&#038;url=http:\/\/www.si-hu.eu\/hu2\/?p=4929' aria-hidden='false' data-av_icon='\ue8f1' data-av_iconfont='entypo-fontello' title='' data-avia-related-tooltip='Share on Twitter' rel=\"noopener\"><span class='avia_hidden_link_text'>Share on Twitter<\/span><\/a><\/li><li class='av-share-link av-social-link-pinterest' ><a target=\"_blank\" aria-label=\"Share on Pinterest\" href='https:\/\/pinterest.com\/pin\/create\/button\/?url=http%3A%2F%2Fwww.si-hu.eu%2Fhu2%2Fmotivage%2F&#038;description=MOTIVAGE&#038;media=' aria-hidden='false' data-av_icon='\ue8f8' data-av_iconfont='entypo-fontello' title='' data-avia-related-tooltip='Share on Pinterest' rel=\"noopener\"><span class='avia_hidden_link_text'>Share on Pinterest<\/span><\/a><\/li><li class='av-share-link av-social-link-linkedin' ><a target=\"_blank\" aria-label=\"Share on LinkedIn\" href='https:\/\/linkedin.com\/shareArticle?mini=true&#038;title=MOTIVAGE&#038;url=http:\/\/www.si-hu.eu\/hu2\/motivage\/' aria-hidden='false' data-av_icon='\ue8fc' data-av_iconfont='entypo-fontello' title='' data-avia-related-tooltip='Share on LinkedIn' rel=\"noopener\"><span class='avia_hidden_link_text'>Share on LinkedIn<\/span><\/a><\/li><li class='av-share-link av-social-link-tumblr' ><a target=\"_blank\" aria-label=\"Share on Tumblr\" href='https:\/\/www.tumblr.com\/share\/link?url=http%3A%2F%2Fwww.si-hu.eu%2Fhu2%2Fmotivage%2F&#038;name=MOTIVAGE&#038;description=' aria-hidden='false' data-av_icon='\ue8fa' data-av_iconfont='entypo-fontello' title='' data-avia-related-tooltip='Share on Tumblr' rel=\"noopener\"><span class='avia_hidden_link_text'>Share on Tumblr<\/span><\/a><\/li><li class='av-share-link av-social-link-vk' ><a target=\"_blank\" aria-label=\"Share on Vk\" href='https:\/\/vk.com\/share.php?url=http:\/\/www.si-hu.eu\/hu2\/motivage\/' aria-hidden='false' data-av_icon='\ue926' data-av_iconfont='entypo-fontello' title='' data-avia-related-tooltip='Share on Vk' rel=\"noopener\"><span class='avia_hidden_link_text'>Share on Vk<\/span><\/a><\/li><li class='av-share-link av-social-link-reddit' ><a target=\"_blank\" aria-label=\"Share on Reddit\" href='https:\/\/reddit.com\/submit?url=http:\/\/www.si-hu.eu\/hu2\/motivage\/&#038;title=MOTIVAGE' aria-hidden='false' data-av_icon='\ue927' data-av_iconfont='entypo-fontello' title='' data-avia-related-tooltip='Share on Reddit' rel=\"noopener\"><span class='avia_hidden_link_text'>Share on Reddit<\/span><\/a><\/li><li class='av-share-link av-social-link-mail' ><a  aria-label=\"Share by Mail\" href='mailto:?subject=MOTIVAGE&#038;body=http:\/\/www.si-hu.eu\/hu2\/motivage\/' aria-hidden='false' data-av_icon='\ue805' data-av_iconfont='entypo-fontello' title='' data-avia-related-tooltip='Share by Mail'><span class='avia_hidden_link_text'>Share by Mail<\/span><\/a><\/li><\/ul><\/div><\/div><\/div><\/p>\n","protected":false},"excerpt":{"rendered":"","protected":false},"author":80,"featured_media":0,"parent":0,"menu_order":0,"comment_status":"closed","ping_status":"closed","template":"","meta":{"ngg_post_thumbnail":0},"acf":[],"_links":{"self":[{"href":"http:\/\/www.si-hu.eu\/hu2\/wp-json\/wp\/v2\/pages\/4929"}],"collection":[{"href":"http:\/\/www.si-hu.eu\/hu2\/wp-json\/wp\/v2\/pages"}],"about":[{"href":"http:\/\/www.si-hu.eu\/hu2\/wp-json\/wp\/v2\/types\/page"}],"author":[{"embeddable":true,"href":"http:\/\/www.si-hu.eu\/hu2\/wp-json\/wp\/v2\/users\/80"}],"replies":[{"embeddable":true,"href":"http:\/\/www.si-hu.eu\/hu2\/wp-json\/wp\/v2\/comments?post=4929"}],"version-history":[{"count":6,"href":"http:\/\/www.si-hu.eu\/hu2\/wp-json\/wp\/v2\/pages\/4929\/revisions"}],"predecessor-version":[{"id":4954,"href":"http:\/\/www.si-hu.eu\/hu2\/wp-json\/wp\/v2\/pages\/4929\/revisions\/4954"}],"wp:attachment":[{"href":"http:\/\/www.si-hu.eu\/hu2\/wp-json\/wp\/v2\/media?parent=4929"}],"curies":[{"name":"wp","href":"https:\/\/api.w.org\/{rel}","templated":true}]}}