{"id":520,"date":"2016-01-22T09:47:04","date_gmt":"2016-01-22T08:47:04","guid":{"rendered":"http:\/\/www.si-hu.eu\/hu2\/?page_id=520"},"modified":"2016-06-20T07:47:21","modified_gmt":"2016-06-20T06:47:21","slug":"palyazoknak-szolo-tajekoztato-workshopok-a-projektjavaslatok-elso-benyujtasi-hataridejet-megelozoen","status":"publish","type":"page","link":"http:\/\/www.si-hu.eu\/hu2\/palyazoknak-szolo-tajekoztato-workshopok-a-projektjavaslatok-elso-benyujtasi-hataridejet-megelozoen\/","title":{"rendered":"P\u00e1ly\u00e1z\u00f3knak sz\u00f3l\u00f3 t\u00e1j\u00e9koztat\u00f3 workshopok a projektjavaslatok els\u0151 beny\u00fajt\u00e1si hat\u00e1ridej\u00e9t megel\u0151z\u0151en"},"content":{"rendered":"<div id='layer_slider_1'  class='avia-layerslider main_color avia-shadow  avia-builder-el-0  el_before_av_one_full  avia-builder-el-first  container_wrap sidebar_right'  style='height: 471px;'  ><div id=\"layerslider_3_s0swe8hz08e2\" class=\"ls-wp-container fitvidsignore\" style=\"width:100%;height:470px;margin:0 auto;margin-bottom: 0px;\"><div class=\"ls-slide\" data-ls=\"duration:7000;transition2d:11,13,23;transition3d:all;\"><img width=\"1900\" height=\"600\" src=\"http:\/\/www.si-hu.eu\/hu2\/wp-content\/uploads\/sites\/10\/2015\/10\/slide-intereg-hu.jpg\" class=\"ls-bg\" alt=\"\" srcset=\"http:\/\/www.si-hu.eu\/hu2\/wp-content\/uploads\/sites\/10\/2015\/10\/slide-intereg-hu.jpg 1900w, http:\/\/www.si-hu.eu\/hu2\/wp-content\/uploads\/sites\/10\/2015\/10\/slide-intereg-hu-300x95.jpg 300w, http:\/\/www.si-hu.eu\/hu2\/wp-content\/uploads\/sites\/10\/2015\/10\/slide-intereg-hu-1030x325.jpg 1030w, http:\/\/www.si-hu.eu\/hu2\/wp-content\/uploads\/sites\/10\/2015\/10\/slide-intereg-hu-600x189.jpg 600w, http:\/\/www.si-hu.eu\/hu2\/wp-content\/uploads\/sites\/10\/2015\/10\/slide-intereg-hu-1500x474.jpg 1500w, http:\/\/www.si-hu.eu\/hu2\/wp-content\/uploads\/sites\/10\/2015\/10\/slide-intereg-hu-705x223.jpg 705w, http:\/\/www.si-hu.eu\/hu2\/wp-content\/uploads\/sites\/10\/2015\/10\/slide-intereg-hu-450x142.jpg 450w\" sizes=\"(max-width: 1900px) 100vw, 1900px\" \/><h2 style=\"padding-top:10px;padding-right:10px;padding-bottom:10px;padding-left:10px;color:#ffffff;background:#436f4d;border-radius:15px;top:140px;left:120px;\" class=\"ls-l ls-text-layer\" data-ls=\"offsetxin:80;offsetxout:-80;durationout:400;parallaxlevel:0;\">Interreg V-A Szlov&eacute;nia-Magyarorsz&aacute;g Egy&uuml;ttm&#369;k&ouml;d&eacute;si Program<\/h2><\/div><div class=\"ls-slide\" data-ls=\"duration:8000;\"><img width=\"1900\" height=\"600\" src=\"http:\/\/www.si-hu.eu\/hu2\/wp-content\/uploads\/sites\/10\/2015\/10\/slide-intereg-hu_02.jpg\" class=\"ls-bg\" alt=\"\" srcset=\"http:\/\/www.si-hu.eu\/hu2\/wp-content\/uploads\/sites\/10\/2015\/10\/slide-intereg-hu_02.jpg 1900w, http:\/\/www.si-hu.eu\/hu2\/wp-content\/uploads\/sites\/10\/2015\/10\/slide-intereg-hu_02-300x95.jpg 300w, http:\/\/www.si-hu.eu\/hu2\/wp-content\/uploads\/sites\/10\/2015\/10\/slide-intereg-hu_02-1030x325.jpg 1030w, http:\/\/www.si-hu.eu\/hu2\/wp-content\/uploads\/sites\/10\/2015\/10\/slide-intereg-hu_02-600x189.jpg 600w, http:\/\/www.si-hu.eu\/hu2\/wp-content\/uploads\/sites\/10\/2015\/10\/slide-intereg-hu_02-1500x474.jpg 1500w, http:\/\/www.si-hu.eu\/hu2\/wp-content\/uploads\/sites\/10\/2015\/10\/slide-intereg-hu_02-705x223.jpg 705w, http:\/\/www.si-hu.eu\/hu2\/wp-content\/uploads\/sites\/10\/2015\/10\/slide-intereg-hu_02-450x142.jpg 450w\" sizes=\"(max-width: 1900px) 100vw, 1900px\" \/><h2 style=\"padding-top:10px;padding-right:10px;padding-bottom:10px;padding-left:10px;color:#ffffff;background:#436f4d;top:140px;left:120px;\" class=\"ls-l ls-text-layer\" data-ls=\"offsetxin:80;offsetxout:-80;durationout:400;parallaxlevel:0;\">Interreg V-A Szlov&eacute;nia-Magyarorsz&aacute;g Egy&uuml;ttm&#369;k&ouml;d&eacute;si Program<\/h2><\/div><\/div><\/div><div id='after_layer_slider_1'  class='main_color av_default_container_wrap container_wrap sidebar_right'  ><div class='container av-section-cont-open' ><div class='template-page content  av-content-small alpha units'><div class='post-entry post-entry-type-page post-entry-520'><div class='entry-content-wrapper clearfix'>\n\n<style type=\"text\/css\" data-created_by=\"avia_inline_auto\" id=\"style-css-av-av_one_full-352b07ef7d3bc99b2e9f92e7a9e06bdb\">\n.flex_column.av-av_one_full-352b07ef7d3bc99b2e9f92e7a9e06bdb{\nborder-radius:0px 0px 0px 0px;\n-webkit-border-radius:0px 0px 0px 0px;\n-moz-border-radius:0px 0px 0px 0px;\n}\n<\/style>\n<div class='flex_column av-av_one_full-352b07ef7d3bc99b2e9f92e7a9e06bdb av_one_full  avia-builder-el-1  el_after_av_layerslider  el_before_av_one_third  avia-builder-el-first  first flex_column_div av-zero-column-padding '   ><section  class='av_textblock_section av-av_textblock-0366cc7376be6c9e82a3e9cc8987b64f'  itemscope=\"itemscope\" itemtype=\"https:\/\/schema.org\/CreativeWork\" ><div class='avia_textblock'  itemprop=\"text\" ><h3>P\u00e1ly\u00e1z\u00f3knak sz\u00f3l\u00f3 t\u00e1j\u00e9koztat\u00f3 workshopok a projektjavaslatok els\u0151 beny\u00fajt\u00e1si hat\u00e1ridej\u00e9t megel\u0151z\u0151en<\/h3>\n<\/div><\/section><\/div>\n\n<style type=\"text\/css\" data-created_by=\"avia_inline_auto\" id=\"style-css-av-av_one_third-352b07ef7d3bc99b2e9f92e7a9e06bdb\">\n.flex_column.av-av_one_third-352b07ef7d3bc99b2e9f92e7a9e06bdb{\nborder-radius:0px 0px 0px 0px;\n-webkit-border-radius:0px 0px 0px 0px;\n-moz-border-radius:0px 0px 0px 0px;\n}\n<\/style>\n<div class='flex_column av-av_one_third-352b07ef7d3bc99b2e9f92e7a9e06bdb av_one_third  avia-builder-el-3  el_after_av_one_full  el_before_av_two_third  first flex_column_div av-zero-column-padding column-top-margin'   ><section  class='av_textblock_section av-av_textblock-0366cc7376be6c9e82a3e9cc8987b64f'  itemscope=\"itemscope\" itemtype=\"https:\/\/schema.org\/CreativeWork\" ><div class='avia_textblock'  itemprop=\"text\" ><h4>K\u00e9pek a workshopr\u00f3l<\/h4>\n<p><a href=\"http:\/\/www.si-hu.eu\/hu2\/novice\/galerija-slik\/\" target=\"_blank\"><img loading=\"lazy\" class=\"alignnone wp-image-517 size-full\" src=\"http:\/\/www.si-hu.eu\/hu2\/wp-content\/uploads\/sites\/10\/2016\/01\/workshop1_collage.jpg\" alt=\"workshop1_collage\" width=\"1200\" height=\"816\" srcset=\"http:\/\/www.si-hu.eu\/hu2\/wp-content\/uploads\/sites\/10\/2016\/01\/workshop1_collage.jpg 1200w, http:\/\/www.si-hu.eu\/hu2\/wp-content\/uploads\/sites\/10\/2016\/01\/workshop1_collage-300x204.jpg 300w, http:\/\/www.si-hu.eu\/hu2\/wp-content\/uploads\/sites\/10\/2016\/01\/workshop1_collage-1030x700.jpg 1030w, http:\/\/www.si-hu.eu\/hu2\/wp-content\/uploads\/sites\/10\/2016\/01\/workshop1_collage-600x408.jpg 600w, http:\/\/www.si-hu.eu\/hu2\/wp-content\/uploads\/sites\/10\/2016\/01\/workshop1_collage-705x479.jpg 705w, http:\/\/www.si-hu.eu\/hu2\/wp-content\/uploads\/sites\/10\/2016\/01\/workshop1_collage-450x306.jpg 450w\" sizes=\"(max-width: 1200px) 100vw, 1200px\" \/><\/a><a href=\"http:\/\/www.si-hu.eu\/hu2\/novice\/galerija-slik\/\" target=\"_blank\">http:\/\/www.si-hu.eu\/hu2\/novice\/galerija-slik\/<\/a><\/p>\n<\/div><\/section><\/div>\n\n<style type=\"text\/css\" data-created_by=\"avia_inline_auto\" id=\"style-css-av-av_two_third-2a64de42b738552fe666ca889af77e28\">\n.flex_column.av-av_two_third-2a64de42b738552fe666ca889af77e28{\nborder-radius:0px 0px 0px 0px;\n-webkit-border-radius:0px 0px 0px 0px;\n-moz-border-radius:0px 0px 0px 0px;\n}\n<\/style>\n<div class='flex_column av-av_two_third-2a64de42b738552fe666ca889af77e28 av_two_third  avia-builder-el-5  el_after_av_one_third  el_before_av_one_third  flex_column_div av-zero-column-padding column-top-margin'   ><section  class='av_textblock_section av-av_textblock-0366cc7376be6c9e82a3e9cc8987b64f'  itemscope=\"itemscope\" itemtype=\"https:\/\/schema.org\/CreativeWork\" ><div class='avia_textblock'  itemprop=\"text\" ><p style=\"text-align: justify;\">Az Interreg V-A Szlov\u00e9nia-Magyarorsz\u00e1g Egy\u00fcttm\u0171k\u00f6d\u00e9si Program 2014-2020 Ny\u00edlt P\u00e1ly\u00e1zati Felh\u00edv\u00e1s\u00e1nak keret\u00e9ben k\u00e9t workshop ker\u00fclt megrendez\u00e9sre a potenci\u00e1lis p\u00e1ly\u00e1z\u00f3k t\u00e1j\u00e9koztat\u00e1sa \u00e9rdek\u00e9ben a projektjavaslatok beny\u00fajt\u00e1si hat\u00e1ridej\u00e9t megel\u0151z\u0151en.<\/p>\n<p style=\"text-align: justify;\">Az Interreg V-A Szlov\u00e9nia-Magyarorsz\u00e1g Egy\u00fcttm\u0171k\u00f6d\u00e9si Program 2014-2020 Ny\u00edlt P\u00e1ly\u00e1zati Felh\u00edv\u00e1s\u00e1nak els\u0151 beny\u00fajt\u00e1si hat\u00e1ridej\u00e9ig megrendezett els\u0151 workshopra <em>Magyarorsz\u00e1gon<\/em>, <em>Szombathelyen<\/em> ker\u00fclt sor <em>2016. janu\u00e1r 13-\u00e1n<\/em>, szerd\u00e1n. A m\u00e1sodik, ugyanolyan tartalommal megrendezett workshop <em>Szlov\u00e9ni\u00e1ban, Radenci-ben<\/em> val\u00f3sult meg <em>2016. janu\u00e1r 18-\u00e1n,<\/em> h\u00e9tf\u0151n.<\/p>\n<p style=\"text-align: justify;\">A workshopok keret\u00e9ben az Ir\u00e1ny\u00edt\u00f3 Hat\u00f3s\u00e1g \u00e9s a K\u00f6z\u00f6s Titk\u00e1rs\u00e1g r\u00f6viden ismertette a r\u00e9sztvev\u0151kkel az Egy\u00fcttm\u0171k\u00f6d\u00e9si Programot, a Ny\u00edlt P\u00e1ly\u00e1zati Felh\u00edv\u00e1sra vonatkoz\u00f3 inform\u00e1ci\u00f3kat, a K\u00f6lts\u00e9gek elsz\u00e1molhat\u00f3s\u00e1g\u00e1ra vonatkoz\u00f3 szab\u00e1lyokat, a T\u00e1j\u00e9koztat\u00e1sra \u00e9s nyilv\u00e1noss\u00e1gra vonatkoz\u00f3 el\u0151\u00edr\u00e1sokat, a p\u00e1ly\u00e1zati formanyomtatv\u00e1ny mell\u00e9kleteit \u00e9s az elektronikus Monitoring Rendszert (eMS), amelyen kereszt\u00fcl ny\u00fajthatj\u00e1k be a p\u00e1ly\u00e1z\u00f3k a projektjavaslataikat.<\/p>\n<p style=\"text-align: justify;\">Mindk\u00e9t workshopon t\u00f6bb mint 200 f\u0151 vett r\u00e9szt, amely l\u00e9tsz\u00e1m t\u00fckr\u00f6zi a potenci\u00e1lis p\u00e1ly\u00e1z\u00f3k nagy \u00e9rdekl\u0151d\u00e9s\u00e9t. A p\u00e1ly\u00e1zatok beny\u00fajt\u00e1s\u00e1nak els\u0151 hat\u00e1rideje 2016. febru\u00e1r 12. A m\u00e1sodik beny\u00fajt\u00e1si id\u0151szak lez\u00e1r\u00e1sa 2016 m\u00e1sodik fel\u00e9nek elej\u00e9re v\u00e1rhat\u00f3.<\/p>\n<\/div><\/section><\/div>\n\n<style type=\"text\/css\" data-created_by=\"avia_inline_auto\" id=\"style-css-av-av_one_third-352b07ef7d3bc99b2e9f92e7a9e06bdb\">\n.flex_column.av-av_one_third-352b07ef7d3bc99b2e9f92e7a9e06bdb{\nborder-radius:0px 0px 0px 0px;\n-webkit-border-radius:0px 0px 0px 0px;\n-moz-border-radius:0px 0px 0px 0px;\n}\n<\/style>\n<div class='flex_column av-av_one_third-352b07ef7d3bc99b2e9f92e7a9e06bdb av_one_third  avia-builder-el-7  el_after_av_two_third  el_before_av_one_third  first flex_column_div av-zero-column-padding column-top-margin'   ><\/div>\n\n<style type=\"text\/css\" data-created_by=\"avia_inline_auto\" id=\"style-css-av-av_one_third-2a64de42b738552fe666ca889af77e28\">\n.flex_column.av-av_one_third-2a64de42b738552fe666ca889af77e28{\nborder-radius:0px 0px 0px 0px;\n-webkit-border-radius:0px 0px 0px 0px;\n-moz-border-radius:0px 0px 0px 0px;\n}\n<\/style>\n<div class='flex_column av-av_one_third-2a64de42b738552fe666ca889af77e28 av_one_third  avia-builder-el-8  el_after_av_one_third  el_before_av_one_third  flex_column_div av-zero-column-padding column-top-margin'   ><section  class='av_textblock_section av-av_textblock-0366cc7376be6c9e82a3e9cc8987b64f'  itemscope=\"itemscope\" itemtype=\"https:\/\/schema.org\/CreativeWork\" ><div class='avia_textblock'  itemprop=\"text\" ><h4>A workshopok megh\u00edv\u00f3i<\/h4>\n<p><a href=\"http:\/\/www.si-hu.eu\/hu2\/wp-content\/uploads\/sites\/10\/2015\/12\/VABILO_MEGHIVO_delavnica_13_jan_FIN.pdf\" target=\"_blank\">Meghivo a Workshopra_13-1-2016<\/a><\/p>\n<p><a href=\"http:\/\/www.si-hu.eu\/hu2\/wp-content\/uploads\/sites\/10\/2015\/12\/VABILO_MEGHIVO_delavnica_18_jan_FIN.pdf\" target=\"_blank\">Meghivo a Workshopra_18-1-2016<\/a><\/p>\n<\/div><\/section><\/div>\n\n<style type=\"text\/css\" data-created_by=\"avia_inline_auto\" id=\"style-css-av-av_one_third-2a64de42b738552fe666ca889af77e28\">\n.flex_column.av-av_one_third-2a64de42b738552fe666ca889af77e28{\nborder-radius:0px 0px 0px 0px;\n-webkit-border-radius:0px 0px 0px 0px;\n-moz-border-radius:0px 0px 0px 0px;\n}\n<\/style>\n<div class='flex_column av-av_one_third-2a64de42b738552fe666ca889af77e28 av_one_third  avia-builder-el-10  el_after_av_one_third  avia-builder-el-last  flex_column_div av-zero-column-padding column-top-margin'   ><section  class='av_textblock_section av-av_textblock-0366cc7376be6c9e82a3e9cc8987b64f'  itemscope=\"itemscope\" itemtype=\"https:\/\/schema.org\/CreativeWork\" ><div class='avia_textblock'  itemprop=\"text\" ><h4>A workshopok prezent\u00e1ci\u00f3i<\/h4>\n<p><a href=\"http:\/\/www.si-hu.eu\/hu2\/wp-content\/uploads\/sites\/10\/2016\/01\/INTERREG_V-A_SI-HU_Egyuttmukodesi_Program.pdf\">INTERREG V-A SI-HU Egy\u00fcttm\u0171k\u00f6d\u00e9si Program<\/a><\/p>\n<p><a href=\"http:\/\/www.si-hu.eu\/hu2\/wp-content\/uploads\/sites\/10\/2016\/01\/Palyazati_felhivas.pdf\">P\u00e1ly\u00e1zati felh\u00edv\u00e1s<\/a><\/p>\n<p><a href=\"http:\/\/www.si-hu.eu\/hu2\/wp-content\/uploads\/sites\/10\/2016\/01\/Tamogathatosagi_Iranyelvek.pdf\">T\u00e1mogathat\u00f3s\u00e1gi Ir\u00e1nyelvek<\/a><\/p>\n<p><a href=\"http:\/\/www.si-hu.eu\/hu2\/wp-content\/uploads\/sites\/10\/2016\/01\/Tajekoztatas_es_Kommunikacio.pdf\">T\u00e1j\u00e9koztat\u00e1s \u00e9s Kommunik\u00e1ci\u00f3<\/a><\/p>\n<p><a href=\"http:\/\/www.si-hu.eu\/hu2\/wp-content\/uploads\/sites\/10\/2016\/01\/Application_form_DRAFT.pdf\"> P\u00e1ly\u00e1zati Formanyomtatv\u00e1ny Tervezet<\/a><\/p>\n<\/div><\/section><\/div>\n","protected":false},"excerpt":{"rendered":"","protected":false},"author":3,"featured_media":0,"parent":0,"menu_order":0,"comment_status":"closed","ping_status":"closed","template":"","meta":{"ngg_post_thumbnail":0},"acf":[],"_links":{"self":[{"href":"http:\/\/www.si-hu.eu\/hu2\/wp-json\/wp\/v2\/pages\/520"}],"collection":[{"href":"http:\/\/www.si-hu.eu\/hu2\/wp-json\/wp\/v2\/pages"}],"about":[{"href":"http:\/\/www.si-hu.eu\/hu2\/wp-json\/wp\/v2\/types\/page"}],"author":[{"embeddable":true,"href":"http:\/\/www.si-hu.eu\/hu2\/wp-json\/wp\/v2\/users\/3"}],"replies":[{"embeddable":true,"href":"http:\/\/www.si-hu.eu\/hu2\/wp-json\/wp\/v2\/comments?post=520"}],"version-history":[{"count":0,"href":"http:\/\/www.si-hu.eu\/hu2\/wp-json\/wp\/v2\/pages\/520\/revisions"}],"wp:attachment":[{"href":"http:\/\/www.si-hu.eu\/hu2\/wp-json\/wp\/v2\/media?parent=520"}],"curies":[{"name":"wp","href":"https:\/\/api.w.org\/{rel}","templated":true}]}}