{"id":53,"date":"2015-10-02T21:50:25","date_gmt":"2015-10-02T20:50:25","guid":{"rendered":"http:\/\/84.39.218.252\/si2\/?page_id=53"},"modified":"2021-09-08T13:19:02","modified_gmt":"2021-09-08T12:19:02","slug":"program-utmutatok","status":"publish","type":"page","link":"http:\/\/www.si-hu.eu\/hu2\/projektek\/program-utmutatok\/","title":{"rendered":"Program \u00fatmutat\u00f3k"},"content":{"rendered":"<div id='layer_slider_1'  class='avia-layerslider main_color avia-shadow  avia-builder-el-0  el_before_av_one_full  avia-builder-el-first  container_wrap sidebar_right'  style='height: 151px;'  ><div id=\"layerslider_4_1ulwf0ninebdw\" class=\"ls-wp-container fitvidsignore\" style=\"width:1600px;height:150px;margin:0 auto;margin-bottom: 0px;\"><div class=\"ls-slide\" data-ls=\"duration:5000;\"><img width=\"2048\" height=\"321\" src=\"http:\/\/www.si-hu.eu\/hu2\/wp-content\/uploads\/sites\/10\/layerslider\/ENSubSlider\/Clouds.jpg\" class=\"ls-bg\" alt=\"\" srcset=\"http:\/\/www.si-hu.eu\/hu2\/wp-content\/uploads\/sites\/10\/layerslider\/ENSubSlider\/Clouds.jpg 2048w, http:\/\/www.si-hu.eu\/hu2\/wp-content\/uploads\/sites\/10\/layerslider\/ENSubSlider\/Clouds-300x47.jpg 300w, http:\/\/www.si-hu.eu\/hu2\/wp-content\/uploads\/sites\/10\/layerslider\/ENSubSlider\/Clouds-1030x161.jpg 1030w, http:\/\/www.si-hu.eu\/hu2\/wp-content\/uploads\/sites\/10\/layerslider\/ENSubSlider\/Clouds-600x94.jpg 600w, http:\/\/www.si-hu.eu\/hu2\/wp-content\/uploads\/sites\/10\/layerslider\/ENSubSlider\/Clouds-1500x235.jpg 1500w, http:\/\/www.si-hu.eu\/hu2\/wp-content\/uploads\/sites\/10\/layerslider\/ENSubSlider\/Clouds-705x111.jpg 705w, http:\/\/www.si-hu.eu\/hu2\/wp-content\/uploads\/sites\/10\/layerslider\/ENSubSlider\/Clouds-450x71.jpg 450w\" sizes=\"(max-width: 2048px) 100vw, 2048px\" \/><h2 style=\"padding-top:10px;padding-right:10px;padding-bottom:10px;padding-left:10px;color:#ffffff;background:#436f4d;border-radius:15px;top:80px;left:40px;\" class=\"ls-l ls-text-layer\" data-ls=\"offsetxin:80;offsetxout:-80;durationout:400;parallaxlevel:0;\">Interreg V-A Szlov&eacute;nia-Magyarorsz&aacute;g Egy&uuml;ttm&#369;k&ouml;d&eacute;si Program<\/h2><\/div><div class=\"ls-slide\" data-ls=\"duration:4000;\"><img width=\"1600\" height=\"150\" src=\"http:\/\/www.si-hu.eu\/hu2\/wp-content\/uploads\/sites\/10\/layerslider\/ENSubSlider\/lipa.png\" class=\"ls-bg\" alt=\"\" srcset=\"http:\/\/www.si-hu.eu\/hu2\/wp-content\/uploads\/sites\/10\/layerslider\/ENSubSlider\/lipa.png 1600w, http:\/\/www.si-hu.eu\/hu2\/wp-content\/uploads\/sites\/10\/layerslider\/ENSubSlider\/lipa-300x28.png 300w, http:\/\/www.si-hu.eu\/hu2\/wp-content\/uploads\/sites\/10\/layerslider\/ENSubSlider\/lipa-1030x97.png 1030w, http:\/\/www.si-hu.eu\/hu2\/wp-content\/uploads\/sites\/10\/layerslider\/ENSubSlider\/lipa-600x56.png 600w, http:\/\/www.si-hu.eu\/hu2\/wp-content\/uploads\/sites\/10\/layerslider\/ENSubSlider\/lipa-1500x141.png 1500w, http:\/\/www.si-hu.eu\/hu2\/wp-content\/uploads\/sites\/10\/layerslider\/ENSubSlider\/lipa-705x66.png 705w, http:\/\/www.si-hu.eu\/hu2\/wp-content\/uploads\/sites\/10\/layerslider\/ENSubSlider\/lipa-450x42.png 450w\" sizes=\"(max-width: 1600px) 100vw, 1600px\" \/><h2 style=\"padding-top:10px;padding-right:10px;padding-bottom:10px;padding-left:10px;color:#ffffff;background:#436f4d;border-radius:15px;top:25px;left:600px;\" class=\"ls-l ls-text-layer\" data-ls=\"offsetxin:80;offsetxout:-80;durationout:400;parallaxlevel:0;\">Interreg V-A Szlov&eacute;nia-Magyarorsz&aacute;g Egy&uuml;ttm&#369;k&ouml;d&eacute;si Program<\/h2><\/div><\/div><\/div><div id='after_layer_slider_1'  class='main_color av_default_container_wrap container_wrap sidebar_right'  ><div class='container av-section-cont-open' ><div class='template-page content  av-content-small alpha units'><div class='post-entry post-entry-type-page post-entry-53'><div class='entry-content-wrapper clearfix'>\n\n<style type=\"text\/css\" data-created_by=\"avia_inline_auto\" id=\"style-css-av-av_one_full-352b07ef7d3bc99b2e9f92e7a9e06bdb\">\n.flex_column.av-av_one_full-352b07ef7d3bc99b2e9f92e7a9e06bdb{\nborder-radius:0px 0px 0px 0px;\n-webkit-border-radius:0px 0px 0px 0px;\n-moz-border-radius:0px 0px 0px 0px;\n}\n<\/style>\n<div class='flex_column av-av_one_full-352b07ef7d3bc99b2e9f92e7a9e06bdb av_one_full  avia-builder-el-1  el_after_av_layerslider  el_before_av_tab_container  avia-builder-el-first  first flex_column_div av-zero-column-padding '   ><section  class='av_textblock_section av-av_textblock-0366cc7376be6c9e82a3e9cc8987b64f'  itemscope=\"itemscope\" itemtype=\"https:\/\/schema.org\/CreativeWork\" ><div class='avia_textblock'  itemprop=\"text\" ><h3><strong>MEGVAL\u00d3S\u00cdT\u00c1SI K\u00c9ZIK\u00d6NYV KEDVEZM\u00c9NYEZETTEK SZ\u00c1M\u00c1RA<\/strong><\/h3>\n<\/div><\/section><\/div>\n<div  class='tabcontainer av-av_tab_container-cdfb33d025ccce82e3bec7780d128c1e sidebar_tab sidebar_tab_left  avia-builder-el-3  el_after_av_one_full  el_before_av_one_full  border_tabs' role='tablist'>\n<section class='av_tab_section av_tab_section av-av_tab-77b7e85ff7428cbaecb6f1560b2d321d'  itemscope=\"itemscope\" itemtype=\"https:\/\/schema.org\/CreativeWork\" ><div class='tab active_tab' role='tab' tabindex='0' data-fake-id='#tab-id-1' aria-controls='tab-id-1-content'  itemprop=\"headline\" >1. r\u00e9sz - A program bemutat\u00e1sa<\/div><div id='tab-id-1-content' class='tab_content active_tab_content' aria-hidden=\"false\"><div class='tab_inner_content invers-color'  itemprop=\"text\" ><p><a href=\"http:\/\/www.si-hu.eu\/hu2\/wp-content\/uploads\/sites\/10\/2015\/10\/1.-RESZ-A-PROGRAM-BEMUTATASA.pdf\">1. R\u00c9SZ &#8211; A PROGRAM BEMUTAT\u00c1SA<\/a><\/p>\n<\/div><\/div><\/section>\n<section class='av_tab_section av_tab_section av-av_tab-590d158628ba0b59f7610c7e176a510f'  itemscope=\"itemscope\" itemtype=\"https:\/\/schema.org\/CreativeWork\" ><div class='tab' role='tab' tabindex='0' data-fake-id='#tab-id-2' aria-controls='tab-id-2-content'  itemprop=\"headline\" >2. r\u00e9sz - Projektfejleszt\u00e9s<\/div><div id='tab-id-2-content' class='tab_content' aria-hidden=\"true\"><div class='tab_inner_content invers-color'  itemprop=\"text\" ><p><a href=\"http:\/\/www.si-hu.eu\/hu2\/wp-content\/uploads\/sites\/10\/2015\/10\/2.-RESZ-PROJEKTFEJLESZTES.pdf\">2. R\u00c9SZ &#8211; PROJEKTFEJLESZT\u00c9S<\/a><\/p>\n<\/div><\/div><\/section>\n<section class='av_tab_section av_tab_section av-av_tab-8ea875393ae8e904c9ee94ce2b9164cf'  itemscope=\"itemscope\" itemtype=\"https:\/\/schema.org\/CreativeWork\" ><div class='tab' role='tab' tabindex='0' data-fake-id='#tab-id-3' aria-controls='tab-id-3-content'  itemprop=\"headline\" >3. r\u00e9sz - P\u00e1ly\u00e1z\u00e1s \u00e9s \u00e9rt\u00e9kel\u00e9s<\/div><div id='tab-id-3-content' class='tab_content' aria-hidden=\"true\"><div class='tab_inner_content invers-color'  itemprop=\"text\" ><p><a href=\"http:\/\/www.si-hu.eu\/hu2\/wp-content\/uploads\/sites\/10\/2018\/04\/3.-RESZ-PALYAZAS-ES-ERTEKELES.pdf\">3. R\u00c9SZ &#8211; P\u00c1LY\u00c1Z\u00c1S \u00c9S \u00c9RT\u00c9KEL\u00c9S<\/a><\/p>\n<\/div><\/div><\/section>\n<section class='av_tab_section av_tab_section av-av_tab-f9cf27bbb7c933f239a711a975793cad'  itemscope=\"itemscope\" itemtype=\"https:\/\/schema.org\/CreativeWork\" ><div class='tab' role='tab' tabindex='0' data-fake-id='#tab-id-4' aria-controls='tab-id-4-content'  itemprop=\"headline\" >4. r\u00e9sz - A k\u00f6lts\u00e9gek t\u00e1mogathatos\u00e1ga<\/div><div id='tab-id-4-content' class='tab_content' aria-hidden=\"true\"><div class='tab_inner_content invers-color'  itemprop=\"text\" ><p><a href=\"http:\/\/www.si-hu.eu\/hu2\/wp-content\/uploads\/sites\/10\/2015\/10\/4.-RESZ-A-KOLTSEGEK-TAMOGATHATOSAGA1.pdf\">4. R\u00c9SZ &#8211; A K\u00d6LTS\u00c9GEK T\u00c1MOGATHAT\u00d3S\u00c1GA<\/a><\/p>\n<\/div><\/div><\/section>\n<section class='av_tab_section av_tab_section av-av_tab-fe01159f5ba2cb0c0888c7a212fca138'  itemscope=\"itemscope\" itemtype=\"https:\/\/schema.org\/CreativeWork\" ><div class='tab' role='tab' tabindex='0' data-fake-id='#tab-id-5' aria-controls='tab-id-5-content'  itemprop=\"headline\" >5. r\u00e9sz - Jelent\u00e9st\u00e9tel a projekt el\u0151rehalad\u00e1s\u00e1r\u00f3l<\/div><div id='tab-id-5-content' class='tab_content' aria-hidden=\"true\"><div class='tab_inner_content invers-color'  itemprop=\"text\" ><p><a href=\"http:\/\/www.si-hu.eu\/hu2\/wp-content\/uploads\/sites\/10\/2019\/07\/5.-RESZ_JELENTESTETEL-A-PROJEKT-ELOREHALADASAROL.pdf\">5. R\u00c9SZ \u2013 JELENT\u00c9ST\u00c9TEL A PROJEKT EL\u0150REHALAD\u00c1S\u00c1R\u00d3L<\/a><\/p>\n<p><a href=\"http:\/\/www.si-hu.eu\/hu2\/wp-content\/uploads\/sites\/10\/2019\/07\/MELLEKLET-A-ZARO-JELENTESHEZ_Interreg-SI-HU.docx\">MELL<strong>\u00c9<\/strong>KLET A Z<strong>\u00c1<\/strong>R<strong>\u00d3<\/strong> JELENT<strong>\u00c9<\/strong>SHEZ_Interreg SI-HU<\/a><\/p>\n<\/div><\/div><\/section>\n<section class='av_tab_section av_tab_section av-av_tab-f5ae1a788039aa9c4873221bd6d68ccd'  itemscope=\"itemscope\" itemtype=\"https:\/\/schema.org\/CreativeWork\" ><div class='tab' role='tab' tabindex='0' data-fake-id='#tab-id-6' aria-controls='tab-id-6-content'  itemprop=\"headline\" >6. r\u00e9sz - T\u00e1j\u00e9koztat\u00e1s \u00e9s kommunik\u00e1ci\u00f3<\/div><div id='tab-id-6-content' class='tab_content' aria-hidden=\"true\"><div class='tab_inner_content invers-color'  itemprop=\"text\" ><p><a href=\"http:\/\/www.si-hu.eu\/hu2\/download\/6.-RESZ-TAJEKOZTATAS-ES-KOMMUNIKACIO-V2.pdf\">6. R\u00c9SZ &#8211; T\u00c1J\u00c9KOZTAT\u00c1S \u00c9S KOMMUNIK\u00c1CI\u00d3<\/a><\/p>\n<p>&lt;!&#8211;Notes ACF<br \/>\n&#8211;&gt;<\/p>\n<div class=\"WordSection1\">\n<p><b>A program log\u00f3 nyelvi \u00e9s sz\u00ednv\u00e1ltozatai:<\/b><\/p>\n<ul>\n<li><a href=\"http:\/\/www.si-hu.eu\/hu2\/wp-content\/uploads\/sites\/10\/2015\/10\/szines-valtozatok.zip\">sz\u00ednes v\u00e1ltozatok<\/a><\/li>\n<li><a href=\"http:\/\/www.si-hu.eu\/hu2\/wp-content\/uploads\/sites\/10\/2015\/10\/szurkarnyalatos-valtozatok.zip\">sz\u00fcrke\u00e1rnyalatos v\u00e1ltozatok<\/a><\/li>\n<li><a href=\"http:\/\/www.si-hu.eu\/hu2\/wp-content\/uploads\/sites\/10\/2015\/10\/fekete-feher-valtozatok.zip\">fekete-feh\u00e9r v\u00e1ltozatok<\/a><\/li>\n<li><a href=\"http:\/\/www.si-hu.eu\/hu2\/wp-content\/uploads\/sites\/10\/2015\/10\/forditott-valtozatok.zip\">ford\u00edtott v\u00e1ltozatok<\/a><\/li>\n<li><a href=\"http:\/\/www.si-hu.eu\/hu2\/wp-content\/uploads\/sites\/10\/2015\/10\/minimum-valtozatok.zip\">minimum v\u00e1ltozatok<\/a><\/li>\n<\/ul>\n<p><strong>Poszter-tervezetek<\/strong><\/p>\n<p><a href=\"http:\/\/www.si-hu.eu\/hu2\/download\/Poster-A3-SI-HU_portrait.docx\">Poster A3 SI-HU_\u00e1ll\u00f3 form\u00e1tum<\/a><\/p>\n<p><a href=\"http:\/\/www.si-hu.eu\/hu2\/download\/Poster-A3-SI-HU_landscape.docx\">Poster A3 SI-HU_fekv\u0151 form\u00e1tum<\/a><\/p>\n<\/div>\n<\/div><\/div><\/section>\n<section class='av_tab_section av_tab_section av-av_tab-738ec86c76979124fd6c688cbb483d3d'  itemscope=\"itemscope\" itemtype=\"https:\/\/schema.org\/CreativeWork\" ><div class='tab' role='tab' tabindex='0' data-fake-id='#tab-id-7' aria-controls='tab-id-7-content'  itemprop=\"headline\" >7. r\u00e9sz - Projektz\u00e1r\u00e1s \u00e9s archiv\u00e1l\u00e1s<\/div><div id='tab-id-7-content' class='tab_content' aria-hidden=\"true\"><div class='tab_inner_content invers-color'  itemprop=\"text\" ><p><a href=\"http:\/\/www.si-hu.eu\/hu2\/wp-content\/uploads\/sites\/10\/2019\/07\/7-RESZ-PROJEKTZARAS-ES-ARCHIVALAS-V2.pdf\">7 R\u00c9SZ &#8211; PROJEKTZ\u00c1R\u00c1S \u00c9S ARCHIV\u00c1L\u00c1S<\/a><\/p>\n<\/div><\/div><\/section>\n<section class='av_tab_section av_tab_section av-av_tab-0e258b6fde1b786981a1c8ba0fd2c755'  itemscope=\"itemscope\" itemtype=\"https:\/\/schema.org\/CreativeWork\" ><div class='tab' role='tab' tabindex='0' data-fake-id='#tab-id-8' aria-controls='tab-id-8-content'  itemprop=\"headline\" >Korrigendum a p\u00e1ly\u00e1zati csomaghoz 2017. okt\u00f3ber<\/div><div id='tab-id-8-content' class='tab_content' aria-hidden=\"true\"><div class='tab_inner_content invers-color'  itemprop=\"text\" ><p><a href=\"http:\/\/www.si-hu.eu\/hu2\/download\/Korrigendum-a-palyazati-csomag_2017.-oktober.pdf\">Korrigendum a p\u00e1ly\u00e1zati csomaghoz &#8211; 2017. okt\u00f3ber<\/a><\/p>\n<p><a href=\"http:\/\/www.si-hu.eu\/hu2\/wp-content\/uploads\/sites\/10\/2019\/07\/Korrigendum-a-palyazati-csomaghoz_2019.-majus.-1.pdf\">Korrigendum a palyazati csomaghoz_2019. majus.<\/a><\/p>\n<\/div><\/div><\/section>\n<\/div>\n\n<style type=\"text\/css\" data-created_by=\"avia_inline_auto\" id=\"style-css-av-av_one_full-6126cab7d8fab8d08143dd2dacdf673c\">\n.flex_column.av-av_one_full-6126cab7d8fab8d08143dd2dacdf673c{\nborder-radius:0px 0px 0px 0px;\n-webkit-border-radius:0px 0px 0px 0px;\n-moz-border-radius:0px 0px 0px 0px;\n}\n<\/style>\n<div class='flex_column av-av_one_full-6126cab7d8fab8d08143dd2dacdf673c av_one_full  avia-builder-el-4  el_after_av_tab_container  el_before_av_one_half  first flex_column_div av-zero-column-padding '   ><style type=\"text\/css\" data-created_by=\"avia_inline_auto\" id=\"style-css-av-av_heading-c2e3fd9b38380ca61cdaf0def7dd562c\">\n#top .av-special-heading.av-av_heading-c2e3fd9b38380ca61cdaf0def7dd562c{\npadding-bottom:10px;\n}\nbody .av-special-heading.av-av_heading-c2e3fd9b38380ca61cdaf0def7dd562c .av-special-heading-tag .heading-char{\nfont-size:25px;\n}\n.av-special-heading.av-av_heading-c2e3fd9b38380ca61cdaf0def7dd562c .av-subheading{\nfont-size:15px;\n}\n<\/style>\n<div  class='av-special-heading av-av_heading-c2e3fd9b38380ca61cdaf0def7dd562c av-special-heading-h3  avia-builder-el-5  avia-builder-el-no-sibling '><h3 class='av-special-heading-tag'  itemprop=\"headline\"  >COVID-19 \u00datmutat\u00f3<\/h3><div class=\"special-heading-border\"><div class=\"special-heading-inner-border\"><\/div><\/div><\/div><\/div>\n\n<style type=\"text\/css\" data-created_by=\"avia_inline_auto\" id=\"style-css-av-av_one_half-6126cab7d8fab8d08143dd2dacdf673c\">\n.flex_column.av-av_one_half-6126cab7d8fab8d08143dd2dacdf673c{\nborder-radius:0px 0px 0px 0px;\n-webkit-border-radius:0px 0px 0px 0px;\n-moz-border-radius:0px 0px 0px 0px;\n}\n<\/style>\n<div class='flex_column av-av_one_half-6126cab7d8fab8d08143dd2dacdf673c av_one_half  avia-builder-el-6  el_after_av_one_full  el_before_av_one_half  first flex_column_div av-zero-column-padding column-top-margin'   ><section  class='av_textblock_section av-av_textblock-0366cc7376be6c9e82a3e9cc8987b64f'  itemscope=\"itemscope\" itemtype=\"https:\/\/schema.org\/CreativeWork\" ><div class='avia_textblock'  itemprop=\"text\" ><p><img loading=\"lazy\" class=\"aligncenter size-full wp-image-4911\" src=\"http:\/\/www.si-hu.eu\/hu2\/wp-content\/uploads\/sites\/10\/2020\/04\/c19hu.jpg\" alt=\"\" width=\"409\" height=\"228\" srcset=\"http:\/\/www.si-hu.eu\/hu2\/wp-content\/uploads\/sites\/10\/2020\/04\/c19hu.jpg 409w, http:\/\/www.si-hu.eu\/hu2\/wp-content\/uploads\/sites\/10\/2020\/04\/c19hu-300x167.jpg 300w\" sizes=\"(max-width: 409px) 100vw, 409px\" \/><\/p>\n<\/div><\/section><\/div>\n\n<style type=\"text\/css\" data-created_by=\"avia_inline_auto\" id=\"style-css-av-av_one_half-0aa7055fe62c3622faec82866afbaeb2\">\n.flex_column.av-av_one_half-0aa7055fe62c3622faec82866afbaeb2{\nborder-radius:0px 0px 0px 0px;\n-webkit-border-radius:0px 0px 0px 0px;\n-moz-border-radius:0px 0px 0px 0px;\n}\n<\/style>\n<div class='flex_column av-av_one_half-0aa7055fe62c3622faec82866afbaeb2 av_one_half  avia-builder-el-8  el_after_av_one_half  el_before_av_one_full  flex_column_div av-zero-column-padding column-top-margin'   ><section  class='av_textblock_section av-av_textblock-0366cc7376be6c9e82a3e9cc8987b64f'  itemscope=\"itemscope\" itemtype=\"https:\/\/schema.org\/CreativeWork\" ><div class='avia_textblock'  itemprop=\"text\" ><div class=\"wpfilebase-file-default\" onclick=\"if('undefined' == typeof event.target.href) document.getElementById('wpfb-file-link-1').click();\">\r\n  <div class=\"icon\"><a href=\"http:\/\/www.si-hu.eu\/hu2\/download\/COVID-19-Utmutato-projektek-szamara-V2_SI-HU_06-09-2021.pdf\" target=\"_blank\" title=\"Download COVID-19 \u00datmutato Projektek Sz\u00e1m\u00e1ra SI-HU  (V2) \"><img align=\"middle\" src=\"http:\/\/www.si-hu.eu\/hu2\/wp-includes\/images\/crystal\/document.png\" alt=\"COVID-19 \u00datmutato Projektek Sz\u00e1m\u00e1ra SI-HU  (V2) \" \/><\/a><\/div>\r\n  <div class=\"filetitle\">\r\n    <a href=\"http:\/\/www.si-hu.eu\/hu2\/download\/COVID-19-Utmutato-projektek-szamara-V2_SI-HU_06-09-2021.pdf\" title=\"Download COVID-19 \u00datmutato Projektek Sz\u00e1m\u00e1ra SI-HU  (V2) \" target=\"_blank\" id=\"wpfb-file-link-1\">COVID-19 \u00datmutato Projektek Sz\u00e1m\u00e1ra SI-HU  (V2) <\/a>\r\n    \r\n    <br \/>\r\n    COVID-19-Utmutato-projektek-szamara-V2_SI-HU_06-09-2021.pdf<br \/>\r\n    \r\n  <\/div>\r\n  <div class=\"info\">\r\n    678.7 KiB<br \/>\r\n    261 Downloads<br \/>\r\n    <a href=\"#\" onclick=\"return wpfilebase_filedetails(1);\">Podrobnosti<\/a>\r\n  <\/div>\r\n  <div class=\"details\" id=\"wpfilebase-filedetails1\" style=\"display: none;\">\r\n  \r\n  <table border=\"0\">\r\n   \r\n   \r\n   \r\n   \r\n   \r\n   \r\n   <tr><td><strong>Datum:<\/strong><\/td><td>7. 9. 2021<\/td><\/tr>\r\n  <\/table>\r\n  <\/div>\r\n <div style=\"clear: both;\"><\/div>\r\n<\/div>\n<\/div><\/section><\/div>\n<style type=\"text\/css\" data-created_by=\"avia_inline_auto\" id=\"style-css-av-av_one_full-6126cab7d8fab8d08143dd2dacdf673c\">\n.flex_column.av-av_one_full-6126cab7d8fab8d08143dd2dacdf673c{\nborder-radius:0px 0px 0px 0px;\n-webkit-border-radius:0px 0px 0px 0px;\n-moz-border-radius:0px 0px 0px 0px;\n}\n<\/style>\n<div class='flex_column av-av_one_full-6126cab7d8fab8d08143dd2dacdf673c av_one_full  avia-builder-el-10  el_after_av_one_half  el_before_av_textblock  first flex_column_div av-zero-column-padding column-top-margin'   ><style type=\"text\/css\" data-created_by=\"avia_inline_auto\" id=\"style-css-av-av_heading-2eddf804c936ed04fc3e330b529c78c1\">\n#top .av-special-heading.av-av_heading-2eddf804c936ed04fc3e330b529c78c1{\npadding-bottom:10px;\n}\nbody .av-special-heading.av-av_heading-2eddf804c936ed04fc3e330b529c78c1 .av-special-heading-tag .heading-char{\nfont-size:25px;\n}\n.av-special-heading.av-av_heading-2eddf804c936ed04fc3e330b529c78c1 .av-subheading{\nfont-size:15px;\n}\n<\/style>\n<div  class='av-special-heading av-av_heading-2eddf804c936ed04fc3e330b529c78c1 av-special-heading-h3  avia-builder-el-11  avia-builder-el-no-sibling '><h3 class='av-special-heading-tag'  itemprop=\"headline\"  >Csal\u00e1s gyan\u00faj\u00e1nak bejelent\u00e9se az OLAF-n\u00e1l<\/h3><div class=\"special-heading-border\"><div class=\"special-heading-inner-border\"><\/div><\/div><\/div><\/div><\/p>\n<section  class='av_textblock_section av-av_textblock-0366cc7376be6c9e82a3e9cc8987b64f'  itemscope=\"itemscope\" itemtype=\"https:\/\/schema.org\/CreativeWork\" ><div class='avia_textblock'  itemprop=\"text\" ><p>Csal\u00e1sr\u00f3l vagy m\u00e1s, az EU forr\u00e1sokra negat\u00edv hat\u00e1ssal b\u00edr\u00f3 s\u00falyos szab\u00e1lytalans\u00e1gr\u00f3l, valamint a csal\u00e1s gyan\u00faj\u00e1nak az Eur\u00f3pai Csal\u00e1s Elleni Hivatal (OLAF) fel\u00e9 t\u00f6rt\u00e9n\u0151 bejelent\u00e9s folyamat\u00e1r\u00f3l sz\u00f3l\u00f3 valamennyi relev\u00e1ns inform\u00e1ci\u00f3 az al\u00e1bbi linken \u00e9rhet\u0151 el:<\/p>\n<p><a href=\"https:\/\/ec.europa.eu\/anti-fraud\/olaf-and-you\/report-fraud_hu\">https:\/\/ec.europa.eu\/anti-fraud\/olaf-and-you\/report-fraud_hu<\/a><\/p>\n<p>Csal\u00e1s gyan\u00faj\u00e1nak anonim m\u00f3don t\u00f6rt\u00e9n\u0151 bejelent\u00e9s\u00e9t a k\u00f6vetkez\u0151 link seg\u00edts\u00e9g\u00e9vel el\u00e9rhet\u0151 k\u00e9rd\u0151\u00edv kit\u00f6lt\u00e9s\u00e9vel tehetik meg:<\/p>\n<p><a href=\"https:\/\/fns.olaf.europa.eu\/main_hu.htm\">https:\/\/fns.olaf.europa.eu\/main_hu.htm<\/a><\/p>\n<\/div><\/section>\n","protected":false},"excerpt":{"rendered":"","protected":false},"author":3,"featured_media":0,"parent":61,"menu_order":0,"comment_status":"closed","ping_status":"closed","template":"","meta":{"ngg_post_thumbnail":0},"acf":[],"_links":{"self":[{"href":"http:\/\/www.si-hu.eu\/hu2\/wp-json\/wp\/v2\/pages\/53"}],"collection":[{"href":"http:\/\/www.si-hu.eu\/hu2\/wp-json\/wp\/v2\/pages"}],"about":[{"href":"http:\/\/www.si-hu.eu\/hu2\/wp-json\/wp\/v2\/types\/page"}],"author":[{"embeddable":true,"href":"http:\/\/www.si-hu.eu\/hu2\/wp-json\/wp\/v2\/users\/3"}],"replies":[{"embeddable":true,"href":"http:\/\/www.si-hu.eu\/hu2\/wp-json\/wp\/v2\/comments?post=53"}],"version-history":[{"count":22,"href":"http:\/\/www.si-hu.eu\/hu2\/wp-json\/wp\/v2\/pages\/53\/revisions"}],"predecessor-version":[{"id":5377,"href":"http:\/\/www.si-hu.eu\/hu2\/wp-json\/wp\/v2\/pages\/53\/revisions\/5377"}],"up":[{"embeddable":true,"href":"http:\/\/www.si-hu.eu\/hu2\/wp-json\/wp\/v2\/pages\/61"}],"wp:attachment":[{"href":"http:\/\/www.si-hu.eu\/hu2\/wp-json\/wp\/v2\/media?parent=53"}],"curies":[{"name":"wp","href":"https:\/\/api.w.org\/{rel}","templated":true}]}}