{"id":55,"date":"2015-10-02T21:52:53","date_gmt":"2015-10-02T20:52:53","guid":{"rendered":"http:\/\/84.39.218.252\/si2\/?page_id=55"},"modified":"2017-02-21T12:05:47","modified_gmt":"2017-02-21T11:05:47","slug":"ems","status":"publish","type":"page","link":"http:\/\/www.si-hu.eu\/hu2\/nyilt-palyazati-felhivas\/ems\/","title":{"rendered":"eMS"},"content":{"rendered":"<div id='layer_slider_1'  class='avia-layerslider main_color avia-shadow  avia-builder-el-0  el_before_av_one_half  avia-builder-el-first  container_wrap sidebar_right'  style='height: 151px;'  ><div id=\"layerslider_4_ztzypiyckmuj\" class=\"ls-wp-container fitvidsignore\" style=\"width:1600px;height:150px;margin:0 auto;margin-bottom: 0px;\"><div class=\"ls-slide\" data-ls=\"duration:5000;\"><img width=\"2048\" height=\"321\" src=\"http:\/\/www.si-hu.eu\/hu2\/wp-content\/uploads\/sites\/10\/layerslider\/ENSubSlider\/Clouds.jpg\" class=\"ls-bg\" alt=\"\" srcset=\"http:\/\/www.si-hu.eu\/hu2\/wp-content\/uploads\/sites\/10\/layerslider\/ENSubSlider\/Clouds.jpg 2048w, http:\/\/www.si-hu.eu\/hu2\/wp-content\/uploads\/sites\/10\/layerslider\/ENSubSlider\/Clouds-300x47.jpg 300w, http:\/\/www.si-hu.eu\/hu2\/wp-content\/uploads\/sites\/10\/layerslider\/ENSubSlider\/Clouds-1030x161.jpg 1030w, http:\/\/www.si-hu.eu\/hu2\/wp-content\/uploads\/sites\/10\/layerslider\/ENSubSlider\/Clouds-600x94.jpg 600w, http:\/\/www.si-hu.eu\/hu2\/wp-content\/uploads\/sites\/10\/layerslider\/ENSubSlider\/Clouds-1500x235.jpg 1500w, http:\/\/www.si-hu.eu\/hu2\/wp-content\/uploads\/sites\/10\/layerslider\/ENSubSlider\/Clouds-705x111.jpg 705w, http:\/\/www.si-hu.eu\/hu2\/wp-content\/uploads\/sites\/10\/layerslider\/ENSubSlider\/Clouds-450x71.jpg 450w\" sizes=\"(max-width: 2048px) 100vw, 2048px\" \/><h2 style=\"padding-top:10px;padding-right:10px;padding-bottom:10px;padding-left:10px;color:#ffffff;background:#436f4d;border-radius:15px;top:80px;left:40px;\" class=\"ls-l ls-text-layer\" data-ls=\"offsetxin:80;offsetxout:-80;durationout:400;parallaxlevel:0;\">Interreg V-A Szlov&eacute;nia-Magyarorsz&aacute;g Egy&uuml;ttm&#369;k&ouml;d&eacute;si Program<\/h2><\/div><div class=\"ls-slide\" data-ls=\"duration:4000;\"><img width=\"1600\" height=\"150\" src=\"http:\/\/www.si-hu.eu\/hu2\/wp-content\/uploads\/sites\/10\/layerslider\/ENSubSlider\/lipa.png\" class=\"ls-bg\" alt=\"\" srcset=\"http:\/\/www.si-hu.eu\/hu2\/wp-content\/uploads\/sites\/10\/layerslider\/ENSubSlider\/lipa.png 1600w, http:\/\/www.si-hu.eu\/hu2\/wp-content\/uploads\/sites\/10\/layerslider\/ENSubSlider\/lipa-300x28.png 300w, http:\/\/www.si-hu.eu\/hu2\/wp-content\/uploads\/sites\/10\/layerslider\/ENSubSlider\/lipa-1030x97.png 1030w, http:\/\/www.si-hu.eu\/hu2\/wp-content\/uploads\/sites\/10\/layerslider\/ENSubSlider\/lipa-600x56.png 600w, http:\/\/www.si-hu.eu\/hu2\/wp-content\/uploads\/sites\/10\/layerslider\/ENSubSlider\/lipa-1500x141.png 1500w, http:\/\/www.si-hu.eu\/hu2\/wp-content\/uploads\/sites\/10\/layerslider\/ENSubSlider\/lipa-705x66.png 705w, http:\/\/www.si-hu.eu\/hu2\/wp-content\/uploads\/sites\/10\/layerslider\/ENSubSlider\/lipa-450x42.png 450w\" sizes=\"(max-width: 1600px) 100vw, 1600px\" \/><h2 style=\"padding-top:10px;padding-right:10px;padding-bottom:10px;padding-left:10px;color:#ffffff;background:#436f4d;border-radius:15px;top:25px;left:600px;\" class=\"ls-l ls-text-layer\" data-ls=\"offsetxin:80;offsetxout:-80;durationout:400;parallaxlevel:0;\">Interreg V-A Szlov&eacute;nia-Magyarorsz&aacute;g Egy&uuml;ttm&#369;k&ouml;d&eacute;si Program<\/h2><\/div><\/div><\/div><div id='after_layer_slider_1'  class='main_color av_default_container_wrap container_wrap sidebar_right'  ><div class='container av-section-cont-open' ><div class='template-page content  av-content-small alpha units'><div class='post-entry post-entry-type-page post-entry-55'><div class='entry-content-wrapper clearfix'>\n\n<style type=\"text\/css\" data-created_by=\"avia_inline_auto\" id=\"style-css-av-av_one_half-352b07ef7d3bc99b2e9f92e7a9e06bdb\">\n.flex_column.av-av_one_half-352b07ef7d3bc99b2e9f92e7a9e06bdb{\nborder-radius:0px 0px 0px 0px;\n-webkit-border-radius:0px 0px 0px 0px;\n-moz-border-radius:0px 0px 0px 0px;\n}\n<\/style>\n<div class='flex_column av-av_one_half-352b07ef7d3bc99b2e9f92e7a9e06bdb av_one_half  avia-builder-el-1  el_after_av_layerslider  el_before_av_one_half  avia-builder-el-first  first flex_column_div av-zero-column-padding '   ><section  class='av_textblock_section av-av_textblock-0366cc7376be6c9e82a3e9cc8987b64f'  itemscope=\"itemscope\" itemtype=\"https:\/\/schema.org\/CreativeWork\" ><div class='avia_textblock'  itemprop=\"text\" ><h2>eMS<\/h2>\n<p style=\"text-align: justify\">A VR 72. cikk\u00e9nek megfelel\u0151en a Program oldal\u00e1r\u00f3l az eMS rendszer biztos\u00edtja a menedzsment, monitoring \u00e9s \u00e9rt\u00e9kel\u00e9si k\u00f6vetelm\u00e9nyeket. A VR 74. \u00e9s 112. cikk\u00e9ben foglaltak szerint az adatcsere a Bizotts\u00e1ggal elektronikus form\u00e1ban (az SFC2014 rendszeren kereszt\u00fcl) t\u00f6rt\u00e9nik. A VR 122. cikk\u00e9nek megfelel\u0151en 2016. janu\u00e1r 1-ig minden inform\u00e1ci\u00f3csere a kedvezm\u00e9nyezettek, IH, KT, NH, IgH \u00e9s AH k\u00f6z\u00f6tt elektronikus \u00faton t\u00f6rt\u00e9nhet az elektronikus adatcser\u00e9re alkalmas monitoring rendszerben (eMS).<\/p>\n<p style=\"text-align: justify\">eMS:<\/p>\n<p style=\"text-align: justify\"><a href=\"https:\/\/ems.si-hu.eu\/ems\" target=\"_blank\" rel=\"noopener\"><img loading=\"lazy\" class=\"alignnone wp-image-262\" src=\"http:\/\/www.si-hu.eu\/en2\/wp-content\/uploads\/sites\/11\/2015\/12\/Web-eMS-300x241.jpg\" alt=\"Web eMS\" height=\"102\" width=\"128\"><\/a><\/p>\n<p style=\"text-align: justify\">Az eMS rendszer haszn\u00e1lat\u00e1t bemutat\u00f3 \u00e1ltal\u00e1nos \u00fatmutat\u00f3 el\u00e9rhet\u0151 <a href=\"http:\/\/www.si-hu.eu\/en2\/wp-content\/uploads\/sites\/11\/2015\/10\/eMS_Manual.pdf\">itt.<\/a><\/p>\n<\/div><\/section><\/div>\n<style type=\"text\/css\" data-created_by=\"avia_inline_auto\" id=\"style-css-av-av_one_half-2a64de42b738552fe666ca889af77e28\">\n.flex_column.av-av_one_half-2a64de42b738552fe666ca889af77e28{\nborder-radius:0px 0px 0px 0px;\n-webkit-border-radius:0px 0px 0px 0px;\n-moz-border-radius:0px 0px 0px 0px;\n}\n<\/style>\n<div class='flex_column av-av_one_half-2a64de42b738552fe666ca889af77e28 av_one_half  avia-builder-el-3  el_after_av_one_half  avia-builder-el-last  flex_column_div av-zero-column-padding '   ><section  class='av_textblock_section av-av_textblock-0366cc7376be6c9e82a3e9cc8987b64f'  itemscope=\"itemscope\" itemtype=\"https:\/\/schema.org\/CreativeWork\" ><div class='avia_textblock'  itemprop=\"text\" ><p style=\"text-align: justify\">Az eMS megfelel az al\u00e1bbi k\u00f6vetelm\u00e9nyeknek:<\/p>\n<ul style=\"text-align: justify\">\n<li>biztos\u00edtja az adatok integrit\u00e1s\u00e1t \u00e9s adatbiztons\u00e1got,<\/li>\n<li>a 1999\/93\/EC Ir\u00e1nyelvnek megfelel\u0151en hitelesen azonos\u00edtja a k\u00fcld\u0151t,<\/li>\n<li>a V\u00e9grehajt\u00e1si Rendelt 140. cikk\u00e9nek megfelel\u0151en t\u00e1rolja az adatokat,<\/li>\n<li>biztons\u00e1gos adat\u00e1tvitelt biztos\u00edt,<\/li>\n<li>el\u00e9rhet\u0151 hivatali \u00e9s azon k\u00edv\u00fcli id\u0151ben is (kiv\u00e9ve karbantart\u00e1si id\u0151szakok),<\/li>\n<li>el\u00e9rhet\u0151 a tag\u00e1llamok \u00e9s a kedvezm\u00e9nyezettek sz\u00e1m\u00e1ra k\u00f6zvetlen\u00fcl vagy interf\u00e9szen kereszt\u00fcl, automatikus adatszinkroniz\u00e1ci\u00f3t \u00e9s adatr\u00f6gz\u00edt\u00e9st biztos\u00edt a nemzeti, region\u00e1lis \u00e9s helyi sz\u00e1m\u00edt\u00e1stechnikai rendszerekkel,<\/li>\n<li>a szem\u00e9lyes adatok \u00e9s az \u00fczleti titkok v\u00e9delm\u00e9nek biztos\u00edt\u00e1sa a feldolgozott adatok tekintet\u00e9ben (a vonatkoz\u00f3 uni\u00f3s Ir\u00e1nyelveknek megfelel\u0151en: 2002\/58\/EC \u00e9s 1995\/46\/EC).<\/li>\n<\/ul>\n<\/div><\/section><\/div><\/p>\n","protected":false},"excerpt":{"rendered":"","protected":false},"author":3,"featured_media":0,"parent":42,"menu_order":0,"comment_status":"closed","ping_status":"closed","template":"","meta":{"ngg_post_thumbnail":0},"acf":[],"_links":{"self":[{"href":"http:\/\/www.si-hu.eu\/hu2\/wp-json\/wp\/v2\/pages\/55"}],"collection":[{"href":"http:\/\/www.si-hu.eu\/hu2\/wp-json\/wp\/v2\/pages"}],"about":[{"href":"http:\/\/www.si-hu.eu\/hu2\/wp-json\/wp\/v2\/types\/page"}],"author":[{"embeddable":true,"href":"http:\/\/www.si-hu.eu\/hu2\/wp-json\/wp\/v2\/users\/3"}],"replies":[{"embeddable":true,"href":"http:\/\/www.si-hu.eu\/hu2\/wp-json\/wp\/v2\/comments?post=55"}],"version-history":[{"count":3,"href":"http:\/\/www.si-hu.eu\/hu2\/wp-json\/wp\/v2\/pages\/55\/revisions"}],"predecessor-version":[{"id":1107,"href":"http:\/\/www.si-hu.eu\/hu2\/wp-json\/wp\/v2\/pages\/55\/revisions\/1107"}],"up":[{"embeddable":true,"href":"http:\/\/www.si-hu.eu\/hu2\/wp-json\/wp\/v2\/pages\/42"}],"wp:attachment":[{"href":"http:\/\/www.si-hu.eu\/hu2\/wp-json\/wp\/v2\/media?parent=55"}],"curies":[{"name":"wp","href":"https:\/\/api.w.org\/{rel}","templated":true}]}}