{"id":597,"date":"2016-04-07T10:07:29","date_gmt":"2016-04-07T09:07:29","guid":{"rendered":"http:\/\/www.si-hu.eu\/hu2\/?page_id=597"},"modified":"2016-04-08T08:46:59","modified_gmt":"2016-04-08T07:46:59","slug":"program-logo","status":"publish","type":"page","link":"http:\/\/www.si-hu.eu\/hu2\/program-logo\/","title":{"rendered":"Program log\u00f3"},"content":{"rendered":"<div id='layer_slider_1'  class='avia-layerslider main_color avia-shadow  avia-builder-el-0  el_before_av_one_fourth  avia-builder-el-first  container_wrap sidebar_right'  style='height: 471px;'  ><div id=\"layerslider_3_zaeayv3brxir\" class=\"ls-wp-container fitvidsignore\" style=\"width:100%;height:470px;margin:0 auto;margin-bottom: 0px;\"><div class=\"ls-slide\" data-ls=\"duration:7000;transition2d:11,13,23;transition3d:all;\"><img width=\"1900\" height=\"600\" src=\"http:\/\/www.si-hu.eu\/hu2\/wp-content\/uploads\/sites\/10\/2015\/10\/slide-intereg-hu.jpg\" class=\"ls-bg\" alt=\"\" srcset=\"http:\/\/www.si-hu.eu\/hu2\/wp-content\/uploads\/sites\/10\/2015\/10\/slide-intereg-hu.jpg 1900w, http:\/\/www.si-hu.eu\/hu2\/wp-content\/uploads\/sites\/10\/2015\/10\/slide-intereg-hu-300x95.jpg 300w, http:\/\/www.si-hu.eu\/hu2\/wp-content\/uploads\/sites\/10\/2015\/10\/slide-intereg-hu-1030x325.jpg 1030w, http:\/\/www.si-hu.eu\/hu2\/wp-content\/uploads\/sites\/10\/2015\/10\/slide-intereg-hu-600x189.jpg 600w, http:\/\/www.si-hu.eu\/hu2\/wp-content\/uploads\/sites\/10\/2015\/10\/slide-intereg-hu-1500x474.jpg 1500w, http:\/\/www.si-hu.eu\/hu2\/wp-content\/uploads\/sites\/10\/2015\/10\/slide-intereg-hu-705x223.jpg 705w, http:\/\/www.si-hu.eu\/hu2\/wp-content\/uploads\/sites\/10\/2015\/10\/slide-intereg-hu-450x142.jpg 450w\" sizes=\"(max-width: 1900px) 100vw, 1900px\" \/><h2 style=\"padding-top:10px;padding-right:10px;padding-bottom:10px;padding-left:10px;color:#ffffff;background:#436f4d;border-radius:15px;top:140px;left:120px;\" class=\"ls-l ls-text-layer\" data-ls=\"offsetxin:80;offsetxout:-80;durationout:400;parallaxlevel:0;\">Interreg V-A Szlov&eacute;nia-Magyarorsz&aacute;g Egy&uuml;ttm&#369;k&ouml;d&eacute;si Program<\/h2><\/div><div class=\"ls-slide\" data-ls=\"duration:8000;\"><img width=\"1900\" height=\"600\" src=\"http:\/\/www.si-hu.eu\/hu2\/wp-content\/uploads\/sites\/10\/2015\/10\/slide-intereg-hu_02.jpg\" class=\"ls-bg\" alt=\"\" srcset=\"http:\/\/www.si-hu.eu\/hu2\/wp-content\/uploads\/sites\/10\/2015\/10\/slide-intereg-hu_02.jpg 1900w, http:\/\/www.si-hu.eu\/hu2\/wp-content\/uploads\/sites\/10\/2015\/10\/slide-intereg-hu_02-300x95.jpg 300w, http:\/\/www.si-hu.eu\/hu2\/wp-content\/uploads\/sites\/10\/2015\/10\/slide-intereg-hu_02-1030x325.jpg 1030w, http:\/\/www.si-hu.eu\/hu2\/wp-content\/uploads\/sites\/10\/2015\/10\/slide-intereg-hu_02-600x189.jpg 600w, http:\/\/www.si-hu.eu\/hu2\/wp-content\/uploads\/sites\/10\/2015\/10\/slide-intereg-hu_02-1500x474.jpg 1500w, http:\/\/www.si-hu.eu\/hu2\/wp-content\/uploads\/sites\/10\/2015\/10\/slide-intereg-hu_02-705x223.jpg 705w, http:\/\/www.si-hu.eu\/hu2\/wp-content\/uploads\/sites\/10\/2015\/10\/slide-intereg-hu_02-450x142.jpg 450w\" sizes=\"(max-width: 1900px) 100vw, 1900px\" \/><h2 style=\"padding-top:10px;padding-right:10px;padding-bottom:10px;padding-left:10px;color:#ffffff;background:#436f4d;top:140px;left:120px;\" class=\"ls-l ls-text-layer\" data-ls=\"offsetxin:80;offsetxout:-80;durationout:400;parallaxlevel:0;\">Interreg V-A Szlov&eacute;nia-Magyarorsz&aacute;g Egy&uuml;ttm&#369;k&ouml;d&eacute;si Program<\/h2><\/div><\/div><\/div><div id='after_layer_slider_1'  class='main_color av_default_container_wrap container_wrap sidebar_right'  ><div class='container av-section-cont-open' ><div class='template-page content  av-content-small alpha units'><div class='post-entry post-entry-type-page post-entry-597'><div class='entry-content-wrapper clearfix'>\n\n<style type=\"text\/css\" data-created_by=\"avia_inline_auto\" id=\"style-css-av-av_one_fourth-352b07ef7d3bc99b2e9f92e7a9e06bdb\">\n.flex_column.av-av_one_fourth-352b07ef7d3bc99b2e9f92e7a9e06bdb{\nborder-radius:0px 0px 0px 0px;\n-webkit-border-radius:0px 0px 0px 0px;\n-moz-border-radius:0px 0px 0px 0px;\n}\n<\/style>\n<div class='flex_column av-av_one_fourth-352b07ef7d3bc99b2e9f92e7a9e06bdb av_one_fourth  avia-builder-el-1  el_after_av_layerslider  el_before_av_three_fourth  avia-builder-el-first  first flex_column_div av-zero-column-padding '   ><p>\n<style type=\"text\/css\" data-created_by=\"avia_inline_auto\" id=\"style-css-av-av_font_icon-9a33f947280d3776cc53bd2d38e18b47\">\n.av_font_icon.av-av_font_icon-9a33f947280d3776cc53bd2d38e18b47 .av-icon-char{\nfont-size:40px;\nline-height:40px;\nwidth:40px;\n}\n<\/style>\n<span  class='av_font_icon av-av_font_icon-9a33f947280d3776cc53bd2d38e18b47 avia_animate_when_visible av-icon-style-border avia-icon-pos-left av-no-color avia-icon-animate'><a href='http:\/\/www.si-hu.eu\/hu2\/javni-razpis\/navodila-za-prijavitelje-applicat-ion-pack-navodila-za-izvedbo-projektov\/#tab-id-6'  class='av-icon-char' aria-hidden='true' data-av_icon='\ue81e' data-av_iconfont='entypo-fontello' ><\/a><span class='av_icon_caption av-special-font'>PROGRAM LOG\u00d3 LET\u00d6LT\u00c9S <\/span><\/span><br \/>\n<div  class='av-hotspot-image-container av-av_image_hotspot-3273fc99202fa550d1522a7958502888  avia-builder-el-3  el_after_av_font_icon  avia-builder-el-last  av-hotspot-blank avia_animated_image avia_animate_when_almost_visible pop-up av-mobile-fallback-active  av-non-fullwidth-hotspot-image'  itemprop=\"image\" itemscope=\"itemscope\" itemtype=\"https:\/\/schema.org\/ImageObject\" ><div class='av-hotspot-container'><div class='av-hotspot-container-inner-cell'><div class='av-hotspot-container-inner-wrap'><img class='wp-image-17 avia-img-lazy-loading-not-17 avia_image' src=\"http:\/\/www.si-hu.eu\/hu2\/wp-content\/uploads\/sites\/10\/2015\/10\/interreg_si-hu_hu115-300x91.png\" alt='' title='interreg_si-hu_hu115'  height=\"91\" width=\"300\"  itemprop=\"thumbnailUrl\" srcset=\"http:\/\/www.si-hu.eu\/hu2\/wp-content\/uploads\/sites\/10\/2015\/10\/interreg_si-hu_hu115-300x91.png 300w, http:\/\/www.si-hu.eu\/hu2\/wp-content\/uploads\/sites\/10\/2015\/10\/interreg_si-hu_hu115.png 378w\" sizes=\"(max-width: 300px) 100vw, 300px\" \/><\/div><\/div><\/div><\/div><\/p><\/div>\n<style type=\"text\/css\" data-created_by=\"avia_inline_auto\" id=\"style-css-av-av_three_fourth-2a64de42b738552fe666ca889af77e28\">\n.flex_column.av-av_three_fourth-2a64de42b738552fe666ca889af77e28{\nborder-radius:0px 0px 0px 0px;\n-webkit-border-radius:0px 0px 0px 0px;\n-moz-border-radius:0px 0px 0px 0px;\n}\n<\/style>\n<div class='flex_column av-av_three_fourth-2a64de42b738552fe666ca889af77e28 av_three_fourth  avia-builder-el-4  el_after_av_one_fourth  avia-builder-el-last  flex_column_div av-zero-column-padding '   ><section  class='av_textblock_section av-av_textblock-0366cc7376be6c9e82a3e9cc8987b64f'  itemscope=\"itemscope\" itemtype=\"https:\/\/schema.org\/CreativeWork\" ><div class='avia_textblock'  itemprop=\"text\" ><h3><strong>A Program log\u00f3<\/strong><\/h3>\n<p>A 2014-2020-as programperi\u00f3dus egyik c\u00e9lja, hogy n\u00f6velje az Interreg m\u00e1rka \u00e9s az ahhoz kapcsol\u00f3d\u00f3 programok l\u00e1that\u00f3s\u00e1g\u00e1t. Ez\u00e9rt a jelenlegi programperi\u00f3dusban az Interreg V-A Szlov\u00e9nia-Magyarorsz\u00e1g Egy\u00fcttm\u0171k\u00f6d\u00e9si Program legfontosabb arculati eleme a program log\u00f3.<\/p>\n<p>Hogy megfeleljen az Eur\u00f3pai Bizotts\u00e1g \u00e1ltal t\u00e1masztott k\u00f6vetelm\u00e9nyeknek, a Program elfogadott egy \u00c1tfog\u00f3 Grafikai Arculati K\u00e9zik\u00f6nyvet, amely meghat\u00e1rozza a k\u00f6telez\u0151 program log\u00f3t \u00e9s annak haszn\u00e1lat. A program log\u00f3t a kedvezm\u00e9nyezetteknek az eg\u00e9sz projekt megval\u00f3s\u00edt\u00e1sa sor\u00e1n haszn\u00e1lni kell, azaz az \u00f6sszes dokumentumon, a honlapon (amennyiben van), a projekthez kapcsol\u00f3d\u00f3 kommunik\u00e1ci\u00f3 sor\u00e1n, rendezv\u00e9nyeken, a kiadv\u00e1nyok, stb.<\/p>\n<p>Tov\u00e1bbi inform\u00e1ci\u00f3\u00e9rt k\u00e9rj\u00fck, olvassa el a <a href=\"http:\/\/www.si-hu.eu\/hu2\/javni-razpis\/navodila-za-prijavitelje-applicat-ion-pack-navodila-za-izvedbo-projektov\/#tab-id-6\" target=\"_blank\"><span style=\"color: #000000;\">T\u00e1j\u00e9koztat\u00e1si \u00e9s kommunik\u00e1ci\u00f3s ir\u00e1nyelvek <\/span>dokumentumot<\/a>.<\/p>\n<\/div><\/section><\/div><\/p>\n","protected":false},"excerpt":{"rendered":"","protected":false},"author":7,"featured_media":0,"parent":0,"menu_order":0,"comment_status":"closed","ping_status":"closed","template":"","meta":{"ngg_post_thumbnail":0},"acf":[],"_links":{"self":[{"href":"http:\/\/www.si-hu.eu\/hu2\/wp-json\/wp\/v2\/pages\/597"}],"collection":[{"href":"http:\/\/www.si-hu.eu\/hu2\/wp-json\/wp\/v2\/pages"}],"about":[{"href":"http:\/\/www.si-hu.eu\/hu2\/wp-json\/wp\/v2\/types\/page"}],"author":[{"embeddable":true,"href":"http:\/\/www.si-hu.eu\/hu2\/wp-json\/wp\/v2\/users\/7"}],"replies":[{"embeddable":true,"href":"http:\/\/www.si-hu.eu\/hu2\/wp-json\/wp\/v2\/comments?post=597"}],"version-history":[{"count":0,"href":"http:\/\/www.si-hu.eu\/hu2\/wp-json\/wp\/v2\/pages\/597\/revisions"}],"wp:attachment":[{"href":"http:\/\/www.si-hu.eu\/hu2\/wp-json\/wp\/v2\/media?parent=597"}],"curies":[{"name":"wp","href":"https:\/\/api.w.org\/{rel}","templated":true}]}}