{"id":640,"date":"2016-06-01T10:39:44","date_gmt":"2016-06-01T09:39:44","guid":{"rendered":"http:\/\/www.si-hu.eu\/hu2\/?page_id=640"},"modified":"2016-06-01T12:39:25","modified_gmt":"2016-06-01T11:39:25","slug":"2-monitoring-bizottsagi-ules","status":"publish","type":"page","link":"http:\/\/www.si-hu.eu\/hu2\/2-monitoring-bizottsagi-ules\/","title":{"rendered":"2. Monitoring Bizotts\u00e1gi \u00fcl\u00e9s"},"content":{"rendered":"<div id='layer_slider_1'  class='avia-layerslider main_color avia-shadow  avia-builder-el-0  el_before_av_one_full  avia-builder-el-first  container_wrap sidebar_right'  style='height: 471px;'  ><div id=\"layerslider_3_ulmqoledm2o5\" class=\"ls-wp-container fitvidsignore\" style=\"width:100%;height:470px;margin:0 auto;margin-bottom: 0px;\"><div class=\"ls-slide\" data-ls=\"duration:7000;transition2d:11,13,23;transition3d:all;\"><img width=\"1900\" height=\"600\" src=\"http:\/\/www.si-hu.eu\/hu2\/wp-content\/uploads\/sites\/10\/2015\/10\/slide-intereg-hu.jpg\" class=\"ls-bg\" alt=\"\" srcset=\"http:\/\/www.si-hu.eu\/hu2\/wp-content\/uploads\/sites\/10\/2015\/10\/slide-intereg-hu.jpg 1900w, http:\/\/www.si-hu.eu\/hu2\/wp-content\/uploads\/sites\/10\/2015\/10\/slide-intereg-hu-300x95.jpg 300w, http:\/\/www.si-hu.eu\/hu2\/wp-content\/uploads\/sites\/10\/2015\/10\/slide-intereg-hu-1030x325.jpg 1030w, http:\/\/www.si-hu.eu\/hu2\/wp-content\/uploads\/sites\/10\/2015\/10\/slide-intereg-hu-600x189.jpg 600w, http:\/\/www.si-hu.eu\/hu2\/wp-content\/uploads\/sites\/10\/2015\/10\/slide-intereg-hu-1500x474.jpg 1500w, http:\/\/www.si-hu.eu\/hu2\/wp-content\/uploads\/sites\/10\/2015\/10\/slide-intereg-hu-705x223.jpg 705w, http:\/\/www.si-hu.eu\/hu2\/wp-content\/uploads\/sites\/10\/2015\/10\/slide-intereg-hu-450x142.jpg 450w\" sizes=\"(max-width: 1900px) 100vw, 1900px\" \/><h2 style=\"padding-top:10px;padding-right:10px;padding-bottom:10px;padding-left:10px;color:#ffffff;background:#436f4d;border-radius:15px;top:140px;left:120px;\" class=\"ls-l ls-text-layer\" data-ls=\"offsetxin:80;offsetxout:-80;durationout:400;parallaxlevel:0;\">Interreg V-A Szlov&eacute;nia-Magyarorsz&aacute;g Egy&uuml;ttm&#369;k&ouml;d&eacute;si Program<\/h2><\/div><div class=\"ls-slide\" data-ls=\"duration:8000;\"><img width=\"1900\" height=\"600\" src=\"http:\/\/www.si-hu.eu\/hu2\/wp-content\/uploads\/sites\/10\/2015\/10\/slide-intereg-hu_02.jpg\" class=\"ls-bg\" alt=\"\" srcset=\"http:\/\/www.si-hu.eu\/hu2\/wp-content\/uploads\/sites\/10\/2015\/10\/slide-intereg-hu_02.jpg 1900w, http:\/\/www.si-hu.eu\/hu2\/wp-content\/uploads\/sites\/10\/2015\/10\/slide-intereg-hu_02-300x95.jpg 300w, http:\/\/www.si-hu.eu\/hu2\/wp-content\/uploads\/sites\/10\/2015\/10\/slide-intereg-hu_02-1030x325.jpg 1030w, http:\/\/www.si-hu.eu\/hu2\/wp-content\/uploads\/sites\/10\/2015\/10\/slide-intereg-hu_02-600x189.jpg 600w, http:\/\/www.si-hu.eu\/hu2\/wp-content\/uploads\/sites\/10\/2015\/10\/slide-intereg-hu_02-1500x474.jpg 1500w, http:\/\/www.si-hu.eu\/hu2\/wp-content\/uploads\/sites\/10\/2015\/10\/slide-intereg-hu_02-705x223.jpg 705w, http:\/\/www.si-hu.eu\/hu2\/wp-content\/uploads\/sites\/10\/2015\/10\/slide-intereg-hu_02-450x142.jpg 450w\" sizes=\"(max-width: 1900px) 100vw, 1900px\" \/><h2 style=\"padding-top:10px;padding-right:10px;padding-bottom:10px;padding-left:10px;color:#ffffff;background:#436f4d;top:140px;left:120px;\" class=\"ls-l ls-text-layer\" data-ls=\"offsetxin:80;offsetxout:-80;durationout:400;parallaxlevel:0;\">Interreg V-A Szlov&eacute;nia-Magyarorsz&aacute;g Egy&uuml;ttm&#369;k&ouml;d&eacute;si Program<\/h2><\/div><\/div><\/div><div id='after_layer_slider_1'  class='main_color av_default_container_wrap container_wrap sidebar_right'  ><div class='container av-section-cont-open' ><div class='template-page content  av-content-small alpha units'><div class='post-entry post-entry-type-page post-entry-640'><div class='entry-content-wrapper clearfix'>\n\n<style type=\"text\/css\" data-created_by=\"avia_inline_auto\" id=\"style-css-av-av_one_full-352b07ef7d3bc99b2e9f92e7a9e06bdb\">\n.flex_column.av-av_one_full-352b07ef7d3bc99b2e9f92e7a9e06bdb{\nborder-radius:0px 0px 0px 0px;\n-webkit-border-radius:0px 0px 0px 0px;\n-moz-border-radius:0px 0px 0px 0px;\n}\n<\/style>\n<div class='flex_column av-av_one_full-352b07ef7d3bc99b2e9f92e7a9e06bdb av_one_full  avia-builder-el-1  el_after_av_layerslider  avia-builder-el-no-sibling  first flex_column_div av-zero-column-padding '   ><section  class='av_textblock_section av-av_textblock-0366cc7376be6c9e82a3e9cc8987b64f'  itemscope=\"itemscope\" itemtype=\"https:\/\/schema.org\/CreativeWork\" ><div class='avia_textblock'  itemprop=\"text\" ><h3><strong><span style=\"color: #008000;\">2. Monitoring Bizotts\u00e1gi \u00fcl\u00e9s<\/span> <\/strong><\/h3>\n<p>A Monitoring Bizotts\u00e1g m\u00e1sodik \u00fcl\u00e9s\u00e9re 2016. m\u00e1jus 25-26-\u00e1n ker\u00fclt sor Keszthelyen, Magyarorsz\u00e1gon.<\/p>\n<p>A Monitoring Bizotts\u00e1g tagjai <strong>megismert\u00e9k a 2007-2013-as \u00e9s a 2014-2020-as programok v\u00e9grehajt\u00e1s\u00e1val kapcsolatos aktualit\u00e1sokat,<\/strong> t\u00e1j\u00e9koztat\u00e1st kaptak a program \u00e9s projekt tev\u00e9kenys\u00e9gek prom\u00f3ci\u00f3j\u00e1r\u00f3l \u00e9s a program EU Duna R\u00e9gi\u00f3 Strat\u00e9gi\u00e1hoz (EUSDR) val\u00f3 hozz\u00e1j\u00e1rul\u00e1s\u00e1r\u00f3l valamint az e-koh\u00e9zi\u00f3 v\u00e9grehajt\u00e1s\u00e1r\u00f3l a programon bel\u00fcl.<\/p>\n<p><strong>\u00a0<\/strong>A Monitoring Bizotts\u00e1g tagjai \u00fagy d\u00f6nt\u00f6ttek, hogy az Interreg V-A SI-HU EP kiv\u00e1laszt\u00e1si folyamata nem v\u00e1ltozik a k\u00f6vetkez\u0151 beny\u00fajt\u00e1si hat\u00e1rid\u0151re vonatkoz\u00f3an; megvitatt\u00e1k az Interreg V-A SI-HU EP T\u00e1mogat\u00e1si Szerz\u0151d\u00e9s\u00e9t \u00e9s \u00c9rt\u00e9kel\u00e9si Terv\u00e9t; valamint elfogadt\u00e1k az Interreg V-A SI-HU EP 2014\/2015 \u00e9vekre vonatkoz\u00f3 \u00c9ves V\u00e9grehajt\u00e1si Jelent\u00e9s\u00e9t, a 2016 \u00e9vre vonatkoz\u00f3 \u00c9ves Kommunik\u00e1ci\u00f3s Terv\u00e9t \u00e9s a Program \u00f6sszes Technikai Seg\u00edts\u00e9gny\u00fajt\u00e1s projektj\u00e9ben a p\u00e9nzeszk\u00f6z\u00f6k feloszt\u00e1s\u00e1t.<\/p>\n<p><strong>\u00a0Egyebek mellett <\/strong>a Monitoring Bizotts\u00e1g tagjai <strong>elutas\u00edtott\u00e1k az Interreg V-A SI-HU EP els\u0151 beny\u00fajt\u00e1si hat\u00e1ridej\u00e9re be\u00e9rkezett 35 darab adminisztrat\u00edv \u00e9s jogosults\u00e1gi szempontb\u00f3l nem megfelel\u0151 p\u00e1ly\u00e1zatot<\/strong> \u00e9s j\u00f3v\u00e1hagyt\u00e1k a Green Exercise r\u00f6vid c\u00edm\u0171 projektet az 1. priorit\u00e1si tengelyben.<\/p>\n<p>A d\u00f6nt\u00e9sek a csatolt dokumentumban \u00e9rhet\u0151k el.<\/p>\n<p><a href=\"http:\/\/www.si-hu.eu\/hu2\/wp-content\/uploads\/sites\/10\/2016\/06\/DONTES_2.-MB.pdf\">DONTES_2. MB<\/a><\/p>\n<\/div><\/section><\/div>\n","protected":false},"excerpt":{"rendered":"","protected":false},"author":7,"featured_media":0,"parent":0,"menu_order":0,"comment_status":"closed","ping_status":"closed","template":"","meta":{"ngg_post_thumbnail":0},"acf":[],"_links":{"self":[{"href":"http:\/\/www.si-hu.eu\/hu2\/wp-json\/wp\/v2\/pages\/640"}],"collection":[{"href":"http:\/\/www.si-hu.eu\/hu2\/wp-json\/wp\/v2\/pages"}],"about":[{"href":"http:\/\/www.si-hu.eu\/hu2\/wp-json\/wp\/v2\/types\/page"}],"author":[{"embeddable":true,"href":"http:\/\/www.si-hu.eu\/hu2\/wp-json\/wp\/v2\/users\/7"}],"replies":[{"embeddable":true,"href":"http:\/\/www.si-hu.eu\/hu2\/wp-json\/wp\/v2\/comments?post=640"}],"version-history":[{"count":1,"href":"http:\/\/www.si-hu.eu\/hu2\/wp-json\/wp\/v2\/pages\/640\/revisions"}],"predecessor-version":[{"id":4678,"href":"http:\/\/www.si-hu.eu\/hu2\/wp-json\/wp\/v2\/pages\/640\/revisions\/4678"}],"wp:attachment":[{"href":"http:\/\/www.si-hu.eu\/hu2\/wp-json\/wp\/v2\/media?parent=640"}],"curies":[{"name":"wp","href":"https:\/\/api.w.org\/{rel}","templated":true}]}}