{"id":662,"date":"2016-06-09T11:12:37","date_gmt":"2016-06-09T10:12:37","guid":{"rendered":"http:\/\/www.si-hu.eu\/hu2\/?page_id=662"},"modified":"2016-06-09T11:46:29","modified_gmt":"2016-06-09T10:46:29","slug":"662-2","status":"publish","type":"page","link":"http:\/\/www.si-hu.eu\/hu2\/662-2\/","title":{"rendered":"Workshop p\u00e1ly\u00e1z\u00f3knak a p\u00e1ly\u00e1zatok els\u0151 beny\u00fajt\u00e1si hat\u00e1ridej\u00e9nek keret\u00e9ben  Workshopok Magyarorsz\u00e1gon"},"content":{"rendered":"<div id='layer_slider_1'  class='avia-layerslider main_color avia-shadow  avia-builder-el-0  el_before_av_heading  avia-builder-el-first  container_wrap sidebar_right'  style='height: 471px;'  ><div id=\"layerslider_3_3xncnc35l0uu\" class=\"ls-wp-container fitvidsignore\" style=\"width:100%;height:470px;margin:0 auto;margin-bottom: 0px;\"><div class=\"ls-slide\" data-ls=\"duration:7000;transition2d:11,13,23;transition3d:all;\"><img width=\"1900\" height=\"600\" src=\"http:\/\/www.si-hu.eu\/hu2\/wp-content\/uploads\/sites\/10\/2015\/10\/slide-intereg-hu.jpg\" class=\"ls-bg\" alt=\"\" srcset=\"http:\/\/www.si-hu.eu\/hu2\/wp-content\/uploads\/sites\/10\/2015\/10\/slide-intereg-hu.jpg 1900w, http:\/\/www.si-hu.eu\/hu2\/wp-content\/uploads\/sites\/10\/2015\/10\/slide-intereg-hu-300x95.jpg 300w, http:\/\/www.si-hu.eu\/hu2\/wp-content\/uploads\/sites\/10\/2015\/10\/slide-intereg-hu-1030x325.jpg 1030w, http:\/\/www.si-hu.eu\/hu2\/wp-content\/uploads\/sites\/10\/2015\/10\/slide-intereg-hu-600x189.jpg 600w, http:\/\/www.si-hu.eu\/hu2\/wp-content\/uploads\/sites\/10\/2015\/10\/slide-intereg-hu-1500x474.jpg 1500w, http:\/\/www.si-hu.eu\/hu2\/wp-content\/uploads\/sites\/10\/2015\/10\/slide-intereg-hu-705x223.jpg 705w, http:\/\/www.si-hu.eu\/hu2\/wp-content\/uploads\/sites\/10\/2015\/10\/slide-intereg-hu-450x142.jpg 450w\" sizes=\"(max-width: 1900px) 100vw, 1900px\" \/><h2 style=\"padding-top:10px;padding-right:10px;padding-bottom:10px;padding-left:10px;color:#ffffff;background:#436f4d;border-radius:15px;top:140px;left:120px;\" class=\"ls-l ls-text-layer\" data-ls=\"offsetxin:80;offsetxout:-80;durationout:400;parallaxlevel:0;\">Interreg V-A Szlov&eacute;nia-Magyarorsz&aacute;g Egy&uuml;ttm&#369;k&ouml;d&eacute;si Program<\/h2><\/div><div class=\"ls-slide\" data-ls=\"duration:8000;\"><img width=\"1900\" height=\"600\" src=\"http:\/\/www.si-hu.eu\/hu2\/wp-content\/uploads\/sites\/10\/2015\/10\/slide-intereg-hu_02.jpg\" class=\"ls-bg\" alt=\"\" srcset=\"http:\/\/www.si-hu.eu\/hu2\/wp-content\/uploads\/sites\/10\/2015\/10\/slide-intereg-hu_02.jpg 1900w, http:\/\/www.si-hu.eu\/hu2\/wp-content\/uploads\/sites\/10\/2015\/10\/slide-intereg-hu_02-300x95.jpg 300w, http:\/\/www.si-hu.eu\/hu2\/wp-content\/uploads\/sites\/10\/2015\/10\/slide-intereg-hu_02-1030x325.jpg 1030w, http:\/\/www.si-hu.eu\/hu2\/wp-content\/uploads\/sites\/10\/2015\/10\/slide-intereg-hu_02-600x189.jpg 600w, http:\/\/www.si-hu.eu\/hu2\/wp-content\/uploads\/sites\/10\/2015\/10\/slide-intereg-hu_02-1500x474.jpg 1500w, http:\/\/www.si-hu.eu\/hu2\/wp-content\/uploads\/sites\/10\/2015\/10\/slide-intereg-hu_02-705x223.jpg 705w, http:\/\/www.si-hu.eu\/hu2\/wp-content\/uploads\/sites\/10\/2015\/10\/slide-intereg-hu_02-450x142.jpg 450w\" sizes=\"(max-width: 1900px) 100vw, 1900px\" \/><h2 style=\"padding-top:10px;padding-right:10px;padding-bottom:10px;padding-left:10px;color:#ffffff;background:#436f4d;top:140px;left:120px;\" class=\"ls-l ls-text-layer\" data-ls=\"offsetxin:80;offsetxout:-80;durationout:400;parallaxlevel:0;\">Interreg V-A Szlov&eacute;nia-Magyarorsz&aacute;g Egy&uuml;ttm&#369;k&ouml;d&eacute;si Program<\/h2><\/div><\/div><\/div><div id='after_layer_slider_1'  class='main_color av_default_container_wrap container_wrap sidebar_right'  ><div class='container av-section-cont-open' ><div class='template-page content  av-content-small alpha units'><div class='post-entry post-entry-type-page post-entry-662'><div class='entry-content-wrapper clearfix'>\n\n<style type=\"text\/css\" data-created_by=\"avia_inline_auto\" id=\"style-css-av-av_heading-650af334a495abb8863097b9293aee87\">\n#top .av-special-heading.av-av_heading-650af334a495abb8863097b9293aee87{\npadding-bottom:10px;\n}\nbody .av-special-heading.av-av_heading-650af334a495abb8863097b9293aee87 .av-special-heading-tag .heading-char{\nfont-size:25px;\n}\n.av-special-heading.av-av_heading-650af334a495abb8863097b9293aee87 .av-subheading{\nfont-size:15px;\n}\n<\/style>\n<div  class='av-special-heading av-av_heading-650af334a495abb8863097b9293aee87 av-special-heading-h3  avia-builder-el-1  el_after_av_layerslider  el_before_av_one_full  avia-builder-el-first '><h3 class='av-special-heading-tag'  itemprop=\"headline\"  >Workshop p\u00e1ly\u00e1z\u00f3knak a p\u00e1ly\u00e1zatok els\u0151 beny\u00fajt\u00e1si hat\u00e1ridej\u00e9nek keret\u00e9ben Workshopok Magyarorsz\u00e1gon<\/h3><div class=\"special-heading-border\"><div class=\"special-heading-inner-border\"><\/div><\/div><\/div>\n\n<style type=\"text\/css\" data-created_by=\"avia_inline_auto\" id=\"style-css-av-av_one_full-352b07ef7d3bc99b2e9f92e7a9e06bdb\">\n.flex_column.av-av_one_full-352b07ef7d3bc99b2e9f92e7a9e06bdb{\nborder-radius:0px 0px 0px 0px;\n-webkit-border-radius:0px 0px 0px 0px;\n-moz-border-radius:0px 0px 0px 0px;\n}\n<\/style>\n<div class='flex_column av-av_one_full-352b07ef7d3bc99b2e9f92e7a9e06bdb av_one_full  avia-builder-el-2  el_after_av_heading  avia-builder-el-last  first flex_column_div av-zero-column-padding '   ><section  class='av_textblock_section av-av_textblock-0366cc7376be6c9e82a3e9cc8987b64f'  itemscope=\"itemscope\" itemtype=\"https:\/\/schema.org\/CreativeWork\" ><div class='avia_textblock'  itemprop=\"text\" ><p>T\u00e1j\u00e9koztatjuk, hogy az Interreg V-A Szlov\u00e9nia-Magyarorsz\u00e1g Egy\u00fcttm\u0171k\u00f6d\u00e9si Program 2014-2020 keret\u00e9ben szervezett p\u00e1ly\u00e1z\u00f3i workshopra, mely 2016. j\u00fanius 14-\u00e9n Moravske Toplice-ben (Szlov\u00e9nia) ker\u00fcl megrendez\u00e9sre, a regisztr\u00e1ci\u00f3 mostant\u00f3l lehets\u00e9ges.<\/p>\n<p>A regisztr\u00e1ci\u00f3hoz k\u00e9rj\u00fck, t\u00f6ltse ki a workshop regisztr\u00e1ci\u00f3s \u0171rlapj\u00e1t a k\u00f6vetkez\u0151 linken: <a href=\"http:\/\/www.si-hu.eu\/en2\/prijava-na-delavnice\/\" target=\"_blank\" rel=\"noopener\">REGISZTR\u00c1CI\u00d3<\/a><\/p>\n<p>A workshop az Interreg V-A Szlov\u00e9nia-Magyarorsz\u00e1g Egy\u00fcttm\u0171k\u00f6d\u00e9si Program 2014-2020 keret\u00e9ben meghirdetett Ny\u00edlt P\u00e1ly\u00e1zati Felh\u00edv\u00e1s potenci\u00e1lis p\u00e1ly\u00e1z\u00f3inak sz\u00f3l. A rendezv\u00e9nyen b\u00e1rmely orsz\u00e1gb\u00f3l \u00e9rkez\u0151 \u00e9rdekl\u0151d\u0151 r\u00e9szt vehet (szimult\u00e1n tolm\u00e1csol\u00e1s biztos\u00edtott).<\/p>\n<p><a href=\"http:\/\/www.si-hu.eu\/hu2\/wp-content\/uploads\/sites\/10\/2016\/06\/VABILO_MEGHIVO_14.-6.-2016.pdf\">VABILO_MEGHIVO_14. 6. 2016<\/a><\/p>\n<\/div><\/section><\/div>\n","protected":false},"excerpt":{"rendered":"","protected":false},"author":7,"featured_media":0,"parent":0,"menu_order":0,"comment_status":"closed","ping_status":"closed","template":"","meta":{"ngg_post_thumbnail":0},"acf":[],"_links":{"self":[{"href":"http:\/\/www.si-hu.eu\/hu2\/wp-json\/wp\/v2\/pages\/662"}],"collection":[{"href":"http:\/\/www.si-hu.eu\/hu2\/wp-json\/wp\/v2\/pages"}],"about":[{"href":"http:\/\/www.si-hu.eu\/hu2\/wp-json\/wp\/v2\/types\/page"}],"author":[{"embeddable":true,"href":"http:\/\/www.si-hu.eu\/hu2\/wp-json\/wp\/v2\/users\/7"}],"replies":[{"embeddable":true,"href":"http:\/\/www.si-hu.eu\/hu2\/wp-json\/wp\/v2\/comments?post=662"}],"version-history":[{"count":0,"href":"http:\/\/www.si-hu.eu\/hu2\/wp-json\/wp\/v2\/pages\/662\/revisions"}],"wp:attachment":[{"href":"http:\/\/www.si-hu.eu\/hu2\/wp-json\/wp\/v2\/media?parent=662"}],"curies":[{"name":"wp","href":"https:\/\/api.w.org\/{rel}","templated":true}]}}