{"id":67,"date":"2015-10-02T22:08:14","date_gmt":"2015-10-02T21:08:14","guid":{"rendered":"http:\/\/84.39.218.252\/si2\/?page_id=67"},"modified":"2016-09-23T08:18:00","modified_gmt":"2016-09-23T07:18:00","slug":"publikacije-predhodnih-programov-sodelovanja","status":"publish","type":"page","link":"http:\/\/www.si-hu.eu\/hu2\/projektek\/publikacije-predhodnih-programov-sodelovanja\/","title":{"rendered":"Publikacije predhodnih programov sodelovanja"},"content":{"rendered":"<div id='layer_slider_1'  class='avia-layerslider main_color avia-shadow  avia-builder-el-0  el_before_av_one_full  avia-builder-el-first  container_wrap sidebar_right'  style='height: 151px;'  ><div id=\"layerslider_4_a7yey9sikz13\" class=\"ls-wp-container fitvidsignore\" style=\"width:1600px;height:150px;margin:0 auto;margin-bottom: 0px;\"><div class=\"ls-slide\" data-ls=\"duration:5000;\"><img width=\"2048\" height=\"321\" src=\"http:\/\/www.si-hu.eu\/hu2\/wp-content\/uploads\/sites\/10\/layerslider\/ENSubSlider\/Clouds.jpg\" class=\"ls-bg\" alt=\"\" srcset=\"http:\/\/www.si-hu.eu\/hu2\/wp-content\/uploads\/sites\/10\/layerslider\/ENSubSlider\/Clouds.jpg 2048w, http:\/\/www.si-hu.eu\/hu2\/wp-content\/uploads\/sites\/10\/layerslider\/ENSubSlider\/Clouds-300x47.jpg 300w, http:\/\/www.si-hu.eu\/hu2\/wp-content\/uploads\/sites\/10\/layerslider\/ENSubSlider\/Clouds-1030x161.jpg 1030w, http:\/\/www.si-hu.eu\/hu2\/wp-content\/uploads\/sites\/10\/layerslider\/ENSubSlider\/Clouds-600x94.jpg 600w, http:\/\/www.si-hu.eu\/hu2\/wp-content\/uploads\/sites\/10\/layerslider\/ENSubSlider\/Clouds-1500x235.jpg 1500w, http:\/\/www.si-hu.eu\/hu2\/wp-content\/uploads\/sites\/10\/layerslider\/ENSubSlider\/Clouds-705x111.jpg 705w, http:\/\/www.si-hu.eu\/hu2\/wp-content\/uploads\/sites\/10\/layerslider\/ENSubSlider\/Clouds-450x71.jpg 450w\" sizes=\"(max-width: 2048px) 100vw, 2048px\" \/><h2 style=\"padding-top:10px;padding-right:10px;padding-bottom:10px;padding-left:10px;color:#ffffff;background:#436f4d;border-radius:15px;top:80px;left:40px;\" class=\"ls-l ls-text-layer\" data-ls=\"offsetxin:80;offsetxout:-80;durationout:400;parallaxlevel:0;\">Interreg V-A Szlov&eacute;nia-Magyarorsz&aacute;g Egy&uuml;ttm&#369;k&ouml;d&eacute;si Program<\/h2><\/div><div class=\"ls-slide\" data-ls=\"duration:4000;\"><img width=\"1600\" height=\"150\" src=\"http:\/\/www.si-hu.eu\/hu2\/wp-content\/uploads\/sites\/10\/layerslider\/ENSubSlider\/lipa.png\" class=\"ls-bg\" alt=\"\" srcset=\"http:\/\/www.si-hu.eu\/hu2\/wp-content\/uploads\/sites\/10\/layerslider\/ENSubSlider\/lipa.png 1600w, http:\/\/www.si-hu.eu\/hu2\/wp-content\/uploads\/sites\/10\/layerslider\/ENSubSlider\/lipa-300x28.png 300w, http:\/\/www.si-hu.eu\/hu2\/wp-content\/uploads\/sites\/10\/layerslider\/ENSubSlider\/lipa-1030x97.png 1030w, http:\/\/www.si-hu.eu\/hu2\/wp-content\/uploads\/sites\/10\/layerslider\/ENSubSlider\/lipa-600x56.png 600w, http:\/\/www.si-hu.eu\/hu2\/wp-content\/uploads\/sites\/10\/layerslider\/ENSubSlider\/lipa-1500x141.png 1500w, http:\/\/www.si-hu.eu\/hu2\/wp-content\/uploads\/sites\/10\/layerslider\/ENSubSlider\/lipa-705x66.png 705w, http:\/\/www.si-hu.eu\/hu2\/wp-content\/uploads\/sites\/10\/layerslider\/ENSubSlider\/lipa-450x42.png 450w\" sizes=\"(max-width: 1600px) 100vw, 1600px\" \/><h2 style=\"padding-top:10px;padding-right:10px;padding-bottom:10px;padding-left:10px;color:#ffffff;background:#436f4d;border-radius:15px;top:25px;left:600px;\" class=\"ls-l ls-text-layer\" data-ls=\"offsetxin:80;offsetxout:-80;durationout:400;parallaxlevel:0;\">Interreg V-A Szlov&eacute;nia-Magyarorsz&aacute;g Egy&uuml;ttm&#369;k&ouml;d&eacute;si Program<\/h2><\/div><\/div><\/div><div id='after_layer_slider_1'  class='main_color av_default_container_wrap container_wrap sidebar_right'  ><div class='container av-section-cont-open' ><div class='template-page content  av-content-small alpha units'><div class='post-entry post-entry-type-page post-entry-67'><div class='entry-content-wrapper clearfix'>\n\n<style type=\"text\/css\" data-created_by=\"avia_inline_auto\" id=\"style-css-av-av_one_full-352b07ef7d3bc99b2e9f92e7a9e06bdb\">\n.flex_column.av-av_one_full-352b07ef7d3bc99b2e9f92e7a9e06bdb{\nborder-radius:0px 0px 0px 0px;\n-webkit-border-radius:0px 0px 0px 0px;\n-moz-border-radius:0px 0px 0px 0px;\n}\n<\/style>\n<div class='flex_column av-av_one_full-352b07ef7d3bc99b2e9f92e7a9e06bdb av_one_full  avia-builder-el-1  el_after_av_layerslider  el_before_av_heading  avia-builder-el-first  first flex_column_div av-zero-column-padding '   ><section  class='av_textblock_section av-av_textblock-0366cc7376be6c9e82a3e9cc8987b64f'  itemscope=\"itemscope\" itemtype=\"https:\/\/schema.org\/CreativeWork\" ><div class='avia_textblock'  itemprop=\"text\" ><h3>KOR\u00c1BBI EGY\u00dcTTM\u0170K\u00d6D\u00c9SI PROGRAMOK KIADV\u00c1NYAI<\/h3>\n<\/div><\/section><\/div>\n\n<style type=\"text\/css\" data-created_by=\"avia_inline_auto\" id=\"style-css-av-av_heading-05451d223cfae140dd4f52655316b23a\">\n#top .av-special-heading.av-av_heading-05451d223cfae140dd4f52655316b23a{\npadding-bottom:10px;\n}\nbody .av-special-heading.av-av_heading-05451d223cfae140dd4f52655316b23a .av-special-heading-tag .heading-char{\nfont-size:25px;\n}\n.av-special-heading.av-av_heading-05451d223cfae140dd4f52655316b23a .av-subheading{\nfont-size:15px;\n}\n<\/style>\n<div  class='av-special-heading av-av_heading-05451d223cfae140dd4f52655316b23a av-special-heading-h3  avia-builder-el-3  el_after_av_one_full  el_before_av_two_fifth '><h3 class='av-special-heading-tag'  itemprop=\"headline\"  >Tarsfinanszirozott projektek gyujtemenye OP SI-HU 2007-2013<\/h3><div class=\"special-heading-border\"><div class=\"special-heading-inner-border\"><\/div><\/div><\/div>\n\n<style type=\"text\/css\" data-created_by=\"avia_inline_auto\" id=\"style-css-av-av_two_fifth-352b07ef7d3bc99b2e9f92e7a9e06bdb\">\n.flex_column.av-av_two_fifth-352b07ef7d3bc99b2e9f92e7a9e06bdb{\nborder-radius:0px 0px 0px 0px;\n-webkit-border-radius:0px 0px 0px 0px;\n-moz-border-radius:0px 0px 0px 0px;\n}\n<\/style>\n<div class='flex_column av-av_two_fifth-352b07ef7d3bc99b2e9f92e7a9e06bdb av_two_fifth  avia-builder-el-4  el_after_av_heading  el_before_av_three_fifth  first flex_column_div av-zero-column-padding '   ><section  class='av_textblock_section av-av_textblock-0366cc7376be6c9e82a3e9cc8987b64f'  itemscope=\"itemscope\" itemtype=\"https:\/\/schema.org\/CreativeWork\" ><div class='avia_textblock'  itemprop=\"text\" ><div class=\"wpfilebase-file-default\" onclick=\"if('undefined' == typeof event.target.href) document.getElementById('wpfb-file-link-1').click();\">\r\n  <div class=\"icon\"><a href=\"http:\/\/www.si-hu.eu\/hu2\/download\/Tarsfinanszirozott%20projektek%20gyujtemenye%20OP%20SI-HU%202007-2013.pdf\" target=\"_blank\" title=\"Download Tarsfinanszirozott Projektek Gyujtemenye OP SI-HU 2007-2013\"><img align=\"middle\" src=\"http:\/\/www.si-hu.eu\/hu2\/?wpfilebase_thumbnail=1&amp;fid=6&amp;name=thumb_brosura-89x120.jpg\" alt=\"Tarsfinanszirozott Projektek Gyujtemenye OP SI-HU 2007-2013\" \/><\/a><\/div>\r\n  <div class=\"filetitle\">\r\n    <a href=\"http:\/\/www.si-hu.eu\/hu2\/download\/Tarsfinanszirozott%20projektek%20gyujtemenye%20OP%20SI-HU%202007-2013.pdf\" title=\"Download Tarsfinanszirozott Projektek Gyujtemenye OP SI-HU 2007-2013\" target=\"_blank\" id=\"wpfb-file-link-1\">Tarsfinanszirozott Projektek Gyujtemenye OP SI-HU 2007-2013<\/a>\r\n    \r\n    <br \/>\r\n    Tarsfinanszirozott projektek gyujtemenye OP SI-HU 2007-2013.pdf<br \/>\r\n    \r\n  <\/div>\r\n  <div class=\"info\">\r\n    10.8 MiB<br \/>\r\n    1063 Downloads<br \/>\r\n    <a href=\"#\" onclick=\"return wpfilebase_filedetails(1);\">Podrobnosti<\/a>\r\n  <\/div>\r\n  <div class=\"details\" id=\"wpfilebase-filedetails1\" style=\"display: none;\">\r\n  \r\n  <table border=\"0\">\r\n   \r\n   \r\n   \r\n   \r\n   \r\n   \r\n   <tr><td><strong>Datum:<\/strong><\/td><td>31. 5. 2016<\/td><\/tr>\r\n  <\/table>\r\n  <\/div>\r\n <div style=\"clear: both;\"><\/div>\r\n<\/div>\n<\/div><\/section><\/div>\n\n<style type=\"text\/css\" data-created_by=\"avia_inline_auto\" id=\"style-css-av-av_three_fifth-2a64de42b738552fe666ca889af77e28\">\n.flex_column.av-av_three_fifth-2a64de42b738552fe666ca889af77e28{\nborder-radius:0px 0px 0px 0px;\n-webkit-border-radius:0px 0px 0px 0px;\n-moz-border-radius:0px 0px 0px 0px;\n}\n<\/style>\n<div class='flex_column av-av_three_fifth-2a64de42b738552fe666ca889af77e28 av_three_fifth  avia-builder-el-6  el_after_av_two_fifth  el_before_av_heading  flex_column_div av-zero-column-padding '   ><\/div>\n\n<style type=\"text\/css\" data-created_by=\"avia_inline_auto\" id=\"style-css-av-av_heading-07eb0de2cab2b0d3668cb11645333838\">\n#top .av-special-heading.av-av_heading-07eb0de2cab2b0d3668cb11645333838{\npadding-bottom:10px;\n}\nbody .av-special-heading.av-av_heading-07eb0de2cab2b0d3668cb11645333838 .av-special-heading-tag .heading-char{\nfont-size:25px;\n}\n.av-special-heading.av-av_heading-07eb0de2cab2b0d3668cb11645333838 .av-subheading{\nfont-size:15px;\n}\n<\/style>\n<div  class='av-special-heading av-av_heading-07eb0de2cab2b0d3668cb11645333838 av-special-heading-h3  avia-builder-el-7  el_after_av_three_fifth  el_before_av_two_fifth '><h3 class='av-special-heading-tag'  itemprop=\"headline\"  >Z\u00e1r\u00f3 \u00e9rt\u00e9kel\u00e9si jelent\u00e9s OP SI-HU 2007-2013<\/h3><div class=\"special-heading-border\"><div class=\"special-heading-inner-border\"><\/div><\/div><\/div>\n\n<style type=\"text\/css\" data-created_by=\"avia_inline_auto\" id=\"style-css-av-av_two_fifth-352b07ef7d3bc99b2e9f92e7a9e06bdb\">\n.flex_column.av-av_two_fifth-352b07ef7d3bc99b2e9f92e7a9e06bdb{\nborder-radius:0px 0px 0px 0px;\n-webkit-border-radius:0px 0px 0px 0px;\n-moz-border-radius:0px 0px 0px 0px;\n}\n<\/style>\n<div class='flex_column av-av_two_fifth-352b07ef7d3bc99b2e9f92e7a9e06bdb av_two_fifth  avia-builder-el-8  el_after_av_heading  el_before_av_heading  first flex_column_div av-zero-column-padding '   ><section  class='av_textblock_section av-av_textblock-0366cc7376be6c9e82a3e9cc8987b64f'  itemscope=\"itemscope\" itemtype=\"https:\/\/schema.org\/CreativeWork\" ><div class='avia_textblock'  itemprop=\"text\" ><div class=\"wpfilebase-file-default\" onclick=\"if('undefined' == typeof event.target.href) document.getElementById('wpfb-file-link-2').click();\">\r\n  <div class=\"icon\"><a href=\"http:\/\/www.si-hu.eu\/hu2\/download\/Zaro%20ertekelesi%20jelentes%20OP%20SI-HU%202007-2013.pdf\" target=\"_blank\" title=\"Download Z\u00e1r\u00f3 \u00e9rt\u00e9kel\u00e9si jelent\u00e9s OP SI-HU 2007-2013\"><img align=\"middle\" src=\"http:\/\/www.si-hu.eu\/hu2\/?wpfilebase_thumbnail=1&amp;fid=7&amp;name=thumb_evalvacija-87x120.jpg\" alt=\"Z\u00e1r\u00f3 \u00e9rt\u00e9kel\u00e9si jelent\u00e9s OP SI-HU 2007-2013\" \/><\/a><\/div>\r\n  <div class=\"filetitle\">\r\n    <a href=\"http:\/\/www.si-hu.eu\/hu2\/download\/Zaro%20ertekelesi%20jelentes%20OP%20SI-HU%202007-2013.pdf\" title=\"Download Z\u00e1r\u00f3 \u00e9rt\u00e9kel\u00e9si jelent\u00e9s OP SI-HU 2007-2013\" target=\"_blank\" id=\"wpfb-file-link-2\">Z\u00e1r\u00f3 \u00e9rt\u00e9kel\u00e9si jelent\u00e9s OP SI-HU 2007-2013<\/a>\r\n    \r\n    <br \/>\r\n    Zaro ertekelesi jelentes OP SI-HU 2007-2013.pdf<br \/>\r\n    \r\n  <\/div>\r\n  <div class=\"info\">\r\n    2.0 MiB<br \/>\r\n    403 Downloads<br \/>\r\n    <a href=\"#\" onclick=\"return wpfilebase_filedetails(2);\">Podrobnosti<\/a>\r\n  <\/div>\r\n  <div class=\"details\" id=\"wpfilebase-filedetails2\" style=\"display: none;\">\r\n  \r\n  <table border=\"0\">\r\n   \r\n   \r\n   \r\n   \r\n   \r\n   \r\n   <tr><td><strong>Datum:<\/strong><\/td><td>19. 7. 2016<\/td><\/tr>\r\n  <\/table>\r\n  <\/div>\r\n <div style=\"clear: both;\"><\/div>\r\n<\/div>\n<\/div><\/section><\/div>\n\n<style type=\"text\/css\" data-created_by=\"avia_inline_auto\" id=\"style-css-av-av_heading-2d2fc9ea9900f6b26def28928ec68e43\">\n#top .av-special-heading.av-av_heading-2d2fc9ea9900f6b26def28928ec68e43{\npadding-bottom:10px;\n}\nbody .av-special-heading.av-av_heading-2d2fc9ea9900f6b26def28928ec68e43 .av-special-heading-tag .heading-char{\nfont-size:25px;\n}\n.av-special-heading.av-av_heading-2d2fc9ea9900f6b26def28928ec68e43 .av-subheading{\nfont-size:15px;\n}\n<\/style>\n<div  class='av-special-heading av-av_heading-2d2fc9ea9900f6b26def28928ec68e43 av-special-heading-h3  avia-builder-el-10  el_after_av_two_fifth  el_before_av_one_full '><h3 class='av-special-heading-tag'  itemprop=\"headline\"  >A 2007-13-as ETE programok ut\u00f3lagos \u00e9rt\u00e9kel\u00e9se <\/h3><div class=\"special-heading-border\"><div class=\"special-heading-inner-border\"><\/div><\/div><\/div>\n\n<style type=\"text\/css\" data-created_by=\"avia_inline_auto\" id=\"style-css-av-av_one_full-352b07ef7d3bc99b2e9f92e7a9e06bdb\">\n.flex_column.av-av_one_full-352b07ef7d3bc99b2e9f92e7a9e06bdb{\nborder-radius:0px 0px 0px 0px;\n-webkit-border-radius:0px 0px 0px 0px;\n-moz-border-radius:0px 0px 0px 0px;\n}\n<\/style>\n<div class='flex_column av-av_one_full-352b07ef7d3bc99b2e9f92e7a9e06bdb av_one_full  avia-builder-el-11  el_after_av_heading  avia-builder-el-last  first flex_column_div av-zero-column-padding '   ><section  class='av_textblock_section av-av_textblock-0366cc7376be6c9e82a3e9cc8987b64f'  itemscope=\"itemscope\" itemtype=\"https:\/\/schema.org\/CreativeWork\" ><div class='avia_textblock'  itemprop=\"text\" ><p>Az Eur\u00f3pai Bizotts\u00e1g k\u00f6zz\u00e9tette a 2007-2013 programoz\u00e1si id\u0151szak ETE programjainak ut\u00f3lagos \u00e9rt\u00e9kel\u00e9s\u00e9t. Az \u00e9rt\u00e9kel\u00e9s <a href=\"http:\/\/ec.europa.eu\/regional_policy\/en\/policy\/evaluations\/ec\/2007-2013\/#1\" target=\"_blank\" rel=\"noopener\"><u>itt<\/u><\/a> tal\u00e1lhat\u00f3.<\/p>\n<\/div><\/section><\/div>\n","protected":false},"excerpt":{"rendered":"","protected":false},"author":3,"featured_media":0,"parent":61,"menu_order":0,"comment_status":"closed","ping_status":"closed","template":"","meta":{"ngg_post_thumbnail":0},"acf":[],"_links":{"self":[{"href":"http:\/\/www.si-hu.eu\/hu2\/wp-json\/wp\/v2\/pages\/67"}],"collection":[{"href":"http:\/\/www.si-hu.eu\/hu2\/wp-json\/wp\/v2\/pages"}],"about":[{"href":"http:\/\/www.si-hu.eu\/hu2\/wp-json\/wp\/v2\/types\/page"}],"author":[{"embeddable":true,"href":"http:\/\/www.si-hu.eu\/hu2\/wp-json\/wp\/v2\/users\/3"}],"replies":[{"embeddable":true,"href":"http:\/\/www.si-hu.eu\/hu2\/wp-json\/wp\/v2\/comments?post=67"}],"version-history":[{"count":0,"href":"http:\/\/www.si-hu.eu\/hu2\/wp-json\/wp\/v2\/pages\/67\/revisions"}],"up":[{"embeddable":true,"href":"http:\/\/www.si-hu.eu\/hu2\/wp-json\/wp\/v2\/pages\/61"}],"wp:attachment":[{"href":"http:\/\/www.si-hu.eu\/hu2\/wp-json\/wp\/v2\/media?parent=67"}],"curies":[{"name":"wp","href":"https:\/\/api.w.org\/{rel}","templated":true}]}}